{"id":58522,"date":"2026-02-04T19:26:11","date_gmt":"2026-02-04T19:26:11","guid":{"rendered":"https:\/\/testwebsite.citygame.com\/games\/unknown-location\/sherlock-holmes-hasselt\/"},"modified":"2026-04-08T02:23:31","modified_gmt":"2026-04-08T02:23:31","slug":"sherlock-holmes-hasselt","status":"publish","type":"product","link":"https:\/\/testwebsite.citygame.com\/lt\/games\/hasselt\/sherlock-holmes-hasselt\/","title":{"rendered":"Sherlock Holmes Hasselt"},"content":{"rendered":"<p>\u017denkite \u012f Sherlock Holmeso pasaul\u012f ir pasinerkite \u012f savaranki\u0161k\u0105, istorija paremt\u0105 \u017emog\u017eudyst\u0117s paslapties miesto \u017eaidim\u0105 (City Game), vykstant\u012f istoriniame Hasselt miesto centre. Eidami jo gatv\u0117mis, atskleisite besivystant\u012f pasakojim\u0105 apie krauj\u0105 stingdan\u010di\u0105 \u017emog\u017eudyst\u0119, \u012fvykusi\u0105 per Liberty Festival, rinksite \u012fkal\u010dius, spr\u0119site sud\u0117tingas m\u012fsles ir apklausin\u0117site skaitmeninius \u012ftariamuosius. Tur\u0117dami laisv\u0119 tirti savo tempu, \u0161i \u012ftraukianti detektyvin\u0117 patirtis paver\u010dia Hasselt jaudinan\u010dios bylos vieta, laukian\u010dia j\u016bs\u0173 a\u0161triausio m\u0105stymo.<\/p>\n","protected":false},"excerpt":{"rendered":"<p>\u012esik\u016bnykite \u012f paslapting\u0105sias Sherlock Holmeso p\u0117das ir imkit\u0117s jaudinan\u010dios, savaranki\u0161kos \u017emog\u017eudyst\u0117s paslapties istorijos Hasselt mieste. Pasinerdami \u012f \u017eaidim\u0105, pagr\u012fst\u0105 \u012fkal\u010diais, sujunkite m\u012fslingas m\u012fsles, bendradarbiaukite su savo komanda ir atskleiskite ties\u0105, kol nesibaig\u0117 laikas!<\/p>\n","protected":false},"featured_media":10477,"template":"","meta":{"_acf_changed":false,"_yoast_wpseo_focuskw":"Sherlock Holmes Hasselt","_yoast_wpseo_metadesc":"Sherlock Holmes Hasselt. \u017daiskite savaranki\u0161k\u0105 \u017emog\u017eudyst\u0117s paslapties miesto \u017eaidim\u0105 (City Game), spr\u0119skite m\u012fsles, sekite \u012fkal\u010diais ir savo tempu atskleiskite \u017eudik\u0105!","_kad_blocks_custom_css":"","_kad_blocks_head_custom_js":"","_kad_blocks_body_custom_js":"","_kad_blocks_footer_custom_js":"","ghostkit_customizer_options":"","ghostkit_custom_css":"","ghostkit_custom_js_head":"","ghostkit_custom_js_foot":"","ghostkit_typography":"","_kad_post_transparent":"","_kad_post_title":"","_kad_post_layout":"","_kad_post_sidebar_id":"","_kad_post_content_style":"","_kad_post_vertical_padding":"","_kad_post_feature":"","_kad_post_feature_position":"","_kad_post_header":false,"_kad_post_footer":false,"_kad_post_classname":"","_links_to":"","_links_to_target":""},"game-concept":[783],"location":[194],"product_brand":[],"product_cat":[27],"product_tag":[],"class_list":{"0":"post-58522","1":"product","2":"type-product","3":"status-publish","4":"has-post-thumbnail","6":"game-concept-sherlock","7":"location-hasselt","8":"product_cat-geen-categorie","10":"first","11":"instock","12":"shipping-taxable","13":"purchasable","14":"product-type-simple","15":"entry","16":"content-bg","17":"loop-entry"},"acf":{"full_bokun_product_name":"Hasselt Self-Guided Sherlock Holmes Murder Mystery Game","location_name":"Hasselt","bokun_calendar_widget_code":"<script type=\"text\/javascript\" src=\"https:\/\/widgets.bokun.io\/assets\/javascripts\/apps\/build\/BokunWidgetsLoader.js?bookingChannelUUID=a1e93e96-5232-4734-a595-28405f4b5a31\" async><\/script>\n     \n    <div class=\"bokunWidget\" data-src=\"https:\/\/widgets.bokun.io\/online-sales\/a1e93e96-5232-4734-a595-28405f4b5a31\/experience-calendar\/731187\"><\/div>\n    <noscript>Please enable javascript in your browser to book<\/noscript>","bokun_button_widget_code":"<script type=\"text\/javascript\" src=\"https:\/\/widgets.bokun.io\/assets\/javascripts\/apps\/build\/BokunWidgetsLoader.js?bookingChannelUUID=a1e93e96-5232-4734-a595-28405f4b5a31\" async><\/script>\n      <style> #bokun_ed001e45_5927_4f62_b470_ca766338d083 { display: inline-block; padding: .4em 1em; background: #47b82e; border-radius: 999999px; box-shadow: none; font-weight: 600; font-size: 24px; text-decoration: none; text-align: center; color: #FFFFFF; border:none; cursor: pointer; transition: background .2s ease; } #bokun_ed001e45_5927_4f62_b470_ca766338d083:hover{ background: #2f7b1f; } #bokun_ed001e45_5927_4f62_b470_ca766338d083:active{ background: #378f24; } <\/style> <button class=\"bokunButton\" disabled id=bokun_ed001e45_5927_4f62_b470_ca766338d083 data-src=\"https:\/\/widgets.bokun.io\/online-sales\/a1e93e96-5232-4734-a595-28405f4b5a31\/experience-calendar\/731187?partialView=1\" data-testid=\"widget-book-button\" > Book now <\/button> ","what_you\u2019ll_experience_during_the_game":"J\u016bs pasineriate \u012f jaudinan\u010di\u0105 detektyvin\u0119 istorij\u0105, vykstan\u010di\u0105 Hasselt \u0161irdyje, kur paslaptinga \u017emog\u017eudyst\u0117 sutrikdo kasmetin\u012f Liberty Festival. Eidami per miest\u0105, istorija atsiskleid\u017eia aplink jus, \u012ftraukdama \u012f paslap\u010di\u0173, pasl\u0117pt\u0173 motyv\u0173 ir netik\u0117t\u0173 pos\u016bki\u0173 tinkl\u0105. J\u016bs renkate \u012fkal\u010dius, sprend\u017eiate gudrias m\u012fsles ir sekate tyrim\u0105, kad ir kur jis vest\u0173, naudodamiesi tik savo instinktais ir a\u0161tria akimi detal\u0117ms.\n\nKiekvienas j\u016bs\u0173 priimtas sprendimas pagilina byl\u0105. J\u016bs apklausin\u0117site skaitmeninius \u012ftariamuosius, analizuosime alibi ir nustatysite prie\u0161taravimus, kurie gali pla\u010diai atverti paslapt\u012f. J\u016bs\u0173 tikslas \u2013 atskleisti ties\u0105 u\u017e festivalio nusikaltimo, ta\u010diau kelias niekada neb\u016bna tiesus. Patirtis yra visi\u0161kai pastatyta ant besivystan\u010dio pasakojimo, sutelkto \u012f steb\u0117jim\u0105, kritin\u012f m\u0105stym\u0105 ir dedukcij\u0105. \u017daidim\u0105 galite pristabdyti bet kuriuo metu ir t\u0119sti, kai b\u016bsite pasiruo\u0161\u0119, \u017eaisdami visi\u0161kai savo tempu. Jei esate grup\u0117je, galite netgi m\u0117gautis konkurencingumu, lenktyniaudami, kas grei\u010diau i\u0161spr\u0119s byl\u0105.","how_to_play":"\u017daiskite vienas arba su draugais, \u0161eima ar kolegomis komandose, iki keturi\u0173 \u017emoni\u0173 viename \u012frenginyje. U\u017esisakius, gausite instrukcij\u0173 el. lai\u0161k\u0105 su viskuo, ko jums reikia.","start_location":"Hasselt, Historisch stadhuis","available_languages":["en","es","fr","de","it","nl"],"players_per_group":"1-4","duration":"1.5-2 hours","image_overlay_color_image":"https:\/\/testwebsite.citygame.com\/wp-content\/blogs.dir\/1\/files\/sites\/62\/2026\/01\/SherlockColor.svg","image_overlay_game_logo":"https:\/\/testwebsite.citygame.com\/wp-content\/blogs.dir\/1\/files\/sites\/62\/2026\/01\/SherlockLogo.png","city_page":6589,"woocommerce_general_content":null},"yoast_head":"<!-- This site is optimized with the Yoast SEO Premium plugin v26.2 (Yoast SEO v26.3) - https:\/\/yoast.com\/wordpress\/plugins\/seo\/ -->\n<title>Sherlock Holmes Hasselt - City Game<\/title>\n<meta name=\"description\" content=\"Sherlock Holmes Hasselt. \u017daiskite savaranki\u0161k\u0105 \u017emog\u017eudyst\u0117s paslapties miesto \u017eaidim\u0105 (City Game), spr\u0119skite m\u012fsles, sekite \u012fkal\u010diais ir savo tempu atskleiskite \u017eudik\u0105!\" \/>\n<meta name=\"robots\" content=\"noindex, follow, max-snippet:-1, max-image-preview:large, max-video-preview:-1\" \/>\n<meta property=\"og:locale\" content=\"lt_LT\" \/>\n<meta property=\"og:type\" content=\"article\" \/>\n<meta property=\"og:title\" content=\"Sherlock Holmes Hasselt\" \/>\n<meta property=\"og:description\" content=\"Sherlock Holmes Hasselt. \u017daiskite savaranki\u0161k\u0105 \u017emog\u017eudyst\u0117s paslapties miesto \u017eaidim\u0105 (City Game), spr\u0119skite m\u012fsles, sekite \u012fkal\u010diais ir savo tempu atskleiskite \u017eudik\u0105!\" \/>\n<meta property=\"og:url\" content=\"https:\/\/testwebsite.citygame.com\/lt\/games\/hasselt\/sherlock-holmes-hasselt\/\" \/>\n<meta property=\"og:site_name\" content=\"City Game\" \/>\n<meta property=\"article:publisher\" content=\"https:\/\/www.facebook.com\/profile.php?id=100086426226253\" \/>\n<meta property=\"article:modified_time\" content=\"2026-04-08T02:23:31+00:00\" \/>\n<meta property=\"og:image\" content=\"https:\/\/testwebsite.citygame.com\/wp-content\/blogs.dir\/1\/files\/sites\/62\/2026\/02\/woman-playing-sherlock-city-game-on-phone-hasselt.jpg\" \/>\n\t<meta property=\"og:image:width\" content=\"1344\" \/>\n\t<meta property=\"og:image:height\" content=\"768\" \/>\n\t<meta property=\"og:image:type\" content=\"image\/jpeg\" \/>\n<meta name=\"twitter:card\" content=\"summary_large_image\" \/>\n<script type=\"application\/ld+json\" class=\"yoast-schema-graph\">{\"@context\":\"https:\/\/schema.org\",\"@graph\":[{\"@type\":\"WebPage\",\"@id\":\"https:\/\/testwebsite.citygame.com\/lt\/games\/hasselt\/sherlock-holmes-hasselt\/\",\"url\":\"https:\/\/testwebsite.citygame.com\/lt\/games\/hasselt\/sherlock-holmes-hasselt\/\",\"name\":\"Sherlock Holmes Hasselt - City Game\",\"isPartOf\":{\"@id\":\"https:\/\/testwebsite.upevents.nl\/#website\"},\"primaryImageOfPage\":{\"@id\":\"https:\/\/testwebsite.citygame.com\/lt\/games\/hasselt\/sherlock-holmes-hasselt\/#primaryimage\"},\"image\":{\"@id\":\"https:\/\/testwebsite.citygame.com\/lt\/games\/hasselt\/sherlock-holmes-hasselt\/#primaryimage\"},\"thumbnailUrl\":\"https:\/\/testwebsite.citygame.com\/wp-content\/blogs.dir\/1\/files\/sites\/62\/2026\/02\/woman-playing-sherlock-city-game-on-phone-hasselt.jpg\",\"datePublished\":\"2026-02-04T19:26:11+00:00\",\"dateModified\":\"2026-04-08T02:23:31+00:00\",\"description\":\"Sherlock Holmes Hasselt. \u017daiskite savaranki\u0161k\u0105 \u017emog\u017eudyst\u0117s paslapties miesto \u017eaidim\u0105 (City Game), spr\u0119skite m\u012fsles, sekite \u012fkal\u010diais ir savo tempu atskleiskite \u017eudik\u0105!\",\"breadcrumb\":{\"@id\":\"https:\/\/testwebsite.citygame.com\/lt\/games\/hasselt\/sherlock-holmes-hasselt\/#breadcrumb\"},\"inLanguage\":\"lt-LT\",\"potentialAction\":[{\"@type\":\"ReadAction\",\"target\":[\"https:\/\/testwebsite.citygame.com\/lt\/games\/hasselt\/sherlock-holmes-hasselt\/\"]}]},{\"@type\":\"ImageObject\",\"inLanguage\":\"lt-LT\",\"@id\":\"https:\/\/testwebsite.citygame.com\/lt\/games\/hasselt\/sherlock-holmes-hasselt\/#primaryimage\",\"url\":\"https:\/\/testwebsite.citygame.com\/wp-content\/blogs.dir\/1\/files\/sites\/62\/2026\/02\/woman-playing-sherlock-city-game-on-phone-hasselt.jpg\",\"contentUrl\":\"https:\/\/testwebsite.citygame.com\/wp-content\/blogs.dir\/1\/files\/sites\/62\/2026\/02\/woman-playing-sherlock-city-game-on-phone-hasselt.jpg\",\"width\":1344,\"height\":768,\"caption\":\"A player navigates a historic, cobblestone street in Hasselt using the Sherlock game app on her phone.\"},{\"@type\":\"BreadcrumbList\",\"@id\":\"https:\/\/testwebsite.citygame.com\/lt\/games\/hasselt\/sherlock-holmes-hasselt\/#breadcrumb\",\"itemListElement\":[{\"@type\":\"ListItem\",\"position\":1,\"name\":\"Home\",\"item\":\"https:\/\/testwebsite.citygame.com\/lt\/\"},{\"@type\":\"ListItem\",\"position\":2,\"name\":\"Shop\",\"item\":\"https:\/\/testwebsite.citygame.com\/shop\/\"},{\"@type\":\"ListItem\",\"position\":3,\"name\":\"Sherlock Holmes Hasselt\"}]},{\"@type\":\"WebSite\",\"@id\":\"https:\/\/testwebsite.upevents.nl\/#website\",\"url\":\"https:\/\/testwebsite.upevents.nl\/\",\"name\":\"City Game\",\"description\":\"\",\"publisher\":{\"@id\":\"https:\/\/testwebsite.upevents.nl\/#organization\"},\"alternateName\":\"citygame.com\",\"potentialAction\":[{\"@type\":\"SearchAction\",\"target\":{\"@type\":\"EntryPoint\",\"urlTemplate\":\"https:\/\/testwebsite.upevents.nl\/?s={search_term_string}\"},\"query-input\":{\"@type\":\"PropertyValueSpecification\",\"valueRequired\":true,\"valueName\":\"search_term_string\"}}],\"inLanguage\":\"lt-LT\"},{\"@type\":[\"Organization\",\"Place\"],\"@id\":\"https:\/\/testwebsite.upevents.nl\/#organization\",\"name\":\"City Game\",\"alternateName\":\"citygame.com\",\"url\":\"https:\/\/testwebsite.upevents.nl\/\",\"logo\":{\"@id\":\"https:\/\/testwebsite.citygame.com\/lt\/games\/hasselt\/sherlock-holmes-hasselt\/#local-main-organization-logo\"},\"image\":{\"@id\":\"https:\/\/testwebsite.citygame.com\/lt\/games\/hasselt\/sherlock-holmes-hasselt\/#local-main-organization-logo\"},\"sameAs\":[\"https:\/\/www.facebook.com\/profile.php?id=100086426226253\",\"https:\/\/www.instagram.com\/citygame_com\",\"https:\/\/www.tiktok.com\/@citygamecom\/\",\"https:\/\/www.linkedin.com\/company\/citygame-com\"],\"description\":\"Turn any city into a playground with our interactive City Games and self-guided tours. Fun, flexible, and ideal for groups and team building.\",\"telephone\":[],\"openingHoursSpecification\":[{\"@type\":\"OpeningHoursSpecification\",\"dayOfWeek\":[\"Monday\",\"Tuesday\",\"Wednesday\",\"Thursday\",\"Friday\",\"Saturday\",\"Sunday\"],\"opens\":\"09:00\",\"closes\":\"17:00\"}]},{\"@type\":\"ImageObject\",\"inLanguage\":\"lt-LT\",\"@id\":\"https:\/\/testwebsite.citygame.com\/lt\/games\/hasselt\/sherlock-holmes-hasselt\/#local-main-organization-logo\",\"url\":\"https:\/\/testwebsite.citygame.com\/wp-content\/blogs.dir\/1\/files\/sites\/62\/2025\/10\/CG_LOGO-City-Game.png\",\"contentUrl\":\"https:\/\/testwebsite.citygame.com\/wp-content\/blogs.dir\/1\/files\/sites\/62\/2025\/10\/CG_LOGO-City-Game.png\",\"width\":351,\"height\":377,\"caption\":\"City Game\"}]}<\/script>\n<!-- \/ Yoast SEO Premium plugin. -->","yoast_head_json":{"title":"Sherlock Holmes Hasselt - City Game","description":"Sherlock Holmes Hasselt. \u017daiskite savaranki\u0161k\u0105 \u017emog\u017eudyst\u0117s paslapties miesto \u017eaidim\u0105 (City Game), spr\u0119skite m\u012fsles, sekite \u012fkal\u010diais ir savo tempu atskleiskite \u017eudik\u0105!","robots":{"index":"noindex","follow":"follow","max-snippet":"max-snippet:-1","max-image-preview":"max-image-preview:large","max-video-preview":"max-video-preview:-1"},"og_locale":"lt_LT","og_type":"article","og_title":"Sherlock Holmes Hasselt","og_description":"Sherlock Holmes Hasselt. \u017daiskite savaranki\u0161k\u0105 \u017emog\u017eudyst\u0117s paslapties miesto \u017eaidim\u0105 (City Game), spr\u0119skite m\u012fsles, sekite \u012fkal\u010diais ir savo tempu atskleiskite \u017eudik\u0105!","og_url":"https:\/\/testwebsite.citygame.com\/lt\/games\/hasselt\/sherlock-holmes-hasselt\/","og_site_name":"City Game","article_publisher":"https:\/\/www.facebook.com\/profile.php?id=100086426226253","article_modified_time":"2026-04-08T02:23:31+00:00","og_image":[{"width":1344,"height":768,"url":"https:\/\/testwebsite.citygame.com\/wp-content\/blogs.dir\/1\/files\/sites\/62\/2026\/02\/woman-playing-sherlock-city-game-on-phone-hasselt.jpg","type":"image\/jpeg"}],"twitter_card":"summary_large_image","schema":{"@context":"https:\/\/schema.org","@graph":[{"@type":"WebPage","@id":"https:\/\/testwebsite.citygame.com\/lt\/games\/hasselt\/sherlock-holmes-hasselt\/","url":"https:\/\/testwebsite.citygame.com\/lt\/games\/hasselt\/sherlock-holmes-hasselt\/","name":"Sherlock Holmes Hasselt - City Game","isPartOf":{"@id":"https:\/\/testwebsite.upevents.nl\/#website"},"primaryImageOfPage":{"@id":"https:\/\/testwebsite.citygame.com\/lt\/games\/hasselt\/sherlock-holmes-hasselt\/#primaryimage"},"image":{"@id":"https:\/\/testwebsite.citygame.com\/lt\/games\/hasselt\/sherlock-holmes-hasselt\/#primaryimage"},"thumbnailUrl":"https:\/\/testwebsite.citygame.com\/wp-content\/blogs.dir\/1\/files\/sites\/62\/2026\/02\/woman-playing-sherlock-city-game-on-phone-hasselt.jpg","datePublished":"2026-02-04T19:26:11+00:00","dateModified":"2026-04-08T02:23:31+00:00","description":"Sherlock Holmes Hasselt. \u017daiskite savaranki\u0161k\u0105 \u017emog\u017eudyst\u0117s paslapties miesto \u017eaidim\u0105 (City Game), spr\u0119skite m\u012fsles, sekite \u012fkal\u010diais ir savo tempu atskleiskite \u017eudik\u0105!","breadcrumb":{"@id":"https:\/\/testwebsite.citygame.com\/lt\/games\/hasselt\/sherlock-holmes-hasselt\/#breadcrumb"},"inLanguage":"lt-LT","potentialAction":[{"@type":"ReadAction","target":["https:\/\/testwebsite.citygame.com\/lt\/games\/hasselt\/sherlock-holmes-hasselt\/"]}]},{"@type":"ImageObject","inLanguage":"lt-LT","@id":"https:\/\/testwebsite.citygame.com\/lt\/games\/hasselt\/sherlock-holmes-hasselt\/#primaryimage","url":"https:\/\/testwebsite.citygame.com\/wp-content\/blogs.dir\/1\/files\/sites\/62\/2026\/02\/woman-playing-sherlock-city-game-on-phone-hasselt.jpg","contentUrl":"https:\/\/testwebsite.citygame.com\/wp-content\/blogs.dir\/1\/files\/sites\/62\/2026\/02\/woman-playing-sherlock-city-game-on-phone-hasselt.jpg","width":1344,"height":768,"caption":"A player navigates a historic, cobblestone street in Hasselt using the Sherlock game app on her phone."},{"@type":"BreadcrumbList","@id":"https:\/\/testwebsite.citygame.com\/lt\/games\/hasselt\/sherlock-holmes-hasselt\/#breadcrumb","itemListElement":[{"@type":"ListItem","position":1,"name":"Home","item":"https:\/\/testwebsite.citygame.com\/lt\/"},{"@type":"ListItem","position":2,"name":"Shop","item":"https:\/\/testwebsite.citygame.com\/shop\/"},{"@type":"ListItem","position":3,"name":"Sherlock Holmes Hasselt"}]},{"@type":"WebSite","@id":"https:\/\/testwebsite.upevents.nl\/#website","url":"https:\/\/testwebsite.upevents.nl\/","name":"City Game","description":"","publisher":{"@id":"https:\/\/testwebsite.upevents.nl\/#organization"},"alternateName":"citygame.com","potentialAction":[{"@type":"SearchAction","target":{"@type":"EntryPoint","urlTemplate":"https:\/\/testwebsite.upevents.nl\/?s={search_term_string}"},"query-input":{"@type":"PropertyValueSpecification","valueRequired":true,"valueName":"search_term_string"}}],"inLanguage":"lt-LT"},{"@type":["Organization","Place"],"@id":"https:\/\/testwebsite.upevents.nl\/#organization","name":"City Game","alternateName":"citygame.com","url":"https:\/\/testwebsite.upevents.nl\/","logo":{"@id":"https:\/\/testwebsite.citygame.com\/lt\/games\/hasselt\/sherlock-holmes-hasselt\/#local-main-organization-logo"},"image":{"@id":"https:\/\/testwebsite.citygame.com\/lt\/games\/hasselt\/sherlock-holmes-hasselt\/#local-main-organization-logo"},"sameAs":["https:\/\/www.facebook.com\/profile.php?id=100086426226253","https:\/\/www.instagram.com\/citygame_com","https:\/\/www.tiktok.com\/@citygamecom\/","https:\/\/www.linkedin.com\/company\/citygame-com"],"description":"Turn any city into a playground with our interactive City Games and self-guided tours. Fun, flexible, and ideal for groups and team building.","telephone":[],"openingHoursSpecification":[{"@type":"OpeningHoursSpecification","dayOfWeek":["Monday","Tuesday","Wednesday","Thursday","Friday","Saturday","Sunday"],"opens":"09:00","closes":"17:00"}]},{"@type":"ImageObject","inLanguage":"lt-LT","@id":"https:\/\/testwebsite.citygame.com\/lt\/games\/hasselt\/sherlock-holmes-hasselt\/#local-main-organization-logo","url":"https:\/\/testwebsite.citygame.com\/wp-content\/blogs.dir\/1\/files\/sites\/62\/2025\/10\/CG_LOGO-City-Game.png","contentUrl":"https:\/\/testwebsite.citygame.com\/wp-content\/blogs.dir\/1\/files\/sites\/62\/2025\/10\/CG_LOGO-City-Game.png","width":351,"height":377,"caption":"City Game"}]}},"taxonomy_info":{"game-concept":[{"value":783,"label":"Sherlock"}],"location":[{"value":194,"label":"Hasselt"}],"product_cat":[{"value":27,"label":"Geen categorie"}]},"featured_image_src_large":["https:\/\/testwebsite.citygame.com\/wp-content\/blogs.dir\/1\/files\/sites\/62\/2026\/02\/woman-playing-sherlock-city-game-on-phone-hasselt-1024x585.jpg",1024,585,true],"author_info":[],"comment_info":"","_links":{"self":[{"href":"https:\/\/testwebsite.citygame.com\/lt\/wp-json\/wp\/v2\/product\/58522","targetHints":{"allow":["GET"]}}],"collection":[{"href":"https:\/\/testwebsite.citygame.com\/lt\/wp-json\/wp\/v2\/product"}],"about":[{"href":"https:\/\/testwebsite.citygame.com\/lt\/wp-json\/wp\/v2\/types\/product"}],"acf:post":[{"embeddable":true,"href":"https:\/\/testwebsite.citygame.com\/lt\/wp-json\/wp\/v2\/pages\/6589"}],"wp:featuredmedia":[{"embeddable":true,"href":"https:\/\/testwebsite.citygame.com\/lt\/wp-json\/wp\/v2\/media\/10477"}],"wp:attachment":[{"href":"https:\/\/testwebsite.citygame.com\/lt\/wp-json\/wp\/v2\/media?parent=58522"}],"wp:term":[{"taxonomy":"game-concept","embeddable":true,"href":"https:\/\/testwebsite.citygame.com\/lt\/wp-json\/wp\/v2\/game-concept?post=58522"},{"taxonomy":"location","embeddable":true,"href":"https:\/\/testwebsite.citygame.com\/lt\/wp-json\/wp\/v2\/location?post=58522"},{"taxonomy":"product_brand","embeddable":true,"href":"https:\/\/testwebsite.citygame.com\/lt\/wp-json\/wp\/v2\/product_brand?post=58522"},{"taxonomy":"product_cat","embeddable":true,"href":"https:\/\/testwebsite.citygame.com\/lt\/wp-json\/wp\/v2\/product_cat?post=58522"},{"taxonomy":"product_tag","embeddable":true,"href":"https:\/\/testwebsite.citygame.com\/lt\/wp-json\/wp\/v2\/product_tag?post=58522"}],"curies":[{"name":"wp","href":"https:\/\/api.w.org\/{rel}","templated":true}]}}