{"id":57801,"date":"2026-02-04T17:30:02","date_gmt":"2026-02-04T17:30:02","guid":{"rendered":"https:\/\/testwebsite.citygame.com\/games\/unknown-location\/sherlock-holmes-aalst\/"},"modified":"2026-04-08T01:09:25","modified_gmt":"2026-04-08T01:09:25","slug":"sherlock-holmes-aalst","status":"publish","type":"product","link":"https:\/\/testwebsite.citygame.com\/lt\/games\/aalst\/sherlock-holmes-aalst\/","title":{"rendered":"Sherlock Holmes Aalst"},"content":{"rendered":"<p>\u012e\u017eenkite \u012f Sherlocko Holmeso pasaul\u012f su \u0161iuo savaranki\u0161ku, istorija paremtu \u017emog\u017eudyst\u0117s paslapties miesto \u017eaidimu, vykstan\u010diu Aalsto miesto centre. B\u016bdami detektyvai, tiriantys \u0161iurpios \u017emog\u017eudyst\u0117s, \u012fvykdytos Liberty Festival metu, nar\u0161ysite Aalsto gatv\u0117mis, sekdami besivystan\u010diu pasakojimu, rinkdami \u012fkal\u010dius, spr\u0119sdami klastingus galvos\u016bkius ir tardydami skaitmeninius \u012ftariamuosius. Sukurtas tiems, kurie ie\u0161ko \u012ftraukian\u010dios patirties, \u017eaidimas leid\u017eia jums tirti savo tempu, atskleid\u017eiant paslaptis, pasl\u0117ptas po kasdienio gyvenimo pavir\u0161iumi.<\/p>\n","protected":false},"excerpt":{"rendered":"<p>Pasinerkite \u012f jaudinant\u012f Sherlocko Holmeso pasaul\u012f su savaranki\u0161ka \u017emog\u017eudyst\u0117s paslapties i\u0161\u0161ifravimo u\u017eduotimi, vykstan\u010dia Aalsto \u0161irdyje. I\u0161\u0161ifruokite u\u017euominas, i\u0161spr\u0119skite m\u012fslingus galvos\u016bkius su savo komanda ir atskleiskite ties\u0105 apie nusikaltim\u0105, kol laikas dar nesibaig\u0117!<\/p>\n","protected":false},"featured_media":10411,"template":"","meta":{"_acf_changed":false,"_yoast_wpseo_focuskw":"Sherlock Holmes Aalst","_yoast_wpseo_metadesc":"Sherlock Holmes Aalst. \u017daiskite savaranki\u0161k\u0105 \u017emog\u017eudyst\u0117s paslapties miesto \u017eaidim\u0105, spr\u0119skite galvos\u016bkius, sekite u\u017euominas ir atskleiskite \u017eudik\u0105 savo tempu!","_kad_blocks_custom_css":"","_kad_blocks_head_custom_js":"","_kad_blocks_body_custom_js":"","_kad_blocks_footer_custom_js":"","ghostkit_customizer_options":"","ghostkit_custom_css":"","ghostkit_custom_js_head":"","ghostkit_custom_js_foot":"","ghostkit_typography":"","_kad_post_transparent":"","_kad_post_title":"","_kad_post_layout":"","_kad_post_sidebar_id":"","_kad_post_content_style":"","_kad_post_vertical_padding":"","_kad_post_feature":"","_kad_post_feature_position":"","_kad_post_header":false,"_kad_post_footer":false,"_kad_post_classname":"","_links_to":"","_links_to_target":""},"game-concept":[783],"location":[56],"product_brand":[],"product_cat":[27],"product_tag":[],"class_list":{"0":"post-57801","1":"product","2":"type-product","3":"status-publish","4":"has-post-thumbnail","6":"game-concept-sherlock","7":"location-aalst","8":"product_cat-geen-categorie","10":"first","11":"instock","12":"shipping-taxable","13":"purchasable","14":"product-type-simple","15":"entry","16":"content-bg","17":"loop-entry"},"acf":{"full_bokun_product_name":"Aalst Self-Guided Sherlock Holmes Murder Mystery Game","location_name":"Aalst","bokun_calendar_widget_code":"<script type=\"text\/javascript\" src=\"https:\/\/widgets.bokun.io\/assets\/javascripts\/apps\/build\/BokunWidgetsLoader.js?bookingChannelUUID=a1e93e96-5232-4734-a595-28405f4b5a31\" async><\/script>\n     \n    <div class=\"bokunWidget\" data-src=\"https:\/\/widgets.bokun.io\/online-sales\/a1e93e96-5232-4734-a595-28405f4b5a31\/experience-calendar\/731152\"><\/div>\n    <noscript>Please enable javascript in your browser to book<\/noscript>","bokun_button_widget_code":"<script type=\"text\/javascript\" src=\"https:\/\/widgets.bokun.io\/assets\/javascripts\/apps\/build\/BokunWidgetsLoader.js?bookingChannelUUID=a1e93e96-5232-4734-a595-28405f4b5a31\" async><\/script>\n      <style> #bokun_ed001e45_5927_4f62_b470_ca766338d083 { display: inline-block; padding: .4em 1em; background: #47b82e; border-radius: 999999px; box-shadow: none; font-weight: 600; font-size: 24px; text-decoration: none; text-align: center; color: #FFFFFF; border:none; cursor: pointer; transition: background .2s ease; } #bokun_ed001e45_5927_4f62_b470_ca766338d083:hover{ background: #2f7b1f; } #bokun_ed001e45_5927_4f62_b470_ca766338d083:active{ background: #378f24; } <\/style> <button class=\"bokunButton\" disabled id=bokun_ed001e45_5927_4f62_b470_ca766338d083 data-src=\"https:\/\/widgets.bokun.io\/online-sales\/a1e93e96-5232-4734-a595-28405f4b5a31\/experience-calendar\/731152?partialView=1\" data-testid=\"widget-book-button\" > Book now <\/button> ","what_you\u2019ll_experience_during_the_game":"J\u016bs \u012f\u017eengiate \u012f \u012ftraukian\u010di\u0105 detektyvin\u0119 istorij\u0105, vykstan\u010di\u0105 Aalste, kur kiekvienas gatv\u0117s kampas \u012ftraukia jus giliau \u012f paslapting\u0105 byl\u0105. Vykstant tyrimui, j\u016bs judate per miest\u0105, d\u0117liodami \u012fkal\u010dius, spr\u0119sdami sumanius galvos\u016bkius ir susidurdami su netik\u0117tais pos\u016bkiais, susijusiais su \u017emog\u017eudyste Liberty Festival metu. Istorija yra visi\u0161kai \u012ftraukianti, vedanti jus nuo vienos u\u017euominos prie kitos, reikalaujanti a\u0161traus steb\u0117jimo ir loginio m\u0105stymo.\n\nSavo tempu tardote skaitmeninius \u012ftariamuosius, lyginate alibi ir atskleid\u017eiate prie\u0161taravimus, kurie stumia byl\u0105 \u012f priek\u012f. Su kiekvienu atskleidimu, j\u016bs art\u0117jate prie tiesos, kvestionuojate motyvus ir atkurite \u012fvykius per kruop\u0161\u010di\u0105 analiz\u0119. Nesvarbu, ar dirbate vienas, ar komandoje su konkurenciniu prana\u0161umu, j\u016bs\u0173 kritinis m\u0105stymas ir detektyvo instinktai bus i\u0161bandyti. Galite bet kada sustabdyti ir t\u0119sti, i\u0161laikydami vis\u0105 savo tyrimo kontrol\u0119.","how_to_play":"Dirbkite vienas arba su draugais, \u0161eima ar kolegomis komandose iki keturi\u0173 \u017emoni\u0173 viename \u012frenginyje. Po u\u017esakymo gausite el. lai\u0161k\u0105 su instrukcijomis ir visa reikalinga informacija.","start_location":"Belfort Aalst","available_languages":["en","nl","fr","de","it","es"],"players_per_group":"1-4","duration":"1.5-2 hours","image_overlay_color_image":"https:\/\/testwebsite.citygame.com\/wp-content\/blogs.dir\/1\/files\/sites\/62\/2026\/01\/SherlockColor.svg","image_overlay_game_logo":"https:\/\/testwebsite.citygame.com\/wp-content\/blogs.dir\/1\/files\/sites\/62\/2026\/01\/SherlockLogo.png","city_page":6517,"woocommerce_general_content":null},"yoast_head":"<!-- This site is optimized with the Yoast SEO Premium plugin v26.2 (Yoast SEO v26.3) - https:\/\/yoast.com\/wordpress\/plugins\/seo\/ -->\n<title>Sherlock Holmes Aalst - City Game<\/title>\n<meta name=\"description\" content=\"Sherlock Holmes Aalst. \u017daiskite savaranki\u0161k\u0105 \u017emog\u017eudyst\u0117s paslapties miesto \u017eaidim\u0105, spr\u0119skite galvos\u016bkius, sekite u\u017euominas ir atskleiskite \u017eudik\u0105 savo tempu!\" \/>\n<meta name=\"robots\" content=\"noindex, follow, max-snippet:-1, max-image-preview:large, max-video-preview:-1\" \/>\n<meta property=\"og:locale\" content=\"lt_LT\" \/>\n<meta property=\"og:type\" content=\"article\" \/>\n<meta property=\"og:title\" content=\"Sherlock Holmes Aalst\" \/>\n<meta property=\"og:description\" content=\"Sherlock Holmes Aalst. \u017daiskite savaranki\u0161k\u0105 \u017emog\u017eudyst\u0117s paslapties miesto \u017eaidim\u0105, spr\u0119skite galvos\u016bkius, sekite u\u017euominas ir atskleiskite \u017eudik\u0105 savo tempu!\" \/>\n<meta property=\"og:url\" content=\"https:\/\/testwebsite.citygame.com\/lt\/games\/aalst\/sherlock-holmes-aalst\/\" \/>\n<meta property=\"og:site_name\" content=\"City Game\" \/>\n<meta property=\"article:publisher\" content=\"https:\/\/www.facebook.com\/profile.php?id=100086426226253\" \/>\n<meta property=\"article:modified_time\" content=\"2026-04-08T01:09:25+00:00\" \/>\n<meta property=\"og:image\" content=\"https:\/\/testwebsite.citygame.com\/wp-content\/blogs.dir\/1\/files\/sites\/62\/2026\/02\/aalst-group-playing-city-game-on-phone.jpg\" \/>\n\t<meta property=\"og:image:width\" content=\"1344\" \/>\n\t<meta property=\"og:image:height\" content=\"768\" \/>\n\t<meta property=\"og:image:type\" content=\"image\/jpeg\" \/>\n<meta name=\"twitter:card\" content=\"summary_large_image\" \/>\n<script type=\"application\/ld+json\" class=\"yoast-schema-graph\">{\"@context\":\"https:\/\/schema.org\",\"@graph\":[{\"@type\":\"WebPage\",\"@id\":\"https:\/\/testwebsite.citygame.com\/lt\/games\/aalst\/sherlock-holmes-aalst\/\",\"url\":\"https:\/\/testwebsite.citygame.com\/lt\/games\/aalst\/sherlock-holmes-aalst\/\",\"name\":\"Sherlock Holmes Aalst - City Game\",\"isPartOf\":{\"@id\":\"https:\/\/testwebsite.upevents.nl\/#website\"},\"primaryImageOfPage\":{\"@id\":\"https:\/\/testwebsite.citygame.com\/lt\/games\/aalst\/sherlock-holmes-aalst\/#primaryimage\"},\"image\":{\"@id\":\"https:\/\/testwebsite.citygame.com\/lt\/games\/aalst\/sherlock-holmes-aalst\/#primaryimage\"},\"thumbnailUrl\":\"https:\/\/testwebsite.citygame.com\/wp-content\/blogs.dir\/1\/files\/sites\/62\/2026\/02\/aalst-group-playing-city-game-on-phone.jpg\",\"datePublished\":\"2026-02-04T17:30:02+00:00\",\"dateModified\":\"2026-04-08T01:09:25+00:00\",\"description\":\"Sherlock Holmes Aalst. \u017daiskite savaranki\u0161k\u0105 \u017emog\u017eudyst\u0117s paslapties miesto \u017eaidim\u0105, spr\u0119skite galvos\u016bkius, sekite u\u017euominas ir atskleiskite \u017eudik\u0105 savo tempu!\",\"breadcrumb\":{\"@id\":\"https:\/\/testwebsite.citygame.com\/lt\/games\/aalst\/sherlock-holmes-aalst\/#breadcrumb\"},\"inLanguage\":\"lt-LT\",\"potentialAction\":[{\"@type\":\"ReadAction\",\"target\":[\"https:\/\/testwebsite.citygame.com\/lt\/games\/aalst\/sherlock-holmes-aalst\/\"]}]},{\"@type\":\"ImageObject\",\"inLanguage\":\"lt-LT\",\"@id\":\"https:\/\/testwebsite.citygame.com\/lt\/games\/aalst\/sherlock-holmes-aalst\/#primaryimage\",\"url\":\"https:\/\/testwebsite.citygame.com\/wp-content\/blogs.dir\/1\/files\/sites\/62\/2026\/02\/aalst-group-playing-city-game-on-phone.jpg\",\"contentUrl\":\"https:\/\/testwebsite.citygame.com\/wp-content\/blogs.dir\/1\/files\/sites\/62\/2026\/02\/aalst-group-playing-city-game-on-phone.jpg\",\"width\":1344,\"height\":768,\"caption\":\"A group of friends gather around a smartphone while playing a city game in Aalst.\"},{\"@type\":\"BreadcrumbList\",\"@id\":\"https:\/\/testwebsite.citygame.com\/lt\/games\/aalst\/sherlock-holmes-aalst\/#breadcrumb\",\"itemListElement\":[{\"@type\":\"ListItem\",\"position\":1,\"name\":\"Home\",\"item\":\"https:\/\/testwebsite.citygame.com\/lt\/\"},{\"@type\":\"ListItem\",\"position\":2,\"name\":\"Shop\",\"item\":\"https:\/\/testwebsite.citygame.com\/shop\/\"},{\"@type\":\"ListItem\",\"position\":3,\"name\":\"Sherlock Holmes Aalst\"}]},{\"@type\":\"WebSite\",\"@id\":\"https:\/\/testwebsite.upevents.nl\/#website\",\"url\":\"https:\/\/testwebsite.upevents.nl\/\",\"name\":\"City Game\",\"description\":\"\",\"publisher\":{\"@id\":\"https:\/\/testwebsite.upevents.nl\/#organization\"},\"alternateName\":\"citygame.com\",\"potentialAction\":[{\"@type\":\"SearchAction\",\"target\":{\"@type\":\"EntryPoint\",\"urlTemplate\":\"https:\/\/testwebsite.upevents.nl\/?s={search_term_string}\"},\"query-input\":{\"@type\":\"PropertyValueSpecification\",\"valueRequired\":true,\"valueName\":\"search_term_string\"}}],\"inLanguage\":\"lt-LT\"},{\"@type\":[\"Organization\",\"Place\"],\"@id\":\"https:\/\/testwebsite.upevents.nl\/#organization\",\"name\":\"City Game\",\"alternateName\":\"citygame.com\",\"url\":\"https:\/\/testwebsite.upevents.nl\/\",\"logo\":{\"@id\":\"https:\/\/testwebsite.citygame.com\/lt\/games\/aalst\/sherlock-holmes-aalst\/#local-main-organization-logo\"},\"image\":{\"@id\":\"https:\/\/testwebsite.citygame.com\/lt\/games\/aalst\/sherlock-holmes-aalst\/#local-main-organization-logo\"},\"sameAs\":[\"https:\/\/www.facebook.com\/profile.php?id=100086426226253\",\"https:\/\/www.instagram.com\/citygame_com\",\"https:\/\/www.tiktok.com\/@citygamecom\/\",\"https:\/\/www.linkedin.com\/company\/citygame-com\"],\"description\":\"Turn any city into a playground with our interactive City Games and self-guided tours. Fun, flexible, and ideal for groups and team building.\",\"telephone\":[],\"openingHoursSpecification\":[{\"@type\":\"OpeningHoursSpecification\",\"dayOfWeek\":[\"Monday\",\"Tuesday\",\"Wednesday\",\"Thursday\",\"Friday\",\"Saturday\",\"Sunday\"],\"opens\":\"09:00\",\"closes\":\"17:00\"}]},{\"@type\":\"ImageObject\",\"inLanguage\":\"lt-LT\",\"@id\":\"https:\/\/testwebsite.citygame.com\/lt\/games\/aalst\/sherlock-holmes-aalst\/#local-main-organization-logo\",\"url\":\"https:\/\/testwebsite.citygame.com\/wp-content\/blogs.dir\/1\/files\/sites\/62\/2025\/10\/CG_LOGO-City-Game.png\",\"contentUrl\":\"https:\/\/testwebsite.citygame.com\/wp-content\/blogs.dir\/1\/files\/sites\/62\/2025\/10\/CG_LOGO-City-Game.png\",\"width\":351,\"height\":377,\"caption\":\"City Game\"}]}<\/script>\n<!-- \/ Yoast SEO Premium plugin. -->","yoast_head_json":{"title":"Sherlock Holmes Aalst - City Game","description":"Sherlock Holmes Aalst. \u017daiskite savaranki\u0161k\u0105 \u017emog\u017eudyst\u0117s paslapties miesto \u017eaidim\u0105, spr\u0119skite galvos\u016bkius, sekite u\u017euominas ir atskleiskite \u017eudik\u0105 savo tempu!","robots":{"index":"noindex","follow":"follow","max-snippet":"max-snippet:-1","max-image-preview":"max-image-preview:large","max-video-preview":"max-video-preview:-1"},"og_locale":"lt_LT","og_type":"article","og_title":"Sherlock Holmes Aalst","og_description":"Sherlock Holmes Aalst. \u017daiskite savaranki\u0161k\u0105 \u017emog\u017eudyst\u0117s paslapties miesto \u017eaidim\u0105, spr\u0119skite galvos\u016bkius, sekite u\u017euominas ir atskleiskite \u017eudik\u0105 savo tempu!","og_url":"https:\/\/testwebsite.citygame.com\/lt\/games\/aalst\/sherlock-holmes-aalst\/","og_site_name":"City Game","article_publisher":"https:\/\/www.facebook.com\/profile.php?id=100086426226253","article_modified_time":"2026-04-08T01:09:25+00:00","og_image":[{"width":1344,"height":768,"url":"https:\/\/testwebsite.citygame.com\/wp-content\/blogs.dir\/1\/files\/sites\/62\/2026\/02\/aalst-group-playing-city-game-on-phone.jpg","type":"image\/jpeg"}],"twitter_card":"summary_large_image","schema":{"@context":"https:\/\/schema.org","@graph":[{"@type":"WebPage","@id":"https:\/\/testwebsite.citygame.com\/lt\/games\/aalst\/sherlock-holmes-aalst\/","url":"https:\/\/testwebsite.citygame.com\/lt\/games\/aalst\/sherlock-holmes-aalst\/","name":"Sherlock Holmes Aalst - City Game","isPartOf":{"@id":"https:\/\/testwebsite.upevents.nl\/#website"},"primaryImageOfPage":{"@id":"https:\/\/testwebsite.citygame.com\/lt\/games\/aalst\/sherlock-holmes-aalst\/#primaryimage"},"image":{"@id":"https:\/\/testwebsite.citygame.com\/lt\/games\/aalst\/sherlock-holmes-aalst\/#primaryimage"},"thumbnailUrl":"https:\/\/testwebsite.citygame.com\/wp-content\/blogs.dir\/1\/files\/sites\/62\/2026\/02\/aalst-group-playing-city-game-on-phone.jpg","datePublished":"2026-02-04T17:30:02+00:00","dateModified":"2026-04-08T01:09:25+00:00","description":"Sherlock Holmes Aalst. \u017daiskite savaranki\u0161k\u0105 \u017emog\u017eudyst\u0117s paslapties miesto \u017eaidim\u0105, spr\u0119skite galvos\u016bkius, sekite u\u017euominas ir atskleiskite \u017eudik\u0105 savo tempu!","breadcrumb":{"@id":"https:\/\/testwebsite.citygame.com\/lt\/games\/aalst\/sherlock-holmes-aalst\/#breadcrumb"},"inLanguage":"lt-LT","potentialAction":[{"@type":"ReadAction","target":["https:\/\/testwebsite.citygame.com\/lt\/games\/aalst\/sherlock-holmes-aalst\/"]}]},{"@type":"ImageObject","inLanguage":"lt-LT","@id":"https:\/\/testwebsite.citygame.com\/lt\/games\/aalst\/sherlock-holmes-aalst\/#primaryimage","url":"https:\/\/testwebsite.citygame.com\/wp-content\/blogs.dir\/1\/files\/sites\/62\/2026\/02\/aalst-group-playing-city-game-on-phone.jpg","contentUrl":"https:\/\/testwebsite.citygame.com\/wp-content\/blogs.dir\/1\/files\/sites\/62\/2026\/02\/aalst-group-playing-city-game-on-phone.jpg","width":1344,"height":768,"caption":"A group of friends gather around a smartphone while playing a city game in Aalst."},{"@type":"BreadcrumbList","@id":"https:\/\/testwebsite.citygame.com\/lt\/games\/aalst\/sherlock-holmes-aalst\/#breadcrumb","itemListElement":[{"@type":"ListItem","position":1,"name":"Home","item":"https:\/\/testwebsite.citygame.com\/lt\/"},{"@type":"ListItem","position":2,"name":"Shop","item":"https:\/\/testwebsite.citygame.com\/shop\/"},{"@type":"ListItem","position":3,"name":"Sherlock Holmes Aalst"}]},{"@type":"WebSite","@id":"https:\/\/testwebsite.upevents.nl\/#website","url":"https:\/\/testwebsite.upevents.nl\/","name":"City Game","description":"","publisher":{"@id":"https:\/\/testwebsite.upevents.nl\/#organization"},"alternateName":"citygame.com","potentialAction":[{"@type":"SearchAction","target":{"@type":"EntryPoint","urlTemplate":"https:\/\/testwebsite.upevents.nl\/?s={search_term_string}"},"query-input":{"@type":"PropertyValueSpecification","valueRequired":true,"valueName":"search_term_string"}}],"inLanguage":"lt-LT"},{"@type":["Organization","Place"],"@id":"https:\/\/testwebsite.upevents.nl\/#organization","name":"City Game","alternateName":"citygame.com","url":"https:\/\/testwebsite.upevents.nl\/","logo":{"@id":"https:\/\/testwebsite.citygame.com\/lt\/games\/aalst\/sherlock-holmes-aalst\/#local-main-organization-logo"},"image":{"@id":"https:\/\/testwebsite.citygame.com\/lt\/games\/aalst\/sherlock-holmes-aalst\/#local-main-organization-logo"},"sameAs":["https:\/\/www.facebook.com\/profile.php?id=100086426226253","https:\/\/www.instagram.com\/citygame_com","https:\/\/www.tiktok.com\/@citygamecom\/","https:\/\/www.linkedin.com\/company\/citygame-com"],"description":"Turn any city into a playground with our interactive City Games and self-guided tours. Fun, flexible, and ideal for groups and team building.","telephone":[],"openingHoursSpecification":[{"@type":"OpeningHoursSpecification","dayOfWeek":["Monday","Tuesday","Wednesday","Thursday","Friday","Saturday","Sunday"],"opens":"09:00","closes":"17:00"}]},{"@type":"ImageObject","inLanguage":"lt-LT","@id":"https:\/\/testwebsite.citygame.com\/lt\/games\/aalst\/sherlock-holmes-aalst\/#local-main-organization-logo","url":"https:\/\/testwebsite.citygame.com\/wp-content\/blogs.dir\/1\/files\/sites\/62\/2025\/10\/CG_LOGO-City-Game.png","contentUrl":"https:\/\/testwebsite.citygame.com\/wp-content\/blogs.dir\/1\/files\/sites\/62\/2025\/10\/CG_LOGO-City-Game.png","width":351,"height":377,"caption":"City Game"}]}},"taxonomy_info":{"game-concept":[{"value":783,"label":"Sherlock"}],"location":[{"value":56,"label":"Aalst"}],"product_cat":[{"value":27,"label":"Geen categorie"}]},"featured_image_src_large":["https:\/\/testwebsite.citygame.com\/wp-content\/blogs.dir\/1\/files\/sites\/62\/2026\/02\/aalst-group-playing-city-game-on-phone-1024x585.jpg",1024,585,true],"author_info":[],"comment_info":"","_links":{"self":[{"href":"https:\/\/testwebsite.citygame.com\/lt\/wp-json\/wp\/v2\/product\/57801","targetHints":{"allow":["GET"]}}],"collection":[{"href":"https:\/\/testwebsite.citygame.com\/lt\/wp-json\/wp\/v2\/product"}],"about":[{"href":"https:\/\/testwebsite.citygame.com\/lt\/wp-json\/wp\/v2\/types\/product"}],"acf:post":[{"embeddable":true,"href":"https:\/\/testwebsite.citygame.com\/lt\/wp-json\/wp\/v2\/pages\/6517"}],"wp:featuredmedia":[{"embeddable":true,"href":"https:\/\/testwebsite.citygame.com\/lt\/wp-json\/wp\/v2\/media\/10411"}],"wp:attachment":[{"href":"https:\/\/testwebsite.citygame.com\/lt\/wp-json\/wp\/v2\/media?parent=57801"}],"wp:term":[{"taxonomy":"game-concept","embeddable":true,"href":"https:\/\/testwebsite.citygame.com\/lt\/wp-json\/wp\/v2\/game-concept?post=57801"},{"taxonomy":"location","embeddable":true,"href":"https:\/\/testwebsite.citygame.com\/lt\/wp-json\/wp\/v2\/location?post=57801"},{"taxonomy":"product_brand","embeddable":true,"href":"https:\/\/testwebsite.citygame.com\/lt\/wp-json\/wp\/v2\/product_brand?post=57801"},{"taxonomy":"product_cat","embeddable":true,"href":"https:\/\/testwebsite.citygame.com\/lt\/wp-json\/wp\/v2\/product_cat?post=57801"},{"taxonomy":"product_tag","embeddable":true,"href":"https:\/\/testwebsite.citygame.com\/lt\/wp-json\/wp\/v2\/product_tag?post=57801"}],"curies":[{"name":"wp","href":"https:\/\/api.w.org\/{rel}","templated":true}]}}