{"id":57580,"date":"2026-02-15T19:05:12","date_gmt":"2026-02-15T19:05:12","guid":{"rendered":"https:\/\/testwebsite.citygame.com\/games\/unknown-location\/the-emmen-syndicate\/"},"modified":"2026-04-08T00:45:37","modified_gmt":"2026-04-08T00:45:37","slug":"the-emmen-syndicate","status":"publish","type":"product","link":"https:\/\/testwebsite.citygame.com\/lt\/games\/emmen\/the-emmen-syndicate\/","title":{"rendered":"The Emmen Syndicate"},"content":{"rendered":"<p>The Emmen Syndicate yra savaranki\u0161kas miesto pab\u0117gimo \u017eaidimas Emmen mieste, vykstantis Emmen miesto centre. \u0160iame \u012ftraukian\u010diame miesto \u017eaidime Emmen mieste j\u016bs\u0173 komanda dirbs kartu, kad surast\u0173 sunkiai pagaunam\u0105 Magnus\u0105 ir atgaut\u0173 \u0161e\u0161ias pavogtas formules, spr\u0119sdama galvos\u016bkius, atlikdama u\u017eduotis ir \u012fveikdama i\u0161\u0161\u016bkius. Daug d\u0117mesio skiriant komandiniam darbui, pasakojimui ir nuosekliai misijos eigai, \u0161is savaranki\u0161kas miesto \u017eaidimas suteikia \u012ftraukiant\u012f miesto pab\u0117gimo potyr\u012f.<\/p>\n","protected":false},"excerpt":{"rendered":"<p>\u012e\u017eengite \u012f intriguojan\u010dias Emmen gatves su The Emmen Syndicate miesto pab\u0117gimo \u017eaidimu, savaranki\u0161ka kelione per u\u017eburian\u010di\u0105 siu\u017eeto linij\u0105. Spr\u0119skite sud\u0117tingus galvos\u016bkius, sekite intriguojan\u010dias u\u017euominas ir bendradarbiaukite su komanda, kad atskleistum\u0117te ties\u0105 \u2013 laikas b\u0117ga, tegul nuotakiai prasideda!<\/p>\n","protected":false},"featured_media":13815,"template":"","meta":{"_acf_changed":false,"_yoast_wpseo_focuskw":"The Emmen Syndicate","_yoast_wpseo_metadesc":"The Emmen Syndicate. \u017daiskite savaranki\u0161k\u0105 miesto pab\u0117gimo \u017eaidim\u0105, spr\u0119skite galvos\u016bkius, atlikite misijas ir atgaukite pavogtas formules savo tempu!","_kad_blocks_custom_css":"","_kad_blocks_head_custom_js":"","_kad_blocks_body_custom_js":"","_kad_blocks_footer_custom_js":"","ghostkit_customizer_options":"","ghostkit_custom_css":"","ghostkit_custom_js_head":"","ghostkit_custom_js_foot":"","ghostkit_typography":"","_kad_post_transparent":"default","_kad_post_title":"","_kad_post_layout":"default","_kad_post_sidebar_id":"","_kad_post_content_style":"default","_kad_post_vertical_padding":"default","_kad_post_feature":"","_kad_post_feature_position":"","_kad_post_header":false,"_kad_post_footer":false,"_kad_post_classname":"","_links_to":"","_links_to_target":""},"game-concept":[752],"location":[156],"product_brand":[],"product_cat":[27],"product_tag":[],"class_list":{"0":"post-57580","1":"product","2":"type-product","3":"status-publish","4":"has-post-thumbnail","6":"game-concept-syndicate","7":"location-emmen","8":"product_cat-geen-categorie","10":"first","11":"instock","12":"shipping-taxable","13":"purchasable","14":"product-type-simple","15":"entry","16":"content-bg","17":"loop-entry"},"acf":{"full_bokun_product_name":"Self-Guided The Emmen Syndicate City Escape Game","location_name":"Emmen","bokun_calendar_widget_code":"<script type=\"text\/javascript\" src=\"https:\/\/widgets.bokun.io\/assets\/javascripts\/apps\/build\/BokunWidgetsLoader.js?bookingChannelUUID=a1e93e96-5232-4734-a595-28405f4b5a31\" async><\/script>\n     \n    <div class=\"bokunWidget\" data-src=\"https:\/\/widgets.bokun.io\/online-sales\/a1e93e96-5232-4734-a595-28405f4b5a31\/experience-calendar\/797851\"><\/div>\n    <noscript>Please enable javascript in your browser to book<\/noscript>","bokun_button_widget_code":"<script type=\"text\/javascript\" src=\"https:\/\/widgets.bokun.io\/assets\/javascripts\/apps\/build\/BokunWidgetsLoader.js?bookingChannelUUID=a1e93e96-5232-4734-a595-28405f4b5a31\" async><\/script>\n      <style> #bokun_ed001e45_5927_4f62_b470_ca766338d083 { display: inline-block; padding: .4em 1em; background: #47b82e; border-radius: 999999px; box-shadow: none; font-weight: 600; font-size: 24px; text-decoration: none; text-align: center; color: #FFFFFF; border:none; cursor: pointer; transition: background .2s ease; } #bokun_ed001e45_5927_4f62_b470_ca766338d083:hover{ background: #2f7b1f; } #bokun_ed001e45_5927_4f62_b470_ca766338d083:active{ background: #378f24; } <\/style> <button class=\"bokunButton\" disabled id=bokun_ed001e45_5927_4f62_b470_ca766338d083 data-src=\"https:\/\/widgets.bokun.io\/online-sales\/a1e93e96-5232-4734-a595-28405f4b5a31\/experience-calendar\/797851?partialView=1\" data-testid=\"widget-book-button\" > Book now <\/button> ","what_you\u2019ll_experience_during_the_game":"\u012esitraukite \u012f dideli\u0173 statym\u0173 pab\u0117gimo misij\u0105, vykstan\u010di\u0105 Emmen mieste, kur j\u016bs\u0173 komandai pavesta susekti Magnus\u0105, b\u0117gl\u012f genij\u0173, ir atgauti \u0161e\u0161ias pavogtas chemines formules, kol nesibaig\u0117 laikas. Istorija palaipsniui atsiskleid\u017eia jums judant po miest\u0105, atskleid\u017eiant svarbias u\u017euominas, de\u0161ifruojant \u017einutes ir \u012fsitraukiant \u012f eil\u0119 \u012ftraukian\u010di\u0173, istorija paremt\u0173 i\u0161\u0161\u016bki\u0173, unikaliai integruot\u0173 \u012f j\u016bs\u0173 aplink\u0105.\r\n\r\nKiekviename etape reikalingas a\u0161trus m\u0105stymas, sklandus bendradarbiavimas ir strateginiai sprendimai. Galvos\u016bkiai ir u\u017eduotys skirtos i\u0161bandyti j\u016bs\u0173 geb\u0117jim\u0105 dirbti kartu esant spaudimui, suteikiant lankstum\u0105 pristabdyti ir t\u0119sti misij\u0105, kai j\u016bs\u0173 komandai prireikia pertraukos. Su Emmen kaip gyvu fonu, kiekvienas j\u016bs\u0173 pasirinkimas stumia siu\u017eet\u0105 \u012f priek\u012f, \u012ftraukdamas jus giliau \u012f The Emmen Syndicate paslaptis.","how_to_play":"U\u017esisakykite miesto \u017eaidim\u0105, patikrinkite el. lai\u0161k\u0105, kur\u012f jums atsi\u0173sime su instrukcijomis, atsisi\u0173skite Loquiz App ir prad\u0117kite savo \u017eaidimo patirt\u012f!","start_location":"Emmen, Grote of Pancratiuskerk","available_languages":["nl","en"],"players_per_group":"1-4","duration":"1.5-2 hours","image_overlay_color_image":"https:\/\/testwebsite.citygame.com\/wp-content\/blogs.dir\/1\/files\/sites\/62\/2026\/01\/SyndicateColor.svg","image_overlay_game_logo":"https:\/\/testwebsite.citygame.com\/wp-content\/blogs.dir\/1\/files\/sites\/62\/2026\/01\/SyndicateLogo.png","city_page":4850,"woocommerce_general_content":null},"yoast_head":"<!-- This site is optimized with the Yoast SEO Premium plugin v26.2 (Yoast SEO v26.3) - https:\/\/yoast.com\/wordpress\/plugins\/seo\/ -->\n<title>The Emmen Syndicate - City Game<\/title>\n<meta name=\"description\" content=\"The Emmen Syndicate. \u017daiskite savaranki\u0161k\u0105 miesto pab\u0117gimo \u017eaidim\u0105, spr\u0119skite galvos\u016bkius, atlikite misijas ir atgaukite pavogtas formules savo tempu!\" \/>\n<meta name=\"robots\" content=\"noindex, follow, max-snippet:-1, max-image-preview:large, max-video-preview:-1\" \/>\n<meta property=\"og:locale\" content=\"lt_LT\" \/>\n<meta property=\"og:type\" content=\"article\" \/>\n<meta property=\"og:title\" content=\"The Emmen Syndicate\" \/>\n<meta property=\"og:description\" content=\"The Emmen Syndicate. \u017daiskite savaranki\u0161k\u0105 miesto pab\u0117gimo \u017eaidim\u0105, spr\u0119skite galvos\u016bkius, atlikite misijas ir atgaukite pavogtas formules savo tempu!\" \/>\n<meta property=\"og:url\" content=\"https:\/\/testwebsite.citygame.com\/lt\/games\/emmen\/the-emmen-syndicate\/\" \/>\n<meta property=\"og:site_name\" content=\"City Game\" \/>\n<meta property=\"article:publisher\" content=\"https:\/\/www.facebook.com\/profile.php?id=100086426226253\" \/>\n<meta property=\"article:modified_time\" content=\"2026-04-08T00:45:37+00:00\" \/>\n<meta property=\"og:image\" content=\"https:\/\/testwebsite.citygame.com\/wp-content\/blogs.dir\/1\/files\/sites\/62\/2026\/02\/secrets-of-emmen-player-grote-kerk-market-square.jpg\" \/>\n\t<meta property=\"og:image:width\" content=\"1024\" \/>\n\t<meta property=\"og:image:height\" content=\"1024\" \/>\n\t<meta property=\"og:image:type\" content=\"image\/jpeg\" \/>\n<meta name=\"twitter:card\" content=\"summary_large_image\" \/>\n<script type=\"application\/ld+json\" class=\"yoast-schema-graph\">{\"@context\":\"https:\/\/schema.org\",\"@graph\":[{\"@type\":\"WebPage\",\"@id\":\"https:\/\/testwebsite.citygame.com\/lt\/games\/emmen\/the-emmen-syndicate\/\",\"url\":\"https:\/\/testwebsite.citygame.com\/lt\/games\/emmen\/the-emmen-syndicate\/\",\"name\":\"The Emmen Syndicate - City Game\",\"isPartOf\":{\"@id\":\"https:\/\/testwebsite.upevents.nl\/#website\"},\"primaryImageOfPage\":{\"@id\":\"https:\/\/testwebsite.citygame.com\/lt\/games\/emmen\/the-emmen-syndicate\/#primaryimage\"},\"image\":{\"@id\":\"https:\/\/testwebsite.citygame.com\/lt\/games\/emmen\/the-emmen-syndicate\/#primaryimage\"},\"thumbnailUrl\":\"https:\/\/testwebsite.citygame.com\/wp-content\/blogs.dir\/1\/files\/sites\/62\/2026\/02\/secrets-of-emmen-player-grote-kerk-market-square.jpg\",\"datePublished\":\"2026-02-15T19:05:12+00:00\",\"dateModified\":\"2026-04-08T00:45:37+00:00\",\"description\":\"The Emmen Syndicate. \u017daiskite savaranki\u0161k\u0105 miesto pab\u0117gimo \u017eaidim\u0105, spr\u0119skite galvos\u016bkius, atlikite misijas ir atgaukite pavogtas formules savo tempu!\",\"breadcrumb\":{\"@id\":\"https:\/\/testwebsite.citygame.com\/lt\/games\/emmen\/the-emmen-syndicate\/#breadcrumb\"},\"inLanguage\":\"lt-LT\",\"potentialAction\":[{\"@type\":\"ReadAction\",\"target\":[\"https:\/\/testwebsite.citygame.com\/lt\/games\/emmen\/the-emmen-syndicate\/\"]}]},{\"@type\":\"ImageObject\",\"inLanguage\":\"lt-LT\",\"@id\":\"https:\/\/testwebsite.citygame.com\/lt\/games\/emmen\/the-emmen-syndicate\/#primaryimage\",\"url\":\"https:\/\/testwebsite.citygame.com\/wp-content\/blogs.dir\/1\/files\/sites\/62\/2026\/02\/secrets-of-emmen-player-grote-kerk-market-square.jpg\",\"contentUrl\":\"https:\/\/testwebsite.citygame.com\/wp-content\/blogs.dir\/1\/files\/sites\/62\/2026\/02\/secrets-of-emmen-player-grote-kerk-market-square.jpg\",\"width\":1024,\"height\":1024,\"caption\":\"A view of the market square and the Grote Kerk tower in Emmen, Netherlands.\"},{\"@type\":\"BreadcrumbList\",\"@id\":\"https:\/\/testwebsite.citygame.com\/lt\/games\/emmen\/the-emmen-syndicate\/#breadcrumb\",\"itemListElement\":[{\"@type\":\"ListItem\",\"position\":1,\"name\":\"Home\",\"item\":\"https:\/\/testwebsite.citygame.com\/lt\/\"},{\"@type\":\"ListItem\",\"position\":2,\"name\":\"Shop\",\"item\":\"https:\/\/testwebsite.citygame.com\/shop\/\"},{\"@type\":\"ListItem\",\"position\":3,\"name\":\"The Emmen Syndicate\"}]},{\"@type\":\"WebSite\",\"@id\":\"https:\/\/testwebsite.upevents.nl\/#website\",\"url\":\"https:\/\/testwebsite.upevents.nl\/\",\"name\":\"City Game\",\"description\":\"\",\"publisher\":{\"@id\":\"https:\/\/testwebsite.upevents.nl\/#organization\"},\"alternateName\":\"citygame.com\",\"potentialAction\":[{\"@type\":\"SearchAction\",\"target\":{\"@type\":\"EntryPoint\",\"urlTemplate\":\"https:\/\/testwebsite.upevents.nl\/?s={search_term_string}\"},\"query-input\":{\"@type\":\"PropertyValueSpecification\",\"valueRequired\":true,\"valueName\":\"search_term_string\"}}],\"inLanguage\":\"lt-LT\"},{\"@type\":[\"Organization\",\"Place\"],\"@id\":\"https:\/\/testwebsite.upevents.nl\/#organization\",\"name\":\"City Game\",\"alternateName\":\"citygame.com\",\"url\":\"https:\/\/testwebsite.upevents.nl\/\",\"logo\":{\"@id\":\"https:\/\/testwebsite.citygame.com\/lt\/games\/emmen\/the-emmen-syndicate\/#local-main-organization-logo\"},\"image\":{\"@id\":\"https:\/\/testwebsite.citygame.com\/lt\/games\/emmen\/the-emmen-syndicate\/#local-main-organization-logo\"},\"sameAs\":[\"https:\/\/www.facebook.com\/profile.php?id=100086426226253\",\"https:\/\/www.instagram.com\/citygame_com\",\"https:\/\/www.tiktok.com\/@citygamecom\/\",\"https:\/\/www.linkedin.com\/company\/citygame-com\"],\"description\":\"Turn any city into a playground with our interactive City Games and self-guided tours. Fun, flexible, and ideal for groups and team building.\",\"telephone\":[],\"openingHoursSpecification\":[{\"@type\":\"OpeningHoursSpecification\",\"dayOfWeek\":[\"Monday\",\"Tuesday\",\"Wednesday\",\"Thursday\",\"Friday\",\"Saturday\",\"Sunday\"],\"opens\":\"09:00\",\"closes\":\"17:00\"}]},{\"@type\":\"ImageObject\",\"inLanguage\":\"lt-LT\",\"@id\":\"https:\/\/testwebsite.citygame.com\/lt\/games\/emmen\/the-emmen-syndicate\/#local-main-organization-logo\",\"url\":\"https:\/\/testwebsite.citygame.com\/wp-content\/blogs.dir\/1\/files\/sites\/62\/2025\/10\/CG_LOGO-City-Game.png\",\"contentUrl\":\"https:\/\/testwebsite.citygame.com\/wp-content\/blogs.dir\/1\/files\/sites\/62\/2025\/10\/CG_LOGO-City-Game.png\",\"width\":351,\"height\":377,\"caption\":\"City Game\"}]}<\/script>\n<!-- \/ Yoast SEO Premium plugin. -->","yoast_head_json":{"title":"The Emmen Syndicate - City Game","description":"The Emmen Syndicate. \u017daiskite savaranki\u0161k\u0105 miesto pab\u0117gimo \u017eaidim\u0105, spr\u0119skite galvos\u016bkius, atlikite misijas ir atgaukite pavogtas formules savo tempu!","robots":{"index":"noindex","follow":"follow","max-snippet":"max-snippet:-1","max-image-preview":"max-image-preview:large","max-video-preview":"max-video-preview:-1"},"og_locale":"lt_LT","og_type":"article","og_title":"The Emmen Syndicate","og_description":"The Emmen Syndicate. \u017daiskite savaranki\u0161k\u0105 miesto pab\u0117gimo \u017eaidim\u0105, spr\u0119skite galvos\u016bkius, atlikite misijas ir atgaukite pavogtas formules savo tempu!","og_url":"https:\/\/testwebsite.citygame.com\/lt\/games\/emmen\/the-emmen-syndicate\/","og_site_name":"City Game","article_publisher":"https:\/\/www.facebook.com\/profile.php?id=100086426226253","article_modified_time":"2026-04-08T00:45:37+00:00","og_image":[{"width":1024,"height":1024,"url":"https:\/\/testwebsite.citygame.com\/wp-content\/blogs.dir\/1\/files\/sites\/62\/2026\/02\/secrets-of-emmen-player-grote-kerk-market-square.jpg","type":"image\/jpeg"}],"twitter_card":"summary_large_image","schema":{"@context":"https:\/\/schema.org","@graph":[{"@type":"WebPage","@id":"https:\/\/testwebsite.citygame.com\/lt\/games\/emmen\/the-emmen-syndicate\/","url":"https:\/\/testwebsite.citygame.com\/lt\/games\/emmen\/the-emmen-syndicate\/","name":"The Emmen Syndicate - City Game","isPartOf":{"@id":"https:\/\/testwebsite.upevents.nl\/#website"},"primaryImageOfPage":{"@id":"https:\/\/testwebsite.citygame.com\/lt\/games\/emmen\/the-emmen-syndicate\/#primaryimage"},"image":{"@id":"https:\/\/testwebsite.citygame.com\/lt\/games\/emmen\/the-emmen-syndicate\/#primaryimage"},"thumbnailUrl":"https:\/\/testwebsite.citygame.com\/wp-content\/blogs.dir\/1\/files\/sites\/62\/2026\/02\/secrets-of-emmen-player-grote-kerk-market-square.jpg","datePublished":"2026-02-15T19:05:12+00:00","dateModified":"2026-04-08T00:45:37+00:00","description":"The Emmen Syndicate. \u017daiskite savaranki\u0161k\u0105 miesto pab\u0117gimo \u017eaidim\u0105, spr\u0119skite galvos\u016bkius, atlikite misijas ir atgaukite pavogtas formules savo tempu!","breadcrumb":{"@id":"https:\/\/testwebsite.citygame.com\/lt\/games\/emmen\/the-emmen-syndicate\/#breadcrumb"},"inLanguage":"lt-LT","potentialAction":[{"@type":"ReadAction","target":["https:\/\/testwebsite.citygame.com\/lt\/games\/emmen\/the-emmen-syndicate\/"]}]},{"@type":"ImageObject","inLanguage":"lt-LT","@id":"https:\/\/testwebsite.citygame.com\/lt\/games\/emmen\/the-emmen-syndicate\/#primaryimage","url":"https:\/\/testwebsite.citygame.com\/wp-content\/blogs.dir\/1\/files\/sites\/62\/2026\/02\/secrets-of-emmen-player-grote-kerk-market-square.jpg","contentUrl":"https:\/\/testwebsite.citygame.com\/wp-content\/blogs.dir\/1\/files\/sites\/62\/2026\/02\/secrets-of-emmen-player-grote-kerk-market-square.jpg","width":1024,"height":1024,"caption":"A view of the market square and the Grote Kerk tower in Emmen, Netherlands."},{"@type":"BreadcrumbList","@id":"https:\/\/testwebsite.citygame.com\/lt\/games\/emmen\/the-emmen-syndicate\/#breadcrumb","itemListElement":[{"@type":"ListItem","position":1,"name":"Home","item":"https:\/\/testwebsite.citygame.com\/lt\/"},{"@type":"ListItem","position":2,"name":"Shop","item":"https:\/\/testwebsite.citygame.com\/shop\/"},{"@type":"ListItem","position":3,"name":"The Emmen Syndicate"}]},{"@type":"WebSite","@id":"https:\/\/testwebsite.upevents.nl\/#website","url":"https:\/\/testwebsite.upevents.nl\/","name":"City Game","description":"","publisher":{"@id":"https:\/\/testwebsite.upevents.nl\/#organization"},"alternateName":"citygame.com","potentialAction":[{"@type":"SearchAction","target":{"@type":"EntryPoint","urlTemplate":"https:\/\/testwebsite.upevents.nl\/?s={search_term_string}"},"query-input":{"@type":"PropertyValueSpecification","valueRequired":true,"valueName":"search_term_string"}}],"inLanguage":"lt-LT"},{"@type":["Organization","Place"],"@id":"https:\/\/testwebsite.upevents.nl\/#organization","name":"City Game","alternateName":"citygame.com","url":"https:\/\/testwebsite.upevents.nl\/","logo":{"@id":"https:\/\/testwebsite.citygame.com\/lt\/games\/emmen\/the-emmen-syndicate\/#local-main-organization-logo"},"image":{"@id":"https:\/\/testwebsite.citygame.com\/lt\/games\/emmen\/the-emmen-syndicate\/#local-main-organization-logo"},"sameAs":["https:\/\/www.facebook.com\/profile.php?id=100086426226253","https:\/\/www.instagram.com\/citygame_com","https:\/\/www.tiktok.com\/@citygamecom\/","https:\/\/www.linkedin.com\/company\/citygame-com"],"description":"Turn any city into a playground with our interactive City Games and self-guided tours. Fun, flexible, and ideal for groups and team building.","telephone":[],"openingHoursSpecification":[{"@type":"OpeningHoursSpecification","dayOfWeek":["Monday","Tuesday","Wednesday","Thursday","Friday","Saturday","Sunday"],"opens":"09:00","closes":"17:00"}]},{"@type":"ImageObject","inLanguage":"lt-LT","@id":"https:\/\/testwebsite.citygame.com\/lt\/games\/emmen\/the-emmen-syndicate\/#local-main-organization-logo","url":"https:\/\/testwebsite.citygame.com\/wp-content\/blogs.dir\/1\/files\/sites\/62\/2025\/10\/CG_LOGO-City-Game.png","contentUrl":"https:\/\/testwebsite.citygame.com\/wp-content\/blogs.dir\/1\/files\/sites\/62\/2025\/10\/CG_LOGO-City-Game.png","width":351,"height":377,"caption":"City Game"}]}},"taxonomy_info":{"game-concept":[{"value":752,"label":"Syndicate"}],"location":[{"value":156,"label":"Emmen"}],"product_cat":[{"value":27,"label":"Geen categorie"}]},"featured_image_src_large":["https:\/\/testwebsite.citygame.com\/wp-content\/blogs.dir\/1\/files\/sites\/62\/2026\/02\/secrets-of-emmen-player-grote-kerk-market-square.jpg",1024,1024,false],"author_info":[],"comment_info":"","_links":{"self":[{"href":"https:\/\/testwebsite.citygame.com\/lt\/wp-json\/wp\/v2\/product\/57580","targetHints":{"allow":["GET"]}}],"collection":[{"href":"https:\/\/testwebsite.citygame.com\/lt\/wp-json\/wp\/v2\/product"}],"about":[{"href":"https:\/\/testwebsite.citygame.com\/lt\/wp-json\/wp\/v2\/types\/product"}],"acf:post":[{"embeddable":true,"href":"https:\/\/testwebsite.citygame.com\/lt\/wp-json\/wp\/v2\/pages\/4850"}],"wp:featuredmedia":[{"embeddable":true,"href":"https:\/\/testwebsite.citygame.com\/lt\/wp-json\/wp\/v2\/media\/13815"}],"wp:attachment":[{"href":"https:\/\/testwebsite.citygame.com\/lt\/wp-json\/wp\/v2\/media?parent=57580"}],"wp:term":[{"taxonomy":"game-concept","embeddable":true,"href":"https:\/\/testwebsite.citygame.com\/lt\/wp-json\/wp\/v2\/game-concept?post=57580"},{"taxonomy":"location","embeddable":true,"href":"https:\/\/testwebsite.citygame.com\/lt\/wp-json\/wp\/v2\/location?post=57580"},{"taxonomy":"product_brand","embeddable":true,"href":"https:\/\/testwebsite.citygame.com\/lt\/wp-json\/wp\/v2\/product_brand?post=57580"},{"taxonomy":"product_cat","embeddable":true,"href":"https:\/\/testwebsite.citygame.com\/lt\/wp-json\/wp\/v2\/product_cat?post=57580"},{"taxonomy":"product_tag","embeddable":true,"href":"https:\/\/testwebsite.citygame.com\/lt\/wp-json\/wp\/v2\/product_tag?post=57580"}],"curies":[{"name":"wp","href":"https:\/\/api.w.org\/{rel}","templated":true}]}}