{"id":57405,"date":"2026-02-13T19:08:37","date_gmt":"2026-02-13T19:08:37","guid":{"rendered":"https:\/\/testwebsite.citygame.com\/games\/unknown-location\/the-roermond-syndicate\/"},"modified":"2026-04-08T00:25:23","modified_gmt":"2026-04-08T00:25:23","slug":"the-roermond-syndicate","status":"publish","type":"product","link":"https:\/\/testwebsite.citygame.com\/lt\/games\/roermond\/the-roermond-syndicate\/","title":{"rendered":"The Roermond Syndicate"},"content":{"rendered":"<p>\u0160is savaranki\u0161kas miesto pab\u0117gimo \u017eaidimas Roermonde vyksta Roermondo miesto centre. Kaip komanda, \u017eaid\u0117jai seka \u012ftraukian\u010di\u0105 istorij\u0105, kad surast\u0173 Magnuso ir atgaut\u0173 \u0161e\u0161ias pavogtas formules, \u017eingsnis po \u017eingsnio \u012fveikdami i\u0161\u0161\u016bkius, reikalaujan\u010dius susikaupimo ir bendradarbiavimo. Miesto \u017eaidimas Roermonde sujungia interaktyvius galvos\u016bkius ir \u012ftraukian\u010dias u\u017eduotis su \u012ftraukian\u010diu pasakojimu ir komandiniu darbu, kad suteikt\u0173 misija pagr\u012fst\u0105 miesto nuotyk\u012f.<\/p>\n","protected":false},"excerpt":{"rendered":"<p>Pasinerkite \u012f Roermondo \u0161ird\u012f ir imkit\u0117s miesto pab\u0117gimo \u017eaidimo \u201eThe Roermond Syndicate\u201c \u2013 savaranki\u0161ko nuotykio, kuris patikrins j\u016bs\u0173 i\u0161radingum\u0105 ir sumanum\u0105. Sujunkite j\u0117gas su savo komanda, sekite painius u\u017euominas, spr\u0119skite \u017eavius galvos\u016bkius ir kartu atskleiskite paslapt\u012f \u2013 tiesa laukia, jei esate pasireng\u0119 i\u0161\u0161\u016bkiui!<\/p>\n","protected":false},"featured_media":13793,"template":"","meta":{"_acf_changed":false,"_yoast_wpseo_focuskw":"The Roermond Syndicate","_yoast_wpseo_metadesc":"The Roermond Syndicate. \u017daiskite savaranki\u0161k\u0105 miesto pab\u0117gimo \u017eaidim\u0105, spr\u0119skite galvos\u016bkius, atlikite misijas ir atgaukite pavogtas formules savo tempu!","_kad_blocks_custom_css":"","_kad_blocks_head_custom_js":"","_kad_blocks_body_custom_js":"","_kad_blocks_footer_custom_js":"","ghostkit_customizer_options":"","ghostkit_custom_css":"","ghostkit_custom_js_head":"","ghostkit_custom_js_foot":"","ghostkit_typography":"","_kad_post_transparent":"","_kad_post_title":"","_kad_post_layout":"","_kad_post_sidebar_id":"","_kad_post_content_style":"","_kad_post_vertical_padding":"","_kad_post_feature":"","_kad_post_feature_position":"","_kad_post_header":false,"_kad_post_footer":false,"_kad_post_classname":"","_links_to":"","_links_to_target":""},"game-concept":[752],"location":[345],"product_brand":[],"product_cat":[27],"product_tag":[],"class_list":{"0":"post-57405","1":"product","2":"type-product","3":"status-publish","4":"has-post-thumbnail","6":"game-concept-syndicate","7":"location-roermond","8":"product_cat-geen-categorie","10":"first","11":"instock","12":"shipping-taxable","13":"purchasable","14":"product-type-simple","15":"entry","16":"content-bg","17":"loop-entry"},"acf":{"full_bokun_product_name":"Self-Guided The Roermond Syndicate City Escape Game","location_name":"Roermond","bokun_calendar_widget_code":"<script type=\"text\/javascript\" src=\"https:\/\/widgets.bokun.io\/assets\/javascripts\/apps\/build\/BokunWidgetsLoader.js?bookingChannelUUID=a1e93e96-5232-4734-a595-28405f4b5a31\" async><\/script>\n     \n    <div class=\"bokunWidget\" data-src=\"https:\/\/widgets.bokun.io\/online-sales\/a1e93e96-5232-4734-a595-28405f4b5a31\/experience-calendar\/797563\"><\/div>\n    <noscript>Please enable javascript in your browser to book<\/noscript>","bokun_button_widget_code":"<script type=\"text\/javascript\" src=\"https:\/\/widgets.bokun.io\/assets\/javascripts\/apps\/build\/BokunWidgetsLoader.js?bookingChannelUUID=a1e93e96-5232-4734-a595-28405f4b5a31\" async><\/script>\n      <style> #bokun_ed001e45_5927_4f62_b470_ca766338d083 { display: inline-block; padding: .4em 1em; background: #47b82e; border-radius: 999999px; box-shadow: none; font-weight: 600; font-size: 24px; text-decoration: none; text-align: center; color: #FFFFFF; border:none; cursor: pointer; transition: background .2s ease; } #bokun_ed001e45_5927_4f62_b470_ca766338d083:hover{ background: #2f7b1f; } #bokun_ed001e45_5927_4f62_b470_ca766338d083:active{ background: #378f24; } <\/style> <button class=\"bokunButton\" disabled id=bokun_ed001e45_5927_4f62_b470_ca766338d083 data-src=\"https:\/\/widgets.bokun.io\/online-sales\/a1e93e96-5232-4734-a595-28405f4b5a31\/experience-calendar\/797563?partialView=1\" data-testid=\"widget-book-button\" > Book now <\/button> ","what_you\u2019ll_experience_during_the_game":"*The Roermond Syndicate* metu j\u016bs ir j\u016bs\u0173 komanda esate \u012fstumiami \u012f dideli\u0173 statym\u0173 pab\u0117gimo misij\u0105, vykstan\u010di\u0105 Roermondo gatv\u0117mis. B\u016bdami slaptosios darbo grup\u0117s dalis, j\u016bs\u0173 tikslas ai\u0161kus: surasti sunkiai pasiekiam\u0105 Magnuso ir atgauti \u0161e\u0161ias pavogtas formules, kol jos nepradingo visam laikui. Misija vystosi \u017eingsnis po \u017eingsnio, kai nar\u0161ote miest\u0105, sekdami u\u017euomin\u0173 tinkl\u0105, u\u017e\u0161ifruotas \u017einutes ir \u012ftartinus judesius.\n\nPatirtis yra visi\u0161kai pagr\u012fsta istorija, i\u0161\u0161\u016bkiu j\u016bs\u0173 komandai su galvos\u016bki\u0173, kod\u0173 ir laiku ribojam\u0173 u\u017eduo\u010di\u0173 serija, kurios reikalauja a\u0161traus m\u0105stymo ir koordinuot\u0173 veiksm\u0173. Kiekvienas sprendimas yra svarbus, o s\u0117km\u0117 priklauso nuo to, kaip gerai bendraujate, pasiskirstote atsakomybe ir prisitaikote esant spaudimui. Tur\u0117dami galimyb\u0119 pristabdyti ir t\u0119sti savo tempu, i\u0161laikote operacijos kontrol\u0119, o miestas tampa gyvu fonu j\u016bs\u0173 besivystan\u010diai misijai.","how_to_play":"U\u017esisakykite miesto \u017eaidim\u0105, patikrinkite m\u016bs\u0173 siun\u010diam\u0105 el. lai\u0161k\u0105 su instrukcijomis, atsisi\u0173skite \u201eLoquiz\u201c program\u0117l\u0119 ir prad\u0117kite savo \u017eaidimo patirt\u012f!","start_location":"Roermond, Munsterplein","available_languages":["en","nl"],"players_per_group":"1-4","duration":"1.5-2 hours","image_overlay_color_image":"https:\/\/testwebsite.citygame.com\/wp-content\/blogs.dir\/1\/files\/sites\/62\/2026\/01\/SyndicateColor.svg","image_overlay_game_logo":"https:\/\/testwebsite.citygame.com\/wp-content\/blogs.dir\/1\/files\/sites\/62\/2026\/01\/SyndicateLogo.png","city_page":4820,"woocommerce_general_content":null},"yoast_head":"<!-- This site is optimized with the Yoast SEO Premium plugin v26.2 (Yoast SEO v26.3) - https:\/\/yoast.com\/wordpress\/plugins\/seo\/ -->\n<title>The Roermond Syndicate - City Game<\/title>\n<meta name=\"description\" content=\"The Roermond Syndicate. \u017daiskite savaranki\u0161k\u0105 miesto pab\u0117gimo \u017eaidim\u0105, spr\u0119skite galvos\u016bkius, atlikite misijas ir atgaukite pavogtas formules savo tempu!\" \/>\n<meta name=\"robots\" content=\"noindex, follow, max-snippet:-1, max-image-preview:large, max-video-preview:-1\" \/>\n<meta property=\"og:locale\" content=\"lt_LT\" \/>\n<meta property=\"og:type\" content=\"article\" \/>\n<meta property=\"og:title\" content=\"The Roermond Syndicate\" \/>\n<meta property=\"og:description\" content=\"The Roermond Syndicate. \u017daiskite savaranki\u0161k\u0105 miesto pab\u0117gimo \u017eaidim\u0105, spr\u0119skite galvos\u016bkius, atlikite misijas ir atgaukite pavogtas formules savo tempu!\" \/>\n<meta property=\"og:url\" content=\"https:\/\/testwebsite.citygame.com\/lt\/games\/roermond\/the-roermond-syndicate\/\" \/>\n<meta property=\"og:site_name\" content=\"City Game\" \/>\n<meta property=\"article:publisher\" content=\"https:\/\/www.facebook.com\/profile.php?id=100086426226253\" \/>\n<meta property=\"article:modified_time\" content=\"2026-04-08T00:25:23+00:00\" \/>\n<meta property=\"og:image\" content=\"https:\/\/testwebsite.citygame.com\/wp-content\/blogs.dir\/1\/files\/sites\/62\/2026\/02\/roermond-players-city-game-de-poort.jpg\" \/>\n\t<meta property=\"og:image:width\" content=\"1024\" \/>\n\t<meta property=\"og:image:height\" content=\"1024\" \/>\n\t<meta property=\"og:image:type\" content=\"image\/jpeg\" \/>\n<meta name=\"twitter:card\" content=\"summary_large_image\" \/>\n<script type=\"application\/ld+json\" class=\"yoast-schema-graph\">{\"@context\":\"https:\/\/schema.org\",\"@graph\":[{\"@type\":\"WebPage\",\"@id\":\"https:\/\/testwebsite.citygame.com\/lt\/games\/roermond\/the-roermond-syndicate\/\",\"url\":\"https:\/\/testwebsite.citygame.com\/lt\/games\/roermond\/the-roermond-syndicate\/\",\"name\":\"The Roermond Syndicate - City Game\",\"isPartOf\":{\"@id\":\"https:\/\/testwebsite.upevents.nl\/#website\"},\"primaryImageOfPage\":{\"@id\":\"https:\/\/testwebsite.citygame.com\/lt\/games\/roermond\/the-roermond-syndicate\/#primaryimage\"},\"image\":{\"@id\":\"https:\/\/testwebsite.citygame.com\/lt\/games\/roermond\/the-roermond-syndicate\/#primaryimage\"},\"thumbnailUrl\":\"https:\/\/testwebsite.citygame.com\/wp-content\/blogs.dir\/1\/files\/sites\/62\/2026\/02\/roermond-players-city-game-de-poort.jpg\",\"datePublished\":\"2026-02-13T19:08:37+00:00\",\"dateModified\":\"2026-04-08T00:25:23+00:00\",\"description\":\"The Roermond Syndicate. \u017daiskite savaranki\u0161k\u0105 miesto pab\u0117gimo \u017eaidim\u0105, spr\u0119skite galvos\u016bkius, atlikite misijas ir atgaukite pavogtas formules savo tempu!\",\"breadcrumb\":{\"@id\":\"https:\/\/testwebsite.citygame.com\/lt\/games\/roermond\/the-roermond-syndicate\/#breadcrumb\"},\"inLanguage\":\"lt-LT\",\"potentialAction\":[{\"@type\":\"ReadAction\",\"target\":[\"https:\/\/testwebsite.citygame.com\/lt\/games\/roermond\/the-roermond-syndicate\/\"]}]},{\"@type\":\"ImageObject\",\"inLanguage\":\"lt-LT\",\"@id\":\"https:\/\/testwebsite.citygame.com\/lt\/games\/roermond\/the-roermond-syndicate\/#primaryimage\",\"url\":\"https:\/\/testwebsite.citygame.com\/wp-content\/blogs.dir\/1\/files\/sites\/62\/2026\/02\/roermond-players-city-game-de-poort.jpg\",\"contentUrl\":\"https:\/\/testwebsite.citygame.com\/wp-content\/blogs.dir\/1\/files\/sites\/62\/2026\/02\/roermond-players-city-game-de-poort.jpg\",\"width\":1024,\"height\":1024,\"caption\":\"A group of young people gather around a smartphone while exploring the city of Roermond.\"},{\"@type\":\"BreadcrumbList\",\"@id\":\"https:\/\/testwebsite.citygame.com\/lt\/games\/roermond\/the-roermond-syndicate\/#breadcrumb\",\"itemListElement\":[{\"@type\":\"ListItem\",\"position\":1,\"name\":\"Home\",\"item\":\"https:\/\/testwebsite.citygame.com\/lt\/\"},{\"@type\":\"ListItem\",\"position\":2,\"name\":\"Shop\",\"item\":\"https:\/\/testwebsite.citygame.com\/shop\/\"},{\"@type\":\"ListItem\",\"position\":3,\"name\":\"The Roermond Syndicate\"}]},{\"@type\":\"WebSite\",\"@id\":\"https:\/\/testwebsite.upevents.nl\/#website\",\"url\":\"https:\/\/testwebsite.upevents.nl\/\",\"name\":\"City Game\",\"description\":\"\",\"publisher\":{\"@id\":\"https:\/\/testwebsite.upevents.nl\/#organization\"},\"alternateName\":\"citygame.com\",\"potentialAction\":[{\"@type\":\"SearchAction\",\"target\":{\"@type\":\"EntryPoint\",\"urlTemplate\":\"https:\/\/testwebsite.upevents.nl\/?s={search_term_string}\"},\"query-input\":{\"@type\":\"PropertyValueSpecification\",\"valueRequired\":true,\"valueName\":\"search_term_string\"}}],\"inLanguage\":\"lt-LT\"},{\"@type\":[\"Organization\",\"Place\"],\"@id\":\"https:\/\/testwebsite.upevents.nl\/#organization\",\"name\":\"City Game\",\"alternateName\":\"citygame.com\",\"url\":\"https:\/\/testwebsite.upevents.nl\/\",\"logo\":{\"@id\":\"https:\/\/testwebsite.citygame.com\/lt\/games\/roermond\/the-roermond-syndicate\/#local-main-organization-logo\"},\"image\":{\"@id\":\"https:\/\/testwebsite.citygame.com\/lt\/games\/roermond\/the-roermond-syndicate\/#local-main-organization-logo\"},\"sameAs\":[\"https:\/\/www.facebook.com\/profile.php?id=100086426226253\",\"https:\/\/www.instagram.com\/citygame_com\",\"https:\/\/www.tiktok.com\/@citygamecom\/\",\"https:\/\/www.linkedin.com\/company\/citygame-com\"],\"description\":\"Turn any city into a playground with our interactive City Games and self-guided tours. Fun, flexible, and ideal for groups and team building.\",\"telephone\":[],\"openingHoursSpecification\":[{\"@type\":\"OpeningHoursSpecification\",\"dayOfWeek\":[\"Monday\",\"Tuesday\",\"Wednesday\",\"Thursday\",\"Friday\",\"Saturday\",\"Sunday\"],\"opens\":\"09:00\",\"closes\":\"17:00\"}]},{\"@type\":\"ImageObject\",\"inLanguage\":\"lt-LT\",\"@id\":\"https:\/\/testwebsite.citygame.com\/lt\/games\/roermond\/the-roermond-syndicate\/#local-main-organization-logo\",\"url\":\"https:\/\/testwebsite.citygame.com\/wp-content\/blogs.dir\/1\/files\/sites\/62\/2025\/10\/CG_LOGO-City-Game.png\",\"contentUrl\":\"https:\/\/testwebsite.citygame.com\/wp-content\/blogs.dir\/1\/files\/sites\/62\/2025\/10\/CG_LOGO-City-Game.png\",\"width\":351,\"height\":377,\"caption\":\"City Game\"}]}<\/script>\n<!-- \/ Yoast SEO Premium plugin. -->","yoast_head_json":{"title":"The Roermond Syndicate - City Game","description":"The Roermond Syndicate. \u017daiskite savaranki\u0161k\u0105 miesto pab\u0117gimo \u017eaidim\u0105, spr\u0119skite galvos\u016bkius, atlikite misijas ir atgaukite pavogtas formules savo tempu!","robots":{"index":"noindex","follow":"follow","max-snippet":"max-snippet:-1","max-image-preview":"max-image-preview:large","max-video-preview":"max-video-preview:-1"},"og_locale":"lt_LT","og_type":"article","og_title":"The Roermond Syndicate","og_description":"The Roermond Syndicate. \u017daiskite savaranki\u0161k\u0105 miesto pab\u0117gimo \u017eaidim\u0105, spr\u0119skite galvos\u016bkius, atlikite misijas ir atgaukite pavogtas formules savo tempu!","og_url":"https:\/\/testwebsite.citygame.com\/lt\/games\/roermond\/the-roermond-syndicate\/","og_site_name":"City Game","article_publisher":"https:\/\/www.facebook.com\/profile.php?id=100086426226253","article_modified_time":"2026-04-08T00:25:23+00:00","og_image":[{"width":1024,"height":1024,"url":"https:\/\/testwebsite.citygame.com\/wp-content\/blogs.dir\/1\/files\/sites\/62\/2026\/02\/roermond-players-city-game-de-poort.jpg","type":"image\/jpeg"}],"twitter_card":"summary_large_image","schema":{"@context":"https:\/\/schema.org","@graph":[{"@type":"WebPage","@id":"https:\/\/testwebsite.citygame.com\/lt\/games\/roermond\/the-roermond-syndicate\/","url":"https:\/\/testwebsite.citygame.com\/lt\/games\/roermond\/the-roermond-syndicate\/","name":"The Roermond Syndicate - City Game","isPartOf":{"@id":"https:\/\/testwebsite.upevents.nl\/#website"},"primaryImageOfPage":{"@id":"https:\/\/testwebsite.citygame.com\/lt\/games\/roermond\/the-roermond-syndicate\/#primaryimage"},"image":{"@id":"https:\/\/testwebsite.citygame.com\/lt\/games\/roermond\/the-roermond-syndicate\/#primaryimage"},"thumbnailUrl":"https:\/\/testwebsite.citygame.com\/wp-content\/blogs.dir\/1\/files\/sites\/62\/2026\/02\/roermond-players-city-game-de-poort.jpg","datePublished":"2026-02-13T19:08:37+00:00","dateModified":"2026-04-08T00:25:23+00:00","description":"The Roermond Syndicate. \u017daiskite savaranki\u0161k\u0105 miesto pab\u0117gimo \u017eaidim\u0105, spr\u0119skite galvos\u016bkius, atlikite misijas ir atgaukite pavogtas formules savo tempu!","breadcrumb":{"@id":"https:\/\/testwebsite.citygame.com\/lt\/games\/roermond\/the-roermond-syndicate\/#breadcrumb"},"inLanguage":"lt-LT","potentialAction":[{"@type":"ReadAction","target":["https:\/\/testwebsite.citygame.com\/lt\/games\/roermond\/the-roermond-syndicate\/"]}]},{"@type":"ImageObject","inLanguage":"lt-LT","@id":"https:\/\/testwebsite.citygame.com\/lt\/games\/roermond\/the-roermond-syndicate\/#primaryimage","url":"https:\/\/testwebsite.citygame.com\/wp-content\/blogs.dir\/1\/files\/sites\/62\/2026\/02\/roermond-players-city-game-de-poort.jpg","contentUrl":"https:\/\/testwebsite.citygame.com\/wp-content\/blogs.dir\/1\/files\/sites\/62\/2026\/02\/roermond-players-city-game-de-poort.jpg","width":1024,"height":1024,"caption":"A group of young people gather around a smartphone while exploring the city of Roermond."},{"@type":"BreadcrumbList","@id":"https:\/\/testwebsite.citygame.com\/lt\/games\/roermond\/the-roermond-syndicate\/#breadcrumb","itemListElement":[{"@type":"ListItem","position":1,"name":"Home","item":"https:\/\/testwebsite.citygame.com\/lt\/"},{"@type":"ListItem","position":2,"name":"Shop","item":"https:\/\/testwebsite.citygame.com\/shop\/"},{"@type":"ListItem","position":3,"name":"The Roermond Syndicate"}]},{"@type":"WebSite","@id":"https:\/\/testwebsite.upevents.nl\/#website","url":"https:\/\/testwebsite.upevents.nl\/","name":"City Game","description":"","publisher":{"@id":"https:\/\/testwebsite.upevents.nl\/#organization"},"alternateName":"citygame.com","potentialAction":[{"@type":"SearchAction","target":{"@type":"EntryPoint","urlTemplate":"https:\/\/testwebsite.upevents.nl\/?s={search_term_string}"},"query-input":{"@type":"PropertyValueSpecification","valueRequired":true,"valueName":"search_term_string"}}],"inLanguage":"lt-LT"},{"@type":["Organization","Place"],"@id":"https:\/\/testwebsite.upevents.nl\/#organization","name":"City Game","alternateName":"citygame.com","url":"https:\/\/testwebsite.upevents.nl\/","logo":{"@id":"https:\/\/testwebsite.citygame.com\/lt\/games\/roermond\/the-roermond-syndicate\/#local-main-organization-logo"},"image":{"@id":"https:\/\/testwebsite.citygame.com\/lt\/games\/roermond\/the-roermond-syndicate\/#local-main-organization-logo"},"sameAs":["https:\/\/www.facebook.com\/profile.php?id=100086426226253","https:\/\/www.instagram.com\/citygame_com","https:\/\/www.tiktok.com\/@citygamecom\/","https:\/\/www.linkedin.com\/company\/citygame-com"],"description":"Turn any city into a playground with our interactive City Games and self-guided tours. Fun, flexible, and ideal for groups and team building.","telephone":[],"openingHoursSpecification":[{"@type":"OpeningHoursSpecification","dayOfWeek":["Monday","Tuesday","Wednesday","Thursday","Friday","Saturday","Sunday"],"opens":"09:00","closes":"17:00"}]},{"@type":"ImageObject","inLanguage":"lt-LT","@id":"https:\/\/testwebsite.citygame.com\/lt\/games\/roermond\/the-roermond-syndicate\/#local-main-organization-logo","url":"https:\/\/testwebsite.citygame.com\/wp-content\/blogs.dir\/1\/files\/sites\/62\/2025\/10\/CG_LOGO-City-Game.png","contentUrl":"https:\/\/testwebsite.citygame.com\/wp-content\/blogs.dir\/1\/files\/sites\/62\/2025\/10\/CG_LOGO-City-Game.png","width":351,"height":377,"caption":"City Game"}]}},"taxonomy_info":{"game-concept":[{"value":752,"label":"Syndicate"}],"location":[{"value":345,"label":"Roermond"}],"product_cat":[{"value":27,"label":"Geen categorie"}]},"featured_image_src_large":["https:\/\/testwebsite.citygame.com\/wp-content\/blogs.dir\/1\/files\/sites\/62\/2026\/02\/roermond-players-city-game-de-poort.jpg",1024,1024,false],"author_info":[],"comment_info":"","_links":{"self":[{"href":"https:\/\/testwebsite.citygame.com\/lt\/wp-json\/wp\/v2\/product\/57405","targetHints":{"allow":["GET"]}}],"collection":[{"href":"https:\/\/testwebsite.citygame.com\/lt\/wp-json\/wp\/v2\/product"}],"about":[{"href":"https:\/\/testwebsite.citygame.com\/lt\/wp-json\/wp\/v2\/types\/product"}],"acf:post":[{"embeddable":true,"href":"https:\/\/testwebsite.citygame.com\/lt\/wp-json\/wp\/v2\/pages\/4820"}],"wp:featuredmedia":[{"embeddable":true,"href":"https:\/\/testwebsite.citygame.com\/lt\/wp-json\/wp\/v2\/media\/13793"}],"wp:attachment":[{"href":"https:\/\/testwebsite.citygame.com\/lt\/wp-json\/wp\/v2\/media?parent=57405"}],"wp:term":[{"taxonomy":"game-concept","embeddable":true,"href":"https:\/\/testwebsite.citygame.com\/lt\/wp-json\/wp\/v2\/game-concept?post=57405"},{"taxonomy":"location","embeddable":true,"href":"https:\/\/testwebsite.citygame.com\/lt\/wp-json\/wp\/v2\/location?post=57405"},{"taxonomy":"product_brand","embeddable":true,"href":"https:\/\/testwebsite.citygame.com\/lt\/wp-json\/wp\/v2\/product_brand?post=57405"},{"taxonomy":"product_cat","embeddable":true,"href":"https:\/\/testwebsite.citygame.com\/lt\/wp-json\/wp\/v2\/product_cat?post=57405"},{"taxonomy":"product_tag","embeddable":true,"href":"https:\/\/testwebsite.citygame.com\/lt\/wp-json\/wp\/v2\/product_tag?post=57405"}],"curies":[{"name":"wp","href":"https:\/\/api.w.org\/{rel}","templated":true}]}}