{"id":56812,"date":"2026-01-27T10:52:29","date_gmt":"2026-01-27T10:52:29","guid":{"rendered":"https:\/\/testwebsite.citygame.com\/games\/unknown-location\/secrets-of-leeuwarden\/"},"modified":"2026-04-07T23:19:27","modified_gmt":"2026-04-07T23:19:27","slug":"secrets-of-leeuwarden","status":"publish","type":"product","link":"https:\/\/testwebsite.citygame.com\/lt\/games\/leeuwarden\/secrets-of-leeuwarden\/","title":{"rendered":"Secrets of Leeuwarden"},"content":{"rendered":"<p>Leeuwardeno miesto \u017eaidimas \u2013 tai savaranki\u0161kas, GPS pagrindu veikiantis \u017eaidimas, vykstantis istoriniame Leeuwardeno centre. Naudodamiesi savo i\u0161maniuoju telefonu, tyrin\u0117site miest\u0105 spr\u0119sdami \u012fvairius galvos\u016bkius, m\u012fsles ir nuotrauk\u0173 i\u0161\u0161\u016bkius, atrasdami pasl\u0117ptas detales visos kelion\u0117s metu. \u0160is tyrin\u0117jimo \u017eaidimas si\u016blo smag\u0173 ir \u012ftraukiant\u012f b\u016bd\u0105 pa\u017einti Leeuwardeno istorij\u0105 ir kult\u016br\u0105 savo tempu. Sukurta tiek lankytojams, tiek vietiniams gyventojams, savaranki\u0161kas miesto \u017eaidimas tinka pavieniams \u017eaid\u0117jams, poroms, \u0161eimoms ir draug\u0173 grup\u0117ms. Atraskite nauj\u0105 Leeuwardeno pus\u0119 su \u0161ia interaktyvia GPS pagrindu veikian\u010dia \u017eaidimo patirtimi.<\/p>\n","protected":false},"excerpt":{"rendered":"<p>Atraskite Leeuwardeno legend\u0105 ir palikim\u0105! Pasinerkite \u012f miest\u0105, kurio kiekvienu kanalu teka tradicijos, o paveldas atsispindi senuose v\u0117jo mal\u016bnuose ir gyvybinguose turguose. Spr\u0119skite m\u012fsles nar\u0161ydami po jo charizmati\u0161k\u0105 branduol\u012f \u2013 Leeuwardenas kupinas atradim\u0173 u\u017e kiekvieno kampo!<\/p>\n","protected":false},"featured_media":4447,"template":"","meta":{"_acf_changed":false,"_yoast_wpseo_focuskw":"Secrets of Leeuwarden","_yoast_wpseo_metadesc":"Secrets of Leeuwarden. \u017daiskite savaranki\u0161k\u0105 Miesto \u017eaidim\u0105 ir tyrin\u0117kite miest\u0105 spr\u0119sdami galvos\u016bkius, m\u012fsles ir i\u0161\u0161\u016bkius. \u017daiskite savo tempu ir atraskite kaip vietinis!","_kad_blocks_custom_css":"","_kad_blocks_head_custom_js":"","_kad_blocks_body_custom_js":"","_kad_blocks_footer_custom_js":"","ghostkit_customizer_options":"","ghostkit_custom_css":"","ghostkit_custom_js_head":"","ghostkit_custom_js_foot":"","ghostkit_typography":"","_kad_post_transparent":"","_kad_post_title":"","_kad_post_layout":"","_kad_post_sidebar_id":"","_kad_post_content_style":"","_kad_post_vertical_padding":"","_kad_post_feature":"","_kad_post_feature_position":"","_kad_post_header":false,"_kad_post_footer":false,"_kad_post_classname":"","_links_to":"","_links_to_target":""},"game-concept":[722],"location":[238],"product_brand":[],"product_cat":[27],"product_tag":[],"class_list":{"0":"post-56812","1":"product","2":"type-product","3":"status-publish","4":"has-post-thumbnail","6":"game-concept-secrets","7":"location-leeuwarden","8":"product_cat-geen-categorie","10":"first","11":"instock","12":"shipping-taxable","13":"purchasable","14":"product-type-simple","15":"entry","16":"content-bg","17":"loop-entry"},"acf":{"full_bokun_product_name":"Self-Guided Secrets of Leeuwarden Exploration Game","location_name":"Leeuwarden","bokun_calendar_widget_code":"<script type=\"text\/javascript\" src=\"https:\/\/widgets.bokun.io\/assets\/javascripts\/apps\/build\/BokunWidgetsLoader.js?bookingChannelUUID=a1e93e96-5232-4734-a595-28405f4b5a31\" async><\/script>\n     \n    <div class=\"bokunWidget\" data-src=\"https:\/\/widgets.bokun.io\/online-sales\/a1e93e96-5232-4734-a595-28405f4b5a31\/experience-calendar\/723411\"><\/div>\n    <noscript>Please enable javascript in your browser to book<\/noscript>","bokun_button_widget_code":"<script type=\"text\/javascript\" src=\"https:\/\/widgets.bokun.io\/assets\/javascripts\/apps\/build\/BokunWidgetsLoader.js?bookingChannelUUID=a1e93e96-5232-4734-a595-28405f4b5a31\" async><\/script>\n      <style> #bokun_ed001e45_5927_4f62_b470_ca766338d083 { display: inline-block; padding: .4em 1em; background: #47b82e; border-radius: 999999px; box-shadow: none; font-weight: 600; font-size: 24px; text-decoration: none; text-align: center; color: #FFFFFF; border:none; cursor: pointer; transition: background .2s ease; } #bokun_ed001e45_5927_4f62_b470_ca766338d083:hover{ background: #2f7b1f; } #bokun_ed001e45_5927_4f62_b470_ca766338d083:active{ background: #378f24; } <\/style> <button class=\"bokunButton\" disabled id=bokun_ed001e45_5927_4f62_b470_ca766338d083 data-src=\"https:\/\/widgets.bokun.io\/online-sales\/a1e93e96-5232-4734-a595-28405f4b5a31\/experience-calendar\/723411?partialView=1\" data-testid=\"widget-book-button\" > Book now <\/button> ","what_you\u2019ll_experience_during_the_game":"\u0160is tyrin\u0117jimo \u017eaidimas sujungia Leeuwardeno ap\u017evalg\u0105 su \u012ftraukian\u010dia siu\u017eeto linija ir interaktyviais i\u0161\u0161\u016bkiais. Sekdami besivystan\u010dia paslaptimi, atrasite tiek gerai \u017einomus orientyrus, tiek pasl\u0117ptus miesto kampelius. Pakeliui galite praeiti pro istorin\u012f Prinsentuin park\u0105, pamatyti Oldehove pasvirus\u012f bok\u0161t\u0105 arba ap\u017ei\u016br\u0117ti gyvybing\u0105 Blokhuispoort\u0105 \u2013 buvus\u012f kal\u0117jim\u0105, paverst\u0105 kult\u016bros centru. Patirtis pabr\u0117\u017eia unikali\u0105 miesto atmosfer\u0105, nuo tradicini\u0173 kanal\u0173 iki \u0161iuolaikinio gatv\u0117s meno.\n\n\u017daidimo metu spr\u0119site galvos\u016bkius, m\u012fsles ir k\u016brybines nuotrauk\u0173 u\u017eduotis, skirtas patikrinti j\u016bs\u0173 pastabum\u0105 ir smalsum\u0105. Kiekvienas i\u0161\u0161\u016bkis padeda jums u\u017edirbti ta\u0161k\u0173, atrakinti papildomus patarimus ir priart\u0117ti prie galutin\u0117s paslapties i\u0161narpliojimo. Miesto \u017eaidim\u0105 galima bet kada pristabdyti, suteikiant jums laisv\u0119 tyrin\u0117ti Leeuwarden\u0105 savo tempu. Tiems, kurie m\u0117gsta konkurencij\u0105, galite \u017eaisti vienas arba komandomis, kad pakiltum\u0117te \u012f lyderi\u0173 lentel\u0117s vir\u0161\u0173.","how_to_play":"U\u017esisakykite tyrin\u0117jimo \u017eaidim\u0105, patikrinkite el. lai\u0161k\u0105, kur\u012f jums atsi\u0173sime su paprastomis instrukcijomis, atsisi\u0173skite Loquiz App, pasiekite tyrin\u0117jimo \u017eaidim\u0105 ir b\u016bsite pasiruo\u0161\u0119 prad\u0117ti savo \u017eaidimo patirt\u012f! Prad\u0117kite tyrin\u0117ti Leeuwarden\u0105 taip, kaip dar niekada nebuvote. Atraskite geriausiai saugomas \u0161io nuostabaus miesto paslaptis. Prad\u017eios ta\u0161kas \u2013 Waagplein miesto centre.","start_location":"Leeuwarden, Waagplein","available_languages":["en","nl","de"],"players_per_group":"1-4","duration":"1.5-2 hours","image_overlay_color_image":"https:\/\/testwebsite.citygame.com\/wp-content\/blogs.dir\/1\/files\/sites\/62\/2026\/01\/SecretsColor.svg","image_overlay_game_logo":"https:\/\/testwebsite.citygame.com\/wp-content\/blogs.dir\/1\/files\/sites\/62\/2026\/01\/SecretsLogo.png","city_page":4432,"woocommerce_general_content":null},"yoast_head":"<!-- This site is optimized with the Yoast SEO Premium plugin v26.2 (Yoast SEO v26.3) - https:\/\/yoast.com\/wordpress\/plugins\/seo\/ -->\n<title>Secrets of Leeuwarden - City Game<\/title>\n<meta name=\"description\" content=\"Secrets of Leeuwarden. \u017daiskite savaranki\u0161k\u0105 Miesto \u017eaidim\u0105 ir tyrin\u0117kite miest\u0105 spr\u0119sdami galvos\u016bkius, m\u012fsles ir i\u0161\u0161\u016bkius. \u017daiskite savo tempu ir atraskite kaip vietinis!\" \/>\n<meta name=\"robots\" content=\"noindex, follow, max-snippet:-1, max-image-preview:large, max-video-preview:-1\" \/>\n<meta property=\"og:locale\" content=\"lt_LT\" \/>\n<meta property=\"og:type\" content=\"article\" \/>\n<meta property=\"og:title\" content=\"Secrets of Leeuwarden\" \/>\n<meta property=\"og:description\" content=\"Secrets of Leeuwarden. \u017daiskite savaranki\u0161k\u0105 Miesto \u017eaidim\u0105 ir tyrin\u0117kite miest\u0105 spr\u0119sdami galvos\u016bkius, m\u012fsles ir i\u0161\u0161\u016bkius. \u017daiskite savo tempu ir atraskite kaip vietinis!\" \/>\n<meta property=\"og:url\" content=\"https:\/\/testwebsite.citygame.com\/lt\/games\/leeuwarden\/secrets-of-leeuwarden\/\" \/>\n<meta property=\"og:site_name\" content=\"City Game\" \/>\n<meta property=\"article:publisher\" content=\"https:\/\/www.facebook.com\/profile.php?id=100086426226253\" \/>\n<meta property=\"article:modified_time\" content=\"2026-04-07T23:19:27+00:00\" \/>\n<meta property=\"og:image\" content=\"https:\/\/testwebsite.citygame.com\/wp-content\/blogs.dir\/1\/files\/sites\/62\/2026\/01\/leeuwarden-group-of-friends-playing-city-game-on-smartphone.jpg\" \/>\n\t<meta property=\"og:image:width\" content=\"1248\" \/>\n\t<meta property=\"og:image:height\" content=\"832\" \/>\n\t<meta property=\"og:image:type\" content=\"image\/jpeg\" \/>\n<meta name=\"twitter:card\" content=\"summary_large_image\" \/>\n<script type=\"application\/ld+json\" class=\"yoast-schema-graph\">{\"@context\":\"https:\/\/schema.org\",\"@graph\":[{\"@type\":\"WebPage\",\"@id\":\"https:\/\/testwebsite.citygame.com\/lt\/games\/leeuwarden\/secrets-of-leeuwarden\/\",\"url\":\"https:\/\/testwebsite.citygame.com\/lt\/games\/leeuwarden\/secrets-of-leeuwarden\/\",\"name\":\"Secrets of Leeuwarden - City Game\",\"isPartOf\":{\"@id\":\"https:\/\/testwebsite.upevents.nl\/#website\"},\"primaryImageOfPage\":{\"@id\":\"https:\/\/testwebsite.citygame.com\/lt\/games\/leeuwarden\/secrets-of-leeuwarden\/#primaryimage\"},\"image\":{\"@id\":\"https:\/\/testwebsite.citygame.com\/lt\/games\/leeuwarden\/secrets-of-leeuwarden\/#primaryimage\"},\"thumbnailUrl\":\"https:\/\/testwebsite.citygame.com\/wp-content\/blogs.dir\/1\/files\/sites\/62\/2026\/01\/leeuwarden-group-of-friends-playing-city-game-on-smartphone.jpg\",\"datePublished\":\"2026-01-27T10:52:29+00:00\",\"dateModified\":\"2026-04-07T23:19:27+00:00\",\"description\":\"Secrets of Leeuwarden. \u017daiskite savaranki\u0161k\u0105 Miesto \u017eaidim\u0105 ir tyrin\u0117kite miest\u0105 spr\u0119sdami galvos\u016bkius, m\u012fsles ir i\u0161\u0161\u016bkius. \u017daiskite savo tempu ir atraskite kaip vietinis!\",\"breadcrumb\":{\"@id\":\"https:\/\/testwebsite.citygame.com\/lt\/games\/leeuwarden\/secrets-of-leeuwarden\/#breadcrumb\"},\"inLanguage\":\"lt-LT\",\"potentialAction\":[{\"@type\":\"ReadAction\",\"target\":[\"https:\/\/testwebsite.citygame.com\/lt\/games\/leeuwarden\/secrets-of-leeuwarden\/\"]}]},{\"@type\":\"ImageObject\",\"inLanguage\":\"lt-LT\",\"@id\":\"https:\/\/testwebsite.citygame.com\/lt\/games\/leeuwarden\/secrets-of-leeuwarden\/#primaryimage\",\"url\":\"https:\/\/testwebsite.citygame.com\/wp-content\/blogs.dir\/1\/files\/sites\/62\/2026\/01\/leeuwarden-group-of-friends-playing-city-game-on-smartphone.jpg\",\"contentUrl\":\"https:\/\/testwebsite.citygame.com\/wp-content\/blogs.dir\/1\/files\/sites\/62\/2026\/01\/leeuwarden-group-of-friends-playing-city-game-on-smartphone.jpg\",\"width\":1248,\"height\":832,\"caption\":\"A group of young friends enjoy exploring the historic city center of Leeuwarden with a smartphone.\"},{\"@type\":\"BreadcrumbList\",\"@id\":\"https:\/\/testwebsite.citygame.com\/lt\/games\/leeuwarden\/secrets-of-leeuwarden\/#breadcrumb\",\"itemListElement\":[{\"@type\":\"ListItem\",\"position\":1,\"name\":\"Home\",\"item\":\"https:\/\/testwebsite.citygame.com\/lt\/\"},{\"@type\":\"ListItem\",\"position\":2,\"name\":\"Shop\",\"item\":\"https:\/\/testwebsite.citygame.com\/shop\/\"},{\"@type\":\"ListItem\",\"position\":3,\"name\":\"Secrets of Leeuwarden\"}]},{\"@type\":\"WebSite\",\"@id\":\"https:\/\/testwebsite.upevents.nl\/#website\",\"url\":\"https:\/\/testwebsite.upevents.nl\/\",\"name\":\"City Game\",\"description\":\"\",\"publisher\":{\"@id\":\"https:\/\/testwebsite.upevents.nl\/#organization\"},\"alternateName\":\"citygame.com\",\"potentialAction\":[{\"@type\":\"SearchAction\",\"target\":{\"@type\":\"EntryPoint\",\"urlTemplate\":\"https:\/\/testwebsite.upevents.nl\/?s={search_term_string}\"},\"query-input\":{\"@type\":\"PropertyValueSpecification\",\"valueRequired\":true,\"valueName\":\"search_term_string\"}}],\"inLanguage\":\"lt-LT\"},{\"@type\":[\"Organization\",\"Place\"],\"@id\":\"https:\/\/testwebsite.upevents.nl\/#organization\",\"name\":\"City Game\",\"alternateName\":\"citygame.com\",\"url\":\"https:\/\/testwebsite.upevents.nl\/\",\"logo\":{\"@id\":\"https:\/\/testwebsite.citygame.com\/lt\/games\/leeuwarden\/secrets-of-leeuwarden\/#local-main-organization-logo\"},\"image\":{\"@id\":\"https:\/\/testwebsite.citygame.com\/lt\/games\/leeuwarden\/secrets-of-leeuwarden\/#local-main-organization-logo\"},\"sameAs\":[\"https:\/\/www.facebook.com\/profile.php?id=100086426226253\",\"https:\/\/www.instagram.com\/citygame_com\",\"https:\/\/www.tiktok.com\/@citygamecom\/\",\"https:\/\/www.linkedin.com\/company\/citygame-com\"],\"description\":\"Turn any city into a playground with our interactive City Games and self-guided tours. Fun, flexible, and ideal for groups and team building.\",\"telephone\":[],\"openingHoursSpecification\":[{\"@type\":\"OpeningHoursSpecification\",\"dayOfWeek\":[\"Monday\",\"Tuesday\",\"Wednesday\",\"Thursday\",\"Friday\",\"Saturday\",\"Sunday\"],\"opens\":\"09:00\",\"closes\":\"17:00\"}]},{\"@type\":\"ImageObject\",\"inLanguage\":\"lt-LT\",\"@id\":\"https:\/\/testwebsite.citygame.com\/lt\/games\/leeuwarden\/secrets-of-leeuwarden\/#local-main-organization-logo\",\"url\":\"https:\/\/testwebsite.citygame.com\/wp-content\/blogs.dir\/1\/files\/sites\/62\/2025\/10\/CG_LOGO-City-Game.png\",\"contentUrl\":\"https:\/\/testwebsite.citygame.com\/wp-content\/blogs.dir\/1\/files\/sites\/62\/2025\/10\/CG_LOGO-City-Game.png\",\"width\":351,\"height\":377,\"caption\":\"City Game\"}]}<\/script>\n<!-- \/ Yoast SEO Premium plugin. -->","yoast_head_json":{"title":"Secrets of Leeuwarden - City Game","description":"Secrets of Leeuwarden. \u017daiskite savaranki\u0161k\u0105 Miesto \u017eaidim\u0105 ir tyrin\u0117kite miest\u0105 spr\u0119sdami galvos\u016bkius, m\u012fsles ir i\u0161\u0161\u016bkius. \u017daiskite savo tempu ir atraskite kaip vietinis!","robots":{"index":"noindex","follow":"follow","max-snippet":"max-snippet:-1","max-image-preview":"max-image-preview:large","max-video-preview":"max-video-preview:-1"},"og_locale":"lt_LT","og_type":"article","og_title":"Secrets of Leeuwarden","og_description":"Secrets of Leeuwarden. \u017daiskite savaranki\u0161k\u0105 Miesto \u017eaidim\u0105 ir tyrin\u0117kite miest\u0105 spr\u0119sdami galvos\u016bkius, m\u012fsles ir i\u0161\u0161\u016bkius. \u017daiskite savo tempu ir atraskite kaip vietinis!","og_url":"https:\/\/testwebsite.citygame.com\/lt\/games\/leeuwarden\/secrets-of-leeuwarden\/","og_site_name":"City Game","article_publisher":"https:\/\/www.facebook.com\/profile.php?id=100086426226253","article_modified_time":"2026-04-07T23:19:27+00:00","og_image":[{"width":1248,"height":832,"url":"https:\/\/testwebsite.citygame.com\/wp-content\/blogs.dir\/1\/files\/sites\/62\/2026\/01\/leeuwarden-group-of-friends-playing-city-game-on-smartphone.jpg","type":"image\/jpeg"}],"twitter_card":"summary_large_image","schema":{"@context":"https:\/\/schema.org","@graph":[{"@type":"WebPage","@id":"https:\/\/testwebsite.citygame.com\/lt\/games\/leeuwarden\/secrets-of-leeuwarden\/","url":"https:\/\/testwebsite.citygame.com\/lt\/games\/leeuwarden\/secrets-of-leeuwarden\/","name":"Secrets of Leeuwarden - City Game","isPartOf":{"@id":"https:\/\/testwebsite.upevents.nl\/#website"},"primaryImageOfPage":{"@id":"https:\/\/testwebsite.citygame.com\/lt\/games\/leeuwarden\/secrets-of-leeuwarden\/#primaryimage"},"image":{"@id":"https:\/\/testwebsite.citygame.com\/lt\/games\/leeuwarden\/secrets-of-leeuwarden\/#primaryimage"},"thumbnailUrl":"https:\/\/testwebsite.citygame.com\/wp-content\/blogs.dir\/1\/files\/sites\/62\/2026\/01\/leeuwarden-group-of-friends-playing-city-game-on-smartphone.jpg","datePublished":"2026-01-27T10:52:29+00:00","dateModified":"2026-04-07T23:19:27+00:00","description":"Secrets of Leeuwarden. \u017daiskite savaranki\u0161k\u0105 Miesto \u017eaidim\u0105 ir tyrin\u0117kite miest\u0105 spr\u0119sdami galvos\u016bkius, m\u012fsles ir i\u0161\u0161\u016bkius. \u017daiskite savo tempu ir atraskite kaip vietinis!","breadcrumb":{"@id":"https:\/\/testwebsite.citygame.com\/lt\/games\/leeuwarden\/secrets-of-leeuwarden\/#breadcrumb"},"inLanguage":"lt-LT","potentialAction":[{"@type":"ReadAction","target":["https:\/\/testwebsite.citygame.com\/lt\/games\/leeuwarden\/secrets-of-leeuwarden\/"]}]},{"@type":"ImageObject","inLanguage":"lt-LT","@id":"https:\/\/testwebsite.citygame.com\/lt\/games\/leeuwarden\/secrets-of-leeuwarden\/#primaryimage","url":"https:\/\/testwebsite.citygame.com\/wp-content\/blogs.dir\/1\/files\/sites\/62\/2026\/01\/leeuwarden-group-of-friends-playing-city-game-on-smartphone.jpg","contentUrl":"https:\/\/testwebsite.citygame.com\/wp-content\/blogs.dir\/1\/files\/sites\/62\/2026\/01\/leeuwarden-group-of-friends-playing-city-game-on-smartphone.jpg","width":1248,"height":832,"caption":"A group of young friends enjoy exploring the historic city center of Leeuwarden with a smartphone."},{"@type":"BreadcrumbList","@id":"https:\/\/testwebsite.citygame.com\/lt\/games\/leeuwarden\/secrets-of-leeuwarden\/#breadcrumb","itemListElement":[{"@type":"ListItem","position":1,"name":"Home","item":"https:\/\/testwebsite.citygame.com\/lt\/"},{"@type":"ListItem","position":2,"name":"Shop","item":"https:\/\/testwebsite.citygame.com\/shop\/"},{"@type":"ListItem","position":3,"name":"Secrets of Leeuwarden"}]},{"@type":"WebSite","@id":"https:\/\/testwebsite.upevents.nl\/#website","url":"https:\/\/testwebsite.upevents.nl\/","name":"City Game","description":"","publisher":{"@id":"https:\/\/testwebsite.upevents.nl\/#organization"},"alternateName":"citygame.com","potentialAction":[{"@type":"SearchAction","target":{"@type":"EntryPoint","urlTemplate":"https:\/\/testwebsite.upevents.nl\/?s={search_term_string}"},"query-input":{"@type":"PropertyValueSpecification","valueRequired":true,"valueName":"search_term_string"}}],"inLanguage":"lt-LT"},{"@type":["Organization","Place"],"@id":"https:\/\/testwebsite.upevents.nl\/#organization","name":"City Game","alternateName":"citygame.com","url":"https:\/\/testwebsite.upevents.nl\/","logo":{"@id":"https:\/\/testwebsite.citygame.com\/lt\/games\/leeuwarden\/secrets-of-leeuwarden\/#local-main-organization-logo"},"image":{"@id":"https:\/\/testwebsite.citygame.com\/lt\/games\/leeuwarden\/secrets-of-leeuwarden\/#local-main-organization-logo"},"sameAs":["https:\/\/www.facebook.com\/profile.php?id=100086426226253","https:\/\/www.instagram.com\/citygame_com","https:\/\/www.tiktok.com\/@citygamecom\/","https:\/\/www.linkedin.com\/company\/citygame-com"],"description":"Turn any city into a playground with our interactive City Games and self-guided tours. Fun, flexible, and ideal for groups and team building.","telephone":[],"openingHoursSpecification":[{"@type":"OpeningHoursSpecification","dayOfWeek":["Monday","Tuesday","Wednesday","Thursday","Friday","Saturday","Sunday"],"opens":"09:00","closes":"17:00"}]},{"@type":"ImageObject","inLanguage":"lt-LT","@id":"https:\/\/testwebsite.citygame.com\/lt\/games\/leeuwarden\/secrets-of-leeuwarden\/#local-main-organization-logo","url":"https:\/\/testwebsite.citygame.com\/wp-content\/blogs.dir\/1\/files\/sites\/62\/2025\/10\/CG_LOGO-City-Game.png","contentUrl":"https:\/\/testwebsite.citygame.com\/wp-content\/blogs.dir\/1\/files\/sites\/62\/2025\/10\/CG_LOGO-City-Game.png","width":351,"height":377,"caption":"City Game"}]}},"taxonomy_info":{"game-concept":[{"value":722,"label":"Secrets"}],"location":[{"value":238,"label":"Leeuwarden"}],"product_cat":[{"value":27,"label":"Geen categorie"}]},"featured_image_src_large":["https:\/\/testwebsite.citygame.com\/wp-content\/blogs.dir\/1\/files\/sites\/62\/2026\/01\/leeuwarden-group-of-friends-playing-city-game-on-smartphone-1024x683.jpg",1024,683,true],"author_info":[],"comment_info":"","_links":{"self":[{"href":"https:\/\/testwebsite.citygame.com\/lt\/wp-json\/wp\/v2\/product\/56812","targetHints":{"allow":["GET"]}}],"collection":[{"href":"https:\/\/testwebsite.citygame.com\/lt\/wp-json\/wp\/v2\/product"}],"about":[{"href":"https:\/\/testwebsite.citygame.com\/lt\/wp-json\/wp\/v2\/types\/product"}],"acf:post":[{"embeddable":true,"href":"https:\/\/testwebsite.citygame.com\/lt\/wp-json\/wp\/v2\/pages\/4432"}],"wp:featuredmedia":[{"embeddable":true,"href":"https:\/\/testwebsite.citygame.com\/lt\/wp-json\/wp\/v2\/media\/4447"}],"wp:attachment":[{"href":"https:\/\/testwebsite.citygame.com\/lt\/wp-json\/wp\/v2\/media?parent=56812"}],"wp:term":[{"taxonomy":"game-concept","embeddable":true,"href":"https:\/\/testwebsite.citygame.com\/lt\/wp-json\/wp\/v2\/game-concept?post=56812"},{"taxonomy":"location","embeddable":true,"href":"https:\/\/testwebsite.citygame.com\/lt\/wp-json\/wp\/v2\/location?post=56812"},{"taxonomy":"product_brand","embeddable":true,"href":"https:\/\/testwebsite.citygame.com\/lt\/wp-json\/wp\/v2\/product_brand?post=56812"},{"taxonomy":"product_cat","embeddable":true,"href":"https:\/\/testwebsite.citygame.com\/lt\/wp-json\/wp\/v2\/product_cat?post=56812"},{"taxonomy":"product_tag","embeddable":true,"href":"https:\/\/testwebsite.citygame.com\/lt\/wp-json\/wp\/v2\/product_tag?post=56812"}],"curies":[{"name":"wp","href":"https:\/\/api.w.org\/{rel}","templated":true}]}}