{"id":56470,"date":"2026-02-10T16:12:33","date_gmt":"2026-02-10T16:12:33","guid":{"rendered":"https:\/\/testwebsite.citygame.com\/games\/unknown-location\/sherlock-holmes-geneva\/"},"modified":"2026-04-07T22:45:12","modified_gmt":"2026-04-07T22:45:12","slug":"sherlock-holmes-geneva","status":"publish","type":"product","link":"https:\/\/testwebsite.citygame.com\/lt\/games\/geneva\/sherlock-holmes-geneva\/","title":{"rendered":"Sherlock Holmes Geneva"},"content":{"rendered":"<p>Pasinerkite \u012f Sherlocko Holmeso pasaul\u012f su \u0161iuo savaranki\u0161ku, istorija gr\u012fstu detektyviniu miesto \u017eaidimu (City Game), vykstan\u010diu istoriniame \u017denevos centre. Mirtinam nusikaltimui i\u0161siskleidus per Laisv\u0117s festival\u012f (Liberty Festival), tapsite detektyvu, rinksite \u012fkal\u010dius, spr\u0119site sud\u0117tingas m\u012fsles ir apklausin\u0117site skaitmeninius \u012ftariamuosius, i\u0161sibars\u010diusius po vis\u0105 miest\u0105. Sekite \u012ftraukiant\u012f pasakojim\u0105 savo tempu, o \u017deneva taps \u012ftraukian\u010dio tyrimo, kupino paslap\u010di\u0173, netik\u0117t\u0173 pos\u016bki\u0173 ir dedukcini\u0173 i\u0161\u0161\u016bki\u0173, fonu.<\/p>\n","protected":false},"excerpt":{"rendered":"<p>\u012esijauskite \u012f atid\u017eiai stebin\u010diojo Sherlocko Holmeso kail\u012f, leisdamiesi \u012f savaranki\u0161k\u0105 detektyvin\u0119 m\u012fsl\u0119 pa\u010dioje \u017denevos \u0161irdyje. Sekite nepasiekiamus p\u0117dsakus ir i\u0161\u0161ifruokite i\u0161radingas m\u012fsles \u2013 tai j\u016bs\u0173 \u017eaidimo esm\u0117, nes j\u016bs ir j\u016bs\u0173 komanda lenktyniausite su laiku, kad atskleistum\u0117te ties\u0105 \u2013 skubos, i\u0161\u0161\u016bkio ir draugyst\u0117s jausmas yra raktas!<\/p>\n","protected":false},"featured_media":11932,"template":"","meta":{"_acf_changed":false,"_yoast_wpseo_focuskw":"Sherlock Holmes Geneva","_yoast_wpseo_metadesc":"Sherlock Holmes Geneva. \u017daiskite savaranki\u0161k\u0105 detektyvin\u012f miesto \u017eaidim\u0105 (City Game), spr\u0119skite m\u012fsles, sekite \u012fkal\u010dius ir atskleiskite \u017eudik\u0105 savo tempu!","_kad_blocks_custom_css":"","_kad_blocks_head_custom_js":"","_kad_blocks_body_custom_js":"","_kad_blocks_footer_custom_js":"","ghostkit_customizer_options":"","ghostkit_custom_css":"","ghostkit_custom_js_head":"","ghostkit_custom_js_foot":"","ghostkit_typography":"","_kad_post_transparent":"","_kad_post_title":"","_kad_post_layout":"","_kad_post_sidebar_id":"","_kad_post_content_style":"","_kad_post_vertical_padding":"","_kad_post_feature":"","_kad_post_feature_position":"","_kad_post_header":false,"_kad_post_footer":false,"_kad_post_classname":"","_links_to":"","_links_to_target":""},"game-concept":[783],"location":[518],"product_brand":[],"product_cat":[27],"product_tag":[],"class_list":{"0":"post-56470","1":"product","2":"type-product","3":"status-publish","4":"has-post-thumbnail","6":"game-concept-sherlock","7":"location-geneva","8":"product_cat-geen-categorie","10":"first","11":"instock","12":"shipping-taxable","13":"purchasable","14":"product-type-simple","15":"entry","16":"content-bg","17":"loop-entry"},"acf":{"full_bokun_product_name":"Geneva Self-Guided Sherlock Holmes Murder Mystery Game","location_name":"Geneva","bokun_calendar_widget_code":"<script type=\"text\/javascript\" src=\"https:\/\/widgets.bokun.io\/assets\/javascripts\/apps\/build\/BokunWidgetsLoader.js?bookingChannelUUID=a1e93e96-5232-4734-a595-28405f4b5a31\" async><\/script>\n     \n    <div class=\"bokunWidget\" data-src=\"https:\/\/widgets.bokun.io\/online-sales\/a1e93e96-5232-4734-a595-28405f4b5a31\/experience-calendar\/771574\"><\/div>\n    <noscript>Please enable javascript in your browser to book<\/noscript>","bokun_button_widget_code":"<script type=\"text\/javascript\" src=\"https:\/\/widgets.bokun.io\/assets\/javascripts\/apps\/build\/BokunWidgetsLoader.js?bookingChannelUUID=a1e93e96-5232-4734-a595-28405f4b5a31\" async><\/script>\n      <style> #bokun_ed001e45_5927_4f62_b470_ca766338d083 { display: inline-block; padding: .4em 1em; background: #47b82e; border-radius: 999999px; box-shadow: none; font-weight: 600; font-size: 24px; text-decoration: none; text-align: center; color: #FFFFFF; border:none; cursor: pointer; transition: background .2s ease; } #bokun_ed001e45_5927_4f62_b470_ca766338d083:hover{ background: #2f7b1f; } #bokun_ed001e45_5927_4f62_b470_ca766338d083:active{ background: #378f24; } <\/style> <button class=\"bokunButton\" disabled id=bokun_ed001e45_5927_4f62_b470_ca766338d083 data-src=\"https:\/\/widgets.bokun.io\/online-sales\/a1e93e96-5232-4734-a595-28405f4b5a31\/experience-calendar\/771574?partialView=1\" data-testid=\"widget-book-button\" > Book now <\/button> ","what_you\u2019ll_experience_during_the_game":"Pasinerkite \u012f \u012ftraukian\u010di\u0105 detektyvin\u0119 istorij\u0105, vykstan\u010di\u0105 \u017denevoje, kur j\u016bs\u0173 tyrimas prasideda vos \u012f\u017eengus \u012f scen\u0105. Jums judant po miest\u0105, paslaptis atsiskleid\u017eia aplink jus, kiekviena gatv\u0117 atne\u0161a nauj\u0173 \u012fkal\u010di\u0173 ir pasl\u0117pt\u0173 ry\u0161i\u0173. Seksite \u017emog\u017eudyst\u0117s, \u012fvykusios per Laisv\u0117s festival\u012f (Liberty Festival), p\u0117dsakais, sud\u0117liosite \u012fvyki\u0173 laiko juost\u0105 ir prad\u0117site abejoti viskuo, k\u0105 atskleid\u017eiate.\n\nApklausin\u0117site skaitmeninius \u012ftariamuosius, analizuosute alibi ir aptiksite prie\u0161taravimus, kad atskleistum\u0117te gilesn\u0119 ties\u0105. Kritinis m\u0105stymas, atidus steb\u0117jimas ir dedukcinis samprotavimas yra raktas \u012f bylos i\u0161sprendim\u0105. Netik\u0117ti pos\u016bkiai atsiranda tada, kai ma\u017eiausiai j\u0173 tikit\u0117s, ir kiekviena i\u0161spr\u0119sta m\u012fsl\u0117 priartina jus prie tiesos. Istorija visi\u0161kai varo j\u016bs\u0173 patirt\u012f, ir j\u016bs galite \u017eaisti savo tempu, darydami pauzes ir t\u0119sdami, kada tik jums patogu. Jei dirbate komandoje, strategija ir laikas gali suteikti j\u016bs\u0173 tyrimui konkurencin\u012f prana\u0161um\u0105.","how_to_play":"\u017daiskite vienas arba su draugais, \u0161eima ar kolegomis komandose, kuriose gali b\u016bti iki keturi\u0173 asmen\u0173 vienam \u012frenginiui. Po u\u017esakymo gausite instrukcij\u0173 el. lai\u0161k\u0105 su visa reikalinga informacija.","start_location":"Geneve, GamMAH","available_languages":["en","es","fr","de","it","nl"],"players_per_group":"1-4","duration":"1.5-2 hours","image_overlay_color_image":"https:\/\/testwebsite.citygame.com\/wp-content\/blogs.dir\/1\/files\/sites\/62\/2026\/01\/SherlockColor.svg","image_overlay_game_logo":"https:\/\/testwebsite.citygame.com\/wp-content\/blogs.dir\/1\/files\/sites\/62\/2026\/01\/SherlockLogo.png","city_page":11930,"woocommerce_general_content":null},"yoast_head":"<!-- This site is optimized with the Yoast SEO Premium plugin v26.2 (Yoast SEO v26.3) - https:\/\/yoast.com\/wordpress\/plugins\/seo\/ -->\n<title>Sherlock Holmes Geneva - City Game<\/title>\n<meta name=\"description\" content=\"Sherlock Holmes Geneva. \u017daiskite savaranki\u0161k\u0105 detektyvin\u012f miesto \u017eaidim\u0105 (City Game), spr\u0119skite m\u012fsles, sekite \u012fkal\u010dius ir atskleiskite \u017eudik\u0105 savo tempu!\" \/>\n<meta name=\"robots\" content=\"noindex, follow, max-snippet:-1, max-image-preview:large, max-video-preview:-1\" \/>\n<meta property=\"og:locale\" content=\"lt_LT\" \/>\n<meta property=\"og:type\" content=\"article\" \/>\n<meta property=\"og:title\" content=\"Sherlock Holmes Geneva\" \/>\n<meta property=\"og:description\" content=\"Sherlock Holmes Geneva. \u017daiskite savaranki\u0161k\u0105 detektyvin\u012f miesto \u017eaidim\u0105 (City Game), spr\u0119skite m\u012fsles, sekite \u012fkal\u010dius ir atskleiskite \u017eudik\u0105 savo tempu!\" \/>\n<meta property=\"og:url\" content=\"https:\/\/testwebsite.citygame.com\/lt\/games\/geneva\/sherlock-holmes-geneva\/\" \/>\n<meta property=\"og:site_name\" content=\"City Game\" \/>\n<meta property=\"article:publisher\" content=\"https:\/\/www.facebook.com\/profile.php?id=100086426226253\" \/>\n<meta property=\"article:modified_time\" content=\"2026-04-07T22:45:12+00:00\" \/>\n<meta property=\"og:image\" content=\"https:\/\/testwebsite.citygame.com\/wp-content\/blogs.dir\/1\/files\/sites\/62\/2026\/02\/geneva-woman-looking-at-phone-in-old-town-street.jpg\" \/>\n\t<meta property=\"og:image:width\" content=\"1344\" \/>\n\t<meta property=\"og:image:height\" content=\"768\" \/>\n\t<meta property=\"og:image:type\" content=\"image\/jpeg\" \/>\n<meta name=\"twitter:card\" content=\"summary_large_image\" \/>\n<script type=\"application\/ld+json\" class=\"yoast-schema-graph\">{\"@context\":\"https:\/\/schema.org\",\"@graph\":[{\"@type\":\"WebPage\",\"@id\":\"https:\/\/testwebsite.citygame.com\/lt\/games\/geneva\/sherlock-holmes-geneva\/\",\"url\":\"https:\/\/testwebsite.citygame.com\/lt\/games\/geneva\/sherlock-holmes-geneva\/\",\"name\":\"Sherlock Holmes Geneva - City Game\",\"isPartOf\":{\"@id\":\"https:\/\/testwebsite.upevents.nl\/#website\"},\"primaryImageOfPage\":{\"@id\":\"https:\/\/testwebsite.citygame.com\/lt\/games\/geneva\/sherlock-holmes-geneva\/#primaryimage\"},\"image\":{\"@id\":\"https:\/\/testwebsite.citygame.com\/lt\/games\/geneva\/sherlock-holmes-geneva\/#primaryimage\"},\"thumbnailUrl\":\"https:\/\/testwebsite.citygame.com\/wp-content\/blogs.dir\/1\/files\/sites\/62\/2026\/02\/geneva-woman-looking-at-phone-in-old-town-street.jpg\",\"datePublished\":\"2026-02-10T16:12:33+00:00\",\"dateModified\":\"2026-04-07T22:45:12+00:00\",\"description\":\"Sherlock Holmes Geneva. \u017daiskite savaranki\u0161k\u0105 detektyvin\u012f miesto \u017eaidim\u0105 (City Game), spr\u0119skite m\u012fsles, sekite \u012fkal\u010dius ir atskleiskite \u017eudik\u0105 savo tempu!\",\"breadcrumb\":{\"@id\":\"https:\/\/testwebsite.citygame.com\/lt\/games\/geneva\/sherlock-holmes-geneva\/#breadcrumb\"},\"inLanguage\":\"lt-LT\",\"potentialAction\":[{\"@type\":\"ReadAction\",\"target\":[\"https:\/\/testwebsite.citygame.com\/lt\/games\/geneva\/sherlock-holmes-geneva\/\"]}]},{\"@type\":\"ImageObject\",\"inLanguage\":\"lt-LT\",\"@id\":\"https:\/\/testwebsite.citygame.com\/lt\/games\/geneva\/sherlock-holmes-geneva\/#primaryimage\",\"url\":\"https:\/\/testwebsite.citygame.com\/wp-content\/blogs.dir\/1\/files\/sites\/62\/2026\/02\/geneva-woman-looking-at-phone-in-old-town-street.jpg\",\"contentUrl\":\"https:\/\/testwebsite.citygame.com\/wp-content\/blogs.dir\/1\/files\/sites\/62\/2026\/02\/geneva-woman-looking-at-phone-in-old-town-street.jpg\",\"width\":1344,\"height\":768,\"caption\":\"A person stands on a cobblestone street in Geneva's historic Old Town, using a smartphone.\"},{\"@type\":\"BreadcrumbList\",\"@id\":\"https:\/\/testwebsite.citygame.com\/lt\/games\/geneva\/sherlock-holmes-geneva\/#breadcrumb\",\"itemListElement\":[{\"@type\":\"ListItem\",\"position\":1,\"name\":\"Home\",\"item\":\"https:\/\/testwebsite.citygame.com\/lt\/\"},{\"@type\":\"ListItem\",\"position\":2,\"name\":\"Shop\",\"item\":\"https:\/\/testwebsite.citygame.com\/shop\/\"},{\"@type\":\"ListItem\",\"position\":3,\"name\":\"Sherlock Holmes Geneva\"}]},{\"@type\":\"WebSite\",\"@id\":\"https:\/\/testwebsite.upevents.nl\/#website\",\"url\":\"https:\/\/testwebsite.upevents.nl\/\",\"name\":\"City Game\",\"description\":\"\",\"publisher\":{\"@id\":\"https:\/\/testwebsite.upevents.nl\/#organization\"},\"alternateName\":\"citygame.com\",\"potentialAction\":[{\"@type\":\"SearchAction\",\"target\":{\"@type\":\"EntryPoint\",\"urlTemplate\":\"https:\/\/testwebsite.upevents.nl\/?s={search_term_string}\"},\"query-input\":{\"@type\":\"PropertyValueSpecification\",\"valueRequired\":true,\"valueName\":\"search_term_string\"}}],\"inLanguage\":\"lt-LT\"},{\"@type\":[\"Organization\",\"Place\"],\"@id\":\"https:\/\/testwebsite.upevents.nl\/#organization\",\"name\":\"City Game\",\"alternateName\":\"citygame.com\",\"url\":\"https:\/\/testwebsite.upevents.nl\/\",\"logo\":{\"@id\":\"https:\/\/testwebsite.citygame.com\/lt\/games\/geneva\/sherlock-holmes-geneva\/#local-main-organization-logo\"},\"image\":{\"@id\":\"https:\/\/testwebsite.citygame.com\/lt\/games\/geneva\/sherlock-holmes-geneva\/#local-main-organization-logo\"},\"sameAs\":[\"https:\/\/www.facebook.com\/profile.php?id=100086426226253\",\"https:\/\/www.instagram.com\/citygame_com\",\"https:\/\/www.tiktok.com\/@citygamecom\/\",\"https:\/\/www.linkedin.com\/company\/citygame-com\"],\"description\":\"Turn any city into a playground with our interactive City Games and self-guided tours. Fun, flexible, and ideal for groups and team building.\",\"telephone\":[],\"openingHoursSpecification\":[{\"@type\":\"OpeningHoursSpecification\",\"dayOfWeek\":[\"Monday\",\"Tuesday\",\"Wednesday\",\"Thursday\",\"Friday\",\"Saturday\",\"Sunday\"],\"opens\":\"09:00\",\"closes\":\"17:00\"}]},{\"@type\":\"ImageObject\",\"inLanguage\":\"lt-LT\",\"@id\":\"https:\/\/testwebsite.citygame.com\/lt\/games\/geneva\/sherlock-holmes-geneva\/#local-main-organization-logo\",\"url\":\"https:\/\/testwebsite.citygame.com\/wp-content\/blogs.dir\/1\/files\/sites\/62\/2025\/10\/CG_LOGO-City-Game.png\",\"contentUrl\":\"https:\/\/testwebsite.citygame.com\/wp-content\/blogs.dir\/1\/files\/sites\/62\/2025\/10\/CG_LOGO-City-Game.png\",\"width\":351,\"height\":377,\"caption\":\"City Game\"}]}<\/script>\n<!-- \/ Yoast SEO Premium plugin. -->","yoast_head_json":{"title":"Sherlock Holmes Geneva - City Game","description":"Sherlock Holmes Geneva. \u017daiskite savaranki\u0161k\u0105 detektyvin\u012f miesto \u017eaidim\u0105 (City Game), spr\u0119skite m\u012fsles, sekite \u012fkal\u010dius ir atskleiskite \u017eudik\u0105 savo tempu!","robots":{"index":"noindex","follow":"follow","max-snippet":"max-snippet:-1","max-image-preview":"max-image-preview:large","max-video-preview":"max-video-preview:-1"},"og_locale":"lt_LT","og_type":"article","og_title":"Sherlock Holmes Geneva","og_description":"Sherlock Holmes Geneva. \u017daiskite savaranki\u0161k\u0105 detektyvin\u012f miesto \u017eaidim\u0105 (City Game), spr\u0119skite m\u012fsles, sekite \u012fkal\u010dius ir atskleiskite \u017eudik\u0105 savo tempu!","og_url":"https:\/\/testwebsite.citygame.com\/lt\/games\/geneva\/sherlock-holmes-geneva\/","og_site_name":"City Game","article_publisher":"https:\/\/www.facebook.com\/profile.php?id=100086426226253","article_modified_time":"2026-04-07T22:45:12+00:00","og_image":[{"width":1344,"height":768,"url":"https:\/\/testwebsite.citygame.com\/wp-content\/blogs.dir\/1\/files\/sites\/62\/2026\/02\/geneva-woman-looking-at-phone-in-old-town-street.jpg","type":"image\/jpeg"}],"twitter_card":"summary_large_image","schema":{"@context":"https:\/\/schema.org","@graph":[{"@type":"WebPage","@id":"https:\/\/testwebsite.citygame.com\/lt\/games\/geneva\/sherlock-holmes-geneva\/","url":"https:\/\/testwebsite.citygame.com\/lt\/games\/geneva\/sherlock-holmes-geneva\/","name":"Sherlock Holmes Geneva - City Game","isPartOf":{"@id":"https:\/\/testwebsite.upevents.nl\/#website"},"primaryImageOfPage":{"@id":"https:\/\/testwebsite.citygame.com\/lt\/games\/geneva\/sherlock-holmes-geneva\/#primaryimage"},"image":{"@id":"https:\/\/testwebsite.citygame.com\/lt\/games\/geneva\/sherlock-holmes-geneva\/#primaryimage"},"thumbnailUrl":"https:\/\/testwebsite.citygame.com\/wp-content\/blogs.dir\/1\/files\/sites\/62\/2026\/02\/geneva-woman-looking-at-phone-in-old-town-street.jpg","datePublished":"2026-02-10T16:12:33+00:00","dateModified":"2026-04-07T22:45:12+00:00","description":"Sherlock Holmes Geneva. \u017daiskite savaranki\u0161k\u0105 detektyvin\u012f miesto \u017eaidim\u0105 (City Game), spr\u0119skite m\u012fsles, sekite \u012fkal\u010dius ir atskleiskite \u017eudik\u0105 savo tempu!","breadcrumb":{"@id":"https:\/\/testwebsite.citygame.com\/lt\/games\/geneva\/sherlock-holmes-geneva\/#breadcrumb"},"inLanguage":"lt-LT","potentialAction":[{"@type":"ReadAction","target":["https:\/\/testwebsite.citygame.com\/lt\/games\/geneva\/sherlock-holmes-geneva\/"]}]},{"@type":"ImageObject","inLanguage":"lt-LT","@id":"https:\/\/testwebsite.citygame.com\/lt\/games\/geneva\/sherlock-holmes-geneva\/#primaryimage","url":"https:\/\/testwebsite.citygame.com\/wp-content\/blogs.dir\/1\/files\/sites\/62\/2026\/02\/geneva-woman-looking-at-phone-in-old-town-street.jpg","contentUrl":"https:\/\/testwebsite.citygame.com\/wp-content\/blogs.dir\/1\/files\/sites\/62\/2026\/02\/geneva-woman-looking-at-phone-in-old-town-street.jpg","width":1344,"height":768,"caption":"A person stands on a cobblestone street in Geneva's historic Old Town, using a smartphone."},{"@type":"BreadcrumbList","@id":"https:\/\/testwebsite.citygame.com\/lt\/games\/geneva\/sherlock-holmes-geneva\/#breadcrumb","itemListElement":[{"@type":"ListItem","position":1,"name":"Home","item":"https:\/\/testwebsite.citygame.com\/lt\/"},{"@type":"ListItem","position":2,"name":"Shop","item":"https:\/\/testwebsite.citygame.com\/shop\/"},{"@type":"ListItem","position":3,"name":"Sherlock Holmes Geneva"}]},{"@type":"WebSite","@id":"https:\/\/testwebsite.upevents.nl\/#website","url":"https:\/\/testwebsite.upevents.nl\/","name":"City Game","description":"","publisher":{"@id":"https:\/\/testwebsite.upevents.nl\/#organization"},"alternateName":"citygame.com","potentialAction":[{"@type":"SearchAction","target":{"@type":"EntryPoint","urlTemplate":"https:\/\/testwebsite.upevents.nl\/?s={search_term_string}"},"query-input":{"@type":"PropertyValueSpecification","valueRequired":true,"valueName":"search_term_string"}}],"inLanguage":"lt-LT"},{"@type":["Organization","Place"],"@id":"https:\/\/testwebsite.upevents.nl\/#organization","name":"City Game","alternateName":"citygame.com","url":"https:\/\/testwebsite.upevents.nl\/","logo":{"@id":"https:\/\/testwebsite.citygame.com\/lt\/games\/geneva\/sherlock-holmes-geneva\/#local-main-organization-logo"},"image":{"@id":"https:\/\/testwebsite.citygame.com\/lt\/games\/geneva\/sherlock-holmes-geneva\/#local-main-organization-logo"},"sameAs":["https:\/\/www.facebook.com\/profile.php?id=100086426226253","https:\/\/www.instagram.com\/citygame_com","https:\/\/www.tiktok.com\/@citygamecom\/","https:\/\/www.linkedin.com\/company\/citygame-com"],"description":"Turn any city into a playground with our interactive City Games and self-guided tours. Fun, flexible, and ideal for groups and team building.","telephone":[],"openingHoursSpecification":[{"@type":"OpeningHoursSpecification","dayOfWeek":["Monday","Tuesday","Wednesday","Thursday","Friday","Saturday","Sunday"],"opens":"09:00","closes":"17:00"}]},{"@type":"ImageObject","inLanguage":"lt-LT","@id":"https:\/\/testwebsite.citygame.com\/lt\/games\/geneva\/sherlock-holmes-geneva\/#local-main-organization-logo","url":"https:\/\/testwebsite.citygame.com\/wp-content\/blogs.dir\/1\/files\/sites\/62\/2025\/10\/CG_LOGO-City-Game.png","contentUrl":"https:\/\/testwebsite.citygame.com\/wp-content\/blogs.dir\/1\/files\/sites\/62\/2025\/10\/CG_LOGO-City-Game.png","width":351,"height":377,"caption":"City Game"}]}},"taxonomy_info":{"game-concept":[{"value":783,"label":"Sherlock"}],"location":[{"value":518,"label":"Geneva"}],"product_cat":[{"value":27,"label":"Geen categorie"}]},"featured_image_src_large":["https:\/\/testwebsite.citygame.com\/wp-content\/blogs.dir\/1\/files\/sites\/62\/2026\/02\/geneva-woman-looking-at-phone-in-old-town-street-1024x585.jpg",1024,585,true],"author_info":[],"comment_info":"","_links":{"self":[{"href":"https:\/\/testwebsite.citygame.com\/lt\/wp-json\/wp\/v2\/product\/56470","targetHints":{"allow":["GET"]}}],"collection":[{"href":"https:\/\/testwebsite.citygame.com\/lt\/wp-json\/wp\/v2\/product"}],"about":[{"href":"https:\/\/testwebsite.citygame.com\/lt\/wp-json\/wp\/v2\/types\/product"}],"acf:post":[{"embeddable":true,"href":"https:\/\/testwebsite.citygame.com\/lt\/wp-json\/wp\/v2\/pages\/11930"}],"wp:featuredmedia":[{"embeddable":true,"href":"https:\/\/testwebsite.citygame.com\/lt\/wp-json\/wp\/v2\/media\/11932"}],"wp:attachment":[{"href":"https:\/\/testwebsite.citygame.com\/lt\/wp-json\/wp\/v2\/media?parent=56470"}],"wp:term":[{"taxonomy":"game-concept","embeddable":true,"href":"https:\/\/testwebsite.citygame.com\/lt\/wp-json\/wp\/v2\/game-concept?post=56470"},{"taxonomy":"location","embeddable":true,"href":"https:\/\/testwebsite.citygame.com\/lt\/wp-json\/wp\/v2\/location?post=56470"},{"taxonomy":"product_brand","embeddable":true,"href":"https:\/\/testwebsite.citygame.com\/lt\/wp-json\/wp\/v2\/product_brand?post=56470"},{"taxonomy":"product_cat","embeddable":true,"href":"https:\/\/testwebsite.citygame.com\/lt\/wp-json\/wp\/v2\/product_cat?post=56470"},{"taxonomy":"product_tag","embeddable":true,"href":"https:\/\/testwebsite.citygame.com\/lt\/wp-json\/wp\/v2\/product_tag?post=56470"}],"curies":[{"name":"wp","href":"https:\/\/api.w.org\/{rel}","templated":true}]}}