{"id":56102,"date":"2026-01-13T09:42:40","date_gmt":"2026-01-13T09:42:40","guid":{"rendered":"https:\/\/testwebsite.citygame.com\/games\/unknown-location\/secrets-of-uppsala\/"},"modified":"2026-04-07T22:07:18","modified_gmt":"2026-04-07T22:07:18","slug":"secrets-of-uppsala","status":"publish","type":"product","link":"https:\/\/testwebsite.citygame.com\/lt\/games\/uppsala\/secrets-of-uppsala\/","title":{"rendered":"Secrets of Uppsala"},"content":{"rendered":"<p>\u201eSecrets of Uppsala City Game\u201c yra savaranki\u0161kas, GPS pagrindu sukurtas \u017eaidimas, vykstantis istorin\u0117je Upsalos miesto centre. Naudodami i\u0161man\u0173j\u012f telefon\u0105, \u017eaid\u0117jai nar\u0161o po miest\u0105 spr\u0119sdami galvos\u016bkius, m\u012fsles ir nuotrauk\u0173 u\u017eduotis, kurios atskleid\u017eia pasl\u0117ptas detales apie Upsalos istorij\u0105, kult\u016br\u0105 ir vietos lankytinus objektus. \u0160is tyrin\u0117jimo \u017eaidimas si\u016blo unikal\u0173 b\u016bd\u0105 atrasti tiek gerai \u017einomas vietas, tiek ma\u017eiau \u017einomus kampelius, tod\u0117l juo m\u0117gautis gali tiek lankytojai, tiek vietiniai gyventojai. \u017daidimas tinka solo \u017eaid\u0117jams, poroms, \u0161eimoms ir draug\u0173 grup\u0117ms, si\u016blydamas lanks\u010di\u0105 ir \u012ftraukian\u010di\u0105 patirt\u012f. Kaip \u201eCity Game Uppsala\u201c, jis sujungia interaktyv\u0173 pramog\u0105 su informatyviu atradimu istoriniame miesto&#8217;s centre.<\/p>\n","protected":false},"excerpt":{"rendered":"<p>Med\u017eiokite karaliaus Gustavo Vasos dingus\u012f laur\u0173 vainik\u0105 per akmenimis gr\u012fstas gatves, didingas pilis ir gyvybingas aik\u0161tes. \u012eminkite m\u012fsles, atraskite pasl\u0117ptus lobius ir kiekviename \u017eingsnyje pa\u017einkite Upsalos karali\u0161k\u0105j\u012f paveld\u0105.<\/p>\n","protected":false},"featured_media":3565,"template":"","meta":{"_acf_changed":false,"_yoast_wpseo_focuskw":"Secrets of Uppsala","_yoast_wpseo_metadesc":"Secrets of Uppsala. \u017daiskite savaranki\u0161k\u0105 City Game ir tyrin\u0117kite miest\u0105 spr\u0119sdami galvos\u016bkius, m\u012fsles ir i\u0161\u0161\u016bkius. \u017daiskite savo tempu ir atraskite kaip vietinis!","_kad_blocks_custom_css":"","_kad_blocks_head_custom_js":"","_kad_blocks_body_custom_js":"","_kad_blocks_footer_custom_js":"","ghostkit_customizer_options":"","ghostkit_custom_css":"","ghostkit_custom_js_head":"","ghostkit_custom_js_foot":"","ghostkit_typography":"","_kad_post_transparent":"default","_kad_post_title":"","_kad_post_layout":"default","_kad_post_sidebar_id":"","_kad_post_content_style":"default","_kad_post_vertical_padding":"default","_kad_post_feature":"","_kad_post_feature_position":"","_kad_post_header":false,"_kad_post_footer":false,"_kad_post_classname":"","_links_to":"","_links_to_target":""},"game-concept":[722],"location":[408],"product_brand":[],"product_cat":[27],"product_tag":[],"class_list":{"0":"post-56102","1":"product","2":"type-product","3":"status-publish","4":"has-post-thumbnail","6":"game-concept-secrets","7":"location-uppsala","8":"product_cat-geen-categorie","10":"first","11":"instock","12":"shipping-taxable","13":"purchasable","14":"product-type-simple","15":"entry","16":"content-bg","17":"loop-entry"},"acf":{"full_bokun_product_name":"Self-Guided Secrets of Uppsala Exploration Game","location_name":"Uppsala","bokun_calendar_widget_code":"<script type=\"text\/javascript\" src=\"https:\/\/widgets.bokun.io\/assets\/javascripts\/apps\/build\/BokunWidgetsLoader.js?bookingChannelUUID=a1e93e96-5232-4734-a595-28405f4b5a31\" async><\/script>\n     \n    <div class=\"bokunWidget\" data-src=\"https:\/\/widgets.bokun.io\/online-sales\/a1e93e96-5232-4734-a595-28405f4b5a31\/experience-calendar\/1071771\"><\/div>\n    <noscript>Please enable javascript in your browser to book<\/noscript>","bokun_button_widget_code":"<script type=\"text\/javascript\" src=\"https:\/\/widgets.bokun.io\/assets\/javascripts\/apps\/build\/BokunWidgetsLoader.js?bookingChannelUUID=a1e93e96-5232-4734-a595-28405f4b5a31\" async><\/script>\n      <style> #bokun_ed001e45_5927_4f62_b470_ca766338d083 { display: inline-block; padding: .4em 1em; background: #47b82e; border-radius: 999999px; box-shadow: none; font-weight: 600; font-size: 24px; text-decoration: none; text-align: center; color: #FFFFFF; border:none; cursor: pointer; transition: background .2s ease; } #bokun_ed001e45_5927_4f62_b470_ca766338d083:hover{ background: #2f7b1f; } #bokun_ed001e45_5927_4f62_b470_ca766338d083:active{ background: #378f24; } <\/style> <button class=\"bokunButton\" disabled id=bokun_ed001e45_5927_4f62_b470_ca766338d083 data-src=\"https:\/\/widgets.bokun.io\/online-sales\/a1e93e96-5232-4734-a595-28405f4b5a31\/experience-calendar\/1071771?partialView=1\" data-testid=\"widget-book-button\" > Book now <\/button> ","what_you\u2019ll_experience_during_the_game":"\u017daisdami \u201eSecrets of Uppsala City Game\u201c, tyrin\u0117site miest\u0105 pasakojim\u0173, galvos\u016bki\u0173 ir atradim\u0173 deriniu. Sekdami pasakojim\u0105, aplankysite tiek garsius orientyrus, tiek pasl\u0117ptus kampelius, atrasdami intriguojan\u010dias detales. Ry\u0161kiausios vietos apima \u012fsp\u016bding\u0105 Upsalos katedr\u0105, istorin\u012f Gunilla Bell su panoraminiais vaizdais ir Carolina Rediviva, kur saugoma Silver Bible. Taip pat praeisite pro kult\u016bros vietas, tokias kaip Uppsala City Library ir \u0161urmuliuojanti centrin\u0117 Stora Torget aik\u0161t\u0117, kiekviena i\u0161 j\u0173 papildydama besivystan\u010di\u0105 istorij\u0105 savo sluoksniu.\r\n\r\nVisos kelion\u0117s metu spr\u0119site m\u012fsles, atsakysite \u012f klausimus, susijusius su vietove, ir atliksite k\u016brybines nuotrauk\u0173 u\u017eduotis, kurios pad\u0117s atrakinti u\u017euominas ir u\u017edirbti ta\u0161k\u0173. Kiekviena u\u017eduotis priartina jus prie galutin\u0117s paslapties i\u0161sprendimo, o jei u\u017estrigsite, yra prieinamos u\u017euominos. \u201eCity Game\u201c yra sukurta taip, kad b\u016bt\u0173 lanksti \u2013 galite pristabdyti ir t\u0119sti, kada tik jums patogu. Konkuruojan\u010dioms komandoms ar solo \u017eaid\u0117jams patirtis taip pat apima lyderi\u0173 lentel\u0119, skirt\u0105 sekti j\u016bs\u0173 pasiekimus Upsaloje.","how_to_play":"Po u\u017esakymo gausite el. lai\u0161k\u0105 su tiesiogine \u017eaidimo nuoroda. Tiesiog nukeliaukite \u012f pradin\u0119 viet\u0105, Uppsala Castle Terrace, ir prad\u0117kite savo nuotykius, kai b\u016bsite pasiruo\u0161\u0119. \u017daiskite savo tempu, pristabdykite, kada tik norite, ir t\u0119skite v\u0117liau, kad prat\u0119stum\u0117te istorij\u0105.","start_location":"Uppsala, Uppsala Castle Terrace","available_languages":"","players_per_group":"1-4","duration":"1.5-2 hours","image_overlay_color_image":"https:\/\/testwebsite.citygame.com\/wp-content\/blogs.dir\/1\/files\/sites\/62\/2026\/01\/SecretsColor.svg","image_overlay_game_logo":"https:\/\/testwebsite.citygame.com\/wp-content\/blogs.dir\/1\/files\/sites\/62\/2026\/01\/SecretsLogo.png","city_page":7984,"woocommerce_general_content":null},"yoast_head":"<!-- This site is optimized with the Yoast SEO Premium plugin v26.2 (Yoast SEO v26.3) - https:\/\/yoast.com\/wordpress\/plugins\/seo\/ -->\n<title>Secrets of Uppsala - City Game<\/title>\n<meta name=\"description\" content=\"Secrets of Uppsala. \u017daiskite savaranki\u0161k\u0105 City Game ir tyrin\u0117kite miest\u0105 spr\u0119sdami galvos\u016bkius, m\u012fsles ir i\u0161\u0161\u016bkius. \u017daiskite savo tempu ir atraskite kaip vietinis!\" \/>\n<meta name=\"robots\" content=\"noindex, follow, max-snippet:-1, max-image-preview:large, max-video-preview:-1\" \/>\n<meta property=\"og:locale\" content=\"lt_LT\" \/>\n<meta property=\"og:type\" content=\"article\" \/>\n<meta property=\"og:title\" content=\"Secrets of Uppsala\" \/>\n<meta property=\"og:description\" content=\"Secrets of Uppsala. \u017daiskite savaranki\u0161k\u0105 City Game ir tyrin\u0117kite miest\u0105 spr\u0119sdami galvos\u016bkius, m\u012fsles ir i\u0161\u0161\u016bkius. \u017daiskite savo tempu ir atraskite kaip vietinis!\" \/>\n<meta property=\"og:url\" content=\"https:\/\/testwebsite.citygame.com\/lt\/games\/uppsala\/secrets-of-uppsala\/\" \/>\n<meta property=\"og:site_name\" content=\"City Game\" \/>\n<meta property=\"article:publisher\" content=\"https:\/\/www.facebook.com\/profile.php?id=100086426226253\" \/>\n<meta property=\"article:modified_time\" content=\"2026-04-07T22:07:18+00:00\" \/>\n<meta property=\"og:image\" content=\"https:\/\/testwebsite.citygame.com\/wp-content\/blogs.dir\/1\/files\/sites\/62\/2026\/01\/uppsala-city-game-players-fyrisan-river-cathedral.jpg\" \/>\n\t<meta property=\"og:image:width\" content=\"1024\" \/>\n\t<meta property=\"og:image:height\" content=\"1024\" \/>\n\t<meta property=\"og:image:type\" content=\"image\/jpeg\" \/>\n<meta name=\"twitter:card\" content=\"summary_large_image\" \/>\n<meta name=\"twitter:label1\" content=\"Est. reading time\" \/>\n\t<meta name=\"twitter:data1\" content=\"1 minut\u0117\" \/>\n<script type=\"application\/ld+json\" class=\"yoast-schema-graph\">{\"@context\":\"https:\/\/schema.org\",\"@graph\":[{\"@type\":\"WebPage\",\"@id\":\"https:\/\/testwebsite.citygame.com\/lt\/games\/uppsala\/secrets-of-uppsala\/\",\"url\":\"https:\/\/testwebsite.citygame.com\/lt\/games\/uppsala\/secrets-of-uppsala\/\",\"name\":\"Secrets of Uppsala - City Game\",\"isPartOf\":{\"@id\":\"https:\/\/testwebsite.upevents.nl\/#website\"},\"primaryImageOfPage\":{\"@id\":\"https:\/\/testwebsite.citygame.com\/lt\/games\/uppsala\/secrets-of-uppsala\/#primaryimage\"},\"image\":{\"@id\":\"https:\/\/testwebsite.citygame.com\/lt\/games\/uppsala\/secrets-of-uppsala\/#primaryimage\"},\"thumbnailUrl\":\"https:\/\/testwebsite.citygame.com\/wp-content\/blogs.dir\/1\/files\/sites\/62\/2026\/01\/uppsala-city-game-players-fyrisan-river-cathedral.jpg\",\"datePublished\":\"2026-01-13T09:42:40+00:00\",\"dateModified\":\"2026-04-07T22:07:18+00:00\",\"description\":\"Secrets of Uppsala. \u017daiskite savaranki\u0161k\u0105 City Game ir tyrin\u0117kite miest\u0105 spr\u0119sdami galvos\u016bkius, m\u012fsles ir i\u0161\u0161\u016bkius. \u017daiskite savo tempu ir atraskite kaip vietinis!\",\"breadcrumb\":{\"@id\":\"https:\/\/testwebsite.citygame.com\/lt\/games\/uppsala\/secrets-of-uppsala\/#breadcrumb\"},\"inLanguage\":\"lt-LT\",\"potentialAction\":[{\"@type\":\"ReadAction\",\"target\":[\"https:\/\/testwebsite.citygame.com\/lt\/games\/uppsala\/secrets-of-uppsala\/\"]}]},{\"@type\":\"ImageObject\",\"inLanguage\":\"lt-LT\",\"@id\":\"https:\/\/testwebsite.citygame.com\/lt\/games\/uppsala\/secrets-of-uppsala\/#primaryimage\",\"url\":\"https:\/\/testwebsite.citygame.com\/wp-content\/blogs.dir\/1\/files\/sites\/62\/2026\/01\/uppsala-city-game-players-fyrisan-river-cathedral.jpg\",\"contentUrl\":\"https:\/\/testwebsite.citygame.com\/wp-content\/blogs.dir\/1\/files\/sites\/62\/2026\/01\/uppsala-city-game-players-fyrisan-river-cathedral.jpg\",\"width\":1024,\"height\":1024,\"caption\":\"Friends gather around a phone while playing a city game along the Fyris\u00e5n river in Uppsala.\"},{\"@type\":\"BreadcrumbList\",\"@id\":\"https:\/\/testwebsite.citygame.com\/lt\/games\/uppsala\/secrets-of-uppsala\/#breadcrumb\",\"itemListElement\":[{\"@type\":\"ListItem\",\"position\":1,\"name\":\"Home\",\"item\":\"https:\/\/testwebsite.citygame.com\/lt\/\"},{\"@type\":\"ListItem\",\"position\":2,\"name\":\"Shop\",\"item\":\"https:\/\/testwebsite.citygame.com\/shop\/\"},{\"@type\":\"ListItem\",\"position\":3,\"name\":\"Secrets of Uppsala\"}]},{\"@type\":\"WebSite\",\"@id\":\"https:\/\/testwebsite.upevents.nl\/#website\",\"url\":\"https:\/\/testwebsite.upevents.nl\/\",\"name\":\"City Game\",\"description\":\"\",\"publisher\":{\"@id\":\"https:\/\/testwebsite.upevents.nl\/#organization\"},\"alternateName\":\"citygame.com\",\"potentialAction\":[{\"@type\":\"SearchAction\",\"target\":{\"@type\":\"EntryPoint\",\"urlTemplate\":\"https:\/\/testwebsite.upevents.nl\/?s={search_term_string}\"},\"query-input\":{\"@type\":\"PropertyValueSpecification\",\"valueRequired\":true,\"valueName\":\"search_term_string\"}}],\"inLanguage\":\"lt-LT\"},{\"@type\":[\"Organization\",\"Place\"],\"@id\":\"https:\/\/testwebsite.upevents.nl\/#organization\",\"name\":\"City Game\",\"alternateName\":\"citygame.com\",\"url\":\"https:\/\/testwebsite.upevents.nl\/\",\"logo\":{\"@id\":\"https:\/\/testwebsite.citygame.com\/lt\/games\/uppsala\/secrets-of-uppsala\/#local-main-organization-logo\"},\"image\":{\"@id\":\"https:\/\/testwebsite.citygame.com\/lt\/games\/uppsala\/secrets-of-uppsala\/#local-main-organization-logo\"},\"sameAs\":[\"https:\/\/www.facebook.com\/profile.php?id=100086426226253\",\"https:\/\/www.instagram.com\/citygame_com\",\"https:\/\/www.tiktok.com\/@citygamecom\/\",\"https:\/\/www.linkedin.com\/company\/citygame-com\"],\"description\":\"Turn any city into a playground with our interactive City Games and self-guided tours. Fun, flexible, and ideal for groups and team building.\",\"telephone\":[],\"openingHoursSpecification\":[{\"@type\":\"OpeningHoursSpecification\",\"dayOfWeek\":[\"Monday\",\"Tuesday\",\"Wednesday\",\"Thursday\",\"Friday\",\"Saturday\",\"Sunday\"],\"opens\":\"09:00\",\"closes\":\"17:00\"}]},{\"@type\":\"ImageObject\",\"inLanguage\":\"lt-LT\",\"@id\":\"https:\/\/testwebsite.citygame.com\/lt\/games\/uppsala\/secrets-of-uppsala\/#local-main-organization-logo\",\"url\":\"https:\/\/testwebsite.citygame.com\/wp-content\/blogs.dir\/1\/files\/sites\/62\/2025\/10\/CG_LOGO-City-Game.png\",\"contentUrl\":\"https:\/\/testwebsite.citygame.com\/wp-content\/blogs.dir\/1\/files\/sites\/62\/2025\/10\/CG_LOGO-City-Game.png\",\"width\":351,\"height\":377,\"caption\":\"City Game\"}]}<\/script>\n<!-- \/ Yoast SEO Premium plugin. -->","yoast_head_json":{"title":"Secrets of Uppsala - City Game","description":"Secrets of Uppsala. \u017daiskite savaranki\u0161k\u0105 City Game ir tyrin\u0117kite miest\u0105 spr\u0119sdami galvos\u016bkius, m\u012fsles ir i\u0161\u0161\u016bkius. \u017daiskite savo tempu ir atraskite kaip vietinis!","robots":{"index":"noindex","follow":"follow","max-snippet":"max-snippet:-1","max-image-preview":"max-image-preview:large","max-video-preview":"max-video-preview:-1"},"og_locale":"lt_LT","og_type":"article","og_title":"Secrets of Uppsala","og_description":"Secrets of Uppsala. \u017daiskite savaranki\u0161k\u0105 City Game ir tyrin\u0117kite miest\u0105 spr\u0119sdami galvos\u016bkius, m\u012fsles ir i\u0161\u0161\u016bkius. \u017daiskite savo tempu ir atraskite kaip vietinis!","og_url":"https:\/\/testwebsite.citygame.com\/lt\/games\/uppsala\/secrets-of-uppsala\/","og_site_name":"City Game","article_publisher":"https:\/\/www.facebook.com\/profile.php?id=100086426226253","article_modified_time":"2026-04-07T22:07:18+00:00","og_image":[{"width":1024,"height":1024,"url":"https:\/\/testwebsite.citygame.com\/wp-content\/blogs.dir\/1\/files\/sites\/62\/2026\/01\/uppsala-city-game-players-fyrisan-river-cathedral.jpg","type":"image\/jpeg"}],"twitter_card":"summary_large_image","twitter_misc":{"Est. reading time":"1 minut\u0117"},"schema":{"@context":"https:\/\/schema.org","@graph":[{"@type":"WebPage","@id":"https:\/\/testwebsite.citygame.com\/lt\/games\/uppsala\/secrets-of-uppsala\/","url":"https:\/\/testwebsite.citygame.com\/lt\/games\/uppsala\/secrets-of-uppsala\/","name":"Secrets of Uppsala - City Game","isPartOf":{"@id":"https:\/\/testwebsite.upevents.nl\/#website"},"primaryImageOfPage":{"@id":"https:\/\/testwebsite.citygame.com\/lt\/games\/uppsala\/secrets-of-uppsala\/#primaryimage"},"image":{"@id":"https:\/\/testwebsite.citygame.com\/lt\/games\/uppsala\/secrets-of-uppsala\/#primaryimage"},"thumbnailUrl":"https:\/\/testwebsite.citygame.com\/wp-content\/blogs.dir\/1\/files\/sites\/62\/2026\/01\/uppsala-city-game-players-fyrisan-river-cathedral.jpg","datePublished":"2026-01-13T09:42:40+00:00","dateModified":"2026-04-07T22:07:18+00:00","description":"Secrets of Uppsala. \u017daiskite savaranki\u0161k\u0105 City Game ir tyrin\u0117kite miest\u0105 spr\u0119sdami galvos\u016bkius, m\u012fsles ir i\u0161\u0161\u016bkius. \u017daiskite savo tempu ir atraskite kaip vietinis!","breadcrumb":{"@id":"https:\/\/testwebsite.citygame.com\/lt\/games\/uppsala\/secrets-of-uppsala\/#breadcrumb"},"inLanguage":"lt-LT","potentialAction":[{"@type":"ReadAction","target":["https:\/\/testwebsite.citygame.com\/lt\/games\/uppsala\/secrets-of-uppsala\/"]}]},{"@type":"ImageObject","inLanguage":"lt-LT","@id":"https:\/\/testwebsite.citygame.com\/lt\/games\/uppsala\/secrets-of-uppsala\/#primaryimage","url":"https:\/\/testwebsite.citygame.com\/wp-content\/blogs.dir\/1\/files\/sites\/62\/2026\/01\/uppsala-city-game-players-fyrisan-river-cathedral.jpg","contentUrl":"https:\/\/testwebsite.citygame.com\/wp-content\/blogs.dir\/1\/files\/sites\/62\/2026\/01\/uppsala-city-game-players-fyrisan-river-cathedral.jpg","width":1024,"height":1024,"caption":"Friends gather around a phone while playing a city game along the Fyris\u00e5n river in Uppsala."},{"@type":"BreadcrumbList","@id":"https:\/\/testwebsite.citygame.com\/lt\/games\/uppsala\/secrets-of-uppsala\/#breadcrumb","itemListElement":[{"@type":"ListItem","position":1,"name":"Home","item":"https:\/\/testwebsite.citygame.com\/lt\/"},{"@type":"ListItem","position":2,"name":"Shop","item":"https:\/\/testwebsite.citygame.com\/shop\/"},{"@type":"ListItem","position":3,"name":"Secrets of Uppsala"}]},{"@type":"WebSite","@id":"https:\/\/testwebsite.upevents.nl\/#website","url":"https:\/\/testwebsite.upevents.nl\/","name":"City Game","description":"","publisher":{"@id":"https:\/\/testwebsite.upevents.nl\/#organization"},"alternateName":"citygame.com","potentialAction":[{"@type":"SearchAction","target":{"@type":"EntryPoint","urlTemplate":"https:\/\/testwebsite.upevents.nl\/?s={search_term_string}"},"query-input":{"@type":"PropertyValueSpecification","valueRequired":true,"valueName":"search_term_string"}}],"inLanguage":"lt-LT"},{"@type":["Organization","Place"],"@id":"https:\/\/testwebsite.upevents.nl\/#organization","name":"City Game","alternateName":"citygame.com","url":"https:\/\/testwebsite.upevents.nl\/","logo":{"@id":"https:\/\/testwebsite.citygame.com\/lt\/games\/uppsala\/secrets-of-uppsala\/#local-main-organization-logo"},"image":{"@id":"https:\/\/testwebsite.citygame.com\/lt\/games\/uppsala\/secrets-of-uppsala\/#local-main-organization-logo"},"sameAs":["https:\/\/www.facebook.com\/profile.php?id=100086426226253","https:\/\/www.instagram.com\/citygame_com","https:\/\/www.tiktok.com\/@citygamecom\/","https:\/\/www.linkedin.com\/company\/citygame-com"],"description":"Turn any city into a playground with our interactive City Games and self-guided tours. Fun, flexible, and ideal for groups and team building.","telephone":[],"openingHoursSpecification":[{"@type":"OpeningHoursSpecification","dayOfWeek":["Monday","Tuesday","Wednesday","Thursday","Friday","Saturday","Sunday"],"opens":"09:00","closes":"17:00"}]},{"@type":"ImageObject","inLanguage":"lt-LT","@id":"https:\/\/testwebsite.citygame.com\/lt\/games\/uppsala\/secrets-of-uppsala\/#local-main-organization-logo","url":"https:\/\/testwebsite.citygame.com\/wp-content\/blogs.dir\/1\/files\/sites\/62\/2025\/10\/CG_LOGO-City-Game.png","contentUrl":"https:\/\/testwebsite.citygame.com\/wp-content\/blogs.dir\/1\/files\/sites\/62\/2025\/10\/CG_LOGO-City-Game.png","width":351,"height":377,"caption":"City Game"}]}},"taxonomy_info":{"game-concept":[{"value":722,"label":"Secrets"}],"location":[{"value":408,"label":"Uppsala"}],"product_cat":[{"value":27,"label":"Geen categorie"}]},"featured_image_src_large":["https:\/\/testwebsite.citygame.com\/wp-content\/blogs.dir\/1\/files\/sites\/62\/2026\/01\/uppsala-city-game-players-fyrisan-river-cathedral.jpg",1024,1024,false],"author_info":[],"comment_info":"","_links":{"self":[{"href":"https:\/\/testwebsite.citygame.com\/lt\/wp-json\/wp\/v2\/product\/56102","targetHints":{"allow":["GET"]}}],"collection":[{"href":"https:\/\/testwebsite.citygame.com\/lt\/wp-json\/wp\/v2\/product"}],"about":[{"href":"https:\/\/testwebsite.citygame.com\/lt\/wp-json\/wp\/v2\/types\/product"}],"acf:post":[{"embeddable":true,"href":"https:\/\/testwebsite.citygame.com\/lt\/wp-json\/wp\/v2\/pages\/7984"}],"wp:featuredmedia":[{"embeddable":true,"href":"https:\/\/testwebsite.citygame.com\/lt\/wp-json\/wp\/v2\/media\/3565"}],"wp:attachment":[{"href":"https:\/\/testwebsite.citygame.com\/lt\/wp-json\/wp\/v2\/media?parent=56102"}],"wp:term":[{"taxonomy":"game-concept","embeddable":true,"href":"https:\/\/testwebsite.citygame.com\/lt\/wp-json\/wp\/v2\/game-concept?post=56102"},{"taxonomy":"location","embeddable":true,"href":"https:\/\/testwebsite.citygame.com\/lt\/wp-json\/wp\/v2\/location?post=56102"},{"taxonomy":"product_brand","embeddable":true,"href":"https:\/\/testwebsite.citygame.com\/lt\/wp-json\/wp\/v2\/product_brand?post=56102"},{"taxonomy":"product_cat","embeddable":true,"href":"https:\/\/testwebsite.citygame.com\/lt\/wp-json\/wp\/v2\/product_cat?post=56102"},{"taxonomy":"product_tag","embeddable":true,"href":"https:\/\/testwebsite.citygame.com\/lt\/wp-json\/wp\/v2\/product_tag?post=56102"}],"curies":[{"name":"wp","href":"https:\/\/api.w.org\/{rel}","templated":true}]}}