{"id":55342,"date":"2026-01-13T15:38:56","date_gmt":"2026-01-13T15:38:56","guid":{"rendered":"https:\/\/testwebsite.citygame.com\/games\/unknown-location\/secrets-of-porto\/"},"modified":"2026-04-07T20:38:28","modified_gmt":"2026-04-07T20:38:28","slug":"secrets-of-porto","status":"publish","type":"product","link":"https:\/\/testwebsite.citygame.com\/lt\/games\/porto\/secrets-of-porto\/","title":{"rendered":"Secrets of Porto"},"content":{"rendered":"<p>\u201eSecrets of Porto\u201c miesto \u017eaidimas yra savaranki\u0161kas, GPS pagrindu sukurtas \u017eaidimas, vykstantis istorin\u0117je Porto centre. Naudodamiesi i\u0161maniuoju telefonu, \u017eaid\u0117jai tyrin\u0117ja miest\u0105, spr\u0119sdami galvos\u016bkius, m\u012fsles ir smagias nuotrauk\u0173 u\u017eduotis, kurios atskleid\u017eia pasl\u0117ptas detales ir stebinan\u010dius faktus. \u0160is savaranki\u0161kas miesto \u017eaidimas si\u016blo unikal\u0173 b\u016bd\u0105 pa\u017einti turting\u0105 Porto istorij\u0105, vietin\u0119 kult\u016br\u0105 ir \u017eavius kvartalus. Jis tinka lankytojams, norintiems atrasti miest\u0105, ir vietiniams, ie\u0161kantiems smagios naujos perspektyvos. \u0160is tyrin\u0117jimo \u017eaidimas puikiai tinka pavieniams \u017eaid\u0117jams, poroms, \u0161eimoms ir draug\u0173 grup\u0117ms, ie\u0161kantiems \u012ftraukian\u010dios GPS pagrindu sukurtos \u017eaidimo patirties Porto mieste.<\/p>\n","protected":false},"excerpt":{"rendered":"<p>Atraskite ugnines Porto paslaptis! Prisijunkite prie vado Guilherme Gnomes Fernandes, kad sumed\u017eiotum\u0117te gyv\u0105 liepsn\u0105, tyrin\u0117dami istorines ba\u017eny\u010dias, gyvybingas aik\u0161tes ir sielos kupin\u0105 Portugalijos up\u0117s miesto ritm\u0105.<\/p>\n","protected":false},"featured_media":3849,"template":"","meta":{"_acf_changed":false,"_yoast_wpseo_focuskw":"Secrets of Porto","_yoast_wpseo_metadesc":"Secrets of Porto. \u017daiskite savaranki\u0161k\u0105 miesto \u017eaidim\u0105 ir tyrin\u0117kite miest\u0105 spr\u0119sdami galvos\u016bkius, m\u012fsles ir i\u0161\u0161\u016bkius. \u017daiskite savo tempu ir atraskite kaip vietinis!","_kad_blocks_custom_css":"","_kad_blocks_head_custom_js":"","_kad_blocks_body_custom_js":"","_kad_blocks_footer_custom_js":"","ghostkit_customizer_options":"","ghostkit_custom_css":"","ghostkit_custom_js_head":"","ghostkit_custom_js_foot":"","ghostkit_typography":"","_kad_post_transparent":"","_kad_post_title":"","_kad_post_layout":"","_kad_post_sidebar_id":"","_kad_post_content_style":"","_kad_post_vertical_padding":"","_kad_post_feature":"","_kad_post_feature_position":"","_kad_post_header":false,"_kad_post_footer":false,"_kad_post_classname":"","_links_to":"","_links_to_target":""},"game-concept":[722],"location":[328],"product_brand":[],"product_cat":[27],"product_tag":[],"class_list":{"0":"post-55342","1":"product","2":"type-product","3":"status-publish","4":"has-post-thumbnail","6":"game-concept-secrets","7":"location-porto","8":"product_cat-geen-categorie","10":"first","11":"instock","12":"shipping-taxable","13":"purchasable","14":"product-type-simple","15":"entry","16":"content-bg","17":"loop-entry"},"acf":{"full_bokun_product_name":"Self-Guided Secrets of Porto Exploration Game","location_name":"Porto","bokun_calendar_widget_code":"<script type=\"text\/javascript\" src=\"https:\/\/widgets.bokun.io\/assets\/javascripts\/apps\/build\/BokunWidgetsLoader.js?bookingChannelUUID=a1e93e96-5232-4734-a595-28405f4b5a31\" async><\/script>\n     \n    <div class=\"bokunWidget\" data-src=\"https:\/\/widgets.bokun.io\/online-sales\/a1e93e96-5232-4734-a595-28405f4b5a31\/experience-calendar\/1083163\"><\/div>\n    <noscript>Please enable javascript in your browser to book<\/noscript>","bokun_button_widget_code":"<script type=\"text\/javascript\" src=\"https:\/\/widgets.bokun.io\/assets\/javascripts\/apps\/build\/BokunWidgetsLoader.js?bookingChannelUUID=a1e93e96-5232-4734-a595-28405f4b5a31\" async><\/script>\n      <style> #bokun_ed001e45_5927_4f62_b470_ca766338d083 { display: inline-block; padding: .4em 1em; background: #47b82e; border-radius: 999999px; box-shadow: none; font-weight: 600; font-size: 24px; text-decoration: none; text-align: center; color: #FFFFFF; border:none; cursor: pointer; transition: background .2s ease; } #bokun_ed001e45_5927_4f62_b470_ca766338d083:hover{ background: #2f7b1f; } #bokun_ed001e45_5927_4f62_b470_ca766338d083:active{ background: #378f24; } <\/style> <button class=\"bokunButton\" disabled id=bokun_ed001e45_5927_4f62_b470_ca766338d083 data-src=\"https:\/\/widgets.bokun.io\/online-sales\/a1e93e96-5232-4734-a595-28405f4b5a31\/experience-calendar\/1083163?partialView=1\" data-testid=\"widget-book-button\" > Book now <\/button> ","what_you\u2019ll_experience_during_the_game":"\u017daidimo 'Secrets of Porto City Game' metu tyrin\u0117site miest\u0105 pasakojim\u0173, vietini\u0173 \u012f\u017evalg\u0173 ir interaktyvi\u0173 atradim\u0173 deriniu. \u017daidimas ves jus per \u017eymi\u0173 viet\u0173 ir pasl\u0117pt\u0173 kampeli\u0173 derin\u012f, atskleisdamas daugiasluoksn\u0119 Porto istorij\u0105 ir gyvybing\u0105 charakter\u012f. Keliaudami galite gro\u017e\u0117tis \u012fmantriomis Igreja de Santo Ildefonso plytel\u0117mis, vaik\u0161\u010dioti po didingomis Ponte de Dom Lu\u00eds I arkomis arba m\u0117gautis panoraminiais vaizdais i\u0161 Miradouro da Vit\u00f3ria. Taip pat praeisite pro ramesnes vietas, tokias kaip Rua da Vit\u00f3ria gatv\u0117s menas ir istorin\u0117 Porta do Olival vart\u0173 zona, suteikian\u010dios kontrast\u0105 labiau pa\u017e\u012fstamiems Porto paminklams.\n\nKeliaudami po Port\u0105, spr\u0119site vietos pagrindu sukurtus galvos\u016bkius, atsakysite \u012f m\u012fsles, atliksite nuotrauk\u0173 u\u017eduotis ir naudosit\u0117s u\u017euominomis, susijusiomis su aplinka. Kiekvienas i\u0161\u0161\u016bkis padeda jums rinkti ta\u0161kus, gauti u\u017euominas, kai reikia, ir priart\u0117ti prie galutin\u0117s paslapties atskleidimo. Miesto \u017eaidim\u0105 galite \u017eaisti savo tempu, su galimybe pristabdyti ir t\u0119sti, kada tik jums patogu. Tiems, kurie jau\u010diasi konkurencingi, yra ir lyderi\u0173 lentel\u0117, kurioje komandos ar asmenys gali siekti b\u016bti tarp geriausi\u0173 Porto tyrin\u0117toj\u0173.","how_to_play":"Po u\u017esakymo gausite el. lai\u0161k\u0105 su tiesiogine \u017eaidimo nuoroda. Tiesiog keliaukite \u012f pradin\u0119 viet\u0105 Igreja do Carmo, atidarykite nuorod\u0105 savo i\u0161maniajame telefone ir prad\u0117kite savo nuotykius, kada tik jums patogu. J\u016bs galite laisvai pristabdyti \u017eaidim\u0105 ir t\u0119sti v\u0117liau, tod\u0117l tai yra lankstus ir smagus b\u016bdas tyrin\u0117ti Port\u0105 savo tempu.","start_location":"porto, Igreja do Carmo","available_languages":[],"players_per_group":"1-4","duration":"1.5-2 hours","image_overlay_color_image":"https:\/\/testwebsite.citygame.com\/wp-content\/blogs.dir\/1\/files\/sites\/62\/2026\/01\/SecretsColor.svg","image_overlay_game_logo":"https:\/\/testwebsite.citygame.com\/wp-content\/blogs.dir\/1\/files\/sites\/62\/2026\/01\/SecretsLogo.png","city_page":7375,"woocommerce_general_content":null},"yoast_head":"<!-- This site is optimized with the Yoast SEO Premium plugin v26.2 (Yoast SEO v26.3) - https:\/\/yoast.com\/wordpress\/plugins\/seo\/ -->\n<title>Secrets of Porto - City Game<\/title>\n<meta name=\"description\" content=\"Secrets of Porto. \u017daiskite savaranki\u0161k\u0105 miesto \u017eaidim\u0105 ir tyrin\u0117kite miest\u0105 spr\u0119sdami galvos\u016bkius, m\u012fsles ir i\u0161\u0161\u016bkius. \u017daiskite savo tempu ir atraskite kaip vietinis!\" \/>\n<meta name=\"robots\" content=\"noindex, follow, max-snippet:-1, max-image-preview:large, max-video-preview:-1\" \/>\n<meta property=\"og:locale\" content=\"lt_LT\" \/>\n<meta property=\"og:type\" content=\"article\" \/>\n<meta property=\"og:title\" content=\"Secrets of Porto\" \/>\n<meta property=\"og:description\" content=\"Secrets of Porto. \u017daiskite savaranki\u0161k\u0105 miesto \u017eaidim\u0105 ir tyrin\u0117kite miest\u0105 spr\u0119sdami galvos\u016bkius, m\u012fsles ir i\u0161\u0161\u016bkius. \u017daiskite savo tempu ir atraskite kaip vietinis!\" \/>\n<meta property=\"og:url\" content=\"https:\/\/testwebsite.citygame.com\/lt\/games\/porto\/secrets-of-porto\/\" \/>\n<meta property=\"og:site_name\" content=\"City Game\" \/>\n<meta property=\"article:publisher\" content=\"https:\/\/www.facebook.com\/profile.php?id=100086426226253\" \/>\n<meta property=\"article:modified_time\" content=\"2026-04-07T20:38:28+00:00\" \/>\n<meta property=\"og:image\" content=\"https:\/\/testwebsite.citygame.com\/wp-content\/blogs.dir\/1\/files\/sites\/62\/2026\/01\/porto-group-of-friends-playing-city-game-praca-do-infante-d-henrique.jpg\" \/>\n\t<meta property=\"og:image:width\" content=\"1024\" \/>\n\t<meta property=\"og:image:height\" content=\"1024\" \/>\n\t<meta property=\"og:image:type\" content=\"image\/jpeg\" \/>\n<meta name=\"twitter:card\" content=\"summary_large_image\" \/>\n<meta name=\"twitter:label1\" content=\"Est. reading time\" \/>\n\t<meta name=\"twitter:data1\" content=\"1 minut\u0117\" \/>\n<script type=\"application\/ld+json\" class=\"yoast-schema-graph\">{\"@context\":\"https:\/\/schema.org\",\"@graph\":[{\"@type\":\"WebPage\",\"@id\":\"https:\/\/testwebsite.citygame.com\/lt\/games\/porto\/secrets-of-porto\/\",\"url\":\"https:\/\/testwebsite.citygame.com\/lt\/games\/porto\/secrets-of-porto\/\",\"name\":\"Secrets of Porto - City Game\",\"isPartOf\":{\"@id\":\"https:\/\/testwebsite.upevents.nl\/#website\"},\"primaryImageOfPage\":{\"@id\":\"https:\/\/testwebsite.citygame.com\/lt\/games\/porto\/secrets-of-porto\/#primaryimage\"},\"image\":{\"@id\":\"https:\/\/testwebsite.citygame.com\/lt\/games\/porto\/secrets-of-porto\/#primaryimage\"},\"thumbnailUrl\":\"https:\/\/testwebsite.citygame.com\/wp-content\/blogs.dir\/1\/files\/sites\/62\/2026\/01\/porto-group-of-friends-playing-city-game-praca-do-infante-d-henrique.jpg\",\"datePublished\":\"2026-01-13T15:38:56+00:00\",\"dateModified\":\"2026-04-07T20:38:28+00:00\",\"description\":\"Secrets of Porto. \u017daiskite savaranki\u0161k\u0105 miesto \u017eaidim\u0105 ir tyrin\u0117kite miest\u0105 spr\u0119sdami galvos\u016bkius, m\u012fsles ir i\u0161\u0161\u016bkius. \u017daiskite savo tempu ir atraskite kaip vietinis!\",\"breadcrumb\":{\"@id\":\"https:\/\/testwebsite.citygame.com\/lt\/games\/porto\/secrets-of-porto\/#breadcrumb\"},\"inLanguage\":\"lt-LT\",\"potentialAction\":[{\"@type\":\"ReadAction\",\"target\":[\"https:\/\/testwebsite.citygame.com\/lt\/games\/porto\/secrets-of-porto\/\"]}]},{\"@type\":\"ImageObject\",\"inLanguage\":\"lt-LT\",\"@id\":\"https:\/\/testwebsite.citygame.com\/lt\/games\/porto\/secrets-of-porto\/#primaryimage\",\"url\":\"https:\/\/testwebsite.citygame.com\/wp-content\/blogs.dir\/1\/files\/sites\/62\/2026\/01\/porto-group-of-friends-playing-city-game-praca-do-infante-d-henrique.jpg\",\"contentUrl\":\"https:\/\/testwebsite.citygame.com\/wp-content\/blogs.dir\/1\/files\/sites\/62\/2026\/01\/porto-group-of-friends-playing-city-game-praca-do-infante-d-henrique.jpg\",\"width\":1024,\"height\":1024,\"caption\":\"A group of young adults gathers around a smartphone in the historic Pra\u00e7a do Infante D. Henrique in Porto.\"},{\"@type\":\"BreadcrumbList\",\"@id\":\"https:\/\/testwebsite.citygame.com\/lt\/games\/porto\/secrets-of-porto\/#breadcrumb\",\"itemListElement\":[{\"@type\":\"ListItem\",\"position\":1,\"name\":\"Home\",\"item\":\"https:\/\/testwebsite.citygame.com\/lt\/\"},{\"@type\":\"ListItem\",\"position\":2,\"name\":\"Shop\",\"item\":\"https:\/\/testwebsite.citygame.com\/shop\/\"},{\"@type\":\"ListItem\",\"position\":3,\"name\":\"Secrets of Porto\"}]},{\"@type\":\"WebSite\",\"@id\":\"https:\/\/testwebsite.upevents.nl\/#website\",\"url\":\"https:\/\/testwebsite.upevents.nl\/\",\"name\":\"City Game\",\"description\":\"\",\"publisher\":{\"@id\":\"https:\/\/testwebsite.upevents.nl\/#organization\"},\"alternateName\":\"citygame.com\",\"potentialAction\":[{\"@type\":\"SearchAction\",\"target\":{\"@type\":\"EntryPoint\",\"urlTemplate\":\"https:\/\/testwebsite.upevents.nl\/?s={search_term_string}\"},\"query-input\":{\"@type\":\"PropertyValueSpecification\",\"valueRequired\":true,\"valueName\":\"search_term_string\"}}],\"inLanguage\":\"lt-LT\"},{\"@type\":[\"Organization\",\"Place\"],\"@id\":\"https:\/\/testwebsite.upevents.nl\/#organization\",\"name\":\"City Game\",\"alternateName\":\"citygame.com\",\"url\":\"https:\/\/testwebsite.upevents.nl\/\",\"logo\":{\"@id\":\"https:\/\/testwebsite.citygame.com\/lt\/games\/porto\/secrets-of-porto\/#local-main-organization-logo\"},\"image\":{\"@id\":\"https:\/\/testwebsite.citygame.com\/lt\/games\/porto\/secrets-of-porto\/#local-main-organization-logo\"},\"sameAs\":[\"https:\/\/www.facebook.com\/profile.php?id=100086426226253\",\"https:\/\/www.instagram.com\/citygame_com\",\"https:\/\/www.tiktok.com\/@citygamecom\/\",\"https:\/\/www.linkedin.com\/company\/citygame-com\"],\"description\":\"Turn any city into a playground with our interactive City Games and self-guided tours. Fun, flexible, and ideal for groups and team building.\",\"telephone\":[],\"openingHoursSpecification\":[{\"@type\":\"OpeningHoursSpecification\",\"dayOfWeek\":[\"Monday\",\"Tuesday\",\"Wednesday\",\"Thursday\",\"Friday\",\"Saturday\",\"Sunday\"],\"opens\":\"09:00\",\"closes\":\"17:00\"}]},{\"@type\":\"ImageObject\",\"inLanguage\":\"lt-LT\",\"@id\":\"https:\/\/testwebsite.citygame.com\/lt\/games\/porto\/secrets-of-porto\/#local-main-organization-logo\",\"url\":\"https:\/\/testwebsite.citygame.com\/wp-content\/blogs.dir\/1\/files\/sites\/62\/2025\/10\/CG_LOGO-City-Game.png\",\"contentUrl\":\"https:\/\/testwebsite.citygame.com\/wp-content\/blogs.dir\/1\/files\/sites\/62\/2025\/10\/CG_LOGO-City-Game.png\",\"width\":351,\"height\":377,\"caption\":\"City Game\"}]}<\/script>\n<!-- \/ Yoast SEO Premium plugin. -->","yoast_head_json":{"title":"Secrets of Porto - City Game","description":"Secrets of Porto. \u017daiskite savaranki\u0161k\u0105 miesto \u017eaidim\u0105 ir tyrin\u0117kite miest\u0105 spr\u0119sdami galvos\u016bkius, m\u012fsles ir i\u0161\u0161\u016bkius. \u017daiskite savo tempu ir atraskite kaip vietinis!","robots":{"index":"noindex","follow":"follow","max-snippet":"max-snippet:-1","max-image-preview":"max-image-preview:large","max-video-preview":"max-video-preview:-1"},"og_locale":"lt_LT","og_type":"article","og_title":"Secrets of Porto","og_description":"Secrets of Porto. \u017daiskite savaranki\u0161k\u0105 miesto \u017eaidim\u0105 ir tyrin\u0117kite miest\u0105 spr\u0119sdami galvos\u016bkius, m\u012fsles ir i\u0161\u0161\u016bkius. \u017daiskite savo tempu ir atraskite kaip vietinis!","og_url":"https:\/\/testwebsite.citygame.com\/lt\/games\/porto\/secrets-of-porto\/","og_site_name":"City Game","article_publisher":"https:\/\/www.facebook.com\/profile.php?id=100086426226253","article_modified_time":"2026-04-07T20:38:28+00:00","og_image":[{"width":1024,"height":1024,"url":"https:\/\/testwebsite.citygame.com\/wp-content\/blogs.dir\/1\/files\/sites\/62\/2026\/01\/porto-group-of-friends-playing-city-game-praca-do-infante-d-henrique.jpg","type":"image\/jpeg"}],"twitter_card":"summary_large_image","twitter_misc":{"Est. reading time":"1 minut\u0117"},"schema":{"@context":"https:\/\/schema.org","@graph":[{"@type":"WebPage","@id":"https:\/\/testwebsite.citygame.com\/lt\/games\/porto\/secrets-of-porto\/","url":"https:\/\/testwebsite.citygame.com\/lt\/games\/porto\/secrets-of-porto\/","name":"Secrets of Porto - City Game","isPartOf":{"@id":"https:\/\/testwebsite.upevents.nl\/#website"},"primaryImageOfPage":{"@id":"https:\/\/testwebsite.citygame.com\/lt\/games\/porto\/secrets-of-porto\/#primaryimage"},"image":{"@id":"https:\/\/testwebsite.citygame.com\/lt\/games\/porto\/secrets-of-porto\/#primaryimage"},"thumbnailUrl":"https:\/\/testwebsite.citygame.com\/wp-content\/blogs.dir\/1\/files\/sites\/62\/2026\/01\/porto-group-of-friends-playing-city-game-praca-do-infante-d-henrique.jpg","datePublished":"2026-01-13T15:38:56+00:00","dateModified":"2026-04-07T20:38:28+00:00","description":"Secrets of Porto. \u017daiskite savaranki\u0161k\u0105 miesto \u017eaidim\u0105 ir tyrin\u0117kite miest\u0105 spr\u0119sdami galvos\u016bkius, m\u012fsles ir i\u0161\u0161\u016bkius. \u017daiskite savo tempu ir atraskite kaip vietinis!","breadcrumb":{"@id":"https:\/\/testwebsite.citygame.com\/lt\/games\/porto\/secrets-of-porto\/#breadcrumb"},"inLanguage":"lt-LT","potentialAction":[{"@type":"ReadAction","target":["https:\/\/testwebsite.citygame.com\/lt\/games\/porto\/secrets-of-porto\/"]}]},{"@type":"ImageObject","inLanguage":"lt-LT","@id":"https:\/\/testwebsite.citygame.com\/lt\/games\/porto\/secrets-of-porto\/#primaryimage","url":"https:\/\/testwebsite.citygame.com\/wp-content\/blogs.dir\/1\/files\/sites\/62\/2026\/01\/porto-group-of-friends-playing-city-game-praca-do-infante-d-henrique.jpg","contentUrl":"https:\/\/testwebsite.citygame.com\/wp-content\/blogs.dir\/1\/files\/sites\/62\/2026\/01\/porto-group-of-friends-playing-city-game-praca-do-infante-d-henrique.jpg","width":1024,"height":1024,"caption":"A group of young adults gathers around a smartphone in the historic Pra\u00e7a do Infante D. Henrique in Porto."},{"@type":"BreadcrumbList","@id":"https:\/\/testwebsite.citygame.com\/lt\/games\/porto\/secrets-of-porto\/#breadcrumb","itemListElement":[{"@type":"ListItem","position":1,"name":"Home","item":"https:\/\/testwebsite.citygame.com\/lt\/"},{"@type":"ListItem","position":2,"name":"Shop","item":"https:\/\/testwebsite.citygame.com\/shop\/"},{"@type":"ListItem","position":3,"name":"Secrets of Porto"}]},{"@type":"WebSite","@id":"https:\/\/testwebsite.upevents.nl\/#website","url":"https:\/\/testwebsite.upevents.nl\/","name":"City Game","description":"","publisher":{"@id":"https:\/\/testwebsite.upevents.nl\/#organization"},"alternateName":"citygame.com","potentialAction":[{"@type":"SearchAction","target":{"@type":"EntryPoint","urlTemplate":"https:\/\/testwebsite.upevents.nl\/?s={search_term_string}"},"query-input":{"@type":"PropertyValueSpecification","valueRequired":true,"valueName":"search_term_string"}}],"inLanguage":"lt-LT"},{"@type":["Organization","Place"],"@id":"https:\/\/testwebsite.upevents.nl\/#organization","name":"City Game","alternateName":"citygame.com","url":"https:\/\/testwebsite.upevents.nl\/","logo":{"@id":"https:\/\/testwebsite.citygame.com\/lt\/games\/porto\/secrets-of-porto\/#local-main-organization-logo"},"image":{"@id":"https:\/\/testwebsite.citygame.com\/lt\/games\/porto\/secrets-of-porto\/#local-main-organization-logo"},"sameAs":["https:\/\/www.facebook.com\/profile.php?id=100086426226253","https:\/\/www.instagram.com\/citygame_com","https:\/\/www.tiktok.com\/@citygamecom\/","https:\/\/www.linkedin.com\/company\/citygame-com"],"description":"Turn any city into a playground with our interactive City Games and self-guided tours. Fun, flexible, and ideal for groups and team building.","telephone":[],"openingHoursSpecification":[{"@type":"OpeningHoursSpecification","dayOfWeek":["Monday","Tuesday","Wednesday","Thursday","Friday","Saturday","Sunday"],"opens":"09:00","closes":"17:00"}]},{"@type":"ImageObject","inLanguage":"lt-LT","@id":"https:\/\/testwebsite.citygame.com\/lt\/games\/porto\/secrets-of-porto\/#local-main-organization-logo","url":"https:\/\/testwebsite.citygame.com\/wp-content\/blogs.dir\/1\/files\/sites\/62\/2025\/10\/CG_LOGO-City-Game.png","contentUrl":"https:\/\/testwebsite.citygame.com\/wp-content\/blogs.dir\/1\/files\/sites\/62\/2025\/10\/CG_LOGO-City-Game.png","width":351,"height":377,"caption":"City Game"}]}},"taxonomy_info":{"game-concept":[{"value":722,"label":"Secrets"}],"location":[{"value":328,"label":"Porto"}],"product_cat":[{"value":27,"label":"Geen categorie"}]},"featured_image_src_large":["https:\/\/testwebsite.citygame.com\/wp-content\/blogs.dir\/1\/files\/sites\/62\/2026\/01\/porto-group-of-friends-playing-city-game-praca-do-infante-d-henrique.jpg",1024,1024,false],"author_info":[],"comment_info":"","_links":{"self":[{"href":"https:\/\/testwebsite.citygame.com\/lt\/wp-json\/wp\/v2\/product\/55342","targetHints":{"allow":["GET"]}}],"collection":[{"href":"https:\/\/testwebsite.citygame.com\/lt\/wp-json\/wp\/v2\/product"}],"about":[{"href":"https:\/\/testwebsite.citygame.com\/lt\/wp-json\/wp\/v2\/types\/product"}],"acf:post":[{"embeddable":true,"href":"https:\/\/testwebsite.citygame.com\/lt\/wp-json\/wp\/v2\/pages\/7375"}],"wp:featuredmedia":[{"embeddable":true,"href":"https:\/\/testwebsite.citygame.com\/lt\/wp-json\/wp\/v2\/media\/3849"}],"wp:attachment":[{"href":"https:\/\/testwebsite.citygame.com\/lt\/wp-json\/wp\/v2\/media?parent=55342"}],"wp:term":[{"taxonomy":"game-concept","embeddable":true,"href":"https:\/\/testwebsite.citygame.com\/lt\/wp-json\/wp\/v2\/game-concept?post=55342"},{"taxonomy":"location","embeddable":true,"href":"https:\/\/testwebsite.citygame.com\/lt\/wp-json\/wp\/v2\/location?post=55342"},{"taxonomy":"product_brand","embeddable":true,"href":"https:\/\/testwebsite.citygame.com\/lt\/wp-json\/wp\/v2\/product_brand?post=55342"},{"taxonomy":"product_cat","embeddable":true,"href":"https:\/\/testwebsite.citygame.com\/lt\/wp-json\/wp\/v2\/product_cat?post=55342"},{"taxonomy":"product_tag","embeddable":true,"href":"https:\/\/testwebsite.citygame.com\/lt\/wp-json\/wp\/v2\/product_tag?post=55342"}],"curies":[{"name":"wp","href":"https:\/\/api.w.org\/{rel}","templated":true}]}}