{"id":55095,"date":"2026-02-19T11:09:14","date_gmt":"2026-02-19T11:09:14","guid":{"rendered":"https:\/\/testwebsite.citygame.com\/games\/unknown-location\/sherlock-holmes-paphos\/"},"modified":"2026-04-07T20:10:00","modified_gmt":"2026-04-07T20:10:00","slug":"sherlock-holmes-paphos","status":"publish","type":"product","link":"https:\/\/testwebsite.citygame.com\/lt\/games\/paphos\/sherlock-holmes-paphos\/","title":{"rendered":"Sherlock Holmes Paphos"},"content":{"rendered":"<p>Pasinerkite \u012f intriguojant\u012f \u201eSherlock Holmes City Game\u201c \u017eaidim\u0105, \u012fsik\u016brus\u012f istoriniame Pafos miesto centre \u2013 tai savaranki\u0161ka, istorijos varoma \u017emog\u017eudyst\u0117s paslaptis, kuri paver\u010dia \u0161\u012f \u017eav\u0173 miesto peiza\u017e\u0105 \u012ftraukian\u010dia fono vieta j\u016bs\u0173 detektyviniam tyrimui. Vystantis naratyvui, \u012f\u017eengsite \u012f \u0160erloko Holmso pasaul\u012f, keliausite po miest\u0105 rinkdami esmines u\u017euominas, spr\u0119sdami m\u012fslingas m\u012fsles ir apklausdami skaitmeninius \u012ftariamuosius, susijusius su \u0161iurpia \u017emog\u017eudyste, \u012fvykusia \u201eLiberty Festival\u201c metu. Patirkite laisv\u0119 tyrin\u0117ti savo tempu, tobulindami detektyvo \u012fg\u016bd\u017eius ir m\u0117gaukit\u0117s patrauklia, paslap\u010di\u0173 kupina patirtimi Pafos \u0161irdyje.<\/p>\n","protected":false},"excerpt":{"rendered":"<p>Pasinerkite \u012f \u0160erloko Holmso m\u0105stym\u0105 \u0161ioje savaranki\u0161koje \u017emog\u017eudyst\u0117s paslaptyje, vykstan\u010dioje Pafe. Sekite intriguojan\u010dias u\u017euominas, spr\u0119skite sud\u0117tingas m\u012fsles ir dirbkite komandoje, kad atskleistum\u0117te paini\u0105 ties\u0105 \u2013 laikas yra esminis!<\/p>\n","protected":false},"featured_media":14817,"template":"","meta":{"_acf_changed":false,"_yoast_wpseo_focuskw":"Sherlock Holmes Paphos","_yoast_wpseo_metadesc":"Sherlock Holmes Paphos. \u017daiskite savaranki\u0161k\u0105 \u017emog\u017eudyst\u0117s paslap\u010di\u0173 miesto \u017eaidim\u0105, spr\u0119skite galvos\u016bkius, sekite u\u017euominas ir savo tempu atskleiskite \u017eudik\u0105!","_kad_blocks_custom_css":"","_kad_blocks_head_custom_js":"","_kad_blocks_body_custom_js":"","_kad_blocks_footer_custom_js":"","ghostkit_customizer_options":"","ghostkit_custom_css":"","ghostkit_custom_js_head":"","ghostkit_custom_js_foot":"","ghostkit_typography":"","_kad_post_transparent":"","_kad_post_title":"","_kad_post_layout":"","_kad_post_sidebar_id":"","_kad_post_content_style":"","_kad_post_vertical_padding":"","_kad_post_feature":"","_kad_post_feature_position":"","_kad_post_header":false,"_kad_post_footer":false,"_kad_post_classname":"","_links_to":"","_links_to_target":""},"game-concept":[783],"location":[316],"product_brand":[],"product_cat":[27],"product_tag":[],"class_list":{"0":"post-55095","1":"product","2":"type-product","3":"status-publish","4":"has-post-thumbnail","6":"game-concept-sherlock","7":"location-paphos","8":"product_cat-geen-categorie","10":"first","11":"instock","12":"shipping-taxable","13":"purchasable","14":"product-type-simple","15":"entry","16":"content-bg","17":"loop-entry"},"acf":{"full_bokun_product_name":"Paphos Self-Guided Sherlock Holmes Murder Mystery Game","location_name":"Paphos","bokun_calendar_widget_code":"<script type=\"text\/javascript\" src=\"https:\/\/widgets.bokun.io\/assets\/javascripts\/apps\/build\/BokunWidgetsLoader.js?bookingChannelUUID=a1e93e96-5232-4734-a595-28405f4b5a31\" async><\/script>\n     \n    <div class=\"bokunWidget\" data-src=\"https:\/\/widgets.bokun.io\/online-sales\/a1e93e96-5232-4734-a595-28405f4b5a31\/experience-calendar\/771452\"><\/div>\n    <noscript>Please enable javascript in your browser to book<\/noscript>","bokun_button_widget_code":"<script type=\"text\/javascript\" src=\"https:\/\/widgets.bokun.io\/assets\/javascripts\/apps\/build\/BokunWidgetsLoader.js?bookingChannelUUID=a1e93e96-5232-4734-a595-28405f4b5a31\" async><\/script>\n      <style> #bokun_ed001e45_5927_4f62_b470_ca766338d083 { display: inline-block; padding: .4em 1em; background: #47b82e; border-radius: 999999px; box-shadow: none; font-weight: 600; font-size: 24px; text-decoration: none; text-align: center; color: #FFFFFF; border:none; cursor: pointer; transition: background .2s ease; } #bokun_ed001e45_5927_4f62_b470_ca766338d083:hover{ background: #2f7b1f; } #bokun_ed001e45_5927_4f62_b470_ca766338d083:active{ background: #378f24; } <\/style> <button class=\"bokunButton\" disabled id=bokun_ed001e45_5927_4f62_b470_ca766338d083 data-src=\"https:\/\/widgets.bokun.io\/online-sales\/a1e93e96-5232-4734-a595-28405f4b5a31\/experience-calendar\/771452?partialView=1\" data-testid=\"widget-book-button\" > Book now <\/button> ","what_you\u2019ll_experience_during_the_game":"\u0160urmuliuojan\u010dio Pafos miesto viduryje pasineriate \u012f jaudinant\u012f detektyvin\u012f pasakojim\u0105, visi\u0161kai \u012fsitraukdami \u012f tank\u0173 naratyv\u0105, atlikdami tyrimo vaidmen\u012f. Keliaujant po miest\u0105, atsiskleid\u017eia sud\u0117tinga istorija, i\u0161bandanti j\u016bs\u0173 kritin\u012f m\u0105stym\u0105, pastabum\u0105 ir dedukcijos \u012fg\u016bd\u017eius. Kiekviena aplankyta vieta kvie\u010dia susidurti su pos\u016bkiais, atrasti pagrindines u\u017euominas ir i\u0161spr\u0119sti gudriai sugalvotus galvos\u016bkius, kurie paspartins j\u016bs\u0173 tyrim\u0105 d\u0117l paslaptingos \u017emog\u017eudyst\u0117s, \u012fvykusios \u201eLiberty Festival\u201c metu.\n\nI\u0161ai\u0161k\u0117jus \u012frodymams, dalyvausite virtualiose apklausose, atid\u017eiai tikrinsite skaitmeninius \u012ftariamuosius, analizavsite alibi ir ie\u0161kosite prie\u0161taravim\u0173. Nepaisant d\u017eiaugsmo sluoksnio, kur\u012f \u201eLiberty Festival\u201c suteik\u0117 Pafos miestui, turite atrasti tamsesn\u0119 ties\u0105, slypin\u010di\u0105 po \u0161vent\u0117mis. Suprantama, \u0161i u\u017eduotis n\u0117ra lengva, ta\u010diau \u017eaidimas leid\u017eia jums t\u0119sti savo tempu, leid\u017eiant pristabdyti ir t\u0119sti, kada panor\u0117site. Jei nuspr\u0119site \u017eaisti komandomis, draugi\u0161kas var\u017eymasis gali suteikti papildomos \u012fsp\u016bd\u017ei\u0173 doz\u0117s, lenktyniaujant, kas pirmas atskleis ties\u0105. \u0160iame \u017eaidime svarbu ne tik pabaiga, bet ir paties ie\u0161kojimo azartas.","how_to_play":"\u017daiskite vienas arba su draugais, \u0161eima ar kolegomis komandose, kuriose telpa iki keturi\u0173 \u017emoni\u0173 viename \u012frenginyje. U\u017esisak\u0119 gausite el. lai\u0161k\u0105 su instrukcijomis ir visa reikalinga informacija.","start_location":"Paphos, Markideio Theatre","available_languages":["en","es","fr","de","it","nl"],"players_per_group":"1-4","duration":"1.5-2 hours","image_overlay_color_image":"https:\/\/testwebsite.citygame.com\/wp-content\/blogs.dir\/1\/files\/sites\/62\/2026\/01\/SherlockColor.svg","image_overlay_game_logo":"https:\/\/testwebsite.citygame.com\/wp-content\/blogs.dir\/1\/files\/sites\/62\/2026\/01\/SherlockLogo.png","city_page":8620,"woocommerce_general_content":null},"yoast_head":"<!-- This site is optimized with the Yoast SEO Premium plugin v26.2 (Yoast SEO v26.3) - https:\/\/yoast.com\/wordpress\/plugins\/seo\/ -->\n<title>Sherlock Holmes Paphos - City Game<\/title>\n<meta name=\"description\" content=\"Sherlock Holmes Paphos. \u017daiskite savaranki\u0161k\u0105 \u017emog\u017eudyst\u0117s paslap\u010di\u0173 miesto \u017eaidim\u0105, spr\u0119skite galvos\u016bkius, sekite u\u017euominas ir savo tempu atskleiskite \u017eudik\u0105!\" \/>\n<meta name=\"robots\" content=\"noindex, follow, max-snippet:-1, max-image-preview:large, max-video-preview:-1\" \/>\n<meta property=\"og:locale\" content=\"lt_LT\" \/>\n<meta property=\"og:type\" content=\"article\" \/>\n<meta property=\"og:title\" content=\"Sherlock Holmes Paphos\" \/>\n<meta property=\"og:description\" content=\"Sherlock Holmes Paphos. \u017daiskite savaranki\u0161k\u0105 \u017emog\u017eudyst\u0117s paslap\u010di\u0173 miesto \u017eaidim\u0105, spr\u0119skite galvos\u016bkius, sekite u\u017euominas ir savo tempu atskleiskite \u017eudik\u0105!\" \/>\n<meta property=\"og:url\" content=\"https:\/\/testwebsite.citygame.com\/lt\/games\/paphos\/sherlock-holmes-paphos\/\" \/>\n<meta property=\"og:site_name\" content=\"City Game\" \/>\n<meta property=\"article:publisher\" content=\"https:\/\/www.facebook.com\/profile.php?id=100086426226253\" \/>\n<meta property=\"article:modified_time\" content=\"2026-04-07T20:10:00+00:00\" \/>\n<meta property=\"og:image\" content=\"https:\/\/testwebsite.citygame.com\/wp-content\/blogs.dir\/1\/files\/sites\/62\/2026\/02\/paphos-archaeological-site-sherlock-game.jpg\" \/>\n\t<meta property=\"og:image:width\" content=\"1024\" \/>\n\t<meta property=\"og:image:height\" content=\"1024\" \/>\n\t<meta property=\"og:image:type\" content=\"image\/jpeg\" \/>\n<meta name=\"twitter:card\" content=\"summary_large_image\" \/>\n<script type=\"application\/ld+json\" class=\"yoast-schema-graph\">{\"@context\":\"https:\/\/schema.org\",\"@graph\":[{\"@type\":\"WebPage\",\"@id\":\"https:\/\/testwebsite.citygame.com\/lt\/games\/paphos\/sherlock-holmes-paphos\/\",\"url\":\"https:\/\/testwebsite.citygame.com\/lt\/games\/paphos\/sherlock-holmes-paphos\/\",\"name\":\"Sherlock Holmes Paphos - City Game\",\"isPartOf\":{\"@id\":\"https:\/\/testwebsite.upevents.nl\/#website\"},\"primaryImageOfPage\":{\"@id\":\"https:\/\/testwebsite.citygame.com\/lt\/games\/paphos\/sherlock-holmes-paphos\/#primaryimage\"},\"image\":{\"@id\":\"https:\/\/testwebsite.citygame.com\/lt\/games\/paphos\/sherlock-holmes-paphos\/#primaryimage\"},\"thumbnailUrl\":\"https:\/\/testwebsite.citygame.com\/wp-content\/blogs.dir\/1\/files\/sites\/62\/2026\/02\/paphos-archaeological-site-sherlock-game.jpg\",\"datePublished\":\"2026-02-19T11:09:14+00:00\",\"dateModified\":\"2026-04-07T20:10:00+00:00\",\"description\":\"Sherlock Holmes Paphos. \u017daiskite savaranki\u0161k\u0105 \u017emog\u017eudyst\u0117s paslap\u010di\u0173 miesto \u017eaidim\u0105, spr\u0119skite galvos\u016bkius, sekite u\u017euominas ir savo tempu atskleiskite \u017eudik\u0105!\",\"breadcrumb\":{\"@id\":\"https:\/\/testwebsite.citygame.com\/lt\/games\/paphos\/sherlock-holmes-paphos\/#breadcrumb\"},\"inLanguage\":\"lt-LT\",\"potentialAction\":[{\"@type\":\"ReadAction\",\"target\":[\"https:\/\/testwebsite.citygame.com\/lt\/games\/paphos\/sherlock-holmes-paphos\/\"]}]},{\"@type\":\"ImageObject\",\"inLanguage\":\"lt-LT\",\"@id\":\"https:\/\/testwebsite.citygame.com\/lt\/games\/paphos\/sherlock-holmes-paphos\/#primaryimage\",\"url\":\"https:\/\/testwebsite.citygame.com\/wp-content\/blogs.dir\/1\/files\/sites\/62\/2026\/02\/paphos-archaeological-site-sherlock-game.jpg\",\"contentUrl\":\"https:\/\/testwebsite.citygame.com\/wp-content\/blogs.dir\/1\/files\/sites\/62\/2026\/02\/paphos-archaeological-site-sherlock-game.jpg\",\"width\":1024,\"height\":1024,\"caption\":\"A visitor uses a mobile app to learn about the history of the ancient ruins in Paphos, Cyprus.\"},{\"@type\":\"BreadcrumbList\",\"@id\":\"https:\/\/testwebsite.citygame.com\/lt\/games\/paphos\/sherlock-holmes-paphos\/#breadcrumb\",\"itemListElement\":[{\"@type\":\"ListItem\",\"position\":1,\"name\":\"Home\",\"item\":\"https:\/\/testwebsite.citygame.com\/lt\/\"},{\"@type\":\"ListItem\",\"position\":2,\"name\":\"Shop\",\"item\":\"https:\/\/testwebsite.citygame.com\/shop\/\"},{\"@type\":\"ListItem\",\"position\":3,\"name\":\"Sherlock Holmes Paphos\"}]},{\"@type\":\"WebSite\",\"@id\":\"https:\/\/testwebsite.upevents.nl\/#website\",\"url\":\"https:\/\/testwebsite.upevents.nl\/\",\"name\":\"City Game\",\"description\":\"\",\"publisher\":{\"@id\":\"https:\/\/testwebsite.upevents.nl\/#organization\"},\"alternateName\":\"citygame.com\",\"potentialAction\":[{\"@type\":\"SearchAction\",\"target\":{\"@type\":\"EntryPoint\",\"urlTemplate\":\"https:\/\/testwebsite.upevents.nl\/?s={search_term_string}\"},\"query-input\":{\"@type\":\"PropertyValueSpecification\",\"valueRequired\":true,\"valueName\":\"search_term_string\"}}],\"inLanguage\":\"lt-LT\"},{\"@type\":[\"Organization\",\"Place\"],\"@id\":\"https:\/\/testwebsite.upevents.nl\/#organization\",\"name\":\"City Game\",\"alternateName\":\"citygame.com\",\"url\":\"https:\/\/testwebsite.upevents.nl\/\",\"logo\":{\"@id\":\"https:\/\/testwebsite.citygame.com\/lt\/games\/paphos\/sherlock-holmes-paphos\/#local-main-organization-logo\"},\"image\":{\"@id\":\"https:\/\/testwebsite.citygame.com\/lt\/games\/paphos\/sherlock-holmes-paphos\/#local-main-organization-logo\"},\"sameAs\":[\"https:\/\/www.facebook.com\/profile.php?id=100086426226253\",\"https:\/\/www.instagram.com\/citygame_com\",\"https:\/\/www.tiktok.com\/@citygamecom\/\",\"https:\/\/www.linkedin.com\/company\/citygame-com\"],\"description\":\"Turn any city into a playground with our interactive City Games and self-guided tours. Fun, flexible, and ideal for groups and team building.\",\"telephone\":[],\"openingHoursSpecification\":[{\"@type\":\"OpeningHoursSpecification\",\"dayOfWeek\":[\"Monday\",\"Tuesday\",\"Wednesday\",\"Thursday\",\"Friday\",\"Saturday\",\"Sunday\"],\"opens\":\"09:00\",\"closes\":\"17:00\"}]},{\"@type\":\"ImageObject\",\"inLanguage\":\"lt-LT\",\"@id\":\"https:\/\/testwebsite.citygame.com\/lt\/games\/paphos\/sherlock-holmes-paphos\/#local-main-organization-logo\",\"url\":\"https:\/\/testwebsite.citygame.com\/wp-content\/blogs.dir\/1\/files\/sites\/62\/2025\/10\/CG_LOGO-City-Game.png\",\"contentUrl\":\"https:\/\/testwebsite.citygame.com\/wp-content\/blogs.dir\/1\/files\/sites\/62\/2025\/10\/CG_LOGO-City-Game.png\",\"width\":351,\"height\":377,\"caption\":\"City Game\"}]}<\/script>\n<!-- \/ Yoast SEO Premium plugin. -->","yoast_head_json":{"title":"Sherlock Holmes Paphos - City Game","description":"Sherlock Holmes Paphos. \u017daiskite savaranki\u0161k\u0105 \u017emog\u017eudyst\u0117s paslap\u010di\u0173 miesto \u017eaidim\u0105, spr\u0119skite galvos\u016bkius, sekite u\u017euominas ir savo tempu atskleiskite \u017eudik\u0105!","robots":{"index":"noindex","follow":"follow","max-snippet":"max-snippet:-1","max-image-preview":"max-image-preview:large","max-video-preview":"max-video-preview:-1"},"og_locale":"lt_LT","og_type":"article","og_title":"Sherlock Holmes Paphos","og_description":"Sherlock Holmes Paphos. \u017daiskite savaranki\u0161k\u0105 \u017emog\u017eudyst\u0117s paslap\u010di\u0173 miesto \u017eaidim\u0105, spr\u0119skite galvos\u016bkius, sekite u\u017euominas ir savo tempu atskleiskite \u017eudik\u0105!","og_url":"https:\/\/testwebsite.citygame.com\/lt\/games\/paphos\/sherlock-holmes-paphos\/","og_site_name":"City Game","article_publisher":"https:\/\/www.facebook.com\/profile.php?id=100086426226253","article_modified_time":"2026-04-07T20:10:00+00:00","og_image":[{"width":1024,"height":1024,"url":"https:\/\/testwebsite.citygame.com\/wp-content\/blogs.dir\/1\/files\/sites\/62\/2026\/02\/paphos-archaeological-site-sherlock-game.jpg","type":"image\/jpeg"}],"twitter_card":"summary_large_image","schema":{"@context":"https:\/\/schema.org","@graph":[{"@type":"WebPage","@id":"https:\/\/testwebsite.citygame.com\/lt\/games\/paphos\/sherlock-holmes-paphos\/","url":"https:\/\/testwebsite.citygame.com\/lt\/games\/paphos\/sherlock-holmes-paphos\/","name":"Sherlock Holmes Paphos - City Game","isPartOf":{"@id":"https:\/\/testwebsite.upevents.nl\/#website"},"primaryImageOfPage":{"@id":"https:\/\/testwebsite.citygame.com\/lt\/games\/paphos\/sherlock-holmes-paphos\/#primaryimage"},"image":{"@id":"https:\/\/testwebsite.citygame.com\/lt\/games\/paphos\/sherlock-holmes-paphos\/#primaryimage"},"thumbnailUrl":"https:\/\/testwebsite.citygame.com\/wp-content\/blogs.dir\/1\/files\/sites\/62\/2026\/02\/paphos-archaeological-site-sherlock-game.jpg","datePublished":"2026-02-19T11:09:14+00:00","dateModified":"2026-04-07T20:10:00+00:00","description":"Sherlock Holmes Paphos. \u017daiskite savaranki\u0161k\u0105 \u017emog\u017eudyst\u0117s paslap\u010di\u0173 miesto \u017eaidim\u0105, spr\u0119skite galvos\u016bkius, sekite u\u017euominas ir savo tempu atskleiskite \u017eudik\u0105!","breadcrumb":{"@id":"https:\/\/testwebsite.citygame.com\/lt\/games\/paphos\/sherlock-holmes-paphos\/#breadcrumb"},"inLanguage":"lt-LT","potentialAction":[{"@type":"ReadAction","target":["https:\/\/testwebsite.citygame.com\/lt\/games\/paphos\/sherlock-holmes-paphos\/"]}]},{"@type":"ImageObject","inLanguage":"lt-LT","@id":"https:\/\/testwebsite.citygame.com\/lt\/games\/paphos\/sherlock-holmes-paphos\/#primaryimage","url":"https:\/\/testwebsite.citygame.com\/wp-content\/blogs.dir\/1\/files\/sites\/62\/2026\/02\/paphos-archaeological-site-sherlock-game.jpg","contentUrl":"https:\/\/testwebsite.citygame.com\/wp-content\/blogs.dir\/1\/files\/sites\/62\/2026\/02\/paphos-archaeological-site-sherlock-game.jpg","width":1024,"height":1024,"caption":"A visitor uses a mobile app to learn about the history of the ancient ruins in Paphos, Cyprus."},{"@type":"BreadcrumbList","@id":"https:\/\/testwebsite.citygame.com\/lt\/games\/paphos\/sherlock-holmes-paphos\/#breadcrumb","itemListElement":[{"@type":"ListItem","position":1,"name":"Home","item":"https:\/\/testwebsite.citygame.com\/lt\/"},{"@type":"ListItem","position":2,"name":"Shop","item":"https:\/\/testwebsite.citygame.com\/shop\/"},{"@type":"ListItem","position":3,"name":"Sherlock Holmes Paphos"}]},{"@type":"WebSite","@id":"https:\/\/testwebsite.upevents.nl\/#website","url":"https:\/\/testwebsite.upevents.nl\/","name":"City Game","description":"","publisher":{"@id":"https:\/\/testwebsite.upevents.nl\/#organization"},"alternateName":"citygame.com","potentialAction":[{"@type":"SearchAction","target":{"@type":"EntryPoint","urlTemplate":"https:\/\/testwebsite.upevents.nl\/?s={search_term_string}"},"query-input":{"@type":"PropertyValueSpecification","valueRequired":true,"valueName":"search_term_string"}}],"inLanguage":"lt-LT"},{"@type":["Organization","Place"],"@id":"https:\/\/testwebsite.upevents.nl\/#organization","name":"City Game","alternateName":"citygame.com","url":"https:\/\/testwebsite.upevents.nl\/","logo":{"@id":"https:\/\/testwebsite.citygame.com\/lt\/games\/paphos\/sherlock-holmes-paphos\/#local-main-organization-logo"},"image":{"@id":"https:\/\/testwebsite.citygame.com\/lt\/games\/paphos\/sherlock-holmes-paphos\/#local-main-organization-logo"},"sameAs":["https:\/\/www.facebook.com\/profile.php?id=100086426226253","https:\/\/www.instagram.com\/citygame_com","https:\/\/www.tiktok.com\/@citygamecom\/","https:\/\/www.linkedin.com\/company\/citygame-com"],"description":"Turn any city into a playground with our interactive City Games and self-guided tours. Fun, flexible, and ideal for groups and team building.","telephone":[],"openingHoursSpecification":[{"@type":"OpeningHoursSpecification","dayOfWeek":["Monday","Tuesday","Wednesday","Thursday","Friday","Saturday","Sunday"],"opens":"09:00","closes":"17:00"}]},{"@type":"ImageObject","inLanguage":"lt-LT","@id":"https:\/\/testwebsite.citygame.com\/lt\/games\/paphos\/sherlock-holmes-paphos\/#local-main-organization-logo","url":"https:\/\/testwebsite.citygame.com\/wp-content\/blogs.dir\/1\/files\/sites\/62\/2025\/10\/CG_LOGO-City-Game.png","contentUrl":"https:\/\/testwebsite.citygame.com\/wp-content\/blogs.dir\/1\/files\/sites\/62\/2025\/10\/CG_LOGO-City-Game.png","width":351,"height":377,"caption":"City Game"}]}},"taxonomy_info":{"game-concept":[{"value":783,"label":"Sherlock"}],"location":[{"value":316,"label":"Paphos"}],"product_cat":[{"value":27,"label":"Geen categorie"}]},"featured_image_src_large":["https:\/\/testwebsite.citygame.com\/wp-content\/blogs.dir\/1\/files\/sites\/62\/2026\/02\/paphos-archaeological-site-sherlock-game.jpg",1024,1024,false],"author_info":[],"comment_info":"","_links":{"self":[{"href":"https:\/\/testwebsite.citygame.com\/lt\/wp-json\/wp\/v2\/product\/55095","targetHints":{"allow":["GET"]}}],"collection":[{"href":"https:\/\/testwebsite.citygame.com\/lt\/wp-json\/wp\/v2\/product"}],"about":[{"href":"https:\/\/testwebsite.citygame.com\/lt\/wp-json\/wp\/v2\/types\/product"}],"acf:post":[{"embeddable":true,"href":"https:\/\/testwebsite.citygame.com\/lt\/wp-json\/wp\/v2\/pages\/8620"}],"wp:featuredmedia":[{"embeddable":true,"href":"https:\/\/testwebsite.citygame.com\/lt\/wp-json\/wp\/v2\/media\/14817"}],"wp:attachment":[{"href":"https:\/\/testwebsite.citygame.com\/lt\/wp-json\/wp\/v2\/media?parent=55095"}],"wp:term":[{"taxonomy":"game-concept","embeddable":true,"href":"https:\/\/testwebsite.citygame.com\/lt\/wp-json\/wp\/v2\/game-concept?post=55095"},{"taxonomy":"location","embeddable":true,"href":"https:\/\/testwebsite.citygame.com\/lt\/wp-json\/wp\/v2\/location?post=55095"},{"taxonomy":"product_brand","embeddable":true,"href":"https:\/\/testwebsite.citygame.com\/lt\/wp-json\/wp\/v2\/product_brand?post=55095"},{"taxonomy":"product_cat","embeddable":true,"href":"https:\/\/testwebsite.citygame.com\/lt\/wp-json\/wp\/v2\/product_cat?post=55095"},{"taxonomy":"product_tag","embeddable":true,"href":"https:\/\/testwebsite.citygame.com\/lt\/wp-json\/wp\/v2\/product_tag?post=55095"}],"curies":[{"name":"wp","href":"https:\/\/api.w.org\/{rel}","templated":true}]}}