{"id":54971,"date":"2026-02-09T10:19:15","date_gmt":"2026-02-09T10:19:15","guid":{"rendered":"https:\/\/testwebsite.citygame.com\/games\/unknown-location\/sherlock-holmes-como\/"},"modified":"2026-04-07T19:55:55","modified_gmt":"2026-04-07T19:55:55","slug":"sherlock-holmes-como","status":"publish","type":"product","link":"https:\/\/testwebsite.citygame.com\/lt\/games\/como\/sherlock-holmes-como\/","title":{"rendered":"Sherlock Holmes Como"},"content":{"rendered":"<p>\u012e\u017eenkite \u012f Sherlock Holmeso pasaul\u012f su \u0161iuo savaranki\u0161ku, istorija paremtu \u017emog\u017eudyst\u0117s paslapties \u017eaidimu &#8216;City Game&#8217;, vykstan\u010diu istoriniame Komo miesto centre. Kai ramus &#8216;Liberty Festival&#8217; apimamas chaoso d\u0117l staigios \u017emog\u017eudyst\u0117s, j\u016bs seksite besiskleid\u017eian\u010di\u0105 istorij\u0105 gatv\u0117mis, d\u0117liodami \u012fkal\u010dius, spr\u0119sdami kriptines m\u012fsles ir apklausdami skaitmeninius \u012ftariamuosius. Sukurtas tiems, kurie trok\u0161ta \u012ftraukian\u010dios detektyvin\u0117s patirties, \u0161is \u017eaidimas kvie\u010dia jus tyrin\u0117ti savo tempu, miestui tampant j\u016bs\u0173 nusikaltimo vieta.<\/p>\n","protected":false},"excerpt":{"rendered":"<p>\u012e\u017eenkite \u012f intriguojan\u010dius Sherlock Holmeso batus, \u012fsitraukdami \u012f savaranki\u0161k\u0105 \u017emog\u017eudyst\u0117s paslapties \u017eaidim\u0105, vykstant\u012f nuostabiose Komo gatv\u0117se. Su savo komanda i\u0161\u0161ifruosite m\u012fslingus \u012fkal\u010dius, i\u0161narpliosite sud\u0117tingas m\u012fsles ir atskleisite ties\u0105, slypin\u010di\u0105 po \u0161nab\u017edesiais ir melu \u2013 priimkite jaudinant\u012f i\u0161\u0161\u016bk\u012f!<\/p>\n","protected":false},"featured_media":11693,"template":"","meta":{"_acf_changed":false,"_yoast_wpseo_focuskw":"Sherlock Holmes Como","_yoast_wpseo_metadesc":"Sherlock Holmes Como. \u017daiskite savaranki\u0161k\u0105 \u017emog\u017eudyst\u0117s paslapties \u017eaidim\u0105 'City Game', spr\u0119skite galvos\u016bkius, sekite \u012fkal\u010dius ir savo tempu atskleiskite \u017eudik\u0105!","_kad_blocks_custom_css":"","_kad_blocks_head_custom_js":"","_kad_blocks_body_custom_js":"","_kad_blocks_footer_custom_js":"","ghostkit_customizer_options":"","ghostkit_custom_css":"","ghostkit_custom_js_head":"","ghostkit_custom_js_foot":"","ghostkit_typography":"","_kad_post_transparent":"","_kad_post_title":"","_kad_post_layout":"","_kad_post_sidebar_id":"","_kad_post_content_style":"","_kad_post_vertical_padding":"","_kad_post_feature":"","_kad_post_feature_position":"","_kad_post_header":false,"_kad_post_footer":false,"_kad_post_classname":"","_links_to":"","_links_to_target":""},"game-concept":[783],"location":[127],"product_brand":[],"product_cat":[27],"product_tag":[],"class_list":{"0":"post-54971","1":"product","2":"type-product","3":"status-publish","4":"has-post-thumbnail","6":"game-concept-sherlock","7":"location-como","8":"product_cat-geen-categorie","10":"first","11":"instock","12":"shipping-taxable","13":"purchasable","14":"product-type-simple","15":"entry","16":"content-bg","17":"loop-entry"},"acf":{"full_bokun_product_name":"Como Self-Guided Sherlock Holmes Murder Mystery Game","location_name":"Como","bokun_calendar_widget_code":"<script type=\"text\/javascript\" src=\"https:\/\/widgets.bokun.io\/assets\/javascripts\/apps\/build\/BokunWidgetsLoader.js?bookingChannelUUID=a1e93e96-5232-4734-a595-28405f4b5a31\" async><\/script>\n     \n    <div class=\"bokunWidget\" data-src=\"https:\/\/widgets.bokun.io\/online-sales\/a1e93e96-5232-4734-a595-28405f4b5a31\/experience-calendar\/770863\"><\/div>\n    <noscript>Please enable javascript in your browser to book<\/noscript>","bokun_button_widget_code":"<script type=\"text\/javascript\" src=\"https:\/\/widgets.bokun.io\/assets\/javascripts\/apps\/build\/BokunWidgetsLoader.js?bookingChannelUUID=a1e93e96-5232-4734-a595-28405f4b5a31\" async><\/script>\n      <style> #bokun_ed001e45_5927_4f62_b470_ca766338d083 { display: inline-block; padding: .4em 1em; background: #47b82e; border-radius: 999999px; box-shadow: none; font-weight: 600; font-size: 24px; text-decoration: none; text-align: center; color: #FFFFFF; border:none; cursor: pointer; transition: background .2s ease; } #bokun_ed001e45_5927_4f62_b470_ca766338d083:hover{ background: #2f7b1f; } #bokun_ed001e45_5927_4f62_b470_ca766338d083:active{ background: #378f24; } <\/style> <button class=\"bokunButton\" disabled id=bokun_ed001e45_5927_4f62_b470_ca766338d083 data-src=\"https:\/\/widgets.bokun.io\/online-sales\/a1e93e96-5232-4734-a595-28405f4b5a31\/experience-calendar\/770863?partialView=1\" data-testid=\"widget-book-button\" > Book now <\/button> ","what_you\u2019ll_experience_during_the_game":"J\u016bs \u012fsitraukiate \u012f \u012ftraukian\u010di\u0105 detektyvin\u0119 istorij\u0105, vykstan\u010di\u0105 Komo \u0161irdyje, kur 'Liberty Festival' metu \u012fvykusi \u017emog\u017eudyst\u0117 sukr\u0117t\u0117 miest\u0105. Jums judant gatv\u0117mis, tyrimas vystosi aplink jus, atskleisdamas paslap\u010di\u0173, \u012ftariam\u0173j\u0173 ir kintan\u010di\u0173 motyv\u0173 tinkl\u0105. Kiekviena vieta veda jus giliau \u012f paslapt\u012f, su \u012fkal\u010diais, pasl\u0117ptais akyse, ir galvos\u016bkiais, kurie meta i\u0161\u0161\u016bk\u012f j\u016bs\u0173 m\u0105stymui. Siu\u017eeto pos\u016bkiai ver\u010dia jus m\u0105styti kriti\u0161kai, i\u0161likti budriems ir pasitik\u0117ti savo instinktais.\n\nJ\u016bs apklausiate skaitmeninius \u012ftariamuosius, kruop\u0161\u010diai tikrinate alibi ir d\u0117liojate prie\u0161taravimus, kad i\u0161siai\u0161kintum\u0117te, kas i\u0161 tikr\u0173j\u0173 nutiko. Patirtis yra visi\u0161kai pagr\u012fsta istorija, pastatanti jus \u012f \u012ftampos kupinos bylos centr\u0105, kuri atlygina u\u017e steb\u0117jim\u0105 ir dedukcij\u0105. J\u016bs patys nustatote tyrimo temp\u0105, sustabdydami ir t\u0119sdami j\u012f, kada tik tinka j\u016bs\u0173 strategijai. Nesvarbu, ar \u017eaid\u017eiate vienas, ar komandoje, galite pajusti konkurencijos intrig\u0105, lenktyniaudami su savimi, kad i\u0161spr\u0119stum\u0117te byl\u0105.","how_to_play":"\u017daiskite vienas arba su draugais, \u0161eima ar kolegomis komandose, kuriose gali b\u016bti iki keturi\u0173 asmen\u0173 vienam \u012frenginiui. Po u\u017esakymo gausite el. lai\u0161k\u0105 su instrukcijomis ir visa reikalinga informacija.","start_location":"Como, Porta Torre","available_languages":["en","es","fr","de","it","nl"],"players_per_group":"1-4","duration":"1.5-2 hours","image_overlay_color_image":"https:\/\/testwebsite.citygame.com\/wp-content\/blogs.dir\/1\/files\/sites\/62\/2026\/01\/SherlockColor.svg","image_overlay_game_logo":"https:\/\/testwebsite.citygame.com\/wp-content\/blogs.dir\/1\/files\/sites\/62\/2026\/01\/SherlockLogo.png","city_page":8565,"woocommerce_general_content":null},"yoast_head":"<!-- This site is optimized with the Yoast SEO Premium plugin v26.2 (Yoast SEO v26.3) - https:\/\/yoast.com\/wordpress\/plugins\/seo\/ -->\n<title>Sherlock Holmes Como - City Game<\/title>\n<meta name=\"description\" content=\"Sherlock Holmes Como. \u017daiskite savaranki\u0161k\u0105 \u017emog\u017eudyst\u0117s paslapties \u017eaidim\u0105 &#039;City Game&#039;, spr\u0119skite galvos\u016bkius, sekite \u012fkal\u010dius ir savo tempu atskleiskite \u017eudik\u0105!\" \/>\n<meta name=\"robots\" content=\"noindex, follow, max-snippet:-1, max-image-preview:large, max-video-preview:-1\" \/>\n<meta property=\"og:locale\" content=\"lt_LT\" \/>\n<meta property=\"og:type\" content=\"article\" \/>\n<meta property=\"og:title\" content=\"Sherlock Holmes Como\" \/>\n<meta property=\"og:description\" content=\"Sherlock Holmes Como. \u017daiskite savaranki\u0161k\u0105 \u017emog\u017eudyst\u0117s paslapties \u017eaidim\u0105 &#039;City Game&#039;, spr\u0119skite galvos\u016bkius, sekite \u012fkal\u010dius ir savo tempu atskleiskite \u017eudik\u0105!\" \/>\n<meta property=\"og:url\" content=\"https:\/\/testwebsite.citygame.com\/lt\/games\/como\/sherlock-holmes-como\/\" \/>\n<meta property=\"og:site_name\" content=\"City Game\" \/>\n<meta property=\"article:publisher\" content=\"https:\/\/www.facebook.com\/profile.php?id=100086426226253\" \/>\n<meta property=\"article:modified_time\" content=\"2026-04-07T19:55:55+00:00\" \/>\n<meta property=\"og:image\" content=\"https:\/\/testwebsite.citygame.com\/wp-content\/blogs.dir\/1\/files\/sites\/62\/2026\/02\/como-woman-using-phone-on-street.jpg\" \/>\n\t<meta property=\"og:image:width\" content=\"1344\" \/>\n\t<meta property=\"og:image:height\" content=\"768\" \/>\n\t<meta property=\"og:image:type\" content=\"image\/jpeg\" \/>\n<meta name=\"twitter:card\" content=\"summary_large_image\" \/>\n<script type=\"application\/ld+json\" class=\"yoast-schema-graph\">{\"@context\":\"https:\/\/schema.org\",\"@graph\":[{\"@type\":\"WebPage\",\"@id\":\"https:\/\/testwebsite.citygame.com\/lt\/games\/como\/sherlock-holmes-como\/\",\"url\":\"https:\/\/testwebsite.citygame.com\/lt\/games\/como\/sherlock-holmes-como\/\",\"name\":\"Sherlock Holmes Como - City Game\",\"isPartOf\":{\"@id\":\"https:\/\/testwebsite.upevents.nl\/#website\"},\"primaryImageOfPage\":{\"@id\":\"https:\/\/testwebsite.citygame.com\/lt\/games\/como\/sherlock-holmes-como\/#primaryimage\"},\"image\":{\"@id\":\"https:\/\/testwebsite.citygame.com\/lt\/games\/como\/sherlock-holmes-como\/#primaryimage\"},\"thumbnailUrl\":\"https:\/\/testwebsite.citygame.com\/wp-content\/blogs.dir\/1\/files\/sites\/62\/2026\/02\/como-woman-using-phone-on-street.jpg\",\"datePublished\":\"2026-02-09T10:19:15+00:00\",\"dateModified\":\"2026-04-07T19:55:55+00:00\",\"description\":\"Sherlock Holmes Como. \u017daiskite savaranki\u0161k\u0105 \u017emog\u017eudyst\u0117s paslapties \u017eaidim\u0105 'City Game', spr\u0119skite galvos\u016bkius, sekite \u012fkal\u010dius ir savo tempu atskleiskite \u017eudik\u0105!\",\"breadcrumb\":{\"@id\":\"https:\/\/testwebsite.citygame.com\/lt\/games\/como\/sherlock-holmes-como\/#breadcrumb\"},\"inLanguage\":\"lt-LT\",\"potentialAction\":[{\"@type\":\"ReadAction\",\"target\":[\"https:\/\/testwebsite.citygame.com\/lt\/games\/como\/sherlock-holmes-como\/\"]}]},{\"@type\":\"ImageObject\",\"inLanguage\":\"lt-LT\",\"@id\":\"https:\/\/testwebsite.citygame.com\/lt\/games\/como\/sherlock-holmes-como\/#primaryimage\",\"url\":\"https:\/\/testwebsite.citygame.com\/wp-content\/blogs.dir\/1\/files\/sites\/62\/2026\/02\/como-woman-using-phone-on-street.jpg\",\"contentUrl\":\"https:\/\/testwebsite.citygame.com\/wp-content\/blogs.dir\/1\/files\/sites\/62\/2026\/02\/como-woman-using-phone-on-street.jpg\",\"width\":1344,\"height\":768,\"caption\":\"A woman holds a smartphone while walking down a picturesque, narrow street in a European city.\"},{\"@type\":\"BreadcrumbList\",\"@id\":\"https:\/\/testwebsite.citygame.com\/lt\/games\/como\/sherlock-holmes-como\/#breadcrumb\",\"itemListElement\":[{\"@type\":\"ListItem\",\"position\":1,\"name\":\"Home\",\"item\":\"https:\/\/testwebsite.citygame.com\/lt\/\"},{\"@type\":\"ListItem\",\"position\":2,\"name\":\"Shop\",\"item\":\"https:\/\/testwebsite.citygame.com\/shop\/\"},{\"@type\":\"ListItem\",\"position\":3,\"name\":\"Sherlock Holmes Como\"}]},{\"@type\":\"WebSite\",\"@id\":\"https:\/\/testwebsite.upevents.nl\/#website\",\"url\":\"https:\/\/testwebsite.upevents.nl\/\",\"name\":\"City Game\",\"description\":\"\",\"publisher\":{\"@id\":\"https:\/\/testwebsite.upevents.nl\/#organization\"},\"alternateName\":\"citygame.com\",\"potentialAction\":[{\"@type\":\"SearchAction\",\"target\":{\"@type\":\"EntryPoint\",\"urlTemplate\":\"https:\/\/testwebsite.upevents.nl\/?s={search_term_string}\"},\"query-input\":{\"@type\":\"PropertyValueSpecification\",\"valueRequired\":true,\"valueName\":\"search_term_string\"}}],\"inLanguage\":\"lt-LT\"},{\"@type\":[\"Organization\",\"Place\"],\"@id\":\"https:\/\/testwebsite.upevents.nl\/#organization\",\"name\":\"City Game\",\"alternateName\":\"citygame.com\",\"url\":\"https:\/\/testwebsite.upevents.nl\/\",\"logo\":{\"@id\":\"https:\/\/testwebsite.citygame.com\/lt\/games\/como\/sherlock-holmes-como\/#local-main-organization-logo\"},\"image\":{\"@id\":\"https:\/\/testwebsite.citygame.com\/lt\/games\/como\/sherlock-holmes-como\/#local-main-organization-logo\"},\"sameAs\":[\"https:\/\/www.facebook.com\/profile.php?id=100086426226253\",\"https:\/\/www.instagram.com\/citygame_com\",\"https:\/\/www.tiktok.com\/@citygamecom\/\",\"https:\/\/www.linkedin.com\/company\/citygame-com\"],\"description\":\"Turn any city into a playground with our interactive City Games and self-guided tours. Fun, flexible, and ideal for groups and team building.\",\"telephone\":[],\"openingHoursSpecification\":[{\"@type\":\"OpeningHoursSpecification\",\"dayOfWeek\":[\"Monday\",\"Tuesday\",\"Wednesday\",\"Thursday\",\"Friday\",\"Saturday\",\"Sunday\"],\"opens\":\"09:00\",\"closes\":\"17:00\"}]},{\"@type\":\"ImageObject\",\"inLanguage\":\"lt-LT\",\"@id\":\"https:\/\/testwebsite.citygame.com\/lt\/games\/como\/sherlock-holmes-como\/#local-main-organization-logo\",\"url\":\"https:\/\/testwebsite.citygame.com\/wp-content\/blogs.dir\/1\/files\/sites\/62\/2025\/10\/CG_LOGO-City-Game.png\",\"contentUrl\":\"https:\/\/testwebsite.citygame.com\/wp-content\/blogs.dir\/1\/files\/sites\/62\/2025\/10\/CG_LOGO-City-Game.png\",\"width\":351,\"height\":377,\"caption\":\"City Game\"}]}<\/script>\n<!-- \/ Yoast SEO Premium plugin. -->","yoast_head_json":{"title":"Sherlock Holmes Como - City Game","description":"Sherlock Holmes Como. \u017daiskite savaranki\u0161k\u0105 \u017emog\u017eudyst\u0117s paslapties \u017eaidim\u0105 'City Game', spr\u0119skite galvos\u016bkius, sekite \u012fkal\u010dius ir savo tempu atskleiskite \u017eudik\u0105!","robots":{"index":"noindex","follow":"follow","max-snippet":"max-snippet:-1","max-image-preview":"max-image-preview:large","max-video-preview":"max-video-preview:-1"},"og_locale":"lt_LT","og_type":"article","og_title":"Sherlock Holmes Como","og_description":"Sherlock Holmes Como. \u017daiskite savaranki\u0161k\u0105 \u017emog\u017eudyst\u0117s paslapties \u017eaidim\u0105 'City Game', spr\u0119skite galvos\u016bkius, sekite \u012fkal\u010dius ir savo tempu atskleiskite \u017eudik\u0105!","og_url":"https:\/\/testwebsite.citygame.com\/lt\/games\/como\/sherlock-holmes-como\/","og_site_name":"City Game","article_publisher":"https:\/\/www.facebook.com\/profile.php?id=100086426226253","article_modified_time":"2026-04-07T19:55:55+00:00","og_image":[{"width":1344,"height":768,"url":"https:\/\/testwebsite.citygame.com\/wp-content\/blogs.dir\/1\/files\/sites\/62\/2026\/02\/como-woman-using-phone-on-street.jpg","type":"image\/jpeg"}],"twitter_card":"summary_large_image","schema":{"@context":"https:\/\/schema.org","@graph":[{"@type":"WebPage","@id":"https:\/\/testwebsite.citygame.com\/lt\/games\/como\/sherlock-holmes-como\/","url":"https:\/\/testwebsite.citygame.com\/lt\/games\/como\/sherlock-holmes-como\/","name":"Sherlock Holmes Como - City Game","isPartOf":{"@id":"https:\/\/testwebsite.upevents.nl\/#website"},"primaryImageOfPage":{"@id":"https:\/\/testwebsite.citygame.com\/lt\/games\/como\/sherlock-holmes-como\/#primaryimage"},"image":{"@id":"https:\/\/testwebsite.citygame.com\/lt\/games\/como\/sherlock-holmes-como\/#primaryimage"},"thumbnailUrl":"https:\/\/testwebsite.citygame.com\/wp-content\/blogs.dir\/1\/files\/sites\/62\/2026\/02\/como-woman-using-phone-on-street.jpg","datePublished":"2026-02-09T10:19:15+00:00","dateModified":"2026-04-07T19:55:55+00:00","description":"Sherlock Holmes Como. \u017daiskite savaranki\u0161k\u0105 \u017emog\u017eudyst\u0117s paslapties \u017eaidim\u0105 'City Game', spr\u0119skite galvos\u016bkius, sekite \u012fkal\u010dius ir savo tempu atskleiskite \u017eudik\u0105!","breadcrumb":{"@id":"https:\/\/testwebsite.citygame.com\/lt\/games\/como\/sherlock-holmes-como\/#breadcrumb"},"inLanguage":"lt-LT","potentialAction":[{"@type":"ReadAction","target":["https:\/\/testwebsite.citygame.com\/lt\/games\/como\/sherlock-holmes-como\/"]}]},{"@type":"ImageObject","inLanguage":"lt-LT","@id":"https:\/\/testwebsite.citygame.com\/lt\/games\/como\/sherlock-holmes-como\/#primaryimage","url":"https:\/\/testwebsite.citygame.com\/wp-content\/blogs.dir\/1\/files\/sites\/62\/2026\/02\/como-woman-using-phone-on-street.jpg","contentUrl":"https:\/\/testwebsite.citygame.com\/wp-content\/blogs.dir\/1\/files\/sites\/62\/2026\/02\/como-woman-using-phone-on-street.jpg","width":1344,"height":768,"caption":"A woman holds a smartphone while walking down a picturesque, narrow street in a European city."},{"@type":"BreadcrumbList","@id":"https:\/\/testwebsite.citygame.com\/lt\/games\/como\/sherlock-holmes-como\/#breadcrumb","itemListElement":[{"@type":"ListItem","position":1,"name":"Home","item":"https:\/\/testwebsite.citygame.com\/lt\/"},{"@type":"ListItem","position":2,"name":"Shop","item":"https:\/\/testwebsite.citygame.com\/shop\/"},{"@type":"ListItem","position":3,"name":"Sherlock Holmes Como"}]},{"@type":"WebSite","@id":"https:\/\/testwebsite.upevents.nl\/#website","url":"https:\/\/testwebsite.upevents.nl\/","name":"City Game","description":"","publisher":{"@id":"https:\/\/testwebsite.upevents.nl\/#organization"},"alternateName":"citygame.com","potentialAction":[{"@type":"SearchAction","target":{"@type":"EntryPoint","urlTemplate":"https:\/\/testwebsite.upevents.nl\/?s={search_term_string}"},"query-input":{"@type":"PropertyValueSpecification","valueRequired":true,"valueName":"search_term_string"}}],"inLanguage":"lt-LT"},{"@type":["Organization","Place"],"@id":"https:\/\/testwebsite.upevents.nl\/#organization","name":"City Game","alternateName":"citygame.com","url":"https:\/\/testwebsite.upevents.nl\/","logo":{"@id":"https:\/\/testwebsite.citygame.com\/lt\/games\/como\/sherlock-holmes-como\/#local-main-organization-logo"},"image":{"@id":"https:\/\/testwebsite.citygame.com\/lt\/games\/como\/sherlock-holmes-como\/#local-main-organization-logo"},"sameAs":["https:\/\/www.facebook.com\/profile.php?id=100086426226253","https:\/\/www.instagram.com\/citygame_com","https:\/\/www.tiktok.com\/@citygamecom\/","https:\/\/www.linkedin.com\/company\/citygame-com"],"description":"Turn any city into a playground with our interactive City Games and self-guided tours. Fun, flexible, and ideal for groups and team building.","telephone":[],"openingHoursSpecification":[{"@type":"OpeningHoursSpecification","dayOfWeek":["Monday","Tuesday","Wednesday","Thursday","Friday","Saturday","Sunday"],"opens":"09:00","closes":"17:00"}]},{"@type":"ImageObject","inLanguage":"lt-LT","@id":"https:\/\/testwebsite.citygame.com\/lt\/games\/como\/sherlock-holmes-como\/#local-main-organization-logo","url":"https:\/\/testwebsite.citygame.com\/wp-content\/blogs.dir\/1\/files\/sites\/62\/2025\/10\/CG_LOGO-City-Game.png","contentUrl":"https:\/\/testwebsite.citygame.com\/wp-content\/blogs.dir\/1\/files\/sites\/62\/2025\/10\/CG_LOGO-City-Game.png","width":351,"height":377,"caption":"City Game"}]}},"taxonomy_info":{"game-concept":[{"value":783,"label":"Sherlock"}],"location":[{"value":127,"label":"Como"}],"product_cat":[{"value":27,"label":"Geen categorie"}]},"featured_image_src_large":["https:\/\/testwebsite.citygame.com\/wp-content\/blogs.dir\/1\/files\/sites\/62\/2026\/02\/como-woman-using-phone-on-street-1024x585.jpg",1024,585,true],"author_info":[],"comment_info":"","_links":{"self":[{"href":"https:\/\/testwebsite.citygame.com\/lt\/wp-json\/wp\/v2\/product\/54971","targetHints":{"allow":["GET"]}}],"collection":[{"href":"https:\/\/testwebsite.citygame.com\/lt\/wp-json\/wp\/v2\/product"}],"about":[{"href":"https:\/\/testwebsite.citygame.com\/lt\/wp-json\/wp\/v2\/types\/product"}],"acf:post":[{"embeddable":true,"href":"https:\/\/testwebsite.citygame.com\/lt\/wp-json\/wp\/v2\/pages\/8565"}],"wp:featuredmedia":[{"embeddable":true,"href":"https:\/\/testwebsite.citygame.com\/lt\/wp-json\/wp\/v2\/media\/11693"}],"wp:attachment":[{"href":"https:\/\/testwebsite.citygame.com\/lt\/wp-json\/wp\/v2\/media?parent=54971"}],"wp:term":[{"taxonomy":"game-concept","embeddable":true,"href":"https:\/\/testwebsite.citygame.com\/lt\/wp-json\/wp\/v2\/game-concept?post=54971"},{"taxonomy":"location","embeddable":true,"href":"https:\/\/testwebsite.citygame.com\/lt\/wp-json\/wp\/v2\/location?post=54971"},{"taxonomy":"product_brand","embeddable":true,"href":"https:\/\/testwebsite.citygame.com\/lt\/wp-json\/wp\/v2\/product_brand?post=54971"},{"taxonomy":"product_cat","embeddable":true,"href":"https:\/\/testwebsite.citygame.com\/lt\/wp-json\/wp\/v2\/product_cat?post=54971"},{"taxonomy":"product_tag","embeddable":true,"href":"https:\/\/testwebsite.citygame.com\/lt\/wp-json\/wp\/v2\/product_tag?post=54971"}],"curies":[{"name":"wp","href":"https:\/\/api.w.org\/{rel}","templated":true}]}}