{"id":52968,"date":"2026-02-20T12:12:16","date_gmt":"2026-02-20T12:12:16","guid":{"rendered":"https:\/\/testwebsite.citygame.com\/games\/unknown-location\/sherlock-holmes-galway\/"},"modified":"2026-04-07T15:53:05","modified_gmt":"2026-04-07T15:53:05","slug":"sherlock-holmes-galway","status":"publish","type":"product","link":"https:\/\/testwebsite.citygame.com\/lt\/games\/galway\/sherlock-holmes-galway\/","title":{"rendered":"Sherlock Holmes Galway"},"content":{"rendered":"<p>Pasinerkite \u012f Sherlock Holmes City Game \u2013 savaranki\u0161k\u0105 \u017emog\u017eudyst\u0117s paslapt\u012f, vykstan\u010di\u0105 istoriniame Galway miesto centre. B\u016bdami detektyvai, sekite \u012ftraukiant\u012f pasakojim\u0105, kuris vystosi miesto atmosferi\u0161koje aplinkoje, jokia kita vieta netinkamesn\u0117 j\u016bs\u0173 tyrimui d\u0117l \u017emog\u017eudyst\u0117s, \u012fvykusios per Liberty Festival. \u0160i detektyvin\u0117 patirtis, suteikianti intelektualin\u0119 stimuliacij\u0105, reikalauja rinkti u\u017euominas, spr\u0119sti galvos\u016bkius ir apklausti skaitmeninius \u012ftariamuosius, nar\u0161ant miesto kra\u0161tovaizdyje, o kartu suteikianti laisv\u0119 \u017eaisti savo tempu ir giliai pasinerti \u012f turting\u0105 Sherlock Holmeso pasaul\u012f.<\/p>\n","protected":false},"excerpt":{"rendered":"<p>\u012e\u017eenkite \u012f visame pasaulyje garsaus Sherlock Holmeso batus ir leiskit\u0117s \u012f savaranki\u0161k\u0105 detektyvin\u0119 paslapt\u012f, vykstan\u010di\u0105 \u017eavingame Galway mieste. Sekite sunkiai pagaunamas u\u017euominas, pasitik\u0117kite savo komanda, kad i\u0161narpliotum\u0117te sud\u0117tingas m\u012fsles, ir atskleiskite ties\u0105, slypin\u010di\u0105 giliai Galway vingiuojan\u010diose gatv\u0117se \u2013 j\u016bs\u0173 laukia i\u0161\u0161\u016bkis!<\/p>\n","protected":false},"featured_media":15299,"template":"","meta":{"_acf_changed":false,"_yoast_wpseo_focuskw":"Sherlock Holmes Galway","_yoast_wpseo_metadesc":"Sherlock Holmes Galway. \u017daiskite savaranki\u0161k\u0105 detektyvin\u0119 paslapt\u012f 'City Game', spr\u0119skite galvos\u016bkius, sekite u\u017euominas ir savo tempu atskleiskite \u017eudik\u0105!","_kad_blocks_custom_css":"","_kad_blocks_head_custom_js":"","_kad_blocks_body_custom_js":"","_kad_blocks_footer_custom_js":"","ghostkit_customizer_options":"","ghostkit_custom_css":"","ghostkit_custom_js_head":"","ghostkit_custom_js_foot":"","ghostkit_typography":"","_kad_post_transparent":"default","_kad_post_title":"","_kad_post_layout":"default","_kad_post_sidebar_id":"","_kad_post_content_style":"default","_kad_post_vertical_padding":"default","_kad_post_feature":"","_kad_post_feature_position":"","_kad_post_header":false,"_kad_post_footer":false,"_kad_post_classname":"","_links_to":"","_links_to_target":""},"game-concept":[783],"location":[170],"product_brand":[],"product_cat":[27],"product_tag":[],"class_list":{"0":"post-52968","1":"product","2":"type-product","3":"status-publish","4":"has-post-thumbnail","6":"game-concept-sherlock","7":"location-galway","8":"product_cat-geen-categorie","10":"first","11":"instock","12":"shipping-taxable","13":"purchasable","14":"product-type-simple","15":"entry","16":"content-bg","17":"loop-entry"},"acf":{"full_bokun_product_name":"Galway Self-Guided Sherlock Holmes Murder Mystery Game","location_name":"Galway","bokun_calendar_widget_code":"<script type=\"text\/javascript\" src=\"https:\/\/widgets.bokun.io\/assets\/javascripts\/apps\/build\/BokunWidgetsLoader.js?bookingChannelUUID=a1e93e96-5232-4734-a595-28405f4b5a31\" async><\/script>\n     \n    <div class=\"bokunWidget\" data-src=\"https:\/\/widgets.bokun.io\/online-sales\/a1e93e96-5232-4734-a595-28405f4b5a31\/experience-calendar\/845775\"><\/div>\n    <noscript>Please enable javascript in your browser to book<\/noscript>","bokun_button_widget_code":"<script type=\"text\/javascript\" src=\"https:\/\/widgets.bokun.io\/assets\/javascripts\/apps\/build\/BokunWidgetsLoader.js?bookingChannelUUID=a1e93e96-5232-4734-a595-28405f4b5a31\" async><\/script>\n      <style> #bokun_ed001e45_5927_4f62_b470_ca766338d083 { display: inline-block; padding: .4em 1em; background: #47b82e; border-radius: 999999px; box-shadow: none; font-weight: 600; font-size: 24px; text-decoration: none; text-align: center; color: #FFFFFF; border:none; cursor: pointer; transition: background .2s ease; } #bokun_ed001e45_5927_4f62_b470_ca766338d083:hover{ background: #2f7b1f; } #bokun_ed001e45_5927_4f62_b470_ca766338d083:active{ background: #378f24; } <\/style> <button class=\"bokunButton\" disabled id=bokun_ed001e45_5927_4f62_b470_ca766338d083 data-src=\"https:\/\/widgets.bokun.io\/online-sales\/a1e93e96-5232-4734-a595-28405f4b5a31\/experience-calendar\/845775?partialView=1\" data-testid=\"widget-book-button\" > Book now <\/button> ","what_you\u2019ll_experience_during_the_game":"\u012e\u017eeng\u0119 \u012f \u017eav\u0173j\u012f Sherlock Holmes City Game pasaul\u012f Galway mieste, i\u0161kart pasinersite \u012f \u012ftraukian\u010di\u0105 detektyvin\u0119 istorij\u0105. Pasakojimas skleid\u017eiasi jums keliaujant miesto gatv\u0117mis, kruop\u0161\u010diai d\u0117liojant u\u017euominas, sprend\u017eiant prot\u0105 lau\u017ean\u010dius galvos\u016bkius ir patiriant netik\u0117tus pos\u016bkius j\u016bs\u0173 tyrime. Bendraudami su skaitmeniniu pogrind\u017eiu, apklausin\u0117site virtualius \u012ftariamuosius, analizuosite j\u0173 alibius ir prie\u0161taravimus, bandydami atskleisti ties\u0105, slypin\u010di\u0105 u\u017e \u0161okiruojan\u010dios \u017emog\u017eudyst\u0117s, \u012fvykusios per Liberty Festival.\r\n\r\n\u0160i visi\u0161kai istorija paremta patirtis reikalauja kritinio m\u0105stymo, pastabaus steb\u0117jimo ir sumanumo dedukcijos \u012fg\u016bd\u017ei\u0173. B\u016bdami Galway Sherlocku, pasinersite \u012f apgaul\u0117s ir intrig\u0173 pasaul\u012f, kad atskleistum\u0117te ties\u0105. Atminkite, jokia pergal\u0117 neateina be kovos. Ta\u010diau nesijaudinkite, nesvarbu, ar esate patyr\u0119s \u017eaid\u0117jas, ar tiesiog m\u0117g\u0117jas, galite m\u0117gautis \u0161iuo intriguojan\u010diu miesto \u017eaidimu savo tempu, darydami pertraukas, kai tik norite. O jei trok\u0161tate \u0161iek tiek draugi\u0161kos konkurencijos, suburkite komand\u0105 ir pa\u017ei\u016br\u0117kite, kas pirmas i\u0161spr\u0119s paslapt\u012f.","how_to_play":"\u017daiskite vienas arba su draugais, \u0161eima ar kolegomis komandomis iki keturi\u0173 asmen\u0173 viename \u012frenginyje. Po u\u017esakymo gausite el. lai\u0161k\u0105 su instrukcijomis ir visa reikalinga informacija.","start_location":"Galway, County Council","available_languages":["nl","en","fr","de","it","es"],"players_per_group":"1-4","duration":"1.5-2 hours","image_overlay_color_image":"https:\/\/testwebsite.citygame.com\/wp-content\/blogs.dir\/1\/files\/sites\/62\/2026\/01\/SherlockColor.svg","image_overlay_game_logo":"https:\/\/testwebsite.citygame.com\/wp-content\/blogs.dir\/1\/files\/sites\/62\/2026\/01\/SherlockLogo.png","city_page":13324,"woocommerce_general_content":null},"yoast_head":"<!-- This site is optimized with the Yoast SEO Premium plugin v26.2 (Yoast SEO v26.3) - https:\/\/yoast.com\/wordpress\/plugins\/seo\/ -->\n<title>Sherlock Holmes Galway - City Game<\/title>\n<meta name=\"description\" content=\"Sherlock Holmes Galway. \u017daiskite savaranki\u0161k\u0105 detektyvin\u0119 paslapt\u012f &#039;City Game&#039;, spr\u0119skite galvos\u016bkius, sekite u\u017euominas ir savo tempu atskleiskite \u017eudik\u0105!\" \/>\n<meta name=\"robots\" content=\"noindex, follow, max-snippet:-1, max-image-preview:large, max-video-preview:-1\" \/>\n<meta property=\"og:locale\" content=\"lt_LT\" \/>\n<meta property=\"og:type\" content=\"article\" \/>\n<meta property=\"og:title\" content=\"Sherlock Holmes Galway\" \/>\n<meta property=\"og:description\" content=\"Sherlock Holmes Galway. \u017daiskite savaranki\u0161k\u0105 detektyvin\u0119 paslapt\u012f &#039;City Game&#039;, spr\u0119skite galvos\u016bkius, sekite u\u017euominas ir savo tempu atskleiskite \u017eudik\u0105!\" \/>\n<meta property=\"og:url\" content=\"https:\/\/testwebsite.citygame.com\/lt\/games\/galway\/sherlock-holmes-galway\/\" \/>\n<meta property=\"og:site_name\" content=\"City Game\" \/>\n<meta property=\"article:publisher\" content=\"https:\/\/www.facebook.com\/profile.php?id=100086426226253\" \/>\n<meta property=\"article:modified_time\" content=\"2026-04-07T15:53:05+00:00\" \/>\n<meta property=\"og:image\" content=\"https:\/\/testwebsite.citygame.com\/wp-content\/blogs.dir\/1\/files\/sites\/62\/2026\/02\/galway-group-of-five-playing-city-game-on-smartphone.jpg\" \/>\n\t<meta property=\"og:image:width\" content=\"1024\" \/>\n\t<meta property=\"og:image:height\" content=\"1024\" \/>\n\t<meta property=\"og:image:type\" content=\"image\/jpeg\" \/>\n<meta name=\"twitter:card\" content=\"summary_large_image\" \/>\n<script type=\"application\/ld+json\" class=\"yoast-schema-graph\">{\"@context\":\"https:\/\/schema.org\",\"@graph\":[{\"@type\":\"WebPage\",\"@id\":\"https:\/\/testwebsite.citygame.com\/lt\/games\/galway\/sherlock-holmes-galway\/\",\"url\":\"https:\/\/testwebsite.citygame.com\/lt\/games\/galway\/sherlock-holmes-galway\/\",\"name\":\"Sherlock Holmes Galway - City Game\",\"isPartOf\":{\"@id\":\"https:\/\/testwebsite.upevents.nl\/#website\"},\"primaryImageOfPage\":{\"@id\":\"https:\/\/testwebsite.citygame.com\/lt\/games\/galway\/sherlock-holmes-galway\/#primaryimage\"},\"image\":{\"@id\":\"https:\/\/testwebsite.citygame.com\/lt\/games\/galway\/sherlock-holmes-galway\/#primaryimage\"},\"thumbnailUrl\":\"https:\/\/testwebsite.citygame.com\/wp-content\/blogs.dir\/1\/files\/sites\/62\/2026\/02\/galway-group-of-five-playing-city-game-on-smartphone.jpg\",\"datePublished\":\"2026-02-20T12:12:16+00:00\",\"dateModified\":\"2026-04-07T15:53:05+00:00\",\"description\":\"Sherlock Holmes Galway. \u017daiskite savaranki\u0161k\u0105 detektyvin\u0119 paslapt\u012f 'City Game', spr\u0119skite galvos\u016bkius, sekite u\u017euominas ir savo tempu atskleiskite \u017eudik\u0105!\",\"breadcrumb\":{\"@id\":\"https:\/\/testwebsite.citygame.com\/lt\/games\/galway\/sherlock-holmes-galway\/#breadcrumb\"},\"inLanguage\":\"lt-LT\",\"potentialAction\":[{\"@type\":\"ReadAction\",\"target\":[\"https:\/\/testwebsite.citygame.com\/lt\/games\/galway\/sherlock-holmes-galway\/\"]}]},{\"@type\":\"ImageObject\",\"inLanguage\":\"lt-LT\",\"@id\":\"https:\/\/testwebsite.citygame.com\/lt\/games\/galway\/sherlock-holmes-galway\/#primaryimage\",\"url\":\"https:\/\/testwebsite.citygame.com\/wp-content\/blogs.dir\/1\/files\/sites\/62\/2026\/02\/galway-group-of-five-playing-city-game-on-smartphone.jpg\",\"contentUrl\":\"https:\/\/testwebsite.citygame.com\/wp-content\/blogs.dir\/1\/files\/sites\/62\/2026\/02\/galway-group-of-five-playing-city-game-on-smartphone.jpg\",\"width\":1024,\"height\":1024,\"caption\":\"A group of friends collaborates on a puzzle during an outdoor city game in Galway.\"},{\"@type\":\"BreadcrumbList\",\"@id\":\"https:\/\/testwebsite.citygame.com\/lt\/games\/galway\/sherlock-holmes-galway\/#breadcrumb\",\"itemListElement\":[{\"@type\":\"ListItem\",\"position\":1,\"name\":\"Home\",\"item\":\"https:\/\/testwebsite.citygame.com\/lt\/\"},{\"@type\":\"ListItem\",\"position\":2,\"name\":\"Shop\",\"item\":\"https:\/\/testwebsite.citygame.com\/shop\/\"},{\"@type\":\"ListItem\",\"position\":3,\"name\":\"Sherlock Holmes Galway\"}]},{\"@type\":\"WebSite\",\"@id\":\"https:\/\/testwebsite.upevents.nl\/#website\",\"url\":\"https:\/\/testwebsite.upevents.nl\/\",\"name\":\"City Game\",\"description\":\"\",\"publisher\":{\"@id\":\"https:\/\/testwebsite.upevents.nl\/#organization\"},\"alternateName\":\"citygame.com\",\"potentialAction\":[{\"@type\":\"SearchAction\",\"target\":{\"@type\":\"EntryPoint\",\"urlTemplate\":\"https:\/\/testwebsite.upevents.nl\/?s={search_term_string}\"},\"query-input\":{\"@type\":\"PropertyValueSpecification\",\"valueRequired\":true,\"valueName\":\"search_term_string\"}}],\"inLanguage\":\"lt-LT\"},{\"@type\":[\"Organization\",\"Place\"],\"@id\":\"https:\/\/testwebsite.upevents.nl\/#organization\",\"name\":\"City Game\",\"alternateName\":\"citygame.com\",\"url\":\"https:\/\/testwebsite.upevents.nl\/\",\"logo\":{\"@id\":\"https:\/\/testwebsite.citygame.com\/lt\/games\/galway\/sherlock-holmes-galway\/#local-main-organization-logo\"},\"image\":{\"@id\":\"https:\/\/testwebsite.citygame.com\/lt\/games\/galway\/sherlock-holmes-galway\/#local-main-organization-logo\"},\"sameAs\":[\"https:\/\/www.facebook.com\/profile.php?id=100086426226253\",\"https:\/\/www.instagram.com\/citygame_com\",\"https:\/\/www.tiktok.com\/@citygamecom\/\",\"https:\/\/www.linkedin.com\/company\/citygame-com\"],\"description\":\"Turn any city into a playground with our interactive City Games and self-guided tours. Fun, flexible, and ideal for groups and team building.\",\"telephone\":[],\"openingHoursSpecification\":[{\"@type\":\"OpeningHoursSpecification\",\"dayOfWeek\":[\"Monday\",\"Tuesday\",\"Wednesday\",\"Thursday\",\"Friday\",\"Saturday\",\"Sunday\"],\"opens\":\"09:00\",\"closes\":\"17:00\"}]},{\"@type\":\"ImageObject\",\"inLanguage\":\"lt-LT\",\"@id\":\"https:\/\/testwebsite.citygame.com\/lt\/games\/galway\/sherlock-holmes-galway\/#local-main-organization-logo\",\"url\":\"https:\/\/testwebsite.citygame.com\/wp-content\/blogs.dir\/1\/files\/sites\/62\/2025\/10\/CG_LOGO-City-Game.png\",\"contentUrl\":\"https:\/\/testwebsite.citygame.com\/wp-content\/blogs.dir\/1\/files\/sites\/62\/2025\/10\/CG_LOGO-City-Game.png\",\"width\":351,\"height\":377,\"caption\":\"City Game\"}]}<\/script>\n<!-- \/ Yoast SEO Premium plugin. -->","yoast_head_json":{"title":"Sherlock Holmes Galway - City Game","description":"Sherlock Holmes Galway. \u017daiskite savaranki\u0161k\u0105 detektyvin\u0119 paslapt\u012f 'City Game', spr\u0119skite galvos\u016bkius, sekite u\u017euominas ir savo tempu atskleiskite \u017eudik\u0105!","robots":{"index":"noindex","follow":"follow","max-snippet":"max-snippet:-1","max-image-preview":"max-image-preview:large","max-video-preview":"max-video-preview:-1"},"og_locale":"lt_LT","og_type":"article","og_title":"Sherlock Holmes Galway","og_description":"Sherlock Holmes Galway. \u017daiskite savaranki\u0161k\u0105 detektyvin\u0119 paslapt\u012f 'City Game', spr\u0119skite galvos\u016bkius, sekite u\u017euominas ir savo tempu atskleiskite \u017eudik\u0105!","og_url":"https:\/\/testwebsite.citygame.com\/lt\/games\/galway\/sherlock-holmes-galway\/","og_site_name":"City Game","article_publisher":"https:\/\/www.facebook.com\/profile.php?id=100086426226253","article_modified_time":"2026-04-07T15:53:05+00:00","og_image":[{"width":1024,"height":1024,"url":"https:\/\/testwebsite.citygame.com\/wp-content\/blogs.dir\/1\/files\/sites\/62\/2026\/02\/galway-group-of-five-playing-city-game-on-smartphone.jpg","type":"image\/jpeg"}],"twitter_card":"summary_large_image","schema":{"@context":"https:\/\/schema.org","@graph":[{"@type":"WebPage","@id":"https:\/\/testwebsite.citygame.com\/lt\/games\/galway\/sherlock-holmes-galway\/","url":"https:\/\/testwebsite.citygame.com\/lt\/games\/galway\/sherlock-holmes-galway\/","name":"Sherlock Holmes Galway - City Game","isPartOf":{"@id":"https:\/\/testwebsite.upevents.nl\/#website"},"primaryImageOfPage":{"@id":"https:\/\/testwebsite.citygame.com\/lt\/games\/galway\/sherlock-holmes-galway\/#primaryimage"},"image":{"@id":"https:\/\/testwebsite.citygame.com\/lt\/games\/galway\/sherlock-holmes-galway\/#primaryimage"},"thumbnailUrl":"https:\/\/testwebsite.citygame.com\/wp-content\/blogs.dir\/1\/files\/sites\/62\/2026\/02\/galway-group-of-five-playing-city-game-on-smartphone.jpg","datePublished":"2026-02-20T12:12:16+00:00","dateModified":"2026-04-07T15:53:05+00:00","description":"Sherlock Holmes Galway. \u017daiskite savaranki\u0161k\u0105 detektyvin\u0119 paslapt\u012f 'City Game', spr\u0119skite galvos\u016bkius, sekite u\u017euominas ir savo tempu atskleiskite \u017eudik\u0105!","breadcrumb":{"@id":"https:\/\/testwebsite.citygame.com\/lt\/games\/galway\/sherlock-holmes-galway\/#breadcrumb"},"inLanguage":"lt-LT","potentialAction":[{"@type":"ReadAction","target":["https:\/\/testwebsite.citygame.com\/lt\/games\/galway\/sherlock-holmes-galway\/"]}]},{"@type":"ImageObject","inLanguage":"lt-LT","@id":"https:\/\/testwebsite.citygame.com\/lt\/games\/galway\/sherlock-holmes-galway\/#primaryimage","url":"https:\/\/testwebsite.citygame.com\/wp-content\/blogs.dir\/1\/files\/sites\/62\/2026\/02\/galway-group-of-five-playing-city-game-on-smartphone.jpg","contentUrl":"https:\/\/testwebsite.citygame.com\/wp-content\/blogs.dir\/1\/files\/sites\/62\/2026\/02\/galway-group-of-five-playing-city-game-on-smartphone.jpg","width":1024,"height":1024,"caption":"A group of friends collaborates on a puzzle during an outdoor city game in Galway."},{"@type":"BreadcrumbList","@id":"https:\/\/testwebsite.citygame.com\/lt\/games\/galway\/sherlock-holmes-galway\/#breadcrumb","itemListElement":[{"@type":"ListItem","position":1,"name":"Home","item":"https:\/\/testwebsite.citygame.com\/lt\/"},{"@type":"ListItem","position":2,"name":"Shop","item":"https:\/\/testwebsite.citygame.com\/shop\/"},{"@type":"ListItem","position":3,"name":"Sherlock Holmes Galway"}]},{"@type":"WebSite","@id":"https:\/\/testwebsite.upevents.nl\/#website","url":"https:\/\/testwebsite.upevents.nl\/","name":"City Game","description":"","publisher":{"@id":"https:\/\/testwebsite.upevents.nl\/#organization"},"alternateName":"citygame.com","potentialAction":[{"@type":"SearchAction","target":{"@type":"EntryPoint","urlTemplate":"https:\/\/testwebsite.upevents.nl\/?s={search_term_string}"},"query-input":{"@type":"PropertyValueSpecification","valueRequired":true,"valueName":"search_term_string"}}],"inLanguage":"lt-LT"},{"@type":["Organization","Place"],"@id":"https:\/\/testwebsite.upevents.nl\/#organization","name":"City Game","alternateName":"citygame.com","url":"https:\/\/testwebsite.upevents.nl\/","logo":{"@id":"https:\/\/testwebsite.citygame.com\/lt\/games\/galway\/sherlock-holmes-galway\/#local-main-organization-logo"},"image":{"@id":"https:\/\/testwebsite.citygame.com\/lt\/games\/galway\/sherlock-holmes-galway\/#local-main-organization-logo"},"sameAs":["https:\/\/www.facebook.com\/profile.php?id=100086426226253","https:\/\/www.instagram.com\/citygame_com","https:\/\/www.tiktok.com\/@citygamecom\/","https:\/\/www.linkedin.com\/company\/citygame-com"],"description":"Turn any city into a playground with our interactive City Games and self-guided tours. Fun, flexible, and ideal for groups and team building.","telephone":[],"openingHoursSpecification":[{"@type":"OpeningHoursSpecification","dayOfWeek":["Monday","Tuesday","Wednesday","Thursday","Friday","Saturday","Sunday"],"opens":"09:00","closes":"17:00"}]},{"@type":"ImageObject","inLanguage":"lt-LT","@id":"https:\/\/testwebsite.citygame.com\/lt\/games\/galway\/sherlock-holmes-galway\/#local-main-organization-logo","url":"https:\/\/testwebsite.citygame.com\/wp-content\/blogs.dir\/1\/files\/sites\/62\/2025\/10\/CG_LOGO-City-Game.png","contentUrl":"https:\/\/testwebsite.citygame.com\/wp-content\/blogs.dir\/1\/files\/sites\/62\/2025\/10\/CG_LOGO-City-Game.png","width":351,"height":377,"caption":"City Game"}]}},"taxonomy_info":{"game-concept":[{"value":783,"label":"Sherlock"}],"location":[{"value":170,"label":"Galway"}],"product_cat":[{"value":27,"label":"Geen categorie"}]},"featured_image_src_large":["https:\/\/testwebsite.citygame.com\/wp-content\/blogs.dir\/1\/files\/sites\/62\/2026\/02\/galway-group-of-five-playing-city-game-on-smartphone.jpg",1024,1024,false],"author_info":[],"comment_info":"","_links":{"self":[{"href":"https:\/\/testwebsite.citygame.com\/lt\/wp-json\/wp\/v2\/product\/52968","targetHints":{"allow":["GET"]}}],"collection":[{"href":"https:\/\/testwebsite.citygame.com\/lt\/wp-json\/wp\/v2\/product"}],"about":[{"href":"https:\/\/testwebsite.citygame.com\/lt\/wp-json\/wp\/v2\/types\/product"}],"acf:post":[{"embeddable":true,"href":"https:\/\/testwebsite.citygame.com\/lt\/wp-json\/wp\/v2\/pages\/13324"}],"wp:featuredmedia":[{"embeddable":true,"href":"https:\/\/testwebsite.citygame.com\/lt\/wp-json\/wp\/v2\/media\/15299"}],"wp:attachment":[{"href":"https:\/\/testwebsite.citygame.com\/lt\/wp-json\/wp\/v2\/media?parent=52968"}],"wp:term":[{"taxonomy":"game-concept","embeddable":true,"href":"https:\/\/testwebsite.citygame.com\/lt\/wp-json\/wp\/v2\/game-concept?post=52968"},{"taxonomy":"location","embeddable":true,"href":"https:\/\/testwebsite.citygame.com\/lt\/wp-json\/wp\/v2\/location?post=52968"},{"taxonomy":"product_brand","embeddable":true,"href":"https:\/\/testwebsite.citygame.com\/lt\/wp-json\/wp\/v2\/product_brand?post=52968"},{"taxonomy":"product_cat","embeddable":true,"href":"https:\/\/testwebsite.citygame.com\/lt\/wp-json\/wp\/v2\/product_cat?post=52968"},{"taxonomy":"product_tag","embeddable":true,"href":"https:\/\/testwebsite.citygame.com\/lt\/wp-json\/wp\/v2\/product_tag?post=52968"}],"curies":[{"name":"wp","href":"https:\/\/api.w.org\/{rel}","templated":true}]}}