{"id":52962,"date":"2026-02-03T16:01:16","date_gmt":"2026-02-03T16:01:16","guid":{"rendered":"https:\/\/testwebsite.citygame.com\/games\/unknown-location\/sherlock-holmes-utrecht\/"},"modified":"2026-04-07T15:52:33","modified_gmt":"2026-04-07T15:52:33","slug":"sherlock-holmes-utrecht","status":"publish","type":"product","link":"https:\/\/testwebsite.citygame.com\/lt\/games\/utrecht\/sherlock-holmes-utrecht\/","title":{"rendered":"Sherlock Holmes Utrecht"},"content":{"rendered":"<p>\u012e\u017eenkite \u012f Sherlocko Holmeso pasaul\u012f su \u0161iuo savaranki\u0161ku, istorija paremtu \u017emog\u017eudyst\u0117s paslap\u010di\u0173 City Game, vykstan\u010diu istoriniame Utrechto centre. Kai per Liberty Festival \u012fvyksta ni\u016brus nusikaltimas, jums teks atskleisti ties\u0105 sekant vingiuot\u0105 pasakojim\u0105 gatv\u0117mis, renkant u\u017euominas, sprend\u017eiant paslaptingus galvos\u016bkius ir apklausiant skaitmeninius \u012ftariamuosius. Sukurtas tiems, kurie m\u0117gsta \u012ftraukian\u010dius detektyvinius i\u0161\u0161\u016bkius, \u0161is tyrimas suteikia jums laisv\u0119 \u017eaisti savo tempu, patiriant Utrecht\u0105 kaip nepamir\u0161tamos bylos scen\u0105.<\/p>\n","protected":false},"excerpt":{"rendered":"<p>\u012e\u017eenkite \u012f Sherlocko Holmeso batus ir dalyvaukite \u017eavingoje, savaranki\u0161kai valdomoje \u017emog\u017eudyst\u0117s paslaptyje, vykstan\u010dioje Utrechto \u0161irdyje. Lenktyniaukite su laiku, sekite paslaptingas u\u017euominas, spr\u0119skite sud\u0117tingus galvos\u016bkius ir atskleiskite ties\u0105 su savo komanda \u2013 Utrechto miestas laukia j\u016bs\u0173 dedukcijos \u012fg\u016bd\u017ei\u0173!<\/p>\n","protected":false},"featured_media":9864,"template":"","meta":{"_acf_changed":false,"_yoast_wpseo_focuskw":"Sherlock Holmes Utrecht","_yoast_wpseo_metadesc":"Sherlock Holmes Utrecht. \u017daiskite savaranki\u0161k\u0105 \u017emog\u017eudyst\u0117s paslap\u010di\u0173 City Game, spr\u0119skite galvos\u016bkius, sekite u\u017euominas ir savo tempu atskleiskite \u017eudik\u0105!","_kad_blocks_custom_css":"","_kad_blocks_head_custom_js":"","_kad_blocks_body_custom_js":"","_kad_blocks_footer_custom_js":"","ghostkit_customizer_options":"","ghostkit_custom_css":"","ghostkit_custom_js_head":"","ghostkit_custom_js_foot":"","ghostkit_typography":"","_kad_post_transparent":"","_kad_post_title":"","_kad_post_layout":"","_kad_post_sidebar_id":"","_kad_post_content_style":"","_kad_post_vertical_padding":"","_kad_post_feature":"","_kad_post_feature_position":"","_kad_post_header":false,"_kad_post_footer":false,"_kad_post_classname":"","_links_to":"","_links_to_target":""},"game-concept":[783],"location":[410],"product_brand":[],"product_cat":[27],"product_tag":[],"class_list":{"0":"post-52962","1":"product","2":"type-product","3":"status-publish","4":"has-post-thumbnail","6":"game-concept-sherlock","7":"location-utrecht","8":"product_cat-geen-categorie","10":"first","11":"instock","12":"shipping-taxable","13":"purchasable","14":"product-type-simple","15":"entry","16":"content-bg","17":"loop-entry"},"acf":{"full_bokun_product_name":"Utrecht Self-Guided Sherlock Holmes Murder Mystery Game","location_name":"Utrecht","bokun_calendar_widget_code":"<script type=\"text\/javascript\" src=\"https:\/\/widgets.bokun.io\/assets\/javascripts\/apps\/build\/BokunWidgetsLoader.js?bookingChannelUUID=a1e93e96-5232-4734-a595-28405f4b5a31\" async><\/script>\n     \n    <div class=\"bokunWidget\" data-src=\"https:\/\/widgets.bokun.io\/online-sales\/a1e93e96-5232-4734-a595-28405f4b5a31\/experience-calendar\/723207\"><\/div>\n    <noscript>Please enable javascript in your browser to book<\/noscript>","bokun_button_widget_code":"<script type=\"text\/javascript\" src=\"https:\/\/widgets.bokun.io\/assets\/javascripts\/apps\/build\/BokunWidgetsLoader.js?bookingChannelUUID=a1e93e96-5232-4734-a595-28405f4b5a31\" async><\/script>\n      <style> #bokun_ed001e45_5927_4f62_b470_ca766338d083 { display: inline-block; padding: .4em 1em; background: #47b82e; border-radius: 999999px; box-shadow: none; font-weight: 600; font-size: 24px; text-decoration: none; text-align: center; color: #FFFFFF; border:none; cursor: pointer; transition: background .2s ease; } #bokun_ed001e45_5927_4f62_b470_ca766338d083:hover{ background: #2f7b1f; } #bokun_ed001e45_5927_4f62_b470_ca766338d083:active{ background: #378f24; } <\/style> <button class=\"bokunButton\" disabled id=bokun_ed001e45_5927_4f62_b470_ca766338d083 data-src=\"https:\/\/widgets.bokun.io\/online-sales\/a1e93e96-5232-4734-a595-28405f4b5a31\/experience-calendar\/723207?partialView=1\" data-testid=\"widget-book-button\" > Book now <\/button> ","what_you\u2019ll_experience_during_the_game":"J\u016bs \u012fsitraukiate \u012f \u012ftraukian\u010di\u0105 detektyvin\u0119 istorij\u0105, vykstan\u010di\u0105 Utrechte, kur sukre\u010dianti \u017emog\u017eudyst\u0117 per Liberty Festival sukr\u0117t\u0117 miest\u0105. Keliaudami jo gatv\u0117mis, pasakojimas atsiskleid\u017eia po gabal\u0117l\u012f, \u012ftraukdamas jus giliau \u012f tyrim\u0105 su kiekviena aplankyta vieta. J\u016bs\u0173 kelion\u0117 yra visi\u0161kai paremta istorija, panardinanti jus \u012f paslap\u010di\u0173, \u012ftariam\u0173j\u0173 ir kintan\u010di\u0173 motyv\u0173 pasaul\u012f, kuris reikalauja ne tik d\u0117mesio \u2013 jis reikalauja \u012f\u017evalgos.\n\nJ\u016bs atrasite pasl\u0117ptas u\u017euominas, i\u0161spr\u0119site daugiasluoksnius galvos\u016bkius ir susidursite su netik\u0117tais pos\u016bkiais, kurie meta i\u0161\u0161\u016bk\u012f kiekvienai prielaidai. Apklausdami skaitmeninius \u012ftariamuosius ir analizuodami j\u0173 alibius d\u0117l prie\u0161taravim\u0173, jums prireiks a\u0161traus steb\u0117jimo ir kritinio m\u0105stymo, kad atskirtum\u0117te faktus nuo i\u0161galvot\u0173 dalyk\u0173. Dirbkite vieni arba su komanda, o jei jau\u010diat\u0117s konkurencingi, steb\u0117kite savo pa\u017eang\u0105. J\u016bs kontroliuojate patirties temp\u0105, tur\u0117dami laisv\u0119 sustabdyti ir t\u0119sti bet kuriuo pasirinktu metu. Kiekvienas j\u016bs\u0173 priimtas sprendimas priartina jus prie tiesos, slypin\u010dios po ramia Utrechto i\u0161ore.","how_to_play":"\u017daiskite vieni arba su draugais, \u0161eima ar kolegomis komandose iki keturi\u0173 \u017emoni\u0173 viename \u012frenginyje. Po u\u017esakymo gausite instrukcij\u0173 el. lai\u0161k\u0105 su viskuo, ko jums reikia.","start_location":"Utrecht, Stadhuisplein","available_languages":["en","es","fr","de","it","nl"],"players_per_group":"1-4","duration":"1.5-2 hours","image_overlay_color_image":"https:\/\/testwebsite.citygame.com\/wp-content\/blogs.dir\/1\/files\/sites\/62\/2026\/01\/SherlockColor.svg","image_overlay_game_logo":"https:\/\/testwebsite.citygame.com\/wp-content\/blogs.dir\/1\/files\/sites\/62\/2026\/01\/SherlockLogo.png","city_page":4438,"woocommerce_general_content":null},"yoast_head":"<!-- This site is optimized with the Yoast SEO Premium plugin v26.2 (Yoast SEO v26.3) - https:\/\/yoast.com\/wordpress\/plugins\/seo\/ -->\n<title>Sherlock Holmes Utrecht - City Game<\/title>\n<meta name=\"description\" content=\"Sherlock Holmes Utrecht. \u017daiskite savaranki\u0161k\u0105 \u017emog\u017eudyst\u0117s paslap\u010di\u0173 City Game, spr\u0119skite galvos\u016bkius, sekite u\u017euominas ir savo tempu atskleiskite \u017eudik\u0105!\" \/>\n<meta name=\"robots\" content=\"noindex, follow, max-snippet:-1, max-image-preview:large, max-video-preview:-1\" \/>\n<meta property=\"og:locale\" content=\"lt_LT\" \/>\n<meta property=\"og:type\" content=\"article\" \/>\n<meta property=\"og:title\" content=\"Sherlock Holmes Utrecht\" \/>\n<meta property=\"og:description\" content=\"Sherlock Holmes Utrecht. \u017daiskite savaranki\u0161k\u0105 \u017emog\u017eudyst\u0117s paslap\u010di\u0173 City Game, spr\u0119skite galvos\u016bkius, sekite u\u017euominas ir savo tempu atskleiskite \u017eudik\u0105!\" \/>\n<meta property=\"og:url\" content=\"https:\/\/testwebsite.citygame.com\/lt\/games\/utrecht\/sherlock-holmes-utrecht\/\" \/>\n<meta property=\"og:site_name\" content=\"City Game\" \/>\n<meta property=\"article:publisher\" content=\"https:\/\/www.facebook.com\/profile.php?id=100086426226253\" \/>\n<meta property=\"article:modified_time\" content=\"2026-04-07T15:52:33+00:00\" \/>\n<meta property=\"og:image\" content=\"https:\/\/testwebsite.citygame.com\/wp-content\/blogs.dir\/1\/files\/sites\/62\/2026\/02\/utrecht-sherlock-city-game-players-smartphone.jpg\" \/>\n\t<meta property=\"og:image:width\" content=\"1344\" \/>\n\t<meta property=\"og:image:height\" content=\"768\" \/>\n\t<meta property=\"og:image:type\" content=\"image\/jpeg\" \/>\n<meta name=\"twitter:card\" content=\"summary_large_image\" \/>\n<script type=\"application\/ld+json\" class=\"yoast-schema-graph\">{\"@context\":\"https:\/\/schema.org\",\"@graph\":[{\"@type\":\"WebPage\",\"@id\":\"https:\/\/testwebsite.citygame.com\/lt\/games\/utrecht\/sherlock-holmes-utrecht\/\",\"url\":\"https:\/\/testwebsite.citygame.com\/lt\/games\/utrecht\/sherlock-holmes-utrecht\/\",\"name\":\"Sherlock Holmes Utrecht - City Game\",\"isPartOf\":{\"@id\":\"https:\/\/testwebsite.upevents.nl\/#website\"},\"primaryImageOfPage\":{\"@id\":\"https:\/\/testwebsite.citygame.com\/lt\/games\/utrecht\/sherlock-holmes-utrecht\/#primaryimage\"},\"image\":{\"@id\":\"https:\/\/testwebsite.citygame.com\/lt\/games\/utrecht\/sherlock-holmes-utrecht\/#primaryimage\"},\"thumbnailUrl\":\"https:\/\/testwebsite.citygame.com\/wp-content\/blogs.dir\/1\/files\/sites\/62\/2026\/02\/utrecht-sherlock-city-game-players-smartphone.jpg\",\"datePublished\":\"2026-02-03T16:01:16+00:00\",\"dateModified\":\"2026-04-07T15:52:33+00:00\",\"description\":\"Sherlock Holmes Utrecht. \u017daiskite savaranki\u0161k\u0105 \u017emog\u017eudyst\u0117s paslap\u010di\u0173 City Game, spr\u0119skite galvos\u016bkius, sekite u\u017euominas ir savo tempu atskleiskite \u017eudik\u0105!\",\"breadcrumb\":{\"@id\":\"https:\/\/testwebsite.citygame.com\/lt\/games\/utrecht\/sherlock-holmes-utrecht\/#breadcrumb\"},\"inLanguage\":\"lt-LT\",\"potentialAction\":[{\"@type\":\"ReadAction\",\"target\":[\"https:\/\/testwebsite.citygame.com\/lt\/games\/utrecht\/sherlock-holmes-utrecht\/\"]}]},{\"@type\":\"ImageObject\",\"inLanguage\":\"lt-LT\",\"@id\":\"https:\/\/testwebsite.citygame.com\/lt\/games\/utrecht\/sherlock-holmes-utrecht\/#primaryimage\",\"url\":\"https:\/\/testwebsite.citygame.com\/wp-content\/blogs.dir\/1\/files\/sites\/62\/2026\/02\/utrecht-sherlock-city-game-players-smartphone.jpg\",\"contentUrl\":\"https:\/\/testwebsite.citygame.com\/wp-content\/blogs.dir\/1\/files\/sites\/62\/2026\/02\/utrecht-sherlock-city-game-players-smartphone.jpg\",\"width\":1344,\"height\":768,\"caption\":\"A group of young adults huddle together to solve a puzzle on a smartphone in Utrecht.\"},{\"@type\":\"BreadcrumbList\",\"@id\":\"https:\/\/testwebsite.citygame.com\/lt\/games\/utrecht\/sherlock-holmes-utrecht\/#breadcrumb\",\"itemListElement\":[{\"@type\":\"ListItem\",\"position\":1,\"name\":\"Home\",\"item\":\"https:\/\/testwebsite.citygame.com\/lt\/\"},{\"@type\":\"ListItem\",\"position\":2,\"name\":\"Shop\",\"item\":\"https:\/\/testwebsite.citygame.com\/shop\/\"},{\"@type\":\"ListItem\",\"position\":3,\"name\":\"Sherlock Holmes Utrecht\"}]},{\"@type\":\"WebSite\",\"@id\":\"https:\/\/testwebsite.upevents.nl\/#website\",\"url\":\"https:\/\/testwebsite.upevents.nl\/\",\"name\":\"City Game\",\"description\":\"\",\"publisher\":{\"@id\":\"https:\/\/testwebsite.upevents.nl\/#organization\"},\"alternateName\":\"citygame.com\",\"potentialAction\":[{\"@type\":\"SearchAction\",\"target\":{\"@type\":\"EntryPoint\",\"urlTemplate\":\"https:\/\/testwebsite.upevents.nl\/?s={search_term_string}\"},\"query-input\":{\"@type\":\"PropertyValueSpecification\",\"valueRequired\":true,\"valueName\":\"search_term_string\"}}],\"inLanguage\":\"lt-LT\"},{\"@type\":[\"Organization\",\"Place\"],\"@id\":\"https:\/\/testwebsite.upevents.nl\/#organization\",\"name\":\"City Game\",\"alternateName\":\"citygame.com\",\"url\":\"https:\/\/testwebsite.upevents.nl\/\",\"logo\":{\"@id\":\"https:\/\/testwebsite.citygame.com\/lt\/games\/utrecht\/sherlock-holmes-utrecht\/#local-main-organization-logo\"},\"image\":{\"@id\":\"https:\/\/testwebsite.citygame.com\/lt\/games\/utrecht\/sherlock-holmes-utrecht\/#local-main-organization-logo\"},\"sameAs\":[\"https:\/\/www.facebook.com\/profile.php?id=100086426226253\",\"https:\/\/www.instagram.com\/citygame_com\",\"https:\/\/www.tiktok.com\/@citygamecom\/\",\"https:\/\/www.linkedin.com\/company\/citygame-com\"],\"description\":\"Turn any city into a playground with our interactive City Games and self-guided tours. Fun, flexible, and ideal for groups and team building.\",\"telephone\":[],\"openingHoursSpecification\":[{\"@type\":\"OpeningHoursSpecification\",\"dayOfWeek\":[\"Monday\",\"Tuesday\",\"Wednesday\",\"Thursday\",\"Friday\",\"Saturday\",\"Sunday\"],\"opens\":\"09:00\",\"closes\":\"17:00\"}]},{\"@type\":\"ImageObject\",\"inLanguage\":\"lt-LT\",\"@id\":\"https:\/\/testwebsite.citygame.com\/lt\/games\/utrecht\/sherlock-holmes-utrecht\/#local-main-organization-logo\",\"url\":\"https:\/\/testwebsite.citygame.com\/wp-content\/blogs.dir\/1\/files\/sites\/62\/2025\/10\/CG_LOGO-City-Game.png\",\"contentUrl\":\"https:\/\/testwebsite.citygame.com\/wp-content\/blogs.dir\/1\/files\/sites\/62\/2025\/10\/CG_LOGO-City-Game.png\",\"width\":351,\"height\":377,\"caption\":\"City Game\"}]}<\/script>\n<!-- \/ Yoast SEO Premium plugin. -->","yoast_head_json":{"title":"Sherlock Holmes Utrecht - City Game","description":"Sherlock Holmes Utrecht. \u017daiskite savaranki\u0161k\u0105 \u017emog\u017eudyst\u0117s paslap\u010di\u0173 City Game, spr\u0119skite galvos\u016bkius, sekite u\u017euominas ir savo tempu atskleiskite \u017eudik\u0105!","robots":{"index":"noindex","follow":"follow","max-snippet":"max-snippet:-1","max-image-preview":"max-image-preview:large","max-video-preview":"max-video-preview:-1"},"og_locale":"lt_LT","og_type":"article","og_title":"Sherlock Holmes Utrecht","og_description":"Sherlock Holmes Utrecht. \u017daiskite savaranki\u0161k\u0105 \u017emog\u017eudyst\u0117s paslap\u010di\u0173 City Game, spr\u0119skite galvos\u016bkius, sekite u\u017euominas ir savo tempu atskleiskite \u017eudik\u0105!","og_url":"https:\/\/testwebsite.citygame.com\/lt\/games\/utrecht\/sherlock-holmes-utrecht\/","og_site_name":"City Game","article_publisher":"https:\/\/www.facebook.com\/profile.php?id=100086426226253","article_modified_time":"2026-04-07T15:52:33+00:00","og_image":[{"width":1344,"height":768,"url":"https:\/\/testwebsite.citygame.com\/wp-content\/blogs.dir\/1\/files\/sites\/62\/2026\/02\/utrecht-sherlock-city-game-players-smartphone.jpg","type":"image\/jpeg"}],"twitter_card":"summary_large_image","schema":{"@context":"https:\/\/schema.org","@graph":[{"@type":"WebPage","@id":"https:\/\/testwebsite.citygame.com\/lt\/games\/utrecht\/sherlock-holmes-utrecht\/","url":"https:\/\/testwebsite.citygame.com\/lt\/games\/utrecht\/sherlock-holmes-utrecht\/","name":"Sherlock Holmes Utrecht - City Game","isPartOf":{"@id":"https:\/\/testwebsite.upevents.nl\/#website"},"primaryImageOfPage":{"@id":"https:\/\/testwebsite.citygame.com\/lt\/games\/utrecht\/sherlock-holmes-utrecht\/#primaryimage"},"image":{"@id":"https:\/\/testwebsite.citygame.com\/lt\/games\/utrecht\/sherlock-holmes-utrecht\/#primaryimage"},"thumbnailUrl":"https:\/\/testwebsite.citygame.com\/wp-content\/blogs.dir\/1\/files\/sites\/62\/2026\/02\/utrecht-sherlock-city-game-players-smartphone.jpg","datePublished":"2026-02-03T16:01:16+00:00","dateModified":"2026-04-07T15:52:33+00:00","description":"Sherlock Holmes Utrecht. \u017daiskite savaranki\u0161k\u0105 \u017emog\u017eudyst\u0117s paslap\u010di\u0173 City Game, spr\u0119skite galvos\u016bkius, sekite u\u017euominas ir savo tempu atskleiskite \u017eudik\u0105!","breadcrumb":{"@id":"https:\/\/testwebsite.citygame.com\/lt\/games\/utrecht\/sherlock-holmes-utrecht\/#breadcrumb"},"inLanguage":"lt-LT","potentialAction":[{"@type":"ReadAction","target":["https:\/\/testwebsite.citygame.com\/lt\/games\/utrecht\/sherlock-holmes-utrecht\/"]}]},{"@type":"ImageObject","inLanguage":"lt-LT","@id":"https:\/\/testwebsite.citygame.com\/lt\/games\/utrecht\/sherlock-holmes-utrecht\/#primaryimage","url":"https:\/\/testwebsite.citygame.com\/wp-content\/blogs.dir\/1\/files\/sites\/62\/2026\/02\/utrecht-sherlock-city-game-players-smartphone.jpg","contentUrl":"https:\/\/testwebsite.citygame.com\/wp-content\/blogs.dir\/1\/files\/sites\/62\/2026\/02\/utrecht-sherlock-city-game-players-smartphone.jpg","width":1344,"height":768,"caption":"A group of young adults huddle together to solve a puzzle on a smartphone in Utrecht."},{"@type":"BreadcrumbList","@id":"https:\/\/testwebsite.citygame.com\/lt\/games\/utrecht\/sherlock-holmes-utrecht\/#breadcrumb","itemListElement":[{"@type":"ListItem","position":1,"name":"Home","item":"https:\/\/testwebsite.citygame.com\/lt\/"},{"@type":"ListItem","position":2,"name":"Shop","item":"https:\/\/testwebsite.citygame.com\/shop\/"},{"@type":"ListItem","position":3,"name":"Sherlock Holmes Utrecht"}]},{"@type":"WebSite","@id":"https:\/\/testwebsite.upevents.nl\/#website","url":"https:\/\/testwebsite.upevents.nl\/","name":"City Game","description":"","publisher":{"@id":"https:\/\/testwebsite.upevents.nl\/#organization"},"alternateName":"citygame.com","potentialAction":[{"@type":"SearchAction","target":{"@type":"EntryPoint","urlTemplate":"https:\/\/testwebsite.upevents.nl\/?s={search_term_string}"},"query-input":{"@type":"PropertyValueSpecification","valueRequired":true,"valueName":"search_term_string"}}],"inLanguage":"lt-LT"},{"@type":["Organization","Place"],"@id":"https:\/\/testwebsite.upevents.nl\/#organization","name":"City Game","alternateName":"citygame.com","url":"https:\/\/testwebsite.upevents.nl\/","logo":{"@id":"https:\/\/testwebsite.citygame.com\/lt\/games\/utrecht\/sherlock-holmes-utrecht\/#local-main-organization-logo"},"image":{"@id":"https:\/\/testwebsite.citygame.com\/lt\/games\/utrecht\/sherlock-holmes-utrecht\/#local-main-organization-logo"},"sameAs":["https:\/\/www.facebook.com\/profile.php?id=100086426226253","https:\/\/www.instagram.com\/citygame_com","https:\/\/www.tiktok.com\/@citygamecom\/","https:\/\/www.linkedin.com\/company\/citygame-com"],"description":"Turn any city into a playground with our interactive City Games and self-guided tours. Fun, flexible, and ideal for groups and team building.","telephone":[],"openingHoursSpecification":[{"@type":"OpeningHoursSpecification","dayOfWeek":["Monday","Tuesday","Wednesday","Thursday","Friday","Saturday","Sunday"],"opens":"09:00","closes":"17:00"}]},{"@type":"ImageObject","inLanguage":"lt-LT","@id":"https:\/\/testwebsite.citygame.com\/lt\/games\/utrecht\/sherlock-holmes-utrecht\/#local-main-organization-logo","url":"https:\/\/testwebsite.citygame.com\/wp-content\/blogs.dir\/1\/files\/sites\/62\/2025\/10\/CG_LOGO-City-Game.png","contentUrl":"https:\/\/testwebsite.citygame.com\/wp-content\/blogs.dir\/1\/files\/sites\/62\/2025\/10\/CG_LOGO-City-Game.png","width":351,"height":377,"caption":"City Game"}]}},"taxonomy_info":{"game-concept":[{"value":783,"label":"Sherlock"}],"location":[{"value":410,"label":"Utrecht"}],"product_cat":[{"value":27,"label":"Geen categorie"}]},"featured_image_src_large":["https:\/\/testwebsite.citygame.com\/wp-content\/blogs.dir\/1\/files\/sites\/62\/2026\/02\/utrecht-sherlock-city-game-players-smartphone-1024x585.jpg",1024,585,true],"author_info":[],"comment_info":"","_links":{"self":[{"href":"https:\/\/testwebsite.citygame.com\/lt\/wp-json\/wp\/v2\/product\/52962","targetHints":{"allow":["GET"]}}],"collection":[{"href":"https:\/\/testwebsite.citygame.com\/lt\/wp-json\/wp\/v2\/product"}],"about":[{"href":"https:\/\/testwebsite.citygame.com\/lt\/wp-json\/wp\/v2\/types\/product"}],"acf:post":[{"embeddable":true,"href":"https:\/\/testwebsite.citygame.com\/lt\/wp-json\/wp\/v2\/pages\/4438"}],"wp:featuredmedia":[{"embeddable":true,"href":"https:\/\/testwebsite.citygame.com\/lt\/wp-json\/wp\/v2\/media\/9864"}],"wp:attachment":[{"href":"https:\/\/testwebsite.citygame.com\/lt\/wp-json\/wp\/v2\/media?parent=52962"}],"wp:term":[{"taxonomy":"game-concept","embeddable":true,"href":"https:\/\/testwebsite.citygame.com\/lt\/wp-json\/wp\/v2\/game-concept?post=52962"},{"taxonomy":"location","embeddable":true,"href":"https:\/\/testwebsite.citygame.com\/lt\/wp-json\/wp\/v2\/location?post=52962"},{"taxonomy":"product_brand","embeddable":true,"href":"https:\/\/testwebsite.citygame.com\/lt\/wp-json\/wp\/v2\/product_brand?post=52962"},{"taxonomy":"product_cat","embeddable":true,"href":"https:\/\/testwebsite.citygame.com\/lt\/wp-json\/wp\/v2\/product_cat?post=52962"},{"taxonomy":"product_tag","embeddable":true,"href":"https:\/\/testwebsite.citygame.com\/lt\/wp-json\/wp\/v2\/product_tag?post=52962"}],"curies":[{"name":"wp","href":"https:\/\/api.w.org\/{rel}","templated":true}]}}