{"id":52845,"date":"2026-02-12T22:02:30","date_gmt":"2026-02-12T22:02:30","guid":{"rendered":"https:\/\/testwebsite.citygame.com\/games\/unknown-location\/sherlock-holmes-mainz\/"},"modified":"2026-04-07T15:39:28","modified_gmt":"2026-04-07T15:39:28","slug":"sherlock-holmes-mainz","status":"publish","type":"product","link":"https:\/\/testwebsite.citygame.com\/lt\/games\/mainz\/sherlock-holmes-mainz\/","title":{"rendered":"Sherlock Holmes Mainz"},"content":{"rendered":"<p>\u017denkite \u012f Sherlock Holmes pasaul\u012f istoriniame Mainco centre, kur savaranki\u0161kas, istorija paremtas \u017emog\u017eudyst\u0117s paslapties City Game meta jums i\u0161\u0161\u016bk\u012f i\u0161spr\u0119sti \u0161iurp\u0173 nusikaltim\u0105. Kai i\u0161siskleid\u017eia Liberty Festival, sukre\u010dianti \u017emog\u017eudyst\u0117 gyv\u0105 \u0161vent\u0119 paver\u010dia \u012ftempto tyrimo epicentru, o pats miestas tampa j\u016bs\u0173 nusikaltimo vieta. Sekdami besivystan\u010diu pasakojimu, rinksite u\u017euominas, spr\u0119site sud\u0117tingus galvos\u016bkius ir apklausin\u0117site skaitmeninius \u012ftariamuosius savo tempu, pasinerdami \u012f detektyvin\u0119 patirt\u012f, \u012fkv\u0117pt\u0105 garsi\u0173 Holmes istorij\u0173.<\/p>\n","protected":false},"excerpt":{"rendered":"<p>\u012esiskverbkite \u012f did\u017eiausio pasaulio detektyvo, Sherlock Holmes, vaidmen\u012f \u0161iame jaudinan\u010diame, savaranki\u0161kame \u017emog\u017eudyst\u0117s paslapties \u017eaidime, vykstan\u010diame Maince. Sekite intriguojan\u010dias u\u017euominas, spr\u0119skite sud\u0117tingus galvos\u016bkius ir bendradarbiaukite su savo komanda, kad atskleistum\u0117te ties\u0105 u\u017e nusikaltimo \u2013 j\u016bs\u0173 \u012fg\u016bd\u017eiai bus i\u0161bandyti \u0161iame i\u0161\u0161\u016bkyje prie\u0161 laik\u0105!<\/p>\n","protected":false},"featured_media":13309,"template":"","meta":{"_acf_changed":false,"_yoast_wpseo_focuskw":"Sherlock Holmes Mainz","_yoast_wpseo_metadesc":"Sherlock Holmes Mainz. \u017daiskite savaranki\u0161k\u0105 \u017emog\u017eudyst\u0117s paslapties City Game, spr\u0119skite galvos\u016bkius, sekite u\u017euominas ir savo tempu atskleiskite \u017eudik\u0105!","_kad_blocks_custom_css":"","_kad_blocks_head_custom_js":"","_kad_blocks_body_custom_js":"","_kad_blocks_footer_custom_js":"","ghostkit_customizer_options":"","ghostkit_custom_css":"","ghostkit_custom_js_head":"","ghostkit_custom_js_foot":"","ghostkit_typography":"","_kad_post_transparent":"","_kad_post_title":"","_kad_post_layout":"","_kad_post_sidebar_id":"","_kad_post_content_style":"","_kad_post_vertical_padding":"","_kad_post_feature":"","_kad_post_feature_position":"","_kad_post_header":false,"_kad_post_footer":false,"_kad_post_classname":"","_links_to":"","_links_to_target":""},"game-concept":[783],"location":[259],"product_brand":[],"product_cat":[27],"product_tag":[],"class_list":{"0":"post-52845","1":"product","2":"type-product","3":"status-publish","4":"has-post-thumbnail","6":"game-concept-sherlock","7":"location-mainz","8":"product_cat-geen-categorie","10":"first","11":"instock","12":"shipping-taxable","13":"purchasable","14":"product-type-simple","15":"entry","16":"content-bg","17":"loop-entry"},"acf":{"full_bokun_product_name":"Mainz Self-Guided Sherlock Holmes Murder Mystery Game","location_name":"Mainz","bokun_calendar_widget_code":"<script type=\"text\/javascript\" src=\"https:\/\/widgets.bokun.io\/assets\/javascripts\/apps\/build\/BokunWidgetsLoader.js?bookingChannelUUID=a1e93e96-5232-4734-a595-28405f4b5a31\" async><\/script>\n     \n    <div class=\"bokunWidget\" data-src=\"https:\/\/widgets.bokun.io\/online-sales\/a1e93e96-5232-4734-a595-28405f4b5a31\/experience-calendar\/845623\"><\/div>\n    <noscript>Please enable javascript in your browser to book<\/noscript>","bokun_button_widget_code":"<script type=\"text\/javascript\" src=\"https:\/\/widgets.bokun.io\/assets\/javascripts\/apps\/build\/BokunWidgetsLoader.js?bookingChannelUUID=a1e93e96-5232-4734-a595-28405f4b5a31\" async><\/script>\n      <style> #bokun_ed001e45_5927_4f62_b470_ca766338d083 { display: inline-block; padding: .4em 1em; background: #47b82e; border-radius: 999999px; box-shadow: none; font-weight: 600; font-size: 24px; text-decoration: none; text-align: center; color: #FFFFFF; border:none; cursor: pointer; transition: background .2s ease; } #bokun_ed001e45_5927_4f62_b470_ca766338d083:hover{ background: #2f7b1f; } #bokun_ed001e45_5927_4f62_b470_ca766338d083:active{ background: #378f24; } <\/style> <button class=\"bokunButton\" disabled id=bokun_ed001e45_5927_4f62_b470_ca766338d083 data-src=\"https:\/\/widgets.bokun.io\/online-sales\/a1e93e96-5232-4734-a595-28405f4b5a31\/experience-calendar\/845623?partialView=1\" data-testid=\"widget-book-button\" > Book now <\/button> ","what_you\u2019ll_experience_during_the_game":"J\u016bs pasinersite \u012f jaudinan\u010di\u0105 detektyvin\u0119 istorij\u0105, vykstan\u010di\u0105 Maince, kur Liberty Festival metu \u012fvykusi \u017emog\u017eudyst\u0117 sukre\u010dia miest\u0105. Klaid\u017eiodami gatv\u0117mis, su kiekvienu judesiu atskleid\u017eiate paslapt\u012f. U\u017euominos laukia, kol bus atrastos, galvos\u016bkiai reikalauja kruop\u0161taus apm\u0105stymo, o kiekvienas sprendimas veda jus giliau \u012f tyrim\u0105. Sekdami \u012frodymais, apklausin\u0117site skaitmeninius \u012ftariamuosius, analizuosite alibi ir pasteb\u0117site prie\u0161taravimus, kurie gali pad\u0117ti i\u0161spr\u0119sti byl\u0105.\n\n\u0160i visi\u0161kai istorija paremta patirtis i\u0161bando j\u016bs\u0173 pastabumo ir dedukcijos \u012fg\u016bd\u017eius nuo prad\u017eios iki pabaigos. Kiekvienas pos\u016bkis atskleid\u017eia nauj\u0105 intrig\u0173 sluoksn\u012f, ir jums teks atskleisti, kas i\u0161 tikr\u0173j\u0173 nutiko. Galite \u017eaisti savo tempu, tur\u0117dami galimyb\u0119 pristabdyti ir atnaujinti tyrim\u0105, kai tik b\u016bsite pasireng\u0119. Dirbdami vieni arba su komanda, j\u016bs\u0173 kritinis m\u0105stymas taps vertingiausiu \u012frankiu sprend\u017eiant byl\u0105 Maince.","how_to_play":"Dirbkite vieni arba su draugais, \u0161eima ar kolegomis komandose iki keturi\u0173 \u017emoni\u0173 viename \u012frenginyje. U\u017esisak\u0119 gausite instrukcij\u0173 el. lai\u0161k\u0105 su viskuo, ko jums reikia.","start_location":"Mainz, Markt","available_languages":["en","es","fr","it","nl","de"],"players_per_group":"1-4","duration":"1.5-2 hours","image_overlay_color_image":"https:\/\/testwebsite.citygame.com\/wp-content\/blogs.dir\/1\/files\/sites\/62\/2026\/01\/SherlockColor.svg","image_overlay_game_logo":"https:\/\/testwebsite.citygame.com\/wp-content\/blogs.dir\/1\/files\/sites\/62\/2026\/01\/SherlockLogo.png","city_page":5073,"woocommerce_general_content":null},"yoast_head":"<!-- This site is optimized with the Yoast SEO Premium plugin v26.2 (Yoast SEO v26.3) - https:\/\/yoast.com\/wordpress\/plugins\/seo\/ -->\n<title>Sherlock Holmes Mainz - City Game<\/title>\n<meta name=\"description\" content=\"Sherlock Holmes Mainz. \u017daiskite savaranki\u0161k\u0105 \u017emog\u017eudyst\u0117s paslapties City Game, spr\u0119skite galvos\u016bkius, sekite u\u017euominas ir savo tempu atskleiskite \u017eudik\u0105!\" \/>\n<meta name=\"robots\" content=\"noindex, follow, max-snippet:-1, max-image-preview:large, max-video-preview:-1\" \/>\n<meta property=\"og:locale\" content=\"lt_LT\" \/>\n<meta property=\"og:type\" content=\"article\" \/>\n<meta property=\"og:title\" content=\"Sherlock Holmes Mainz\" \/>\n<meta property=\"og:description\" content=\"Sherlock Holmes Mainz. \u017daiskite savaranki\u0161k\u0105 \u017emog\u017eudyst\u0117s paslapties City Game, spr\u0119skite galvos\u016bkius, sekite u\u017euominas ir savo tempu atskleiskite \u017eudik\u0105!\" \/>\n<meta property=\"og:url\" content=\"https:\/\/testwebsite.citygame.com\/lt\/games\/mainz\/sherlock-holmes-mainz\/\" \/>\n<meta property=\"og:site_name\" content=\"City Game\" \/>\n<meta property=\"article:publisher\" content=\"https:\/\/www.facebook.com\/profile.php?id=100086426226253\" \/>\n<meta property=\"article:modified_time\" content=\"2026-04-07T15:39:28+00:00\" \/>\n<meta property=\"og:image\" content=\"https:\/\/testwebsite.citygame.com\/wp-content\/blogs.dir\/1\/files\/sites\/62\/2026\/02\/group-of-friends-playing-city-game-mainz-brand-passage.jpg\" \/>\n\t<meta property=\"og:image:width\" content=\"1024\" \/>\n\t<meta property=\"og:image:height\" content=\"1024\" \/>\n\t<meta property=\"og:image:type\" content=\"image\/jpeg\" \/>\n<meta name=\"twitter:card\" content=\"summary_large_image\" \/>\n<script type=\"application\/ld+json\" class=\"yoast-schema-graph\">{\"@context\":\"https:\/\/schema.org\",\"@graph\":[{\"@type\":\"WebPage\",\"@id\":\"https:\/\/testwebsite.citygame.com\/lt\/games\/mainz\/sherlock-holmes-mainz\/\",\"url\":\"https:\/\/testwebsite.citygame.com\/lt\/games\/mainz\/sherlock-holmes-mainz\/\",\"name\":\"Sherlock Holmes Mainz - City Game\",\"isPartOf\":{\"@id\":\"https:\/\/testwebsite.upevents.nl\/#website\"},\"primaryImageOfPage\":{\"@id\":\"https:\/\/testwebsite.citygame.com\/lt\/games\/mainz\/sherlock-holmes-mainz\/#primaryimage\"},\"image\":{\"@id\":\"https:\/\/testwebsite.citygame.com\/lt\/games\/mainz\/sherlock-holmes-mainz\/#primaryimage\"},\"thumbnailUrl\":\"https:\/\/testwebsite.citygame.com\/wp-content\/blogs.dir\/1\/files\/sites\/62\/2026\/02\/group-of-friends-playing-city-game-mainz-brand-passage.jpg\",\"datePublished\":\"2026-02-12T22:02:30+00:00\",\"dateModified\":\"2026-04-07T15:39:28+00:00\",\"description\":\"Sherlock Holmes Mainz. \u017daiskite savaranki\u0161k\u0105 \u017emog\u017eudyst\u0117s paslapties City Game, spr\u0119skite galvos\u016bkius, sekite u\u017euominas ir savo tempu atskleiskite \u017eudik\u0105!\",\"breadcrumb\":{\"@id\":\"https:\/\/testwebsite.citygame.com\/lt\/games\/mainz\/sherlock-holmes-mainz\/#breadcrumb\"},\"inLanguage\":\"lt-LT\",\"potentialAction\":[{\"@type\":\"ReadAction\",\"target\":[\"https:\/\/testwebsite.citygame.com\/lt\/games\/mainz\/sherlock-holmes-mainz\/\"]}]},{\"@type\":\"ImageObject\",\"inLanguage\":\"lt-LT\",\"@id\":\"https:\/\/testwebsite.citygame.com\/lt\/games\/mainz\/sherlock-holmes-mainz\/#primaryimage\",\"url\":\"https:\/\/testwebsite.citygame.com\/wp-content\/blogs.dir\/1\/files\/sites\/62\/2026\/02\/group-of-friends-playing-city-game-mainz-brand-passage.jpg\",\"contentUrl\":\"https:\/\/testwebsite.citygame.com\/wp-content\/blogs.dir\/1\/files\/sites\/62\/2026\/02\/group-of-friends-playing-city-game-mainz-brand-passage.jpg\",\"width\":1024,\"height\":1024,\"caption\":\"A group of young adults collaborates while looking at a smartphone in a covered passageway in Mainz.\"},{\"@type\":\"BreadcrumbList\",\"@id\":\"https:\/\/testwebsite.citygame.com\/lt\/games\/mainz\/sherlock-holmes-mainz\/#breadcrumb\",\"itemListElement\":[{\"@type\":\"ListItem\",\"position\":1,\"name\":\"Home\",\"item\":\"https:\/\/testwebsite.citygame.com\/lt\/\"},{\"@type\":\"ListItem\",\"position\":2,\"name\":\"Shop\",\"item\":\"https:\/\/testwebsite.citygame.com\/shop\/\"},{\"@type\":\"ListItem\",\"position\":3,\"name\":\"Sherlock Holmes Mainz\"}]},{\"@type\":\"WebSite\",\"@id\":\"https:\/\/testwebsite.upevents.nl\/#website\",\"url\":\"https:\/\/testwebsite.upevents.nl\/\",\"name\":\"City Game\",\"description\":\"\",\"publisher\":{\"@id\":\"https:\/\/testwebsite.upevents.nl\/#organization\"},\"alternateName\":\"citygame.com\",\"potentialAction\":[{\"@type\":\"SearchAction\",\"target\":{\"@type\":\"EntryPoint\",\"urlTemplate\":\"https:\/\/testwebsite.upevents.nl\/?s={search_term_string}\"},\"query-input\":{\"@type\":\"PropertyValueSpecification\",\"valueRequired\":true,\"valueName\":\"search_term_string\"}}],\"inLanguage\":\"lt-LT\"},{\"@type\":[\"Organization\",\"Place\"],\"@id\":\"https:\/\/testwebsite.upevents.nl\/#organization\",\"name\":\"City Game\",\"alternateName\":\"citygame.com\",\"url\":\"https:\/\/testwebsite.upevents.nl\/\",\"logo\":{\"@id\":\"https:\/\/testwebsite.citygame.com\/lt\/games\/mainz\/sherlock-holmes-mainz\/#local-main-organization-logo\"},\"image\":{\"@id\":\"https:\/\/testwebsite.citygame.com\/lt\/games\/mainz\/sherlock-holmes-mainz\/#local-main-organization-logo\"},\"sameAs\":[\"https:\/\/www.facebook.com\/profile.php?id=100086426226253\",\"https:\/\/www.instagram.com\/citygame_com\",\"https:\/\/www.tiktok.com\/@citygamecom\/\",\"https:\/\/www.linkedin.com\/company\/citygame-com\"],\"description\":\"Turn any city into a playground with our interactive City Games and self-guided tours. Fun, flexible, and ideal for groups and team building.\",\"telephone\":[],\"openingHoursSpecification\":[{\"@type\":\"OpeningHoursSpecification\",\"dayOfWeek\":[\"Monday\",\"Tuesday\",\"Wednesday\",\"Thursday\",\"Friday\",\"Saturday\",\"Sunday\"],\"opens\":\"09:00\",\"closes\":\"17:00\"}]},{\"@type\":\"ImageObject\",\"inLanguage\":\"lt-LT\",\"@id\":\"https:\/\/testwebsite.citygame.com\/lt\/games\/mainz\/sherlock-holmes-mainz\/#local-main-organization-logo\",\"url\":\"https:\/\/testwebsite.citygame.com\/wp-content\/blogs.dir\/1\/files\/sites\/62\/2025\/10\/CG_LOGO-City-Game.png\",\"contentUrl\":\"https:\/\/testwebsite.citygame.com\/wp-content\/blogs.dir\/1\/files\/sites\/62\/2025\/10\/CG_LOGO-City-Game.png\",\"width\":351,\"height\":377,\"caption\":\"City Game\"}]}<\/script>\n<!-- \/ Yoast SEO Premium plugin. -->","yoast_head_json":{"title":"Sherlock Holmes Mainz - City Game","description":"Sherlock Holmes Mainz. \u017daiskite savaranki\u0161k\u0105 \u017emog\u017eudyst\u0117s paslapties City Game, spr\u0119skite galvos\u016bkius, sekite u\u017euominas ir savo tempu atskleiskite \u017eudik\u0105!","robots":{"index":"noindex","follow":"follow","max-snippet":"max-snippet:-1","max-image-preview":"max-image-preview:large","max-video-preview":"max-video-preview:-1"},"og_locale":"lt_LT","og_type":"article","og_title":"Sherlock Holmes Mainz","og_description":"Sherlock Holmes Mainz. \u017daiskite savaranki\u0161k\u0105 \u017emog\u017eudyst\u0117s paslapties City Game, spr\u0119skite galvos\u016bkius, sekite u\u017euominas ir savo tempu atskleiskite \u017eudik\u0105!","og_url":"https:\/\/testwebsite.citygame.com\/lt\/games\/mainz\/sherlock-holmes-mainz\/","og_site_name":"City Game","article_publisher":"https:\/\/www.facebook.com\/profile.php?id=100086426226253","article_modified_time":"2026-04-07T15:39:28+00:00","og_image":[{"width":1024,"height":1024,"url":"https:\/\/testwebsite.citygame.com\/wp-content\/blogs.dir\/1\/files\/sites\/62\/2026\/02\/group-of-friends-playing-city-game-mainz-brand-passage.jpg","type":"image\/jpeg"}],"twitter_card":"summary_large_image","schema":{"@context":"https:\/\/schema.org","@graph":[{"@type":"WebPage","@id":"https:\/\/testwebsite.citygame.com\/lt\/games\/mainz\/sherlock-holmes-mainz\/","url":"https:\/\/testwebsite.citygame.com\/lt\/games\/mainz\/sherlock-holmes-mainz\/","name":"Sherlock Holmes Mainz - City Game","isPartOf":{"@id":"https:\/\/testwebsite.upevents.nl\/#website"},"primaryImageOfPage":{"@id":"https:\/\/testwebsite.citygame.com\/lt\/games\/mainz\/sherlock-holmes-mainz\/#primaryimage"},"image":{"@id":"https:\/\/testwebsite.citygame.com\/lt\/games\/mainz\/sherlock-holmes-mainz\/#primaryimage"},"thumbnailUrl":"https:\/\/testwebsite.citygame.com\/wp-content\/blogs.dir\/1\/files\/sites\/62\/2026\/02\/group-of-friends-playing-city-game-mainz-brand-passage.jpg","datePublished":"2026-02-12T22:02:30+00:00","dateModified":"2026-04-07T15:39:28+00:00","description":"Sherlock Holmes Mainz. \u017daiskite savaranki\u0161k\u0105 \u017emog\u017eudyst\u0117s paslapties City Game, spr\u0119skite galvos\u016bkius, sekite u\u017euominas ir savo tempu atskleiskite \u017eudik\u0105!","breadcrumb":{"@id":"https:\/\/testwebsite.citygame.com\/lt\/games\/mainz\/sherlock-holmes-mainz\/#breadcrumb"},"inLanguage":"lt-LT","potentialAction":[{"@type":"ReadAction","target":["https:\/\/testwebsite.citygame.com\/lt\/games\/mainz\/sherlock-holmes-mainz\/"]}]},{"@type":"ImageObject","inLanguage":"lt-LT","@id":"https:\/\/testwebsite.citygame.com\/lt\/games\/mainz\/sherlock-holmes-mainz\/#primaryimage","url":"https:\/\/testwebsite.citygame.com\/wp-content\/blogs.dir\/1\/files\/sites\/62\/2026\/02\/group-of-friends-playing-city-game-mainz-brand-passage.jpg","contentUrl":"https:\/\/testwebsite.citygame.com\/wp-content\/blogs.dir\/1\/files\/sites\/62\/2026\/02\/group-of-friends-playing-city-game-mainz-brand-passage.jpg","width":1024,"height":1024,"caption":"A group of young adults collaborates while looking at a smartphone in a covered passageway in Mainz."},{"@type":"BreadcrumbList","@id":"https:\/\/testwebsite.citygame.com\/lt\/games\/mainz\/sherlock-holmes-mainz\/#breadcrumb","itemListElement":[{"@type":"ListItem","position":1,"name":"Home","item":"https:\/\/testwebsite.citygame.com\/lt\/"},{"@type":"ListItem","position":2,"name":"Shop","item":"https:\/\/testwebsite.citygame.com\/shop\/"},{"@type":"ListItem","position":3,"name":"Sherlock Holmes Mainz"}]},{"@type":"WebSite","@id":"https:\/\/testwebsite.upevents.nl\/#website","url":"https:\/\/testwebsite.upevents.nl\/","name":"City Game","description":"","publisher":{"@id":"https:\/\/testwebsite.upevents.nl\/#organization"},"alternateName":"citygame.com","potentialAction":[{"@type":"SearchAction","target":{"@type":"EntryPoint","urlTemplate":"https:\/\/testwebsite.upevents.nl\/?s={search_term_string}"},"query-input":{"@type":"PropertyValueSpecification","valueRequired":true,"valueName":"search_term_string"}}],"inLanguage":"lt-LT"},{"@type":["Organization","Place"],"@id":"https:\/\/testwebsite.upevents.nl\/#organization","name":"City Game","alternateName":"citygame.com","url":"https:\/\/testwebsite.upevents.nl\/","logo":{"@id":"https:\/\/testwebsite.citygame.com\/lt\/games\/mainz\/sherlock-holmes-mainz\/#local-main-organization-logo"},"image":{"@id":"https:\/\/testwebsite.citygame.com\/lt\/games\/mainz\/sherlock-holmes-mainz\/#local-main-organization-logo"},"sameAs":["https:\/\/www.facebook.com\/profile.php?id=100086426226253","https:\/\/www.instagram.com\/citygame_com","https:\/\/www.tiktok.com\/@citygamecom\/","https:\/\/www.linkedin.com\/company\/citygame-com"],"description":"Turn any city into a playground with our interactive City Games and self-guided tours. Fun, flexible, and ideal for groups and team building.","telephone":[],"openingHoursSpecification":[{"@type":"OpeningHoursSpecification","dayOfWeek":["Monday","Tuesday","Wednesday","Thursday","Friday","Saturday","Sunday"],"opens":"09:00","closes":"17:00"}]},{"@type":"ImageObject","inLanguage":"lt-LT","@id":"https:\/\/testwebsite.citygame.com\/lt\/games\/mainz\/sherlock-holmes-mainz\/#local-main-organization-logo","url":"https:\/\/testwebsite.citygame.com\/wp-content\/blogs.dir\/1\/files\/sites\/62\/2025\/10\/CG_LOGO-City-Game.png","contentUrl":"https:\/\/testwebsite.citygame.com\/wp-content\/blogs.dir\/1\/files\/sites\/62\/2025\/10\/CG_LOGO-City-Game.png","width":351,"height":377,"caption":"City Game"}]}},"taxonomy_info":{"game-concept":[{"value":783,"label":"Sherlock"}],"location":[{"value":259,"label":"Mainz"}],"product_cat":[{"value":27,"label":"Geen categorie"}]},"featured_image_src_large":["https:\/\/testwebsite.citygame.com\/wp-content\/blogs.dir\/1\/files\/sites\/62\/2026\/02\/group-of-friends-playing-city-game-mainz-brand-passage.jpg",1024,1024,false],"author_info":[],"comment_info":"","_links":{"self":[{"href":"https:\/\/testwebsite.citygame.com\/lt\/wp-json\/wp\/v2\/product\/52845","targetHints":{"allow":["GET"]}}],"collection":[{"href":"https:\/\/testwebsite.citygame.com\/lt\/wp-json\/wp\/v2\/product"}],"about":[{"href":"https:\/\/testwebsite.citygame.com\/lt\/wp-json\/wp\/v2\/types\/product"}],"acf:post":[{"embeddable":true,"href":"https:\/\/testwebsite.citygame.com\/lt\/wp-json\/wp\/v2\/pages\/5073"}],"wp:featuredmedia":[{"embeddable":true,"href":"https:\/\/testwebsite.citygame.com\/lt\/wp-json\/wp\/v2\/media\/13309"}],"wp:attachment":[{"href":"https:\/\/testwebsite.citygame.com\/lt\/wp-json\/wp\/v2\/media?parent=52845"}],"wp:term":[{"taxonomy":"game-concept","embeddable":true,"href":"https:\/\/testwebsite.citygame.com\/lt\/wp-json\/wp\/v2\/game-concept?post=52845"},{"taxonomy":"location","embeddable":true,"href":"https:\/\/testwebsite.citygame.com\/lt\/wp-json\/wp\/v2\/location?post=52845"},{"taxonomy":"product_brand","embeddable":true,"href":"https:\/\/testwebsite.citygame.com\/lt\/wp-json\/wp\/v2\/product_brand?post=52845"},{"taxonomy":"product_cat","embeddable":true,"href":"https:\/\/testwebsite.citygame.com\/lt\/wp-json\/wp\/v2\/product_cat?post=52845"},{"taxonomy":"product_tag","embeddable":true,"href":"https:\/\/testwebsite.citygame.com\/lt\/wp-json\/wp\/v2\/product_tag?post=52845"}],"curies":[{"name":"wp","href":"https:\/\/api.w.org\/{rel}","templated":true}]}}