{"id":56246,"date":"2026-01-13T15:37:58","date_gmt":"2026-01-13T15:37:58","guid":{"rendered":"https:\/\/testwebsite.citygame.com\/games\/unknown-location\/secrets-of-vasteras\/"},"modified":"2026-04-07T22:22:41","modified_gmt":"2026-04-07T22:22:41","slug":"secrets-of-vasteras","status":"publish","type":"product","link":"https:\/\/testwebsite.citygame.com\/ko\/games\/vasteras\/secrets-of-vasteras\/","title":{"rendered":"Secrets of Vasteras"},"content":{"rendered":"<p>\uc2dc\ud2f0 \uac8c\uc784 \ubca0\uc2a4\ud14c\ub85c\uc2a4\ub294 \ubca0\uc2a4\ud14c\ub85c\uc2a4 \uc2dc\ub0b4 \uc911\uc2ec\uc5d0\uc11c \uc9c4\ud589\ub418\ub294 \uc140\ud504 \uac00\uc774\ub4dc \ub3c4\uc2dc \uac8c\uc784\uc785\ub2c8\ub2e4. \ucc38\uac00\uc790\ub4e4\uc740 \uc2a4\ub9c8\ud2b8\ud3f0\uc758 GPS \uae30\ubc18 \uac8c\uc784 \uc571\uc744 \uc0ac\uc6a9\ud558\uc5ec \ud37c\uc990, \uc218\uc218\uaed8\ub07c, \uc0ac\uc9c4 \ucc4c\ub9b0\uc9c0\ub97c \ud480\uba74\uc11c \uc9c0\uc5ed\uc744 \ud0d0\ud5d8\ud569\ub2c8\ub2e4. \ud0d0\ud5d8\ud558\ub294 \ub3d9\uc548, \ucc38\uac00\uc790\ub4e4\uc740 \ubca0\uc2a4\ud14c\ub85c\uc2a4\uc758 \ubb38\ud654\uc801 \uce21\uba74, \uc9c0\uc5ed \uc774\uc57c\uae30, \uadf8\ub9ac\uace0 \uc790\uce6b \ub193\uce60 \uc218 \uc788\ub294 \uc228\uaca8\uc9c4 \ub514\ud14c\uc77c\ub4e4\uc744 \ubc1c\uacac\ud558\uac8c \ub429\ub2c8\ub2e4. \uc774 \ud0d0\ud5d8 \uac8c\uc784\uc740 \ubc29\ubb38\uac1d\uc774\ub4e0 \ud604\uc9c0\uc778\uc774\ub4e0 \ub3c4\uc2dc\ub97c \uc720\uc5f0\ud558\uace0 \ub9e4\ub825\uc801\uc778 \ubc29\uc2dd\uc73c\ub85c \uacbd\ud5d8\ud560 \uc218 \uc788\ub294 \uae30\ud68c\ub97c \uc81c\uacf5\ud569\ub2c8\ub2e4. \ud63c\uc790\uc11c \ud50c\ub808\uc774\ud558\ub294 \uc0ac\ub78c, \ucee4\ud50c, \uac00\uc871, \uce5c\uad6c \uadf8\ub8f9 \ubaa8\ub450\uc5d0\uac8c \uc801\ud569\ud55c \uc2dc\ud2f0 \uac8c\uc784 \ubca0\uc2a4\ud14c\ub85c\uc2a4\ub294 \ub3c4\uc2dc \ud48d\uacbd\uacfc \uc0c1\ud638\uc791\uc6a9\ud558\ub294 \uc7ac\ubbf8\uc788\ub294 \ubc29\ubc95\uc744 \uc120\uc0ac\ud569\ub2c8\ub2e4.<\/p>\n","protected":false},"excerpt":{"rendered":"<p>\ubca0\uc2a4\ud14c\ub85c\uc2a4\uc758 \ubc14\uc774\ud0b9 \uc815\uc2e0\uc744 \uae68\uc6cc\ubcf4\uc138\uc694! \uace0\ub300 \uc804\uc124\uacfc \ud604\ub300\uc801\uc778 \ub9e4\ub825\uc774 \uacf5\uc874\ud558\ub294 \ub3c4\uc2dc\ub85c \ub4e4\uc5b4\uac00, \uc5d0\ub9ad \uc2a4\ud1b0\ube44\uc5b4\ub4dc \uc2a4\uce7c\ub4dc\uc190\uc774 \ub05d\uc5c6\ub294 \ud658\ud638\uc758 \ubfd4\uc744 \ub418\ucc3e\uace0 \uc2a4\uc6e8\ub374\uc758 \uc6a9\uac10\ud588\ub358 \uacfc\uac70\uc758 \uc2ec\uc7a5\uc744 \uae68\uc6b8 \uc218 \uc788\ub3c4\ub85d \ub2e8\uc11c\ub97c \ud480\uc5b4\ubcf4\uc138\uc694.<\/p>\n","protected":false},"featured_media":3841,"template":"","meta":{"_acf_changed":false,"_yoast_wpseo_focuskw":"Secrets of Vasteras","_yoast_wpseo_metadesc":"Secrets of Vasteras. \uc140\ud504 \uac00\uc774\ub4dc \uc2dc\ud2f0 \uac8c\uc784\uc744 \ud50c\ub808\uc774\ud558\uba70 \ud37c\uc990, \uc218\uc218\uaed8\ub07c, \ucc4c\ub9b0\uc9c0\ub97c \ud1b5\ud574 \ub3c4\uc2dc\ub97c \ud0d0\ud5d8\ud558\uc138\uc694. \uc790\uc2e0\ub9cc\uc758 \uc18d\ub3c4\ub85c \ud50c\ub808\uc774\ud558\uace0 \ud604\uc9c0\uc778\ucc98\ub7fc \ubc1c\uacac\ud574\ubcf4\uc138\uc694!","_kad_blocks_custom_css":"","_kad_blocks_head_custom_js":"","_kad_blocks_body_custom_js":"","_kad_blocks_footer_custom_js":"","ghostkit_customizer_options":"","ghostkit_custom_css":"","ghostkit_custom_js_head":"","ghostkit_custom_js_foot":"","ghostkit_typography":"","_kad_post_transparent":"","_kad_post_title":"","_kad_post_layout":"","_kad_post_sidebar_id":"","_kad_post_content_style":"","_kad_post_vertical_padding":"","_kad_post_feature":"","_kad_post_feature_position":"","_kad_post_header":false,"_kad_post_footer":false,"_kad_post_classname":"","_links_to":"","_links_to_target":""},"game-concept":[721],"location":[417],"product_brand":[],"product_cat":[27],"product_tag":[],"class_list":{"0":"post-56246","1":"product","2":"type-product","3":"status-publish","4":"has-post-thumbnail","6":"game-concept-secrets","7":"location-vasteras","8":"product_cat-geen-categorie","10":"first","11":"instock","12":"shipping-taxable","13":"purchasable","14":"product-type-simple","15":"entry","16":"content-bg","17":"loop-entry"},"acf":{"full_bokun_product_name":"Self-Guided Secrets of V\u00e4ster\u00e5s Exploration Game","location_name":"Vasteras","bokun_calendar_widget_code":"<script type=\"text\/javascript\" src=\"https:\/\/widgets.bokun.io\/assets\/javascripts\/apps\/build\/BokunWidgetsLoader.js?bookingChannelUUID=a1e93e96-5232-4734-a595-28405f4b5a31\" async><\/script>\n     \n    <div class=\"bokunWidget\" data-src=\"https:\/\/widgets.bokun.io\/online-sales\/a1e93e96-5232-4734-a595-28405f4b5a31\/experience-calendar\/1096709\"><\/div>\n    <noscript>Please enable javascript in your browser to book<\/noscript>","bokun_button_widget_code":"<script type=\"text\/javascript\" src=\"https:\/\/widgets.bokun.io\/assets\/javascripts\/apps\/build\/BokunWidgetsLoader.js?bookingChannelUUID=a1e93e96-5232-4734-a595-28405f4b5a31\" async><\/script>\n      <style> #bokun_ed001e45_5927_4f62_b470_ca766338d083 { display: inline-block; padding: .4em 1em; background: #47b82e; border-radius: 999999px; box-shadow: none; font-weight: 600; font-size: 24px; text-decoration: none; text-align: center; color: #FFFFFF; border:none; cursor: pointer; transition: background .2s ease; } #bokun_ed001e45_5927_4f62_b470_ca766338d083:hover{ background: #2f7b1f; } #bokun_ed001e45_5927_4f62_b470_ca766338d083:active{ background: #378f24; } <\/style> <button class=\"bokunButton\" disabled id=bokun_ed001e45_5927_4f62_b470_ca766338d083 data-src=\"https:\/\/widgets.bokun.io\/online-sales\/a1e93e96-5232-4734-a595-28405f4b5a31\/experience-calendar\/1096709?partialView=1\" data-testid=\"widget-book-button\" > Book now <\/button> ","what_you\u2019ll_experience_during_the_game":"\u2018\ubca0\uc2a4\ud14c\ub85c\uc2a4\uc758 \ube44\ubc00\u2019 \uc2dc\ud2f0 \uac8c\uc784\uc744 \ud50c\ub808\uc774\ud558\ub294 \ub3d9\uc548, \uc2a4\ud1a0\ub9ac\ud154\ub9c1, \ub2e8\uc11c, \ubc1c\uacac\uc758 \uc870\ud569\uc744 \ud1b5\ud574 \ub3c4\uc2dc\ub97c \ud0d0\ud5d8\ud558\uac8c \ub429\ub2c8\ub2e4. \uac8c\uc784\uc774 \uc0c1\uc9d5\uc801\uc778 \uc7a5\uc18c\uc640 \uc228\uaca8\uc9c4 \uc7a5\uc18c \ubaa8\ub450\ub97c \uc548\ub0b4\ud558\uba70, \ubca0\uc2a4\ud14c\ub85c\uc2a4\uc758 \ud48d\ubd80\ud55c \ubb38\ud654\ub97c \uc0c8\ub85c\uc6b4 \uad00\uc810\uc5d0\uc11c \uacbd\ud5d8\ud558\uac8c \ub420 \uac83\uc785\ub2c8\ub2e4. \uac00\ub294 \uae38\uc5d0 \ubca0\uc2a4\ud14c\ub85c\uc2a4 \ub300\uc131\ub2f9 \ubc16\uc5d0 \uc11c \uc788\uac70\ub098, \uc2a4\ud1a0\ub974\ube0c\ub860\uc758 \uc624\ub798\ub41c \ub3cc \uc544\uce58\uad50\ub97c \uac74\ub108\uac70\ub098, \ubca0\uc2a4\ud14c\ub85c\uc2a4 \ucf58\uc2a4\ud2b8\ud560\uc758 \uc778\uc0c1\uc801\uc778 \ubcbd\uc744 \uc9c0\ub098\uac8c \ub420 \uc218\ub3c4 \uc788\uc2b5\ub2c8\ub2e4. Karlsgatan 2\uc640 V\u00e4xhuset \uac19\uc740 \uc9c0\uc5ed \ub79c\ub4dc\ub9c8\ud06c\ub4e4\ub3c4 \uc2dc\uc57c\uc5d0 \ub4e4\uc5b4\uc640, \uc608\uc220, \uc5ed\uc0ac, \uadf8\ub9ac\uace0 \uc77c\uc0c1\uc0dd\ud65c\uc744 \ud1b5\ud574 \ub3c4\uc2dc\ub97c \uc774\ud574\ud558\ub294 \ub370 \ub3c4\uc6c0\uc744 \uc90d\ub2c8\ub2e4.\n\n\ubca0\uc2a4\ud14c\ub85c\uc2a4\ub97c \ud0d0\uc0c9\ud558\ub294 \ub3d9\uc548, \uc7a5\uc18c\ub4e4\uc744 \uc0dd\uc0dd\ud558\uac8c \ub9cc\ub4dc\ub294 \ud37c\uc990, \uc218\uc218\uaed8\ub07c, \uadf8\ub9ac\uace0 \ucc3d\uc758\uc801\uc778 \ucc4c\ub9b0\uc9c0\ub4e4\uc744 \ud480\uac8c \ub429\ub2c8\ub2e4. \uac01\uac01\uc758 \uc784\ubb34\ub294 \uc810\uc218\ub97c \ud68d\ub4dd\ud558\uace0, \ud78c\ud2b8\ub97c \uc81c\uacf5\ud558\uba70, \uacbd\ub85c\uc5d0 \uc5bd\ud78c \ucd5c\uc885 \ubbf8\uc2a4\ud130\ub9ac\ub97c \ud574\uacb0\ud558\ub294 \ub370 \ub354 \uac00\uae4c\uc774 \ub2e4\uac00\uac00\uac8c \ud569\ub2c8\ub2e4. \uc6d0\ud560 \ub54c \uc5b8\uc81c\ub4e0\uc9c0 \uba48\ucd94\uace0 \ub2e4\uc2dc \uc2dc\uc791\ud560 \uc218 \uc788\uc5b4, \uc790\uc2e0\ub9cc\uc758 \uc18d\ub3c4\ub85c \ub3c4\uc2dc\ub97c \uc990\uae38 \uc218 \uc788\uc2b5\ub2c8\ub2e4. \uc57d\uac04\uc758 \uc120\uc758\uc758 \uacbd\uc7c1\uc744 \uc990\uae30\ub294 \uc0ac\ub78c\ub4e4\uc744 \uc704\ud574, \ub9ac\ub354\ubcf4\ub4dc\ub294 \uc774 \ud0d0\ud5d8 \uac8c\uc784 \uc911\uc5d0 \ucd94\uac00\uc801\uc778 \ub3d9\uae30\ub97c \ubd80\uc5ec\ud569\ub2c8\ub2e4.","how_to_play":"\uc2dc\ud2f0 \uac8c\uc784 \ubca0\uc2a4\ud14c\ub85c\uc2a4\ub97c \uc608\uc57d\ud558\uc2dc\uba74, \ubc14\ub85c \ud50c\ub808\uc774\ud560 \uc218 \uc788\ub294 \ub9c1\ud06c\uac00 \ud3ec\ud568\ub41c \uc774\uba54\uc77c\uc744 \ubc1b\uac8c \ub429\ub2c8\ub2e4. \uac04\ub2e8\ud788 \ucd9c\ubc1c \uc9c0\uc810\uc778 \ubca0\uc2a4\ud14c\ub85c\uc2a4 \ucf58\uc2a4\ud2b8\ubb34\uc138\uc6c0(V\u00e4ster\u00e5s Konstmuseum, \uc608\uc220\uc758 \uc9d1)\uc73c\ub85c \uac00\uc11c \ud734\ub300\ud3f0\uc73c\ub85c \uac8c\uc784\uc744 \uc2dc\uc791\ud558\uc138\uc694. \uadf8\uacf3\uc5d0\uc11c\ubd80\ud130 GPS \uacbd\ub85c\ub97c \ub530\ub77c\uac00\uace0, \uc784\ubb34\ub97c \ud574\uacb0\ud558\uba70, \uc790\uc2e0\ub9cc\uc758 \uc18d\ub3c4\ub85c \ud0d0\ud5d8\ud558\uc138\uc694. \uc5b8\uc81c\ub4e0\uc9c0 \uac8c\uc784\uc744 \uc77c\uc2dc \uc911\uc9c0\ud558\uace0 \ub098\uc911\uc5d0 \uacc4\uc18d\ud560 \uc218 \uc788\uc2b5\ub2c8\ub2e4. \ubaa8\ud5d8\uc740 \ub2f9\uc2e0\uc744 \uae30\ub2e4\ub9bd\ub2c8\ub2e4.","start_location":"V\u00e4ster\u00e5s, V\u00e4ster\u00e5s Konstmuseum","available_languages":[],"players_per_group":"1-4","duration":"1.5-2 hours","image_overlay_color_image":"https:\/\/testwebsite.citygame.com\/wp-content\/blogs.dir\/1\/files\/sites\/62\/2026\/01\/SecretsColor.svg","image_overlay_game_logo":"https:\/\/testwebsite.citygame.com\/wp-content\/blogs.dir\/1\/files\/sites\/62\/2026\/01\/SecretsLogo.png","city_page":7563,"woocommerce_general_content":null},"yoast_head":"<!-- This site is optimized with the Yoast SEO Premium plugin v26.2 (Yoast SEO v26.3) - https:\/\/yoast.com\/wordpress\/plugins\/seo\/ -->\n<title>Secrets of Vasteras - City Game<\/title>\n<meta name=\"description\" content=\"Secrets of Vasteras. \uc140\ud504 \uac00\uc774\ub4dc \uc2dc\ud2f0 \uac8c\uc784\uc744 \ud50c\ub808\uc774\ud558\uba70 \ud37c\uc990, \uc218\uc218\uaed8\ub07c, \ucc4c\ub9b0\uc9c0\ub97c \ud1b5\ud574 \ub3c4\uc2dc\ub97c \ud0d0\ud5d8\ud558\uc138\uc694. \uc790\uc2e0\ub9cc\uc758 \uc18d\ub3c4\ub85c \ud50c\ub808\uc774\ud558\uace0 \ud604\uc9c0\uc778\ucc98\ub7fc \ubc1c\uacac\ud574\ubcf4\uc138\uc694!\" \/>\n<meta name=\"robots\" content=\"noindex, follow, max-snippet:-1, max-image-preview:large, max-video-preview:-1\" \/>\n<meta property=\"og:locale\" content=\"ko_KR\" \/>\n<meta property=\"og:type\" content=\"article\" \/>\n<meta property=\"og:title\" content=\"Secrets of Vasteras\" \/>\n<meta property=\"og:description\" content=\"Secrets of Vasteras. \uc140\ud504 \uac00\uc774\ub4dc \uc2dc\ud2f0 \uac8c\uc784\uc744 \ud50c\ub808\uc774\ud558\uba70 \ud37c\uc990, \uc218\uc218\uaed8\ub07c, \ucc4c\ub9b0\uc9c0\ub97c \ud1b5\ud574 \ub3c4\uc2dc\ub97c \ud0d0\ud5d8\ud558\uc138\uc694. \uc790\uc2e0\ub9cc\uc758 \uc18d\ub3c4\ub85c \ud50c\ub808\uc774\ud558\uace0 \ud604\uc9c0\uc778\ucc98\ub7fc \ubc1c\uacac\ud574\ubcf4\uc138\uc694!\" \/>\n<meta property=\"og:url\" content=\"https:\/\/testwebsite.citygame.com\/ko\/games\/vasteras\/secrets-of-vasteras\/\" \/>\n<meta property=\"og:site_name\" content=\"City Game\" \/>\n<meta property=\"article:publisher\" content=\"https:\/\/www.facebook.com\/profile.php?id=100086426226253\" \/>\n<meta property=\"article:modified_time\" content=\"2026-04-07T22:22:41+00:00\" \/>\n<meta property=\"og:image\" content=\"https:\/\/testwebsite.citygame.com\/wp-content\/blogs.dir\/1\/files\/sites\/62\/2026\/01\/group-of-friends-playing-city-game-on-phone-by-canal-vasteras.jpg\" \/>\n\t<meta property=\"og:image:width\" content=\"864\" \/>\n\t<meta property=\"og:image:height\" content=\"1184\" \/>\n\t<meta property=\"og:image:type\" content=\"image\/jpeg\" \/>\n<meta name=\"twitter:card\" content=\"summary_large_image\" \/>\n<script type=\"application\/ld+json\" class=\"yoast-schema-graph\">{\"@context\":\"https:\/\/schema.org\",\"@graph\":[{\"@type\":\"WebPage\",\"@id\":\"https:\/\/testwebsite.citygame.com\/ko\/games\/vasteras\/secrets-of-vasteras\/\",\"url\":\"https:\/\/testwebsite.citygame.com\/ko\/games\/vasteras\/secrets-of-vasteras\/\",\"name\":\"Secrets of Vasteras - City Game\",\"isPartOf\":{\"@id\":\"https:\/\/testwebsite.upevents.nl\/#website\"},\"primaryImageOfPage\":{\"@id\":\"https:\/\/testwebsite.citygame.com\/ko\/games\/vasteras\/secrets-of-vasteras\/#primaryimage\"},\"image\":{\"@id\":\"https:\/\/testwebsite.citygame.com\/ko\/games\/vasteras\/secrets-of-vasteras\/#primaryimage\"},\"thumbnailUrl\":\"https:\/\/testwebsite.citygame.com\/wp-content\/blogs.dir\/1\/files\/sites\/62\/2026\/01\/group-of-friends-playing-city-game-on-phone-by-canal-vasteras.jpg\",\"datePublished\":\"2026-01-13T15:37:58+00:00\",\"dateModified\":\"2026-04-07T22:22:41+00:00\",\"description\":\"Secrets of Vasteras. \uc140\ud504 \uac00\uc774\ub4dc \uc2dc\ud2f0 \uac8c\uc784\uc744 \ud50c\ub808\uc774\ud558\uba70 \ud37c\uc990, \uc218\uc218\uaed8\ub07c, \ucc4c\ub9b0\uc9c0\ub97c \ud1b5\ud574 \ub3c4\uc2dc\ub97c \ud0d0\ud5d8\ud558\uc138\uc694. \uc790\uc2e0\ub9cc\uc758 \uc18d\ub3c4\ub85c \ud50c\ub808\uc774\ud558\uace0 \ud604\uc9c0\uc778\ucc98\ub7fc \ubc1c\uacac\ud574\ubcf4\uc138\uc694!\",\"breadcrumb\":{\"@id\":\"https:\/\/testwebsite.citygame.com\/ko\/games\/vasteras\/secrets-of-vasteras\/#breadcrumb\"},\"inLanguage\":\"ko-KR\",\"potentialAction\":[{\"@type\":\"ReadAction\",\"target\":[\"https:\/\/testwebsite.citygame.com\/ko\/games\/vasteras\/secrets-of-vasteras\/\"]}]},{\"@type\":\"ImageObject\",\"inLanguage\":\"ko-KR\",\"@id\":\"https:\/\/testwebsite.citygame.com\/ko\/games\/vasteras\/secrets-of-vasteras\/#primaryimage\",\"url\":\"https:\/\/testwebsite.citygame.com\/wp-content\/blogs.dir\/1\/files\/sites\/62\/2026\/01\/group-of-friends-playing-city-game-on-phone-by-canal-vasteras.jpg\",\"contentUrl\":\"https:\/\/testwebsite.citygame.com\/wp-content\/blogs.dir\/1\/files\/sites\/62\/2026\/01\/group-of-friends-playing-city-game-on-phone-by-canal-vasteras.jpg\",\"width\":864,\"height\":1184,\"caption\":\"A group of friends explores the historic city center of Vasteras with a mobile game.\"},{\"@type\":\"BreadcrumbList\",\"@id\":\"https:\/\/testwebsite.citygame.com\/ko\/games\/vasteras\/secrets-of-vasteras\/#breadcrumb\",\"itemListElement\":[{\"@type\":\"ListItem\",\"position\":1,\"name\":\"Home\",\"item\":\"https:\/\/testwebsite.citygame.com\/ko\/\"},{\"@type\":\"ListItem\",\"position\":2,\"name\":\"Shop\",\"item\":\"https:\/\/testwebsite.citygame.com\/shop\/\"},{\"@type\":\"ListItem\",\"position\":3,\"name\":\"Secrets of Vasteras\"}]},{\"@type\":\"WebSite\",\"@id\":\"https:\/\/testwebsite.upevents.nl\/#website\",\"url\":\"https:\/\/testwebsite.upevents.nl\/\",\"name\":\"City Game\",\"description\":\"\",\"publisher\":{\"@id\":\"https:\/\/testwebsite.upevents.nl\/#organization\"},\"alternateName\":\"citygame.com\",\"potentialAction\":[{\"@type\":\"SearchAction\",\"target\":{\"@type\":\"EntryPoint\",\"urlTemplate\":\"https:\/\/testwebsite.upevents.nl\/?s={search_term_string}\"},\"query-input\":{\"@type\":\"PropertyValueSpecification\",\"valueRequired\":true,\"valueName\":\"search_term_string\"}}],\"inLanguage\":\"ko-KR\"},{\"@type\":[\"Organization\",\"Place\"],\"@id\":\"https:\/\/testwebsite.upevents.nl\/#organization\",\"name\":\"City Game\",\"alternateName\":\"citygame.com\",\"url\":\"https:\/\/testwebsite.upevents.nl\/\",\"logo\":{\"@id\":\"https:\/\/testwebsite.citygame.com\/ko\/games\/vasteras\/secrets-of-vasteras\/#local-main-organization-logo\"},\"image\":{\"@id\":\"https:\/\/testwebsite.citygame.com\/ko\/games\/vasteras\/secrets-of-vasteras\/#local-main-organization-logo\"},\"sameAs\":[\"https:\/\/www.facebook.com\/profile.php?id=100086426226253\",\"https:\/\/www.instagram.com\/citygame_com\",\"https:\/\/www.tiktok.com\/@citygamecom\/\",\"https:\/\/www.linkedin.com\/company\/citygame-com\"],\"description\":\"Turn any city into a playground with our interactive City Games and self-guided tours. Fun, flexible, and ideal for groups and team building.\",\"telephone\":[],\"openingHoursSpecification\":[{\"@type\":\"OpeningHoursSpecification\",\"dayOfWeek\":[\"Monday\",\"Tuesday\",\"Wednesday\",\"Thursday\",\"Friday\",\"Saturday\",\"Sunday\"],\"opens\":\"09:00\",\"closes\":\"17:00\"}]},{\"@type\":\"ImageObject\",\"inLanguage\":\"ko-KR\",\"@id\":\"https:\/\/testwebsite.citygame.com\/ko\/games\/vasteras\/secrets-of-vasteras\/#local-main-organization-logo\",\"url\":\"https:\/\/testwebsite.citygame.com\/wp-content\/blogs.dir\/1\/files\/sites\/62\/2025\/10\/CG_LOGO-City-Game.png\",\"contentUrl\":\"https:\/\/testwebsite.citygame.com\/wp-content\/blogs.dir\/1\/files\/sites\/62\/2025\/10\/CG_LOGO-City-Game.png\",\"width\":351,\"height\":377,\"caption\":\"City Game\"}]}<\/script>\n<!-- \/ Yoast SEO Premium plugin. -->","yoast_head_json":{"title":"Secrets of Vasteras - City Game","description":"Secrets of Vasteras. \uc140\ud504 \uac00\uc774\ub4dc \uc2dc\ud2f0 \uac8c\uc784\uc744 \ud50c\ub808\uc774\ud558\uba70 \ud37c\uc990, \uc218\uc218\uaed8\ub07c, \ucc4c\ub9b0\uc9c0\ub97c \ud1b5\ud574 \ub3c4\uc2dc\ub97c \ud0d0\ud5d8\ud558\uc138\uc694. \uc790\uc2e0\ub9cc\uc758 \uc18d\ub3c4\ub85c \ud50c\ub808\uc774\ud558\uace0 \ud604\uc9c0\uc778\ucc98\ub7fc \ubc1c\uacac\ud574\ubcf4\uc138\uc694!","robots":{"index":"noindex","follow":"follow","max-snippet":"max-snippet:-1","max-image-preview":"max-image-preview:large","max-video-preview":"max-video-preview:-1"},"og_locale":"ko_KR","og_type":"article","og_title":"Secrets of Vasteras","og_description":"Secrets of Vasteras. \uc140\ud504 \uac00\uc774\ub4dc \uc2dc\ud2f0 \uac8c\uc784\uc744 \ud50c\ub808\uc774\ud558\uba70 \ud37c\uc990, \uc218\uc218\uaed8\ub07c, \ucc4c\ub9b0\uc9c0\ub97c \ud1b5\ud574 \ub3c4\uc2dc\ub97c \ud0d0\ud5d8\ud558\uc138\uc694. \uc790\uc2e0\ub9cc\uc758 \uc18d\ub3c4\ub85c \ud50c\ub808\uc774\ud558\uace0 \ud604\uc9c0\uc778\ucc98\ub7fc \ubc1c\uacac\ud574\ubcf4\uc138\uc694!","og_url":"https:\/\/testwebsite.citygame.com\/ko\/games\/vasteras\/secrets-of-vasteras\/","og_site_name":"City Game","article_publisher":"https:\/\/www.facebook.com\/profile.php?id=100086426226253","article_modified_time":"2026-04-07T22:22:41+00:00","og_image":[{"width":864,"height":1184,"url":"https:\/\/testwebsite.citygame.com\/wp-content\/blogs.dir\/1\/files\/sites\/62\/2026\/01\/group-of-friends-playing-city-game-on-phone-by-canal-vasteras.jpg","type":"image\/jpeg"}],"twitter_card":"summary_large_image","schema":{"@context":"https:\/\/schema.org","@graph":[{"@type":"WebPage","@id":"https:\/\/testwebsite.citygame.com\/ko\/games\/vasteras\/secrets-of-vasteras\/","url":"https:\/\/testwebsite.citygame.com\/ko\/games\/vasteras\/secrets-of-vasteras\/","name":"Secrets of Vasteras - City Game","isPartOf":{"@id":"https:\/\/testwebsite.upevents.nl\/#website"},"primaryImageOfPage":{"@id":"https:\/\/testwebsite.citygame.com\/ko\/games\/vasteras\/secrets-of-vasteras\/#primaryimage"},"image":{"@id":"https:\/\/testwebsite.citygame.com\/ko\/games\/vasteras\/secrets-of-vasteras\/#primaryimage"},"thumbnailUrl":"https:\/\/testwebsite.citygame.com\/wp-content\/blogs.dir\/1\/files\/sites\/62\/2026\/01\/group-of-friends-playing-city-game-on-phone-by-canal-vasteras.jpg","datePublished":"2026-01-13T15:37:58+00:00","dateModified":"2026-04-07T22:22:41+00:00","description":"Secrets of Vasteras. \uc140\ud504 \uac00\uc774\ub4dc \uc2dc\ud2f0 \uac8c\uc784\uc744 \ud50c\ub808\uc774\ud558\uba70 \ud37c\uc990, \uc218\uc218\uaed8\ub07c, \ucc4c\ub9b0\uc9c0\ub97c \ud1b5\ud574 \ub3c4\uc2dc\ub97c \ud0d0\ud5d8\ud558\uc138\uc694. \uc790\uc2e0\ub9cc\uc758 \uc18d\ub3c4\ub85c \ud50c\ub808\uc774\ud558\uace0 \ud604\uc9c0\uc778\ucc98\ub7fc \ubc1c\uacac\ud574\ubcf4\uc138\uc694!","breadcrumb":{"@id":"https:\/\/testwebsite.citygame.com\/ko\/games\/vasteras\/secrets-of-vasteras\/#breadcrumb"},"inLanguage":"ko-KR","potentialAction":[{"@type":"ReadAction","target":["https:\/\/testwebsite.citygame.com\/ko\/games\/vasteras\/secrets-of-vasteras\/"]}]},{"@type":"ImageObject","inLanguage":"ko-KR","@id":"https:\/\/testwebsite.citygame.com\/ko\/games\/vasteras\/secrets-of-vasteras\/#primaryimage","url":"https:\/\/testwebsite.citygame.com\/wp-content\/blogs.dir\/1\/files\/sites\/62\/2026\/01\/group-of-friends-playing-city-game-on-phone-by-canal-vasteras.jpg","contentUrl":"https:\/\/testwebsite.citygame.com\/wp-content\/blogs.dir\/1\/files\/sites\/62\/2026\/01\/group-of-friends-playing-city-game-on-phone-by-canal-vasteras.jpg","width":864,"height":1184,"caption":"A group of friends explores the historic city center of Vasteras with a mobile game."},{"@type":"BreadcrumbList","@id":"https:\/\/testwebsite.citygame.com\/ko\/games\/vasteras\/secrets-of-vasteras\/#breadcrumb","itemListElement":[{"@type":"ListItem","position":1,"name":"Home","item":"https:\/\/testwebsite.citygame.com\/ko\/"},{"@type":"ListItem","position":2,"name":"Shop","item":"https:\/\/testwebsite.citygame.com\/shop\/"},{"@type":"ListItem","position":3,"name":"Secrets of Vasteras"}]},{"@type":"WebSite","@id":"https:\/\/testwebsite.upevents.nl\/#website","url":"https:\/\/testwebsite.upevents.nl\/","name":"City Game","description":"","publisher":{"@id":"https:\/\/testwebsite.upevents.nl\/#organization"},"alternateName":"citygame.com","potentialAction":[{"@type":"SearchAction","target":{"@type":"EntryPoint","urlTemplate":"https:\/\/testwebsite.upevents.nl\/?s={search_term_string}"},"query-input":{"@type":"PropertyValueSpecification","valueRequired":true,"valueName":"search_term_string"}}],"inLanguage":"ko-KR"},{"@type":["Organization","Place"],"@id":"https:\/\/testwebsite.upevents.nl\/#organization","name":"City Game","alternateName":"citygame.com","url":"https:\/\/testwebsite.upevents.nl\/","logo":{"@id":"https:\/\/testwebsite.citygame.com\/ko\/games\/vasteras\/secrets-of-vasteras\/#local-main-organization-logo"},"image":{"@id":"https:\/\/testwebsite.citygame.com\/ko\/games\/vasteras\/secrets-of-vasteras\/#local-main-organization-logo"},"sameAs":["https:\/\/www.facebook.com\/profile.php?id=100086426226253","https:\/\/www.instagram.com\/citygame_com","https:\/\/www.tiktok.com\/@citygamecom\/","https:\/\/www.linkedin.com\/company\/citygame-com"],"description":"Turn any city into a playground with our interactive City Games and self-guided tours. Fun, flexible, and ideal for groups and team building.","telephone":[],"openingHoursSpecification":[{"@type":"OpeningHoursSpecification","dayOfWeek":["Monday","Tuesday","Wednesday","Thursday","Friday","Saturday","Sunday"],"opens":"09:00","closes":"17:00"}]},{"@type":"ImageObject","inLanguage":"ko-KR","@id":"https:\/\/testwebsite.citygame.com\/ko\/games\/vasteras\/secrets-of-vasteras\/#local-main-organization-logo","url":"https:\/\/testwebsite.citygame.com\/wp-content\/blogs.dir\/1\/files\/sites\/62\/2025\/10\/CG_LOGO-City-Game.png","contentUrl":"https:\/\/testwebsite.citygame.com\/wp-content\/blogs.dir\/1\/files\/sites\/62\/2025\/10\/CG_LOGO-City-Game.png","width":351,"height":377,"caption":"City Game"}]}},"taxonomy_info":{"game-concept":[{"value":721,"label":"Secrets"}],"location":[{"value":417,"label":"V\u00e4ster\u00e5s"}],"product_cat":[{"value":27,"label":"Geen categorie"}]},"featured_image_src_large":["https:\/\/testwebsite.citygame.com\/wp-content\/blogs.dir\/1\/files\/sites\/62\/2026\/01\/group-of-friends-playing-city-game-on-phone-by-canal-vasteras-747x1024.jpg",747,1024,true],"author_info":[],"comment_info":"","_links":{"self":[{"href":"https:\/\/testwebsite.citygame.com\/ko\/wp-json\/wp\/v2\/product\/56246","targetHints":{"allow":["GET"]}}],"collection":[{"href":"https:\/\/testwebsite.citygame.com\/ko\/wp-json\/wp\/v2\/product"}],"about":[{"href":"https:\/\/testwebsite.citygame.com\/ko\/wp-json\/wp\/v2\/types\/product"}],"acf:post":[{"embeddable":true,"href":"https:\/\/testwebsite.citygame.com\/ko\/wp-json\/wp\/v2\/pages\/7563"}],"wp:featuredmedia":[{"embeddable":true,"href":"https:\/\/testwebsite.citygame.com\/ko\/wp-json\/wp\/v2\/media\/3841"}],"wp:attachment":[{"href":"https:\/\/testwebsite.citygame.com\/ko\/wp-json\/wp\/v2\/media?parent=56246"}],"wp:term":[{"taxonomy":"game-concept","embeddable":true,"href":"https:\/\/testwebsite.citygame.com\/ko\/wp-json\/wp\/v2\/game-concept?post=56246"},{"taxonomy":"location","embeddable":true,"href":"https:\/\/testwebsite.citygame.com\/ko\/wp-json\/wp\/v2\/location?post=56246"},{"taxonomy":"product_brand","embeddable":true,"href":"https:\/\/testwebsite.citygame.com\/ko\/wp-json\/wp\/v2\/product_brand?post=56246"},{"taxonomy":"product_cat","embeddable":true,"href":"https:\/\/testwebsite.citygame.com\/ko\/wp-json\/wp\/v2\/product_cat?post=56246"},{"taxonomy":"product_tag","embeddable":true,"href":"https:\/\/testwebsite.citygame.com\/ko\/wp-json\/wp\/v2\/product_tag?post=56246"}],"curies":[{"name":"wp","href":"https:\/\/api.w.org\/{rel}","templated":true}]}}