{"id":43287,"date":"2026-01-13T15:37:58","date_gmt":"2026-01-13T15:37:58","guid":{"rendered":"https:\/\/testwebsite.citygame.com\/games\/unknown-location\/%ec%83%81%ed%92%88-367\/"},"modified":"2026-04-02T20:26:26","modified_gmt":"2026-04-02T20:26:26","slug":"%ec%83%81%ed%92%88-367","status":"publish","type":"product","link":"https:\/\/testwebsite.citygame.com\/ko\/games\/unknown-location\/%ec%83%81%ed%92%88-367\/","title":{"rendered":"\uc0c1\ud488"},"content":{"rendered":"","protected":false},"excerpt":{"rendered":"","protected":false},"featured_media":3841,"template":"","meta":{"_acf_changed":false,"_yoast_wpseo_focuskw":"Secrets of Vasteras","_yoast_wpseo_metadesc":"Secrets of Vasteras. \uc140\ud504 \uac00\uc774\ub4dc \uc2dc\ud2f0 \uac8c\uc784\uc744 \ud50c\ub808\uc774\ud558\uace0 \ud37c\uc990, \uc218\uc218\uaed8\ub07c, \ucc4c\ub9b0\uc9c0\ub97c \ud1b5\ud574 \ub3c4\uc2dc\ub97c \ud0d0\ud5d8\ud558\uc138\uc694. \uc790\uc2e0\ub9cc\uc758 \uc18d\ub3c4\ub85c \ud50c\ub808\uc774\ud558\uba70 \ud604\uc9c0\uc778\ucc98\ub7fc \ubc1c\uacac\ud574\ubcf4\uc138\uc694!","_kad_blocks_custom_css":"","_kad_blocks_head_custom_js":"","_kad_blocks_body_custom_js":"","_kad_blocks_footer_custom_js":"","ghostkit_customizer_options":"","ghostkit_custom_css":"","ghostkit_custom_js_head":"","ghostkit_custom_js_foot":"","ghostkit_typography":"","_kad_post_transparent":"","_kad_post_title":"","_kad_post_layout":"","_kad_post_sidebar_id":"","_kad_post_content_style":"","_kad_post_vertical_padding":"","_kad_post_feature":"","_kad_post_feature_position":"","_kad_post_header":false,"_kad_post_footer":false,"_kad_post_classname":"","_links_to":"","_links_to_target":""},"game-concept":[36],"location":[],"product_brand":[],"product_cat":[27],"product_tag":[],"class_list":{"0":"post-43287","1":"product","2":"type-product","3":"status-publish","4":"has-post-thumbnail","6":"game-concept-secrets","7":"product_cat-geen-categorie","9":"first","10":"instock","11":"shipping-taxable","12":"purchasable","13":"product-type-simple","14":"entry","15":"content-bg","16":"loop-entry"},"acf":{"full_bokun_product_name":"Self-Guided Secrets of V\u00e4ster\u00e5s Exploration Game","location_name":"Vasteras","bokun_calendar_widget_code":"<script type=\"text\/javascript\" src=\"https:\/\/widgets.bokun.io\/assets\/javascripts\/apps\/build\/BokunWidgetsLoader.js?bookingChannelUUID=a1e93e96-5232-4734-a595-28405f4b5a31\" async><\/script>\n     \n    <div class=\"bokunWidget\" data-src=\"https:\/\/widgets.bokun.io\/online-sales\/a1e93e96-5232-4734-a595-28405f4b5a31\/experience-calendar\/1096709\"><\/div>\n    <noscript>Please enable javascript in your browser to book<\/noscript>","bokun_button_widget_code":"<script type=\"text\/javascript\" src=\"https:\/\/widgets.bokun.io\/assets\/javascripts\/apps\/build\/BokunWidgetsLoader.js?bookingChannelUUID=a1e93e96-5232-4734-a595-28405f4b5a31\" async><\/script>\n      <style> #bokun_ed001e45_5927_4f62_b470_ca766338d083 { display: inline-block; padding: .4em 1em; background: #47b82e; border-radius: 999999px; box-shadow: none; font-weight: 600; font-size: 24px; text-decoration: none; text-align: center; color: #FFFFFF; border:none; cursor: pointer; transition: background .2s ease; } #bokun_ed001e45_5927_4f62_b470_ca766338d083:hover{ background: #2f7b1f; } #bokun_ed001e45_5927_4f62_b470_ca766338d083:active{ background: #378f24; } <\/style> <button class=\"bokunButton\" disabled id=bokun_ed001e45_5927_4f62_b470_ca766338d083 data-src=\"https:\/\/widgets.bokun.io\/online-sales\/a1e93e96-5232-4734-a595-28405f4b5a31\/experience-calendar\/1096709?partialView=1\" data-testid=\"widget-book-button\" > Book now <\/button> ","what_you\u2019ll_experience_during_the_game":"'Secrets of V\u00e4ster\u00e5s City Game'\uc744 \ud50c\ub808\uc774\ud558\ub294 \ub3d9\uc548, \uc2a4\ud1a0\ub9ac\ud154\ub9c1, \ub2e8\uc11c, \ubc1c\uacac\uc774 \uc5b4\uc6b0\ub7ec\uc9c4 \ubc29\uc2dd\uc73c\ub85c \ub3c4\uc2dc\ub97c \ud0d0\ud5d8\ud558\uac8c \ub429\ub2c8\ub2e4. \uac8c\uc784\uc774 \uc0c1\uc9d5\uc801\uc778 \uc7a5\uc18c\uc640 \uc228\uaca8\uc9c4 \uc7a5\uc18c \ubaa8\ub450\ub85c \uc5ec\ub7ec\ubd84\uc744 \uc774\ub04c\uba74\uc11c, \uc0c8\ub85c\uc6b4 \uad00\uc810\uc5d0\uc11c V\u00e4ster\u00e5s\uc758 \ud48d\ubd80\ud55c \ubb38\ud654\ub97c \uacbd\ud5d8\ud560 \uc218 \uc788\uc2b5\ub2c8\ub2e4. \uae38\uc744 \ub530\ub77c\uac00\ub2e4 \ubcf4\uba74 V\u00e4ster\u00e5s Cathedral \ubc16\uc5d0 \uc788\uac70\ub098, Storbron\uc758 \uc624\ub798\ub41c \ub3cc \uc544\uce58\uad50\ub97c \uac74\ub108\uac70\ub098, V\u00e4ster\u00e5s Konsthall\uc758 \uc778\uc0c1\uc801\uc778 \ubcbd\uc744 \uc9c0\ub098\uace0 \uc788\uc744\uc9c0\ub3c4 \ubaa8\ub985\ub2c8\ub2e4. Karlsgatan 2\uc640 V\u00e4xhuset\uacfc \uac19\uc740 \uc9c0\uc5ed \ub79c\ub4dc\ub9c8\ud06c\ub4e4\ub3c4 \uc2dc\uc57c\uc5d0 \ub4e4\uc5b4\uc640 \uc608\uc220, \uc5ed\uc0ac, \uadf8\ub9ac\uace0 \uc77c\uc0c1\uc0dd\ud65c\uc744 \ud1b5\ud574 \ub3c4\uc2dc\ub97c \uc774\ud574\ud558\ub294 \ub370 \ub3c4\uc6c0\uc744 \uc90d\ub2c8\ub2e4.\n\nV\u00e4ster\u00e5s\ub97c \ud0d0\ud5d8\ud558\uba74\uc11c, \uc7a5\uc18c\uc5d0 \uc0dd\uba85\uc744 \ubd88\uc5b4\ub123\ub294 \ud37c\uc990, \uc218\uc218\uaed8\ub07c, \ucc3d\uc758\uc801\uc778 \ucc4c\ub9b0\uc9c0\ub97c \ud574\uacb0\ud558\uac8c \ub429\ub2c8\ub2e4. \uac01 \uacfc\uc81c\ub97c \uc218\ud589\ud560 \ub54c\ub9c8\ub2e4 \uc810\uc218\ub97c \uc5bb\uace0, \ud78c\ud2b8\ub97c \ubc1c\uacac\ud558\uba70, \uacbd\ub85c\uc5d0 \uc5bd\ud78c \ucd5c\uc885 \ubbf8\uc2a4\ud130\ub9ac\ub97c \ud574\uacb0\ud558\ub294 \ub370 \ub354 \uac00\uae4c\uc6cc\uc9d1\ub2c8\ub2e4. \uc6d0\ud560 \ub54c\ub9c8\ub2e4 \uc911\ub2e8\ud558\uace0 \ub2e4\uc2dc \uc2dc\uc791\ud560 \uc218 \uc788\uc5b4, \uc790\uc2e0\ub9cc\uc758 \uc18d\ub3c4\ub85c \ub3c4\uc2dc\ub97c \uc990\uae38 \uc218 \uc788\uc2b5\ub2c8\ub2e4. \uc57d\uac04\uc758 \uc120\uc758\uc758 \uacbd\uc7c1\uc744 \uc990\uae30\ub294 \ubd84\ub4e4\uc744 \uc704\ud574, \ub9ac\ub354\ubcf4\ub4dc\uac00 \uc774 \ud0d0\ud5d8 \uac8c\uc784 \ub3d9\uc548 \ucd94\uac00\uc801\uc778 \ub3d9\uae30 \ubd80\uc5ec\ub97c \uc81c\uacf5\ud569\ub2c8\ub2e4.","how_to_play":"'City Game V\u00e4ster\u00e5s'\ub97c \uc608\uc57d\ud558\uc2dc\uba74, \ub2e4\uc774\ub809\ud2b8 \ud50c\ub808\uc774 \ub9c1\ud06c\uac00 \ud3ec\ud568\ub41c \uc774\uba54\uc77c\uc744 \ubc1b\uc73c\uc2e4 \uac81\ub2c8\ub2e4. \ub2e8\uc21c\ud788 \uc2dc\uc791 \uc9c0\uc810\uc778 V\u00e4ster\u00e5s Konstmuseum (House of Art)\uc73c\ub85c \uac00\uc11c \ud734\ub300\ud3f0\uc73c\ub85c \uac8c\uc784\uc744 \uc2dc\uc791\ud558\uc138\uc694. \uac70\uae30\uc11c\ubd80\ud130 GPS \uacbd\ub85c\ub97c \ub530\ub77c\uac00\uba70 \uacfc\uc81c\ub97c \ud574\uacb0\ud558\uace0 \uc790\uc2e0\ub9cc\uc758 \uc18d\ub3c4\ub85c \ud0d0\ud5d8\ud558\uc138\uc694. \uc5b8\uc81c\ub4e0\uc9c0 \uac8c\uc784\uc744 \uc77c\uc2dc \uc815\uc9c0\ud558\uace0 \ub098\uc911\uc5d0 \uacc4\uc18d\ud560 \uc218 \uc788\uc2b5\ub2c8\ub2e4. \ubaa8\ud5d8\uc740 \uc5ec\ub7ec\ubd84\uc744 \uae30\ub2e4\ub9bd\ub2c8\ub2e4.","start_location":"V\u00e4ster\u00e5s, V\u00e4ster\u00e5s Konstmuseum","available_languages":[],"players_per_group":"1-4","duration":"1.5-2 hours","image_overlay_color_image":"https:\/\/testwebsite.citygame.com\/wp-content\/blogs.dir\/1\/files\/sites\/62\/2026\/01\/SecretsColor.svg","image_overlay_game_logo":"https:\/\/testwebsite.citygame.com\/wp-content\/blogs.dir\/1\/files\/sites\/62\/2026\/01\/SecretsLogo.png","city_page":7563,"woocommerce_general_content":null,"the_story":"<strong>Erik Stormbeard Skaldsson\uc740 \ud070 \uc218\uc5fc\uacfc \ub354 \ud070 \ubaa9\uc18c\ub9ac, \uadf8\ub9ac\uace0 \uc544\uc8fc \ud070 \ubb38\uc81c \ud558\ub098\ub97c \uac00\uc9c0\uace0 \uc788\uc2b5\ub2c8\ub2e4. V\u00e4ster\u00e5s\uc5d0\uc11c \uc218\uc138\uae30 \ub3d9\uc548 \ubcfc \uc218 \uc5c6\uc5c8\ub358 \uac00\uc7a5 \uac70\uce5c \ubc14\uc774\ud0b9 \uc794\uce58 \uc911\uc5d0, \uadf8\ub294 \uac00\uc7a5 \uc18c\uc911\ud55c \ubcf4\ubb3c\uc778 'Horn of Endless Cheer'\ub97c \uc783\uc5b4\ubc84\ub838\uc2b5\ub2c8\ub2e4. \uadf8\uac83 \uc5c6\uc774\ub294 \uac74\ubc30\ub3c4, \ub178\ub798\ub3c4, \ucd95\ud558\ub3c4 \uc788\uc744 \uc218 \uc5c6\uc2b5\ub2c8\ub2e4. \uadf8\ub9ac\uace0 \ud30c\ud2f0 \uc5c6\ub294 Erik\uc740 \uc815\ub9d0\ub85c \uc2ac\ud508 \ubc14\uc774\ud0b9\uc785\ub2c8\ub2e4.<\/strong><br><br>\uc774\uc81c \uadf8\uc5d0\uac8c\ub294 \uc5ec\ub7ec\ubd84\uc758 \ub3c4\uc6c0\uc774 \ud544\uc694\ud569\ub2c8\ub2e4. V\u00e4ster\u00e5s\uc758 \uac70\ub9ac, \uad11\uc7a5, \uadf8\ub9ac\uace0 \ube44\ubc00\uc744 \ucc3e\uc544\ubcf4\uc138\uc694. \uc218\uc218\uaed8\ub07c\ub97c \ud480\uace0, \uc774\uc0c1\ud55c \ub2e8\uc11c\ub97c \ub530\ub974\uba70, \uace0\ub300 \ubc14\uc774\ud0b9\uc758 \uacc4\ub7b5\uc744 \uac04\ud30c\ud558\uc138\uc694. \uc624\uc9c1 \uc5ec\ub7ec\ubd84\ub9cc\uc774 \ud658\ud638\ub97c \ub418\ucc3e\uc544 Erik\uc758 \ub2e4\uc74c \uac74\ubc30\uc5d0 \ucc38\uc5ec\ud560 \uc790\ub9ac\ub97c \uc5bb\uc744 \uc218 \uc788\uc2b5\ub2c8\ub2e4.<br><br><strong>\ud0d0\ud5d8\ud558\ub7ec \uc624\uc168\uc8e0. \uc774\uc57c\uae30\ub97c \uad6c\ud558\uae30 \uc704\ud574 \uba38\ubb3c\ub800\uc2b5\ub2c8\ub2e4.<\/strong>","name_main_character":"Erik Stormbeard Skaldsson","photo_main_character":43288,"loquiz_or_kokimoki":"Kokimoki"},"yoast_head":"<!-- This site is optimized with the Yoast SEO Premium plugin v26.2 (Yoast SEO v26.3) - https:\/\/yoast.com\/wordpress\/plugins\/seo\/ -->\n<title>\uc0c1\ud488 - City Game<\/title>\n<meta name=\"description\" content=\"Secrets of Vasteras. \uc140\ud504 \uac00\uc774\ub4dc \uc2dc\ud2f0 \uac8c\uc784\uc744 \ud50c\ub808\uc774\ud558\uace0 \ud37c\uc990, \uc218\uc218\uaed8\ub07c, \ucc4c\ub9b0\uc9c0\ub97c \ud1b5\ud574 \ub3c4\uc2dc\ub97c \ud0d0\ud5d8\ud558\uc138\uc694. \uc790\uc2e0\ub9cc\uc758 \uc18d\ub3c4\ub85c \ud50c\ub808\uc774\ud558\uba70 \ud604\uc9c0\uc778\ucc98\ub7fc \ubc1c\uacac\ud574\ubcf4\uc138\uc694!\" \/>\n<meta name=\"robots\" content=\"noindex, follow, max-snippet:-1, max-image-preview:large, max-video-preview:-1\" \/>\n<meta property=\"og:locale\" content=\"ko_KR\" \/>\n<meta property=\"og:type\" content=\"article\" \/>\n<meta property=\"og:title\" content=\"\uc0c1\ud488\" \/>\n<meta property=\"og:description\" content=\"Secrets of Vasteras. \uc140\ud504 \uac00\uc774\ub4dc \uc2dc\ud2f0 \uac8c\uc784\uc744 \ud50c\ub808\uc774\ud558\uace0 \ud37c\uc990, \uc218\uc218\uaed8\ub07c, \ucc4c\ub9b0\uc9c0\ub97c \ud1b5\ud574 \ub3c4\uc2dc\ub97c \ud0d0\ud5d8\ud558\uc138\uc694. \uc790\uc2e0\ub9cc\uc758 \uc18d\ub3c4\ub85c \ud50c\ub808\uc774\ud558\uba70 \ud604\uc9c0\uc778\ucc98\ub7fc \ubc1c\uacac\ud574\ubcf4\uc138\uc694!\" \/>\n<meta property=\"og:url\" content=\"https:\/\/testwebsite.citygame.com\/ko\/games\/unknown-location\/%ec%83%81%ed%92%88-367\/\" \/>\n<meta property=\"og:site_name\" content=\"City Game\" \/>\n<meta property=\"article:publisher\" content=\"https:\/\/www.facebook.com\/profile.php?id=100086426226253\" \/>\n<meta property=\"article:modified_time\" content=\"2026-04-02T20:26:26+00:00\" \/>\n<meta property=\"og:image\" content=\"https:\/\/testwebsite.citygame.com\/wp-content\/blogs.dir\/1\/files\/sites\/62\/2026\/01\/group-of-friends-playing-city-game-on-phone-by-canal-vasteras.jpg\" \/>\n\t<meta property=\"og:image:width\" content=\"864\" \/>\n\t<meta property=\"og:image:height\" content=\"1184\" \/>\n\t<meta property=\"og:image:type\" content=\"image\/jpeg\" \/>\n<meta name=\"twitter:card\" content=\"summary_large_image\" \/>\n<script type=\"application\/ld+json\" class=\"yoast-schema-graph\">{\"@context\":\"https:\/\/schema.org\",\"@graph\":[{\"@type\":\"WebPage\",\"@id\":\"https:\/\/testwebsite.citygame.com\/ko\/games\/unknown-location\/%ec%83%81%ed%92%88-367\/\",\"url\":\"https:\/\/testwebsite.citygame.com\/ko\/games\/unknown-location\/%ec%83%81%ed%92%88-367\/\",\"name\":\"\uc0c1\ud488 - City Game\",\"isPartOf\":{\"@id\":\"https:\/\/testwebsite.upevents.nl\/#website\"},\"primaryImageOfPage\":{\"@id\":\"https:\/\/testwebsite.citygame.com\/ko\/games\/unknown-location\/%ec%83%81%ed%92%88-367\/#primaryimage\"},\"image\":{\"@id\":\"https:\/\/testwebsite.citygame.com\/ko\/games\/unknown-location\/%ec%83%81%ed%92%88-367\/#primaryimage\"},\"thumbnailUrl\":\"https:\/\/testwebsite.citygame.com\/wp-content\/blogs.dir\/1\/files\/sites\/62\/2026\/01\/group-of-friends-playing-city-game-on-phone-by-canal-vasteras.jpg\",\"datePublished\":\"2026-01-13T15:37:58+00:00\",\"dateModified\":\"2026-04-02T20:26:26+00:00\",\"description\":\"Secrets of Vasteras. \uc140\ud504 \uac00\uc774\ub4dc \uc2dc\ud2f0 \uac8c\uc784\uc744 \ud50c\ub808\uc774\ud558\uace0 \ud37c\uc990, \uc218\uc218\uaed8\ub07c, \ucc4c\ub9b0\uc9c0\ub97c \ud1b5\ud574 \ub3c4\uc2dc\ub97c \ud0d0\ud5d8\ud558\uc138\uc694. \uc790\uc2e0\ub9cc\uc758 \uc18d\ub3c4\ub85c \ud50c\ub808\uc774\ud558\uba70 \ud604\uc9c0\uc778\ucc98\ub7fc \ubc1c\uacac\ud574\ubcf4\uc138\uc694!\",\"breadcrumb\":{\"@id\":\"https:\/\/testwebsite.citygame.com\/ko\/games\/unknown-location\/%ec%83%81%ed%92%88-367\/#breadcrumb\"},\"inLanguage\":\"ko-KR\",\"potentialAction\":[{\"@type\":\"ReadAction\",\"target\":[\"https:\/\/testwebsite.citygame.com\/ko\/games\/unknown-location\/%ec%83%81%ed%92%88-367\/\"]}]},{\"@type\":\"ImageObject\",\"inLanguage\":\"ko-KR\",\"@id\":\"https:\/\/testwebsite.citygame.com\/ko\/games\/unknown-location\/%ec%83%81%ed%92%88-367\/#primaryimage\",\"url\":\"https:\/\/testwebsite.citygame.com\/wp-content\/blogs.dir\/1\/files\/sites\/62\/2026\/01\/group-of-friends-playing-city-game-on-phone-by-canal-vasteras.jpg\",\"contentUrl\":\"https:\/\/testwebsite.citygame.com\/wp-content\/blogs.dir\/1\/files\/sites\/62\/2026\/01\/group-of-friends-playing-city-game-on-phone-by-canal-vasteras.jpg\",\"width\":864,\"height\":1184,\"caption\":\"A group of friends explores the historic city center of Vasteras with a mobile game.\"},{\"@type\":\"BreadcrumbList\",\"@id\":\"https:\/\/testwebsite.citygame.com\/ko\/games\/unknown-location\/%ec%83%81%ed%92%88-367\/#breadcrumb\",\"itemListElement\":[{\"@type\":\"ListItem\",\"position\":1,\"name\":\"Home\",\"item\":\"https:\/\/testwebsite.citygame.com\/ko\/\"},{\"@type\":\"ListItem\",\"position\":2,\"name\":\"Shop\",\"item\":\"https:\/\/testwebsite.citygame.com\/shop\/\"},{\"@type\":\"ListItem\",\"position\":3,\"name\":\"\uc0c1\ud488\"}]},{\"@type\":\"WebSite\",\"@id\":\"https:\/\/testwebsite.upevents.nl\/#website\",\"url\":\"https:\/\/testwebsite.upevents.nl\/\",\"name\":\"City Game\",\"description\":\"\",\"publisher\":{\"@id\":\"https:\/\/testwebsite.upevents.nl\/#organization\"},\"alternateName\":\"citygame.com\",\"potentialAction\":[{\"@type\":\"SearchAction\",\"target\":{\"@type\":\"EntryPoint\",\"urlTemplate\":\"https:\/\/testwebsite.upevents.nl\/?s={search_term_string}\"},\"query-input\":{\"@type\":\"PropertyValueSpecification\",\"valueRequired\":true,\"valueName\":\"search_term_string\"}}],\"inLanguage\":\"ko-KR\"},{\"@type\":[\"Organization\",\"Place\"],\"@id\":\"https:\/\/testwebsite.upevents.nl\/#organization\",\"name\":\"City Game\",\"alternateName\":\"citygame.com\",\"url\":\"https:\/\/testwebsite.upevents.nl\/\",\"logo\":{\"@id\":\"https:\/\/testwebsite.citygame.com\/ko\/games\/unknown-location\/%ec%83%81%ed%92%88-367\/#local-main-organization-logo\"},\"image\":{\"@id\":\"https:\/\/testwebsite.citygame.com\/ko\/games\/unknown-location\/%ec%83%81%ed%92%88-367\/#local-main-organization-logo\"},\"sameAs\":[\"https:\/\/www.facebook.com\/profile.php?id=100086426226253\",\"https:\/\/www.instagram.com\/citygame_com\",\"https:\/\/www.tiktok.com\/@citygamecom\/\",\"https:\/\/www.linkedin.com\/company\/citygame-com\"],\"description\":\"Turn any city into a playground with our interactive City Games and self-guided tours. Fun, flexible, and ideal for groups and team building.\",\"telephone\":[],\"openingHoursSpecification\":[{\"@type\":\"OpeningHoursSpecification\",\"dayOfWeek\":[\"Monday\",\"Tuesday\",\"Wednesday\",\"Thursday\",\"Friday\",\"Saturday\",\"Sunday\"],\"opens\":\"09:00\",\"closes\":\"17:00\"}]},{\"@type\":\"ImageObject\",\"inLanguage\":\"ko-KR\",\"@id\":\"https:\/\/testwebsite.citygame.com\/ko\/games\/unknown-location\/%ec%83%81%ed%92%88-367\/#local-main-organization-logo\",\"url\":\"https:\/\/testwebsite.citygame.com\/wp-content\/blogs.dir\/1\/files\/sites\/62\/2025\/10\/CG_LOGO-City-Game.png\",\"contentUrl\":\"https:\/\/testwebsite.citygame.com\/wp-content\/blogs.dir\/1\/files\/sites\/62\/2025\/10\/CG_LOGO-City-Game.png\",\"width\":351,\"height\":377,\"caption\":\"City Game\"}]}<\/script>\n<!-- \/ Yoast SEO Premium plugin. -->","yoast_head_json":{"title":"\uc0c1\ud488 - City Game","description":"Secrets of Vasteras. \uc140\ud504 \uac00\uc774\ub4dc \uc2dc\ud2f0 \uac8c\uc784\uc744 \ud50c\ub808\uc774\ud558\uace0 \ud37c\uc990, \uc218\uc218\uaed8\ub07c, \ucc4c\ub9b0\uc9c0\ub97c \ud1b5\ud574 \ub3c4\uc2dc\ub97c \ud0d0\ud5d8\ud558\uc138\uc694. \uc790\uc2e0\ub9cc\uc758 \uc18d\ub3c4\ub85c \ud50c\ub808\uc774\ud558\uba70 \ud604\uc9c0\uc778\ucc98\ub7fc \ubc1c\uacac\ud574\ubcf4\uc138\uc694!","robots":{"index":"noindex","follow":"follow","max-snippet":"max-snippet:-1","max-image-preview":"max-image-preview:large","max-video-preview":"max-video-preview:-1"},"og_locale":"ko_KR","og_type":"article","og_title":"\uc0c1\ud488","og_description":"Secrets of Vasteras. \uc140\ud504 \uac00\uc774\ub4dc \uc2dc\ud2f0 \uac8c\uc784\uc744 \ud50c\ub808\uc774\ud558\uace0 \ud37c\uc990, \uc218\uc218\uaed8\ub07c, \ucc4c\ub9b0\uc9c0\ub97c \ud1b5\ud574 \ub3c4\uc2dc\ub97c \ud0d0\ud5d8\ud558\uc138\uc694. \uc790\uc2e0\ub9cc\uc758 \uc18d\ub3c4\ub85c \ud50c\ub808\uc774\ud558\uba70 \ud604\uc9c0\uc778\ucc98\ub7fc \ubc1c\uacac\ud574\ubcf4\uc138\uc694!","og_url":"https:\/\/testwebsite.citygame.com\/ko\/games\/unknown-location\/%ec%83%81%ed%92%88-367\/","og_site_name":"City Game","article_publisher":"https:\/\/www.facebook.com\/profile.php?id=100086426226253","article_modified_time":"2026-04-02T20:26:26+00:00","og_image":[{"width":864,"height":1184,"url":"https:\/\/testwebsite.citygame.com\/wp-content\/blogs.dir\/1\/files\/sites\/62\/2026\/01\/group-of-friends-playing-city-game-on-phone-by-canal-vasteras.jpg","type":"image\/jpeg"}],"twitter_card":"summary_large_image","schema":{"@context":"https:\/\/schema.org","@graph":[{"@type":"WebPage","@id":"https:\/\/testwebsite.citygame.com\/ko\/games\/unknown-location\/%ec%83%81%ed%92%88-367\/","url":"https:\/\/testwebsite.citygame.com\/ko\/games\/unknown-location\/%ec%83%81%ed%92%88-367\/","name":"\uc0c1\ud488 - City Game","isPartOf":{"@id":"https:\/\/testwebsite.upevents.nl\/#website"},"primaryImageOfPage":{"@id":"https:\/\/testwebsite.citygame.com\/ko\/games\/unknown-location\/%ec%83%81%ed%92%88-367\/#primaryimage"},"image":{"@id":"https:\/\/testwebsite.citygame.com\/ko\/games\/unknown-location\/%ec%83%81%ed%92%88-367\/#primaryimage"},"thumbnailUrl":"https:\/\/testwebsite.citygame.com\/wp-content\/blogs.dir\/1\/files\/sites\/62\/2026\/01\/group-of-friends-playing-city-game-on-phone-by-canal-vasteras.jpg","datePublished":"2026-01-13T15:37:58+00:00","dateModified":"2026-04-02T20:26:26+00:00","description":"Secrets of Vasteras. \uc140\ud504 \uac00\uc774\ub4dc \uc2dc\ud2f0 \uac8c\uc784\uc744 \ud50c\ub808\uc774\ud558\uace0 \ud37c\uc990, \uc218\uc218\uaed8\ub07c, \ucc4c\ub9b0\uc9c0\ub97c \ud1b5\ud574 \ub3c4\uc2dc\ub97c \ud0d0\ud5d8\ud558\uc138\uc694. \uc790\uc2e0\ub9cc\uc758 \uc18d\ub3c4\ub85c \ud50c\ub808\uc774\ud558\uba70 \ud604\uc9c0\uc778\ucc98\ub7fc \ubc1c\uacac\ud574\ubcf4\uc138\uc694!","breadcrumb":{"@id":"https:\/\/testwebsite.citygame.com\/ko\/games\/unknown-location\/%ec%83%81%ed%92%88-367\/#breadcrumb"},"inLanguage":"ko-KR","potentialAction":[{"@type":"ReadAction","target":["https:\/\/testwebsite.citygame.com\/ko\/games\/unknown-location\/%ec%83%81%ed%92%88-367\/"]}]},{"@type":"ImageObject","inLanguage":"ko-KR","@id":"https:\/\/testwebsite.citygame.com\/ko\/games\/unknown-location\/%ec%83%81%ed%92%88-367\/#primaryimage","url":"https:\/\/testwebsite.citygame.com\/wp-content\/blogs.dir\/1\/files\/sites\/62\/2026\/01\/group-of-friends-playing-city-game-on-phone-by-canal-vasteras.jpg","contentUrl":"https:\/\/testwebsite.citygame.com\/wp-content\/blogs.dir\/1\/files\/sites\/62\/2026\/01\/group-of-friends-playing-city-game-on-phone-by-canal-vasteras.jpg","width":864,"height":1184,"caption":"A group of friends explores the historic city center of Vasteras with a mobile game."},{"@type":"BreadcrumbList","@id":"https:\/\/testwebsite.citygame.com\/ko\/games\/unknown-location\/%ec%83%81%ed%92%88-367\/#breadcrumb","itemListElement":[{"@type":"ListItem","position":1,"name":"Home","item":"https:\/\/testwebsite.citygame.com\/ko\/"},{"@type":"ListItem","position":2,"name":"Shop","item":"https:\/\/testwebsite.citygame.com\/shop\/"},{"@type":"ListItem","position":3,"name":"\uc0c1\ud488"}]},{"@type":"WebSite","@id":"https:\/\/testwebsite.upevents.nl\/#website","url":"https:\/\/testwebsite.upevents.nl\/","name":"City Game","description":"","publisher":{"@id":"https:\/\/testwebsite.upevents.nl\/#organization"},"alternateName":"citygame.com","potentialAction":[{"@type":"SearchAction","target":{"@type":"EntryPoint","urlTemplate":"https:\/\/testwebsite.upevents.nl\/?s={search_term_string}"},"query-input":{"@type":"PropertyValueSpecification","valueRequired":true,"valueName":"search_term_string"}}],"inLanguage":"ko-KR"},{"@type":["Organization","Place"],"@id":"https:\/\/testwebsite.upevents.nl\/#organization","name":"City Game","alternateName":"citygame.com","url":"https:\/\/testwebsite.upevents.nl\/","logo":{"@id":"https:\/\/testwebsite.citygame.com\/ko\/games\/unknown-location\/%ec%83%81%ed%92%88-367\/#local-main-organization-logo"},"image":{"@id":"https:\/\/testwebsite.citygame.com\/ko\/games\/unknown-location\/%ec%83%81%ed%92%88-367\/#local-main-organization-logo"},"sameAs":["https:\/\/www.facebook.com\/profile.php?id=100086426226253","https:\/\/www.instagram.com\/citygame_com","https:\/\/www.tiktok.com\/@citygamecom\/","https:\/\/www.linkedin.com\/company\/citygame-com"],"description":"Turn any city into a playground with our interactive City Games and self-guided tours. Fun, flexible, and ideal for groups and team building.","telephone":[],"openingHoursSpecification":[{"@type":"OpeningHoursSpecification","dayOfWeek":["Monday","Tuesday","Wednesday","Thursday","Friday","Saturday","Sunday"],"opens":"09:00","closes":"17:00"}]},{"@type":"ImageObject","inLanguage":"ko-KR","@id":"https:\/\/testwebsite.citygame.com\/ko\/games\/unknown-location\/%ec%83%81%ed%92%88-367\/#local-main-organization-logo","url":"https:\/\/testwebsite.citygame.com\/wp-content\/blogs.dir\/1\/files\/sites\/62\/2025\/10\/CG_LOGO-City-Game.png","contentUrl":"https:\/\/testwebsite.citygame.com\/wp-content\/blogs.dir\/1\/files\/sites\/62\/2025\/10\/CG_LOGO-City-Game.png","width":351,"height":377,"caption":"City Game"}]}},"taxonomy_info":{"game-concept":[{"value":36,"label":"Secrets"}],"product_cat":[{"value":27,"label":"Geen categorie"}]},"featured_image_src_large":["https:\/\/testwebsite.citygame.com\/wp-content\/blogs.dir\/1\/files\/sites\/62\/2026\/01\/group-of-friends-playing-city-game-on-phone-by-canal-vasteras-747x1024.jpg",747,1024,true],"author_info":[],"comment_info":"","_links":{"self":[{"href":"https:\/\/testwebsite.citygame.com\/ko\/wp-json\/wp\/v2\/product\/43287","targetHints":{"allow":["GET"]}}],"collection":[{"href":"https:\/\/testwebsite.citygame.com\/ko\/wp-json\/wp\/v2\/product"}],"about":[{"href":"https:\/\/testwebsite.citygame.com\/ko\/wp-json\/wp\/v2\/types\/product"}],"acf:post":[{"embeddable":true,"href":"https:\/\/testwebsite.citygame.com\/ko\/wp-json\/wp\/v2\/pages\/7563"}],"wp:featuredmedia":[{"embeddable":true,"href":"https:\/\/testwebsite.citygame.com\/ko\/wp-json\/wp\/v2\/media\/3841"}],"wp:attachment":[{"href":"https:\/\/testwebsite.citygame.com\/ko\/wp-json\/wp\/v2\/media?parent=43287"}],"wp:term":[{"taxonomy":"game-concept","embeddable":true,"href":"https:\/\/testwebsite.citygame.com\/ko\/wp-json\/wp\/v2\/game-concept?post=43287"},{"taxonomy":"location","embeddable":true,"href":"https:\/\/testwebsite.citygame.com\/ko\/wp-json\/wp\/v2\/location?post=43287"},{"taxonomy":"product_brand","embeddable":true,"href":"https:\/\/testwebsite.citygame.com\/ko\/wp-json\/wp\/v2\/product_brand?post=43287"},{"taxonomy":"product_cat","embeddable":true,"href":"https:\/\/testwebsite.citygame.com\/ko\/wp-json\/wp\/v2\/product_cat?post=43287"},{"taxonomy":"product_tag","embeddable":true,"href":"https:\/\/testwebsite.citygame.com\/ko\/wp-json\/wp\/v2\/product_tag?post=43287"}],"curies":[{"name":"wp","href":"https:\/\/api.w.org\/{rel}","templated":true}]}}