{"id":42665,"date":"2026-01-13T11:46:22","date_gmt":"2026-01-13T11:46:22","guid":{"rendered":"https:\/\/testwebsite.citygame.com\/games\/unknown-location\/%ec%83%81%ed%92%88-362\/"},"modified":"2026-04-02T19:14:00","modified_gmt":"2026-04-02T19:14:00","slug":"%ec%83%81%ed%92%88-362","status":"publish","type":"product","link":"https:\/\/testwebsite.citygame.com\/ko\/games\/unknown-location\/%ec%83%81%ed%92%88-362\/","title":{"rendered":"\uc0c1\ud488"},"content":{"rendered":"","protected":false},"excerpt":{"rendered":"","protected":false},"featured_media":3658,"template":"","meta":{"_acf_changed":false,"_yoast_wpseo_focuskw":"Secrets of Link\u00f6ping","_yoast_wpseo_metadesc":"Secrets of Link\u00f6ping. \uc140\ud504 \uac00\uc774\ub4dc \ub3c4\uc2dc \uac8c\uc784\uc744 \ud50c\ub808\uc774\ud558\uba70 \ud37c\uc990, \uc218\uc218\uaed8\ub07c, \ucc4c\ub9b0\uc9c0\ub97c \ud1b5\ud574 \ub3c4\uc2dc\ub97c \ud0d0\ud5d8\ud558\uc138\uc694. \uc790\uc2e0\ub9cc\uc758 \uc18d\ub3c4\ub85c \ud50c\ub808\uc774\ud558\uace0 \ud604\uc9c0\uc778\ucc98\ub7fc \ubc1c\uacac\ud558\uc138\uc694!","_kad_blocks_custom_css":"","_kad_blocks_head_custom_js":"","_kad_blocks_body_custom_js":"","_kad_blocks_footer_custom_js":"","ghostkit_customizer_options":"","ghostkit_custom_css":"","ghostkit_custom_js_head":"","ghostkit_custom_js_foot":"","ghostkit_typography":"","_kad_post_transparent":"default","_kad_post_title":"","_kad_post_layout":"default","_kad_post_sidebar_id":"","_kad_post_content_style":"default","_kad_post_vertical_padding":"default","_kad_post_feature":"","_kad_post_feature_position":"","_kad_post_header":false,"_kad_post_footer":false,"_kad_post_classname":"","_links_to":"","_links_to_target":""},"game-concept":[36],"location":[],"product_brand":[],"product_cat":[27],"product_tag":[],"class_list":{"0":"post-42665","1":"product","2":"type-product","3":"status-publish","4":"has-post-thumbnail","6":"game-concept-secrets","7":"product_cat-geen-categorie","9":"first","10":"instock","11":"shipping-taxable","12":"purchasable","13":"product-type-simple","14":"entry","15":"content-bg","16":"loop-entry"},"acf":{"full_bokun_product_name":"Self-Guided Secrets of Link\u00f6ping Exploration Game","location_name":"Link\u00f6ping","bokun_calendar_widget_code":"<script type=\"text\/javascript\" src=\"https:\/\/widgets.bokun.io\/assets\/javascripts\/apps\/build\/BokunWidgetsLoader.js?bookingChannelUUID=a1e93e96-5232-4734-a595-28405f4b5a31\" async><\/script>\n     \n    <div class=\"bokunWidget\" data-src=\"https:\/\/widgets.bokun.io\/online-sales\/a1e93e96-5232-4734-a595-28405f4b5a31\/experience-calendar\/1097027\"><\/div>\n    <noscript>Please enable javascript in your browser to book<\/noscript>","bokun_button_widget_code":"<script type=\"text\/javascript\" src=\"https:\/\/widgets.bokun.io\/assets\/javascripts\/apps\/build\/BokunWidgetsLoader.js?bookingChannelUUID=a1e93e96-5232-4734-a595-28405f4b5a31\" async><\/script>\n      <style> #bokun_ed001e45_5927_4f62_b470_ca766338d083 { display: inline-block; padding: .4em 1em; background: #47b82e; border-radius: 999999px; box-shadow: none; font-weight: 600; font-size: 24px; text-decoration: none; text-align: center; color: #FFFFFF; border:none; cursor: pointer; transition: background .2s ease; } #bokun_ed001e45_5927_4f62_b470_ca766338d083:hover{ background: #2f7b1f; } #bokun_ed001e45_5927_4f62_b470_ca766338d083:active{ background: #378f24; } <\/style> <button class=\"bokunButton\" disabled id=bokun_ed001e45_5927_4f62_b470_ca766338d083 data-src=\"https:\/\/widgets.bokun.io\/online-sales\/a1e93e96-5232-4734-a595-28405f4b5a31\/experience-calendar\/1097027?partialView=1\" data-testid=\"widget-book-button\" > Book now <\/button> ","what_you\u2019ll_experience_during_the_game":"Secrets of Link\u00f6ping City Game\uc744 \ud50c\ub808\uc774\ud558\ub294 \ub3d9\uc548, \uc2a4\ud1a0\ub9ac \uae30\ubc18 \ud0d0\ud5d8\uacfc \uc778\ud130\ub799\ud2f0\ube0c \ucc4c\ub9b0\uc9c0\uac00 \uacb0\ud569\ub41c \ubc29\uc2dd\uc73c\ub85c \ub3c4\uc2dc\ub97c \ubc1c\uacac\ud558\uac8c \ub420 \uac83\uc785\ub2c8\ub2e4. \uc2a4\ud1a0\ub9ac\uac00 \uc804\uac1c\ub428\uc5d0 \ub530\ub77c, \uc774 \uacbd\ub85c\ub294 \uc0c1\uc9d5\uc801\uc778 \uc7a5\uc18c\uc640 \uc798 \uc54c\ub824\uc9c0\uc9c0 \uc54a\uc740 \uc7a5\uc18c \ubaa8\ub450\ub97c \ud1b5\uacfc\ud558\uba70 \ub3c4\uc2dc\uc758 \ud48d\uacbd\uacfc \uc5ed\uc0ac\uc5d0 \ub300\ud55c \ub354 \ud48d\ubd80\ud55c \uc2dc\uac01\uc744 \uc81c\uacf5\ud569\ub2c8\ub2e4. Stora Torget\uc758 \ub3c5\ud2b9\ud55c Nya R\u00e5dhuset Tower, Platensgatan\uc744 \ub530\ub77c \ud3bc\uccd0\uc9c4 \ud45c\ud604\ub825 \ub118\uce58\ub294 \uac70\ub9ac \uc608\uc220, \u00d6sterg\u00f6tlands Museum\uc758 \ubb38\ud654 \uceec\ub809\uc158\uacfc \uac19\uc740 \ub6f0\uc5b4\ub09c \uba85\uc18c\ub4e4\uc744 \uc9c0\ub098\uac8c \ub429\ub2c8\ub2e4. Lilla Torget\uacfc \uc6c5\uc7a5\ud55c Link\u00f6ping Cathedral\uacfc \uac19\uc740 \uc870\uc6a9\ud55c \uad6c\uc11d\ub4e4\uc740 \uacbd\ud5d8\uc758 \ub2e4\uc591\uc131\uc744 \ub354\ud558\uba70, \ub3c4\uc2dc\uc758 \ud65c\uae30\ucc2c \uc5d0\ub108\uc9c0\uc640 \uc0ac\uc0c9\uc758 \uc21c\uac04\uc744 \uc870\ud654\uc2dc\ud0b5\ub2c8\ub2e4.\r\n\r\nLink\u00f6ping\uc744 \ud0d0\ud5d8\ud558\ub294 \ub3d9\uc548, \uc9c4\ud589 \uc0c1\ud669\uc744 \uc548\ub0b4\ud558\ub294 \ud37c\uc990\uc744 \ud480\uace0, \uc218\uc218\uaed8\ub07c\uc5d0 \ub2f5\ud558\uba70, \uc9c8\ubb38\uc744 \uc644\ub8cc\ud558\uace0, \uc0c1\uc0c1\ub825\uc744 \uc790\uadf9\ud558\ub294 \uc0ac\uc9c4 \ubbf8\uc158\uc744 \uc218\ud589\ud558\uac8c \ub429\ub2c8\ub2e4. \ubaa8\ub4e0 \ucc4c\ub9b0\uc9c0\ub294 \ud3ec\uc778\ud2b8\ub97c \uc5bb\uace0, \uc720\uc6a9\ud55c \ud78c\ud2b8\ub97c \uc7a0\uae08 \ud574\uc81c\ud558\uba70, \ucd5c\uc885 \ubbf8\uc2a4\ud130\ub9ac\ub97c \ud574\uacb0\ud558\ub294 \ub370 \ub354 \uac00\uae4c\uc774 \ub2e4\uac00\uac08 \uae30\ud68c\ub97c \uc81c\uacf5\ud569\ub2c8\ub2e4. \uac8c\uc784\uc740 \uc720\uc5f0\ud558\uba70 \uc5b8\uc81c\ub4e0\uc9c0 \uc77c\uc2dc \uc911\uc9c0\ud560 \uc218 \uc788\uc5b4, \ud734\uc2dd\uc744 \ucde8\ud558\uac70\ub098 \uc790\uc2e0\ub9cc\uc758 \uc18d\ub3c4\ub85c \ub3c4\uc2dc\ub97c \ud0d0\ud5d8\ud560 \uc218 \uc788\uc2b5\ub2c8\ub2e4. \uacbd\uc7c1\uc2ec\uc774 \uac15\ud55c \ud50c\ub808\uc774\uc5b4\ub294 \ub9ac\ub354\ubcf4\ub4dc\uc5d0\uc11c \uc790\uc2e0\uc758 \uc131\uacfc\ub97c \ucd94\uc801\ud560 \uc218 \uc788\uc5b4, \ubc1c\uacac\uc758 \uc990\uac70\uc6c0\uacfc \uc6b0\ud638\uc801\uc778 \uacbd\uc7c1\uc758 \uade0\ud615\uc744 \uc774\ub8f9\ub2c8\ub2e4.","how_to_play":"City Game Link\u00f6ping\uc744 \uc608\uc57d\ud558\uc2dc\uba74, \uc9c1\uc811 \ud50c\ub808\uc774\ud560 \uc218 \uc788\ub294 \ub9c1\ud06c\uac00 \ud3ec\ud568\ub41c \uc774\uba54\uc77c\uc744 \ubc1b\uac8c \ub429\ub2c8\ub2e4. L\u00e4rkans Spr\u00e5kf\u00f6rskola\uc758 \uc2dc\uc791 \uc9c0\uc810\uc73c\ub85c \uc774\ub3d9\ud558\uc5ec \uc2a4\ub9c8\ud2b8\ud3f0\uc5d0\uc11c \ub9c1\ud06c\ub97c \uc5f4\uace0, \uc900\ube44\ub418\ub294 \uc5b8\uc81c\ub4e0\uc9c0 \uc5ec\uc815\uc744 \uc2dc\uc791\ud558\uc138\uc694. \ub3c4\uc2dc\ub97c \ud0d0\ud5d8\ud558\uace0, \ube44\ubc00\uc744 \ubc1d\ud600\ub0b4\uba70, \uc5ed\uc0ac\uc640 \ub180\uc774\uc758 \uc644\ubcbd\ud55c \uc870\ud654\ub97c \uc990\uae30\uba74\uc11c \uac8c\uc784\uc744 \uc77c\uc2dc \uc911\uc9c0\ud558\uace0 \ub2e4\uc2dc \uc2dc\uc791\ud560 \uc218 \uc788\uc2b5\ub2c8\ub2e4.","start_location":"Link\u00f6ping, Spr\u00e5kf\u00f6rskola L\u00e4rkan","available_languages":"","players_per_group":"1-4","duration":"1.5-2 hours","image_overlay_color_image":"https:\/\/testwebsite.citygame.com\/wp-content\/blogs.dir\/1\/files\/sites\/62\/2026\/01\/SecretsColor.svg","image_overlay_game_logo":"https:\/\/testwebsite.citygame.com\/wp-content\/blogs.dir\/1\/files\/sites\/62\/2026\/01\/SecretsLogo.png","city_page":7575,"woocommerce_general_content":null,"the_story":"<strong>Link\u00f6ping\uc758 \uc790\uac08 \uae54\ub9b0 \uac70\ub9ac\uc640 \uc870\uc6a9\ud55c \ub3c4\uc11c\uad00\uc5d0\ub294 \uc624\ub798\ub41c \ucc45 \uc774\uc0c1\uc758 \uac83\uc774 \uc228\uaca8\uc838 \uc788\uc2b5\ub2c8\ub2e4. \uadf8 \uc5b4\ub518\uac00\uc5d0\uc11c \ud559\uc0dd\uc774\uc790 \ud034\uc988 \ucc54\ud53c\uc5b8\uc774\uba70 \uc790\uce6d \uc9c0\uc2dd\uc758 \uae30\uc0ac\uc778 Elias St\u00e5hl\uc740 \uadf8\uc758 Ultimate Magic Pencil\uc744 \uc783\uc5b4\ubc84\ub838\uc2b5\ub2c8\ub2e4. \uc774 \uc5f0\ud544\uc740 \uacf5\uc911\uc5d0\uc11c \ubb38\ubc95\uc744 \uc218\uc815\ud558\uace0, \ub77c\ud2f4\uc5b4 \uac01\uc8fc\ub97c \uc18d\uc0ad\uc774\uba70, \uc2a4\uc6e8\ub374\uc5d0\uc11c \uac00\uc7a5 \uac15\ub825\ud55c \ud559\uc6a9\ud488\uc77c\uc9c0\ub3c4 \ubaa8\ub985\ub2c8\ub2e4.<\/strong><br><br>\uc218\uc218\uaed8\ub07c, \uc5ed\uc0ac, \uc57d\uac04\uc758 \ud559\uad6c\uc801\uc778 \uc7a5\ub09c\uc774 \uc5b4\uc6b0\ub7ec\uc9c4 \ub3c4\uc2dc \uc804\uccb4\uc758 \ubcf4\ubb3c\ucc3e\uae30\uc5d0\uc11c Elias\uc640 \ud568\uaed8\ud558\uc138\uc694. \ub300\uc131\ub2f9 \uacc4\ub2e8\uc5d0\uc11c \ub300\ud559\uc758 \ube44\ubc00\uc2a4\ub7ec\uc6b4 \uad6c\uc11d\uae4c\uc9c0, \ubaa8\ub4e0 \ub2e8\uc11c\ub294 \uc5f0\ud544\uacfc \uadf8\uac83\uc774 \ud488\uace0 \uc788\ub294 \uc2e0\ube44\ud55c \ub9c8\ubc95\uc5d0 \ub2f9\uc2e0\uc744 \ub354 \uac00\uae4c\uc774 \ub2e4\uac00\uac00\uac8c \ud569\ub2c8\ub2e4. Link\u00f6ping\uc5d0\uc11c\ub294 \ubb38\uad6c\ub958\uc870\ucc28\ub3c4 \uc774\uc57c\uae30\ub97c \ud488\uace0 \uc788\uc2b5\ub2c8\ub2e4.<br><br><strong>\ub2f9\uc2e0\uc740 \ud0d0\ud5d8\ud558\uae30 \uc704\ud574 \uc654\uace0, \uc774\uc57c\uae30\ub97c \uad6c\ud558\uae30 \uc704\ud574 \uba38\ubb3c\ub800\uc2b5\ub2c8\ub2e4.<\/strong>","name_main_character":"Elias St\u00e5hl","photo_main_character":42666,"loquiz_or_kokimoki":"Kokimoki"},"yoast_head":"<!-- This site is optimized with the Yoast SEO Premium plugin v26.2 (Yoast SEO v26.3) - https:\/\/yoast.com\/wordpress\/plugins\/seo\/ -->\n<title>\uc0c1\ud488 - City Game<\/title>\n<meta name=\"description\" content=\"Secrets of Link\u00f6ping. \uc140\ud504 \uac00\uc774\ub4dc \ub3c4\uc2dc \uac8c\uc784\uc744 \ud50c\ub808\uc774\ud558\uba70 \ud37c\uc990, \uc218\uc218\uaed8\ub07c, \ucc4c\ub9b0\uc9c0\ub97c \ud1b5\ud574 \ub3c4\uc2dc\ub97c \ud0d0\ud5d8\ud558\uc138\uc694. \uc790\uc2e0\ub9cc\uc758 \uc18d\ub3c4\ub85c \ud50c\ub808\uc774\ud558\uace0 \ud604\uc9c0\uc778\ucc98\ub7fc \ubc1c\uacac\ud558\uc138\uc694!\" \/>\n<meta name=\"robots\" content=\"noindex, follow, max-snippet:-1, max-image-preview:large, max-video-preview:-1\" \/>\n<meta property=\"og:locale\" content=\"ko_KR\" \/>\n<meta property=\"og:type\" content=\"article\" \/>\n<meta property=\"og:title\" content=\"\uc0c1\ud488\" \/>\n<meta property=\"og:description\" content=\"Secrets of Link\u00f6ping. \uc140\ud504 \uac00\uc774\ub4dc \ub3c4\uc2dc \uac8c\uc784\uc744 \ud50c\ub808\uc774\ud558\uba70 \ud37c\uc990, \uc218\uc218\uaed8\ub07c, \ucc4c\ub9b0\uc9c0\ub97c \ud1b5\ud574 \ub3c4\uc2dc\ub97c \ud0d0\ud5d8\ud558\uc138\uc694. \uc790\uc2e0\ub9cc\uc758 \uc18d\ub3c4\ub85c \ud50c\ub808\uc774\ud558\uace0 \ud604\uc9c0\uc778\ucc98\ub7fc \ubc1c\uacac\ud558\uc138\uc694!\" \/>\n<meta property=\"og:url\" content=\"https:\/\/testwebsite.citygame.com\/ko\/games\/unknown-location\/%ec%83%81%ed%92%88-362\/\" \/>\n<meta property=\"og:site_name\" content=\"City Game\" \/>\n<meta property=\"article:publisher\" content=\"https:\/\/www.facebook.com\/profile.php?id=100086426226253\" \/>\n<meta property=\"article:modified_time\" content=\"2026-04-02T19:14:00+00:00\" \/>\n<meta property=\"og:image\" content=\"https:\/\/testwebsite.citygame.com\/wp-content\/blogs.dir\/1\/files\/sites\/62\/2026\/01\/linkoping-sweden-player-smartphone-city-street.jpg\" \/>\n\t<meta property=\"og:image:width\" content=\"704\" \/>\n\t<meta property=\"og:image:height\" content=\"1472\" \/>\n\t<meta property=\"og:image:type\" content=\"image\/jpeg\" \/>\n<meta name=\"twitter:card\" content=\"summary_large_image\" \/>\n<script type=\"application\/ld+json\" class=\"yoast-schema-graph\">{\"@context\":\"https:\/\/schema.org\",\"@graph\":[{\"@type\":\"WebPage\",\"@id\":\"https:\/\/testwebsite.citygame.com\/ko\/games\/unknown-location\/%ec%83%81%ed%92%88-362\/\",\"url\":\"https:\/\/testwebsite.citygame.com\/ko\/games\/unknown-location\/%ec%83%81%ed%92%88-362\/\",\"name\":\"\uc0c1\ud488 - City Game\",\"isPartOf\":{\"@id\":\"https:\/\/testwebsite.upevents.nl\/#website\"},\"primaryImageOfPage\":{\"@id\":\"https:\/\/testwebsite.citygame.com\/ko\/games\/unknown-location\/%ec%83%81%ed%92%88-362\/#primaryimage\"},\"image\":{\"@id\":\"https:\/\/testwebsite.citygame.com\/ko\/games\/unknown-location\/%ec%83%81%ed%92%88-362\/#primaryimage\"},\"thumbnailUrl\":\"https:\/\/testwebsite.citygame.com\/wp-content\/blogs.dir\/1\/files\/sites\/62\/2026\/01\/linkoping-sweden-player-smartphone-city-street.jpg\",\"datePublished\":\"2026-01-13T11:46:22+00:00\",\"dateModified\":\"2026-04-02T19:14:00+00:00\",\"description\":\"Secrets of Link\u00f6ping. \uc140\ud504 \uac00\uc774\ub4dc \ub3c4\uc2dc \uac8c\uc784\uc744 \ud50c\ub808\uc774\ud558\uba70 \ud37c\uc990, \uc218\uc218\uaed8\ub07c, \ucc4c\ub9b0\uc9c0\ub97c \ud1b5\ud574 \ub3c4\uc2dc\ub97c \ud0d0\ud5d8\ud558\uc138\uc694. \uc790\uc2e0\ub9cc\uc758 \uc18d\ub3c4\ub85c \ud50c\ub808\uc774\ud558\uace0 \ud604\uc9c0\uc778\ucc98\ub7fc \ubc1c\uacac\ud558\uc138\uc694!\",\"breadcrumb\":{\"@id\":\"https:\/\/testwebsite.citygame.com\/ko\/games\/unknown-location\/%ec%83%81%ed%92%88-362\/#breadcrumb\"},\"inLanguage\":\"ko-KR\",\"potentialAction\":[{\"@type\":\"ReadAction\",\"target\":[\"https:\/\/testwebsite.citygame.com\/ko\/games\/unknown-location\/%ec%83%81%ed%92%88-362\/\"]}]},{\"@type\":\"ImageObject\",\"inLanguage\":\"ko-KR\",\"@id\":\"https:\/\/testwebsite.citygame.com\/ko\/games\/unknown-location\/%ec%83%81%ed%92%88-362\/#primaryimage\",\"url\":\"https:\/\/testwebsite.citygame.com\/wp-content\/blogs.dir\/1\/files\/sites\/62\/2026\/01\/linkoping-sweden-player-smartphone-city-street.jpg\",\"contentUrl\":\"https:\/\/testwebsite.citygame.com\/wp-content\/blogs.dir\/1\/files\/sites\/62\/2026\/01\/linkoping-sweden-player-smartphone-city-street.jpg\",\"width\":704,\"height\":1472,\"caption\":\"A player uses their smartphone to explore a wide, tree-lined pedestrian street in downtown Link\u00f6ping.\"},{\"@type\":\"BreadcrumbList\",\"@id\":\"https:\/\/testwebsite.citygame.com\/ko\/games\/unknown-location\/%ec%83%81%ed%92%88-362\/#breadcrumb\",\"itemListElement\":[{\"@type\":\"ListItem\",\"position\":1,\"name\":\"Home\",\"item\":\"https:\/\/testwebsite.citygame.com\/ko\/\"},{\"@type\":\"ListItem\",\"position\":2,\"name\":\"Shop\",\"item\":\"https:\/\/testwebsite.citygame.com\/shop\/\"},{\"@type\":\"ListItem\",\"position\":3,\"name\":\"\uc0c1\ud488\"}]},{\"@type\":\"WebSite\",\"@id\":\"https:\/\/testwebsite.upevents.nl\/#website\",\"url\":\"https:\/\/testwebsite.upevents.nl\/\",\"name\":\"City Game\",\"description\":\"\",\"publisher\":{\"@id\":\"https:\/\/testwebsite.upevents.nl\/#organization\"},\"alternateName\":\"citygame.com\",\"potentialAction\":[{\"@type\":\"SearchAction\",\"target\":{\"@type\":\"EntryPoint\",\"urlTemplate\":\"https:\/\/testwebsite.upevents.nl\/?s={search_term_string}\"},\"query-input\":{\"@type\":\"PropertyValueSpecification\",\"valueRequired\":true,\"valueName\":\"search_term_string\"}}],\"inLanguage\":\"ko-KR\"},{\"@type\":[\"Organization\",\"Place\"],\"@id\":\"https:\/\/testwebsite.upevents.nl\/#organization\",\"name\":\"City Game\",\"alternateName\":\"citygame.com\",\"url\":\"https:\/\/testwebsite.upevents.nl\/\",\"logo\":{\"@id\":\"https:\/\/testwebsite.citygame.com\/ko\/games\/unknown-location\/%ec%83%81%ed%92%88-362\/#local-main-organization-logo\"},\"image\":{\"@id\":\"https:\/\/testwebsite.citygame.com\/ko\/games\/unknown-location\/%ec%83%81%ed%92%88-362\/#local-main-organization-logo\"},\"sameAs\":[\"https:\/\/www.facebook.com\/profile.php?id=100086426226253\",\"https:\/\/www.instagram.com\/citygame_com\",\"https:\/\/www.tiktok.com\/@citygamecom\/\",\"https:\/\/www.linkedin.com\/company\/citygame-com\"],\"description\":\"Turn any city into a playground with our interactive City Games and self-guided tours. Fun, flexible, and ideal for groups and team building.\",\"telephone\":[],\"openingHoursSpecification\":[{\"@type\":\"OpeningHoursSpecification\",\"dayOfWeek\":[\"Monday\",\"Tuesday\",\"Wednesday\",\"Thursday\",\"Friday\",\"Saturday\",\"Sunday\"],\"opens\":\"09:00\",\"closes\":\"17:00\"}]},{\"@type\":\"ImageObject\",\"inLanguage\":\"ko-KR\",\"@id\":\"https:\/\/testwebsite.citygame.com\/ko\/games\/unknown-location\/%ec%83%81%ed%92%88-362\/#local-main-organization-logo\",\"url\":\"https:\/\/testwebsite.citygame.com\/wp-content\/blogs.dir\/1\/files\/sites\/62\/2025\/10\/CG_LOGO-City-Game.png\",\"contentUrl\":\"https:\/\/testwebsite.citygame.com\/wp-content\/blogs.dir\/1\/files\/sites\/62\/2025\/10\/CG_LOGO-City-Game.png\",\"width\":351,\"height\":377,\"caption\":\"City Game\"}]}<\/script>\n<!-- \/ Yoast SEO Premium plugin. -->","yoast_head_json":{"title":"\uc0c1\ud488 - City Game","description":"Secrets of Link\u00f6ping. \uc140\ud504 \uac00\uc774\ub4dc \ub3c4\uc2dc \uac8c\uc784\uc744 \ud50c\ub808\uc774\ud558\uba70 \ud37c\uc990, \uc218\uc218\uaed8\ub07c, \ucc4c\ub9b0\uc9c0\ub97c \ud1b5\ud574 \ub3c4\uc2dc\ub97c \ud0d0\ud5d8\ud558\uc138\uc694. \uc790\uc2e0\ub9cc\uc758 \uc18d\ub3c4\ub85c \ud50c\ub808\uc774\ud558\uace0 \ud604\uc9c0\uc778\ucc98\ub7fc \ubc1c\uacac\ud558\uc138\uc694!","robots":{"index":"noindex","follow":"follow","max-snippet":"max-snippet:-1","max-image-preview":"max-image-preview:large","max-video-preview":"max-video-preview:-1"},"og_locale":"ko_KR","og_type":"article","og_title":"\uc0c1\ud488","og_description":"Secrets of Link\u00f6ping. \uc140\ud504 \uac00\uc774\ub4dc \ub3c4\uc2dc \uac8c\uc784\uc744 \ud50c\ub808\uc774\ud558\uba70 \ud37c\uc990, \uc218\uc218\uaed8\ub07c, \ucc4c\ub9b0\uc9c0\ub97c \ud1b5\ud574 \ub3c4\uc2dc\ub97c \ud0d0\ud5d8\ud558\uc138\uc694. \uc790\uc2e0\ub9cc\uc758 \uc18d\ub3c4\ub85c \ud50c\ub808\uc774\ud558\uace0 \ud604\uc9c0\uc778\ucc98\ub7fc \ubc1c\uacac\ud558\uc138\uc694!","og_url":"https:\/\/testwebsite.citygame.com\/ko\/games\/unknown-location\/%ec%83%81%ed%92%88-362\/","og_site_name":"City Game","article_publisher":"https:\/\/www.facebook.com\/profile.php?id=100086426226253","article_modified_time":"2026-04-02T19:14:00+00:00","og_image":[{"width":704,"height":1472,"url":"https:\/\/testwebsite.citygame.com\/wp-content\/blogs.dir\/1\/files\/sites\/62\/2026\/01\/linkoping-sweden-player-smartphone-city-street.jpg","type":"image\/jpeg"}],"twitter_card":"summary_large_image","schema":{"@context":"https:\/\/schema.org","@graph":[{"@type":"WebPage","@id":"https:\/\/testwebsite.citygame.com\/ko\/games\/unknown-location\/%ec%83%81%ed%92%88-362\/","url":"https:\/\/testwebsite.citygame.com\/ko\/games\/unknown-location\/%ec%83%81%ed%92%88-362\/","name":"\uc0c1\ud488 - City Game","isPartOf":{"@id":"https:\/\/testwebsite.upevents.nl\/#website"},"primaryImageOfPage":{"@id":"https:\/\/testwebsite.citygame.com\/ko\/games\/unknown-location\/%ec%83%81%ed%92%88-362\/#primaryimage"},"image":{"@id":"https:\/\/testwebsite.citygame.com\/ko\/games\/unknown-location\/%ec%83%81%ed%92%88-362\/#primaryimage"},"thumbnailUrl":"https:\/\/testwebsite.citygame.com\/wp-content\/blogs.dir\/1\/files\/sites\/62\/2026\/01\/linkoping-sweden-player-smartphone-city-street.jpg","datePublished":"2026-01-13T11:46:22+00:00","dateModified":"2026-04-02T19:14:00+00:00","description":"Secrets of Link\u00f6ping. \uc140\ud504 \uac00\uc774\ub4dc \ub3c4\uc2dc \uac8c\uc784\uc744 \ud50c\ub808\uc774\ud558\uba70 \ud37c\uc990, \uc218\uc218\uaed8\ub07c, \ucc4c\ub9b0\uc9c0\ub97c \ud1b5\ud574 \ub3c4\uc2dc\ub97c \ud0d0\ud5d8\ud558\uc138\uc694. \uc790\uc2e0\ub9cc\uc758 \uc18d\ub3c4\ub85c \ud50c\ub808\uc774\ud558\uace0 \ud604\uc9c0\uc778\ucc98\ub7fc \ubc1c\uacac\ud558\uc138\uc694!","breadcrumb":{"@id":"https:\/\/testwebsite.citygame.com\/ko\/games\/unknown-location\/%ec%83%81%ed%92%88-362\/#breadcrumb"},"inLanguage":"ko-KR","potentialAction":[{"@type":"ReadAction","target":["https:\/\/testwebsite.citygame.com\/ko\/games\/unknown-location\/%ec%83%81%ed%92%88-362\/"]}]},{"@type":"ImageObject","inLanguage":"ko-KR","@id":"https:\/\/testwebsite.citygame.com\/ko\/games\/unknown-location\/%ec%83%81%ed%92%88-362\/#primaryimage","url":"https:\/\/testwebsite.citygame.com\/wp-content\/blogs.dir\/1\/files\/sites\/62\/2026\/01\/linkoping-sweden-player-smartphone-city-street.jpg","contentUrl":"https:\/\/testwebsite.citygame.com\/wp-content\/blogs.dir\/1\/files\/sites\/62\/2026\/01\/linkoping-sweden-player-smartphone-city-street.jpg","width":704,"height":1472,"caption":"A player uses their smartphone to explore a wide, tree-lined pedestrian street in downtown Link\u00f6ping."},{"@type":"BreadcrumbList","@id":"https:\/\/testwebsite.citygame.com\/ko\/games\/unknown-location\/%ec%83%81%ed%92%88-362\/#breadcrumb","itemListElement":[{"@type":"ListItem","position":1,"name":"Home","item":"https:\/\/testwebsite.citygame.com\/ko\/"},{"@type":"ListItem","position":2,"name":"Shop","item":"https:\/\/testwebsite.citygame.com\/shop\/"},{"@type":"ListItem","position":3,"name":"\uc0c1\ud488"}]},{"@type":"WebSite","@id":"https:\/\/testwebsite.upevents.nl\/#website","url":"https:\/\/testwebsite.upevents.nl\/","name":"City Game","description":"","publisher":{"@id":"https:\/\/testwebsite.upevents.nl\/#organization"},"alternateName":"citygame.com","potentialAction":[{"@type":"SearchAction","target":{"@type":"EntryPoint","urlTemplate":"https:\/\/testwebsite.upevents.nl\/?s={search_term_string}"},"query-input":{"@type":"PropertyValueSpecification","valueRequired":true,"valueName":"search_term_string"}}],"inLanguage":"ko-KR"},{"@type":["Organization","Place"],"@id":"https:\/\/testwebsite.upevents.nl\/#organization","name":"City Game","alternateName":"citygame.com","url":"https:\/\/testwebsite.upevents.nl\/","logo":{"@id":"https:\/\/testwebsite.citygame.com\/ko\/games\/unknown-location\/%ec%83%81%ed%92%88-362\/#local-main-organization-logo"},"image":{"@id":"https:\/\/testwebsite.citygame.com\/ko\/games\/unknown-location\/%ec%83%81%ed%92%88-362\/#local-main-organization-logo"},"sameAs":["https:\/\/www.facebook.com\/profile.php?id=100086426226253","https:\/\/www.instagram.com\/citygame_com","https:\/\/www.tiktok.com\/@citygamecom\/","https:\/\/www.linkedin.com\/company\/citygame-com"],"description":"Turn any city into a playground with our interactive City Games and self-guided tours. Fun, flexible, and ideal for groups and team building.","telephone":[],"openingHoursSpecification":[{"@type":"OpeningHoursSpecification","dayOfWeek":["Monday","Tuesday","Wednesday","Thursday","Friday","Saturday","Sunday"],"opens":"09:00","closes":"17:00"}]},{"@type":"ImageObject","inLanguage":"ko-KR","@id":"https:\/\/testwebsite.citygame.com\/ko\/games\/unknown-location\/%ec%83%81%ed%92%88-362\/#local-main-organization-logo","url":"https:\/\/testwebsite.citygame.com\/wp-content\/blogs.dir\/1\/files\/sites\/62\/2025\/10\/CG_LOGO-City-Game.png","contentUrl":"https:\/\/testwebsite.citygame.com\/wp-content\/blogs.dir\/1\/files\/sites\/62\/2025\/10\/CG_LOGO-City-Game.png","width":351,"height":377,"caption":"City Game"}]}},"taxonomy_info":{"game-concept":[{"value":36,"label":"Secrets"}],"product_cat":[{"value":27,"label":"Geen categorie"}]},"featured_image_src_large":["https:\/\/testwebsite.citygame.com\/wp-content\/blogs.dir\/1\/files\/sites\/62\/2026\/01\/linkoping-sweden-player-smartphone-city-street-490x1024.jpg",490,1024,true],"author_info":[],"comment_info":"","_links":{"self":[{"href":"https:\/\/testwebsite.citygame.com\/ko\/wp-json\/wp\/v2\/product\/42665","targetHints":{"allow":["GET"]}}],"collection":[{"href":"https:\/\/testwebsite.citygame.com\/ko\/wp-json\/wp\/v2\/product"}],"about":[{"href":"https:\/\/testwebsite.citygame.com\/ko\/wp-json\/wp\/v2\/types\/product"}],"acf:post":[{"embeddable":true,"href":"https:\/\/testwebsite.citygame.com\/ko\/wp-json\/wp\/v2\/pages\/7575"}],"wp:featuredmedia":[{"embeddable":true,"href":"https:\/\/testwebsite.citygame.com\/ko\/wp-json\/wp\/v2\/media\/3658"}],"wp:attachment":[{"href":"https:\/\/testwebsite.citygame.com\/ko\/wp-json\/wp\/v2\/media?parent=42665"}],"wp:term":[{"taxonomy":"game-concept","embeddable":true,"href":"https:\/\/testwebsite.citygame.com\/ko\/wp-json\/wp\/v2\/game-concept?post=42665"},{"taxonomy":"location","embeddable":true,"href":"https:\/\/testwebsite.citygame.com\/ko\/wp-json\/wp\/v2\/location?post=42665"},{"taxonomy":"product_brand","embeddable":true,"href":"https:\/\/testwebsite.citygame.com\/ko\/wp-json\/wp\/v2\/product_brand?post=42665"},{"taxonomy":"product_cat","embeddable":true,"href":"https:\/\/testwebsite.citygame.com\/ko\/wp-json\/wp\/v2\/product_cat?post=42665"},{"taxonomy":"product_tag","embeddable":true,"href":"https:\/\/testwebsite.citygame.com\/ko\/wp-json\/wp\/v2\/product_tag?post=42665"}],"curies":[{"name":"wp","href":"https:\/\/api.w.org\/{rel}","templated":true}]}}