{"id":42077,"date":"2026-01-13T11:45:50","date_gmt":"2026-01-13T11:45:50","guid":{"rendered":"https:\/\/testwebsite.citygame.com\/games\/unknown-location\/%ec%83%81%ed%92%88-357\/"},"modified":"2026-04-02T17:39:59","modified_gmt":"2026-04-02T17:39:59","slug":"%ec%83%81%ed%92%88-357","status":"publish","type":"product","link":"https:\/\/testwebsite.citygame.com\/ko\/games\/unknown-location\/%ec%83%81%ed%92%88-357\/","title":{"rendered":"\uc0c1\ud488"},"content":{"rendered":"","protected":false},"excerpt":{"rendered":"","protected":false},"featured_media":3655,"template":"","meta":{"_acf_changed":false,"_yoast_wpseo_focuskw":"Secrets of Lodz","_yoast_wpseo_metadesc":"Secrets of Lodz. \uc790\uc728 \uc548\ub0b4\ud615 \ub3c4\uc2dc \uac8c\uc784\uc744 \ud50c\ub808\uc774\ud558\uba70 \ud37c\uc990, \uc218\uc218\uaed8\ub07c, \ucc4c\ub9b0\uc9c0\ub97c \ud1b5\ud574 \ub3c4\uc2dc\ub97c \ud0d0\ud5d8\ud558\uc138\uc694. \uc790\uc2e0\uc758 \uc18d\ub3c4\uc5d0 \ub9de\ucdb0 \ud604\uc9c0\uc778\ucc98\ub7fc \ubc1c\uacac\ud574\ubcf4\uc138\uc694!","_kad_blocks_custom_css":"","_kad_blocks_head_custom_js":"","_kad_blocks_body_custom_js":"","_kad_blocks_footer_custom_js":"","ghostkit_customizer_options":"","ghostkit_custom_css":"","ghostkit_custom_js_head":"","ghostkit_custom_js_foot":"","ghostkit_typography":"","_kad_post_transparent":"","_kad_post_title":"","_kad_post_layout":"","_kad_post_sidebar_id":"","_kad_post_content_style":"","_kad_post_vertical_padding":"","_kad_post_feature":"","_kad_post_feature_position":"","_kad_post_header":false,"_kad_post_footer":false,"_kad_post_classname":"","_links_to":"","_links_to_target":""},"game-concept":[36],"location":[],"product_brand":[],"product_cat":[27],"product_tag":[],"class_list":{"0":"post-42077","1":"product","2":"type-product","3":"status-publish","4":"has-post-thumbnail","6":"game-concept-secrets","7":"product_cat-geen-categorie","9":"first","10":"instock","11":"shipping-taxable","12":"purchasable","13":"product-type-simple","14":"entry","15":"content-bg","16":"loop-entry"},"acf":{"full_bokun_product_name":"Self-Guided Secrets of \u0141\u00f3d\u017a Exploration Game","location_name":"Lodz","bokun_calendar_widget_code":"<script type=\"text\/javascript\" src=\"https:\/\/widgets.bokun.io\/assets\/javascripts\/apps\/build\/BokunWidgetsLoader.js?bookingChannelUUID=a1e93e96-5232-4734-a595-28405f4b5a31\" async><\/script>\n     \n    <div class=\"bokunWidget\" data-src=\"https:\/\/widgets.bokun.io\/online-sales\/a1e93e96-5232-4734-a595-28405f4b5a31\/experience-calendar\/1102921\"><\/div>\n    <noscript>Please enable javascript in your browser to book<\/noscript>","bokun_button_widget_code":"<script type=\"text\/javascript\" src=\"https:\/\/widgets.bokun.io\/assets\/javascripts\/apps\/build\/BokunWidgetsLoader.js?bookingChannelUUID=a1e93e96-5232-4734-a595-28405f4b5a31\" async><\/script>\n      <style> #bokun_ed001e45_5927_4f62_b470_ca766338d083 { display: inline-block; padding: .4em 1em; background: #47b82e; border-radius: 999999px; box-shadow: none; font-weight: 600; font-size: 24px; text-decoration: none; text-align: center; color: #FFFFFF; border:none; cursor: pointer; transition: background .2s ease; } #bokun_ed001e45_5927_4f62_b470_ca766338d083:hover{ background: #2f7b1f; } #bokun_ed001e45_5927_4f62_b470_ca766338d083:active{ background: #378f24; } <\/style> <button class=\"bokunButton\" disabled id=bokun_ed001e45_5927_4f62_b470_ca766338d083 data-src=\"https:\/\/widgets.bokun.io\/online-sales\/a1e93e96-5232-4734-a595-28405f4b5a31\/experience-calendar\/1102921?partialView=1\" data-testid=\"widget-book-button\" > Book now <\/button> ","what_you\u2019ll_experience_during_the_game":"Secrets of \u0141\u00f3d\u017a City Game\ub97c \uc9c4\ud589\ud558\ub294 \ub3d9\uc548, \uc5ec\ub7ec\ubd84\uc740 \uc804\ud615\uc801\uc778 \uad00\uad11\uc744 \ub118\uc5b4 \uc2a4\ud1a0\ub9ac\ud154\ub9c1\uacfc \uc0c1\ud638\uc791\uc6a9\uc801\uc778 \ucc4c\ub9b0\uc9c0\ub97c \ud1b5\ud574 \ub3c4\uc2dc\ub97c \ud0d0\ud5d8\ud558\uac8c \ub429\ub2c8\ub2e4. \uc6b0\uce58(\u0141\u00f3d\u017a) \uc911\uc2ec\ubd80\ub97c \uc774\ub3d9\ud558\uba74\uc11c \ud53c\uc624\ud2b8\ub974\ucf54\ud504\uc2a4\uce74 \uac70\ub9ac(Piotrkowska Street)\uc640 \uac19\uc740 \uc0c1\uc9d5\uc801\uc778 \uc7a5\uc18c\ub97c \ubc1c\uacac\ud558\uace0, \uc0bc\uacf5\uc5c5\uac00 \uae30\ub150\ube44(Three Industrialists Monument)\uc758 \uc815\uad50\ud55c \uc870\uac01\uc0c1\ub4e4\uc744 \uac10\uc0c1\ud558\uba70, \uc12c\uc138\ud55c \uc54c\ub809\uc0b0\ub354 \ub124\ud504\uc2a4\ud0a4 \ub300\uc131\ub2f9(Alexander Nevsky Cathedral) \uc606\uc5d0\uc11c \uc7a0\uc2dc \uba48\ucdb0 \uc11c\uac8c \ub420 \uac83\uc785\ub2c8\ub2e4. \uadf8 \uae38\uc744 \ub530\ub77c \uc544\ub974\ud22c\ub974 \ub8e8\ube48\uc288\ud0c0\uc778 \ubcbd\ud654(Arthur Rubinstein Mural)\uc640 \uc778\uc1c4\uacf5\uc758 \uc5ed\uc0ac\uc801\uc778 \uc9d1(Historic House of the Printers)\uacfc \uac19\uc740 \ub35c \uc54c\ub824\uc9c4 \ubcf4\uc11d\ub4e4\uc774 \ub3c4\uc2dc\uc758 \ub2e4\uce35\uc801\uc778 \ubb38\ud654\uc801 \uc815\uccb4\uc131\uc744 \ub4dc\ub7ec\ub0c5\ub2c8\ub2e4. \uac01 \uc7a5\uc18c\ub294 \uc5ed\uc0ac, \uc608\uc220, \uc77c\uc0c1\uc758 \ub3c4\uc2dc \ubd84\uc704\uae30\uac00 \uc5b4\uc6b0\ub7ec\uc838 \ub3c4\uc2dc \uc774\uc57c\uae30\uc758 \uc0c8\ub85c\uc6b4 \uc870\uac01\ub4e4\uc744 \uc0dd\uc0dd\ud558\uac8c \uc804\ub2ec\ud569\ub2c8\ub2e4.\n\n\uac8c\uc784 \ub0b4\ub0b4, \uc5ec\ub7ec\ubd84\uc740 \ub2e4\uc591\ud55c \ud37c\uc990, \uc218\uc218\uaed8\ub07c, \uc7ac\ubbf8\uc788\ub294 \uc0ac\uc9c4 \ucc4c\ub9b0\uc9c0\ub97c \ud480\uba74\uc11c \ud3ec\uc778\ud2b8\ub97c \uc5bb\uace0 \ub2e8\uc11c\ub97c \ubc1c\uacac\ud558\uac8c \ub420 \uac83\uc785\ub2c8\ub2e4. \uac01 \ub2e8\uacc4\ub294 \uacbd\ud5d8\uc744 \ud558\ub098\ub85c \ubb36\ub294 \ucd5c\uc885 \ubbf8\uc2a4\ud130\ub9ac\ub97c \ud574\uacb0\ud558\ub294 \ub370 \ub354 \uac00\uae4c\uc774 \ub2e4\uac00\uac00\uac8c \ud569\ub2c8\ub2e4. \uc5b8\uc81c\ub4e0\uc9c0 \uac8c\uc784\uc744 \uc77c\uc2dc \uc911\uc9c0\ud558\uace0 \ub098\uc911\uc5d0 \uacc4\uc18d\ud560 \uc218 \uc788\uc73c\ubbc0\ub85c, \uc790\uc2e0\uc758 \uc18d\ub3c4\uc5d0 \ub9de\ucdb0 \uc6b0\uce58(\u0141\u00f3d\u017a)\ub97c \uc27d\uac8c \ud0d0\ud5d8\ud560 \uc218 \uc788\uc2b5\ub2c8\ub2e4. \uacbd\uc7c1\uc2ec\uc774 \uac15\ud55c \ubd84\ub4e4\uc744 \uc704\ud574, \ud300\uacfc \uac1c\uc778\uc740 \uc774 \ub9e4\ub825\uc801\uc778 \ub3c4\uc2dc \uac8c\uc784\uc744 \ud0d0\ud5d8\ud558\uba70 \uc810\uc218\ub97c \ucd94\uc801\ud558\uace0 \uc21c\uc704\ud45c\uc5d0 \uc624\ub974\ub294 \uac83\uc744 \ubaa9\ud45c\ub85c \ud560 \uc218 \uc788\uc2b5\ub2c8\ub2e4.","how_to_play":"City Game \u0141\u00f3d\u017a\ub97c \uc608\uc57d\ud558\uc2dc\uba74, \uc9c1\uc811 \ud50c\ub808\uc774\ud560 \uc218 \uc788\ub294 \ub9c1\ud06c\uac00 \ub2f4\uae34 \uc774\uba54\uc77c\uc744 \ubc1b\uac8c \ub429\ub2c8\ub2e4. \uac04\ub2e8\ud788 \uc6b0\uce58 \uba85\uc608\uc758 \uac70\ub9ac(\u0141\u00f3d\u017a Walk of Fame)\uc5d0 \uc788\ub294 \uc2dc\uc791 \uc9c0\uc810\uc73c\ub85c \uac00\uc11c \ub9c1\ud06c\ub97c \uc5f4\uace0 \uc989\uc2dc \ubaa8\ud5d8\uc744 \uc2dc\uc791\ud558\uc138\uc694. \uac8c\uc784\uc740 \uc804\uc801\uc73c\ub85c \uc2a4\ub9c8\ud2b8\ud3f0\uc5d0\uc11c \uc2e4\ud589\ub418\ubbc0\ub85c, \uac00\uc774\ub4dc\ub098 \uc571 \ub2e4\uc6b4\ub85c\ub4dc\uac00 \ud544\uc694\ud558\uc9c0 \uc54a\uc2b5\ub2c8\ub2e4. \uc5b8\uc81c\ub4e0\uc9c0 \uac8c\uc784\uc744 \uc77c\uc2dc \uc911\uc9c0\ud558\uace0 \ub098\uc911\uc5d0 \uacc4\uc18d\ud560 \uc218 \uc788\uc2b5\ub2c8\ub2e4. \uc5ec\ub7ec\ubd84\uc774 \uc6d0\ud560 \ub54c \uc774\uc57c\uae30\ub97c \ub05d\ub0bc \uc218 \uc788\uc2b5\ub2c8\ub2e4.","start_location":"\u0141\u00f3d\u017a, \u0141\u00f3d\u017a Walk of Fame (Aleja Gwiazd)","available_languages":[],"players_per_group":"1-4","duration":"1.5-2 hours","image_overlay_color_image":"https:\/\/testwebsite.citygame.com\/wp-content\/blogs.dir\/1\/files\/sites\/62\/2026\/01\/SecretsColor.svg","image_overlay_game_logo":"https:\/\/testwebsite.citygame.com\/wp-content\/blogs.dir\/1\/files\/sites\/62\/2026\/01\/SecretsLogo.png","city_page":15935,"woocommerce_general_content":null,"the_story":"<strong>\uc6b0\uce58(\u0141\u00f3d\u017a)\ub294 \uadf8\uc800 \ub9d0\ud558\ub294 \uac83\uc774 \uc544\ub2c8\ub77c \ub178\ub798\ud569\ub2c8\ub2e4. \ubcbd\ud654\uc640 \uba5c\ub85c\ub514, \uacf5\uc7a5\uacfc \ud504\ub808\uc2a4\ucf54\ud654\ub97c \ud1b5\ud574 \uc774 \ub3c4\uc2dc\ub294 \uc228\uaca8\uc9c4 \ub9ac\ub4ec\uc73c\ub85c \ud765\uc5bc\uac70\ub9bd\ub2c8\ub2e4. \uadf8\ub9ac\uace0 \uc78a\ud600\uc9c4 \ub178\ub798\uc758 \uc911\uc2ec\uc5d0\ub294 \uc774 \uac70\ub9ac\uc5d0\uc11c \ud0dc\uc5b4\ub09c \uc804\uc124\uc801\uc778 \ud53c\uc544\ub2c8\uc2a4\ud2b8 \uc544\ub974\ud22c\ub974 \ub8e8\ube48\uc288\ud0c0\uc778\uc774 \uc11c \uc788\uc2b5\ub2c8\ub2e4. \uadf8\uc758 \uc74c\uc545\uc740 \ud55c\ub54c \uc804 \uc138\uacc4\uc758 \ub9c8\uc74c\uc744 \uc6c0\uc9c1\uc600\uc9c0\ub9cc, \uc774\uc81c \uadf8\uc758 \uc545\ubcf4\ub4e4\uc740 \uc0ac\ub77c\uc9c0\uace0 \uadf8\uac00 \ud55c\ub54c \uc9d1\uc774\ub77c \ubd88\ub800\ub358 \uace8\ubaa9\ub4e4\uc5d0 \ud769\uc5b4\uc838 \uc788\uc2b5\ub2c8\ub2e4.<\/strong><br><br>\uc5ec\ub7ec\ubd84\uc740 \ud669\uae08\ube5b \ub3d4\uc5d0\uc11c \uace0\uc694\ud55c \ubca4\uce58\uae4c\uc9c0 \uae30\uc5b5\uc758 \uba54\uc544\ub9ac\ub97c \ub530\ub77c\uac00\uba70, \uc18c\ub098\ud0c0 \uc545\ubcf4 \ud55c \uc7a5 \ud55c \uc7a5\uc744 \ud1b5\ud574 \ube44\ubc00\uc744 \ud30c\ud5e4\uce58\uac8c \ub420 \uac83\uc785\ub2c8\ub2e4. \uc774\uac83\uc740 \uc783\uc5b4\ubc84\ub9b0 \uc74c\uc545\uc744 \ucc3e\ub294 \uac83 \uc774\uc0c1\uc785\ub2c8\ub2e4. \ubaa9\uc18c\ub9ac\ub97c \ub418\ucc3e\uace0, \uc720\uc0b0\uc744 \ubd80\ud65c\uc2dc\ud0a4\uba70, \uc5ec\ub7ec\ubd84\uc744 \ud1b5\ud574 \ub3c4\uc2dc\uac00 \ub2e4\uc2dc \uc5f0\uc8fc\ud560 \uae30\ud68c\uc785\ub2c8\ub2e4.<br><br><strong>\ud0d0\ud5d8\ud558\ub7ec \uc624\uc168\ub098\uc694? \uc774\uc57c\uae30\ub97c \uad6c\ud558\uae30 \uc704\ud574 \uba38\ubb3c\ub7ec \uc8fc\uc138\uc694.<\/strong>","name_main_character":"Arthur Rubinstein","photo_main_character":42078,"loquiz_or_kokimoki":"Kokimoki"},"yoast_head":"<!-- This site is optimized with the Yoast SEO Premium plugin v26.2 (Yoast SEO v26.3) - https:\/\/yoast.com\/wordpress\/plugins\/seo\/ -->\n<title>\uc0c1\ud488 - City Game<\/title>\n<meta name=\"description\" content=\"Secrets of Lodz. \uc790\uc728 \uc548\ub0b4\ud615 \ub3c4\uc2dc \uac8c\uc784\uc744 \ud50c\ub808\uc774\ud558\uba70 \ud37c\uc990, \uc218\uc218\uaed8\ub07c, \ucc4c\ub9b0\uc9c0\ub97c \ud1b5\ud574 \ub3c4\uc2dc\ub97c \ud0d0\ud5d8\ud558\uc138\uc694. \uc790\uc2e0\uc758 \uc18d\ub3c4\uc5d0 \ub9de\ucdb0 \ud604\uc9c0\uc778\ucc98\ub7fc \ubc1c\uacac\ud574\ubcf4\uc138\uc694!\" \/>\n<meta name=\"robots\" content=\"noindex, follow, max-snippet:-1, max-image-preview:large, max-video-preview:-1\" \/>\n<meta property=\"og:locale\" content=\"ko_KR\" \/>\n<meta property=\"og:type\" content=\"article\" \/>\n<meta property=\"og:title\" content=\"\uc0c1\ud488\" \/>\n<meta property=\"og:description\" content=\"Secrets of Lodz. \uc790\uc728 \uc548\ub0b4\ud615 \ub3c4\uc2dc \uac8c\uc784\uc744 \ud50c\ub808\uc774\ud558\uba70 \ud37c\uc990, \uc218\uc218\uaed8\ub07c, \ucc4c\ub9b0\uc9c0\ub97c \ud1b5\ud574 \ub3c4\uc2dc\ub97c \ud0d0\ud5d8\ud558\uc138\uc694. \uc790\uc2e0\uc758 \uc18d\ub3c4\uc5d0 \ub9de\ucdb0 \ud604\uc9c0\uc778\ucc98\ub7fc \ubc1c\uacac\ud574\ubcf4\uc138\uc694!\" \/>\n<meta property=\"og:url\" content=\"https:\/\/testwebsite.citygame.com\/ko\/games\/unknown-location\/%ec%83%81%ed%92%88-357\/\" \/>\n<meta property=\"og:site_name\" content=\"City Game\" \/>\n<meta property=\"article:publisher\" content=\"https:\/\/www.facebook.com\/profile.php?id=100086426226253\" \/>\n<meta property=\"article:modified_time\" content=\"2026-04-02T17:39:59+00:00\" \/>\n<meta property=\"og:image\" content=\"https:\/\/testwebsite.citygame.com\/wp-content\/blogs.dir\/1\/files\/sites\/62\/2026\/01\/lodz-poland-player-alexander-nevsky-cathedral-city-game.jpg\" \/>\n\t<meta property=\"og:image:width\" content=\"864\" \/>\n\t<meta property=\"og:image:height\" content=\"1184\" \/>\n\t<meta property=\"og:image:type\" content=\"image\/jpeg\" \/>\n<meta name=\"twitter:card\" content=\"summary_large_image\" \/>\n<script type=\"application\/ld+json\" class=\"yoast-schema-graph\">{\"@context\":\"https:\/\/schema.org\",\"@graph\":[{\"@type\":\"WebPage\",\"@id\":\"https:\/\/testwebsite.citygame.com\/ko\/games\/unknown-location\/%ec%83%81%ed%92%88-357\/\",\"url\":\"https:\/\/testwebsite.citygame.com\/ko\/games\/unknown-location\/%ec%83%81%ed%92%88-357\/\",\"name\":\"\uc0c1\ud488 - City Game\",\"isPartOf\":{\"@id\":\"https:\/\/testwebsite.upevents.nl\/#website\"},\"primaryImageOfPage\":{\"@id\":\"https:\/\/testwebsite.citygame.com\/ko\/games\/unknown-location\/%ec%83%81%ed%92%88-357\/#primaryimage\"},\"image\":{\"@id\":\"https:\/\/testwebsite.citygame.com\/ko\/games\/unknown-location\/%ec%83%81%ed%92%88-357\/#primaryimage\"},\"thumbnailUrl\":\"https:\/\/testwebsite.citygame.com\/wp-content\/blogs.dir\/1\/files\/sites\/62\/2026\/01\/lodz-poland-player-alexander-nevsky-cathedral-city-game.jpg\",\"datePublished\":\"2026-01-13T11:45:50+00:00\",\"dateModified\":\"2026-04-02T17:39:59+00:00\",\"description\":\"Secrets of Lodz. \uc790\uc728 \uc548\ub0b4\ud615 \ub3c4\uc2dc \uac8c\uc784\uc744 \ud50c\ub808\uc774\ud558\uba70 \ud37c\uc990, \uc218\uc218\uaed8\ub07c, \ucc4c\ub9b0\uc9c0\ub97c \ud1b5\ud574 \ub3c4\uc2dc\ub97c \ud0d0\ud5d8\ud558\uc138\uc694. \uc790\uc2e0\uc758 \uc18d\ub3c4\uc5d0 \ub9de\ucdb0 \ud604\uc9c0\uc778\ucc98\ub7fc \ubc1c\uacac\ud574\ubcf4\uc138\uc694!\",\"breadcrumb\":{\"@id\":\"https:\/\/testwebsite.citygame.com\/ko\/games\/unknown-location\/%ec%83%81%ed%92%88-357\/#breadcrumb\"},\"inLanguage\":\"ko-KR\",\"potentialAction\":[{\"@type\":\"ReadAction\",\"target\":[\"https:\/\/testwebsite.citygame.com\/ko\/games\/unknown-location\/%ec%83%81%ed%92%88-357\/\"]}]},{\"@type\":\"ImageObject\",\"inLanguage\":\"ko-KR\",\"@id\":\"https:\/\/testwebsite.citygame.com\/ko\/games\/unknown-location\/%ec%83%81%ed%92%88-357\/#primaryimage\",\"url\":\"https:\/\/testwebsite.citygame.com\/wp-content\/blogs.dir\/1\/files\/sites\/62\/2026\/01\/lodz-poland-player-alexander-nevsky-cathedral-city-game.jpg\",\"contentUrl\":\"https:\/\/testwebsite.citygame.com\/wp-content\/blogs.dir\/1\/files\/sites\/62\/2026\/01\/lodz-poland-player-alexander-nevsky-cathedral-city-game.jpg\",\"width\":864,\"height\":1184,\"caption\":\"Playing a city game in front of the historic Alexander Nevsky Cathedral in Lodz, Poland.\"},{\"@type\":\"BreadcrumbList\",\"@id\":\"https:\/\/testwebsite.citygame.com\/ko\/games\/unknown-location\/%ec%83%81%ed%92%88-357\/#breadcrumb\",\"itemListElement\":[{\"@type\":\"ListItem\",\"position\":1,\"name\":\"Home\",\"item\":\"https:\/\/testwebsite.citygame.com\/ko\/\"},{\"@type\":\"ListItem\",\"position\":2,\"name\":\"Shop\",\"item\":\"https:\/\/testwebsite.citygame.com\/shop\/\"},{\"@type\":\"ListItem\",\"position\":3,\"name\":\"\uc0c1\ud488\"}]},{\"@type\":\"WebSite\",\"@id\":\"https:\/\/testwebsite.upevents.nl\/#website\",\"url\":\"https:\/\/testwebsite.upevents.nl\/\",\"name\":\"City Game\",\"description\":\"\",\"publisher\":{\"@id\":\"https:\/\/testwebsite.upevents.nl\/#organization\"},\"alternateName\":\"citygame.com\",\"potentialAction\":[{\"@type\":\"SearchAction\",\"target\":{\"@type\":\"EntryPoint\",\"urlTemplate\":\"https:\/\/testwebsite.upevents.nl\/?s={search_term_string}\"},\"query-input\":{\"@type\":\"PropertyValueSpecification\",\"valueRequired\":true,\"valueName\":\"search_term_string\"}}],\"inLanguage\":\"ko-KR\"},{\"@type\":[\"Organization\",\"Place\"],\"@id\":\"https:\/\/testwebsite.upevents.nl\/#organization\",\"name\":\"City Game\",\"alternateName\":\"citygame.com\",\"url\":\"https:\/\/testwebsite.upevents.nl\/\",\"logo\":{\"@id\":\"https:\/\/testwebsite.citygame.com\/ko\/games\/unknown-location\/%ec%83%81%ed%92%88-357\/#local-main-organization-logo\"},\"image\":{\"@id\":\"https:\/\/testwebsite.citygame.com\/ko\/games\/unknown-location\/%ec%83%81%ed%92%88-357\/#local-main-organization-logo\"},\"sameAs\":[\"https:\/\/www.facebook.com\/profile.php?id=100086426226253\",\"https:\/\/www.instagram.com\/citygame_com\",\"https:\/\/www.tiktok.com\/@citygamecom\/\",\"https:\/\/www.linkedin.com\/company\/citygame-com\"],\"description\":\"Turn any city into a playground with our interactive City Games and self-guided tours. Fun, flexible, and ideal for groups and team building.\",\"telephone\":[],\"openingHoursSpecification\":[{\"@type\":\"OpeningHoursSpecification\",\"dayOfWeek\":[\"Monday\",\"Tuesday\",\"Wednesday\",\"Thursday\",\"Friday\",\"Saturday\",\"Sunday\"],\"opens\":\"09:00\",\"closes\":\"17:00\"}]},{\"@type\":\"ImageObject\",\"inLanguage\":\"ko-KR\",\"@id\":\"https:\/\/testwebsite.citygame.com\/ko\/games\/unknown-location\/%ec%83%81%ed%92%88-357\/#local-main-organization-logo\",\"url\":\"https:\/\/testwebsite.citygame.com\/wp-content\/blogs.dir\/1\/files\/sites\/62\/2025\/10\/CG_LOGO-City-Game.png\",\"contentUrl\":\"https:\/\/testwebsite.citygame.com\/wp-content\/blogs.dir\/1\/files\/sites\/62\/2025\/10\/CG_LOGO-City-Game.png\",\"width\":351,\"height\":377,\"caption\":\"City Game\"}]}<\/script>\n<!-- \/ Yoast SEO Premium plugin. -->","yoast_head_json":{"title":"\uc0c1\ud488 - City Game","description":"Secrets of Lodz. \uc790\uc728 \uc548\ub0b4\ud615 \ub3c4\uc2dc \uac8c\uc784\uc744 \ud50c\ub808\uc774\ud558\uba70 \ud37c\uc990, \uc218\uc218\uaed8\ub07c, \ucc4c\ub9b0\uc9c0\ub97c \ud1b5\ud574 \ub3c4\uc2dc\ub97c \ud0d0\ud5d8\ud558\uc138\uc694. \uc790\uc2e0\uc758 \uc18d\ub3c4\uc5d0 \ub9de\ucdb0 \ud604\uc9c0\uc778\ucc98\ub7fc \ubc1c\uacac\ud574\ubcf4\uc138\uc694!","robots":{"index":"noindex","follow":"follow","max-snippet":"max-snippet:-1","max-image-preview":"max-image-preview:large","max-video-preview":"max-video-preview:-1"},"og_locale":"ko_KR","og_type":"article","og_title":"\uc0c1\ud488","og_description":"Secrets of Lodz. \uc790\uc728 \uc548\ub0b4\ud615 \ub3c4\uc2dc \uac8c\uc784\uc744 \ud50c\ub808\uc774\ud558\uba70 \ud37c\uc990, \uc218\uc218\uaed8\ub07c, \ucc4c\ub9b0\uc9c0\ub97c \ud1b5\ud574 \ub3c4\uc2dc\ub97c \ud0d0\ud5d8\ud558\uc138\uc694. \uc790\uc2e0\uc758 \uc18d\ub3c4\uc5d0 \ub9de\ucdb0 \ud604\uc9c0\uc778\ucc98\ub7fc \ubc1c\uacac\ud574\ubcf4\uc138\uc694!","og_url":"https:\/\/testwebsite.citygame.com\/ko\/games\/unknown-location\/%ec%83%81%ed%92%88-357\/","og_site_name":"City Game","article_publisher":"https:\/\/www.facebook.com\/profile.php?id=100086426226253","article_modified_time":"2026-04-02T17:39:59+00:00","og_image":[{"width":864,"height":1184,"url":"https:\/\/testwebsite.citygame.com\/wp-content\/blogs.dir\/1\/files\/sites\/62\/2026\/01\/lodz-poland-player-alexander-nevsky-cathedral-city-game.jpg","type":"image\/jpeg"}],"twitter_card":"summary_large_image","schema":{"@context":"https:\/\/schema.org","@graph":[{"@type":"WebPage","@id":"https:\/\/testwebsite.citygame.com\/ko\/games\/unknown-location\/%ec%83%81%ed%92%88-357\/","url":"https:\/\/testwebsite.citygame.com\/ko\/games\/unknown-location\/%ec%83%81%ed%92%88-357\/","name":"\uc0c1\ud488 - City Game","isPartOf":{"@id":"https:\/\/testwebsite.upevents.nl\/#website"},"primaryImageOfPage":{"@id":"https:\/\/testwebsite.citygame.com\/ko\/games\/unknown-location\/%ec%83%81%ed%92%88-357\/#primaryimage"},"image":{"@id":"https:\/\/testwebsite.citygame.com\/ko\/games\/unknown-location\/%ec%83%81%ed%92%88-357\/#primaryimage"},"thumbnailUrl":"https:\/\/testwebsite.citygame.com\/wp-content\/blogs.dir\/1\/files\/sites\/62\/2026\/01\/lodz-poland-player-alexander-nevsky-cathedral-city-game.jpg","datePublished":"2026-01-13T11:45:50+00:00","dateModified":"2026-04-02T17:39:59+00:00","description":"Secrets of Lodz. \uc790\uc728 \uc548\ub0b4\ud615 \ub3c4\uc2dc \uac8c\uc784\uc744 \ud50c\ub808\uc774\ud558\uba70 \ud37c\uc990, \uc218\uc218\uaed8\ub07c, \ucc4c\ub9b0\uc9c0\ub97c \ud1b5\ud574 \ub3c4\uc2dc\ub97c \ud0d0\ud5d8\ud558\uc138\uc694. \uc790\uc2e0\uc758 \uc18d\ub3c4\uc5d0 \ub9de\ucdb0 \ud604\uc9c0\uc778\ucc98\ub7fc \ubc1c\uacac\ud574\ubcf4\uc138\uc694!","breadcrumb":{"@id":"https:\/\/testwebsite.citygame.com\/ko\/games\/unknown-location\/%ec%83%81%ed%92%88-357\/#breadcrumb"},"inLanguage":"ko-KR","potentialAction":[{"@type":"ReadAction","target":["https:\/\/testwebsite.citygame.com\/ko\/games\/unknown-location\/%ec%83%81%ed%92%88-357\/"]}]},{"@type":"ImageObject","inLanguage":"ko-KR","@id":"https:\/\/testwebsite.citygame.com\/ko\/games\/unknown-location\/%ec%83%81%ed%92%88-357\/#primaryimage","url":"https:\/\/testwebsite.citygame.com\/wp-content\/blogs.dir\/1\/files\/sites\/62\/2026\/01\/lodz-poland-player-alexander-nevsky-cathedral-city-game.jpg","contentUrl":"https:\/\/testwebsite.citygame.com\/wp-content\/blogs.dir\/1\/files\/sites\/62\/2026\/01\/lodz-poland-player-alexander-nevsky-cathedral-city-game.jpg","width":864,"height":1184,"caption":"Playing a city game in front of the historic Alexander Nevsky Cathedral in Lodz, Poland."},{"@type":"BreadcrumbList","@id":"https:\/\/testwebsite.citygame.com\/ko\/games\/unknown-location\/%ec%83%81%ed%92%88-357\/#breadcrumb","itemListElement":[{"@type":"ListItem","position":1,"name":"Home","item":"https:\/\/testwebsite.citygame.com\/ko\/"},{"@type":"ListItem","position":2,"name":"Shop","item":"https:\/\/testwebsite.citygame.com\/shop\/"},{"@type":"ListItem","position":3,"name":"\uc0c1\ud488"}]},{"@type":"WebSite","@id":"https:\/\/testwebsite.upevents.nl\/#website","url":"https:\/\/testwebsite.upevents.nl\/","name":"City Game","description":"","publisher":{"@id":"https:\/\/testwebsite.upevents.nl\/#organization"},"alternateName":"citygame.com","potentialAction":[{"@type":"SearchAction","target":{"@type":"EntryPoint","urlTemplate":"https:\/\/testwebsite.upevents.nl\/?s={search_term_string}"},"query-input":{"@type":"PropertyValueSpecification","valueRequired":true,"valueName":"search_term_string"}}],"inLanguage":"ko-KR"},{"@type":["Organization","Place"],"@id":"https:\/\/testwebsite.upevents.nl\/#organization","name":"City Game","alternateName":"citygame.com","url":"https:\/\/testwebsite.upevents.nl\/","logo":{"@id":"https:\/\/testwebsite.citygame.com\/ko\/games\/unknown-location\/%ec%83%81%ed%92%88-357\/#local-main-organization-logo"},"image":{"@id":"https:\/\/testwebsite.citygame.com\/ko\/games\/unknown-location\/%ec%83%81%ed%92%88-357\/#local-main-organization-logo"},"sameAs":["https:\/\/www.facebook.com\/profile.php?id=100086426226253","https:\/\/www.instagram.com\/citygame_com","https:\/\/www.tiktok.com\/@citygamecom\/","https:\/\/www.linkedin.com\/company\/citygame-com"],"description":"Turn any city into a playground with our interactive City Games and self-guided tours. Fun, flexible, and ideal for groups and team building.","telephone":[],"openingHoursSpecification":[{"@type":"OpeningHoursSpecification","dayOfWeek":["Monday","Tuesday","Wednesday","Thursday","Friday","Saturday","Sunday"],"opens":"09:00","closes":"17:00"}]},{"@type":"ImageObject","inLanguage":"ko-KR","@id":"https:\/\/testwebsite.citygame.com\/ko\/games\/unknown-location\/%ec%83%81%ed%92%88-357\/#local-main-organization-logo","url":"https:\/\/testwebsite.citygame.com\/wp-content\/blogs.dir\/1\/files\/sites\/62\/2025\/10\/CG_LOGO-City-Game.png","contentUrl":"https:\/\/testwebsite.citygame.com\/wp-content\/blogs.dir\/1\/files\/sites\/62\/2025\/10\/CG_LOGO-City-Game.png","width":351,"height":377,"caption":"City Game"}]}},"taxonomy_info":{"game-concept":[{"value":36,"label":"Secrets"}],"product_cat":[{"value":27,"label":"Geen categorie"}]},"featured_image_src_large":["https:\/\/testwebsite.citygame.com\/wp-content\/blogs.dir\/1\/files\/sites\/62\/2026\/01\/lodz-poland-player-alexander-nevsky-cathedral-city-game-747x1024.jpg",747,1024,true],"author_info":[],"comment_info":"","_links":{"self":[{"href":"https:\/\/testwebsite.citygame.com\/ko\/wp-json\/wp\/v2\/product\/42077","targetHints":{"allow":["GET"]}}],"collection":[{"href":"https:\/\/testwebsite.citygame.com\/ko\/wp-json\/wp\/v2\/product"}],"about":[{"href":"https:\/\/testwebsite.citygame.com\/ko\/wp-json\/wp\/v2\/types\/product"}],"acf:post":[{"embeddable":true,"href":"https:\/\/testwebsite.citygame.com\/ko\/wp-json\/wp\/v2\/pages\/15935"}],"wp:featuredmedia":[{"embeddable":true,"href":"https:\/\/testwebsite.citygame.com\/ko\/wp-json\/wp\/v2\/media\/3655"}],"wp:attachment":[{"href":"https:\/\/testwebsite.citygame.com\/ko\/wp-json\/wp\/v2\/media?parent=42077"}],"wp:term":[{"taxonomy":"game-concept","embeddable":true,"href":"https:\/\/testwebsite.citygame.com\/ko\/wp-json\/wp\/v2\/game-concept?post=42077"},{"taxonomy":"location","embeddable":true,"href":"https:\/\/testwebsite.citygame.com\/ko\/wp-json\/wp\/v2\/location?post=42077"},{"taxonomy":"product_brand","embeddable":true,"href":"https:\/\/testwebsite.citygame.com\/ko\/wp-json\/wp\/v2\/product_brand?post=42077"},{"taxonomy":"product_cat","embeddable":true,"href":"https:\/\/testwebsite.citygame.com\/ko\/wp-json\/wp\/v2\/product_cat?post=42077"},{"taxonomy":"product_tag","embeddable":true,"href":"https:\/\/testwebsite.citygame.com\/ko\/wp-json\/wp\/v2\/product_tag?post=42077"}],"curies":[{"name":"wp","href":"https:\/\/api.w.org\/{rel}","templated":true}]}}