{"id":41751,"date":"2026-01-13T09:41:41","date_gmt":"2026-01-13T09:41:41","guid":{"rendered":"https:\/\/testwebsite.citygame.com\/games\/unknown-location\/%ec%83%81%ed%92%88-353\/"},"modified":"2026-04-02T16:41:49","modified_gmt":"2026-04-02T16:41:49","slug":"%ec%83%81%ed%92%88-353","status":"publish","type":"product","link":"https:\/\/testwebsite.citygame.com\/ko\/games\/unknown-location\/%ec%83%81%ed%92%88-353\/","title":{"rendered":"\uc0c1\ud488"},"content":{"rendered":"","protected":false},"excerpt":{"rendered":"","protected":false},"featured_media":3537,"template":"","meta":{"_acf_changed":false,"_yoast_wpseo_focuskw":"Secrets of Bydgoszcz","_yoast_wpseo_metadesc":"Secrets of Bydgoszcz. \uc140\ud504 \uac00\uc774\ub4dc \ub3c4\uc2dc \uac8c\uc784\uc744 \ud50c\ub808\uc774\ud558\uace0 \ud37c\uc990, \uc218\uc218\uaed8\ub07c, \ucc4c\ub9b0\uc9c0\ub97c \ud1b5\ud574 \ub3c4\uc2dc\ub97c \ud0d0\ud5d8\ud558\uc138\uc694. \uc790\uc2e0\ub9cc\uc758 \uc18d\ub3c4\ub85c \ud50c\ub808\uc774\ud558\uba70 \ud604\uc9c0\uc778\ucc98\ub7fc \ubc1c\uacac\ud558\uc138\uc694!","_kad_blocks_custom_css":"","_kad_blocks_head_custom_js":"","_kad_blocks_body_custom_js":"","_kad_blocks_footer_custom_js":"","ghostkit_customizer_options":"","ghostkit_custom_css":"","ghostkit_custom_js_head":"","ghostkit_custom_js_foot":"","ghostkit_typography":"","_kad_post_transparent":"default","_kad_post_title":"","_kad_post_layout":"default","_kad_post_sidebar_id":"","_kad_post_content_style":"default","_kad_post_vertical_padding":"default","_kad_post_feature":"","_kad_post_feature_position":"","_kad_post_header":false,"_kad_post_footer":false,"_kad_post_classname":"","_links_to":"","_links_to_target":""},"game-concept":[36],"location":[],"product_brand":[],"product_cat":[27],"product_tag":[],"class_list":{"0":"post-41751","1":"product","2":"type-product","3":"status-publish","4":"has-post-thumbnail","6":"game-concept-secrets","7":"product_cat-geen-categorie","9":"first","10":"instock","11":"shipping-taxable","12":"purchasable","13":"product-type-simple","14":"entry","15":"content-bg","16":"loop-entry"},"acf":{"full_bokun_product_name":"Self-Guided Secrets of Bydgoszcz Exploration Game","location_name":"Bydgoszcz","bokun_calendar_widget_code":"<script type=\"text\/javascript\" src=\"https:\/\/widgets.bokun.io\/assets\/javascripts\/apps\/build\/BokunWidgetsLoader.js?bookingChannelUUID=a1e93e96-5232-4734-a595-28405f4b5a31\" async><\/script>\n     \n    <div class=\"bokunWidget\" data-src=\"https:\/\/widgets.bokun.io\/online-sales\/a1e93e96-5232-4734-a595-28405f4b5a31\/experience-calendar\/1102379\"><\/div>\n    <noscript>Please enable javascript in your browser to book<\/noscript>","bokun_button_widget_code":"<script type=\"text\/javascript\" src=\"https:\/\/widgets.bokun.io\/assets\/javascripts\/apps\/build\/BokunWidgetsLoader.js?bookingChannelUUID=a1e93e96-5232-4734-a595-28405f4b5a31\" async><\/script>\n      <style> #bokun_ed001e45_5927_4f62_b470_ca766338d083 { display: inline-block; padding: .4em 1em; background: #47b82e; border-radius: 999999px; box-shadow: none; font-weight: 600; font-size: 24px; text-decoration: none; text-align: center; color: #FFFFFF; border:none; cursor: pointer; transition: background .2s ease; } #bokun_ed001e45_5927_4f62_b470_ca766338d083:hover{ background: #2f7b1f; } #bokun_ed001e45_5927_4f62_b470_ca766338d083:active{ background: #378f24; } <\/style> <button class=\"bokunButton\" disabled id=bokun_ed001e45_5927_4f62_b470_ca766338d083 data-src=\"https:\/\/widgets.bokun.io\/online-sales\/a1e93e96-5232-4734-a595-28405f4b5a31\/experience-calendar\/1102379?partialView=1\" data-testid=\"widget-book-button\" > Book now <\/button> ","what_you\u2019ll_experience_during_the_game":"Secrets of Bydgoszcz City Game\uc744 \ud50c\ub808\uc774\ud558\ub294 \ub3d9\uc548, \uc2a4\ud1a0\ub9ac\ud154\ub9c1\uacfc \uc778\ud130\ub799\ud2f0\ube0c\ud55c \ubc1c\uacac\uc774 \uc5b4\uc6b0\ub7ec\uc9c4 \ubc29\uc2dd\uc73c\ub85c \ub3c4\uc2dc\ub97c \ud0d0\ud5d8\ud558\uac8c \ub429\ub2c8\ub2e4. \ubab0\uc785\ud615 \uc774\uc57c\uae30\uc5d0 \ub530\ub77c, \uc774 \uac8c\uc784\uc740 \uc5ec\ub7ec\ubd84\uc5d0\uac8c \uc0ac\ub791\ubc1b\ub294 \ub79c\ub4dc\ub9c8\ud06c\uc640 \ub3c4\uc2dc\uc758 \uc870\uc6a9\ud55c \uad6c\uc11d\ub4e4\uc744 \ubaa8\ub450 \uc18c\uac1c\ud569\ub2c8\ub2e4. \ud65c\uae30\ucc2c Stary Rynek, \uac15\ubcc0\uc758 \ub9e4\ub825\uc774 \ub118\uce58\ub294 Mill Island, \uadf8\ub9ac\uace0 \uc0ac\uc0c9\uc744 \ubd88\ub7ec\uc77c\uc73c\ud0a4\ub294 Pomnik Pomordowanych Bydgoskich Adwokat\u00f3w\uc640 \uac19\uc740 \uc7a5\uc18c\ub4e4\uc744 \ub9cc\ub098\uac8c \ub420 \uac83\uc785\ub2c8\ub2e4. \ub3c4\uc911\uc5d0 Wenecja Bydgoska\uc640 Graffiti na Bulwarach\uc758 \ub2e4\ucc44\ub85c\uc6b4 \uac70\ub9ac \uc608\uc220 \ubcbd\ud654\uc640 \uac19\uc740 \ub3c5\ud2b9\ud55c \uc7a5\uc18c\ub4e4\uc744 \uc9c0\ub098\uac00\uba74\uc11c, \uadf8 \uacfc\uc815\uc5d0\uc11c \uc9c0\uc5ed\uc758 \ud2b9\uc0c9\uc744 \ubc1c\uacac\ud558\uac8c \ub420 \uac83\uc785\ub2c8\ub2e4.\r\n\r\n\ube44\ub4dc\uace0\uc288\uce58\ub97c \uc9c0\ub098\uba74\uc11c \uac01 \uc7a5\uc18c\ub97c \uc0dd\uc0dd\ud558\uac8c \ub9cc\ub4dc\ub294 \ub2e4\uc591\ud55c \ud37c\uc990, \uc218\uc218\uaed8\ub07c \ubc0f \ucc3d\uc758\uc801\uc778 \uc0ac\uc9c4 \uacfc\uc81c\ub97c \ud574\uacb0\ud558\uac8c \ub429\ub2c8\ub2e4. \uc815\ub2f5\uc744 \ub9de\ud788\uba74 \uc810\uc218\ub97c \uc5bb\uace0, \uc720\uc6a9\ud55c \ud78c\ud2b8\ub97c \uc7a0\uae08 \ud574\uc81c\ud558\uba70, City Game\uc758 \ud575\uc2ec\uc778 \ucd5c\uc885 \ubbf8\uc2a4\ud130\ub9ac\ub97c \ud574\uacb0\ud558\ub294 \ub370 \ub354 \uac00\uae4c\uc6cc\uc9d1\ub2c8\ub2e4. \uc6d0\ud560 \ub54c\ub9c8\ub2e4 \ud0d0\ud5d8\uc744 \uc77c\uc2dc \uc911\uc9c0\ud558\uace0 \uc790\uc2e0\ub9cc\uc758 \uc18d\ub3c4\ub85c \uacc4\uc18d \uc9c4\ud589\ud560 \uc218 \uc788\uc73c\ubbc0\ub85c, \uacbd\ud5d8\uc744 \ud558\ub8e8 \uc77c\uc815\uc5d0 \uc27d\uac8c \ub9de\ucd9c \uc218 \uc788\uc2b5\ub2c8\ub2e4. \uacbd\uc7c1\uc2ec\uc774 \uac15\ud55c \ubd84\ub4e4\uc744 \uc704\ud574, \ud300\uacfc \ud568\uaed8 \ub192\uc740 \uc810\uc218\ub97c \ud68d\ub4dd\ud558\uc5ec \ub9ac\ub354\ubcf4\ub4dc\ub97c \uc624\ub97c \uae30\ud68c\uac00 \uc788\uc2b5\ub2c8\ub2e4.","how_to_play":"\uc608\uc57d \ud6c4, \uc9c1\uc811 \ud50c\ub808\uc774 \ub9c1\ud06c\uac00 \ud3ec\ud568\ub41c \uc774\uba54\uc77c\uc744 \ubc1b\uac8c \ub429\ub2c8\ub2e4. Muzeum Okr\u0119gowe im. Leona Wycz\u00f3\u0142kowskiego\uc758 \uc2dc\uc791 \uc9c0\uc810\uc73c\ub85c \uac00\uc11c \ud734\ub300\ud3f0\uc73c\ub85c \ub9c1\ud06c\ub97c \uc5f4\uace0 \uc900\ube44\ub418\uba74 \uc5b8\uc81c\ub4e0\uc9c0 \ubaa8\ud5d8\uc744 \uc2dc\uc791\ud558\uc138\uc694. \uac8c\uc784\uc740 \uc644\uc804\ud788 \uc140\ud504-\ud398\uc774\uc2a4\ub85c \uc9c4\ud589\ub418\ubbc0\ub85c, \ucee4\ud53c\ub97c \ub9c8\uc2dc\ub7ec \uba48\ucd94\uac70\ub098, \uc606\uae38\uc744 \ud0d0\ud5d8\ud558\uac70\ub098, \ub098\uc911\uc5d0 \uc5ec\uc815\uc744 \uacc4\uc18d\ud560 \uc218 \uc788\uc2b5\ub2c8\ub2e4.","start_location":"Bydgoszcz, Muzeum Okr\u0119gowe im. Leona Wycz\u00f3\u0142kowskiego","available_languages":"","players_per_group":"1-4","duration":"1.5-2 hours","image_overlay_color_image":"https:\/\/testwebsite.citygame.com\/wp-content\/blogs.dir\/1\/files\/sites\/62\/2026\/01\/SecretsColor.svg","image_overlay_game_logo":"https:\/\/testwebsite.citygame.com\/wp-content\/blogs.dir\/1\/files\/sites\/62\/2026\/01\/SecretsLogo.png","city_page":15917,"woocommerce_general_content":null,"the_story":"\ube44\ub4dc\uace0\uc288\uce58\uc758 \uac70\ub9ac\ub294 \uace0\uc694\ud55c \uba54\uc544\ub9ac\ub85c \ubc18\uc9dd\uc774\uace0, \ud2b8\ub7a8\uc740 \ub35c\ucef9\uac70\ub9ac\uba70 \uc9c0\ub098\uac00\uace0, \uac15\ubb3c \ube5b\uc740 \ubd89\uc740 \ubcbd\ub3cc \uc704\ub85c \ucda4\uc744 \ucd94\uace0, \uad6c\uc2dc\uac00\uc9c0 \uc5b4\ub518\uac00\uc5d0\uc11c \ud55c \ub0a8\uc790\uac00 \uae68\uc5b4\ub098\uace0 \uc788\uc2b5\ub2c8\ub2e4. \uadf8\uc758 \uc774\ub984\uc740 Ron Sulimak\uc785\ub2c8\ub2e4. \ud639\uc740 \uc801\uc5b4\ub3c4, \uadf8\uac00 \ubc29\uae08 \uae30\uc5b5\ud574\ub0b8 \uc774\ub984\uc785\ub2c8\ub2e4. \uadf8\ub294 \ud55c\ub54c \ub7a8\ud504 \uc81c\uc791\uc790\uc600\uace0, \ub3c4\uc2dc\uc758 \ubaa8\ub4e0 \uae5c\ube61\uc774\ub294 \uc804\uad6c\ub97c \uc544\ub294 \uc0ac\ub78c\uc774\uc5c8\uc2b5\ub2c8\ub2e4. \ud558\uc9c0\ub9cc \uc774\uc81c \uadf8\ub294 \uae38\uc744 \uc783\uc5c8\uace0\u2026 \uc190\ubc14\ub2e5\uc5d0\uc11c \ud76c\ubbf8\ud558\uac8c \ube5b\ub098\ub294 \uc628\uc804\ud55c \uc804\uad6c \ud558\ub098\ub9cc \ub0a8\uc544\uc788\uc2b5\ub2c8\ub2e4.<br><br>\uc774\uacf3\uc740 Ron\uc758 \uace0\ud5a5\uc774\uc9c0\ub9cc, \ubaa8\ub4e0 \uac83\uc774 \uc5b4\ub518\uac00 \ub9de\uc9c0 \uc54a\uc2b5\ub2c8\ub2e4. \uae30\uc5b5\uc740 \uae68\uc9c4 \uc720\ub9ac\ucc98\ub7fc \uc0b0\uc0b0\uc870\uac01 \ub0a9\ub2c8\ub2e4. \ub2f9\uc2e0\uc774 \uadf8\uc640 \ud568\uaed8 \uace8\ubaa9\uc744 \uc9c0\ub098\uace0, \uc544\uce58 \uc544\ub798\ub97c \ud1b5\uacfc\ud558\uace0, \uc5b4\ub450\uc6b4 \ub2e4\ub9ac\ub97c \uac74\ub108\uba70 \uac77\ub294 \ub3d9\uc548, Ron\uc740 \uc790\uc2e0\uc774 \ub204\uad6c\uc600\ub294\uc9c0\ubfd0\ub9cc \uc544\ub2c8\ub77c \uc774 \ub3c4\uc2dc\uac00 \ud55c\ub54c \ubb34\uc5c7\uc744 \uc758\ubbf8\ud588\ub294\uc9c0 \uae30\uc5b5\ud558\uae30 \uc2dc\uc791\ud569\ub2c8\ub2e4. \uc870\uac01\uc870\uac01, \ub2f9\uc2e0\uc740 \ube44\ub4dc\uace0\uc288\uce58\uc758 \uc228\uaca8\uc9c4 \uacfc\uac70\ub97c \ubc1d\ud600\ub0b4\uace0 Ron\uc774 \uc804\uad6c\ub97c \uc81c\uc790\ub9ac\ub85c \ub3cc\ub824\ub193\ub294 \uac83\uc744 \ub3d5\uac8c \ub420 \uac83\uc785\ub2c8\ub2e4. \uc5b4\ub518\uac00\uc5d0\ub294 \uc544\uc9c1 \ub9c8\uc9c0\ub9c9 \ubd88\uaf43\uc744 \uae30\ub2e4\ub9ac\ub294 \ub4f1\ubd88\uc774 \uc788\uc2b5\ub2c8\ub2e4.<br><br><strong>\ub2f9\uc2e0\uc740 \ud0d0\ud5d8\ud558\ub7ec \uc654\uc2b5\ub2c8\ub2e4. \ub2f9\uc2e0\uc740 \uc774\uc57c\uae30\ub97c \uad6c\ud558\uae30 \uc704\ud574 \uba38\ubb3c\ub800\uc2b5\ub2c8\ub2e4.<\/strong>","name_main_character":"Ron Sulimak","photo_main_character":41752,"loquiz_or_kokimoki":"Kokimoki"},"yoast_head":"<!-- This site is optimized with the Yoast SEO Premium plugin v26.2 (Yoast SEO v26.3) - https:\/\/yoast.com\/wordpress\/plugins\/seo\/ -->\n<title>\uc0c1\ud488 - City Game<\/title>\n<meta name=\"description\" content=\"Secrets of Bydgoszcz. \uc140\ud504 \uac00\uc774\ub4dc \ub3c4\uc2dc \uac8c\uc784\uc744 \ud50c\ub808\uc774\ud558\uace0 \ud37c\uc990, \uc218\uc218\uaed8\ub07c, \ucc4c\ub9b0\uc9c0\ub97c \ud1b5\ud574 \ub3c4\uc2dc\ub97c \ud0d0\ud5d8\ud558\uc138\uc694. \uc790\uc2e0\ub9cc\uc758 \uc18d\ub3c4\ub85c \ud50c\ub808\uc774\ud558\uba70 \ud604\uc9c0\uc778\ucc98\ub7fc \ubc1c\uacac\ud558\uc138\uc694!\" \/>\n<meta name=\"robots\" content=\"noindex, follow, max-snippet:-1, max-image-preview:large, max-video-preview:-1\" \/>\n<meta property=\"og:locale\" content=\"ko_KR\" \/>\n<meta property=\"og:type\" content=\"article\" \/>\n<meta property=\"og:title\" content=\"\uc0c1\ud488\" \/>\n<meta property=\"og:description\" content=\"Secrets of Bydgoszcz. \uc140\ud504 \uac00\uc774\ub4dc \ub3c4\uc2dc \uac8c\uc784\uc744 \ud50c\ub808\uc774\ud558\uace0 \ud37c\uc990, \uc218\uc218\uaed8\ub07c, \ucc4c\ub9b0\uc9c0\ub97c \ud1b5\ud574 \ub3c4\uc2dc\ub97c \ud0d0\ud5d8\ud558\uc138\uc694. \uc790\uc2e0\ub9cc\uc758 \uc18d\ub3c4\ub85c \ud50c\ub808\uc774\ud558\uba70 \ud604\uc9c0\uc778\ucc98\ub7fc \ubc1c\uacac\ud558\uc138\uc694!\" \/>\n<meta property=\"og:url\" content=\"https:\/\/testwebsite.citygame.com\/ko\/games\/unknown-location\/%ec%83%81%ed%92%88-353\/\" \/>\n<meta property=\"og:site_name\" content=\"City Game\" \/>\n<meta property=\"article:publisher\" content=\"https:\/\/www.facebook.com\/profile.php?id=100086426226253\" \/>\n<meta property=\"article:modified_time\" content=\"2026-04-02T16:41:49+00:00\" \/>\n<meta property=\"og:image\" content=\"https:\/\/testwebsite.citygame.com\/wp-content\/blogs.dir\/1\/files\/sites\/62\/2026\/01\/bydgoszcz-opera-nova-city-game-player.jpg\" \/>\n\t<meta property=\"og:image:width\" content=\"864\" \/>\n\t<meta property=\"og:image:height\" content=\"1184\" \/>\n\t<meta property=\"og:image:type\" content=\"image\/jpeg\" \/>\n<meta name=\"twitter:card\" content=\"summary_large_image\" \/>\n<script type=\"application\/ld+json\" class=\"yoast-schema-graph\">{\"@context\":\"https:\/\/schema.org\",\"@graph\":[{\"@type\":\"WebPage\",\"@id\":\"https:\/\/testwebsite.citygame.com\/ko\/games\/unknown-location\/%ec%83%81%ed%92%88-353\/\",\"url\":\"https:\/\/testwebsite.citygame.com\/ko\/games\/unknown-location\/%ec%83%81%ed%92%88-353\/\",\"name\":\"\uc0c1\ud488 - City Game\",\"isPartOf\":{\"@id\":\"https:\/\/testwebsite.upevents.nl\/#website\"},\"primaryImageOfPage\":{\"@id\":\"https:\/\/testwebsite.citygame.com\/ko\/games\/unknown-location\/%ec%83%81%ed%92%88-353\/#primaryimage\"},\"image\":{\"@id\":\"https:\/\/testwebsite.citygame.com\/ko\/games\/unknown-location\/%ec%83%81%ed%92%88-353\/#primaryimage\"},\"thumbnailUrl\":\"https:\/\/testwebsite.citygame.com\/wp-content\/blogs.dir\/1\/files\/sites\/62\/2026\/01\/bydgoszcz-opera-nova-city-game-player.jpg\",\"datePublished\":\"2026-01-13T09:41:41+00:00\",\"dateModified\":\"2026-04-02T16:41:49+00:00\",\"description\":\"Secrets of Bydgoszcz. \uc140\ud504 \uac00\uc774\ub4dc \ub3c4\uc2dc \uac8c\uc784\uc744 \ud50c\ub808\uc774\ud558\uace0 \ud37c\uc990, \uc218\uc218\uaed8\ub07c, \ucc4c\ub9b0\uc9c0\ub97c \ud1b5\ud574 \ub3c4\uc2dc\ub97c \ud0d0\ud5d8\ud558\uc138\uc694. \uc790\uc2e0\ub9cc\uc758 \uc18d\ub3c4\ub85c \ud50c\ub808\uc774\ud558\uba70 \ud604\uc9c0\uc778\ucc98\ub7fc \ubc1c\uacac\ud558\uc138\uc694!\",\"breadcrumb\":{\"@id\":\"https:\/\/testwebsite.citygame.com\/ko\/games\/unknown-location\/%ec%83%81%ed%92%88-353\/#breadcrumb\"},\"inLanguage\":\"ko-KR\",\"potentialAction\":[{\"@type\":\"ReadAction\",\"target\":[\"https:\/\/testwebsite.citygame.com\/ko\/games\/unknown-location\/%ec%83%81%ed%92%88-353\/\"]}]},{\"@type\":\"ImageObject\",\"inLanguage\":\"ko-KR\",\"@id\":\"https:\/\/testwebsite.citygame.com\/ko\/games\/unknown-location\/%ec%83%81%ed%92%88-353\/#primaryimage\",\"url\":\"https:\/\/testwebsite.citygame.com\/wp-content\/blogs.dir\/1\/files\/sites\/62\/2026\/01\/bydgoszcz-opera-nova-city-game-player.jpg\",\"contentUrl\":\"https:\/\/testwebsite.citygame.com\/wp-content\/blogs.dir\/1\/files\/sites\/62\/2026\/01\/bydgoszcz-opera-nova-city-game-player.jpg\",\"width\":864,\"height\":1184,\"caption\":\"A player solves a challenge on her smartphone with the Opera Nova building in Bydgoszcz.\"},{\"@type\":\"BreadcrumbList\",\"@id\":\"https:\/\/testwebsite.citygame.com\/ko\/games\/unknown-location\/%ec%83%81%ed%92%88-353\/#breadcrumb\",\"itemListElement\":[{\"@type\":\"ListItem\",\"position\":1,\"name\":\"Home\",\"item\":\"https:\/\/testwebsite.citygame.com\/ko\/\"},{\"@type\":\"ListItem\",\"position\":2,\"name\":\"Shop\",\"item\":\"https:\/\/testwebsite.citygame.com\/shop\/\"},{\"@type\":\"ListItem\",\"position\":3,\"name\":\"\uc0c1\ud488\"}]},{\"@type\":\"WebSite\",\"@id\":\"https:\/\/testwebsite.upevents.nl\/#website\",\"url\":\"https:\/\/testwebsite.upevents.nl\/\",\"name\":\"City Game\",\"description\":\"\",\"publisher\":{\"@id\":\"https:\/\/testwebsite.upevents.nl\/#organization\"},\"alternateName\":\"citygame.com\",\"potentialAction\":[{\"@type\":\"SearchAction\",\"target\":{\"@type\":\"EntryPoint\",\"urlTemplate\":\"https:\/\/testwebsite.upevents.nl\/?s={search_term_string}\"},\"query-input\":{\"@type\":\"PropertyValueSpecification\",\"valueRequired\":true,\"valueName\":\"search_term_string\"}}],\"inLanguage\":\"ko-KR\"},{\"@type\":[\"Organization\",\"Place\"],\"@id\":\"https:\/\/testwebsite.upevents.nl\/#organization\",\"name\":\"City Game\",\"alternateName\":\"citygame.com\",\"url\":\"https:\/\/testwebsite.upevents.nl\/\",\"logo\":{\"@id\":\"https:\/\/testwebsite.citygame.com\/ko\/games\/unknown-location\/%ec%83%81%ed%92%88-353\/#local-main-organization-logo\"},\"image\":{\"@id\":\"https:\/\/testwebsite.citygame.com\/ko\/games\/unknown-location\/%ec%83%81%ed%92%88-353\/#local-main-organization-logo\"},\"sameAs\":[\"https:\/\/www.facebook.com\/profile.php?id=100086426226253\",\"https:\/\/www.instagram.com\/citygame_com\",\"https:\/\/www.tiktok.com\/@citygamecom\/\",\"https:\/\/www.linkedin.com\/company\/citygame-com\"],\"description\":\"Turn any city into a playground with our interactive City Games and self-guided tours. Fun, flexible, and ideal for groups and team building.\",\"telephone\":[],\"openingHoursSpecification\":[{\"@type\":\"OpeningHoursSpecification\",\"dayOfWeek\":[\"Monday\",\"Tuesday\",\"Wednesday\",\"Thursday\",\"Friday\",\"Saturday\",\"Sunday\"],\"opens\":\"09:00\",\"closes\":\"17:00\"}]},{\"@type\":\"ImageObject\",\"inLanguage\":\"ko-KR\",\"@id\":\"https:\/\/testwebsite.citygame.com\/ko\/games\/unknown-location\/%ec%83%81%ed%92%88-353\/#local-main-organization-logo\",\"url\":\"https:\/\/testwebsite.citygame.com\/wp-content\/blogs.dir\/1\/files\/sites\/62\/2025\/10\/CG_LOGO-City-Game.png\",\"contentUrl\":\"https:\/\/testwebsite.citygame.com\/wp-content\/blogs.dir\/1\/files\/sites\/62\/2025\/10\/CG_LOGO-City-Game.png\",\"width\":351,\"height\":377,\"caption\":\"City Game\"}]}<\/script>\n<!-- \/ Yoast SEO Premium plugin. -->","yoast_head_json":{"title":"\uc0c1\ud488 - City Game","description":"Secrets of Bydgoszcz. \uc140\ud504 \uac00\uc774\ub4dc \ub3c4\uc2dc \uac8c\uc784\uc744 \ud50c\ub808\uc774\ud558\uace0 \ud37c\uc990, \uc218\uc218\uaed8\ub07c, \ucc4c\ub9b0\uc9c0\ub97c \ud1b5\ud574 \ub3c4\uc2dc\ub97c \ud0d0\ud5d8\ud558\uc138\uc694. \uc790\uc2e0\ub9cc\uc758 \uc18d\ub3c4\ub85c \ud50c\ub808\uc774\ud558\uba70 \ud604\uc9c0\uc778\ucc98\ub7fc \ubc1c\uacac\ud558\uc138\uc694!","robots":{"index":"noindex","follow":"follow","max-snippet":"max-snippet:-1","max-image-preview":"max-image-preview:large","max-video-preview":"max-video-preview:-1"},"og_locale":"ko_KR","og_type":"article","og_title":"\uc0c1\ud488","og_description":"Secrets of Bydgoszcz. \uc140\ud504 \uac00\uc774\ub4dc \ub3c4\uc2dc \uac8c\uc784\uc744 \ud50c\ub808\uc774\ud558\uace0 \ud37c\uc990, \uc218\uc218\uaed8\ub07c, \ucc4c\ub9b0\uc9c0\ub97c \ud1b5\ud574 \ub3c4\uc2dc\ub97c \ud0d0\ud5d8\ud558\uc138\uc694. \uc790\uc2e0\ub9cc\uc758 \uc18d\ub3c4\ub85c \ud50c\ub808\uc774\ud558\uba70 \ud604\uc9c0\uc778\ucc98\ub7fc \ubc1c\uacac\ud558\uc138\uc694!","og_url":"https:\/\/testwebsite.citygame.com\/ko\/games\/unknown-location\/%ec%83%81%ed%92%88-353\/","og_site_name":"City Game","article_publisher":"https:\/\/www.facebook.com\/profile.php?id=100086426226253","article_modified_time":"2026-04-02T16:41:49+00:00","og_image":[{"width":864,"height":1184,"url":"https:\/\/testwebsite.citygame.com\/wp-content\/blogs.dir\/1\/files\/sites\/62\/2026\/01\/bydgoszcz-opera-nova-city-game-player.jpg","type":"image\/jpeg"}],"twitter_card":"summary_large_image","schema":{"@context":"https:\/\/schema.org","@graph":[{"@type":"WebPage","@id":"https:\/\/testwebsite.citygame.com\/ko\/games\/unknown-location\/%ec%83%81%ed%92%88-353\/","url":"https:\/\/testwebsite.citygame.com\/ko\/games\/unknown-location\/%ec%83%81%ed%92%88-353\/","name":"\uc0c1\ud488 - City Game","isPartOf":{"@id":"https:\/\/testwebsite.upevents.nl\/#website"},"primaryImageOfPage":{"@id":"https:\/\/testwebsite.citygame.com\/ko\/games\/unknown-location\/%ec%83%81%ed%92%88-353\/#primaryimage"},"image":{"@id":"https:\/\/testwebsite.citygame.com\/ko\/games\/unknown-location\/%ec%83%81%ed%92%88-353\/#primaryimage"},"thumbnailUrl":"https:\/\/testwebsite.citygame.com\/wp-content\/blogs.dir\/1\/files\/sites\/62\/2026\/01\/bydgoszcz-opera-nova-city-game-player.jpg","datePublished":"2026-01-13T09:41:41+00:00","dateModified":"2026-04-02T16:41:49+00:00","description":"Secrets of Bydgoszcz. \uc140\ud504 \uac00\uc774\ub4dc \ub3c4\uc2dc \uac8c\uc784\uc744 \ud50c\ub808\uc774\ud558\uace0 \ud37c\uc990, \uc218\uc218\uaed8\ub07c, \ucc4c\ub9b0\uc9c0\ub97c \ud1b5\ud574 \ub3c4\uc2dc\ub97c \ud0d0\ud5d8\ud558\uc138\uc694. \uc790\uc2e0\ub9cc\uc758 \uc18d\ub3c4\ub85c \ud50c\ub808\uc774\ud558\uba70 \ud604\uc9c0\uc778\ucc98\ub7fc \ubc1c\uacac\ud558\uc138\uc694!","breadcrumb":{"@id":"https:\/\/testwebsite.citygame.com\/ko\/games\/unknown-location\/%ec%83%81%ed%92%88-353\/#breadcrumb"},"inLanguage":"ko-KR","potentialAction":[{"@type":"ReadAction","target":["https:\/\/testwebsite.citygame.com\/ko\/games\/unknown-location\/%ec%83%81%ed%92%88-353\/"]}]},{"@type":"ImageObject","inLanguage":"ko-KR","@id":"https:\/\/testwebsite.citygame.com\/ko\/games\/unknown-location\/%ec%83%81%ed%92%88-353\/#primaryimage","url":"https:\/\/testwebsite.citygame.com\/wp-content\/blogs.dir\/1\/files\/sites\/62\/2026\/01\/bydgoszcz-opera-nova-city-game-player.jpg","contentUrl":"https:\/\/testwebsite.citygame.com\/wp-content\/blogs.dir\/1\/files\/sites\/62\/2026\/01\/bydgoszcz-opera-nova-city-game-player.jpg","width":864,"height":1184,"caption":"A player solves a challenge on her smartphone with the Opera Nova building in Bydgoszcz."},{"@type":"BreadcrumbList","@id":"https:\/\/testwebsite.citygame.com\/ko\/games\/unknown-location\/%ec%83%81%ed%92%88-353\/#breadcrumb","itemListElement":[{"@type":"ListItem","position":1,"name":"Home","item":"https:\/\/testwebsite.citygame.com\/ko\/"},{"@type":"ListItem","position":2,"name":"Shop","item":"https:\/\/testwebsite.citygame.com\/shop\/"},{"@type":"ListItem","position":3,"name":"\uc0c1\ud488"}]},{"@type":"WebSite","@id":"https:\/\/testwebsite.upevents.nl\/#website","url":"https:\/\/testwebsite.upevents.nl\/","name":"City Game","description":"","publisher":{"@id":"https:\/\/testwebsite.upevents.nl\/#organization"},"alternateName":"citygame.com","potentialAction":[{"@type":"SearchAction","target":{"@type":"EntryPoint","urlTemplate":"https:\/\/testwebsite.upevents.nl\/?s={search_term_string}"},"query-input":{"@type":"PropertyValueSpecification","valueRequired":true,"valueName":"search_term_string"}}],"inLanguage":"ko-KR"},{"@type":["Organization","Place"],"@id":"https:\/\/testwebsite.upevents.nl\/#organization","name":"City Game","alternateName":"citygame.com","url":"https:\/\/testwebsite.upevents.nl\/","logo":{"@id":"https:\/\/testwebsite.citygame.com\/ko\/games\/unknown-location\/%ec%83%81%ed%92%88-353\/#local-main-organization-logo"},"image":{"@id":"https:\/\/testwebsite.citygame.com\/ko\/games\/unknown-location\/%ec%83%81%ed%92%88-353\/#local-main-organization-logo"},"sameAs":["https:\/\/www.facebook.com\/profile.php?id=100086426226253","https:\/\/www.instagram.com\/citygame_com","https:\/\/www.tiktok.com\/@citygamecom\/","https:\/\/www.linkedin.com\/company\/citygame-com"],"description":"Turn any city into a playground with our interactive City Games and self-guided tours. Fun, flexible, and ideal for groups and team building.","telephone":[],"openingHoursSpecification":[{"@type":"OpeningHoursSpecification","dayOfWeek":["Monday","Tuesday","Wednesday","Thursday","Friday","Saturday","Sunday"],"opens":"09:00","closes":"17:00"}]},{"@type":"ImageObject","inLanguage":"ko-KR","@id":"https:\/\/testwebsite.citygame.com\/ko\/games\/unknown-location\/%ec%83%81%ed%92%88-353\/#local-main-organization-logo","url":"https:\/\/testwebsite.citygame.com\/wp-content\/blogs.dir\/1\/files\/sites\/62\/2025\/10\/CG_LOGO-City-Game.png","contentUrl":"https:\/\/testwebsite.citygame.com\/wp-content\/blogs.dir\/1\/files\/sites\/62\/2025\/10\/CG_LOGO-City-Game.png","width":351,"height":377,"caption":"City Game"}]}},"taxonomy_info":{"game-concept":[{"value":36,"label":"Secrets"}],"product_cat":[{"value":27,"label":"Geen categorie"}]},"featured_image_src_large":["https:\/\/testwebsite.citygame.com\/wp-content\/blogs.dir\/1\/files\/sites\/62\/2026\/01\/bydgoszcz-opera-nova-city-game-player-747x1024.jpg",747,1024,true],"author_info":[],"comment_info":"","_links":{"self":[{"href":"https:\/\/testwebsite.citygame.com\/ko\/wp-json\/wp\/v2\/product\/41751","targetHints":{"allow":["GET"]}}],"collection":[{"href":"https:\/\/testwebsite.citygame.com\/ko\/wp-json\/wp\/v2\/product"}],"about":[{"href":"https:\/\/testwebsite.citygame.com\/ko\/wp-json\/wp\/v2\/types\/product"}],"acf:post":[{"embeddable":true,"href":"https:\/\/testwebsite.citygame.com\/ko\/wp-json\/wp\/v2\/pages\/15917"}],"wp:featuredmedia":[{"embeddable":true,"href":"https:\/\/testwebsite.citygame.com\/ko\/wp-json\/wp\/v2\/media\/3537"}],"wp:attachment":[{"href":"https:\/\/testwebsite.citygame.com\/ko\/wp-json\/wp\/v2\/media?parent=41751"}],"wp:term":[{"taxonomy":"game-concept","embeddable":true,"href":"https:\/\/testwebsite.citygame.com\/ko\/wp-json\/wp\/v2\/game-concept?post=41751"},{"taxonomy":"location","embeddable":true,"href":"https:\/\/testwebsite.citygame.com\/ko\/wp-json\/wp\/v2\/location?post=41751"},{"taxonomy":"product_brand","embeddable":true,"href":"https:\/\/testwebsite.citygame.com\/ko\/wp-json\/wp\/v2\/product_brand?post=41751"},{"taxonomy":"product_cat","embeddable":true,"href":"https:\/\/testwebsite.citygame.com\/ko\/wp-json\/wp\/v2\/product_cat?post=41751"},{"taxonomy":"product_tag","embeddable":true,"href":"https:\/\/testwebsite.citygame.com\/ko\/wp-json\/wp\/v2\/product_tag?post=41751"}],"curies":[{"name":"wp","href":"https:\/\/api.w.org\/{rel}","templated":true}]}}