{"id":55531,"date":"2026-01-13T11:46:22","date_gmt":"2026-01-13T11:46:22","guid":{"rendered":"https:\/\/testwebsite.citygame.com\/games\/unknown-location\/secrets-of-linkoping\/"},"modified":"2026-04-07T21:02:07","modified_gmt":"2026-04-07T21:02:07","slug":"secrets-of-linkoping","status":"publish","type":"product","link":"https:\/\/testwebsite.citygame.com\/ja\/games\/linkoping\/secrets-of-linkoping\/","title":{"rendered":"Secrets of Link\u00f6ping"},"content":{"rendered":"<p>The City Game Link\u00f6ping is a self-guided, GPS-based game that takes place in the city center of Link\u00f6ping. Using a smartphone, players explore the area while solving a variety of puzzles, riddles and photo challenges. This interactive exploration game offers an an engaging way to discover Link\u00f6ping&#8217;s culture, history and hidden details at your own pace. The self-guided city game is suitable for both visitors and locals, and works well for solo players, couples, families or groups of friends. Whether you&#8217;re new to the city or have lived there for years, the City Game Link\u00f6ping offers a fresh perspective on its urban landscape.<\/p>\n","protected":false},"excerpt":{"rendered":"<p>Uncover Link\u00f6ping\u2019s Hidden Wisdom! Join Elias St\u00e5hl on a thrilling quest to reclaim his Ultimate Magic Pencil as you explore a city where history, creativity, and curiosity come alive around every corner.<\/p>\n","protected":false},"featured_media":3658,"template":"","meta":{"_acf_changed":false,"_yoast_wpseo_focuskw":"Secrets of Link\u00f6ping","_yoast_wpseo_metadesc":"Secrets of Link\u00f6ping. \u30bb\u30eb\u30d5\u30ac\u30a4\u30c9\u578b\u30b7\u30c6\u30a3\u30b2\u30fc\u30e0\u3092\u30d7\u30ec\u30a4\u3057\u3066\u3001\u30d1\u30ba\u30eb\u3001\u306a\u305e\u306a\u305e\u3001\u30c1\u30e3\u30ec\u30f3\u30b8\u3092\u901a\u3057\u3066\u8857\u3092\u63a2\u7d22\u3057\u307e\u3057\u3087\u3046\u3002\u81ea\u5206\u306e\u30da\u30fc\u30b9\u3067\u30d7\u30ec\u30a4\u3057\u3001\u5730\u5143\u306e\u4eba\u3005\u306e\u3088\u3046\u306b\u767a\u898b\u3092\u697d\u3057\u3093\u3067\u304f\u3060\u3055\u3044\uff01","_kad_blocks_custom_css":"","_kad_blocks_head_custom_js":"","_kad_blocks_body_custom_js":"","_kad_blocks_footer_custom_js":"","ghostkit_customizer_options":"","ghostkit_custom_css":"","ghostkit_custom_js_head":"","ghostkit_custom_js_foot":"","ghostkit_typography":"","_kad_post_transparent":"default","_kad_post_title":"","_kad_post_layout":"default","_kad_post_sidebar_id":"","_kad_post_content_style":"default","_kad_post_vertical_padding":"default","_kad_post_feature":"","_kad_post_feature_position":"","_kad_post_header":false,"_kad_post_footer":false,"_kad_post_classname":"","_links_to":"","_links_to_target":""},"game-concept":[720],"location":[244],"product_brand":[],"product_cat":[27],"product_tag":[],"class_list":{"0":"post-55531","1":"product","2":"type-product","3":"status-publish","4":"has-post-thumbnail","6":"game-concept-secrets","7":"location-linkoping","8":"product_cat-geen-categorie","10":"first","11":"instock","12":"shipping-taxable","13":"purchasable","14":"product-type-simple","15":"entry","16":"content-bg","17":"loop-entry"},"acf":{"full_bokun_product_name":"Self-Guided Secrets of Link\u00f6ping Exploration Game","location_name":"Link\u00f6ping","bokun_calendar_widget_code":"<script type=\"text\/javascript\" src=\"https:\/\/widgets.bokun.io\/assets\/javascripts\/apps\/build\/BokunWidgetsLoader.js?bookingChannelUUID=a1e93e96-5232-4734-a595-28405f4b5a31\" async><\/script>\n     \n    <div class=\"bokunWidget\" data-src=\"https:\/\/widgets.bokun.io\/online-sales\/a1e93e96-5232-4734-a595-28405f4b5a31\/experience-calendar\/1097027\"><\/div>\n    <noscript>Please enable javascript in your browser to book<\/noscript>","bokun_button_widget_code":"<script type=\"text\/javascript\" src=\"https:\/\/widgets.bokun.io\/assets\/javascripts\/apps\/build\/BokunWidgetsLoader.js?bookingChannelUUID=a1e93e96-5232-4734-a595-28405f4b5a31\" async><\/script>\n      <style> #bokun_ed001e45_5927_4f62_b470_ca766338d083 { display: inline-block; padding: .4em 1em; background: #47b82e; border-radius: 999999px; box-shadow: none; font-weight: 600; font-size: 24px; text-decoration: none; text-align: center; color: #FFFFFF; border:none; cursor: pointer; transition: background .2s ease; } #bokun_ed001e45_5927_4f62_b470_ca766338d083:hover{ background: #2f7b1f; } #bokun_ed001e45_5927_4f62_b470_ca766338d083:active{ background: #378f24; } <\/style> <button class=\"bokunButton\" disabled id=bokun_ed001e45_5927_4f62_b470_ca766338d083 data-src=\"https:\/\/widgets.bokun.io\/online-sales\/a1e93e96-5232-4734-a595-28405f4b5a31\/experience-calendar\/1097027?partialView=1\" data-testid=\"widget-book-button\" > Book now <\/button> ","what_you\u2019ll_experience_during_the_game":"During the Secrets of Link\u00f6ping City Game, you'll uncover the city through a story-driven exploration combined with interactive challenges. As the narrative unfolds, the route takes you through both iconic and lesser-known locations, offering a richer perspective on the city's landscape and history. You'll pass standout sites like the distinctive Nya R\u00e5dhuset Tower at Stora Torget, the expressive street art along Platensgatan, and the cultural collections of \u00d6sterg\u00f6tlands Museum. Quiet corners such as Lilla Torget and the grand Link\u00f6ping Cathedral add to the diversity of the experience, blending the city's energy with moments of reflection.\r\n\r\nWhile exploring Link\u00f6ping, you'll solve puzzles, answer riddles, complete questions and take on imaginative photo tasks that guide your progress. Every challenge brings a chance to earn points, unlock helpful hints and move closer to solving the final mystery. The game is flexible and can be paused at any time, allowing you to take breaks or explore the city at your own pace. Players with a competitive edge can track their performance on the leaderboard, making it a fun balance of discovery and friendly competition.","how_to_play":"After booking your City Game Link\u00f6ping, you'll receive an email with a direct play link. Simply go to the starting location at L\u00e4rkans Spr\u00e5kf\u00f6rskola, open the link on your smartphone, and begin your journey whenever you're ready. You can pause and resume the game as you explore the city, uncover secrets, and enjoy the perfect mix of history and play.","start_location":"Link\u00f6ping, Spr\u00e5kf\u00f6rskola L\u00e4rkan","available_languages":"","players_per_group":"1-4","duration":"1.5-2 hours","image_overlay_color_image":"https:\/\/testwebsite.citygame.com\/wp-content\/blogs.dir\/1\/files\/sites\/62\/2026\/01\/SecretsColor.svg","image_overlay_game_logo":"https:\/\/testwebsite.citygame.com\/wp-content\/blogs.dir\/1\/files\/sites\/62\/2026\/01\/SecretsLogo.png","city_page":7575,"woocommerce_general_content":null},"yoast_head":"<!-- This site is optimized with the Yoast SEO Premium plugin v26.2 (Yoast SEO v26.3) - https:\/\/yoast.com\/wordpress\/plugins\/seo\/ -->\n<title>Secrets of Link\u00f6ping - City Game<\/title>\n<meta name=\"description\" content=\"Secrets of Link\u00f6ping. \u30bb\u30eb\u30d5\u30ac\u30a4\u30c9\u578b\u30b7\u30c6\u30a3\u30b2\u30fc\u30e0\u3092\u30d7\u30ec\u30a4\u3057\u3066\u3001\u30d1\u30ba\u30eb\u3001\u306a\u305e\u306a\u305e\u3001\u30c1\u30e3\u30ec\u30f3\u30b8\u3092\u901a\u3057\u3066\u8857\u3092\u63a2\u7d22\u3057\u307e\u3057\u3087\u3046\u3002\u81ea\u5206\u306e\u30da\u30fc\u30b9\u3067\u30d7\u30ec\u30a4\u3057\u3001\u5730\u5143\u306e\u4eba\u3005\u306e\u3088\u3046\u306b\u767a\u898b\u3092\u697d\u3057\u3093\u3067\u304f\u3060\u3055\u3044\uff01\" \/>\n<meta name=\"robots\" content=\"noindex, follow, max-snippet:-1, max-image-preview:large, max-video-preview:-1\" \/>\n<meta property=\"og:locale\" content=\"ja_JP\" \/>\n<meta property=\"og:type\" content=\"article\" \/>\n<meta property=\"og:title\" content=\"Secrets of Link\u00f6ping\" \/>\n<meta property=\"og:description\" content=\"Secrets of Link\u00f6ping. \u30bb\u30eb\u30d5\u30ac\u30a4\u30c9\u578b\u30b7\u30c6\u30a3\u30b2\u30fc\u30e0\u3092\u30d7\u30ec\u30a4\u3057\u3066\u3001\u30d1\u30ba\u30eb\u3001\u306a\u305e\u306a\u305e\u3001\u30c1\u30e3\u30ec\u30f3\u30b8\u3092\u901a\u3057\u3066\u8857\u3092\u63a2\u7d22\u3057\u307e\u3057\u3087\u3046\u3002\u81ea\u5206\u306e\u30da\u30fc\u30b9\u3067\u30d7\u30ec\u30a4\u3057\u3001\u5730\u5143\u306e\u4eba\u3005\u306e\u3088\u3046\u306b\u767a\u898b\u3092\u697d\u3057\u3093\u3067\u304f\u3060\u3055\u3044\uff01\" \/>\n<meta property=\"og:url\" content=\"https:\/\/testwebsite.citygame.com\/ja\/games\/linkoping\/secrets-of-linkoping\/\" \/>\n<meta property=\"og:site_name\" content=\"City Game\" \/>\n<meta property=\"article:publisher\" content=\"https:\/\/www.facebook.com\/profile.php?id=100086426226253\" \/>\n<meta property=\"article:modified_time\" content=\"2026-04-07T21:02:07+00:00\" \/>\n<meta property=\"og:image\" content=\"https:\/\/testwebsite.citygame.com\/wp-content\/blogs.dir\/1\/files\/sites\/62\/2026\/01\/linkoping-sweden-player-smartphone-city-street.jpg\" \/>\n\t<meta property=\"og:image:width\" content=\"704\" \/>\n\t<meta property=\"og:image:height\" content=\"1472\" \/>\n\t<meta property=\"og:image:type\" content=\"image\/jpeg\" \/>\n<meta name=\"twitter:card\" content=\"summary_large_image\" \/>\n<meta name=\"twitter:label1\" content=\"\u63a8\u5b9a\u8aad\u307f\u53d6\u308a\u6642\u9593\" \/>\n\t<meta name=\"twitter:data1\" content=\"1\u5206\" \/>\n<script type=\"application\/ld+json\" class=\"yoast-schema-graph\">{\"@context\":\"https:\/\/schema.org\",\"@graph\":[{\"@type\":\"WebPage\",\"@id\":\"https:\/\/testwebsite.citygame.com\/ja\/games\/linkoping\/secrets-of-linkoping\/\",\"url\":\"https:\/\/testwebsite.citygame.com\/ja\/games\/linkoping\/secrets-of-linkoping\/\",\"name\":\"Secrets of Link\u00f6ping - City Game\",\"isPartOf\":{\"@id\":\"https:\/\/testwebsite.upevents.nl\/#website\"},\"primaryImageOfPage\":{\"@id\":\"https:\/\/testwebsite.citygame.com\/ja\/games\/linkoping\/secrets-of-linkoping\/#primaryimage\"},\"image\":{\"@id\":\"https:\/\/testwebsite.citygame.com\/ja\/games\/linkoping\/secrets-of-linkoping\/#primaryimage\"},\"thumbnailUrl\":\"https:\/\/testwebsite.citygame.com\/wp-content\/blogs.dir\/1\/files\/sites\/62\/2026\/01\/linkoping-sweden-player-smartphone-city-street.jpg\",\"datePublished\":\"2026-01-13T11:46:22+00:00\",\"dateModified\":\"2026-04-07T21:02:07+00:00\",\"description\":\"Secrets of Link\u00f6ping. \u30bb\u30eb\u30d5\u30ac\u30a4\u30c9\u578b\u30b7\u30c6\u30a3\u30b2\u30fc\u30e0\u3092\u30d7\u30ec\u30a4\u3057\u3066\u3001\u30d1\u30ba\u30eb\u3001\u306a\u305e\u306a\u305e\u3001\u30c1\u30e3\u30ec\u30f3\u30b8\u3092\u901a\u3057\u3066\u8857\u3092\u63a2\u7d22\u3057\u307e\u3057\u3087\u3046\u3002\u81ea\u5206\u306e\u30da\u30fc\u30b9\u3067\u30d7\u30ec\u30a4\u3057\u3001\u5730\u5143\u306e\u4eba\u3005\u306e\u3088\u3046\u306b\u767a\u898b\u3092\u697d\u3057\u3093\u3067\u304f\u3060\u3055\u3044\uff01\",\"breadcrumb\":{\"@id\":\"https:\/\/testwebsite.citygame.com\/ja\/games\/linkoping\/secrets-of-linkoping\/#breadcrumb\"},\"inLanguage\":\"ja\",\"potentialAction\":[{\"@type\":\"ReadAction\",\"target\":[\"https:\/\/testwebsite.citygame.com\/ja\/games\/linkoping\/secrets-of-linkoping\/\"]}]},{\"@type\":\"ImageObject\",\"inLanguage\":\"ja\",\"@id\":\"https:\/\/testwebsite.citygame.com\/ja\/games\/linkoping\/secrets-of-linkoping\/#primaryimage\",\"url\":\"https:\/\/testwebsite.citygame.com\/wp-content\/blogs.dir\/1\/files\/sites\/62\/2026\/01\/linkoping-sweden-player-smartphone-city-street.jpg\",\"contentUrl\":\"https:\/\/testwebsite.citygame.com\/wp-content\/blogs.dir\/1\/files\/sites\/62\/2026\/01\/linkoping-sweden-player-smartphone-city-street.jpg\",\"width\":704,\"height\":1472,\"caption\":\"A player uses their smartphone to explore a wide, tree-lined pedestrian street in downtown Link\u00f6ping.\"},{\"@type\":\"BreadcrumbList\",\"@id\":\"https:\/\/testwebsite.citygame.com\/ja\/games\/linkoping\/secrets-of-linkoping\/#breadcrumb\",\"itemListElement\":[{\"@type\":\"ListItem\",\"position\":1,\"name\":\"Home\",\"item\":\"https:\/\/testwebsite.citygame.com\/ja\/\"},{\"@type\":\"ListItem\",\"position\":2,\"name\":\"Shop\",\"item\":\"https:\/\/testwebsite.citygame.com\/shop\/\"},{\"@type\":\"ListItem\",\"position\":3,\"name\":\"Secrets of Link\u00f6ping\"}]},{\"@type\":\"WebSite\",\"@id\":\"https:\/\/testwebsite.upevents.nl\/#website\",\"url\":\"https:\/\/testwebsite.upevents.nl\/\",\"name\":\"City Game\",\"description\":\"\",\"publisher\":{\"@id\":\"https:\/\/testwebsite.upevents.nl\/#organization\"},\"alternateName\":\"citygame.com\",\"potentialAction\":[{\"@type\":\"SearchAction\",\"target\":{\"@type\":\"EntryPoint\",\"urlTemplate\":\"https:\/\/testwebsite.upevents.nl\/?s={search_term_string}\"},\"query-input\":{\"@type\":\"PropertyValueSpecification\",\"valueRequired\":true,\"valueName\":\"search_term_string\"}}],\"inLanguage\":\"ja\"},{\"@type\":[\"Organization\",\"Place\"],\"@id\":\"https:\/\/testwebsite.upevents.nl\/#organization\",\"name\":\"City Game\",\"alternateName\":\"citygame.com\",\"url\":\"https:\/\/testwebsite.upevents.nl\/\",\"logo\":{\"@id\":\"https:\/\/testwebsite.citygame.com\/ja\/games\/linkoping\/secrets-of-linkoping\/#local-main-organization-logo\"},\"image\":{\"@id\":\"https:\/\/testwebsite.citygame.com\/ja\/games\/linkoping\/secrets-of-linkoping\/#local-main-organization-logo\"},\"sameAs\":[\"https:\/\/www.facebook.com\/profile.php?id=100086426226253\",\"https:\/\/www.instagram.com\/citygame_com\",\"https:\/\/www.tiktok.com\/@citygamecom\/\",\"https:\/\/www.linkedin.com\/company\/citygame-com\"],\"description\":\"Turn any city into a playground with our interactive City Games and self-guided tours. Fun, flexible, and ideal for groups and team building.\",\"telephone\":[],\"openingHoursSpecification\":[{\"@type\":\"OpeningHoursSpecification\",\"dayOfWeek\":[\"Monday\",\"Tuesday\",\"Wednesday\",\"Thursday\",\"Friday\",\"Saturday\",\"Sunday\"],\"opens\":\"09:00\",\"closes\":\"17:00\"}]},{\"@type\":\"ImageObject\",\"inLanguage\":\"ja\",\"@id\":\"https:\/\/testwebsite.citygame.com\/ja\/games\/linkoping\/secrets-of-linkoping\/#local-main-organization-logo\",\"url\":\"https:\/\/testwebsite.citygame.com\/wp-content\/blogs.dir\/1\/files\/sites\/62\/2025\/10\/CG_LOGO-City-Game.png\",\"contentUrl\":\"https:\/\/testwebsite.citygame.com\/wp-content\/blogs.dir\/1\/files\/sites\/62\/2025\/10\/CG_LOGO-City-Game.png\",\"width\":351,\"height\":377,\"caption\":\"City Game\"}]}<\/script>\n<!-- \/ Yoast SEO Premium plugin. -->","yoast_head_json":{"title":"Secrets of Link\u00f6ping - City Game","description":"Secrets of Link\u00f6ping. \u30bb\u30eb\u30d5\u30ac\u30a4\u30c9\u578b\u30b7\u30c6\u30a3\u30b2\u30fc\u30e0\u3092\u30d7\u30ec\u30a4\u3057\u3066\u3001\u30d1\u30ba\u30eb\u3001\u306a\u305e\u306a\u305e\u3001\u30c1\u30e3\u30ec\u30f3\u30b8\u3092\u901a\u3057\u3066\u8857\u3092\u63a2\u7d22\u3057\u307e\u3057\u3087\u3046\u3002\u81ea\u5206\u306e\u30da\u30fc\u30b9\u3067\u30d7\u30ec\u30a4\u3057\u3001\u5730\u5143\u306e\u4eba\u3005\u306e\u3088\u3046\u306b\u767a\u898b\u3092\u697d\u3057\u3093\u3067\u304f\u3060\u3055\u3044\uff01","robots":{"index":"noindex","follow":"follow","max-snippet":"max-snippet:-1","max-image-preview":"max-image-preview:large","max-video-preview":"max-video-preview:-1"},"og_locale":"ja_JP","og_type":"article","og_title":"Secrets of Link\u00f6ping","og_description":"Secrets of Link\u00f6ping. \u30bb\u30eb\u30d5\u30ac\u30a4\u30c9\u578b\u30b7\u30c6\u30a3\u30b2\u30fc\u30e0\u3092\u30d7\u30ec\u30a4\u3057\u3066\u3001\u30d1\u30ba\u30eb\u3001\u306a\u305e\u306a\u305e\u3001\u30c1\u30e3\u30ec\u30f3\u30b8\u3092\u901a\u3057\u3066\u8857\u3092\u63a2\u7d22\u3057\u307e\u3057\u3087\u3046\u3002\u81ea\u5206\u306e\u30da\u30fc\u30b9\u3067\u30d7\u30ec\u30a4\u3057\u3001\u5730\u5143\u306e\u4eba\u3005\u306e\u3088\u3046\u306b\u767a\u898b\u3092\u697d\u3057\u3093\u3067\u304f\u3060\u3055\u3044\uff01","og_url":"https:\/\/testwebsite.citygame.com\/ja\/games\/linkoping\/secrets-of-linkoping\/","og_site_name":"City Game","article_publisher":"https:\/\/www.facebook.com\/profile.php?id=100086426226253","article_modified_time":"2026-04-07T21:02:07+00:00","og_image":[{"width":704,"height":1472,"url":"https:\/\/testwebsite.citygame.com\/wp-content\/blogs.dir\/1\/files\/sites\/62\/2026\/01\/linkoping-sweden-player-smartphone-city-street.jpg","type":"image\/jpeg"}],"twitter_card":"summary_large_image","twitter_misc":{"\u63a8\u5b9a\u8aad\u307f\u53d6\u308a\u6642\u9593":"1\u5206"},"schema":{"@context":"https:\/\/schema.org","@graph":[{"@type":"WebPage","@id":"https:\/\/testwebsite.citygame.com\/ja\/games\/linkoping\/secrets-of-linkoping\/","url":"https:\/\/testwebsite.citygame.com\/ja\/games\/linkoping\/secrets-of-linkoping\/","name":"Secrets of Link\u00f6ping - City Game","isPartOf":{"@id":"https:\/\/testwebsite.upevents.nl\/#website"},"primaryImageOfPage":{"@id":"https:\/\/testwebsite.citygame.com\/ja\/games\/linkoping\/secrets-of-linkoping\/#primaryimage"},"image":{"@id":"https:\/\/testwebsite.citygame.com\/ja\/games\/linkoping\/secrets-of-linkoping\/#primaryimage"},"thumbnailUrl":"https:\/\/testwebsite.citygame.com\/wp-content\/blogs.dir\/1\/files\/sites\/62\/2026\/01\/linkoping-sweden-player-smartphone-city-street.jpg","datePublished":"2026-01-13T11:46:22+00:00","dateModified":"2026-04-07T21:02:07+00:00","description":"Secrets of Link\u00f6ping. \u30bb\u30eb\u30d5\u30ac\u30a4\u30c9\u578b\u30b7\u30c6\u30a3\u30b2\u30fc\u30e0\u3092\u30d7\u30ec\u30a4\u3057\u3066\u3001\u30d1\u30ba\u30eb\u3001\u306a\u305e\u306a\u305e\u3001\u30c1\u30e3\u30ec\u30f3\u30b8\u3092\u901a\u3057\u3066\u8857\u3092\u63a2\u7d22\u3057\u307e\u3057\u3087\u3046\u3002\u81ea\u5206\u306e\u30da\u30fc\u30b9\u3067\u30d7\u30ec\u30a4\u3057\u3001\u5730\u5143\u306e\u4eba\u3005\u306e\u3088\u3046\u306b\u767a\u898b\u3092\u697d\u3057\u3093\u3067\u304f\u3060\u3055\u3044\uff01","breadcrumb":{"@id":"https:\/\/testwebsite.citygame.com\/ja\/games\/linkoping\/secrets-of-linkoping\/#breadcrumb"},"inLanguage":"ja","potentialAction":[{"@type":"ReadAction","target":["https:\/\/testwebsite.citygame.com\/ja\/games\/linkoping\/secrets-of-linkoping\/"]}]},{"@type":"ImageObject","inLanguage":"ja","@id":"https:\/\/testwebsite.citygame.com\/ja\/games\/linkoping\/secrets-of-linkoping\/#primaryimage","url":"https:\/\/testwebsite.citygame.com\/wp-content\/blogs.dir\/1\/files\/sites\/62\/2026\/01\/linkoping-sweden-player-smartphone-city-street.jpg","contentUrl":"https:\/\/testwebsite.citygame.com\/wp-content\/blogs.dir\/1\/files\/sites\/62\/2026\/01\/linkoping-sweden-player-smartphone-city-street.jpg","width":704,"height":1472,"caption":"A player uses their smartphone to explore a wide, tree-lined pedestrian street in downtown Link\u00f6ping."},{"@type":"BreadcrumbList","@id":"https:\/\/testwebsite.citygame.com\/ja\/games\/linkoping\/secrets-of-linkoping\/#breadcrumb","itemListElement":[{"@type":"ListItem","position":1,"name":"Home","item":"https:\/\/testwebsite.citygame.com\/ja\/"},{"@type":"ListItem","position":2,"name":"Shop","item":"https:\/\/testwebsite.citygame.com\/shop\/"},{"@type":"ListItem","position":3,"name":"Secrets of Link\u00f6ping"}]},{"@type":"WebSite","@id":"https:\/\/testwebsite.upevents.nl\/#website","url":"https:\/\/testwebsite.upevents.nl\/","name":"City Game","description":"","publisher":{"@id":"https:\/\/testwebsite.upevents.nl\/#organization"},"alternateName":"citygame.com","potentialAction":[{"@type":"SearchAction","target":{"@type":"EntryPoint","urlTemplate":"https:\/\/testwebsite.upevents.nl\/?s={search_term_string}"},"query-input":{"@type":"PropertyValueSpecification","valueRequired":true,"valueName":"search_term_string"}}],"inLanguage":"ja"},{"@type":["Organization","Place"],"@id":"https:\/\/testwebsite.upevents.nl\/#organization","name":"City Game","alternateName":"citygame.com","url":"https:\/\/testwebsite.upevents.nl\/","logo":{"@id":"https:\/\/testwebsite.citygame.com\/ja\/games\/linkoping\/secrets-of-linkoping\/#local-main-organization-logo"},"image":{"@id":"https:\/\/testwebsite.citygame.com\/ja\/games\/linkoping\/secrets-of-linkoping\/#local-main-organization-logo"},"sameAs":["https:\/\/www.facebook.com\/profile.php?id=100086426226253","https:\/\/www.instagram.com\/citygame_com","https:\/\/www.tiktok.com\/@citygamecom\/","https:\/\/www.linkedin.com\/company\/citygame-com"],"description":"Turn any city into a playground with our interactive City Games and self-guided tours. Fun, flexible, and ideal for groups and team building.","telephone":[],"openingHoursSpecification":[{"@type":"OpeningHoursSpecification","dayOfWeek":["Monday","Tuesday","Wednesday","Thursday","Friday","Saturday","Sunday"],"opens":"09:00","closes":"17:00"}]},{"@type":"ImageObject","inLanguage":"ja","@id":"https:\/\/testwebsite.citygame.com\/ja\/games\/linkoping\/secrets-of-linkoping\/#local-main-organization-logo","url":"https:\/\/testwebsite.citygame.com\/wp-content\/blogs.dir\/1\/files\/sites\/62\/2025\/10\/CG_LOGO-City-Game.png","contentUrl":"https:\/\/testwebsite.citygame.com\/wp-content\/blogs.dir\/1\/files\/sites\/62\/2025\/10\/CG_LOGO-City-Game.png","width":351,"height":377,"caption":"City Game"}]}},"taxonomy_info":{"game-concept":[{"value":720,"label":"Secrets"}],"location":[{"value":244,"label":"Link\u00f6ping"}],"product_cat":[{"value":27,"label":"Geen categorie"}]},"featured_image_src_large":["https:\/\/testwebsite.citygame.com\/wp-content\/blogs.dir\/1\/files\/sites\/62\/2026\/01\/linkoping-sweden-player-smartphone-city-street-490x1024.jpg",490,1024,true],"author_info":[],"comment_info":"","_links":{"self":[{"href":"https:\/\/testwebsite.citygame.com\/ja\/wp-json\/wp\/v2\/product\/55531","targetHints":{"allow":["GET"]}}],"collection":[{"href":"https:\/\/testwebsite.citygame.com\/ja\/wp-json\/wp\/v2\/product"}],"about":[{"href":"https:\/\/testwebsite.citygame.com\/ja\/wp-json\/wp\/v2\/types\/product"}],"acf:post":[{"embeddable":true,"href":"https:\/\/testwebsite.citygame.com\/ja\/wp-json\/wp\/v2\/pages\/7575"}],"wp:featuredmedia":[{"embeddable":true,"href":"https:\/\/testwebsite.citygame.com\/ja\/wp-json\/wp\/v2\/media\/3658"}],"wp:attachment":[{"href":"https:\/\/testwebsite.citygame.com\/ja\/wp-json\/wp\/v2\/media?parent=55531"}],"wp:term":[{"taxonomy":"game-concept","embeddable":true,"href":"https:\/\/testwebsite.citygame.com\/ja\/wp-json\/wp\/v2\/game-concept?post=55531"},{"taxonomy":"location","embeddable":true,"href":"https:\/\/testwebsite.citygame.com\/ja\/wp-json\/wp\/v2\/location?post=55531"},{"taxonomy":"product_brand","embeddable":true,"href":"https:\/\/testwebsite.citygame.com\/ja\/wp-json\/wp\/v2\/product_brand?post=55531"},{"taxonomy":"product_cat","embeddable":true,"href":"https:\/\/testwebsite.citygame.com\/ja\/wp-json\/wp\/v2\/product_cat?post=55531"},{"taxonomy":"product_tag","embeddable":true,"href":"https:\/\/testwebsite.citygame.com\/ja\/wp-json\/wp\/v2\/product_tag?post=55531"}],"curies":[{"name":"wp","href":"https:\/\/api.w.org\/{rel}","templated":true}]}}