{"id":43284,"date":"2026-01-13T15:37:58","date_gmt":"2026-01-13T15:37:58","guid":{"rendered":"https:\/\/testwebsite.citygame.com\/games\/unknown-location\/%e5%95%86%e5%93%81-370\/"},"modified":"2026-04-02T20:26:01","modified_gmt":"2026-04-02T20:26:01","slug":"%e5%95%86%e5%93%81-370","status":"publish","type":"product","link":"https:\/\/testwebsite.citygame.com\/ja\/games\/unknown-location\/%e5%95%86%e5%93%81-370\/","title":{"rendered":"\u5546\u54c1"},"content":{"rendered":"","protected":false},"excerpt":{"rendered":"","protected":false},"featured_media":3841,"template":"","meta":{"_acf_changed":false,"_yoast_wpseo_focuskw":"Secrets of Vasteras","_yoast_wpseo_metadesc":"Secrets of Vasteras. \u30bb\u30eb\u30d5\u30ac\u30a4\u30c9\u578b\u30b7\u30c6\u30a3\u30b2\u30fc\u30e0\u3092\u30d7\u30ec\u30a4\u3057\u3066\u3001\u30d1\u30ba\u30eb\u3001\u306a\u305e\u306a\u305e\u3001\u30c1\u30e3\u30ec\u30f3\u30b8\u3092\u901a\u3057\u3066\u8857\u3092\u63a2\u7d22\u3057\u307e\u3057\u3087\u3046\u3002\u81ea\u5206\u306e\u30da\u30fc\u30b9\u3067\u30d7\u30ec\u30a4\u3057\u3001\u5730\u5143\u306e\u4eba\u306b\u306a\u3063\u305f\u6c17\u5206\u3067\u767a\u898b\u3092\u697d\u3057\u307f\u307e\u3057\u3087\u3046\uff01","_kad_blocks_custom_css":"","_kad_blocks_head_custom_js":"","_kad_blocks_body_custom_js":"","_kad_blocks_footer_custom_js":"","ghostkit_customizer_options":"","ghostkit_custom_css":"","ghostkit_custom_js_head":"","ghostkit_custom_js_foot":"","ghostkit_typography":"","_kad_post_transparent":"","_kad_post_title":"","_kad_post_layout":"","_kad_post_sidebar_id":"","_kad_post_content_style":"","_kad_post_vertical_padding":"","_kad_post_feature":"","_kad_post_feature_position":"","_kad_post_header":false,"_kad_post_footer":false,"_kad_post_classname":"","_links_to":"","_links_to_target":""},"game-concept":[36],"location":[],"product_brand":[],"product_cat":[27],"product_tag":[],"class_list":{"0":"post-43284","1":"product","2":"type-product","3":"status-publish","4":"has-post-thumbnail","6":"game-concept-secrets","7":"product_cat-geen-categorie","9":"first","10":"instock","11":"shipping-taxable","12":"purchasable","13":"product-type-simple","14":"entry","15":"content-bg","16":"loop-entry"},"acf":{"full_bokun_product_name":"Self-Guided Secrets of V\u00e4ster\u00e5s Exploration Game","location_name":"Vasteras","bokun_calendar_widget_code":"<script type=\"text\/javascript\" src=\"https:\/\/widgets.bokun.io\/assets\/javascripts\/apps\/build\/BokunWidgetsLoader.js?bookingChannelUUID=a1e93e96-5232-4734-a595-28405f4b5a31\" async><\/script>\n     \n    <div class=\"bokunWidget\" data-src=\"https:\/\/widgets.bokun.io\/online-sales\/a1e93e96-5232-4734-a595-28405f4b5a31\/experience-calendar\/1096709\"><\/div>\n    <noscript>Please enable javascript in your browser to book<\/noscript>","bokun_button_widget_code":"<script type=\"text\/javascript\" src=\"https:\/\/widgets.bokun.io\/assets\/javascripts\/apps\/build\/BokunWidgetsLoader.js?bookingChannelUUID=a1e93e96-5232-4734-a595-28405f4b5a31\" async><\/script>\n      <style> #bokun_ed001e45_5927_4f62_b470_ca766338d083 { display: inline-block; padding: .4em 1em; background: #47b82e; border-radius: 999999px; box-shadow: none; font-weight: 600; font-size: 24px; text-decoration: none; text-align: center; color: #FFFFFF; border:none; cursor: pointer; transition: background .2s ease; } #bokun_ed001e45_5927_4f62_b470_ca766338d083:hover{ background: #2f7b1f; } #bokun_ed001e45_5927_4f62_b470_ca766338d083:active{ background: #378f24; } <\/style> <button class=\"bokunButton\" disabled id=bokun_ed001e45_5927_4f62_b470_ca766338d083 data-src=\"https:\/\/widgets.bokun.io\/online-sales\/a1e93e96-5232-4734-a595-28405f4b5a31\/experience-calendar\/1096709?partialView=1\" data-testid=\"widget-book-button\" > Book now <\/button> ","what_you\u2019ll_experience_during_the_game":"Secrets of V\u00e4ster\u00e5s City Game\u3067\u306f\u3001\u30b9\u30c8\u30fc\u30ea\u30fc\u30c6\u30ea\u30f3\u30b0\u3001\u624b\u304c\u304b\u308a\u3001\u767a\u898b\u3092\u7d44\u307f\u5408\u308f\u305b\u306a\u304c\u3089\u8857\u3092\u63a2\u7d22\u3057\u307e\u3059\u3002\u30b2\u30fc\u30e0\u304c\u8c61\u5fb4\u7684\u306a\u5834\u6240\u3084\u96a0\u308c\u305f\u5834\u6240\u3078\u3068\u3042\u306a\u305f\u3092\u5c0e\u304f\u306b\u3064\u308c\u3066\u3001\u65b0\u9bae\u306a\u8996\u70b9\u304b\u3089\u30f4\u30a7\u30b9\u30c6\u30ed\u30fc\u30b9\u306e\u8c4a\u304b\u306a\u6587\u5316\u3092\u4f53\u9a13\u3067\u304d\u308b\u3067\u3057\u3087\u3046\u3002\u9053\u4e2d\u3067\u306f\u3001\u30f4\u30a7\u30b9\u30c6\u30ed\u30fc\u30b9\u5927\u8056\u5802\u306e\u5916\u306b\u7acb\u3063\u305f\u308a\u3001\u30b9\u30c8\u30fc\u30eb\u30d6\u30ed\u30f3\u306e\u53e4\u3044\u77f3\u9020\u308a\u306e\u30a2\u30fc\u30c1\u3092\u6e21\u3063\u305f\u308a\u3001\u30f4\u30a7\u30b9\u30c6\u30ed\u30fc\u30b9\u7f8e\u8853\u9928\u306e\u5370\u8c61\u7684\u306a\u58c1\u3092\u901a\u308a\u904e\u304e\u305f\u308a\u3059\u308b\u304b\u3082\u3057\u308c\u307e\u305b\u3093\u3002\u30ab\u30fc\u30eb\u30b9\u30ac\u30fc\u30bf\u30f32\u3084\u30f4\u30a1\u30af\u30b9\u30d2\u30e5\u30fc\u30bb\u30c3\u30c8\u3068\u3044\u3063\u305f\u5730\u5143\u306e\u30e9\u30f3\u30c9\u30de\u30fc\u30af\u3082\u8996\u754c\u306b\u5165\u308a\u3001\u82b8\u8853\u3001\u6b74\u53f2\u3001\u305d\u3057\u3066\u65e5\u5e38\u751f\u6d3b\u3092\u901a\u3057\u3066\u8857\u3092\u5f62\u4f5c\u308b\u624b\u52a9\u3051\u3068\u306a\u308a\u307e\u3059\u3002\n\n\u30f4\u30a7\u30b9\u30c6\u30ed\u30fc\u30b9\u3092\u30ca\u30d3\u30b2\u30fc\u30c8\u3057\u306a\u304c\u3089\u3001\u5834\u6240\u3092\u751f\u304d\u751f\u304d\u3068\u3055\u305b\u308b\u30d1\u30ba\u30eb\u3001\u306a\u305e\u306a\u305e\u3001\u30af\u30ea\u30a8\u30a4\u30c6\u30a3\u30d6\u306a\u8ab2\u984c\u306b\u6311\u6226\u3057\u307e\u3059\u3002\u5404\u30bf\u30b9\u30af\u306f\u30dd\u30a4\u30f3\u30c8\u3092\u7372\u5f97\u3057\u3001\u30d2\u30f3\u30c8\u3092\u660e\u3089\u304b\u306b\u3057\u3001\u30eb\u30fc\u30c8\u306b\u7e54\u308a\u8fbc\u307e\u308c\u305f\u6700\u7d42\u7684\u306a\u8b0e\u3092\u89e3\u304f\u3053\u3068\u306b\u8fd1\u3065\u304d\u307e\u3059\u3002\u3044\u3064\u3067\u3082\u4e2d\u65ad\u3057\u3066\u518d\u958b\u3067\u304d\u308b\u306e\u3067\u3001\u81ea\u5206\u306e\u30da\u30fc\u30b9\u3067\u8857\u3092\u697d\u3057\u3080\u3053\u3068\u304c\u3067\u304d\u307e\u3059\u3002\u3061\u3087\u3063\u3068\u3057\u305f\u53cb\u597d\u7684\u306a\u7af6\u4e89\u3092\u697d\u3057\u307f\u305f\u3044\u65b9\u306b\u306f\u3001\u30ea\u30fc\u30c0\u30fc\u30dc\u30fc\u30c9\u304c\u3053\u306e\u63a2\u7d22\u30b2\u30fc\u30e0\u306e\u30e2\u30c1\u30d9\u30fc\u30b7\u30e7\u30f3\u3092\u3055\u3089\u306b\u9ad8\u3081\u307e\u3059\u3002","how_to_play":"City Game V\u00e4ster\u00e5s\u3092\u3054\u4e88\u7d04\u5f8c\u3001\u76f4\u63a5\u30d7\u30ec\u30a4\u30ea\u30f3\u30af\u304c\u8a18\u8f09\u3055\u308c\u305f\u30e1\u30fc\u30eb\u304c\u5c4a\u304d\u307e\u3059\u3002\u30f4\u30a7\u30b9\u30c6\u30ed\u30fc\u30b9\u7f8e\u8853\u9928\uff08House of Art\uff09\u306e\u30b9\u30bf\u30fc\u30c8\u5730\u70b9\u306b\u884c\u304d\u3001\u643a\u5e2f\u96fb\u8a71\u3067\u30b2\u30fc\u30e0\u3092\u8d77\u52d5\u3059\u308b\u3060\u3051\u3067\u3059\u3002\u305d\u3053\u304b\u3089\u306f\u3001GPS\u30eb\u30fc\u30c8\u306b\u5f93\u3044\u3001\u30bf\u30b9\u30af\u3092\u89e3\u304d\u3001\u81ea\u5206\u306e\u30da\u30fc\u30b9\u3067\u63a2\u7d22\u3057\u3066\u304f\u3060\u3055\u3044\u3002\u30b2\u30fc\u30e0\u306f\u3044\u3064\u3067\u3082\u4e00\u6642\u505c\u6b62\u3067\u304d\u3001\u5f8c\u3067\u7d9a\u304d\u3092\u30d7\u30ec\u30a4\u3067\u304d\u307e\u3059\u3002\u5192\u967a\u304c\u3042\u306a\u305f\u3092\u5f85\u3063\u3066\u3044\u307e\u3059\u3002","start_location":"V\u00e4ster\u00e5s, V\u00e4ster\u00e5s Konstmuseum","available_languages":[],"players_per_group":"1-4","duration":"1.5-2 hours","image_overlay_color_image":"https:\/\/testwebsite.citygame.com\/wp-content\/blogs.dir\/1\/files\/sites\/62\/2026\/01\/SecretsColor.svg","image_overlay_game_logo":"https:\/\/testwebsite.citygame.com\/wp-content\/blogs.dir\/1\/files\/sites\/62\/2026\/01\/SecretsLogo.png","city_page":7563,"woocommerce_general_content":null,"the_story":"<strong>\u30a8\u30ea\u30af\u30fb\u30b9\u30c8\u30fc\u30e0\u30d3\u30a2\u30fc\u30c9\u30fb\u30b9\u30ab\u30eb\u30c9\u30bd\u30f3\u306f\u3001\u5927\u304d\u306a\u3072\u3052\u3001\u3055\u3089\u306b\u5927\u304d\u306a\u58f0\u3001\u305d\u3057\u3066\u975e\u5e38\u306b\u5927\u304d\u306a\u554f\u984c\u3092\u62b1\u3048\u3066\u3044\u307e\u3059\u3002\u30f4\u30a7\u30b9\u30c6\u30ed\u30fc\u30b9\u304c\u4f55\u4e16\u7d00\u306b\u3082\u308f\u305f\u3063\u3066\u7d4c\u9a13\u3057\u305f\u4e2d\u3067\u6700\u3082\u8352\u3005\u3057\u3044\u30f4\u30a1\u30a4\u30ad\u30f3\u30b0\u306e\u5bb4\u306e\u6700\u4e2d\u306b\u3001\u5f7c\u306f\u6700\u3082\u5927\u5207\u306a\u5b9d\u7269\u3067\u3042\u308b\u300e\u7d42\u308f\u3089\u306a\u3044\u6b53\u559c\u306e\u89d2\u7b1b\u300f\u3092\u5931\u3063\u3066\u3057\u307e\u3044\u307e\u3057\u305f\u3002\u305d\u308c\u304c\u306a\u3051\u308c\u3070\u3001\u4e7e\u676f\u3082\u6b4c\u3082\u306a\u304f\u3001\u304a\u795d\u3044\u3082\u3067\u304d\u307e\u305b\u3093\u3002\u305d\u3057\u3066\u3001\u30d1\u30fc\u30c6\u30a3\u30fc\u306e\u306a\u3044\u30a8\u30ea\u30af\u306f\u3001\u307e\u3055\u3057\u304f\u3068\u3066\u3082\u60b2\u3057\u3044\u30f4\u30a1\u30a4\u30ad\u30f3\u30b0\u306a\u306e\u3067\u3059\u3002<\/strong><br><br>\u4eca\u3001\u5f7c\u306f\u3042\u306a\u305f\u306e\u52a9\u3051\u3092\u5fc5\u8981\u3068\u3057\u3066\u3044\u307e\u3059\u3002\u30f4\u30a7\u30b9\u30c6\u30ed\u30fc\u30b9\u306e\u901a\u308a\u3001\u5e83\u5834\u3001\u305d\u3057\u3066\u79d8\u5bc6\u3092\u63a2\u3057\u56de\u3063\u3066\u304f\u3060\u3055\u3044\u3002\u306a\u305e\u306a\u305e\u3092\u89e3\u304d\u3001\u5947\u5999\u306a\u624b\u639b\u304b\u308a\u3092\u8ffd\u3044\u3001\u53e4\u4ee3\u30f4\u30a1\u30a4\u30ad\u30f3\u30b0\u306e\u7b56\u7565\u3092\u51fa\u3057\u629c\u304d\u307e\u3057\u3087\u3046\u3002\u6b53\u559c\u3092\u53d6\u308a\u623b\u3057\u3001\u30a8\u30ea\u30af\u306e\u6b21\u306e\u4e7e\u676f\u306b\u52a0\u308f\u308b\u5834\u6240\u3092\u52dd\u3061\u53d6\u308c\u308b\u306e\u306f\u3001\u3042\u306a\u305f\u3060\u3051\u3067\u3059\u3002<br><br><strong>\u3042\u306a\u305f\u306f\u63a2\u7d22\u3057\u306b\u6765\u305f\u3002\u305d\u3057\u3066\u3001\u7269\u8a9e\u3092\u6551\u3046\u305f\u3081\u306b\u7559\u307e\u3063\u305f\u3002<\/strong>","name_main_character":"Erik Stormbeard Skaldsson","photo_main_character":43285,"loquiz_or_kokimoki":"Kokimoki"},"yoast_head":"<!-- This site is optimized with the Yoast SEO Premium plugin v26.2 (Yoast SEO v26.3) - https:\/\/yoast.com\/wordpress\/plugins\/seo\/ -->\n<title>\u5546\u54c1 - City Game<\/title>\n<meta name=\"description\" content=\"Secrets of Vasteras. \u30bb\u30eb\u30d5\u30ac\u30a4\u30c9\u578b\u30b7\u30c6\u30a3\u30b2\u30fc\u30e0\u3092\u30d7\u30ec\u30a4\u3057\u3066\u3001\u30d1\u30ba\u30eb\u3001\u306a\u305e\u306a\u305e\u3001\u30c1\u30e3\u30ec\u30f3\u30b8\u3092\u901a\u3057\u3066\u8857\u3092\u63a2\u7d22\u3057\u307e\u3057\u3087\u3046\u3002\u81ea\u5206\u306e\u30da\u30fc\u30b9\u3067\u30d7\u30ec\u30a4\u3057\u3001\u5730\u5143\u306e\u4eba\u306b\u306a\u3063\u305f\u6c17\u5206\u3067\u767a\u898b\u3092\u697d\u3057\u307f\u307e\u3057\u3087\u3046\uff01\" \/>\n<meta name=\"robots\" content=\"noindex, follow, max-snippet:-1, max-image-preview:large, max-video-preview:-1\" \/>\n<meta property=\"og:locale\" content=\"ja_JP\" \/>\n<meta property=\"og:type\" content=\"article\" \/>\n<meta property=\"og:title\" content=\"\u5546\u54c1\" \/>\n<meta property=\"og:description\" content=\"Secrets of Vasteras. \u30bb\u30eb\u30d5\u30ac\u30a4\u30c9\u578b\u30b7\u30c6\u30a3\u30b2\u30fc\u30e0\u3092\u30d7\u30ec\u30a4\u3057\u3066\u3001\u30d1\u30ba\u30eb\u3001\u306a\u305e\u306a\u305e\u3001\u30c1\u30e3\u30ec\u30f3\u30b8\u3092\u901a\u3057\u3066\u8857\u3092\u63a2\u7d22\u3057\u307e\u3057\u3087\u3046\u3002\u81ea\u5206\u306e\u30da\u30fc\u30b9\u3067\u30d7\u30ec\u30a4\u3057\u3001\u5730\u5143\u306e\u4eba\u306b\u306a\u3063\u305f\u6c17\u5206\u3067\u767a\u898b\u3092\u697d\u3057\u307f\u307e\u3057\u3087\u3046\uff01\" \/>\n<meta property=\"og:url\" content=\"https:\/\/testwebsite.citygame.com\/ja\/games\/unknown-location\/%e5%95%86%e5%93%81-370\/\" \/>\n<meta property=\"og:site_name\" content=\"City Game\" \/>\n<meta property=\"article:publisher\" content=\"https:\/\/www.facebook.com\/profile.php?id=100086426226253\" \/>\n<meta property=\"article:modified_time\" content=\"2026-04-02T20:26:01+00:00\" \/>\n<meta property=\"og:image\" content=\"https:\/\/testwebsite.citygame.com\/wp-content\/blogs.dir\/1\/files\/sites\/62\/2026\/01\/group-of-friends-playing-city-game-on-phone-by-canal-vasteras.jpg\" \/>\n\t<meta property=\"og:image:width\" content=\"864\" \/>\n\t<meta property=\"og:image:height\" content=\"1184\" \/>\n\t<meta property=\"og:image:type\" content=\"image\/jpeg\" \/>\n<meta name=\"twitter:card\" content=\"summary_large_image\" \/>\n<script type=\"application\/ld+json\" class=\"yoast-schema-graph\">{\"@context\":\"https:\/\/schema.org\",\"@graph\":[{\"@type\":\"WebPage\",\"@id\":\"https:\/\/testwebsite.citygame.com\/ja\/games\/unknown-location\/%e5%95%86%e5%93%81-370\/\",\"url\":\"https:\/\/testwebsite.citygame.com\/ja\/games\/unknown-location\/%e5%95%86%e5%93%81-370\/\",\"name\":\"\u5546\u54c1 - City Game\",\"isPartOf\":{\"@id\":\"https:\/\/testwebsite.upevents.nl\/#website\"},\"primaryImageOfPage\":{\"@id\":\"https:\/\/testwebsite.citygame.com\/ja\/games\/unknown-location\/%e5%95%86%e5%93%81-370\/#primaryimage\"},\"image\":{\"@id\":\"https:\/\/testwebsite.citygame.com\/ja\/games\/unknown-location\/%e5%95%86%e5%93%81-370\/#primaryimage\"},\"thumbnailUrl\":\"https:\/\/testwebsite.citygame.com\/wp-content\/blogs.dir\/1\/files\/sites\/62\/2026\/01\/group-of-friends-playing-city-game-on-phone-by-canal-vasteras.jpg\",\"datePublished\":\"2026-01-13T15:37:58+00:00\",\"dateModified\":\"2026-04-02T20:26:01+00:00\",\"description\":\"Secrets of Vasteras. \u30bb\u30eb\u30d5\u30ac\u30a4\u30c9\u578b\u30b7\u30c6\u30a3\u30b2\u30fc\u30e0\u3092\u30d7\u30ec\u30a4\u3057\u3066\u3001\u30d1\u30ba\u30eb\u3001\u306a\u305e\u306a\u305e\u3001\u30c1\u30e3\u30ec\u30f3\u30b8\u3092\u901a\u3057\u3066\u8857\u3092\u63a2\u7d22\u3057\u307e\u3057\u3087\u3046\u3002\u81ea\u5206\u306e\u30da\u30fc\u30b9\u3067\u30d7\u30ec\u30a4\u3057\u3001\u5730\u5143\u306e\u4eba\u306b\u306a\u3063\u305f\u6c17\u5206\u3067\u767a\u898b\u3092\u697d\u3057\u307f\u307e\u3057\u3087\u3046\uff01\",\"breadcrumb\":{\"@id\":\"https:\/\/testwebsite.citygame.com\/ja\/games\/unknown-location\/%e5%95%86%e5%93%81-370\/#breadcrumb\"},\"inLanguage\":\"ja\",\"potentialAction\":[{\"@type\":\"ReadAction\",\"target\":[\"https:\/\/testwebsite.citygame.com\/ja\/games\/unknown-location\/%e5%95%86%e5%93%81-370\/\"]}]},{\"@type\":\"ImageObject\",\"inLanguage\":\"ja\",\"@id\":\"https:\/\/testwebsite.citygame.com\/ja\/games\/unknown-location\/%e5%95%86%e5%93%81-370\/#primaryimage\",\"url\":\"https:\/\/testwebsite.citygame.com\/wp-content\/blogs.dir\/1\/files\/sites\/62\/2026\/01\/group-of-friends-playing-city-game-on-phone-by-canal-vasteras.jpg\",\"contentUrl\":\"https:\/\/testwebsite.citygame.com\/wp-content\/blogs.dir\/1\/files\/sites\/62\/2026\/01\/group-of-friends-playing-city-game-on-phone-by-canal-vasteras.jpg\",\"width\":864,\"height\":1184,\"caption\":\"A group of friends explores the historic city center of Vasteras with a mobile game.\"},{\"@type\":\"BreadcrumbList\",\"@id\":\"https:\/\/testwebsite.citygame.com\/ja\/games\/unknown-location\/%e5%95%86%e5%93%81-370\/#breadcrumb\",\"itemListElement\":[{\"@type\":\"ListItem\",\"position\":1,\"name\":\"Home\",\"item\":\"https:\/\/testwebsite.citygame.com\/ja\/\"},{\"@type\":\"ListItem\",\"position\":2,\"name\":\"Shop\",\"item\":\"https:\/\/testwebsite.citygame.com\/shop\/\"},{\"@type\":\"ListItem\",\"position\":3,\"name\":\"\u5546\u54c1\"}]},{\"@type\":\"WebSite\",\"@id\":\"https:\/\/testwebsite.upevents.nl\/#website\",\"url\":\"https:\/\/testwebsite.upevents.nl\/\",\"name\":\"City Game\",\"description\":\"\",\"publisher\":{\"@id\":\"https:\/\/testwebsite.upevents.nl\/#organization\"},\"alternateName\":\"citygame.com\",\"potentialAction\":[{\"@type\":\"SearchAction\",\"target\":{\"@type\":\"EntryPoint\",\"urlTemplate\":\"https:\/\/testwebsite.upevents.nl\/?s={search_term_string}\"},\"query-input\":{\"@type\":\"PropertyValueSpecification\",\"valueRequired\":true,\"valueName\":\"search_term_string\"}}],\"inLanguage\":\"ja\"},{\"@type\":[\"Organization\",\"Place\"],\"@id\":\"https:\/\/testwebsite.upevents.nl\/#organization\",\"name\":\"City Game\",\"alternateName\":\"citygame.com\",\"url\":\"https:\/\/testwebsite.upevents.nl\/\",\"logo\":{\"@id\":\"https:\/\/testwebsite.citygame.com\/ja\/games\/unknown-location\/%e5%95%86%e5%93%81-370\/#local-main-organization-logo\"},\"image\":{\"@id\":\"https:\/\/testwebsite.citygame.com\/ja\/games\/unknown-location\/%e5%95%86%e5%93%81-370\/#local-main-organization-logo\"},\"sameAs\":[\"https:\/\/www.facebook.com\/profile.php?id=100086426226253\",\"https:\/\/www.instagram.com\/citygame_com\",\"https:\/\/www.tiktok.com\/@citygamecom\/\",\"https:\/\/www.linkedin.com\/company\/citygame-com\"],\"description\":\"Turn any city into a playground with our interactive City Games and self-guided tours. Fun, flexible, and ideal for groups and team building.\",\"telephone\":[],\"openingHoursSpecification\":[{\"@type\":\"OpeningHoursSpecification\",\"dayOfWeek\":[\"Monday\",\"Tuesday\",\"Wednesday\",\"Thursday\",\"Friday\",\"Saturday\",\"Sunday\"],\"opens\":\"09:00\",\"closes\":\"17:00\"}]},{\"@type\":\"ImageObject\",\"inLanguage\":\"ja\",\"@id\":\"https:\/\/testwebsite.citygame.com\/ja\/games\/unknown-location\/%e5%95%86%e5%93%81-370\/#local-main-organization-logo\",\"url\":\"https:\/\/testwebsite.citygame.com\/wp-content\/blogs.dir\/1\/files\/sites\/62\/2025\/10\/CG_LOGO-City-Game.png\",\"contentUrl\":\"https:\/\/testwebsite.citygame.com\/wp-content\/blogs.dir\/1\/files\/sites\/62\/2025\/10\/CG_LOGO-City-Game.png\",\"width\":351,\"height\":377,\"caption\":\"City Game\"}]}<\/script>\n<!-- \/ Yoast SEO Premium plugin. -->","yoast_head_json":{"title":"\u5546\u54c1 - City Game","description":"Secrets of Vasteras. \u30bb\u30eb\u30d5\u30ac\u30a4\u30c9\u578b\u30b7\u30c6\u30a3\u30b2\u30fc\u30e0\u3092\u30d7\u30ec\u30a4\u3057\u3066\u3001\u30d1\u30ba\u30eb\u3001\u306a\u305e\u306a\u305e\u3001\u30c1\u30e3\u30ec\u30f3\u30b8\u3092\u901a\u3057\u3066\u8857\u3092\u63a2\u7d22\u3057\u307e\u3057\u3087\u3046\u3002\u81ea\u5206\u306e\u30da\u30fc\u30b9\u3067\u30d7\u30ec\u30a4\u3057\u3001\u5730\u5143\u306e\u4eba\u306b\u306a\u3063\u305f\u6c17\u5206\u3067\u767a\u898b\u3092\u697d\u3057\u307f\u307e\u3057\u3087\u3046\uff01","robots":{"index":"noindex","follow":"follow","max-snippet":"max-snippet:-1","max-image-preview":"max-image-preview:large","max-video-preview":"max-video-preview:-1"},"og_locale":"ja_JP","og_type":"article","og_title":"\u5546\u54c1","og_description":"Secrets of Vasteras. \u30bb\u30eb\u30d5\u30ac\u30a4\u30c9\u578b\u30b7\u30c6\u30a3\u30b2\u30fc\u30e0\u3092\u30d7\u30ec\u30a4\u3057\u3066\u3001\u30d1\u30ba\u30eb\u3001\u306a\u305e\u306a\u305e\u3001\u30c1\u30e3\u30ec\u30f3\u30b8\u3092\u901a\u3057\u3066\u8857\u3092\u63a2\u7d22\u3057\u307e\u3057\u3087\u3046\u3002\u81ea\u5206\u306e\u30da\u30fc\u30b9\u3067\u30d7\u30ec\u30a4\u3057\u3001\u5730\u5143\u306e\u4eba\u306b\u306a\u3063\u305f\u6c17\u5206\u3067\u767a\u898b\u3092\u697d\u3057\u307f\u307e\u3057\u3087\u3046\uff01","og_url":"https:\/\/testwebsite.citygame.com\/ja\/games\/unknown-location\/%e5%95%86%e5%93%81-370\/","og_site_name":"City Game","article_publisher":"https:\/\/www.facebook.com\/profile.php?id=100086426226253","article_modified_time":"2026-04-02T20:26:01+00:00","og_image":[{"width":864,"height":1184,"url":"https:\/\/testwebsite.citygame.com\/wp-content\/blogs.dir\/1\/files\/sites\/62\/2026\/01\/group-of-friends-playing-city-game-on-phone-by-canal-vasteras.jpg","type":"image\/jpeg"}],"twitter_card":"summary_large_image","schema":{"@context":"https:\/\/schema.org","@graph":[{"@type":"WebPage","@id":"https:\/\/testwebsite.citygame.com\/ja\/games\/unknown-location\/%e5%95%86%e5%93%81-370\/","url":"https:\/\/testwebsite.citygame.com\/ja\/games\/unknown-location\/%e5%95%86%e5%93%81-370\/","name":"\u5546\u54c1 - City Game","isPartOf":{"@id":"https:\/\/testwebsite.upevents.nl\/#website"},"primaryImageOfPage":{"@id":"https:\/\/testwebsite.citygame.com\/ja\/games\/unknown-location\/%e5%95%86%e5%93%81-370\/#primaryimage"},"image":{"@id":"https:\/\/testwebsite.citygame.com\/ja\/games\/unknown-location\/%e5%95%86%e5%93%81-370\/#primaryimage"},"thumbnailUrl":"https:\/\/testwebsite.citygame.com\/wp-content\/blogs.dir\/1\/files\/sites\/62\/2026\/01\/group-of-friends-playing-city-game-on-phone-by-canal-vasteras.jpg","datePublished":"2026-01-13T15:37:58+00:00","dateModified":"2026-04-02T20:26:01+00:00","description":"Secrets of Vasteras. \u30bb\u30eb\u30d5\u30ac\u30a4\u30c9\u578b\u30b7\u30c6\u30a3\u30b2\u30fc\u30e0\u3092\u30d7\u30ec\u30a4\u3057\u3066\u3001\u30d1\u30ba\u30eb\u3001\u306a\u305e\u306a\u305e\u3001\u30c1\u30e3\u30ec\u30f3\u30b8\u3092\u901a\u3057\u3066\u8857\u3092\u63a2\u7d22\u3057\u307e\u3057\u3087\u3046\u3002\u81ea\u5206\u306e\u30da\u30fc\u30b9\u3067\u30d7\u30ec\u30a4\u3057\u3001\u5730\u5143\u306e\u4eba\u306b\u306a\u3063\u305f\u6c17\u5206\u3067\u767a\u898b\u3092\u697d\u3057\u307f\u307e\u3057\u3087\u3046\uff01","breadcrumb":{"@id":"https:\/\/testwebsite.citygame.com\/ja\/games\/unknown-location\/%e5%95%86%e5%93%81-370\/#breadcrumb"},"inLanguage":"ja","potentialAction":[{"@type":"ReadAction","target":["https:\/\/testwebsite.citygame.com\/ja\/games\/unknown-location\/%e5%95%86%e5%93%81-370\/"]}]},{"@type":"ImageObject","inLanguage":"ja","@id":"https:\/\/testwebsite.citygame.com\/ja\/games\/unknown-location\/%e5%95%86%e5%93%81-370\/#primaryimage","url":"https:\/\/testwebsite.citygame.com\/wp-content\/blogs.dir\/1\/files\/sites\/62\/2026\/01\/group-of-friends-playing-city-game-on-phone-by-canal-vasteras.jpg","contentUrl":"https:\/\/testwebsite.citygame.com\/wp-content\/blogs.dir\/1\/files\/sites\/62\/2026\/01\/group-of-friends-playing-city-game-on-phone-by-canal-vasteras.jpg","width":864,"height":1184,"caption":"A group of friends explores the historic city center of Vasteras with a mobile game."},{"@type":"BreadcrumbList","@id":"https:\/\/testwebsite.citygame.com\/ja\/games\/unknown-location\/%e5%95%86%e5%93%81-370\/#breadcrumb","itemListElement":[{"@type":"ListItem","position":1,"name":"Home","item":"https:\/\/testwebsite.citygame.com\/ja\/"},{"@type":"ListItem","position":2,"name":"Shop","item":"https:\/\/testwebsite.citygame.com\/shop\/"},{"@type":"ListItem","position":3,"name":"\u5546\u54c1"}]},{"@type":"WebSite","@id":"https:\/\/testwebsite.upevents.nl\/#website","url":"https:\/\/testwebsite.upevents.nl\/","name":"City Game","description":"","publisher":{"@id":"https:\/\/testwebsite.upevents.nl\/#organization"},"alternateName":"citygame.com","potentialAction":[{"@type":"SearchAction","target":{"@type":"EntryPoint","urlTemplate":"https:\/\/testwebsite.upevents.nl\/?s={search_term_string}"},"query-input":{"@type":"PropertyValueSpecification","valueRequired":true,"valueName":"search_term_string"}}],"inLanguage":"ja"},{"@type":["Organization","Place"],"@id":"https:\/\/testwebsite.upevents.nl\/#organization","name":"City Game","alternateName":"citygame.com","url":"https:\/\/testwebsite.upevents.nl\/","logo":{"@id":"https:\/\/testwebsite.citygame.com\/ja\/games\/unknown-location\/%e5%95%86%e5%93%81-370\/#local-main-organization-logo"},"image":{"@id":"https:\/\/testwebsite.citygame.com\/ja\/games\/unknown-location\/%e5%95%86%e5%93%81-370\/#local-main-organization-logo"},"sameAs":["https:\/\/www.facebook.com\/profile.php?id=100086426226253","https:\/\/www.instagram.com\/citygame_com","https:\/\/www.tiktok.com\/@citygamecom\/","https:\/\/www.linkedin.com\/company\/citygame-com"],"description":"Turn any city into a playground with our interactive City Games and self-guided tours. Fun, flexible, and ideal for groups and team building.","telephone":[],"openingHoursSpecification":[{"@type":"OpeningHoursSpecification","dayOfWeek":["Monday","Tuesday","Wednesday","Thursday","Friday","Saturday","Sunday"],"opens":"09:00","closes":"17:00"}]},{"@type":"ImageObject","inLanguage":"ja","@id":"https:\/\/testwebsite.citygame.com\/ja\/games\/unknown-location\/%e5%95%86%e5%93%81-370\/#local-main-organization-logo","url":"https:\/\/testwebsite.citygame.com\/wp-content\/blogs.dir\/1\/files\/sites\/62\/2025\/10\/CG_LOGO-City-Game.png","contentUrl":"https:\/\/testwebsite.citygame.com\/wp-content\/blogs.dir\/1\/files\/sites\/62\/2025\/10\/CG_LOGO-City-Game.png","width":351,"height":377,"caption":"City Game"}]}},"taxonomy_info":{"game-concept":[{"value":36,"label":"Secrets"}],"product_cat":[{"value":27,"label":"Geen categorie"}]},"featured_image_src_large":["https:\/\/testwebsite.citygame.com\/wp-content\/blogs.dir\/1\/files\/sites\/62\/2026\/01\/group-of-friends-playing-city-game-on-phone-by-canal-vasteras-747x1024.jpg",747,1024,true],"author_info":[],"comment_info":"","_links":{"self":[{"href":"https:\/\/testwebsite.citygame.com\/ja\/wp-json\/wp\/v2\/product\/43284","targetHints":{"allow":["GET"]}}],"collection":[{"href":"https:\/\/testwebsite.citygame.com\/ja\/wp-json\/wp\/v2\/product"}],"about":[{"href":"https:\/\/testwebsite.citygame.com\/ja\/wp-json\/wp\/v2\/types\/product"}],"acf:post":[{"embeddable":true,"href":"https:\/\/testwebsite.citygame.com\/ja\/wp-json\/wp\/v2\/pages\/7563"}],"wp:featuredmedia":[{"embeddable":true,"href":"https:\/\/testwebsite.citygame.com\/ja\/wp-json\/wp\/v2\/media\/3841"}],"wp:attachment":[{"href":"https:\/\/testwebsite.citygame.com\/ja\/wp-json\/wp\/v2\/media?parent=43284"}],"wp:term":[{"taxonomy":"game-concept","embeddable":true,"href":"https:\/\/testwebsite.citygame.com\/ja\/wp-json\/wp\/v2\/game-concept?post=43284"},{"taxonomy":"location","embeddable":true,"href":"https:\/\/testwebsite.citygame.com\/ja\/wp-json\/wp\/v2\/location?post=43284"},{"taxonomy":"product_brand","embeddable":true,"href":"https:\/\/testwebsite.citygame.com\/ja\/wp-json\/wp\/v2\/product_brand?post=43284"},{"taxonomy":"product_cat","embeddable":true,"href":"https:\/\/testwebsite.citygame.com\/ja\/wp-json\/wp\/v2\/product_cat?post=43284"},{"taxonomy":"product_tag","embeddable":true,"href":"https:\/\/testwebsite.citygame.com\/ja\/wp-json\/wp\/v2\/product_tag?post=43284"}],"curies":[{"name":"wp","href":"https:\/\/api.w.org\/{rel}","templated":true}]}}