{"id":42074,"date":"2026-01-13T11:45:50","date_gmt":"2026-01-13T11:45:50","guid":{"rendered":"https:\/\/testwebsite.citygame.com\/games\/unknown-location\/%e5%95%86%e5%93%81-359\/"},"modified":"2026-04-02T17:39:26","modified_gmt":"2026-04-02T17:39:26","slug":"%e5%95%86%e5%93%81-359","status":"publish","type":"product","link":"https:\/\/testwebsite.citygame.com\/ja\/games\/unknown-location\/%e5%95%86%e5%93%81-359\/","title":{"rendered":"\u5546\u54c1"},"content":{"rendered":"","protected":false},"excerpt":{"rendered":"","protected":false},"featured_media":3655,"template":"","meta":{"_acf_changed":false,"_yoast_wpseo_focuskw":"Secrets of Lodz","_yoast_wpseo_metadesc":"Secrets of Lodz. \u30bb\u30eb\u30d5\u30ac\u30a4\u30c9\u578b\u30b7\u30c6\u30a3\u30b2\u30fc\u30e0\u3092\u30d7\u30ec\u30a4\u3057\u3066\u3001\u30d1\u30ba\u30eb\u3001\u306a\u305e\u306a\u305e\u3001\u30c1\u30e3\u30ec\u30f3\u30b8\u3092\u901a\u3057\u3066\u8857\u3092\u63a2\u7d22\u3057\u307e\u3057\u3087\u3046\u3002\u81ea\u5206\u306e\u30da\u30fc\u30b9\u3067\u30d7\u30ec\u30a4\u3057\u3001\u5730\u5143\u306e\u4eba\u3005\u306e\u3088\u3046\u306b\u767a\u898b\u3057\u307e\u3057\u3087\u3046\uff01","_kad_blocks_custom_css":"","_kad_blocks_head_custom_js":"","_kad_blocks_body_custom_js":"","_kad_blocks_footer_custom_js":"","ghostkit_customizer_options":"","ghostkit_custom_css":"","ghostkit_custom_js_head":"","ghostkit_custom_js_foot":"","ghostkit_typography":"","_kad_post_transparent":"","_kad_post_title":"","_kad_post_layout":"","_kad_post_sidebar_id":"","_kad_post_content_style":"","_kad_post_vertical_padding":"","_kad_post_feature":"","_kad_post_feature_position":"","_kad_post_header":false,"_kad_post_footer":false,"_kad_post_classname":"","_links_to":"","_links_to_target":""},"game-concept":[36],"location":[],"product_brand":[],"product_cat":[27],"product_tag":[],"class_list":{"0":"post-42074","1":"product","2":"type-product","3":"status-publish","4":"has-post-thumbnail","6":"game-concept-secrets","7":"product_cat-geen-categorie","9":"first","10":"instock","11":"shipping-taxable","12":"purchasable","13":"product-type-simple","14":"entry","15":"content-bg","16":"loop-entry"},"acf":{"full_bokun_product_name":"Self-Guided Secrets of \u0141\u00f3d\u017a Exploration Game","location_name":"Lodz","bokun_calendar_widget_code":"<script type=\"text\/javascript\" src=\"https:\/\/widgets.bokun.io\/assets\/javascripts\/apps\/build\/BokunWidgetsLoader.js?bookingChannelUUID=a1e93e96-5232-4734-a595-28405f4b5a31\" async><\/script>\n     \n    <div class=\"bokunWidget\" data-src=\"https:\/\/widgets.bokun.io\/online-sales\/a1e93e96-5232-4734-a595-28405f4b5a31\/experience-calendar\/1102921\"><\/div>\n    <noscript>Please enable javascript in your browser to book<\/noscript>","bokun_button_widget_code":"<script type=\"text\/javascript\" src=\"https:\/\/widgets.bokun.io\/assets\/javascripts\/apps\/build\/BokunWidgetsLoader.js?bookingChannelUUID=a1e93e96-5232-4734-a595-28405f4b5a31\" async><\/script>\n      <style> #bokun_ed001e45_5927_4f62_b470_ca766338d083 { display: inline-block; padding: .4em 1em; background: #47b82e; border-radius: 999999px; box-shadow: none; font-weight: 600; font-size: 24px; text-decoration: none; text-align: center; color: #FFFFFF; border:none; cursor: pointer; transition: background .2s ease; } #bokun_ed001e45_5927_4f62_b470_ca766338d083:hover{ background: #2f7b1f; } #bokun_ed001e45_5927_4f62_b470_ca766338d083:active{ background: #378f24; } <\/style> <button class=\"bokunButton\" disabled id=bokun_ed001e45_5927_4f62_b470_ca766338d083 data-src=\"https:\/\/widgets.bokun.io\/online-sales\/a1e93e96-5232-4734-a595-28405f4b5a31\/experience-calendar\/1102921?partialView=1\" data-testid=\"widget-book-button\" > Book now <\/button> ","what_you\u2019ll_experience_during_the_game":"\u300e\u30a6\u30c3\u30c1\u306e\u79d8\u5bc6\u300f\u30b7\u30c6\u30a3\u30b2\u30fc\u30e0\u3067\u306f\u3001\u7269\u8a9e\u3068\u30a4\u30f3\u30bf\u30e9\u30af\u30c6\u30a3\u30d6\u306a\u30c1\u30e3\u30ec\u30f3\u30b8\u3092\u7d44\u307f\u5408\u308f\u305b\u308b\u3053\u3068\u3067\u3001\u4e00\u822c\u7684\u306a\u89b3\u5149\u306e\u67a0\u3092\u8d85\u3048\u3066\u8857\u3092\u63a2\u7d22\u3057\u307e\u3059\u3002\u30a6\u30c3\u30c1\u306e\u4e2d\u5fc3\u90e8\u3092\u5de1\u308b\u306b\u3064\u308c\u3066\u3001\u30d4\u30aa\u30c8\u30eb\u30b3\u30d5\u30b9\u30ab\u901a\u308a\u306a\u3069\u306e\u8c61\u5fb4\u7684\u306a\u5834\u6240\u3092\u767a\u898b\u3057\u3001\u4e09\u4eba\u306e\u5b9f\u696d\u5bb6\u8a18\u5ff5\u7891\u306e\u7cbe\u5de7\u306a\u5f6b\u50cf\u3092\u9451\u8cde\u3057\u3001\u8907\u96d1\u306a\u30a2\u30ec\u30af\u30b5\u30f3\u30c9\u30eb\u30fb\u30cd\u30d5\u30b9\u30ad\u30fc\u5927\u8056\u5802\u306b\u7acb\u3061\u5bc4\u308a\u307e\u3059\u3002\u305d\u306e\u9053\u4e2d\u3067\u306f\u3001\u30a2\u30eb\u30c8\u30a5\u30fc\u30eb\u30fb\u30eb\u30fc\u30d3\u30f3\u30b7\u30e5\u30bf\u30a4\u30f3\u306e\u58c1\u753b\u3084\u5370\u5237\u696d\u8005\u6b74\u53f2\u9928\u306e\u3088\u3046\u306a\u3042\u307e\u308a\u77e5\u3089\u308c\u3066\u3044\u306a\u3044\u540d\u6240\u304c\u3001\u8857\u306e\u91cd\u5c64\u7684\u306a\u6587\u5316\u7684\u30a2\u30a4\u30c7\u30f3\u30c6\u30a3\u30c6\u30a3\u3092\u660e\u3089\u304b\u306b\u3057\u307e\u3059\u3002\u305d\u308c\u305e\u308c\u306e\u5834\u6240\u304c\u3001\u6b74\u53f2\u3001\u30a2\u30fc\u30c8\u3001\u65e5\u5e38\u306e\u90fd\u5e02\u306e\u96f0\u56f2\u6c17\u3092\u878d\u5408\u3055\u305b\u3001\u8857\u306e\u7269\u8a9e\u306e\u65b0\u305f\u306a\u65ad\u7247\u3092\u751f\u304d\u751f\u304d\u3068\u3055\u305b\u307e\u3059\u3002\n\n\u30b2\u30fc\u30e0\u5168\u4f53\u3092\u901a\u3057\u3066\u3001\u30dd\u30a4\u30f3\u30c8\u3092\u7372\u5f97\u3057\u624b\u304c\u304b\u308a\u3092\u660e\u3089\u304b\u306b\u3059\u308b\u306e\u306b\u5f79\u7acb\u3064\u3001\u69d8\u3005\u306a\u30d1\u30ba\u30eb\u3001\u306a\u305e\u306a\u305e\u3001\u697d\u3057\u3044\u5199\u771f\u30c1\u30e3\u30ec\u30f3\u30b8\u3092\u89e3\u304d\u307e\u3059\u3002\u4e00\u6b69\u9032\u3080\u3054\u3068\u306b\u3001\u4f53\u9a13\u5168\u4f53\u3092\u7d50\u3073\u3064\u3051\u308b\u6700\u5f8c\u306e\u8b0e\u306e\u89e3\u6c7a\u306b\u8fd1\u3065\u304d\u307e\u3059\u3002\u30b2\u30fc\u30e0\u306f\u3044\u3064\u3067\u3082\u4e2d\u65ad\u3057\u3066\u5f8c\u3067\u7d9a\u3051\u308b\u3053\u3068\u304c\u3067\u304d\u308b\u305f\u3081\u3001\u81ea\u5206\u306e\u30da\u30fc\u30b9\u3067\u30a6\u30c3\u30c1\u3092\u7c21\u5358\u306b\u63a2\u7d22\u3067\u304d\u307e\u3059\u3002\u7af6\u4e89\u5fc3\u306e\u3042\u308b\u65b9\u306b\u306f\u3001\u30c1\u30fc\u30e0\u3084\u500b\u4eba\u3067\u30b9\u30b3\u30a2\u3092\u8ffd\u8de1\u3057\u3001\u3053\u306e\u9b45\u529b\u7684\u306a\u30b7\u30c6\u30a3\u30b2\u30fc\u30e0\u3092\u63a2\u7d22\u3057\u306a\u304c\u3089\u30ea\u30fc\u30c0\u30fc\u30dc\u30fc\u30c9\u306e\u30c8\u30c3\u30d7\u3092\u76ee\u6307\u3059\u3053\u3068\u304c\u3067\u304d\u307e\u3059\u3002","how_to_play":"\u30b7\u30c6\u30a3\u30b2\u30fc\u30e0\u30fb\u30a6\u30c3\u30c1\u3092\u3054\u4e88\u7d04\u5f8c\u3001\u76f4\u63a5\u30d7\u30ec\u30a4\u30ea\u30f3\u30af\u304c\u8a18\u8f09\u3055\u308c\u305f\u30e1\u30fc\u30eb\u304c\u5c4a\u304d\u307e\u3059\u3002\u30a6\u30c3\u30c1\u30fb\u30a6\u30a9\u30fc\u30af\u30fb\u30aa\u30d6\u30fb\u30d5\u30a7\u30fc\u30e0\u306e\u30b9\u30bf\u30fc\u30c8\u5730\u70b9\u306b\u884c\u304d\u3001\u30ea\u30f3\u30af\u3092\u958b\u3044\u3066\u3059\u3050\u306b\u5192\u967a\u3092\u59cb\u3081\u307e\u3057\u3087\u3046\u3002\u30b2\u30fc\u30e0\u306f\u5b8c\u5168\u306b\u30b9\u30de\u30fc\u30c8\u30d5\u30a9\u30f3\u4e0a\u3067\u52d5\u4f5c\u3059\u308b\u305f\u3081\u3001\u30ac\u30a4\u30c9\u3084\u30a2\u30d7\u30ea\u306e\u30c0\u30a6\u30f3\u30ed\u30fc\u30c9\u306f\u4e0d\u8981\u3067\u3059\u3002\u30b2\u30fc\u30e0\u306f\u3044\u3064\u3067\u3082\u4e2d\u65ad\u3057\u3066\u5f8c\u3067\u7d9a\u3051\u308b\u3053\u3068\u304c\u3067\u304d\u307e\u3059\u3002\u3042\u306a\u305f\u306e\u7269\u8a9e\u306f\u3001\u3042\u306a\u305f\u304c\u9078\u3093\u3060\u6642\u306b\u5b8c\u7d50\u3057\u307e\u3059\u3002","start_location":"\u0141\u00f3d\u017a, \u0141\u00f3d\u017a Walk of Fame (Aleja Gwiazd)","available_languages":[],"players_per_group":"1-4","duration":"1.5-2 hours","image_overlay_color_image":"https:\/\/testwebsite.citygame.com\/wp-content\/blogs.dir\/1\/files\/sites\/62\/2026\/01\/SecretsColor.svg","image_overlay_game_logo":"https:\/\/testwebsite.citygame.com\/wp-content\/blogs.dir\/1\/files\/sites\/62\/2026\/01\/SecretsLogo.png","city_page":15935,"woocommerce_general_content":null,"the_story":"<strong>\u30a6\u30c3\u30c1\u306f\u305f\u3060\u8a9e\u308b\u3060\u3051\u3067\u306a\u304f\u3001\u6b4c\u3044\u307e\u3059\u3002\u58c1\u753b\u3068\u30e1\u30ed\u30c7\u30a3\u30fc\u3001\u5de5\u5834\u3068\u30d5\u30ec\u30b9\u30b3\u753b\u3092\u901a\u3057\u3066\u3001\u3053\u306e\u8857\u306f\u96a0\u308c\u305f\u30ea\u30ba\u30e0\u3067\u3055\u3055\u3084\u304d\u307e\u3059\u3002\u305d\u3057\u3066\u3001\u5fd8\u308c\u53bb\u3089\u308c\u305f\u6b4c\u306e\u4e2d\u5fc3\u306b\u306f\u3001\u3053\u306e\u8857\u3067\u751f\u307e\u308c\u305f\u4f1d\u8aac\u306e\u30d4\u30a2\u30cb\u30b9\u30c8\u3001\u30a2\u30eb\u30c8\u30a5\u30fc\u30eb\u30fb\u30eb\u30fc\u30d3\u30f3\u30b7\u30e5\u30bf\u30a4\u30f3\u304c\u7acb\u3063\u3066\u3044\u307e\u3059\u3002\u5f7c\u306e\u97f3\u697d\u306f\u304b\u3064\u3066\u4e16\u754c\u4e2d\u306e\u4eba\u3005\u306e\u5fc3\u3092\u63fa\u3055\u3076\u308a\u307e\u3057\u305f\u304c\u3001\u4eca\u3001\u5f7c\u306e\u97f3\u7b26\u306f\u5931\u308f\u308c\u3001\u304b\u3064\u3066\u5f7c\u304c\u6545\u90f7\u3068\u547c\u3093\u3060\u8def\u5730\u3092\u3055\u307e\u3088\u3063\u3066\u3044\u307e\u3059\u3002<\/strong><br><br>\u4e00\u7dd2\u306b\u3001\u3042\u306a\u305f\u306f\u9ec4\u91d1\u306e\u30c9\u30fc\u30e0\u304b\u3089\u9759\u304b\u306a\u30d9\u30f3\u30c1\u3078\u3068\u8a18\u61b6\u306e\u3053\u3060\u307e\u3092\u8ffd\u3044\u3001\u30bd\u30ca\u30bf\u306e\u30da\u30fc\u30b8\u3092\u4e00\u679a\u305a\u3064\u3081\u304f\u308a\u306a\u304c\u3089\u79d8\u5bc6\u3092\u89e3\u304d\u660e\u304b\u3057\u307e\u3059\u3002\u3053\u308c\u306f\u5931\u308f\u308c\u305f\u97f3\u697d\u306e\u63a2\u7d22\u4ee5\u4e0a\u306e\u3082\u306e\u3067\u3059\u3002\u305d\u308c\u306f\u3001\u58f0\u3092\u5fa9\u6d3b\u3055\u305b\u3001\u907a\u7523\u3092\u8607\u3089\u305b\u3001\u3042\u306a\u305f\u3092\u901a\u3058\u3066\u8857\u3092\u518d\u3073\u594f\u3067\u308b\u30c1\u30e3\u30f3\u30b9\u3067\u3059\u3002<br><br><strong>\u3042\u306a\u305f\u306f\u63a2\u7d22\u3057\u306b\u6765\u305f\u3002\u305d\u3057\u3066\u3001\u7269\u8a9e\u3092\u6551\u3046\u305f\u3081\u306b\u7559\u307e\u3063\u305f\u306e\u3060\u3002<\/strong>","name_main_character":"Arthur Rubinstein","photo_main_character":42075,"loquiz_or_kokimoki":"Kokimoki"},"yoast_head":"<!-- This site is optimized with the Yoast SEO Premium plugin v26.2 (Yoast SEO v26.3) - https:\/\/yoast.com\/wordpress\/plugins\/seo\/ -->\n<title>\u5546\u54c1 - City Game<\/title>\n<meta name=\"description\" content=\"Secrets of Lodz. \u30bb\u30eb\u30d5\u30ac\u30a4\u30c9\u578b\u30b7\u30c6\u30a3\u30b2\u30fc\u30e0\u3092\u30d7\u30ec\u30a4\u3057\u3066\u3001\u30d1\u30ba\u30eb\u3001\u306a\u305e\u306a\u305e\u3001\u30c1\u30e3\u30ec\u30f3\u30b8\u3092\u901a\u3057\u3066\u8857\u3092\u63a2\u7d22\u3057\u307e\u3057\u3087\u3046\u3002\u81ea\u5206\u306e\u30da\u30fc\u30b9\u3067\u30d7\u30ec\u30a4\u3057\u3001\u5730\u5143\u306e\u4eba\u3005\u306e\u3088\u3046\u306b\u767a\u898b\u3057\u307e\u3057\u3087\u3046\uff01\" \/>\n<meta name=\"robots\" content=\"noindex, follow, max-snippet:-1, max-image-preview:large, max-video-preview:-1\" \/>\n<meta property=\"og:locale\" content=\"ja_JP\" \/>\n<meta property=\"og:type\" content=\"article\" \/>\n<meta property=\"og:title\" content=\"\u5546\u54c1\" \/>\n<meta property=\"og:description\" content=\"Secrets of Lodz. \u30bb\u30eb\u30d5\u30ac\u30a4\u30c9\u578b\u30b7\u30c6\u30a3\u30b2\u30fc\u30e0\u3092\u30d7\u30ec\u30a4\u3057\u3066\u3001\u30d1\u30ba\u30eb\u3001\u306a\u305e\u306a\u305e\u3001\u30c1\u30e3\u30ec\u30f3\u30b8\u3092\u901a\u3057\u3066\u8857\u3092\u63a2\u7d22\u3057\u307e\u3057\u3087\u3046\u3002\u81ea\u5206\u306e\u30da\u30fc\u30b9\u3067\u30d7\u30ec\u30a4\u3057\u3001\u5730\u5143\u306e\u4eba\u3005\u306e\u3088\u3046\u306b\u767a\u898b\u3057\u307e\u3057\u3087\u3046\uff01\" \/>\n<meta property=\"og:url\" content=\"https:\/\/testwebsite.citygame.com\/ja\/games\/unknown-location\/%e5%95%86%e5%93%81-359\/\" \/>\n<meta property=\"og:site_name\" content=\"City Game\" \/>\n<meta property=\"article:publisher\" content=\"https:\/\/www.facebook.com\/profile.php?id=100086426226253\" \/>\n<meta property=\"article:modified_time\" content=\"2026-04-02T17:39:26+00:00\" \/>\n<meta property=\"og:image\" content=\"https:\/\/testwebsite.citygame.com\/wp-content\/blogs.dir\/1\/files\/sites\/62\/2026\/01\/lodz-poland-player-alexander-nevsky-cathedral-city-game.jpg\" \/>\n\t<meta property=\"og:image:width\" content=\"864\" \/>\n\t<meta property=\"og:image:height\" content=\"1184\" \/>\n\t<meta property=\"og:image:type\" content=\"image\/jpeg\" \/>\n<meta name=\"twitter:card\" content=\"summary_large_image\" \/>\n<script type=\"application\/ld+json\" class=\"yoast-schema-graph\">{\"@context\":\"https:\/\/schema.org\",\"@graph\":[{\"@type\":\"WebPage\",\"@id\":\"https:\/\/testwebsite.citygame.com\/ja\/games\/unknown-location\/%e5%95%86%e5%93%81-359\/\",\"url\":\"https:\/\/testwebsite.citygame.com\/ja\/games\/unknown-location\/%e5%95%86%e5%93%81-359\/\",\"name\":\"\u5546\u54c1 - City Game\",\"isPartOf\":{\"@id\":\"https:\/\/testwebsite.upevents.nl\/#website\"},\"primaryImageOfPage\":{\"@id\":\"https:\/\/testwebsite.citygame.com\/ja\/games\/unknown-location\/%e5%95%86%e5%93%81-359\/#primaryimage\"},\"image\":{\"@id\":\"https:\/\/testwebsite.citygame.com\/ja\/games\/unknown-location\/%e5%95%86%e5%93%81-359\/#primaryimage\"},\"thumbnailUrl\":\"https:\/\/testwebsite.citygame.com\/wp-content\/blogs.dir\/1\/files\/sites\/62\/2026\/01\/lodz-poland-player-alexander-nevsky-cathedral-city-game.jpg\",\"datePublished\":\"2026-01-13T11:45:50+00:00\",\"dateModified\":\"2026-04-02T17:39:26+00:00\",\"description\":\"Secrets of Lodz. \u30bb\u30eb\u30d5\u30ac\u30a4\u30c9\u578b\u30b7\u30c6\u30a3\u30b2\u30fc\u30e0\u3092\u30d7\u30ec\u30a4\u3057\u3066\u3001\u30d1\u30ba\u30eb\u3001\u306a\u305e\u306a\u305e\u3001\u30c1\u30e3\u30ec\u30f3\u30b8\u3092\u901a\u3057\u3066\u8857\u3092\u63a2\u7d22\u3057\u307e\u3057\u3087\u3046\u3002\u81ea\u5206\u306e\u30da\u30fc\u30b9\u3067\u30d7\u30ec\u30a4\u3057\u3001\u5730\u5143\u306e\u4eba\u3005\u306e\u3088\u3046\u306b\u767a\u898b\u3057\u307e\u3057\u3087\u3046\uff01\",\"breadcrumb\":{\"@id\":\"https:\/\/testwebsite.citygame.com\/ja\/games\/unknown-location\/%e5%95%86%e5%93%81-359\/#breadcrumb\"},\"inLanguage\":\"ja\",\"potentialAction\":[{\"@type\":\"ReadAction\",\"target\":[\"https:\/\/testwebsite.citygame.com\/ja\/games\/unknown-location\/%e5%95%86%e5%93%81-359\/\"]}]},{\"@type\":\"ImageObject\",\"inLanguage\":\"ja\",\"@id\":\"https:\/\/testwebsite.citygame.com\/ja\/games\/unknown-location\/%e5%95%86%e5%93%81-359\/#primaryimage\",\"url\":\"https:\/\/testwebsite.citygame.com\/wp-content\/blogs.dir\/1\/files\/sites\/62\/2026\/01\/lodz-poland-player-alexander-nevsky-cathedral-city-game.jpg\",\"contentUrl\":\"https:\/\/testwebsite.citygame.com\/wp-content\/blogs.dir\/1\/files\/sites\/62\/2026\/01\/lodz-poland-player-alexander-nevsky-cathedral-city-game.jpg\",\"width\":864,\"height\":1184,\"caption\":\"Playing a city game in front of the historic Alexander Nevsky Cathedral in Lodz, Poland.\"},{\"@type\":\"BreadcrumbList\",\"@id\":\"https:\/\/testwebsite.citygame.com\/ja\/games\/unknown-location\/%e5%95%86%e5%93%81-359\/#breadcrumb\",\"itemListElement\":[{\"@type\":\"ListItem\",\"position\":1,\"name\":\"Home\",\"item\":\"https:\/\/testwebsite.citygame.com\/ja\/\"},{\"@type\":\"ListItem\",\"position\":2,\"name\":\"Shop\",\"item\":\"https:\/\/testwebsite.citygame.com\/shop\/\"},{\"@type\":\"ListItem\",\"position\":3,\"name\":\"\u5546\u54c1\"}]},{\"@type\":\"WebSite\",\"@id\":\"https:\/\/testwebsite.upevents.nl\/#website\",\"url\":\"https:\/\/testwebsite.upevents.nl\/\",\"name\":\"City Game\",\"description\":\"\",\"publisher\":{\"@id\":\"https:\/\/testwebsite.upevents.nl\/#organization\"},\"alternateName\":\"citygame.com\",\"potentialAction\":[{\"@type\":\"SearchAction\",\"target\":{\"@type\":\"EntryPoint\",\"urlTemplate\":\"https:\/\/testwebsite.upevents.nl\/?s={search_term_string}\"},\"query-input\":{\"@type\":\"PropertyValueSpecification\",\"valueRequired\":true,\"valueName\":\"search_term_string\"}}],\"inLanguage\":\"ja\"},{\"@type\":[\"Organization\",\"Place\"],\"@id\":\"https:\/\/testwebsite.upevents.nl\/#organization\",\"name\":\"City Game\",\"alternateName\":\"citygame.com\",\"url\":\"https:\/\/testwebsite.upevents.nl\/\",\"logo\":{\"@id\":\"https:\/\/testwebsite.citygame.com\/ja\/games\/unknown-location\/%e5%95%86%e5%93%81-359\/#local-main-organization-logo\"},\"image\":{\"@id\":\"https:\/\/testwebsite.citygame.com\/ja\/games\/unknown-location\/%e5%95%86%e5%93%81-359\/#local-main-organization-logo\"},\"sameAs\":[\"https:\/\/www.facebook.com\/profile.php?id=100086426226253\",\"https:\/\/www.instagram.com\/citygame_com\",\"https:\/\/www.tiktok.com\/@citygamecom\/\",\"https:\/\/www.linkedin.com\/company\/citygame-com\"],\"description\":\"Turn any city into a playground with our interactive City Games and self-guided tours. Fun, flexible, and ideal for groups and team building.\",\"telephone\":[],\"openingHoursSpecification\":[{\"@type\":\"OpeningHoursSpecification\",\"dayOfWeek\":[\"Monday\",\"Tuesday\",\"Wednesday\",\"Thursday\",\"Friday\",\"Saturday\",\"Sunday\"],\"opens\":\"09:00\",\"closes\":\"17:00\"}]},{\"@type\":\"ImageObject\",\"inLanguage\":\"ja\",\"@id\":\"https:\/\/testwebsite.citygame.com\/ja\/games\/unknown-location\/%e5%95%86%e5%93%81-359\/#local-main-organization-logo\",\"url\":\"https:\/\/testwebsite.citygame.com\/wp-content\/blogs.dir\/1\/files\/sites\/62\/2025\/10\/CG_LOGO-City-Game.png\",\"contentUrl\":\"https:\/\/testwebsite.citygame.com\/wp-content\/blogs.dir\/1\/files\/sites\/62\/2025\/10\/CG_LOGO-City-Game.png\",\"width\":351,\"height\":377,\"caption\":\"City Game\"}]}<\/script>\n<!-- \/ Yoast SEO Premium plugin. -->","yoast_head_json":{"title":"\u5546\u54c1 - City Game","description":"Secrets of Lodz. \u30bb\u30eb\u30d5\u30ac\u30a4\u30c9\u578b\u30b7\u30c6\u30a3\u30b2\u30fc\u30e0\u3092\u30d7\u30ec\u30a4\u3057\u3066\u3001\u30d1\u30ba\u30eb\u3001\u306a\u305e\u306a\u305e\u3001\u30c1\u30e3\u30ec\u30f3\u30b8\u3092\u901a\u3057\u3066\u8857\u3092\u63a2\u7d22\u3057\u307e\u3057\u3087\u3046\u3002\u81ea\u5206\u306e\u30da\u30fc\u30b9\u3067\u30d7\u30ec\u30a4\u3057\u3001\u5730\u5143\u306e\u4eba\u3005\u306e\u3088\u3046\u306b\u767a\u898b\u3057\u307e\u3057\u3087\u3046\uff01","robots":{"index":"noindex","follow":"follow","max-snippet":"max-snippet:-1","max-image-preview":"max-image-preview:large","max-video-preview":"max-video-preview:-1"},"og_locale":"ja_JP","og_type":"article","og_title":"\u5546\u54c1","og_description":"Secrets of Lodz. \u30bb\u30eb\u30d5\u30ac\u30a4\u30c9\u578b\u30b7\u30c6\u30a3\u30b2\u30fc\u30e0\u3092\u30d7\u30ec\u30a4\u3057\u3066\u3001\u30d1\u30ba\u30eb\u3001\u306a\u305e\u306a\u305e\u3001\u30c1\u30e3\u30ec\u30f3\u30b8\u3092\u901a\u3057\u3066\u8857\u3092\u63a2\u7d22\u3057\u307e\u3057\u3087\u3046\u3002\u81ea\u5206\u306e\u30da\u30fc\u30b9\u3067\u30d7\u30ec\u30a4\u3057\u3001\u5730\u5143\u306e\u4eba\u3005\u306e\u3088\u3046\u306b\u767a\u898b\u3057\u307e\u3057\u3087\u3046\uff01","og_url":"https:\/\/testwebsite.citygame.com\/ja\/games\/unknown-location\/%e5%95%86%e5%93%81-359\/","og_site_name":"City Game","article_publisher":"https:\/\/www.facebook.com\/profile.php?id=100086426226253","article_modified_time":"2026-04-02T17:39:26+00:00","og_image":[{"width":864,"height":1184,"url":"https:\/\/testwebsite.citygame.com\/wp-content\/blogs.dir\/1\/files\/sites\/62\/2026\/01\/lodz-poland-player-alexander-nevsky-cathedral-city-game.jpg","type":"image\/jpeg"}],"twitter_card":"summary_large_image","schema":{"@context":"https:\/\/schema.org","@graph":[{"@type":"WebPage","@id":"https:\/\/testwebsite.citygame.com\/ja\/games\/unknown-location\/%e5%95%86%e5%93%81-359\/","url":"https:\/\/testwebsite.citygame.com\/ja\/games\/unknown-location\/%e5%95%86%e5%93%81-359\/","name":"\u5546\u54c1 - City Game","isPartOf":{"@id":"https:\/\/testwebsite.upevents.nl\/#website"},"primaryImageOfPage":{"@id":"https:\/\/testwebsite.citygame.com\/ja\/games\/unknown-location\/%e5%95%86%e5%93%81-359\/#primaryimage"},"image":{"@id":"https:\/\/testwebsite.citygame.com\/ja\/games\/unknown-location\/%e5%95%86%e5%93%81-359\/#primaryimage"},"thumbnailUrl":"https:\/\/testwebsite.citygame.com\/wp-content\/blogs.dir\/1\/files\/sites\/62\/2026\/01\/lodz-poland-player-alexander-nevsky-cathedral-city-game.jpg","datePublished":"2026-01-13T11:45:50+00:00","dateModified":"2026-04-02T17:39:26+00:00","description":"Secrets of Lodz. \u30bb\u30eb\u30d5\u30ac\u30a4\u30c9\u578b\u30b7\u30c6\u30a3\u30b2\u30fc\u30e0\u3092\u30d7\u30ec\u30a4\u3057\u3066\u3001\u30d1\u30ba\u30eb\u3001\u306a\u305e\u306a\u305e\u3001\u30c1\u30e3\u30ec\u30f3\u30b8\u3092\u901a\u3057\u3066\u8857\u3092\u63a2\u7d22\u3057\u307e\u3057\u3087\u3046\u3002\u81ea\u5206\u306e\u30da\u30fc\u30b9\u3067\u30d7\u30ec\u30a4\u3057\u3001\u5730\u5143\u306e\u4eba\u3005\u306e\u3088\u3046\u306b\u767a\u898b\u3057\u307e\u3057\u3087\u3046\uff01","breadcrumb":{"@id":"https:\/\/testwebsite.citygame.com\/ja\/games\/unknown-location\/%e5%95%86%e5%93%81-359\/#breadcrumb"},"inLanguage":"ja","potentialAction":[{"@type":"ReadAction","target":["https:\/\/testwebsite.citygame.com\/ja\/games\/unknown-location\/%e5%95%86%e5%93%81-359\/"]}]},{"@type":"ImageObject","inLanguage":"ja","@id":"https:\/\/testwebsite.citygame.com\/ja\/games\/unknown-location\/%e5%95%86%e5%93%81-359\/#primaryimage","url":"https:\/\/testwebsite.citygame.com\/wp-content\/blogs.dir\/1\/files\/sites\/62\/2026\/01\/lodz-poland-player-alexander-nevsky-cathedral-city-game.jpg","contentUrl":"https:\/\/testwebsite.citygame.com\/wp-content\/blogs.dir\/1\/files\/sites\/62\/2026\/01\/lodz-poland-player-alexander-nevsky-cathedral-city-game.jpg","width":864,"height":1184,"caption":"Playing a city game in front of the historic Alexander Nevsky Cathedral in Lodz, Poland."},{"@type":"BreadcrumbList","@id":"https:\/\/testwebsite.citygame.com\/ja\/games\/unknown-location\/%e5%95%86%e5%93%81-359\/#breadcrumb","itemListElement":[{"@type":"ListItem","position":1,"name":"Home","item":"https:\/\/testwebsite.citygame.com\/ja\/"},{"@type":"ListItem","position":2,"name":"Shop","item":"https:\/\/testwebsite.citygame.com\/shop\/"},{"@type":"ListItem","position":3,"name":"\u5546\u54c1"}]},{"@type":"WebSite","@id":"https:\/\/testwebsite.upevents.nl\/#website","url":"https:\/\/testwebsite.upevents.nl\/","name":"City Game","description":"","publisher":{"@id":"https:\/\/testwebsite.upevents.nl\/#organization"},"alternateName":"citygame.com","potentialAction":[{"@type":"SearchAction","target":{"@type":"EntryPoint","urlTemplate":"https:\/\/testwebsite.upevents.nl\/?s={search_term_string}"},"query-input":{"@type":"PropertyValueSpecification","valueRequired":true,"valueName":"search_term_string"}}],"inLanguage":"ja"},{"@type":["Organization","Place"],"@id":"https:\/\/testwebsite.upevents.nl\/#organization","name":"City Game","alternateName":"citygame.com","url":"https:\/\/testwebsite.upevents.nl\/","logo":{"@id":"https:\/\/testwebsite.citygame.com\/ja\/games\/unknown-location\/%e5%95%86%e5%93%81-359\/#local-main-organization-logo"},"image":{"@id":"https:\/\/testwebsite.citygame.com\/ja\/games\/unknown-location\/%e5%95%86%e5%93%81-359\/#local-main-organization-logo"},"sameAs":["https:\/\/www.facebook.com\/profile.php?id=100086426226253","https:\/\/www.instagram.com\/citygame_com","https:\/\/www.tiktok.com\/@citygamecom\/","https:\/\/www.linkedin.com\/company\/citygame-com"],"description":"Turn any city into a playground with our interactive City Games and self-guided tours. Fun, flexible, and ideal for groups and team building.","telephone":[],"openingHoursSpecification":[{"@type":"OpeningHoursSpecification","dayOfWeek":["Monday","Tuesday","Wednesday","Thursday","Friday","Saturday","Sunday"],"opens":"09:00","closes":"17:00"}]},{"@type":"ImageObject","inLanguage":"ja","@id":"https:\/\/testwebsite.citygame.com\/ja\/games\/unknown-location\/%e5%95%86%e5%93%81-359\/#local-main-organization-logo","url":"https:\/\/testwebsite.citygame.com\/wp-content\/blogs.dir\/1\/files\/sites\/62\/2025\/10\/CG_LOGO-City-Game.png","contentUrl":"https:\/\/testwebsite.citygame.com\/wp-content\/blogs.dir\/1\/files\/sites\/62\/2025\/10\/CG_LOGO-City-Game.png","width":351,"height":377,"caption":"City Game"}]}},"taxonomy_info":{"game-concept":[{"value":36,"label":"Secrets"}],"product_cat":[{"value":27,"label":"Geen categorie"}]},"featured_image_src_large":["https:\/\/testwebsite.citygame.com\/wp-content\/blogs.dir\/1\/files\/sites\/62\/2026\/01\/lodz-poland-player-alexander-nevsky-cathedral-city-game-747x1024.jpg",747,1024,true],"author_info":[],"comment_info":"","_links":{"self":[{"href":"https:\/\/testwebsite.citygame.com\/ja\/wp-json\/wp\/v2\/product\/42074","targetHints":{"allow":["GET"]}}],"collection":[{"href":"https:\/\/testwebsite.citygame.com\/ja\/wp-json\/wp\/v2\/product"}],"about":[{"href":"https:\/\/testwebsite.citygame.com\/ja\/wp-json\/wp\/v2\/types\/product"}],"acf:post":[{"embeddable":true,"href":"https:\/\/testwebsite.citygame.com\/ja\/wp-json\/wp\/v2\/pages\/15935"}],"wp:featuredmedia":[{"embeddable":true,"href":"https:\/\/testwebsite.citygame.com\/ja\/wp-json\/wp\/v2\/media\/3655"}],"wp:attachment":[{"href":"https:\/\/testwebsite.citygame.com\/ja\/wp-json\/wp\/v2\/media?parent=42074"}],"wp:term":[{"taxonomy":"game-concept","embeddable":true,"href":"https:\/\/testwebsite.citygame.com\/ja\/wp-json\/wp\/v2\/game-concept?post=42074"},{"taxonomy":"location","embeddable":true,"href":"https:\/\/testwebsite.citygame.com\/ja\/wp-json\/wp\/v2\/location?post=42074"},{"taxonomy":"product_brand","embeddable":true,"href":"https:\/\/testwebsite.citygame.com\/ja\/wp-json\/wp\/v2\/product_brand?post=42074"},{"taxonomy":"product_cat","embeddable":true,"href":"https:\/\/testwebsite.citygame.com\/ja\/wp-json\/wp\/v2\/product_cat?post=42074"},{"taxonomy":"product_tag","embeddable":true,"href":"https:\/\/testwebsite.citygame.com\/ja\/wp-json\/wp\/v2\/product_tag?post=42074"}],"curies":[{"name":"wp","href":"https:\/\/api.w.org\/{rel}","templated":true}]}}