{"id":41749,"date":"2026-01-13T09:41:41","date_gmt":"2026-01-13T09:41:41","guid":{"rendered":"https:\/\/testwebsite.citygame.com\/games\/unknown-location\/%e5%95%86%e5%93%81-355\/"},"modified":"2026-04-02T16:41:20","modified_gmt":"2026-04-02T16:41:20","slug":"%e5%95%86%e5%93%81-355","status":"publish","type":"product","link":"https:\/\/testwebsite.citygame.com\/ja\/games\/unknown-location\/%e5%95%86%e5%93%81-355\/","title":{"rendered":"\u5546\u54c1"},"content":{"rendered":"","protected":false},"excerpt":{"rendered":"","protected":false},"featured_media":3537,"template":"","meta":{"_acf_changed":false,"_yoast_wpseo_focuskw":"Secrets of Bydgoszcz","_yoast_wpseo_metadesc":"Secrets of Bydgoszcz. \u30bb\u30eb\u30d5\u30ac\u30a4\u30c9\u5f0f\u306e\u30b7\u30c6\u30a3\u30b2\u30fc\u30e0\u3092\u30d7\u30ec\u30a4\u3057\u3066\u3001\u30d1\u30ba\u30eb\u3001\u8b0e\u89e3\u304d\u3001\u30c1\u30e3\u30ec\u30f3\u30b8\u3092\u901a\u3057\u3066\u8857\u3092\u63a2\u7d22\u3057\u307e\u3057\u3087\u3046\u3002\u81ea\u5206\u306e\u30da\u30fc\u30b9\u3067\u30d7\u30ec\u30a4\u3057\u3066\u3001\u5730\u5143\u306e\u4eba\u3005\u306e\u3088\u3046\u306b\u767a\u898b\u3057\u307e\u3057\u3087\u3046\uff01","_kad_blocks_custom_css":"","_kad_blocks_head_custom_js":"","_kad_blocks_body_custom_js":"","_kad_blocks_footer_custom_js":"","ghostkit_customizer_options":"","ghostkit_custom_css":"","ghostkit_custom_js_head":"","ghostkit_custom_js_foot":"","ghostkit_typography":"","_kad_post_transparent":"default","_kad_post_title":"","_kad_post_layout":"default","_kad_post_sidebar_id":"","_kad_post_content_style":"default","_kad_post_vertical_padding":"default","_kad_post_feature":"","_kad_post_feature_position":"","_kad_post_header":false,"_kad_post_footer":false,"_kad_post_classname":"","_links_to":"","_links_to_target":""},"game-concept":[36],"location":[],"product_brand":[],"product_cat":[27],"product_tag":[],"class_list":{"0":"post-41749","1":"product","2":"type-product","3":"status-publish","4":"has-post-thumbnail","6":"game-concept-secrets","7":"product_cat-geen-categorie","9":"first","10":"instock","11":"shipping-taxable","12":"purchasable","13":"product-type-simple","14":"entry","15":"content-bg","16":"loop-entry"},"acf":{"full_bokun_product_name":"Self-Guided Secrets of Bydgoszcz Exploration Game","location_name":"Bydgoszcz","bokun_calendar_widget_code":"<script type=\"text\/javascript\" src=\"https:\/\/widgets.bokun.io\/assets\/javascripts\/apps\/build\/BokunWidgetsLoader.js?bookingChannelUUID=a1e93e96-5232-4734-a595-28405f4b5a31\" async><\/script>\n     \n    <div class=\"bokunWidget\" data-src=\"https:\/\/widgets.bokun.io\/online-sales\/a1e93e96-5232-4734-a595-28405f4b5a31\/experience-calendar\/1102379\"><\/div>\n    <noscript>Please enable javascript in your browser to book<\/noscript>","bokun_button_widget_code":"<script type=\"text\/javascript\" src=\"https:\/\/widgets.bokun.io\/assets\/javascripts\/apps\/build\/BokunWidgetsLoader.js?bookingChannelUUID=a1e93e96-5232-4734-a595-28405f4b5a31\" async><\/script>\n      <style> #bokun_ed001e45_5927_4f62_b470_ca766338d083 { display: inline-block; padding: .4em 1em; background: #47b82e; border-radius: 999999px; box-shadow: none; font-weight: 600; font-size: 24px; text-decoration: none; text-align: center; color: #FFFFFF; border:none; cursor: pointer; transition: background .2s ease; } #bokun_ed001e45_5927_4f62_b470_ca766338d083:hover{ background: #2f7b1f; } #bokun_ed001e45_5927_4f62_b470_ca766338d083:active{ background: #378f24; } <\/style> <button class=\"bokunButton\" disabled id=bokun_ed001e45_5927_4f62_b470_ca766338d083 data-src=\"https:\/\/widgets.bokun.io\/online-sales\/a1e93e96-5232-4734-a595-28405f4b5a31\/experience-calendar\/1102379?partialView=1\" data-testid=\"widget-book-button\" > Book now <\/button> ","what_you\u2019ll_experience_during_the_game":"\u300eSecrets of Bydgoszcz\u300f\u30b7\u30c6\u30a3\u30b2\u30fc\u30e0\u3067\u306f\u3001\u30b9\u30c8\u30fc\u30ea\u30fc\u30c6\u30ea\u30f3\u30b0\u3068\u30a4\u30f3\u30bf\u30e9\u30af\u30c6\u30a3\u30d6\u306a\u767a\u898b\u3092\u878d\u5408\u3055\u305b\u3066\u8857\u3092\u63a2\u7d22\u3057\u307e\u3059\u3002\u6ca1\u5165\u578b\u306e\u7269\u8a9e\u306b\u5c0e\u304b\u308c\u3001\u30b2\u30fc\u30e0\u306f\u3042\u306a\u305f\u3092\u611b\u3055\u308c\u308b\u30e9\u30f3\u30c9\u30de\u30fc\u30af\u3068\u8857\u306e\u9759\u304b\u306a\u4e00\u89d2\u306e\u4e21\u65b9\u3078\u3068\u8a98\u3044\u307e\u3059\u3002\u6d3b\u6c17\u3042\u308bStary Rynek\u3001\u6c34\u8fba\u306e\u9b45\u529b\u3042\u3075\u308c\u308bMill Island\u3001\u305d\u3057\u3066\u5fc3\u306b\u97ff\u304fPomnik Pomordowanych Bydgoskich Adwokat\u00f3w\u306e\u3088\u3046\u306a\u5834\u6240\u306b\u51fa\u4f1a\u3046\u3067\u3057\u3087\u3046\u3002\u9053\u4e2d\u3067\u306f\u3001Wenecja Bydgoska\u3084Graffiti na Bulwarach\u306e\u30ab\u30e9\u30d5\u30eb\u306a\u30b9\u30c8\u30ea\u30fc\u30c8\u30a2\u30fc\u30c8\u306e\u58c1\u306a\u3069\u306e\u30e6\u30cb\u30fc\u30af\u306a\u5834\u6240\u3082\u901a\u308a\u629c\u3051\u3001\u305d\u306e\u5730\u57df\u306e\u500b\u6027\u3092\u767a\u898b\u3067\u304d\u307e\u3059\u3002\r\n\r\n\u30d6\u30a3\u30c9\u30b4\u30b7\u30e5\u30c1\u30e5\u3092\u5de1\u308b\u4e2d\u3067\u3001\u305d\u308c\u305e\u308c\u306e\u5834\u6240\u3092\u751f\u304d\u751f\u304d\u3068\u3055\u305b\u308b\u69d8\u3005\u306a\u30d1\u30ba\u30eb\u3001\u8b0e\u89e3\u304d\u3001\u305d\u3057\u3066\u5275\u9020\u7684\u306a\u5199\u771f\u30bf\u30b9\u30af\u3092\u89e3\u3044\u3066\u3044\u304d\u307e\u3059\u3002\u6b63\u89e3\u3059\u308b\u3068\u30dd\u30a4\u30f3\u30c8\u3092\u7372\u5f97\u3057\u3001\u5f79\u7acb\u3064\u30d2\u30f3\u30c8\u3092\u89e3\u9664\u3057\u3001\u30b7\u30c6\u30a3\u30b2\u30fc\u30e0\u306e\u4e2d\u5fc3\u306b\u3042\u308b\u6700\u5f8c\u306e\u8b0e\u3092\u89e3\u304d\u660e\u304b\u3059\u3053\u3068\u306b\u8fd1\u3065\u304d\u307e\u3059\u3002\u63a2\u7d22\u306f\u3044\u3064\u3067\u3082\u4e2d\u65ad\u3067\u304d\u3001\u81ea\u5206\u306e\u30da\u30fc\u30b9\u3067\u7d9a\u3051\u308b\u3053\u3068\u304c\u3067\u304d\u308b\u305f\u3081\u3001\u4e00\u65e5\u306e\u30b9\u30b1\u30b8\u30e5\u30fc\u30eb\u306b\u4f53\u9a13\u3092\u7d44\u307f\u8fbc\u3080\u306e\u304c\u7c21\u5358\u3067\u3059\u3002\u7af6\u4e89\u5fc3\u65fa\u76db\u306a\u65b9\u306b\u306f\u3001\u30c1\u30fc\u30e0\u3067\u9ad8\u5f97\u70b9\u3092\u7372\u5f97\u3057\u3066\u30ea\u30fc\u30c0\u30fc\u30dc\u30fc\u30c9\u3092\u99c6\u3051\u4e0a\u304c\u308b\u30c1\u30e3\u30f3\u30b9\u3082\u3042\u308a\u307e\u3059\u3002","how_to_play":"\u3054\u4e88\u7d04\u5f8c\u3001\u76f4\u63a5\u30d7\u30ec\u30a4\u3067\u304d\u308b\u30ea\u30f3\u30af\u304c\u8a18\u8f09\u3055\u308c\u305f\u30e1\u30fc\u30eb\u304c\u5c4a\u304d\u307e\u3059\u3002Muzeum Okr\u0119gowe im. Leona Wycz\u00f3\u0142kowskiego\u306e\u30b9\u30bf\u30fc\u30c8\u5730\u70b9\u3078\u5411\u304b\u3044\u3001\u643a\u5e2f\u96fb\u8a71\u3067\u30ea\u30f3\u30af\u3092\u958b\u304d\u3001\u6e96\u5099\u304c\u3067\u304d\u305f\u3089\u3044\u3064\u3067\u3082\u5192\u967a\u3092\u958b\u59cb\u3057\u307e\u3057\u3087\u3046\u3002\u30b2\u30fc\u30e0\u306f\u5b8c\u5168\u306b\u81ea\u5206\u306e\u30da\u30fc\u30b9\u3067\u9032\u3081\u3089\u308c\u308b\u305f\u3081\u3001\u30b3\u30fc\u30d2\u30fc\u3092\u98f2\u3093\u3060\u308a\u3001\u8107\u9053\u3092\u6563\u7b56\u3057\u305f\u308a\u3001\u5f8c\u3067\u65c5\u3092\u7d9a\u3051\u305f\u308a\u3059\u308b\u3053\u3068\u304c\u3067\u304d\u307e\u3059\u3002","start_location":"Bydgoszcz, Muzeum Okr\u0119gowe im. Leona Wycz\u00f3\u0142kowskiego","available_languages":"","players_per_group":"1-4","duration":"1.5-2 hours","image_overlay_color_image":"https:\/\/testwebsite.citygame.com\/wp-content\/blogs.dir\/1\/files\/sites\/62\/2026\/01\/SecretsColor.svg","image_overlay_game_logo":"https:\/\/testwebsite.citygame.com\/wp-content\/blogs.dir\/1\/files\/sites\/62\/2026\/01\/SecretsLogo.png","city_page":15917,"woocommerce_general_content":null,"the_story":"\u30d6\u30a3\u30c9\u30b4\u30b7\u30e5\u30c1\u30e5\u306e\u901a\u308a\u306f\u9759\u304b\u306a\u6b8b\u97ff\u306b\u304d\u3089\u3081\u304d\u3001\u30c8\u30e9\u30e0\u304c\u30ac\u30bf\u30ac\u30bf\u3068\u97f3\u3092\u7acb\u3066\u3066\u8d70\u308a\u53bb\u308a\u3001\u5ddd\u306e\u5149\u304c\u8d64\u30ec\u30f3\u30ac\u306b\u8e0a\u308a\u3001\u65e7\u5e02\u8857\u306e\u3069\u3053\u304b\u3067\u4e00\u4eba\u306e\u7537\u304c\u76ee\u3092\u899a\u307e\u3057\u3066\u3044\u308b\u3002\u5f7c\u306e\u540d\u306fRon Sulimak\u3002\u5c11\u306a\u304f\u3068\u3082\u3001\u5f7c\u304c\u4eca\u601d\u3044\u51fa\u3057\u305f\u306e\u306f\u305d\u308c\u3060\u3002\u5f7c\u306f\u304b\u3064\u3066\u30e9\u30f3\u30d7\u8077\u4eba\u3060\u3063\u305f\u3002\u8857\u4e2d\u306e\u3061\u3089\u3064\u304f\u96fb\u7403\u4e00\u3064\u4e00\u3064\u3092\u77e5\u308a\u5c3d\u304f\u3057\u305f\u7537\u3060\u3002\u3057\u304b\u3057\u4eca\u3001\u5f7c\u306f\u9014\u65b9\u306b\u66ae\u308c\u3066\u3044\u308b\u2026 \u624b\u306b\u6b8b\u3055\u308c\u305f\u306e\u306f\u3001\u304b\u3059\u304b\u306b\u8f1d\u304f\u305f\u3063\u305f\u4e00\u3064\u306e\u7121\u50b7\u306e\u96fb\u7403\u3060\u3051\u3060\u3002<br><br>\u3053\u3053\u306fRon\u306e\u6545\u90f7\u3060\u304c\u3001\u4f55\u3082\u304b\u3082\u304c\u3057\u3063\u304f\u308a\u3053\u306a\u3044\u3002\u8a18\u61b6\u306f\u5272\u308c\u305f\u30ac\u30e9\u30b9\u306e\u3088\u3046\u306b\u7815\u3051\u6563\u308b\u3002\u8def\u5730\u3092\u629c\u3051\u3001\u30a2\u30fc\u30c1\u306e\u4e0b\u3092\u304f\u3050\u308a\u3001\u5f71\u306e\u591a\u3044\u6a4b\u3092\u6e21\u308a\u3001\u5f7c\u3068\u4e26\u3093\u3067\u6b69\u304f\u3046\u3061\u306b\u3001Ron\u306f\u81ea\u5206\u304c\u4f55\u8005\u3067\u3042\u3063\u305f\u304b\u3060\u3051\u3067\u306a\u304f\u3001\u3053\u306e\u8857\u304c\u304b\u3064\u3066\u4f55\u3092\u610f\u5473\u3057\u3066\u3044\u305f\u306e\u304b\u3092\u601d\u3044\u51fa\u3057\u59cb\u3081\u308b\u3002\u4e00\u3064\u4e00\u3064\u3001\u3042\u306a\u305f\u306f\u30d6\u30a3\u30c9\u30b4\u30b7\u30e5\u30c1\u30e5\u306e\u96a0\u3055\u308c\u305f\u904e\u53bb\u3092\u89e3\u304d\u660e\u304b\u3057\u3001Ron\u304c\u96fb\u7403\u3092\u3042\u308b\u3079\u304d\u5834\u6240\u306b\u623b\u3059\u624b\u52a9\u3051\u3092\u3059\u308b\u3060\u308d\u3046\u3002\u3069\u3053\u304b\u306b\u3001\u6700\u5f8c\u306e\u8f1d\u304d\u3092\u5f85\u3064\u63d0\u706f\u304c\u307e\u3060\u3042\u308b\u306e\u3060\u3002<br><br><strong>\u3042\u306a\u305f\u306f\u63a2\u691c\u3057\u306b\u6765\u305f\u3002\u305d\u3057\u3066\u7269\u8a9e\u3092\u6551\u3046\u305f\u3081\u306b\u7559\u307e\u3063\u305f\u306e\u3060\u3002<\/strong>","name_main_character":"Ron Sulimak","photo_main_character":41750,"loquiz_or_kokimoki":"Kokimoki"},"yoast_head":"<!-- This site is optimized with the Yoast SEO Premium plugin v26.2 (Yoast SEO v26.3) - https:\/\/yoast.com\/wordpress\/plugins\/seo\/ -->\n<title>\u5546\u54c1 - City Game<\/title>\n<meta name=\"description\" content=\"Secrets of Bydgoszcz. \u30bb\u30eb\u30d5\u30ac\u30a4\u30c9\u5f0f\u306e\u30b7\u30c6\u30a3\u30b2\u30fc\u30e0\u3092\u30d7\u30ec\u30a4\u3057\u3066\u3001\u30d1\u30ba\u30eb\u3001\u8b0e\u89e3\u304d\u3001\u30c1\u30e3\u30ec\u30f3\u30b8\u3092\u901a\u3057\u3066\u8857\u3092\u63a2\u7d22\u3057\u307e\u3057\u3087\u3046\u3002\u81ea\u5206\u306e\u30da\u30fc\u30b9\u3067\u30d7\u30ec\u30a4\u3057\u3066\u3001\u5730\u5143\u306e\u4eba\u3005\u306e\u3088\u3046\u306b\u767a\u898b\u3057\u307e\u3057\u3087\u3046\uff01\" \/>\n<meta name=\"robots\" content=\"noindex, follow, max-snippet:-1, max-image-preview:large, max-video-preview:-1\" \/>\n<meta property=\"og:locale\" content=\"ja_JP\" \/>\n<meta property=\"og:type\" content=\"article\" \/>\n<meta property=\"og:title\" content=\"\u5546\u54c1\" \/>\n<meta property=\"og:description\" content=\"Secrets of Bydgoszcz. \u30bb\u30eb\u30d5\u30ac\u30a4\u30c9\u5f0f\u306e\u30b7\u30c6\u30a3\u30b2\u30fc\u30e0\u3092\u30d7\u30ec\u30a4\u3057\u3066\u3001\u30d1\u30ba\u30eb\u3001\u8b0e\u89e3\u304d\u3001\u30c1\u30e3\u30ec\u30f3\u30b8\u3092\u901a\u3057\u3066\u8857\u3092\u63a2\u7d22\u3057\u307e\u3057\u3087\u3046\u3002\u81ea\u5206\u306e\u30da\u30fc\u30b9\u3067\u30d7\u30ec\u30a4\u3057\u3066\u3001\u5730\u5143\u306e\u4eba\u3005\u306e\u3088\u3046\u306b\u767a\u898b\u3057\u307e\u3057\u3087\u3046\uff01\" \/>\n<meta property=\"og:url\" content=\"https:\/\/testwebsite.citygame.com\/ja\/games\/unknown-location\/%e5%95%86%e5%93%81-355\/\" \/>\n<meta property=\"og:site_name\" content=\"City Game\" \/>\n<meta property=\"article:publisher\" content=\"https:\/\/www.facebook.com\/profile.php?id=100086426226253\" \/>\n<meta property=\"article:modified_time\" content=\"2026-04-02T16:41:20+00:00\" \/>\n<meta property=\"og:image\" content=\"https:\/\/testwebsite.citygame.com\/wp-content\/blogs.dir\/1\/files\/sites\/62\/2026\/01\/bydgoszcz-opera-nova-city-game-player.jpg\" \/>\n\t<meta property=\"og:image:width\" content=\"864\" \/>\n\t<meta property=\"og:image:height\" content=\"1184\" \/>\n\t<meta property=\"og:image:type\" content=\"image\/jpeg\" \/>\n<meta name=\"twitter:card\" content=\"summary_large_image\" \/>\n<script type=\"application\/ld+json\" class=\"yoast-schema-graph\">{\"@context\":\"https:\/\/schema.org\",\"@graph\":[{\"@type\":\"WebPage\",\"@id\":\"https:\/\/testwebsite.citygame.com\/ja\/games\/unknown-location\/%e5%95%86%e5%93%81-355\/\",\"url\":\"https:\/\/testwebsite.citygame.com\/ja\/games\/unknown-location\/%e5%95%86%e5%93%81-355\/\",\"name\":\"\u5546\u54c1 - City Game\",\"isPartOf\":{\"@id\":\"https:\/\/testwebsite.upevents.nl\/#website\"},\"primaryImageOfPage\":{\"@id\":\"https:\/\/testwebsite.citygame.com\/ja\/games\/unknown-location\/%e5%95%86%e5%93%81-355\/#primaryimage\"},\"image\":{\"@id\":\"https:\/\/testwebsite.citygame.com\/ja\/games\/unknown-location\/%e5%95%86%e5%93%81-355\/#primaryimage\"},\"thumbnailUrl\":\"https:\/\/testwebsite.citygame.com\/wp-content\/blogs.dir\/1\/files\/sites\/62\/2026\/01\/bydgoszcz-opera-nova-city-game-player.jpg\",\"datePublished\":\"2026-01-13T09:41:41+00:00\",\"dateModified\":\"2026-04-02T16:41:20+00:00\",\"description\":\"Secrets of Bydgoszcz. \u30bb\u30eb\u30d5\u30ac\u30a4\u30c9\u5f0f\u306e\u30b7\u30c6\u30a3\u30b2\u30fc\u30e0\u3092\u30d7\u30ec\u30a4\u3057\u3066\u3001\u30d1\u30ba\u30eb\u3001\u8b0e\u89e3\u304d\u3001\u30c1\u30e3\u30ec\u30f3\u30b8\u3092\u901a\u3057\u3066\u8857\u3092\u63a2\u7d22\u3057\u307e\u3057\u3087\u3046\u3002\u81ea\u5206\u306e\u30da\u30fc\u30b9\u3067\u30d7\u30ec\u30a4\u3057\u3066\u3001\u5730\u5143\u306e\u4eba\u3005\u306e\u3088\u3046\u306b\u767a\u898b\u3057\u307e\u3057\u3087\u3046\uff01\",\"breadcrumb\":{\"@id\":\"https:\/\/testwebsite.citygame.com\/ja\/games\/unknown-location\/%e5%95%86%e5%93%81-355\/#breadcrumb\"},\"inLanguage\":\"ja\",\"potentialAction\":[{\"@type\":\"ReadAction\",\"target\":[\"https:\/\/testwebsite.citygame.com\/ja\/games\/unknown-location\/%e5%95%86%e5%93%81-355\/\"]}]},{\"@type\":\"ImageObject\",\"inLanguage\":\"ja\",\"@id\":\"https:\/\/testwebsite.citygame.com\/ja\/games\/unknown-location\/%e5%95%86%e5%93%81-355\/#primaryimage\",\"url\":\"https:\/\/testwebsite.citygame.com\/wp-content\/blogs.dir\/1\/files\/sites\/62\/2026\/01\/bydgoszcz-opera-nova-city-game-player.jpg\",\"contentUrl\":\"https:\/\/testwebsite.citygame.com\/wp-content\/blogs.dir\/1\/files\/sites\/62\/2026\/01\/bydgoszcz-opera-nova-city-game-player.jpg\",\"width\":864,\"height\":1184,\"caption\":\"A player solves a challenge on her smartphone with the Opera Nova building in Bydgoszcz.\"},{\"@type\":\"BreadcrumbList\",\"@id\":\"https:\/\/testwebsite.citygame.com\/ja\/games\/unknown-location\/%e5%95%86%e5%93%81-355\/#breadcrumb\",\"itemListElement\":[{\"@type\":\"ListItem\",\"position\":1,\"name\":\"Home\",\"item\":\"https:\/\/testwebsite.citygame.com\/ja\/\"},{\"@type\":\"ListItem\",\"position\":2,\"name\":\"Shop\",\"item\":\"https:\/\/testwebsite.citygame.com\/shop\/\"},{\"@type\":\"ListItem\",\"position\":3,\"name\":\"\u5546\u54c1\"}]},{\"@type\":\"WebSite\",\"@id\":\"https:\/\/testwebsite.upevents.nl\/#website\",\"url\":\"https:\/\/testwebsite.upevents.nl\/\",\"name\":\"City Game\",\"description\":\"\",\"publisher\":{\"@id\":\"https:\/\/testwebsite.upevents.nl\/#organization\"},\"alternateName\":\"citygame.com\",\"potentialAction\":[{\"@type\":\"SearchAction\",\"target\":{\"@type\":\"EntryPoint\",\"urlTemplate\":\"https:\/\/testwebsite.upevents.nl\/?s={search_term_string}\"},\"query-input\":{\"@type\":\"PropertyValueSpecification\",\"valueRequired\":true,\"valueName\":\"search_term_string\"}}],\"inLanguage\":\"ja\"},{\"@type\":[\"Organization\",\"Place\"],\"@id\":\"https:\/\/testwebsite.upevents.nl\/#organization\",\"name\":\"City Game\",\"alternateName\":\"citygame.com\",\"url\":\"https:\/\/testwebsite.upevents.nl\/\",\"logo\":{\"@id\":\"https:\/\/testwebsite.citygame.com\/ja\/games\/unknown-location\/%e5%95%86%e5%93%81-355\/#local-main-organization-logo\"},\"image\":{\"@id\":\"https:\/\/testwebsite.citygame.com\/ja\/games\/unknown-location\/%e5%95%86%e5%93%81-355\/#local-main-organization-logo\"},\"sameAs\":[\"https:\/\/www.facebook.com\/profile.php?id=100086426226253\",\"https:\/\/www.instagram.com\/citygame_com\",\"https:\/\/www.tiktok.com\/@citygamecom\/\",\"https:\/\/www.linkedin.com\/company\/citygame-com\"],\"description\":\"Turn any city into a playground with our interactive City Games and self-guided tours. Fun, flexible, and ideal for groups and team building.\",\"telephone\":[],\"openingHoursSpecification\":[{\"@type\":\"OpeningHoursSpecification\",\"dayOfWeek\":[\"Monday\",\"Tuesday\",\"Wednesday\",\"Thursday\",\"Friday\",\"Saturday\",\"Sunday\"],\"opens\":\"09:00\",\"closes\":\"17:00\"}]},{\"@type\":\"ImageObject\",\"inLanguage\":\"ja\",\"@id\":\"https:\/\/testwebsite.citygame.com\/ja\/games\/unknown-location\/%e5%95%86%e5%93%81-355\/#local-main-organization-logo\",\"url\":\"https:\/\/testwebsite.citygame.com\/wp-content\/blogs.dir\/1\/files\/sites\/62\/2025\/10\/CG_LOGO-City-Game.png\",\"contentUrl\":\"https:\/\/testwebsite.citygame.com\/wp-content\/blogs.dir\/1\/files\/sites\/62\/2025\/10\/CG_LOGO-City-Game.png\",\"width\":351,\"height\":377,\"caption\":\"City Game\"}]}<\/script>\n<!-- \/ Yoast SEO Premium plugin. -->","yoast_head_json":{"title":"\u5546\u54c1 - City Game","description":"Secrets of Bydgoszcz. \u30bb\u30eb\u30d5\u30ac\u30a4\u30c9\u5f0f\u306e\u30b7\u30c6\u30a3\u30b2\u30fc\u30e0\u3092\u30d7\u30ec\u30a4\u3057\u3066\u3001\u30d1\u30ba\u30eb\u3001\u8b0e\u89e3\u304d\u3001\u30c1\u30e3\u30ec\u30f3\u30b8\u3092\u901a\u3057\u3066\u8857\u3092\u63a2\u7d22\u3057\u307e\u3057\u3087\u3046\u3002\u81ea\u5206\u306e\u30da\u30fc\u30b9\u3067\u30d7\u30ec\u30a4\u3057\u3066\u3001\u5730\u5143\u306e\u4eba\u3005\u306e\u3088\u3046\u306b\u767a\u898b\u3057\u307e\u3057\u3087\u3046\uff01","robots":{"index":"noindex","follow":"follow","max-snippet":"max-snippet:-1","max-image-preview":"max-image-preview:large","max-video-preview":"max-video-preview:-1"},"og_locale":"ja_JP","og_type":"article","og_title":"\u5546\u54c1","og_description":"Secrets of Bydgoszcz. \u30bb\u30eb\u30d5\u30ac\u30a4\u30c9\u5f0f\u306e\u30b7\u30c6\u30a3\u30b2\u30fc\u30e0\u3092\u30d7\u30ec\u30a4\u3057\u3066\u3001\u30d1\u30ba\u30eb\u3001\u8b0e\u89e3\u304d\u3001\u30c1\u30e3\u30ec\u30f3\u30b8\u3092\u901a\u3057\u3066\u8857\u3092\u63a2\u7d22\u3057\u307e\u3057\u3087\u3046\u3002\u81ea\u5206\u306e\u30da\u30fc\u30b9\u3067\u30d7\u30ec\u30a4\u3057\u3066\u3001\u5730\u5143\u306e\u4eba\u3005\u306e\u3088\u3046\u306b\u767a\u898b\u3057\u307e\u3057\u3087\u3046\uff01","og_url":"https:\/\/testwebsite.citygame.com\/ja\/games\/unknown-location\/%e5%95%86%e5%93%81-355\/","og_site_name":"City Game","article_publisher":"https:\/\/www.facebook.com\/profile.php?id=100086426226253","article_modified_time":"2026-04-02T16:41:20+00:00","og_image":[{"width":864,"height":1184,"url":"https:\/\/testwebsite.citygame.com\/wp-content\/blogs.dir\/1\/files\/sites\/62\/2026\/01\/bydgoszcz-opera-nova-city-game-player.jpg","type":"image\/jpeg"}],"twitter_card":"summary_large_image","schema":{"@context":"https:\/\/schema.org","@graph":[{"@type":"WebPage","@id":"https:\/\/testwebsite.citygame.com\/ja\/games\/unknown-location\/%e5%95%86%e5%93%81-355\/","url":"https:\/\/testwebsite.citygame.com\/ja\/games\/unknown-location\/%e5%95%86%e5%93%81-355\/","name":"\u5546\u54c1 - City Game","isPartOf":{"@id":"https:\/\/testwebsite.upevents.nl\/#website"},"primaryImageOfPage":{"@id":"https:\/\/testwebsite.citygame.com\/ja\/games\/unknown-location\/%e5%95%86%e5%93%81-355\/#primaryimage"},"image":{"@id":"https:\/\/testwebsite.citygame.com\/ja\/games\/unknown-location\/%e5%95%86%e5%93%81-355\/#primaryimage"},"thumbnailUrl":"https:\/\/testwebsite.citygame.com\/wp-content\/blogs.dir\/1\/files\/sites\/62\/2026\/01\/bydgoszcz-opera-nova-city-game-player.jpg","datePublished":"2026-01-13T09:41:41+00:00","dateModified":"2026-04-02T16:41:20+00:00","description":"Secrets of Bydgoszcz. \u30bb\u30eb\u30d5\u30ac\u30a4\u30c9\u5f0f\u306e\u30b7\u30c6\u30a3\u30b2\u30fc\u30e0\u3092\u30d7\u30ec\u30a4\u3057\u3066\u3001\u30d1\u30ba\u30eb\u3001\u8b0e\u89e3\u304d\u3001\u30c1\u30e3\u30ec\u30f3\u30b8\u3092\u901a\u3057\u3066\u8857\u3092\u63a2\u7d22\u3057\u307e\u3057\u3087\u3046\u3002\u81ea\u5206\u306e\u30da\u30fc\u30b9\u3067\u30d7\u30ec\u30a4\u3057\u3066\u3001\u5730\u5143\u306e\u4eba\u3005\u306e\u3088\u3046\u306b\u767a\u898b\u3057\u307e\u3057\u3087\u3046\uff01","breadcrumb":{"@id":"https:\/\/testwebsite.citygame.com\/ja\/games\/unknown-location\/%e5%95%86%e5%93%81-355\/#breadcrumb"},"inLanguage":"ja","potentialAction":[{"@type":"ReadAction","target":["https:\/\/testwebsite.citygame.com\/ja\/games\/unknown-location\/%e5%95%86%e5%93%81-355\/"]}]},{"@type":"ImageObject","inLanguage":"ja","@id":"https:\/\/testwebsite.citygame.com\/ja\/games\/unknown-location\/%e5%95%86%e5%93%81-355\/#primaryimage","url":"https:\/\/testwebsite.citygame.com\/wp-content\/blogs.dir\/1\/files\/sites\/62\/2026\/01\/bydgoszcz-opera-nova-city-game-player.jpg","contentUrl":"https:\/\/testwebsite.citygame.com\/wp-content\/blogs.dir\/1\/files\/sites\/62\/2026\/01\/bydgoszcz-opera-nova-city-game-player.jpg","width":864,"height":1184,"caption":"A player solves a challenge on her smartphone with the Opera Nova building in Bydgoszcz."},{"@type":"BreadcrumbList","@id":"https:\/\/testwebsite.citygame.com\/ja\/games\/unknown-location\/%e5%95%86%e5%93%81-355\/#breadcrumb","itemListElement":[{"@type":"ListItem","position":1,"name":"Home","item":"https:\/\/testwebsite.citygame.com\/ja\/"},{"@type":"ListItem","position":2,"name":"Shop","item":"https:\/\/testwebsite.citygame.com\/shop\/"},{"@type":"ListItem","position":3,"name":"\u5546\u54c1"}]},{"@type":"WebSite","@id":"https:\/\/testwebsite.upevents.nl\/#website","url":"https:\/\/testwebsite.upevents.nl\/","name":"City Game","description":"","publisher":{"@id":"https:\/\/testwebsite.upevents.nl\/#organization"},"alternateName":"citygame.com","potentialAction":[{"@type":"SearchAction","target":{"@type":"EntryPoint","urlTemplate":"https:\/\/testwebsite.upevents.nl\/?s={search_term_string}"},"query-input":{"@type":"PropertyValueSpecification","valueRequired":true,"valueName":"search_term_string"}}],"inLanguage":"ja"},{"@type":["Organization","Place"],"@id":"https:\/\/testwebsite.upevents.nl\/#organization","name":"City Game","alternateName":"citygame.com","url":"https:\/\/testwebsite.upevents.nl\/","logo":{"@id":"https:\/\/testwebsite.citygame.com\/ja\/games\/unknown-location\/%e5%95%86%e5%93%81-355\/#local-main-organization-logo"},"image":{"@id":"https:\/\/testwebsite.citygame.com\/ja\/games\/unknown-location\/%e5%95%86%e5%93%81-355\/#local-main-organization-logo"},"sameAs":["https:\/\/www.facebook.com\/profile.php?id=100086426226253","https:\/\/www.instagram.com\/citygame_com","https:\/\/www.tiktok.com\/@citygamecom\/","https:\/\/www.linkedin.com\/company\/citygame-com"],"description":"Turn any city into a playground with our interactive City Games and self-guided tours. Fun, flexible, and ideal for groups and team building.","telephone":[],"openingHoursSpecification":[{"@type":"OpeningHoursSpecification","dayOfWeek":["Monday","Tuesday","Wednesday","Thursday","Friday","Saturday","Sunday"],"opens":"09:00","closes":"17:00"}]},{"@type":"ImageObject","inLanguage":"ja","@id":"https:\/\/testwebsite.citygame.com\/ja\/games\/unknown-location\/%e5%95%86%e5%93%81-355\/#local-main-organization-logo","url":"https:\/\/testwebsite.citygame.com\/wp-content\/blogs.dir\/1\/files\/sites\/62\/2025\/10\/CG_LOGO-City-Game.png","contentUrl":"https:\/\/testwebsite.citygame.com\/wp-content\/blogs.dir\/1\/files\/sites\/62\/2025\/10\/CG_LOGO-City-Game.png","width":351,"height":377,"caption":"City Game"}]}},"taxonomy_info":{"game-concept":[{"value":36,"label":"Secrets"}],"product_cat":[{"value":27,"label":"Geen categorie"}]},"featured_image_src_large":["https:\/\/testwebsite.citygame.com\/wp-content\/blogs.dir\/1\/files\/sites\/62\/2026\/01\/bydgoszcz-opera-nova-city-game-player-747x1024.jpg",747,1024,true],"author_info":[],"comment_info":"","_links":{"self":[{"href":"https:\/\/testwebsite.citygame.com\/ja\/wp-json\/wp\/v2\/product\/41749","targetHints":{"allow":["GET"]}}],"collection":[{"href":"https:\/\/testwebsite.citygame.com\/ja\/wp-json\/wp\/v2\/product"}],"about":[{"href":"https:\/\/testwebsite.citygame.com\/ja\/wp-json\/wp\/v2\/types\/product"}],"acf:post":[{"embeddable":true,"href":"https:\/\/testwebsite.citygame.com\/ja\/wp-json\/wp\/v2\/pages\/15917"}],"wp:featuredmedia":[{"embeddable":true,"href":"https:\/\/testwebsite.citygame.com\/ja\/wp-json\/wp\/v2\/media\/3537"}],"wp:attachment":[{"href":"https:\/\/testwebsite.citygame.com\/ja\/wp-json\/wp\/v2\/media?parent=41749"}],"wp:term":[{"taxonomy":"game-concept","embeddable":true,"href":"https:\/\/testwebsite.citygame.com\/ja\/wp-json\/wp\/v2\/game-concept?post=41749"},{"taxonomy":"location","embeddable":true,"href":"https:\/\/testwebsite.citygame.com\/ja\/wp-json\/wp\/v2\/location?post=41749"},{"taxonomy":"product_brand","embeddable":true,"href":"https:\/\/testwebsite.citygame.com\/ja\/wp-json\/wp\/v2\/product_brand?post=41749"},{"taxonomy":"product_cat","embeddable":true,"href":"https:\/\/testwebsite.citygame.com\/ja\/wp-json\/wp\/v2\/product_cat?post=41749"},{"taxonomy":"product_tag","embeddable":true,"href":"https:\/\/testwebsite.citygame.com\/ja\/wp-json\/wp\/v2\/product_tag?post=41749"}],"curies":[{"name":"wp","href":"https:\/\/api.w.org\/{rel}","templated":true}]}}