{"id":66448,"date":"2026-03-13T17:13:40","date_gmt":"2026-03-13T17:13:40","guid":{"rendered":"https:\/\/testwebsite.citygame.com\/games\/unknown-location\/secrets-of-hellevoetsluis\/"},"modified":"2026-04-08T20:14:21","modified_gmt":"2026-04-08T20:14:21","slug":"secrets-of-hellevoetsluis","status":"publish","type":"product","link":"https:\/\/testwebsite.citygame.com\/it\/games\/hellevoetsluis\/secrets-of-hellevoetsluis\/","title":{"rendered":"Secrets of Hellevoetsluis"},"content":{"rendered":"<p>Scopri il fascino di Hellevoetsluis con il nostro &#8220;Secrets of Hellevoetsluis City Game&#8221; autoguidato. Questo gioco di esplorazione basato su GPS ti invita a esplorare il centro di Hellevoetsluis, usando il tuo smartphone per addentrarti in una miriade di enigmi, indovinelli e sfide fotografiche. Il gioco non solo offre una piattaforma interattiva per scoprire Hellevoetsluis, ma permette anche ai giocatori di portare alla luce la sua affascinante storia, cultura e dettagli nascosti. Come un modo coinvolgente per attraversare Hellevoetsluis, questo gioco di esplorazione urbana \u00e8 l&#8217;attivit\u00e0 perfetta sia per i visitatori che per i residenti. Che tu sia un esploratore solitario o parte di una coppia, famiglia o gruppo di amici, il &#8220;Secrets of Hellevoetsluis City Game&#8221; offre un viaggio memorabile nel cuore di questa affascinante citt\u00e0.<\/p>\n","protected":false},"excerpt":{"rendered":"<p>Vivi i Tesori Nascosti di Hellevoetsluis! Immergiti in una citt\u00e0 dove le risonanze delle guerre storiche incontrano la magnificenza marittima, e ogni sentiero lastricato \u00e8 una briciola di pane che ti guida attraverso un racconto del tempo. Attraversa il suo fulcro portuale e le sue sontuose fortezze, Hellevoetsluis \u00e8 ricca di misteri a pi\u00f9 livelli che aspettano di essere svelati!<\/p>\n","protected":false},"featured_media":18808,"template":"","meta":{"_acf_changed":false,"_yoast_wpseo_focuskw":"Secrets of Hellevoetsluis","_yoast_wpseo_metadesc":"Secrets of Hellevoetsluis. Gioca a un City Game autoguidato ed esplora la citt\u00e0 attraverso enigmi, indovinelli e sfide. Gioca al tuo ritmo e scopri come un abitante del luogo!","_kad_blocks_custom_css":"","_kad_blocks_head_custom_js":"","_kad_blocks_body_custom_js":"","_kad_blocks_footer_custom_js":"","ghostkit_customizer_options":"","ghostkit_custom_css":"","ghostkit_custom_js_head":"","ghostkit_custom_js_foot":"","ghostkit_typography":"","_kad_post_transparent":"","_kad_post_title":"","_kad_post_layout":"","_kad_post_sidebar_id":"","_kad_post_content_style":"","_kad_post_vertical_padding":"","_kad_post_feature":"","_kad_post_feature_position":"","_kad_post_header":false,"_kad_post_footer":false,"_kad_post_classname":"","_links_to":"","_links_to_target":""},"game-concept":[718],"location":[196],"product_brand":[],"product_cat":[665],"product_tag":[],"class_list":{"0":"post-66448","1":"product","2":"type-product","3":"status-publish","4":"has-post-thumbnail","6":"game-concept-secrets","7":"location-hellevoetsluis","8":"product_cat-senza-categoria","10":"first","11":"instock","12":"shipping-taxable","13":"purchasable","14":"product-type-simple","15":"entry","16":"content-bg","17":"loop-entry"},"acf":{"full_bokun_product_name":"Self-Guided Secrets of Hellevoetsluis Exploration Game","location_name":"Hellevoetsluis","bokun_calendar_widget_code":"<script type=\"text\/javascript\" src=\"https:\/\/widgets.bokun.io\/assets\/javascripts\/apps\/build\/BokunWidgetsLoader.js?bookingChannelUUID=a1e93e96-5232-4734-a595-28405f4b5a31\" async><\/script>\n     \n    <div class=\"bokunWidget\" data-src=\"https:\/\/widgets.bokun.io\/online-sales\/a1e93e96-5232-4734-a595-28405f4b5a31\/experience-calendar\/885152\"><\/div>\n    <noscript>Please enable javascript in your browser to book<\/noscript>","bokun_button_widget_code":"<script type=\"text\/javascript\" src=\"https:\/\/widgets.bokun.io\/assets\/javascripts\/apps\/build\/BokunWidgetsLoader.js?bookingChannelUUID=a1e93e96-5232-4734-a595-28405f4b5a31\" async><\/script>\n      <style> #bokun_ed001e45_5927_4f62_b470_ca766338d083 { display: inline-block; padding: .4em 1em; background: #47b82e; border-radius: 999999px; box-shadow: none; font-weight: 600; font-size: 24px; text-decoration: none; text-align: center; color: #FFFFFF; border:none; cursor: pointer; transition: background .2s ease; } #bokun_ed001e45_5927_4f62_b470_ca766338d083:hover{ background: #2f7b1f; } #bokun_ed001e45_5927_4f62_b470_ca766338d083:active{ background: #378f24; } <\/style> <button class=\"bokunButton\" disabled id=bokun_ed001e45_5927_4f62_b470_ca766338d083 data-src=\"https:\/\/widgets.bokun.io\/online-sales\/a1e93e96-5232-4734-a595-28405f4b5a31\/experience-calendar\/885152?partialView=1\" data-testid=\"widget-book-button\" > Book now <\/button> ","what_you\u2019ll_experience_during_the_game":"Impegnandoti nel 'Secrets of Hellevoetsluis City Game', ti ritroverai a esplorare la citt\u00e0 come mai prima d'ora. Come un ibrido di narrazione immersiva e visite turistiche, il gioco ti guida attraverso luoghi sia rinomati che nascosti di Hellevoetsluis. Durante il tuo viaggio, entrerai in luoghi che ti lasceranno sicuramente a bocca aperta, come alcuni punti accattivanti lungo le coordinate 51.82490672535633,4.129899920624808 e 51.82531990000001,4.1279202999999995. Scoprirai storie incorporate in luoghi che potresti non aver mai notato nelle tue passeggiate casuali per la citt\u00e0. La tua missione: immergerti nell'atmosfera e nel ritmo unici di Hellevoetsluis, diventando un tutt'uno con il paesaggio della citt\u00e0.\n\nPer progredire nel gioco, ti addentrerai in una variet\u00e0 di enigmi e indovinelli stimolanti, dove ogni risposta corretta ti far\u00e0 guadagnare punti e ti avviciner\u00e0 a risolvere il mistero generale del gioco. Le sfide fotografiche creative ti spingeranno non solo a vedere ma a osservare veramente Hellevoetsluis; le domande metteranno alla prova la tua attenzione ai dettagli. Per coloro che amano un po' di competizione, c'\u00e8 l'opportunit\u00e0 di ottenere punti extra per un posto di rilievo nella classifica. La flessibilit\u00e0 del City Game ti permette di mettere in pausa quando vuoi, riprendendo esattamente da dove avevi interrotto. Preparati a intraprendere una scoperta non convenzionale di Hellevoetsluis con questo innovativo gioco di esplorazione.","how_to_play":"Prenota il Gioco di Esplorazione, controlla l'email che ti inviamo con le semplici istruzioni, scarica l'App Loquiz, accedi al Gioco di Esplorazione e sei pronto per iniziare la tua esperienza di gioco!","start_location":"Hellevoetsluis, Plein Fort Haerlem","available_languages":["en"],"players_per_group":"1-4","duration":"1.5-2 hours","image_overlay_color_image":"https:\/\/testwebsite.citygame.com\/wp-content\/blogs.dir\/1\/files\/sites\/62\/2026\/01\/SecretsColor.svg","image_overlay_game_logo":"https:\/\/testwebsite.citygame.com\/wp-content\/blogs.dir\/1\/files\/sites\/62\/2026\/01\/SecretsLogo.png","city_page":15815,"woocommerce_general_content":null},"yoast_head":"<!-- This site is optimized with the Yoast SEO Premium plugin v26.2 (Yoast SEO v26.3) - https:\/\/yoast.com\/wordpress\/plugins\/seo\/ -->\n<title>Secrets of Hellevoetsluis - City Game<\/title>\n<meta name=\"description\" content=\"Secrets of Hellevoetsluis. Gioca a un City Game autoguidato ed esplora la citt\u00e0 attraverso enigmi, indovinelli e sfide. Gioca al tuo ritmo e scopri come un abitante del luogo!\" \/>\n<meta name=\"robots\" content=\"noindex, follow, max-snippet:-1, max-image-preview:large, max-video-preview:-1\" \/>\n<meta property=\"og:locale\" content=\"it_IT\" \/>\n<meta property=\"og:type\" content=\"article\" \/>\n<meta property=\"og:title\" content=\"Secrets of Hellevoetsluis\" \/>\n<meta property=\"og:description\" content=\"Secrets of Hellevoetsluis. Gioca a un City Game autoguidato ed esplora la citt\u00e0 attraverso enigmi, indovinelli e sfide. Gioca al tuo ritmo e scopri come un abitante del luogo!\" \/>\n<meta property=\"og:url\" content=\"https:\/\/testwebsite.citygame.com\/it\/games\/hellevoetsluis\/secrets-of-hellevoetsluis\/\" \/>\n<meta property=\"og:site_name\" content=\"City Game\" \/>\n<meta property=\"article:publisher\" content=\"https:\/\/www.facebook.com\/profile.php?id=100086426226253\" \/>\n<meta property=\"article:modified_time\" content=\"2026-04-08T20:14:21+00:00\" \/>\n<meta property=\"og:image\" content=\"https:\/\/testwebsite.citygame.com\/wp-content\/blogs.dir\/1\/files\/sites\/62\/2026\/03\/group-of-players-de-hoop-windmill-hellevoetsluis.jpg\" \/>\n\t<meta property=\"og:image:width\" content=\"1024\" \/>\n\t<meta property=\"og:image:height\" content=\"1024\" \/>\n\t<meta property=\"og:image:type\" content=\"image\/jpeg\" \/>\n<meta name=\"twitter:card\" content=\"summary_large_image\" \/>\n<meta name=\"twitter:label1\" content=\"Tempo di lettura stimato\" \/>\n\t<meta name=\"twitter:data1\" content=\"1 minuto\" \/>\n<script type=\"application\/ld+json\" class=\"yoast-schema-graph\">{\"@context\":\"https:\/\/schema.org\",\"@graph\":[{\"@type\":\"WebPage\",\"@id\":\"https:\/\/testwebsite.citygame.com\/it\/games\/hellevoetsluis\/secrets-of-hellevoetsluis\/\",\"url\":\"https:\/\/testwebsite.citygame.com\/it\/games\/hellevoetsluis\/secrets-of-hellevoetsluis\/\",\"name\":\"Secrets of Hellevoetsluis - City Game\",\"isPartOf\":{\"@id\":\"https:\/\/testwebsite.upevents.nl\/#website\"},\"primaryImageOfPage\":{\"@id\":\"https:\/\/testwebsite.citygame.com\/it\/games\/hellevoetsluis\/secrets-of-hellevoetsluis\/#primaryimage\"},\"image\":{\"@id\":\"https:\/\/testwebsite.citygame.com\/it\/games\/hellevoetsluis\/secrets-of-hellevoetsluis\/#primaryimage\"},\"thumbnailUrl\":\"https:\/\/testwebsite.citygame.com\/wp-content\/blogs.dir\/1\/files\/sites\/62\/2026\/03\/group-of-players-de-hoop-windmill-hellevoetsluis.jpg\",\"datePublished\":\"2026-03-13T17:13:40+00:00\",\"dateModified\":\"2026-04-08T20:14:21+00:00\",\"description\":\"Secrets of Hellevoetsluis. Gioca a un City Game autoguidato ed esplora la citt\u00e0 attraverso enigmi, indovinelli e sfide. Gioca al tuo ritmo e scopri come un abitante del luogo!\",\"breadcrumb\":{\"@id\":\"https:\/\/testwebsite.citygame.com\/it\/games\/hellevoetsluis\/secrets-of-hellevoetsluis\/#breadcrumb\"},\"inLanguage\":\"it-IT\",\"potentialAction\":[{\"@type\":\"ReadAction\",\"target\":[\"https:\/\/testwebsite.citygame.com\/it\/games\/hellevoetsluis\/secrets-of-hellevoetsluis\/\"]}]},{\"@type\":\"ImageObject\",\"inLanguage\":\"it-IT\",\"@id\":\"https:\/\/testwebsite.citygame.com\/it\/games\/hellevoetsluis\/secrets-of-hellevoetsluis\/#primaryimage\",\"url\":\"https:\/\/testwebsite.citygame.com\/wp-content\/blogs.dir\/1\/files\/sites\/62\/2026\/03\/group-of-players-de-hoop-windmill-hellevoetsluis.jpg\",\"contentUrl\":\"https:\/\/testwebsite.citygame.com\/wp-content\/blogs.dir\/1\/files\/sites\/62\/2026\/03\/group-of-players-de-hoop-windmill-hellevoetsluis.jpg\",\"width\":1024,\"height\":1024,\"caption\":\"A group of friends gathers around a smartphone near the historic De Hoop windmill in Hellevoetsluis.\"},{\"@type\":\"BreadcrumbList\",\"@id\":\"https:\/\/testwebsite.citygame.com\/it\/games\/hellevoetsluis\/secrets-of-hellevoetsluis\/#breadcrumb\",\"itemListElement\":[{\"@type\":\"ListItem\",\"position\":1,\"name\":\"Home\",\"item\":\"https:\/\/testwebsite.citygame.com\/it\/\"},{\"@type\":\"ListItem\",\"position\":2,\"name\":\"Shop\",\"item\":\"https:\/\/testwebsite.citygame.com\/shop\/\"},{\"@type\":\"ListItem\",\"position\":3,\"name\":\"Secrets of Hellevoetsluis\"}]},{\"@type\":\"WebSite\",\"@id\":\"https:\/\/testwebsite.upevents.nl\/#website\",\"url\":\"https:\/\/testwebsite.upevents.nl\/\",\"name\":\"City Game\",\"description\":\"\",\"publisher\":{\"@id\":\"https:\/\/testwebsite.upevents.nl\/#organization\"},\"alternateName\":\"citygame.com\",\"potentialAction\":[{\"@type\":\"SearchAction\",\"target\":{\"@type\":\"EntryPoint\",\"urlTemplate\":\"https:\/\/testwebsite.upevents.nl\/?s={search_term_string}\"},\"query-input\":{\"@type\":\"PropertyValueSpecification\",\"valueRequired\":true,\"valueName\":\"search_term_string\"}}],\"inLanguage\":\"it-IT\"},{\"@type\":[\"Organization\",\"Place\"],\"@id\":\"https:\/\/testwebsite.upevents.nl\/#organization\",\"name\":\"City Game\",\"alternateName\":\"citygame.com\",\"url\":\"https:\/\/testwebsite.upevents.nl\/\",\"logo\":{\"@id\":\"https:\/\/testwebsite.citygame.com\/it\/games\/hellevoetsluis\/secrets-of-hellevoetsluis\/#local-main-organization-logo\"},\"image\":{\"@id\":\"https:\/\/testwebsite.citygame.com\/it\/games\/hellevoetsluis\/secrets-of-hellevoetsluis\/#local-main-organization-logo\"},\"sameAs\":[\"https:\/\/www.facebook.com\/profile.php?id=100086426226253\",\"https:\/\/www.instagram.com\/citygame_com\",\"https:\/\/www.tiktok.com\/@citygamecom\/\",\"https:\/\/www.linkedin.com\/company\/citygame-com\"],\"description\":\"Turn any city into a playground with our interactive City Games and self-guided tours. Fun, flexible, and ideal for groups and team building.\",\"telephone\":[],\"openingHoursSpecification\":[{\"@type\":\"OpeningHoursSpecification\",\"dayOfWeek\":[\"Monday\",\"Tuesday\",\"Wednesday\",\"Thursday\",\"Friday\",\"Saturday\",\"Sunday\"],\"opens\":\"09:00\",\"closes\":\"17:00\"}]},{\"@type\":\"ImageObject\",\"inLanguage\":\"it-IT\",\"@id\":\"https:\/\/testwebsite.citygame.com\/it\/games\/hellevoetsluis\/secrets-of-hellevoetsluis\/#local-main-organization-logo\",\"url\":\"https:\/\/testwebsite.citygame.com\/wp-content\/blogs.dir\/1\/files\/sites\/62\/2025\/10\/CG_LOGO-City-Game.png\",\"contentUrl\":\"https:\/\/testwebsite.citygame.com\/wp-content\/blogs.dir\/1\/files\/sites\/62\/2025\/10\/CG_LOGO-City-Game.png\",\"width\":351,\"height\":377,\"caption\":\"City Game\"}]}<\/script>\n<!-- \/ Yoast SEO Premium plugin. -->","yoast_head_json":{"title":"Secrets of Hellevoetsluis - City Game","description":"Secrets of Hellevoetsluis. Gioca a un City Game autoguidato ed esplora la citt\u00e0 attraverso enigmi, indovinelli e sfide. Gioca al tuo ritmo e scopri come un abitante del luogo!","robots":{"index":"noindex","follow":"follow","max-snippet":"max-snippet:-1","max-image-preview":"max-image-preview:large","max-video-preview":"max-video-preview:-1"},"og_locale":"it_IT","og_type":"article","og_title":"Secrets of Hellevoetsluis","og_description":"Secrets of Hellevoetsluis. Gioca a un City Game autoguidato ed esplora la citt\u00e0 attraverso enigmi, indovinelli e sfide. Gioca al tuo ritmo e scopri come un abitante del luogo!","og_url":"https:\/\/testwebsite.citygame.com\/it\/games\/hellevoetsluis\/secrets-of-hellevoetsluis\/","og_site_name":"City Game","article_publisher":"https:\/\/www.facebook.com\/profile.php?id=100086426226253","article_modified_time":"2026-04-08T20:14:21+00:00","og_image":[{"width":1024,"height":1024,"url":"https:\/\/testwebsite.citygame.com\/wp-content\/blogs.dir\/1\/files\/sites\/62\/2026\/03\/group-of-players-de-hoop-windmill-hellevoetsluis.jpg","type":"image\/jpeg"}],"twitter_card":"summary_large_image","twitter_misc":{"Tempo di lettura stimato":"1 minuto"},"schema":{"@context":"https:\/\/schema.org","@graph":[{"@type":"WebPage","@id":"https:\/\/testwebsite.citygame.com\/it\/games\/hellevoetsluis\/secrets-of-hellevoetsluis\/","url":"https:\/\/testwebsite.citygame.com\/it\/games\/hellevoetsluis\/secrets-of-hellevoetsluis\/","name":"Secrets of Hellevoetsluis - City Game","isPartOf":{"@id":"https:\/\/testwebsite.upevents.nl\/#website"},"primaryImageOfPage":{"@id":"https:\/\/testwebsite.citygame.com\/it\/games\/hellevoetsluis\/secrets-of-hellevoetsluis\/#primaryimage"},"image":{"@id":"https:\/\/testwebsite.citygame.com\/it\/games\/hellevoetsluis\/secrets-of-hellevoetsluis\/#primaryimage"},"thumbnailUrl":"https:\/\/testwebsite.citygame.com\/wp-content\/blogs.dir\/1\/files\/sites\/62\/2026\/03\/group-of-players-de-hoop-windmill-hellevoetsluis.jpg","datePublished":"2026-03-13T17:13:40+00:00","dateModified":"2026-04-08T20:14:21+00:00","description":"Secrets of Hellevoetsluis. Gioca a un City Game autoguidato ed esplora la citt\u00e0 attraverso enigmi, indovinelli e sfide. Gioca al tuo ritmo e scopri come un abitante del luogo!","breadcrumb":{"@id":"https:\/\/testwebsite.citygame.com\/it\/games\/hellevoetsluis\/secrets-of-hellevoetsluis\/#breadcrumb"},"inLanguage":"it-IT","potentialAction":[{"@type":"ReadAction","target":["https:\/\/testwebsite.citygame.com\/it\/games\/hellevoetsluis\/secrets-of-hellevoetsluis\/"]}]},{"@type":"ImageObject","inLanguage":"it-IT","@id":"https:\/\/testwebsite.citygame.com\/it\/games\/hellevoetsluis\/secrets-of-hellevoetsluis\/#primaryimage","url":"https:\/\/testwebsite.citygame.com\/wp-content\/blogs.dir\/1\/files\/sites\/62\/2026\/03\/group-of-players-de-hoop-windmill-hellevoetsluis.jpg","contentUrl":"https:\/\/testwebsite.citygame.com\/wp-content\/blogs.dir\/1\/files\/sites\/62\/2026\/03\/group-of-players-de-hoop-windmill-hellevoetsluis.jpg","width":1024,"height":1024,"caption":"A group of friends gathers around a smartphone near the historic De Hoop windmill in Hellevoetsluis."},{"@type":"BreadcrumbList","@id":"https:\/\/testwebsite.citygame.com\/it\/games\/hellevoetsluis\/secrets-of-hellevoetsluis\/#breadcrumb","itemListElement":[{"@type":"ListItem","position":1,"name":"Home","item":"https:\/\/testwebsite.citygame.com\/it\/"},{"@type":"ListItem","position":2,"name":"Shop","item":"https:\/\/testwebsite.citygame.com\/shop\/"},{"@type":"ListItem","position":3,"name":"Secrets of Hellevoetsluis"}]},{"@type":"WebSite","@id":"https:\/\/testwebsite.upevents.nl\/#website","url":"https:\/\/testwebsite.upevents.nl\/","name":"City Game","description":"","publisher":{"@id":"https:\/\/testwebsite.upevents.nl\/#organization"},"alternateName":"citygame.com","potentialAction":[{"@type":"SearchAction","target":{"@type":"EntryPoint","urlTemplate":"https:\/\/testwebsite.upevents.nl\/?s={search_term_string}"},"query-input":{"@type":"PropertyValueSpecification","valueRequired":true,"valueName":"search_term_string"}}],"inLanguage":"it-IT"},{"@type":["Organization","Place"],"@id":"https:\/\/testwebsite.upevents.nl\/#organization","name":"City Game","alternateName":"citygame.com","url":"https:\/\/testwebsite.upevents.nl\/","logo":{"@id":"https:\/\/testwebsite.citygame.com\/it\/games\/hellevoetsluis\/secrets-of-hellevoetsluis\/#local-main-organization-logo"},"image":{"@id":"https:\/\/testwebsite.citygame.com\/it\/games\/hellevoetsluis\/secrets-of-hellevoetsluis\/#local-main-organization-logo"},"sameAs":["https:\/\/www.facebook.com\/profile.php?id=100086426226253","https:\/\/www.instagram.com\/citygame_com","https:\/\/www.tiktok.com\/@citygamecom\/","https:\/\/www.linkedin.com\/company\/citygame-com"],"description":"Turn any city into a playground with our interactive City Games and self-guided tours. Fun, flexible, and ideal for groups and team building.","telephone":[],"openingHoursSpecification":[{"@type":"OpeningHoursSpecification","dayOfWeek":["Monday","Tuesday","Wednesday","Thursday","Friday","Saturday","Sunday"],"opens":"09:00","closes":"17:00"}]},{"@type":"ImageObject","inLanguage":"it-IT","@id":"https:\/\/testwebsite.citygame.com\/it\/games\/hellevoetsluis\/secrets-of-hellevoetsluis\/#local-main-organization-logo","url":"https:\/\/testwebsite.citygame.com\/wp-content\/blogs.dir\/1\/files\/sites\/62\/2025\/10\/CG_LOGO-City-Game.png","contentUrl":"https:\/\/testwebsite.citygame.com\/wp-content\/blogs.dir\/1\/files\/sites\/62\/2025\/10\/CG_LOGO-City-Game.png","width":351,"height":377,"caption":"City Game"}]}},"taxonomy_info":{"game-concept":[{"value":718,"label":"Secrets"}],"location":[{"value":196,"label":"Hellevoetsluis"}],"product_cat":[{"value":665,"label":"Senza categoria"}]},"featured_image_src_large":["https:\/\/testwebsite.citygame.com\/wp-content\/blogs.dir\/1\/files\/sites\/62\/2026\/03\/group-of-players-de-hoop-windmill-hellevoetsluis.jpg",1024,1024,false],"author_info":[],"comment_info":"","_links":{"self":[{"href":"https:\/\/testwebsite.citygame.com\/it\/wp-json\/wp\/v2\/product\/66448","targetHints":{"allow":["GET"]}}],"collection":[{"href":"https:\/\/testwebsite.citygame.com\/it\/wp-json\/wp\/v2\/product"}],"about":[{"href":"https:\/\/testwebsite.citygame.com\/it\/wp-json\/wp\/v2\/types\/product"}],"acf:post":[{"embeddable":true,"href":"https:\/\/testwebsite.citygame.com\/it\/wp-json\/wp\/v2\/pages\/15815"}],"wp:featuredmedia":[{"embeddable":true,"href":"https:\/\/testwebsite.citygame.com\/it\/wp-json\/wp\/v2\/media\/18808"}],"wp:attachment":[{"href":"https:\/\/testwebsite.citygame.com\/it\/wp-json\/wp\/v2\/media?parent=66448"}],"wp:term":[{"taxonomy":"game-concept","embeddable":true,"href":"https:\/\/testwebsite.citygame.com\/it\/wp-json\/wp\/v2\/game-concept?post=66448"},{"taxonomy":"location","embeddable":true,"href":"https:\/\/testwebsite.citygame.com\/it\/wp-json\/wp\/v2\/location?post=66448"},{"taxonomy":"product_brand","embeddable":true,"href":"https:\/\/testwebsite.citygame.com\/it\/wp-json\/wp\/v2\/product_brand?post=66448"},{"taxonomy":"product_cat","embeddable":true,"href":"https:\/\/testwebsite.citygame.com\/it\/wp-json\/wp\/v2\/product_cat?post=66448"},{"taxonomy":"product_tag","embeddable":true,"href":"https:\/\/testwebsite.citygame.com\/it\/wp-json\/wp\/v2\/product_tag?post=66448"}],"curies":[{"name":"wp","href":"https:\/\/api.w.org\/{rel}","templated":true}]}}