{"id":66338,"date":"2026-03-13T16:13:39","date_gmt":"2026-03-13T16:13:39","guid":{"rendered":"https:\/\/testwebsite.citygame.com\/games\/unknown-location\/secrets-of-ede\/"},"modified":"2026-04-08T19:07:52","modified_gmt":"2026-04-08T19:07:52","slug":"secrets-of-ede","status":"publish","type":"product","link":"https:\/\/testwebsite.citygame.com\/it\/games\/ede\/secrets-of-ede\/","title":{"rendered":"Secrets of Ede"},"content":{"rendered":"<p>Immergiti nell&#8217;intrigante tela del centro citt\u00e0 di Ede con il nostro &#8216;Secrets of Ede&#8217; City Game. Questo gioco di esplorazione urbana autoguidato ti permette di navigare in questa vivace citt\u00e0 tramite un gioco interattivo e basato su GPS sul tuo smartphone. Lungo il percorso, sbloccherai enigmi, risolverai puzzle unici e parteciperai a sfide fotografiche, scoprendo al contempo aspetti meno noti della cultura, della storia e dei paesaggi urbani di Ede. Ideale per i visitatori desiderosi di scoprire nuove esperienze, o per i locali che cercano di rivedere la propria citt\u00e0 con occhi nuovi, il gioco si adatta perfettamente sia a giocatori solitari che a gruppi diversi, incluse coppie, famiglie o amici. Quindi, indossa le tue scarpe comode, carica il telefono e unisciti a questo unico gioco cittadino autoguidato a Ede.<\/p>\n","protected":false},"excerpt":{"rendered":"<p>Vivi l&#8217;Eleganza Enigmatica di Ede! In una citt\u00e0 dove la storia si intreccia con un ricco arazzo culturale, esplora le sue affascinanti sfumature, dai mulini a vento secolari ai vivaci mercati. Indossa il tuo cappello da detective, questo viaggio attraverso l&#8217;ambiente incantevole di Ede \u00e8 carico di indizi clandestini e deliziose sorprese ad ogni angolo!<\/p>\n","protected":false},"featured_media":18762,"template":"","meta":{"_acf_changed":false,"_yoast_wpseo_focuskw":"Secrets of Ede","_yoast_wpseo_metadesc":"Secrets of Ede. Gioca a un City Game autoguidato ed esplora la citt\u00e0 attraverso puzzle, indovinelli e sfide. Gioca al tuo ritmo e scopri come un abitante del luogo!","_kad_blocks_custom_css":"","_kad_blocks_head_custom_js":"","_kad_blocks_body_custom_js":"","_kad_blocks_footer_custom_js":"","ghostkit_customizer_options":"","ghostkit_custom_css":"","ghostkit_custom_js_head":"","ghostkit_custom_js_foot":"","ghostkit_typography":"","_kad_post_transparent":"default","_kad_post_title":"","_kad_post_layout":"default","_kad_post_sidebar_id":"","_kad_post_content_style":"default","_kad_post_vertical_padding":"default","_kad_post_feature":"","_kad_post_feature_position":"","_kad_post_header":false,"_kad_post_footer":false,"_kad_post_classname":"","_links_to":"","_links_to_target":""},"game-concept":[718],"location":[151],"product_brand":[],"product_cat":[665],"product_tag":[],"class_list":{"0":"post-66338","1":"product","2":"type-product","3":"status-publish","4":"has-post-thumbnail","6":"game-concept-secrets","7":"location-ede","8":"product_cat-senza-categoria","10":"first","11":"instock","12":"shipping-taxable","13":"purchasable","14":"product-type-simple","15":"entry","16":"content-bg","17":"loop-entry"},"acf":{"full_bokun_product_name":"Self-Guided Secrets of Ede Exploration Game","location_name":"Ede","bokun_calendar_widget_code":"<script type=\"text\/javascript\" src=\"https:\/\/widgets.bokun.io\/assets\/javascripts\/apps\/build\/BokunWidgetsLoader.js?bookingChannelUUID=a1e93e96-5232-4734-a595-28405f4b5a31\" async><\/script>\n     \n    <div class=\"bokunWidget\" data-src=\"https:\/\/widgets.bokun.io\/online-sales\/a1e93e96-5232-4734-a595-28405f4b5a31\/experience-calendar\/885160\"><\/div>\n    <noscript>Please enable javascript in your browser to book<\/noscript>","bokun_button_widget_code":"<script type=\"text\/javascript\" src=\"https:\/\/widgets.bokun.io\/assets\/javascripts\/apps\/build\/BokunWidgetsLoader.js?bookingChannelUUID=a1e93e96-5232-4734-a595-28405f4b5a31\" async><\/script>\n      <style> #bokun_ed001e45_5927_4f62_b470_ca766338d083 { display: inline-block; padding: .4em 1em; background: #47b82e; border-radius: 999999px; box-shadow: none; font-weight: 600; font-size: 24px; text-decoration: none; text-align: center; color: #FFFFFF; border:none; cursor: pointer; transition: background .2s ease; } #bokun_ed001e45_5927_4f62_b470_ca766338d083:hover{ background: #2f7b1f; } #bokun_ed001e45_5927_4f62_b470_ca766338d083:active{ background: #378f24; } <\/style> <button class=\"bokunButton\" disabled id=bokun_ed001e45_5927_4f62_b470_ca766338d083 data-src=\"https:\/\/widgets.bokun.io\/online-sales\/a1e93e96-5232-4734-a595-28405f4b5a31\/experience-calendar\/885160?partialView=1\" data-testid=\"widget-book-button\" > Book now <\/button> ","what_you\u2019ll_experience_during_the_game":"Durante il tuo tempo con il 'Secrets of Ede' City Game, ti ritroverai immerso nel ricco arazzo culturale di Ede. Questo non \u00e8 il solito tour turistico; il nostro gioco unisce narrazione coinvolgente e sfide interattive, con un viaggio attraverso le molte sorprese della citt\u00e0. Mentre vaghi da un enigma all'altro, sarai guidato sia negli angoli iconici che in quelli clandestini di Ede. Potrai vivere l'intrigo di vari punti salienti, sia dove ti portano le coordinate 52.04663473750492,5.669747293238146, sia i misteri che ti aspettano alle coordinate 52.04289449999999,5.678477499999985 e 52.043980799999986,5.677580699999993 nella citt\u00e0 di Ede.\r\n\r\nIn secondo luogo, il nostro City Game \u00e8 pi\u00f9 di una semplice esplorazione; \u00e8 una ricerca intellettuale che mette alla prova la tua capacit\u00e0 di risolvere enigmi, rispondere a domande e affrontare sfide fotografiche creative. Queste sfide non sono solo divertenti diversivi; sono passaggi essenziali nella tua progressione verso lo svelamento del mistero finale di Ede. Durante il gioco, si guadagnano punti, si sbloccano suggerimenti e, inoltre, il gioco pu\u00f2 essere messo in pausa in qualsiasi momento, per essere continuato a tuo piacimento. Per gli animi competitivi, scala la classifica e dimostra il tuo valore in questa esplorazione attraverso Ede.","how_to_play":"Prenota il Gioco di Esplorazione, controlla l'email che ti inviamo con le semplici istruzioni, scarica la Loquiz App, accedi al Gioco di Esplorazione e sei pronto per iniziare la tua esperienza di gioco!","start_location":"Ede, Bevrijdingsplein","available_languages":["en"],"players_per_group":"1-4","duration":"1.5-2 hours","image_overlay_color_image":"https:\/\/testwebsite.citygame.com\/wp-content\/blogs.dir\/1\/files\/sites\/62\/2026\/01\/SecretsColor.svg","image_overlay_game_logo":"https:\/\/testwebsite.citygame.com\/wp-content\/blogs.dir\/1\/files\/sites\/62\/2026\/01\/SecretsLogo.png","city_page":15794,"woocommerce_general_content":null},"yoast_head":"<!-- This site is optimized with the Yoast SEO Premium plugin v26.2 (Yoast SEO v26.3) - https:\/\/yoast.com\/wordpress\/plugins\/seo\/ -->\n<title>Secrets of Ede - City Game<\/title>\n<meta name=\"description\" content=\"Secrets of Ede. Gioca a un City Game autoguidato ed esplora la citt\u00e0 attraverso puzzle, indovinelli e sfide. Gioca al tuo ritmo e scopri come un abitante del luogo!\" \/>\n<meta name=\"robots\" content=\"noindex, follow, max-snippet:-1, max-image-preview:large, max-video-preview:-1\" \/>\n<meta property=\"og:locale\" content=\"it_IT\" \/>\n<meta property=\"og:type\" content=\"article\" \/>\n<meta property=\"og:title\" content=\"Secrets of Ede\" \/>\n<meta property=\"og:description\" content=\"Secrets of Ede. Gioca a un City Game autoguidato ed esplora la citt\u00e0 attraverso puzzle, indovinelli e sfide. Gioca al tuo ritmo e scopri come un abitante del luogo!\" \/>\n<meta property=\"og:url\" content=\"https:\/\/testwebsite.citygame.com\/it\/games\/ede\/secrets-of-ede\/\" \/>\n<meta property=\"og:site_name\" content=\"City Game\" \/>\n<meta property=\"article:publisher\" content=\"https:\/\/www.facebook.com\/profile.php?id=100086426226253\" \/>\n<meta property=\"article:modified_time\" content=\"2026-04-08T19:07:52+00:00\" \/>\n<meta property=\"og:image\" content=\"https:\/\/testwebsite.citygame.com\/wp-content\/blogs.dir\/1\/files\/sites\/62\/2026\/03\/city-game-players-marktplein-ede.jpg\" \/>\n\t<meta property=\"og:image:width\" content=\"1024\" \/>\n\t<meta property=\"og:image:height\" content=\"1024\" \/>\n\t<meta property=\"og:image:type\" content=\"image\/jpeg\" \/>\n<meta name=\"twitter:card\" content=\"summary_large_image\" \/>\n<meta name=\"twitter:label1\" content=\"Tempo di lettura stimato\" \/>\n\t<meta name=\"twitter:data1\" content=\"1 minuto\" \/>\n<script type=\"application\/ld+json\" class=\"yoast-schema-graph\">{\"@context\":\"https:\/\/schema.org\",\"@graph\":[{\"@type\":\"WebPage\",\"@id\":\"https:\/\/testwebsite.citygame.com\/it\/games\/ede\/secrets-of-ede\/\",\"url\":\"https:\/\/testwebsite.citygame.com\/it\/games\/ede\/secrets-of-ede\/\",\"name\":\"Secrets of Ede - City Game\",\"isPartOf\":{\"@id\":\"https:\/\/testwebsite.upevents.nl\/#website\"},\"primaryImageOfPage\":{\"@id\":\"https:\/\/testwebsite.citygame.com\/it\/games\/ede\/secrets-of-ede\/#primaryimage\"},\"image\":{\"@id\":\"https:\/\/testwebsite.citygame.com\/it\/games\/ede\/secrets-of-ede\/#primaryimage\"},\"thumbnailUrl\":\"https:\/\/testwebsite.citygame.com\/wp-content\/blogs.dir\/1\/files\/sites\/62\/2026\/03\/city-game-players-marktplein-ede.jpg\",\"datePublished\":\"2026-03-13T16:13:39+00:00\",\"dateModified\":\"2026-04-08T19:07:52+00:00\",\"description\":\"Secrets of Ede. Gioca a un City Game autoguidato ed esplora la citt\u00e0 attraverso puzzle, indovinelli e sfide. Gioca al tuo ritmo e scopri come un abitante del luogo!\",\"breadcrumb\":{\"@id\":\"https:\/\/testwebsite.citygame.com\/it\/games\/ede\/secrets-of-ede\/#breadcrumb\"},\"inLanguage\":\"it-IT\",\"potentialAction\":[{\"@type\":\"ReadAction\",\"target\":[\"https:\/\/testwebsite.citygame.com\/it\/games\/ede\/secrets-of-ede\/\"]}]},{\"@type\":\"ImageObject\",\"inLanguage\":\"it-IT\",\"@id\":\"https:\/\/testwebsite.citygame.com\/it\/games\/ede\/secrets-of-ede\/#primaryimage\",\"url\":\"https:\/\/testwebsite.citygame.com\/wp-content\/blogs.dir\/1\/files\/sites\/62\/2026\/03\/city-game-players-marktplein-ede.jpg\",\"contentUrl\":\"https:\/\/testwebsite.citygame.com\/wp-content\/blogs.dir\/1\/files\/sites\/62\/2026\/03\/city-game-players-marktplein-ede.jpg\",\"width\":1024,\"height\":1024,\"caption\":\"A group of friends collaborates on their smartphone while playing a game in Ede's city center.\"},{\"@type\":\"BreadcrumbList\",\"@id\":\"https:\/\/testwebsite.citygame.com\/it\/games\/ede\/secrets-of-ede\/#breadcrumb\",\"itemListElement\":[{\"@type\":\"ListItem\",\"position\":1,\"name\":\"Home\",\"item\":\"https:\/\/testwebsite.citygame.com\/it\/\"},{\"@type\":\"ListItem\",\"position\":2,\"name\":\"Shop\",\"item\":\"https:\/\/testwebsite.citygame.com\/shop\/\"},{\"@type\":\"ListItem\",\"position\":3,\"name\":\"Secrets of Ede\"}]},{\"@type\":\"WebSite\",\"@id\":\"https:\/\/testwebsite.upevents.nl\/#website\",\"url\":\"https:\/\/testwebsite.upevents.nl\/\",\"name\":\"City Game\",\"description\":\"\",\"publisher\":{\"@id\":\"https:\/\/testwebsite.upevents.nl\/#organization\"},\"alternateName\":\"citygame.com\",\"potentialAction\":[{\"@type\":\"SearchAction\",\"target\":{\"@type\":\"EntryPoint\",\"urlTemplate\":\"https:\/\/testwebsite.upevents.nl\/?s={search_term_string}\"},\"query-input\":{\"@type\":\"PropertyValueSpecification\",\"valueRequired\":true,\"valueName\":\"search_term_string\"}}],\"inLanguage\":\"it-IT\"},{\"@type\":[\"Organization\",\"Place\"],\"@id\":\"https:\/\/testwebsite.upevents.nl\/#organization\",\"name\":\"City Game\",\"alternateName\":\"citygame.com\",\"url\":\"https:\/\/testwebsite.upevents.nl\/\",\"logo\":{\"@id\":\"https:\/\/testwebsite.citygame.com\/it\/games\/ede\/secrets-of-ede\/#local-main-organization-logo\"},\"image\":{\"@id\":\"https:\/\/testwebsite.citygame.com\/it\/games\/ede\/secrets-of-ede\/#local-main-organization-logo\"},\"sameAs\":[\"https:\/\/www.facebook.com\/profile.php?id=100086426226253\",\"https:\/\/www.instagram.com\/citygame_com\",\"https:\/\/www.tiktok.com\/@citygamecom\/\",\"https:\/\/www.linkedin.com\/company\/citygame-com\"],\"description\":\"Turn any city into a playground with our interactive City Games and self-guided tours. Fun, flexible, and ideal for groups and team building.\",\"telephone\":[],\"openingHoursSpecification\":[{\"@type\":\"OpeningHoursSpecification\",\"dayOfWeek\":[\"Monday\",\"Tuesday\",\"Wednesday\",\"Thursday\",\"Friday\",\"Saturday\",\"Sunday\"],\"opens\":\"09:00\",\"closes\":\"17:00\"}]},{\"@type\":\"ImageObject\",\"inLanguage\":\"it-IT\",\"@id\":\"https:\/\/testwebsite.citygame.com\/it\/games\/ede\/secrets-of-ede\/#local-main-organization-logo\",\"url\":\"https:\/\/testwebsite.citygame.com\/wp-content\/blogs.dir\/1\/files\/sites\/62\/2025\/10\/CG_LOGO-City-Game.png\",\"contentUrl\":\"https:\/\/testwebsite.citygame.com\/wp-content\/blogs.dir\/1\/files\/sites\/62\/2025\/10\/CG_LOGO-City-Game.png\",\"width\":351,\"height\":377,\"caption\":\"City Game\"}]}<\/script>\n<!-- \/ Yoast SEO Premium plugin. -->","yoast_head_json":{"title":"Secrets of Ede - City Game","description":"Secrets of Ede. Gioca a un City Game autoguidato ed esplora la citt\u00e0 attraverso puzzle, indovinelli e sfide. Gioca al tuo ritmo e scopri come un abitante del luogo!","robots":{"index":"noindex","follow":"follow","max-snippet":"max-snippet:-1","max-image-preview":"max-image-preview:large","max-video-preview":"max-video-preview:-1"},"og_locale":"it_IT","og_type":"article","og_title":"Secrets of Ede","og_description":"Secrets of Ede. Gioca a un City Game autoguidato ed esplora la citt\u00e0 attraverso puzzle, indovinelli e sfide. Gioca al tuo ritmo e scopri come un abitante del luogo!","og_url":"https:\/\/testwebsite.citygame.com\/it\/games\/ede\/secrets-of-ede\/","og_site_name":"City Game","article_publisher":"https:\/\/www.facebook.com\/profile.php?id=100086426226253","article_modified_time":"2026-04-08T19:07:52+00:00","og_image":[{"width":1024,"height":1024,"url":"https:\/\/testwebsite.citygame.com\/wp-content\/blogs.dir\/1\/files\/sites\/62\/2026\/03\/city-game-players-marktplein-ede.jpg","type":"image\/jpeg"}],"twitter_card":"summary_large_image","twitter_misc":{"Tempo di lettura stimato":"1 minuto"},"schema":{"@context":"https:\/\/schema.org","@graph":[{"@type":"WebPage","@id":"https:\/\/testwebsite.citygame.com\/it\/games\/ede\/secrets-of-ede\/","url":"https:\/\/testwebsite.citygame.com\/it\/games\/ede\/secrets-of-ede\/","name":"Secrets of Ede - City Game","isPartOf":{"@id":"https:\/\/testwebsite.upevents.nl\/#website"},"primaryImageOfPage":{"@id":"https:\/\/testwebsite.citygame.com\/it\/games\/ede\/secrets-of-ede\/#primaryimage"},"image":{"@id":"https:\/\/testwebsite.citygame.com\/it\/games\/ede\/secrets-of-ede\/#primaryimage"},"thumbnailUrl":"https:\/\/testwebsite.citygame.com\/wp-content\/blogs.dir\/1\/files\/sites\/62\/2026\/03\/city-game-players-marktplein-ede.jpg","datePublished":"2026-03-13T16:13:39+00:00","dateModified":"2026-04-08T19:07:52+00:00","description":"Secrets of Ede. Gioca a un City Game autoguidato ed esplora la citt\u00e0 attraverso puzzle, indovinelli e sfide. Gioca al tuo ritmo e scopri come un abitante del luogo!","breadcrumb":{"@id":"https:\/\/testwebsite.citygame.com\/it\/games\/ede\/secrets-of-ede\/#breadcrumb"},"inLanguage":"it-IT","potentialAction":[{"@type":"ReadAction","target":["https:\/\/testwebsite.citygame.com\/it\/games\/ede\/secrets-of-ede\/"]}]},{"@type":"ImageObject","inLanguage":"it-IT","@id":"https:\/\/testwebsite.citygame.com\/it\/games\/ede\/secrets-of-ede\/#primaryimage","url":"https:\/\/testwebsite.citygame.com\/wp-content\/blogs.dir\/1\/files\/sites\/62\/2026\/03\/city-game-players-marktplein-ede.jpg","contentUrl":"https:\/\/testwebsite.citygame.com\/wp-content\/blogs.dir\/1\/files\/sites\/62\/2026\/03\/city-game-players-marktplein-ede.jpg","width":1024,"height":1024,"caption":"A group of friends collaborates on their smartphone while playing a game in Ede's city center."},{"@type":"BreadcrumbList","@id":"https:\/\/testwebsite.citygame.com\/it\/games\/ede\/secrets-of-ede\/#breadcrumb","itemListElement":[{"@type":"ListItem","position":1,"name":"Home","item":"https:\/\/testwebsite.citygame.com\/it\/"},{"@type":"ListItem","position":2,"name":"Shop","item":"https:\/\/testwebsite.citygame.com\/shop\/"},{"@type":"ListItem","position":3,"name":"Secrets of Ede"}]},{"@type":"WebSite","@id":"https:\/\/testwebsite.upevents.nl\/#website","url":"https:\/\/testwebsite.upevents.nl\/","name":"City Game","description":"","publisher":{"@id":"https:\/\/testwebsite.upevents.nl\/#organization"},"alternateName":"citygame.com","potentialAction":[{"@type":"SearchAction","target":{"@type":"EntryPoint","urlTemplate":"https:\/\/testwebsite.upevents.nl\/?s={search_term_string}"},"query-input":{"@type":"PropertyValueSpecification","valueRequired":true,"valueName":"search_term_string"}}],"inLanguage":"it-IT"},{"@type":["Organization","Place"],"@id":"https:\/\/testwebsite.upevents.nl\/#organization","name":"City Game","alternateName":"citygame.com","url":"https:\/\/testwebsite.upevents.nl\/","logo":{"@id":"https:\/\/testwebsite.citygame.com\/it\/games\/ede\/secrets-of-ede\/#local-main-organization-logo"},"image":{"@id":"https:\/\/testwebsite.citygame.com\/it\/games\/ede\/secrets-of-ede\/#local-main-organization-logo"},"sameAs":["https:\/\/www.facebook.com\/profile.php?id=100086426226253","https:\/\/www.instagram.com\/citygame_com","https:\/\/www.tiktok.com\/@citygamecom\/","https:\/\/www.linkedin.com\/company\/citygame-com"],"description":"Turn any city into a playground with our interactive City Games and self-guided tours. Fun, flexible, and ideal for groups and team building.","telephone":[],"openingHoursSpecification":[{"@type":"OpeningHoursSpecification","dayOfWeek":["Monday","Tuesday","Wednesday","Thursday","Friday","Saturday","Sunday"],"opens":"09:00","closes":"17:00"}]},{"@type":"ImageObject","inLanguage":"it-IT","@id":"https:\/\/testwebsite.citygame.com\/it\/games\/ede\/secrets-of-ede\/#local-main-organization-logo","url":"https:\/\/testwebsite.citygame.com\/wp-content\/blogs.dir\/1\/files\/sites\/62\/2025\/10\/CG_LOGO-City-Game.png","contentUrl":"https:\/\/testwebsite.citygame.com\/wp-content\/blogs.dir\/1\/files\/sites\/62\/2025\/10\/CG_LOGO-City-Game.png","width":351,"height":377,"caption":"City Game"}]}},"taxonomy_info":{"game-concept":[{"value":718,"label":"Secrets"}],"location":[{"value":151,"label":"Ede"}],"product_cat":[{"value":665,"label":"Senza categoria"}]},"featured_image_src_large":["https:\/\/testwebsite.citygame.com\/wp-content\/blogs.dir\/1\/files\/sites\/62\/2026\/03\/city-game-players-marktplein-ede.jpg",1024,1024,false],"author_info":[],"comment_info":"","_links":{"self":[{"href":"https:\/\/testwebsite.citygame.com\/it\/wp-json\/wp\/v2\/product\/66338","targetHints":{"allow":["GET"]}}],"collection":[{"href":"https:\/\/testwebsite.citygame.com\/it\/wp-json\/wp\/v2\/product"}],"about":[{"href":"https:\/\/testwebsite.citygame.com\/it\/wp-json\/wp\/v2\/types\/product"}],"acf:post":[{"embeddable":true,"href":"https:\/\/testwebsite.citygame.com\/it\/wp-json\/wp\/v2\/pages\/15794"}],"wp:featuredmedia":[{"embeddable":true,"href":"https:\/\/testwebsite.citygame.com\/it\/wp-json\/wp\/v2\/media\/18762"}],"wp:attachment":[{"href":"https:\/\/testwebsite.citygame.com\/it\/wp-json\/wp\/v2\/media?parent=66338"}],"wp:term":[{"taxonomy":"game-concept","embeddable":true,"href":"https:\/\/testwebsite.citygame.com\/it\/wp-json\/wp\/v2\/game-concept?post=66338"},{"taxonomy":"location","embeddable":true,"href":"https:\/\/testwebsite.citygame.com\/it\/wp-json\/wp\/v2\/location?post=66338"},{"taxonomy":"product_brand","embeddable":true,"href":"https:\/\/testwebsite.citygame.com\/it\/wp-json\/wp\/v2\/product_brand?post=66338"},{"taxonomy":"product_cat","embeddable":true,"href":"https:\/\/testwebsite.citygame.com\/it\/wp-json\/wp\/v2\/product_cat?post=66338"},{"taxonomy":"product_tag","embeddable":true,"href":"https:\/\/testwebsite.citygame.com\/it\/wp-json\/wp\/v2\/product_tag?post=66338"}],"curies":[{"name":"wp","href":"https:\/\/api.w.org\/{rel}","templated":true}]}}