{"id":64737,"date":"2026-02-06T11:54:32","date_gmt":"2026-02-06T11:54:32","guid":{"rendered":"https:\/\/testwebsite.citygame.com\/games\/unknown-location\/sherlock-holmes-puerto-princesa\/"},"modified":"2026-04-08T14:33:56","modified_gmt":"2026-04-08T14:33:56","slug":"sherlock-holmes-puerto-princesa","status":"publish","type":"product","link":"https:\/\/testwebsite.citygame.com\/it\/games\/puerto-princesa\/sherlock-holmes-puerto-princesa\/","title":{"rendered":"Sherlock Holmes Puerto Princesa"},"content":{"rendered":"<p>Entra nel mondo di Sherlock Holmes con questo City Game autoguidato, un mistero di omicidio basato sulla storia, ambientato nel centro di Puerto Princesa. Mentre la citt\u00e0 si trasforma nello sfondo di un&#8217;indagine in corso, seguirai una narrazione avvincente legata a un omicidio avvenuto durante il Liberty Festival. Raccogli indizi, risolvi intricati enigmi e interroga sospetti digitali al tuo ritmo, il tutto mentre ti immergi nel ruolo di detective in un mistero ricco di atmosfera.<\/p>\n","protected":false},"excerpt":{"rendered":"<p>Vesti i panni di Sherlock Holmes in questo avvincente mistero di omicidio autoguidato ambientato a Puerto Princesa. Insieme alla tua squadra, ti addentrerai nel cuore della citt\u00e0, seguendo indizi sfuggenti, risolvendo enigmi impegnativi e lavorando senza sosta per scoprire la verit\u00e0 &#8211; il gioco \u00e8 iniziato!<\/p>\n","protected":false},"featured_media":11249,"template":"","meta":{"_acf_changed":false,"_yoast_wpseo_focuskw":"Sherlock Holmes Puerto Princesa","_yoast_wpseo_metadesc":"Sherlock Holmes Puerto Princesa. Gioca a un City Game mistero di omicidio autoguidato, risolvi enigmi, segui indizi e scopri l'assassino al tuo ritmo!","_kad_blocks_custom_css":"","_kad_blocks_head_custom_js":"","_kad_blocks_body_custom_js":"","_kad_blocks_footer_custom_js":"","ghostkit_customizer_options":"","ghostkit_custom_css":"","ghostkit_custom_js_head":"","ghostkit_custom_js_foot":"","ghostkit_typography":"","_kad_post_transparent":"","_kad_post_title":"","_kad_post_layout":"","_kad_post_sidebar_id":"","_kad_post_content_style":"","_kad_post_vertical_padding":"","_kad_post_feature":"","_kad_post_feature_position":"","_kad_post_header":false,"_kad_post_footer":false,"_kad_post_classname":"","_links_to":"","_links_to_target":""},"game-concept":[779],"location":[335],"product_brand":[],"product_cat":[665],"product_tag":[],"class_list":{"0":"post-64737","1":"product","2":"type-product","3":"status-publish","4":"has-post-thumbnail","6":"game-concept-sherlock","7":"location-puerto-princesa","8":"product_cat-senza-categoria","10":"first","11":"instock","12":"shipping-taxable","13":"purchasable","14":"product-type-simple","15":"entry","16":"content-bg","17":"loop-entry"},"acf":{"full_bokun_product_name":"Puerto Princesa Self-Guided Sherlock Holmes Murder Mystery Game","location_name":"Puerto Princesa","bokun_calendar_widget_code":"<script type=\"text\/javascript\" src=\"https:\/\/widgets.bokun.io\/assets\/javascripts\/apps\/build\/BokunWidgetsLoader.js?bookingChannelUUID=a1e93e96-5232-4734-a595-28405f4b5a31\" async><\/script>\n     \n    <div class=\"bokunWidget\" data-src=\"https:\/\/widgets.bokun.io\/online-sales\/a1e93e96-5232-4734-a595-28405f4b5a31\/experience-calendar\/734179\"><\/div>\n    <noscript>Please enable javascript in your browser to book<\/noscript>","bokun_button_widget_code":"<script type=\"text\/javascript\" src=\"https:\/\/widgets.bokun.io\/assets\/javascripts\/apps\/build\/BokunWidgetsLoader.js?bookingChannelUUID=a1e93e96-5232-4734-a595-28405f4b5a31\" async><\/script>\n      <style> #bokun_ed001e45_5927_4f62_b470_ca766338d083 { display: inline-block; padding: .4em 1em; background: #47b82e; border-radius: 999999px; box-shadow: none; font-weight: 600; font-size: 24px; text-decoration: none; text-align: center; color: #FFFFFF; border:none; cursor: pointer; transition: background .2s ease; } #bokun_ed001e45_5927_4f62_b470_ca766338d083:hover{ background: #2f7b1f; } #bokun_ed001e45_5927_4f62_b470_ca766338d083:active{ background: #378f24; } <\/style> <button class=\"bokunButton\" disabled id=bokun_ed001e45_5927_4f62_b470_ca766338d083 data-src=\"https:\/\/widgets.bokun.io\/online-sales\/a1e93e96-5232-4734-a595-28405f4b5a31\/experience-calendar\/734179?partialView=1\" data-testid=\"widget-book-button\" > Book now <\/button> ","what_you\u2019ll_experience_during_the_game":"Immergiti in un'avvincente storia investigativa ambientata nelle strade di Puerto Princesa, dove un omicidio avvenuto durante il Liberty Festival ha sconvolto la citt\u00e0. Mentre l'indagine si sviluppa intorno a te, ogni luogo rivela nuovi strati di mistero, trascinandoti pi\u00f9 a fondo in un'esperienza completamente guidata dalla storia, plasmata dalle tue scelte e osservazioni.\n\nScoprirai indizi nascosti, risolverai enigmi intricati e affronterai colpi di scena inaspettati mentre interroghi sospetti digitali ed esamini attentamente i loro alibi alla ricerca di incongruenze. Per risolvere il caso, avrai bisogno di acuta osservazione, pensiero critico e un acuto istinto di deduzione. Che tu lavori da solo o in squadre che corrono per risolverlo per prime, l'esperienza si adatta al tuo ritmo. Metti in pausa in qualsiasi momento, riprendi da dove avevi interrotto e lascia che il mistero guidi i tuoi passi attraverso Puerto Princesa. La verit\u00e0 \u00e8 l\u00e0 fuori che ti aspetta \u2014 sta a te scoprirla.","how_to_play":"Gioca da solo o con amici, familiari o colleghi in squadre fino a quattro persone per dispositivo. Dopo la prenotazione, riceverai un'e-mail con le istruzioni e tutto ci\u00f2 di cui hai bisogno.","start_location":"Puerto Princesa, Puerto Princesa Sign","available_languages":["en","es","fr","de","it","nl"],"players_per_group":"1-4","duration":"1.5-2 hours","image_overlay_color_image":"https:\/\/testwebsite.citygame.com\/wp-content\/blogs.dir\/1\/files\/sites\/62\/2026\/01\/SherlockColor.svg","image_overlay_game_logo":"https:\/\/testwebsite.citygame.com\/wp-content\/blogs.dir\/1\/files\/sites\/62\/2026\/01\/SherlockLogo.png","city_page":11247,"woocommerce_general_content":null},"yoast_head":"<!-- This site is optimized with the Yoast SEO Premium plugin v26.2 (Yoast SEO v26.3) - https:\/\/yoast.com\/wordpress\/plugins\/seo\/ -->\n<title>Sherlock Holmes Puerto Princesa - City Game<\/title>\n<meta name=\"description\" content=\"Sherlock Holmes Puerto Princesa. Gioca a un City Game mistero di omicidio autoguidato, risolvi enigmi, segui indizi e scopri l&#039;assassino al tuo ritmo!\" \/>\n<meta name=\"robots\" content=\"noindex, follow, max-snippet:-1, max-image-preview:large, max-video-preview:-1\" \/>\n<meta property=\"og:locale\" content=\"it_IT\" \/>\n<meta property=\"og:type\" content=\"article\" \/>\n<meta property=\"og:title\" content=\"Sherlock Holmes Puerto Princesa\" \/>\n<meta property=\"og:description\" content=\"Sherlock Holmes Puerto Princesa. Gioca a un City Game mistero di omicidio autoguidato, risolvi enigmi, segui indizi e scopri l&#039;assassino al tuo ritmo!\" \/>\n<meta property=\"og:url\" content=\"https:\/\/testwebsite.citygame.com\/it\/games\/puerto-princesa\/sherlock-holmes-puerto-princesa\/\" \/>\n<meta property=\"og:site_name\" content=\"City Game\" \/>\n<meta property=\"article:publisher\" content=\"https:\/\/www.facebook.com\/profile.php?id=100086426226253\" \/>\n<meta property=\"article:modified_time\" content=\"2026-04-08T14:33:56+00:00\" \/>\n<meta property=\"og:image\" content=\"https:\/\/testwebsite.citygame.com\/wp-content\/blogs.dir\/1\/files\/sites\/62\/2026\/02\/sherlock-game-players-smartphone-cobblestone-street.jpg\" \/>\n\t<meta property=\"og:image:width\" content=\"1344\" \/>\n\t<meta property=\"og:image:height\" content=\"768\" \/>\n\t<meta property=\"og:image:type\" content=\"image\/jpeg\" \/>\n<meta name=\"twitter:card\" content=\"summary_large_image\" \/>\n<script type=\"application\/ld+json\" class=\"yoast-schema-graph\">{\"@context\":\"https:\/\/schema.org\",\"@graph\":[{\"@type\":\"WebPage\",\"@id\":\"https:\/\/testwebsite.citygame.com\/it\/games\/puerto-princesa\/sherlock-holmes-puerto-princesa\/\",\"url\":\"https:\/\/testwebsite.citygame.com\/it\/games\/puerto-princesa\/sherlock-holmes-puerto-princesa\/\",\"name\":\"Sherlock Holmes Puerto Princesa - City Game\",\"isPartOf\":{\"@id\":\"https:\/\/testwebsite.upevents.nl\/#website\"},\"primaryImageOfPage\":{\"@id\":\"https:\/\/testwebsite.citygame.com\/it\/games\/puerto-princesa\/sherlock-holmes-puerto-princesa\/#primaryimage\"},\"image\":{\"@id\":\"https:\/\/testwebsite.citygame.com\/it\/games\/puerto-princesa\/sherlock-holmes-puerto-princesa\/#primaryimage\"},\"thumbnailUrl\":\"https:\/\/testwebsite.citygame.com\/wp-content\/blogs.dir\/1\/files\/sites\/62\/2026\/02\/sherlock-game-players-smartphone-cobblestone-street.jpg\",\"datePublished\":\"2026-02-06T11:54:32+00:00\",\"dateModified\":\"2026-04-08T14:33:56+00:00\",\"description\":\"Sherlock Holmes Puerto Princesa. Gioca a un City Game mistero di omicidio autoguidato, risolvi enigmi, segui indizi e scopri l'assassino al tuo ritmo!\",\"breadcrumb\":{\"@id\":\"https:\/\/testwebsite.citygame.com\/it\/games\/puerto-princesa\/sherlock-holmes-puerto-princesa\/#breadcrumb\"},\"inLanguage\":\"it-IT\",\"potentialAction\":[{\"@type\":\"ReadAction\",\"target\":[\"https:\/\/testwebsite.citygame.com\/it\/games\/puerto-princesa\/sherlock-holmes-puerto-princesa\/\"]}]},{\"@type\":\"ImageObject\",\"inLanguage\":\"it-IT\",\"@id\":\"https:\/\/testwebsite.citygame.com\/it\/games\/puerto-princesa\/sherlock-holmes-puerto-princesa\/#primaryimage\",\"url\":\"https:\/\/testwebsite.citygame.com\/wp-content\/blogs.dir\/1\/files\/sites\/62\/2026\/02\/sherlock-game-players-smartphone-cobblestone-street.jpg\",\"contentUrl\":\"https:\/\/testwebsite.citygame.com\/wp-content\/blogs.dir\/1\/files\/sites\/62\/2026\/02\/sherlock-game-players-smartphone-cobblestone-street.jpg\",\"width\":1344,\"height\":768,\"caption\":\"Four young adults gather around a smartphone to play an outdoor discovery game together.\"},{\"@type\":\"BreadcrumbList\",\"@id\":\"https:\/\/testwebsite.citygame.com\/it\/games\/puerto-princesa\/sherlock-holmes-puerto-princesa\/#breadcrumb\",\"itemListElement\":[{\"@type\":\"ListItem\",\"position\":1,\"name\":\"Home\",\"item\":\"https:\/\/testwebsite.citygame.com\/it\/\"},{\"@type\":\"ListItem\",\"position\":2,\"name\":\"Shop\",\"item\":\"https:\/\/testwebsite.citygame.com\/shop\/\"},{\"@type\":\"ListItem\",\"position\":3,\"name\":\"Sherlock Holmes Puerto Princesa\"}]},{\"@type\":\"WebSite\",\"@id\":\"https:\/\/testwebsite.upevents.nl\/#website\",\"url\":\"https:\/\/testwebsite.upevents.nl\/\",\"name\":\"City Game\",\"description\":\"\",\"publisher\":{\"@id\":\"https:\/\/testwebsite.upevents.nl\/#organization\"},\"alternateName\":\"citygame.com\",\"potentialAction\":[{\"@type\":\"SearchAction\",\"target\":{\"@type\":\"EntryPoint\",\"urlTemplate\":\"https:\/\/testwebsite.upevents.nl\/?s={search_term_string}\"},\"query-input\":{\"@type\":\"PropertyValueSpecification\",\"valueRequired\":true,\"valueName\":\"search_term_string\"}}],\"inLanguage\":\"it-IT\"},{\"@type\":[\"Organization\",\"Place\"],\"@id\":\"https:\/\/testwebsite.upevents.nl\/#organization\",\"name\":\"City Game\",\"alternateName\":\"citygame.com\",\"url\":\"https:\/\/testwebsite.upevents.nl\/\",\"logo\":{\"@id\":\"https:\/\/testwebsite.citygame.com\/it\/games\/puerto-princesa\/sherlock-holmes-puerto-princesa\/#local-main-organization-logo\"},\"image\":{\"@id\":\"https:\/\/testwebsite.citygame.com\/it\/games\/puerto-princesa\/sherlock-holmes-puerto-princesa\/#local-main-organization-logo\"},\"sameAs\":[\"https:\/\/www.facebook.com\/profile.php?id=100086426226253\",\"https:\/\/www.instagram.com\/citygame_com\",\"https:\/\/www.tiktok.com\/@citygamecom\/\",\"https:\/\/www.linkedin.com\/company\/citygame-com\"],\"description\":\"Turn any city into a playground with our interactive City Games and self-guided tours. Fun, flexible, and ideal for groups and team building.\",\"telephone\":[],\"openingHoursSpecification\":[{\"@type\":\"OpeningHoursSpecification\",\"dayOfWeek\":[\"Monday\",\"Tuesday\",\"Wednesday\",\"Thursday\",\"Friday\",\"Saturday\",\"Sunday\"],\"opens\":\"09:00\",\"closes\":\"17:00\"}]},{\"@type\":\"ImageObject\",\"inLanguage\":\"it-IT\",\"@id\":\"https:\/\/testwebsite.citygame.com\/it\/games\/puerto-princesa\/sherlock-holmes-puerto-princesa\/#local-main-organization-logo\",\"url\":\"https:\/\/testwebsite.citygame.com\/wp-content\/blogs.dir\/1\/files\/sites\/62\/2025\/10\/CG_LOGO-City-Game.png\",\"contentUrl\":\"https:\/\/testwebsite.citygame.com\/wp-content\/blogs.dir\/1\/files\/sites\/62\/2025\/10\/CG_LOGO-City-Game.png\",\"width\":351,\"height\":377,\"caption\":\"City Game\"}]}<\/script>\n<!-- \/ Yoast SEO Premium plugin. -->","yoast_head_json":{"title":"Sherlock Holmes Puerto Princesa - City Game","description":"Sherlock Holmes Puerto Princesa. Gioca a un City Game mistero di omicidio autoguidato, risolvi enigmi, segui indizi e scopri l'assassino al tuo ritmo!","robots":{"index":"noindex","follow":"follow","max-snippet":"max-snippet:-1","max-image-preview":"max-image-preview:large","max-video-preview":"max-video-preview:-1"},"og_locale":"it_IT","og_type":"article","og_title":"Sherlock Holmes Puerto Princesa","og_description":"Sherlock Holmes Puerto Princesa. Gioca a un City Game mistero di omicidio autoguidato, risolvi enigmi, segui indizi e scopri l'assassino al tuo ritmo!","og_url":"https:\/\/testwebsite.citygame.com\/it\/games\/puerto-princesa\/sherlock-holmes-puerto-princesa\/","og_site_name":"City Game","article_publisher":"https:\/\/www.facebook.com\/profile.php?id=100086426226253","article_modified_time":"2026-04-08T14:33:56+00:00","og_image":[{"width":1344,"height":768,"url":"https:\/\/testwebsite.citygame.com\/wp-content\/blogs.dir\/1\/files\/sites\/62\/2026\/02\/sherlock-game-players-smartphone-cobblestone-street.jpg","type":"image\/jpeg"}],"twitter_card":"summary_large_image","schema":{"@context":"https:\/\/schema.org","@graph":[{"@type":"WebPage","@id":"https:\/\/testwebsite.citygame.com\/it\/games\/puerto-princesa\/sherlock-holmes-puerto-princesa\/","url":"https:\/\/testwebsite.citygame.com\/it\/games\/puerto-princesa\/sherlock-holmes-puerto-princesa\/","name":"Sherlock Holmes Puerto Princesa - City Game","isPartOf":{"@id":"https:\/\/testwebsite.upevents.nl\/#website"},"primaryImageOfPage":{"@id":"https:\/\/testwebsite.citygame.com\/it\/games\/puerto-princesa\/sherlock-holmes-puerto-princesa\/#primaryimage"},"image":{"@id":"https:\/\/testwebsite.citygame.com\/it\/games\/puerto-princesa\/sherlock-holmes-puerto-princesa\/#primaryimage"},"thumbnailUrl":"https:\/\/testwebsite.citygame.com\/wp-content\/blogs.dir\/1\/files\/sites\/62\/2026\/02\/sherlock-game-players-smartphone-cobblestone-street.jpg","datePublished":"2026-02-06T11:54:32+00:00","dateModified":"2026-04-08T14:33:56+00:00","description":"Sherlock Holmes Puerto Princesa. Gioca a un City Game mistero di omicidio autoguidato, risolvi enigmi, segui indizi e scopri l'assassino al tuo ritmo!","breadcrumb":{"@id":"https:\/\/testwebsite.citygame.com\/it\/games\/puerto-princesa\/sherlock-holmes-puerto-princesa\/#breadcrumb"},"inLanguage":"it-IT","potentialAction":[{"@type":"ReadAction","target":["https:\/\/testwebsite.citygame.com\/it\/games\/puerto-princesa\/sherlock-holmes-puerto-princesa\/"]}]},{"@type":"ImageObject","inLanguage":"it-IT","@id":"https:\/\/testwebsite.citygame.com\/it\/games\/puerto-princesa\/sherlock-holmes-puerto-princesa\/#primaryimage","url":"https:\/\/testwebsite.citygame.com\/wp-content\/blogs.dir\/1\/files\/sites\/62\/2026\/02\/sherlock-game-players-smartphone-cobblestone-street.jpg","contentUrl":"https:\/\/testwebsite.citygame.com\/wp-content\/blogs.dir\/1\/files\/sites\/62\/2026\/02\/sherlock-game-players-smartphone-cobblestone-street.jpg","width":1344,"height":768,"caption":"Four young adults gather around a smartphone to play an outdoor discovery game together."},{"@type":"BreadcrumbList","@id":"https:\/\/testwebsite.citygame.com\/it\/games\/puerto-princesa\/sherlock-holmes-puerto-princesa\/#breadcrumb","itemListElement":[{"@type":"ListItem","position":1,"name":"Home","item":"https:\/\/testwebsite.citygame.com\/it\/"},{"@type":"ListItem","position":2,"name":"Shop","item":"https:\/\/testwebsite.citygame.com\/shop\/"},{"@type":"ListItem","position":3,"name":"Sherlock Holmes Puerto Princesa"}]},{"@type":"WebSite","@id":"https:\/\/testwebsite.upevents.nl\/#website","url":"https:\/\/testwebsite.upevents.nl\/","name":"City Game","description":"","publisher":{"@id":"https:\/\/testwebsite.upevents.nl\/#organization"},"alternateName":"citygame.com","potentialAction":[{"@type":"SearchAction","target":{"@type":"EntryPoint","urlTemplate":"https:\/\/testwebsite.upevents.nl\/?s={search_term_string}"},"query-input":{"@type":"PropertyValueSpecification","valueRequired":true,"valueName":"search_term_string"}}],"inLanguage":"it-IT"},{"@type":["Organization","Place"],"@id":"https:\/\/testwebsite.upevents.nl\/#organization","name":"City Game","alternateName":"citygame.com","url":"https:\/\/testwebsite.upevents.nl\/","logo":{"@id":"https:\/\/testwebsite.citygame.com\/it\/games\/puerto-princesa\/sherlock-holmes-puerto-princesa\/#local-main-organization-logo"},"image":{"@id":"https:\/\/testwebsite.citygame.com\/it\/games\/puerto-princesa\/sherlock-holmes-puerto-princesa\/#local-main-organization-logo"},"sameAs":["https:\/\/www.facebook.com\/profile.php?id=100086426226253","https:\/\/www.instagram.com\/citygame_com","https:\/\/www.tiktok.com\/@citygamecom\/","https:\/\/www.linkedin.com\/company\/citygame-com"],"description":"Turn any city into a playground with our interactive City Games and self-guided tours. Fun, flexible, and ideal for groups and team building.","telephone":[],"openingHoursSpecification":[{"@type":"OpeningHoursSpecification","dayOfWeek":["Monday","Tuesday","Wednesday","Thursday","Friday","Saturday","Sunday"],"opens":"09:00","closes":"17:00"}]},{"@type":"ImageObject","inLanguage":"it-IT","@id":"https:\/\/testwebsite.citygame.com\/it\/games\/puerto-princesa\/sherlock-holmes-puerto-princesa\/#local-main-organization-logo","url":"https:\/\/testwebsite.citygame.com\/wp-content\/blogs.dir\/1\/files\/sites\/62\/2025\/10\/CG_LOGO-City-Game.png","contentUrl":"https:\/\/testwebsite.citygame.com\/wp-content\/blogs.dir\/1\/files\/sites\/62\/2025\/10\/CG_LOGO-City-Game.png","width":351,"height":377,"caption":"City Game"}]}},"taxonomy_info":{"game-concept":[{"value":779,"label":"Sherlock"}],"location":[{"value":335,"label":"Puerto Princesa"}],"product_cat":[{"value":665,"label":"Senza categoria"}]},"featured_image_src_large":["https:\/\/testwebsite.citygame.com\/wp-content\/blogs.dir\/1\/files\/sites\/62\/2026\/02\/sherlock-game-players-smartphone-cobblestone-street-1024x585.jpg",1024,585,true],"author_info":[],"comment_info":"","_links":{"self":[{"href":"https:\/\/testwebsite.citygame.com\/it\/wp-json\/wp\/v2\/product\/64737","targetHints":{"allow":["GET"]}}],"collection":[{"href":"https:\/\/testwebsite.citygame.com\/it\/wp-json\/wp\/v2\/product"}],"about":[{"href":"https:\/\/testwebsite.citygame.com\/it\/wp-json\/wp\/v2\/types\/product"}],"acf:post":[{"embeddable":true,"href":"https:\/\/testwebsite.citygame.com\/it\/wp-json\/wp\/v2\/pages\/11247"}],"wp:featuredmedia":[{"embeddable":true,"href":"https:\/\/testwebsite.citygame.com\/it\/wp-json\/wp\/v2\/media\/11249"}],"wp:attachment":[{"href":"https:\/\/testwebsite.citygame.com\/it\/wp-json\/wp\/v2\/media?parent=64737"}],"wp:term":[{"taxonomy":"game-concept","embeddable":true,"href":"https:\/\/testwebsite.citygame.com\/it\/wp-json\/wp\/v2\/game-concept?post=64737"},{"taxonomy":"location","embeddable":true,"href":"https:\/\/testwebsite.citygame.com\/it\/wp-json\/wp\/v2\/location?post=64737"},{"taxonomy":"product_brand","embeddable":true,"href":"https:\/\/testwebsite.citygame.com\/it\/wp-json\/wp\/v2\/product_brand?post=64737"},{"taxonomy":"product_cat","embeddable":true,"href":"https:\/\/testwebsite.citygame.com\/it\/wp-json\/wp\/v2\/product_cat?post=64737"},{"taxonomy":"product_tag","embeddable":true,"href":"https:\/\/testwebsite.citygame.com\/it\/wp-json\/wp\/v2\/product_tag?post=64737"}],"curies":[{"name":"wp","href":"https:\/\/api.w.org\/{rel}","templated":true}]}}