{"id":64535,"date":"2026-03-13T11:10:58","date_gmt":"2026-03-13T11:10:58","guid":{"rendered":"https:\/\/testwebsite.citygame.com\/games\/unknown-location\/secrets-of-zaanse-schans\/"},"modified":"2026-04-08T14:08:28","modified_gmt":"2026-04-08T14:08:28","slug":"secrets-of-zaanse-schans","status":"publish","type":"product","link":"https:\/\/testwebsite.citygame.com\/it\/games\/zaanse-schans\/secrets-of-zaanse-schans\/","title":{"rendered":"Secrets of Zaanse Schans"},"content":{"rendered":"<p>Imbarcati in un&#8217;incredibile esplorazione con il &#8216;Secrets of Zaanse Schans City Game&#8217;, un gioco autoguidato basato su GPS che si svolge in un&#8217;area specifica di Zaanse Schans. I giocatori, armati dei loro smartphone, si avventurano attraverso la pittoresca citt\u00e0 affrontando enigmi stimolanti, indovinelli coinvolgenti e sfide fotografiche creative. Mentre attraversano incantevoli mulini a vento e case pittoresche, questo city game svela la ricca storia, la cultura affascinante e le sfumature nascoste che definiscono Zaanse Schans. Adatto sia ai locali che ai visitatori, il gioco offre una prospettiva interessante sulla citt\u00e0, sia che tu sia un esploratore solitario o che ti diverta con un partner, in famiglia o con un gruppo di amici. Connettiti, impara e divertiti mentre ti immergi nel cuore di Zaanse Schans con questo coinvolgente city game.<\/p>\n","protected":false},"excerpt":{"rendered":"<p>Scopri Zaanse Schans, il cuore pulsante del patrimonio olandese! Imbarcati in un&#8217;avventura epica attraverso il tempo; dal rassicurante ronzio dei mulini a vento al distinto profumo di fave di cacao, dove ogni angolo caratteristico sussurra segreti secolari e l&#8217;innovazione \u00e8 scolpita negli zoccoli di legno &#8211; questo gioco \u00e8 il tuo portale nel passato ispiratore dell&#8217;Olanda!<\/p>\n","protected":false},"featured_media":18503,"template":"","meta":{"_acf_changed":false,"_yoast_wpseo_focuskw":"Secrets of Zaanse Schans","_yoast_wpseo_metadesc":"Secrets of Zaanse Schans. Gioca a un City Game autoguidato ed esplora la citt\u00e0 attraverso enigmi, indovinelli e sfide. Gioca al tuo ritmo e scopri come un abitante del luogo!","_kad_blocks_custom_css":"","_kad_blocks_head_custom_js":"","_kad_blocks_body_custom_js":"","_kad_blocks_footer_custom_js":"","ghostkit_customizer_options":"","ghostkit_custom_css":"","ghostkit_custom_js_head":"","ghostkit_custom_js_foot":"","ghostkit_typography":"","_kad_post_transparent":"","_kad_post_title":"","_kad_post_layout":"","_kad_post_sidebar_id":"","_kad_post_content_style":"","_kad_post_vertical_padding":"","_kad_post_feature":"","_kad_post_feature_position":"","_kad_post_header":false,"_kad_post_footer":false,"_kad_post_classname":"","_links_to":"","_links_to_target":""},"game-concept":[718],"location":[615],"product_brand":[],"product_cat":[665],"product_tag":[],"class_list":{"0":"post-64535","1":"product","2":"type-product","3":"status-publish","4":"has-post-thumbnail","6":"game-concept-secrets","7":"location-zaanse-schans","8":"product_cat-senza-categoria","10":"first","11":"instock","12":"shipping-taxable","13":"purchasable","14":"product-type-simple","15":"entry","16":"content-bg","17":"loop-entry"},"acf":{"full_bokun_product_name":"Self-Guided Secrets of Zaanse Schans Exploration Game","location_name":"Zaanse Schans","bokun_calendar_widget_code":"<script type=\"text\/javascript\" src=\"https:\/\/widgets.bokun.io\/assets\/javascripts\/apps\/build\/BokunWidgetsLoader.js?bookingChannelUUID=a1e93e96-5232-4734-a595-28405f4b5a31\" async><\/script>\n     \n    <div class=\"bokunWidget\" data-src=\"https:\/\/widgets.bokun.io\/online-sales\/a1e93e96-5232-4734-a595-28405f4b5a31\/experience-calendar\/954029\"><\/div>\n    <noscript>Please enable javascript in your browser to book<\/noscript>","bokun_button_widget_code":"<script type=\"text\/javascript\" src=\"https:\/\/widgets.bokun.io\/assets\/javascripts\/apps\/build\/BokunWidgetsLoader.js?bookingChannelUUID=a1e93e96-5232-4734-a595-28405f4b5a31\" async><\/script>\n      <style> #bokun_ed001e45_5927_4f62_b470_ca766338d083 { display: inline-block; padding: .4em 1em; background: #47b82e; border-radius: 999999px; box-shadow: none; font-weight: 600; font-size: 24px; text-decoration: none; text-align: center; color: #FFFFFF; border:none; cursor: pointer; transition: background .2s ease; } #bokun_ed001e45_5927_4f62_b470_ca766338d083:hover{ background: #2f7b1f; } #bokun_ed001e45_5927_4f62_b470_ca766338d083:active{ background: #378f24; } <\/style> <button class=\"bokunButton\" disabled id=bokun_ed001e45_5927_4f62_b470_ca766338d083 data-src=\"https:\/\/widgets.bokun.io\/online-sales\/a1e93e96-5232-4734-a595-28405f4b5a31\/experience-calendar\/954029?partialView=1\" data-testid=\"widget-book-button\" > Book now <\/button> ","what_you\u2019ll_experience_during_the_game":"Immergiti nelle affascinanti viste e storie di Zaanse Schans mentre ti impegni con il nostro unico City Game. Questa avvincente avventura fonde sapientemente l'esplorazione storica con una narrativa coinvolgente, presentando un mix di luoghi ben noti e gemme nascoste. Mentre viaggi attraverso l'incantevole villaggio dei mulini a vento, scopri storie affascinanti di punti salienti notevoli come le icone olandesi, le classiche case di legno e gli incantevoli canali d'acqua per cui questa regione \u00e8 rinomata. Sebbene il gioco non segua un percorso prestabilito, ogni passo che farai dar\u00e0 vita al cuore dell'incantevole Zaanse Schans.\n\nOgni svolta del gioco ti porter\u00e0 a svelare misteri e risolvere enigmi intriganti. Avventurati tra i vicoli del borgo del XVIII secolo ben conservato e abbraccia la ricca cultura e storia che si intreccia in ogni indovinello che risolvi. Ogni sfida vinta accumuler\u00e0 punti, sbloccando gradualmente indizi mentre ti avvicini alla grande rivelazione del mistero finale. Che tu sia un appassionato che ama prendersi delle pause o un esploratore impaziente, puoi tracciare il tuo percorso e progredire al tuo ritmo, puntando anche a un punteggio elevato nella classifica. \u00c8 pi\u00f9 di un semplice gioco di esplorazione; \u00e8 un viaggio accattivante attraverso gli angoli magici di Zaanse Schans.","how_to_play":"Prenota l'Exploration Game, controlla l'email che ti invieremo con le semplici istruzioni, scarica l'App Loquiz, accedi all'Exploration Game e sarai pronto per iniziare la tua esperienza di gioco!","start_location":"Zaandam, Zaans Museum","available_languages":["en"],"players_per_group":"1-4","duration":"1.5-2 hours","image_overlay_color_image":"https:\/\/testwebsite.citygame.com\/wp-content\/blogs.dir\/1\/files\/sites\/62\/2026\/01\/SecretsColor.svg","image_overlay_game_logo":"https:\/\/testwebsite.citygame.com\/wp-content\/blogs.dir\/1\/files\/sites\/62\/2026\/01\/SecretsLogo.png","city_page":15893,"woocommerce_general_content":null},"yoast_head":"<!-- This site is optimized with the Yoast SEO Premium plugin v26.2 (Yoast SEO v26.3) - https:\/\/yoast.com\/wordpress\/plugins\/seo\/ -->\n<title>Secrets of Zaanse Schans - City Game<\/title>\n<meta name=\"description\" content=\"Secrets of Zaanse Schans. Gioca a un City Game autoguidato ed esplora la citt\u00e0 attraverso enigmi, indovinelli e sfide. Gioca al tuo ritmo e scopri come un abitante del luogo!\" \/>\n<meta name=\"robots\" content=\"noindex, follow, max-snippet:-1, max-image-preview:large, max-video-preview:-1\" \/>\n<meta property=\"og:locale\" content=\"it_IT\" \/>\n<meta property=\"og:type\" content=\"article\" \/>\n<meta property=\"og:title\" content=\"Secrets of Zaanse Schans\" \/>\n<meta property=\"og:description\" content=\"Secrets of Zaanse Schans. Gioca a un City Game autoguidato ed esplora la citt\u00e0 attraverso enigmi, indovinelli e sfide. Gioca al tuo ritmo e scopri come un abitante del luogo!\" \/>\n<meta property=\"og:url\" content=\"https:\/\/testwebsite.citygame.com\/it\/games\/zaanse-schans\/secrets-of-zaanse-schans\/\" \/>\n<meta property=\"og:site_name\" content=\"City Game\" \/>\n<meta property=\"article:publisher\" content=\"https:\/\/www.facebook.com\/profile.php?id=100086426226253\" \/>\n<meta property=\"article:modified_time\" content=\"2026-04-08T14:08:28+00:00\" \/>\n<meta property=\"og:image\" content=\"https:\/\/testwebsite.citygame.com\/wp-content\/blogs.dir\/1\/files\/sites\/62\/2026\/03\/zaanse-schans-woman-playing-game-on-viewpoint.jpg\" \/>\n\t<meta property=\"og:image:width\" content=\"1024\" \/>\n\t<meta property=\"og:image:height\" content=\"1024\" \/>\n\t<meta property=\"og:image:type\" content=\"image\/jpeg\" \/>\n<meta name=\"twitter:card\" content=\"summary_large_image\" \/>\n<meta name=\"twitter:label1\" content=\"Tempo di lettura stimato\" \/>\n\t<meta name=\"twitter:data1\" content=\"1 minuto\" \/>\n<script type=\"application\/ld+json\" class=\"yoast-schema-graph\">{\"@context\":\"https:\/\/schema.org\",\"@graph\":[{\"@type\":\"WebPage\",\"@id\":\"https:\/\/testwebsite.citygame.com\/it\/games\/zaanse-schans\/secrets-of-zaanse-schans\/\",\"url\":\"https:\/\/testwebsite.citygame.com\/it\/games\/zaanse-schans\/secrets-of-zaanse-schans\/\",\"name\":\"Secrets of Zaanse Schans - City Game\",\"isPartOf\":{\"@id\":\"https:\/\/testwebsite.upevents.nl\/#website\"},\"primaryImageOfPage\":{\"@id\":\"https:\/\/testwebsite.citygame.com\/it\/games\/zaanse-schans\/secrets-of-zaanse-schans\/#primaryimage\"},\"image\":{\"@id\":\"https:\/\/testwebsite.citygame.com\/it\/games\/zaanse-schans\/secrets-of-zaanse-schans\/#primaryimage\"},\"thumbnailUrl\":\"https:\/\/testwebsite.citygame.com\/wp-content\/blogs.dir\/1\/files\/sites\/62\/2026\/03\/zaanse-schans-woman-playing-game-on-viewpoint.jpg\",\"datePublished\":\"2026-03-13T11:10:58+00:00\",\"dateModified\":\"2026-04-08T14:08:28+00:00\",\"description\":\"Secrets of Zaanse Schans. Gioca a un City Game autoguidato ed esplora la citt\u00e0 attraverso enigmi, indovinelli e sfide. Gioca al tuo ritmo e scopri come un abitante del luogo!\",\"breadcrumb\":{\"@id\":\"https:\/\/testwebsite.citygame.com\/it\/games\/zaanse-schans\/secrets-of-zaanse-schans\/#breadcrumb\"},\"inLanguage\":\"it-IT\",\"potentialAction\":[{\"@type\":\"ReadAction\",\"target\":[\"https:\/\/testwebsite.citygame.com\/it\/games\/zaanse-schans\/secrets-of-zaanse-schans\/\"]}]},{\"@type\":\"ImageObject\",\"inLanguage\":\"it-IT\",\"@id\":\"https:\/\/testwebsite.citygame.com\/it\/games\/zaanse-schans\/secrets-of-zaanse-schans\/#primaryimage\",\"url\":\"https:\/\/testwebsite.citygame.com\/wp-content\/blogs.dir\/1\/files\/sites\/62\/2026\/03\/zaanse-schans-woman-playing-game-on-viewpoint.jpg\",\"contentUrl\":\"https:\/\/testwebsite.citygame.com\/wp-content\/blogs.dir\/1\/files\/sites\/62\/2026\/03\/zaanse-schans-woman-playing-game-on-viewpoint.jpg\",\"width\":1024,\"height\":1024,\"caption\":\"A player uses a smartphone to navigate the scenic landscape of Zaanse Schans on a sunny day.\"},{\"@type\":\"BreadcrumbList\",\"@id\":\"https:\/\/testwebsite.citygame.com\/it\/games\/zaanse-schans\/secrets-of-zaanse-schans\/#breadcrumb\",\"itemListElement\":[{\"@type\":\"ListItem\",\"position\":1,\"name\":\"Home\",\"item\":\"https:\/\/testwebsite.citygame.com\/it\/\"},{\"@type\":\"ListItem\",\"position\":2,\"name\":\"Shop\",\"item\":\"https:\/\/testwebsite.citygame.com\/shop\/\"},{\"@type\":\"ListItem\",\"position\":3,\"name\":\"Secrets of Zaanse Schans\"}]},{\"@type\":\"WebSite\",\"@id\":\"https:\/\/testwebsite.upevents.nl\/#website\",\"url\":\"https:\/\/testwebsite.upevents.nl\/\",\"name\":\"City Game\",\"description\":\"\",\"publisher\":{\"@id\":\"https:\/\/testwebsite.upevents.nl\/#organization\"},\"alternateName\":\"citygame.com\",\"potentialAction\":[{\"@type\":\"SearchAction\",\"target\":{\"@type\":\"EntryPoint\",\"urlTemplate\":\"https:\/\/testwebsite.upevents.nl\/?s={search_term_string}\"},\"query-input\":{\"@type\":\"PropertyValueSpecification\",\"valueRequired\":true,\"valueName\":\"search_term_string\"}}],\"inLanguage\":\"it-IT\"},{\"@type\":[\"Organization\",\"Place\"],\"@id\":\"https:\/\/testwebsite.upevents.nl\/#organization\",\"name\":\"City Game\",\"alternateName\":\"citygame.com\",\"url\":\"https:\/\/testwebsite.upevents.nl\/\",\"logo\":{\"@id\":\"https:\/\/testwebsite.citygame.com\/it\/games\/zaanse-schans\/secrets-of-zaanse-schans\/#local-main-organization-logo\"},\"image\":{\"@id\":\"https:\/\/testwebsite.citygame.com\/it\/games\/zaanse-schans\/secrets-of-zaanse-schans\/#local-main-organization-logo\"},\"sameAs\":[\"https:\/\/www.facebook.com\/profile.php?id=100086426226253\",\"https:\/\/www.instagram.com\/citygame_com\",\"https:\/\/www.tiktok.com\/@citygamecom\/\",\"https:\/\/www.linkedin.com\/company\/citygame-com\"],\"description\":\"Turn any city into a playground with our interactive City Games and self-guided tours. Fun, flexible, and ideal for groups and team building.\",\"telephone\":[],\"openingHoursSpecification\":[{\"@type\":\"OpeningHoursSpecification\",\"dayOfWeek\":[\"Monday\",\"Tuesday\",\"Wednesday\",\"Thursday\",\"Friday\",\"Saturday\",\"Sunday\"],\"opens\":\"09:00\",\"closes\":\"17:00\"}]},{\"@type\":\"ImageObject\",\"inLanguage\":\"it-IT\",\"@id\":\"https:\/\/testwebsite.citygame.com\/it\/games\/zaanse-schans\/secrets-of-zaanse-schans\/#local-main-organization-logo\",\"url\":\"https:\/\/testwebsite.citygame.com\/wp-content\/blogs.dir\/1\/files\/sites\/62\/2025\/10\/CG_LOGO-City-Game.png\",\"contentUrl\":\"https:\/\/testwebsite.citygame.com\/wp-content\/blogs.dir\/1\/files\/sites\/62\/2025\/10\/CG_LOGO-City-Game.png\",\"width\":351,\"height\":377,\"caption\":\"City Game\"}]}<\/script>\n<!-- \/ Yoast SEO Premium plugin. -->","yoast_head_json":{"title":"Secrets of Zaanse Schans - City Game","description":"Secrets of Zaanse Schans. Gioca a un City Game autoguidato ed esplora la citt\u00e0 attraverso enigmi, indovinelli e sfide. Gioca al tuo ritmo e scopri come un abitante del luogo!","robots":{"index":"noindex","follow":"follow","max-snippet":"max-snippet:-1","max-image-preview":"max-image-preview:large","max-video-preview":"max-video-preview:-1"},"og_locale":"it_IT","og_type":"article","og_title":"Secrets of Zaanse Schans","og_description":"Secrets of Zaanse Schans. Gioca a un City Game autoguidato ed esplora la citt\u00e0 attraverso enigmi, indovinelli e sfide. Gioca al tuo ritmo e scopri come un abitante del luogo!","og_url":"https:\/\/testwebsite.citygame.com\/it\/games\/zaanse-schans\/secrets-of-zaanse-schans\/","og_site_name":"City Game","article_publisher":"https:\/\/www.facebook.com\/profile.php?id=100086426226253","article_modified_time":"2026-04-08T14:08:28+00:00","og_image":[{"width":1024,"height":1024,"url":"https:\/\/testwebsite.citygame.com\/wp-content\/blogs.dir\/1\/files\/sites\/62\/2026\/03\/zaanse-schans-woman-playing-game-on-viewpoint.jpg","type":"image\/jpeg"}],"twitter_card":"summary_large_image","twitter_misc":{"Tempo di lettura stimato":"1 minuto"},"schema":{"@context":"https:\/\/schema.org","@graph":[{"@type":"WebPage","@id":"https:\/\/testwebsite.citygame.com\/it\/games\/zaanse-schans\/secrets-of-zaanse-schans\/","url":"https:\/\/testwebsite.citygame.com\/it\/games\/zaanse-schans\/secrets-of-zaanse-schans\/","name":"Secrets of Zaanse Schans - City Game","isPartOf":{"@id":"https:\/\/testwebsite.upevents.nl\/#website"},"primaryImageOfPage":{"@id":"https:\/\/testwebsite.citygame.com\/it\/games\/zaanse-schans\/secrets-of-zaanse-schans\/#primaryimage"},"image":{"@id":"https:\/\/testwebsite.citygame.com\/it\/games\/zaanse-schans\/secrets-of-zaanse-schans\/#primaryimage"},"thumbnailUrl":"https:\/\/testwebsite.citygame.com\/wp-content\/blogs.dir\/1\/files\/sites\/62\/2026\/03\/zaanse-schans-woman-playing-game-on-viewpoint.jpg","datePublished":"2026-03-13T11:10:58+00:00","dateModified":"2026-04-08T14:08:28+00:00","description":"Secrets of Zaanse Schans. Gioca a un City Game autoguidato ed esplora la citt\u00e0 attraverso enigmi, indovinelli e sfide. Gioca al tuo ritmo e scopri come un abitante del luogo!","breadcrumb":{"@id":"https:\/\/testwebsite.citygame.com\/it\/games\/zaanse-schans\/secrets-of-zaanse-schans\/#breadcrumb"},"inLanguage":"it-IT","potentialAction":[{"@type":"ReadAction","target":["https:\/\/testwebsite.citygame.com\/it\/games\/zaanse-schans\/secrets-of-zaanse-schans\/"]}]},{"@type":"ImageObject","inLanguage":"it-IT","@id":"https:\/\/testwebsite.citygame.com\/it\/games\/zaanse-schans\/secrets-of-zaanse-schans\/#primaryimage","url":"https:\/\/testwebsite.citygame.com\/wp-content\/blogs.dir\/1\/files\/sites\/62\/2026\/03\/zaanse-schans-woman-playing-game-on-viewpoint.jpg","contentUrl":"https:\/\/testwebsite.citygame.com\/wp-content\/blogs.dir\/1\/files\/sites\/62\/2026\/03\/zaanse-schans-woman-playing-game-on-viewpoint.jpg","width":1024,"height":1024,"caption":"A player uses a smartphone to navigate the scenic landscape of Zaanse Schans on a sunny day."},{"@type":"BreadcrumbList","@id":"https:\/\/testwebsite.citygame.com\/it\/games\/zaanse-schans\/secrets-of-zaanse-schans\/#breadcrumb","itemListElement":[{"@type":"ListItem","position":1,"name":"Home","item":"https:\/\/testwebsite.citygame.com\/it\/"},{"@type":"ListItem","position":2,"name":"Shop","item":"https:\/\/testwebsite.citygame.com\/shop\/"},{"@type":"ListItem","position":3,"name":"Secrets of Zaanse Schans"}]},{"@type":"WebSite","@id":"https:\/\/testwebsite.upevents.nl\/#website","url":"https:\/\/testwebsite.upevents.nl\/","name":"City Game","description":"","publisher":{"@id":"https:\/\/testwebsite.upevents.nl\/#organization"},"alternateName":"citygame.com","potentialAction":[{"@type":"SearchAction","target":{"@type":"EntryPoint","urlTemplate":"https:\/\/testwebsite.upevents.nl\/?s={search_term_string}"},"query-input":{"@type":"PropertyValueSpecification","valueRequired":true,"valueName":"search_term_string"}}],"inLanguage":"it-IT"},{"@type":["Organization","Place"],"@id":"https:\/\/testwebsite.upevents.nl\/#organization","name":"City Game","alternateName":"citygame.com","url":"https:\/\/testwebsite.upevents.nl\/","logo":{"@id":"https:\/\/testwebsite.citygame.com\/it\/games\/zaanse-schans\/secrets-of-zaanse-schans\/#local-main-organization-logo"},"image":{"@id":"https:\/\/testwebsite.citygame.com\/it\/games\/zaanse-schans\/secrets-of-zaanse-schans\/#local-main-organization-logo"},"sameAs":["https:\/\/www.facebook.com\/profile.php?id=100086426226253","https:\/\/www.instagram.com\/citygame_com","https:\/\/www.tiktok.com\/@citygamecom\/","https:\/\/www.linkedin.com\/company\/citygame-com"],"description":"Turn any city into a playground with our interactive City Games and self-guided tours. Fun, flexible, and ideal for groups and team building.","telephone":[],"openingHoursSpecification":[{"@type":"OpeningHoursSpecification","dayOfWeek":["Monday","Tuesday","Wednesday","Thursday","Friday","Saturday","Sunday"],"opens":"09:00","closes":"17:00"}]},{"@type":"ImageObject","inLanguage":"it-IT","@id":"https:\/\/testwebsite.citygame.com\/it\/games\/zaanse-schans\/secrets-of-zaanse-schans\/#local-main-organization-logo","url":"https:\/\/testwebsite.citygame.com\/wp-content\/blogs.dir\/1\/files\/sites\/62\/2025\/10\/CG_LOGO-City-Game.png","contentUrl":"https:\/\/testwebsite.citygame.com\/wp-content\/blogs.dir\/1\/files\/sites\/62\/2025\/10\/CG_LOGO-City-Game.png","width":351,"height":377,"caption":"City Game"}]}},"taxonomy_info":{"game-concept":[{"value":718,"label":"Secrets"}],"location":[{"value":615,"label":"Zaanse Schans"}],"product_cat":[{"value":665,"label":"Senza categoria"}]},"featured_image_src_large":["https:\/\/testwebsite.citygame.com\/wp-content\/blogs.dir\/1\/files\/sites\/62\/2026\/03\/zaanse-schans-woman-playing-game-on-viewpoint.jpg",1024,1024,false],"author_info":[],"comment_info":"","_links":{"self":[{"href":"https:\/\/testwebsite.citygame.com\/it\/wp-json\/wp\/v2\/product\/64535","targetHints":{"allow":["GET"]}}],"collection":[{"href":"https:\/\/testwebsite.citygame.com\/it\/wp-json\/wp\/v2\/product"}],"about":[{"href":"https:\/\/testwebsite.citygame.com\/it\/wp-json\/wp\/v2\/types\/product"}],"acf:post":[{"embeddable":true,"href":"https:\/\/testwebsite.citygame.com\/it\/wp-json\/wp\/v2\/pages\/15893"}],"wp:featuredmedia":[{"embeddable":true,"href":"https:\/\/testwebsite.citygame.com\/it\/wp-json\/wp\/v2\/media\/18503"}],"wp:attachment":[{"href":"https:\/\/testwebsite.citygame.com\/it\/wp-json\/wp\/v2\/media?parent=64535"}],"wp:term":[{"taxonomy":"game-concept","embeddable":true,"href":"https:\/\/testwebsite.citygame.com\/it\/wp-json\/wp\/v2\/game-concept?post=64535"},{"taxonomy":"location","embeddable":true,"href":"https:\/\/testwebsite.citygame.com\/it\/wp-json\/wp\/v2\/location?post=64535"},{"taxonomy":"product_brand","embeddable":true,"href":"https:\/\/testwebsite.citygame.com\/it\/wp-json\/wp\/v2\/product_brand?post=64535"},{"taxonomy":"product_cat","embeddable":true,"href":"https:\/\/testwebsite.citygame.com\/it\/wp-json\/wp\/v2\/product_cat?post=64535"},{"taxonomy":"product_tag","embeddable":true,"href":"https:\/\/testwebsite.citygame.com\/it\/wp-json\/wp\/v2\/product_tag?post=64535"}],"curies":[{"name":"wp","href":"https:\/\/api.w.org\/{rel}","templated":true}]}}