{"id":62618,"date":"2026-02-05T18:26:37","date_gmt":"2026-02-05T18:26:37","guid":{"rendered":"https:\/\/testwebsite.citygame.com\/games\/unknown-location\/sherlock-holmes-vasteras\/"},"modified":"2026-04-08T09:58:58","modified_gmt":"2026-04-08T09:58:58","slug":"sherlock-holmes-vasteras","status":"publish","type":"product","link":"https:\/\/testwebsite.citygame.com\/it\/games\/vasteras\/sherlock-holmes-vasteras\/","title":{"rendered":"Sherlock Holmes Vasteras"},"content":{"rendered":"<p>Entra nel mondo di Sherlock Holmes con questo City Game autoguidato e basato sulla storia, un mistero di omicidio ambientato nel centro di V\u00e4ster\u00e5s. Mentre un crimine violento sconvolge il Liberty Festival, tu e i tuoi colleghi detective dovrete esplorare le strade della citt\u00e0, seguendo una narrazione che si svela, ricca di indizi, enigmi e sospetti digitali da interrogare. Con la totale libert\u00e0 di giocare al tuo ritmo, V\u00e4ster\u00e5s diventa lo sfondo immersivo per un&#8217;indagine avvincente che sfida i tuoi istinti e le tue capacit\u00e0 deduttive.<\/p>\n","protected":false},"excerpt":{"rendered":"<p>Vesti i panni iconici di Sherlock Holmes, muovendoti attraverso un avvincente mistero di omicidio autoguidato ambientato a Vasteras. Tu e la tua squadra seguirete indizi, risolverete enigmi e scoprirete la verit\u00e0 tra crescenti poste in gioco, creando una sfida emozionante da non perdere!<\/p>\n","protected":false},"featured_media":10948,"template":"","meta":{"_acf_changed":false,"_yoast_wpseo_focuskw":"Sherlock Holmes Vasteras","_yoast_wpseo_metadesc":"Sherlock Holmes Vasteras. Gioca a un City Game autoguidato con un mistero di omicidio, risolvi enigmi, segui indizi e scopri l'assassino al tuo ritmo!","_kad_blocks_custom_css":"","_kad_blocks_head_custom_js":"","_kad_blocks_body_custom_js":"","_kad_blocks_footer_custom_js":"","ghostkit_customizer_options":"","ghostkit_custom_css":"","ghostkit_custom_js_head":"","ghostkit_custom_js_foot":"","ghostkit_typography":"","_kad_post_transparent":"","_kad_post_title":"","_kad_post_layout":"","_kad_post_sidebar_id":"","_kad_post_content_style":"","_kad_post_vertical_padding":"","_kad_post_feature":"","_kad_post_feature_position":"","_kad_post_header":false,"_kad_post_footer":false,"_kad_post_classname":"","_links_to":"","_links_to_target":""},"game-concept":[779],"location":[417],"product_brand":[],"product_cat":[665],"product_tag":[],"class_list":{"0":"post-62618","1":"product","2":"type-product","3":"status-publish","4":"has-post-thumbnail","6":"game-concept-sherlock","7":"location-vasteras","8":"product_cat-senza-categoria","10":"first","11":"instock","12":"shipping-taxable","13":"purchasable","14":"product-type-simple","15":"entry","16":"content-bg","17":"loop-entry"},"acf":{"full_bokun_product_name":"V\u00e4ster\u00e5s Self-Guided Sherlock Holmes Murder Mystery Game","location_name":"Vasteras","bokun_calendar_widget_code":"<script type=\"text\/javascript\" src=\"https:\/\/widgets.bokun.io\/assets\/javascripts\/apps\/build\/BokunWidgetsLoader.js?bookingChannelUUID=a1e93e96-5232-4734-a595-28405f4b5a31\" async><\/script>\n     \n    <div class=\"bokunWidget\" data-src=\"https:\/\/widgets.bokun.io\/online-sales\/a1e93e96-5232-4734-a595-28405f4b5a31\/experience-calendar\/733220\"><\/div>\n    <noscript>Please enable javascript in your browser to book<\/noscript>","bokun_button_widget_code":"<script type=\"text\/javascript\" src=\"https:\/\/widgets.bokun.io\/assets\/javascripts\/apps\/build\/BokunWidgetsLoader.js?bookingChannelUUID=a1e93e96-5232-4734-a595-28405f4b5a31\" async><\/script>\n      <style> #bokun_ed001e45_5927_4f62_b470_ca766338d083 { display: inline-block; padding: .4em 1em; background: #47b82e; border-radius: 999999px; box-shadow: none; font-weight: 600; font-size: 24px; text-decoration: none; text-align: center; color: #FFFFFF; border:none; cursor: pointer; transition: background .2s ease; } #bokun_ed001e45_5927_4f62_b470_ca766338d083:hover{ background: #2f7b1f; } #bokun_ed001e45_5927_4f62_b470_ca766338d083:active{ background: #378f24; } <\/style> <button class=\"bokunButton\" disabled id=bokun_ed001e45_5927_4f62_b470_ca766338d083 data-src=\"https:\/\/widgets.bokun.io\/online-sales\/a1e93e96-5232-4734-a595-28405f4b5a31\/experience-calendar\/733220?partialView=1\" data-testid=\"widget-book-button\" > Book now <\/button> ","what_you\u2019ll_experience_during_the_game":"Ti addentri in un'avvincente storia investigativa ambientata a V\u00e4ster\u00e5s, dove l'ambiente circostante diventa parte del mistero. Mentre l'indagine si svolge, ti muovi per la citt\u00e0 al tuo ritmo, fermandoti ogni volta che \u00e8 necessario, mentre la narrazione intricata ti trascina pi\u00f9 a fondo nel cuore di un omicidio che ha sconvolto il Liberty Festival. Con ogni luogo, scopri indizi nascosti, risolvi enigmi impegnativi e ricomponi frammenti di una storia che non vuole rivelare facilmente i suoi segreti.\n\nSospettati digitali attendono il tuo interrogatorio. Esamini le loro dichiarazioni, cerchi contraddizioni e metti a confronto alibi traballanti con nuove prove. L'esperienza \u00e8 completamente basata sulla storia, richiedendo acuta osservazione, perspicace deduzione e pensiero critico per scoprire la verit\u00e0 dietro il crimine. Che tu sia immerso da solo o che lavori con una squadra, sentirai ogni decisione portarti pi\u00f9 vicino alla soluzione. Puoi anche confrontare i tuoi risultati per un vantaggio competitivo, ma la vera ricompensa sta nel risolvere il caso.","how_to_play":"Gioca da solo o con amici, familiari o colleghi in squadre di massimo quattro persone per dispositivo. Dopo la prenotazione, riceverai un'e-mail con le istruzioni e tutto il necessario.","start_location":"V\u00e4ster\u00e5s, Stadshus","available_languages":["en","es","fr","de","it","nl"],"players_per_group":"1-4","duration":"1.5-2 hours","image_overlay_color_image":"https:\/\/testwebsite.citygame.com\/wp-content\/blogs.dir\/1\/files\/sites\/62\/2026\/01\/SherlockColor.svg","image_overlay_game_logo":"https:\/\/testwebsite.citygame.com\/wp-content\/blogs.dir\/1\/files\/sites\/62\/2026\/01\/SherlockLogo.png","city_page":7563,"woocommerce_general_content":null},"yoast_head":"<!-- This site is optimized with the Yoast SEO Premium plugin v26.2 (Yoast SEO v26.3) - https:\/\/yoast.com\/wordpress\/plugins\/seo\/ -->\n<title>Sherlock Holmes Vasteras - City Game<\/title>\n<meta name=\"description\" content=\"Sherlock Holmes Vasteras. Gioca a un City Game autoguidato con un mistero di omicidio, risolvi enigmi, segui indizi e scopri l&#039;assassino al tuo ritmo!\" \/>\n<meta name=\"robots\" content=\"noindex, follow, max-snippet:-1, max-image-preview:large, max-video-preview:-1\" \/>\n<meta property=\"og:locale\" content=\"it_IT\" \/>\n<meta property=\"og:type\" content=\"article\" \/>\n<meta property=\"og:title\" content=\"Sherlock Holmes Vasteras\" \/>\n<meta property=\"og:description\" content=\"Sherlock Holmes Vasteras. Gioca a un City Game autoguidato con un mistero di omicidio, risolvi enigmi, segui indizi e scopri l&#039;assassino al tuo ritmo!\" \/>\n<meta property=\"og:url\" content=\"https:\/\/testwebsite.citygame.com\/it\/games\/vasteras\/sherlock-holmes-vasteras\/\" \/>\n<meta property=\"og:site_name\" content=\"City Game\" \/>\n<meta property=\"article:publisher\" content=\"https:\/\/www.facebook.com\/profile.php?id=100086426226253\" \/>\n<meta property=\"article:modified_time\" content=\"2026-04-08T09:58:58+00:00\" \/>\n<meta property=\"og:image\" content=\"https:\/\/testwebsite.citygame.com\/wp-content\/blogs.dir\/1\/files\/sites\/62\/2026\/02\/man-playing-city-game-vasteras-old-town-street.jpg\" \/>\n\t<meta property=\"og:image:width\" content=\"1344\" \/>\n\t<meta property=\"og:image:height\" content=\"768\" \/>\n\t<meta property=\"og:image:type\" content=\"image\/jpeg\" \/>\n<meta name=\"twitter:card\" content=\"summary_large_image\" \/>\n<script type=\"application\/ld+json\" class=\"yoast-schema-graph\">{\"@context\":\"https:\/\/schema.org\",\"@graph\":[{\"@type\":\"WebPage\",\"@id\":\"https:\/\/testwebsite.citygame.com\/it\/games\/vasteras\/sherlock-holmes-vasteras\/\",\"url\":\"https:\/\/testwebsite.citygame.com\/it\/games\/vasteras\/sherlock-holmes-vasteras\/\",\"name\":\"Sherlock Holmes Vasteras - City Game\",\"isPartOf\":{\"@id\":\"https:\/\/testwebsite.upevents.nl\/#website\"},\"primaryImageOfPage\":{\"@id\":\"https:\/\/testwebsite.citygame.com\/it\/games\/vasteras\/sherlock-holmes-vasteras\/#primaryimage\"},\"image\":{\"@id\":\"https:\/\/testwebsite.citygame.com\/it\/games\/vasteras\/sherlock-holmes-vasteras\/#primaryimage\"},\"thumbnailUrl\":\"https:\/\/testwebsite.citygame.com\/wp-content\/blogs.dir\/1\/files\/sites\/62\/2026\/02\/man-playing-city-game-vasteras-old-town-street.jpg\",\"datePublished\":\"2026-02-05T18:26:37+00:00\",\"dateModified\":\"2026-04-08T09:58:58+00:00\",\"description\":\"Sherlock Holmes Vasteras. Gioca a un City Game autoguidato con un mistero di omicidio, risolvi enigmi, segui indizi e scopri l'assassino al tuo ritmo!\",\"breadcrumb\":{\"@id\":\"https:\/\/testwebsite.citygame.com\/it\/games\/vasteras\/sherlock-holmes-vasteras\/#breadcrumb\"},\"inLanguage\":\"it-IT\",\"potentialAction\":[{\"@type\":\"ReadAction\",\"target\":[\"https:\/\/testwebsite.citygame.com\/it\/games\/vasteras\/sherlock-holmes-vasteras\/\"]}]},{\"@type\":\"ImageObject\",\"inLanguage\":\"it-IT\",\"@id\":\"https:\/\/testwebsite.citygame.com\/it\/games\/vasteras\/sherlock-holmes-vasteras\/#primaryimage\",\"url\":\"https:\/\/testwebsite.citygame.com\/wp-content\/blogs.dir\/1\/files\/sites\/62\/2026\/02\/man-playing-city-game-vasteras-old-town-street.jpg\",\"contentUrl\":\"https:\/\/testwebsite.citygame.com\/wp-content\/blogs.dir\/1\/files\/sites\/62\/2026\/02\/man-playing-city-game-vasteras-old-town-street.jpg\",\"width\":1344,\"height\":768,\"caption\":\"A tourist uses a navigation app on his phone to explore an old street in Vasteras.\"},{\"@type\":\"BreadcrumbList\",\"@id\":\"https:\/\/testwebsite.citygame.com\/it\/games\/vasteras\/sherlock-holmes-vasteras\/#breadcrumb\",\"itemListElement\":[{\"@type\":\"ListItem\",\"position\":1,\"name\":\"Home\",\"item\":\"https:\/\/testwebsite.citygame.com\/it\/\"},{\"@type\":\"ListItem\",\"position\":2,\"name\":\"Shop\",\"item\":\"https:\/\/testwebsite.citygame.com\/shop\/\"},{\"@type\":\"ListItem\",\"position\":3,\"name\":\"Sherlock Holmes Vasteras\"}]},{\"@type\":\"WebSite\",\"@id\":\"https:\/\/testwebsite.upevents.nl\/#website\",\"url\":\"https:\/\/testwebsite.upevents.nl\/\",\"name\":\"City Game\",\"description\":\"\",\"publisher\":{\"@id\":\"https:\/\/testwebsite.upevents.nl\/#organization\"},\"alternateName\":\"citygame.com\",\"potentialAction\":[{\"@type\":\"SearchAction\",\"target\":{\"@type\":\"EntryPoint\",\"urlTemplate\":\"https:\/\/testwebsite.upevents.nl\/?s={search_term_string}\"},\"query-input\":{\"@type\":\"PropertyValueSpecification\",\"valueRequired\":true,\"valueName\":\"search_term_string\"}}],\"inLanguage\":\"it-IT\"},{\"@type\":[\"Organization\",\"Place\"],\"@id\":\"https:\/\/testwebsite.upevents.nl\/#organization\",\"name\":\"City Game\",\"alternateName\":\"citygame.com\",\"url\":\"https:\/\/testwebsite.upevents.nl\/\",\"logo\":{\"@id\":\"https:\/\/testwebsite.citygame.com\/it\/games\/vasteras\/sherlock-holmes-vasteras\/#local-main-organization-logo\"},\"image\":{\"@id\":\"https:\/\/testwebsite.citygame.com\/it\/games\/vasteras\/sherlock-holmes-vasteras\/#local-main-organization-logo\"},\"sameAs\":[\"https:\/\/www.facebook.com\/profile.php?id=100086426226253\",\"https:\/\/www.instagram.com\/citygame_com\",\"https:\/\/www.tiktok.com\/@citygamecom\/\",\"https:\/\/www.linkedin.com\/company\/citygame-com\"],\"description\":\"Turn any city into a playground with our interactive City Games and self-guided tours. Fun, flexible, and ideal for groups and team building.\",\"telephone\":[],\"openingHoursSpecification\":[{\"@type\":\"OpeningHoursSpecification\",\"dayOfWeek\":[\"Monday\",\"Tuesday\",\"Wednesday\",\"Thursday\",\"Friday\",\"Saturday\",\"Sunday\"],\"opens\":\"09:00\",\"closes\":\"17:00\"}]},{\"@type\":\"ImageObject\",\"inLanguage\":\"it-IT\",\"@id\":\"https:\/\/testwebsite.citygame.com\/it\/games\/vasteras\/sherlock-holmes-vasteras\/#local-main-organization-logo\",\"url\":\"https:\/\/testwebsite.citygame.com\/wp-content\/blogs.dir\/1\/files\/sites\/62\/2025\/10\/CG_LOGO-City-Game.png\",\"contentUrl\":\"https:\/\/testwebsite.citygame.com\/wp-content\/blogs.dir\/1\/files\/sites\/62\/2025\/10\/CG_LOGO-City-Game.png\",\"width\":351,\"height\":377,\"caption\":\"City Game\"}]}<\/script>\n<!-- \/ Yoast SEO Premium plugin. -->","yoast_head_json":{"title":"Sherlock Holmes Vasteras - City Game","description":"Sherlock Holmes Vasteras. Gioca a un City Game autoguidato con un mistero di omicidio, risolvi enigmi, segui indizi e scopri l'assassino al tuo ritmo!","robots":{"index":"noindex","follow":"follow","max-snippet":"max-snippet:-1","max-image-preview":"max-image-preview:large","max-video-preview":"max-video-preview:-1"},"og_locale":"it_IT","og_type":"article","og_title":"Sherlock Holmes Vasteras","og_description":"Sherlock Holmes Vasteras. Gioca a un City Game autoguidato con un mistero di omicidio, risolvi enigmi, segui indizi e scopri l'assassino al tuo ritmo!","og_url":"https:\/\/testwebsite.citygame.com\/it\/games\/vasteras\/sherlock-holmes-vasteras\/","og_site_name":"City Game","article_publisher":"https:\/\/www.facebook.com\/profile.php?id=100086426226253","article_modified_time":"2026-04-08T09:58:58+00:00","og_image":[{"width":1344,"height":768,"url":"https:\/\/testwebsite.citygame.com\/wp-content\/blogs.dir\/1\/files\/sites\/62\/2026\/02\/man-playing-city-game-vasteras-old-town-street.jpg","type":"image\/jpeg"}],"twitter_card":"summary_large_image","schema":{"@context":"https:\/\/schema.org","@graph":[{"@type":"WebPage","@id":"https:\/\/testwebsite.citygame.com\/it\/games\/vasteras\/sherlock-holmes-vasteras\/","url":"https:\/\/testwebsite.citygame.com\/it\/games\/vasteras\/sherlock-holmes-vasteras\/","name":"Sherlock Holmes Vasteras - City Game","isPartOf":{"@id":"https:\/\/testwebsite.upevents.nl\/#website"},"primaryImageOfPage":{"@id":"https:\/\/testwebsite.citygame.com\/it\/games\/vasteras\/sherlock-holmes-vasteras\/#primaryimage"},"image":{"@id":"https:\/\/testwebsite.citygame.com\/it\/games\/vasteras\/sherlock-holmes-vasteras\/#primaryimage"},"thumbnailUrl":"https:\/\/testwebsite.citygame.com\/wp-content\/blogs.dir\/1\/files\/sites\/62\/2026\/02\/man-playing-city-game-vasteras-old-town-street.jpg","datePublished":"2026-02-05T18:26:37+00:00","dateModified":"2026-04-08T09:58:58+00:00","description":"Sherlock Holmes Vasteras. Gioca a un City Game autoguidato con un mistero di omicidio, risolvi enigmi, segui indizi e scopri l'assassino al tuo ritmo!","breadcrumb":{"@id":"https:\/\/testwebsite.citygame.com\/it\/games\/vasteras\/sherlock-holmes-vasteras\/#breadcrumb"},"inLanguage":"it-IT","potentialAction":[{"@type":"ReadAction","target":["https:\/\/testwebsite.citygame.com\/it\/games\/vasteras\/sherlock-holmes-vasteras\/"]}]},{"@type":"ImageObject","inLanguage":"it-IT","@id":"https:\/\/testwebsite.citygame.com\/it\/games\/vasteras\/sherlock-holmes-vasteras\/#primaryimage","url":"https:\/\/testwebsite.citygame.com\/wp-content\/blogs.dir\/1\/files\/sites\/62\/2026\/02\/man-playing-city-game-vasteras-old-town-street.jpg","contentUrl":"https:\/\/testwebsite.citygame.com\/wp-content\/blogs.dir\/1\/files\/sites\/62\/2026\/02\/man-playing-city-game-vasteras-old-town-street.jpg","width":1344,"height":768,"caption":"A tourist uses a navigation app on his phone to explore an old street in Vasteras."},{"@type":"BreadcrumbList","@id":"https:\/\/testwebsite.citygame.com\/it\/games\/vasteras\/sherlock-holmes-vasteras\/#breadcrumb","itemListElement":[{"@type":"ListItem","position":1,"name":"Home","item":"https:\/\/testwebsite.citygame.com\/it\/"},{"@type":"ListItem","position":2,"name":"Shop","item":"https:\/\/testwebsite.citygame.com\/shop\/"},{"@type":"ListItem","position":3,"name":"Sherlock Holmes Vasteras"}]},{"@type":"WebSite","@id":"https:\/\/testwebsite.upevents.nl\/#website","url":"https:\/\/testwebsite.upevents.nl\/","name":"City Game","description":"","publisher":{"@id":"https:\/\/testwebsite.upevents.nl\/#organization"},"alternateName":"citygame.com","potentialAction":[{"@type":"SearchAction","target":{"@type":"EntryPoint","urlTemplate":"https:\/\/testwebsite.upevents.nl\/?s={search_term_string}"},"query-input":{"@type":"PropertyValueSpecification","valueRequired":true,"valueName":"search_term_string"}}],"inLanguage":"it-IT"},{"@type":["Organization","Place"],"@id":"https:\/\/testwebsite.upevents.nl\/#organization","name":"City Game","alternateName":"citygame.com","url":"https:\/\/testwebsite.upevents.nl\/","logo":{"@id":"https:\/\/testwebsite.citygame.com\/it\/games\/vasteras\/sherlock-holmes-vasteras\/#local-main-organization-logo"},"image":{"@id":"https:\/\/testwebsite.citygame.com\/it\/games\/vasteras\/sherlock-holmes-vasteras\/#local-main-organization-logo"},"sameAs":["https:\/\/www.facebook.com\/profile.php?id=100086426226253","https:\/\/www.instagram.com\/citygame_com","https:\/\/www.tiktok.com\/@citygamecom\/","https:\/\/www.linkedin.com\/company\/citygame-com"],"description":"Turn any city into a playground with our interactive City Games and self-guided tours. Fun, flexible, and ideal for groups and team building.","telephone":[],"openingHoursSpecification":[{"@type":"OpeningHoursSpecification","dayOfWeek":["Monday","Tuesday","Wednesday","Thursday","Friday","Saturday","Sunday"],"opens":"09:00","closes":"17:00"}]},{"@type":"ImageObject","inLanguage":"it-IT","@id":"https:\/\/testwebsite.citygame.com\/it\/games\/vasteras\/sherlock-holmes-vasteras\/#local-main-organization-logo","url":"https:\/\/testwebsite.citygame.com\/wp-content\/blogs.dir\/1\/files\/sites\/62\/2025\/10\/CG_LOGO-City-Game.png","contentUrl":"https:\/\/testwebsite.citygame.com\/wp-content\/blogs.dir\/1\/files\/sites\/62\/2025\/10\/CG_LOGO-City-Game.png","width":351,"height":377,"caption":"City Game"}]}},"taxonomy_info":{"game-concept":[{"value":779,"label":"Sherlock"}],"location":[{"value":417,"label":"V\u00e4ster\u00e5s"}],"product_cat":[{"value":665,"label":"Senza categoria"}]},"featured_image_src_large":["https:\/\/testwebsite.citygame.com\/wp-content\/blogs.dir\/1\/files\/sites\/62\/2026\/02\/man-playing-city-game-vasteras-old-town-street-1024x585.jpg",1024,585,true],"author_info":[],"comment_info":"","_links":{"self":[{"href":"https:\/\/testwebsite.citygame.com\/it\/wp-json\/wp\/v2\/product\/62618","targetHints":{"allow":["GET"]}}],"collection":[{"href":"https:\/\/testwebsite.citygame.com\/it\/wp-json\/wp\/v2\/product"}],"about":[{"href":"https:\/\/testwebsite.citygame.com\/it\/wp-json\/wp\/v2\/types\/product"}],"acf:post":[{"embeddable":true,"href":"https:\/\/testwebsite.citygame.com\/it\/wp-json\/wp\/v2\/pages\/7563"}],"wp:featuredmedia":[{"embeddable":true,"href":"https:\/\/testwebsite.citygame.com\/it\/wp-json\/wp\/v2\/media\/10948"}],"wp:attachment":[{"href":"https:\/\/testwebsite.citygame.com\/it\/wp-json\/wp\/v2\/media?parent=62618"}],"wp:term":[{"taxonomy":"game-concept","embeddable":true,"href":"https:\/\/testwebsite.citygame.com\/it\/wp-json\/wp\/v2\/game-concept?post=62618"},{"taxonomy":"location","embeddable":true,"href":"https:\/\/testwebsite.citygame.com\/it\/wp-json\/wp\/v2\/location?post=62618"},{"taxonomy":"product_brand","embeddable":true,"href":"https:\/\/testwebsite.citygame.com\/it\/wp-json\/wp\/v2\/product_brand?post=62618"},{"taxonomy":"product_cat","embeddable":true,"href":"https:\/\/testwebsite.citygame.com\/it\/wp-json\/wp\/v2\/product_cat?post=62618"},{"taxonomy":"product_tag","embeddable":true,"href":"https:\/\/testwebsite.citygame.com\/it\/wp-json\/wp\/v2\/product_tag?post=62618"}],"curies":[{"name":"wp","href":"https:\/\/api.w.org\/{rel}","templated":true}]}}