{"id":58736,"date":"2026-02-16T01:27:40","date_gmt":"2026-02-16T01:27:40","guid":{"rendered":"https:\/\/testwebsite.citygame.com\/games\/unknown-location\/the-wiesbaden-syndicate\/"},"modified":"2026-04-08T02:45:28","modified_gmt":"2026-04-08T02:45:28","slug":"the-wiesbaden-syndicate","status":"publish","type":"product","link":"https:\/\/testwebsite.citygame.com\/it\/games\/wiesbaden\/the-wiesbaden-syndicate\/","title":{"rendered":"The Wiesbaden Syndicate"},"content":{"rendered":"<p>The Wiesbaden Syndicate \u00e8 un City Escape Game autoguidato nel centro di Wiesbaden. In questo City Game a Wiesbaden, la tua squadra ha il compito di rintracciare l&#8217;inafferrabile Magnus e recuperare sei formule rubate attraverso una serie di enigmi, compiti e sfide interattive. Con una chiara struttura della missione, una narrazione avvincente e un focus sul lavoro di squadra, questo gioco cittadino autoguidato offre un&#8217;esperienza coinvolgente che si sviluppa passo dopo passo.<\/p>\n","protected":false},"excerpt":{"rendered":"<p>Tuffati a capofitto nei segreti gelosamente custoditi di Wiesbaden con questo emozionante City Escape Game autoguidato. Seguire indizi intriganti, risolvere enigmi sconcertanti, il tutto intrecciando suggerimenti con la tua squadra \u00e8 l&#8217;unica via per scoprire la verit\u00e0 della citt\u00e0, fai dell&#8217;orologio il tuo alleato!<\/p>\n","protected":false},"featured_media":13928,"template":"","meta":{"_acf_changed":false,"_yoast_wpseo_focuskw":"The Wiesbaden Syndicate","_yoast_wpseo_metadesc":"The Wiesbaden Syndicate. Gioca a un City Escape Game autoguidato, risolvi enigmi, completa missioni e recupera le formule rubate al tuo ritmo!","_kad_blocks_custom_css":"","_kad_blocks_head_custom_js":"","_kad_blocks_body_custom_js":"","_kad_blocks_footer_custom_js":"","ghostkit_customizer_options":"","ghostkit_custom_css":"","ghostkit_custom_js_head":"","ghostkit_custom_js_foot":"","ghostkit_typography":"","_kad_post_transparent":"","_kad_post_title":"","_kad_post_layout":"","_kad_post_sidebar_id":"","_kad_post_content_style":"","_kad_post_vertical_padding":"","_kad_post_feature":"","_kad_post_feature_position":"","_kad_post_header":false,"_kad_post_footer":false,"_kad_post_classname":"","_links_to":"","_links_to_target":""},"game-concept":[748],"location":[426],"product_brand":[],"product_cat":[665],"product_tag":[],"class_list":{"0":"post-58736","1":"product","2":"type-product","3":"status-publish","4":"has-post-thumbnail","6":"game-concept-syndicate","7":"location-wiesbaden","8":"product_cat-senza-categoria","10":"first","11":"instock","12":"shipping-taxable","13":"purchasable","14":"product-type-simple","15":"entry","16":"content-bg","17":"loop-entry"},"acf":{"full_bokun_product_name":"Self-Guided The Wiesbaden Syndicate City Escape Game","location_name":"Wiesbaden","bokun_calendar_widget_code":"<script type=\"text\/javascript\" src=\"https:\/\/widgets.bokun.io\/assets\/javascripts\/apps\/build\/BokunWidgetsLoader.js?bookingChannelUUID=a1e93e96-5232-4734-a595-28405f4b5a31\" async><\/script>\n     \n    <div class=\"bokunWidget\" data-src=\"https:\/\/widgets.bokun.io\/online-sales\/a1e93e96-5232-4734-a595-28405f4b5a31\/experience-calendar\/827843\"><\/div>\n    <noscript>Please enable javascript in your browser to book<\/noscript>","bokun_button_widget_code":"<script type=\"text\/javascript\" src=\"https:\/\/widgets.bokun.io\/assets\/javascripts\/apps\/build\/BokunWidgetsLoader.js?bookingChannelUUID=a1e93e96-5232-4734-a595-28405f4b5a31\" async><\/script>\n      <style> #bokun_ed001e45_5927_4f62_b470_ca766338d083 { display: inline-block; padding: .4em 1em; background: #47b82e; border-radius: 999999px; box-shadow: none; font-weight: 600; font-size: 24px; text-decoration: none; text-align: center; color: #FFFFFF; border:none; cursor: pointer; transition: background .2s ease; } #bokun_ed001e45_5927_4f62_b470_ca766338d083:hover{ background: #2f7b1f; } #bokun_ed001e45_5927_4f62_b470_ca766338d083:active{ background: #378f24; } <\/style> <button class=\"bokunButton\" disabled id=bokun_ed001e45_5927_4f62_b470_ca766338d083 data-src=\"https:\/\/widgets.bokun.io\/online-sales\/a1e93e96-5232-4734-a595-28405f4b5a31\/experience-calendar\/827843?partialView=1\" data-testid=\"widget-book-button\" > Book now <\/button> ","what_you\u2019ll_experience_during_the_game":"Tu e la tua squadra sarete catapultati in una missione di fuga ad alto rischio che si svolge per le strade di Wiesbaden. Con solo frammenti di informazioni a guidarvi, il vostro obiettivo \u00e8 urgente e chiaro: rintracciare l'inafferrabile Magnus e recuperare sei potenti formule rubate prima che scompaiano per sempre. La missione prender\u00e0 forma un passo alla volta mentre vi muovete per la citt\u00e0, con ogni luogo che rivela nuovi obiettivi e segreti da decifrare.\n\nDagli enigmi criptici ai codici nascosti e alle sfide a tempo, ogni compito richiede un pensiero acuto, decisioni rapide e una comunicazione senza interruzioni. Questa esperienza completamente guidata dalla storia si evolve con le vostre azioni, ponendo la vostra squadra al centro di una corsa cinematografica contro il tempo. Man mano che la missione si approfondisce, la strategia collaborativa diventa essenziale e il contributo di ogni giocatore avvicina la squadra al successo. L'operazione si svolge al vostro ritmo, permettendovi di mettere in pausa e riprendere quando necessario senza perdere lo slancio.","how_to_play":"Prenota il City Game, controlla l'email che ti invieremo con le istruzioni, scarica l'App Loquiz e inizia la tua esperienza di gioco!","start_location":"Wiesbaden, Marktplatz","available_languages":["en"],"players_per_group":"1-4","duration":"1.5-2 hours","image_overlay_color_image":"https:\/\/testwebsite.citygame.com\/wp-content\/blogs.dir\/1\/files\/sites\/62\/2026\/01\/SyndicateColor.svg","image_overlay_game_logo":"https:\/\/testwebsite.citygame.com\/wp-content\/blogs.dir\/1\/files\/sites\/62\/2026\/01\/SyndicateLogo.png","city_page":4692,"woocommerce_general_content":null},"yoast_head":"<!-- This site is optimized with the Yoast SEO Premium plugin v26.2 (Yoast SEO v26.3) - https:\/\/yoast.com\/wordpress\/plugins\/seo\/ -->\n<title>The Wiesbaden Syndicate - City Game<\/title>\n<meta name=\"description\" content=\"The Wiesbaden Syndicate. Gioca a un City Escape Game autoguidato, risolvi enigmi, completa missioni e recupera le formule rubate al tuo ritmo!\" \/>\n<meta name=\"robots\" content=\"noindex, follow, max-snippet:-1, max-image-preview:large, max-video-preview:-1\" \/>\n<meta property=\"og:locale\" content=\"it_IT\" \/>\n<meta property=\"og:type\" content=\"article\" \/>\n<meta property=\"og:title\" content=\"The Wiesbaden Syndicate\" \/>\n<meta property=\"og:description\" content=\"The Wiesbaden Syndicate. Gioca a un City Escape Game autoguidato, risolvi enigmi, completa missioni e recupera le formule rubate al tuo ritmo!\" \/>\n<meta property=\"og:url\" content=\"https:\/\/testwebsite.citygame.com\/it\/games\/wiesbaden\/the-wiesbaden-syndicate\/\" \/>\n<meta property=\"og:site_name\" content=\"City Game\" \/>\n<meta property=\"article:publisher\" content=\"https:\/\/www.facebook.com\/profile.php?id=100086426226253\" \/>\n<meta property=\"article:modified_time\" content=\"2026-04-08T02:45:28+00:00\" \/>\n<meta property=\"og:image\" content=\"https:\/\/testwebsite.citygame.com\/wp-content\/blogs.dir\/1\/files\/sites\/62\/2026\/02\/wiesbaden-ringkirche-city-game-player.jpg\" \/>\n\t<meta property=\"og:image:width\" content=\"1024\" \/>\n\t<meta property=\"og:image:height\" content=\"1024\" \/>\n\t<meta property=\"og:image:type\" content=\"image\/jpeg\" \/>\n<meta name=\"twitter:card\" content=\"summary_large_image\" \/>\n<script type=\"application\/ld+json\" class=\"yoast-schema-graph\">{\"@context\":\"https:\/\/schema.org\",\"@graph\":[{\"@type\":\"WebPage\",\"@id\":\"https:\/\/testwebsite.citygame.com\/it\/games\/wiesbaden\/the-wiesbaden-syndicate\/\",\"url\":\"https:\/\/testwebsite.citygame.com\/it\/games\/wiesbaden\/the-wiesbaden-syndicate\/\",\"name\":\"The Wiesbaden Syndicate - City Game\",\"isPartOf\":{\"@id\":\"https:\/\/testwebsite.upevents.nl\/#website\"},\"primaryImageOfPage\":{\"@id\":\"https:\/\/testwebsite.citygame.com\/it\/games\/wiesbaden\/the-wiesbaden-syndicate\/#primaryimage\"},\"image\":{\"@id\":\"https:\/\/testwebsite.citygame.com\/it\/games\/wiesbaden\/the-wiesbaden-syndicate\/#primaryimage\"},\"thumbnailUrl\":\"https:\/\/testwebsite.citygame.com\/wp-content\/blogs.dir\/1\/files\/sites\/62\/2026\/02\/wiesbaden-ringkirche-city-game-player.jpg\",\"datePublished\":\"2026-02-16T01:27:40+00:00\",\"dateModified\":\"2026-04-08T02:45:28+00:00\",\"description\":\"The Wiesbaden Syndicate. Gioca a un City Escape Game autoguidato, risolvi enigmi, completa missioni e recupera le formule rubate al tuo ritmo!\",\"breadcrumb\":{\"@id\":\"https:\/\/testwebsite.citygame.com\/it\/games\/wiesbaden\/the-wiesbaden-syndicate\/#breadcrumb\"},\"inLanguage\":\"it-IT\",\"potentialAction\":[{\"@type\":\"ReadAction\",\"target\":[\"https:\/\/testwebsite.citygame.com\/it\/games\/wiesbaden\/the-wiesbaden-syndicate\/\"]}]},{\"@type\":\"ImageObject\",\"inLanguage\":\"it-IT\",\"@id\":\"https:\/\/testwebsite.citygame.com\/it\/games\/wiesbaden\/the-wiesbaden-syndicate\/#primaryimage\",\"url\":\"https:\/\/testwebsite.citygame.com\/wp-content\/blogs.dir\/1\/files\/sites\/62\/2026\/02\/wiesbaden-ringkirche-city-game-player.jpg\",\"contentUrl\":\"https:\/\/testwebsite.citygame.com\/wp-content\/blogs.dir\/1\/files\/sites\/62\/2026\/02\/wiesbaden-ringkirche-city-game-player.jpg\",\"width\":1024,\"height\":1024,\"caption\":\"A person uses a tablet to explore the area around the Ringkirche in Wiesbaden on a sunny day.\"},{\"@type\":\"BreadcrumbList\",\"@id\":\"https:\/\/testwebsite.citygame.com\/it\/games\/wiesbaden\/the-wiesbaden-syndicate\/#breadcrumb\",\"itemListElement\":[{\"@type\":\"ListItem\",\"position\":1,\"name\":\"Home\",\"item\":\"https:\/\/testwebsite.citygame.com\/it\/\"},{\"@type\":\"ListItem\",\"position\":2,\"name\":\"Shop\",\"item\":\"https:\/\/testwebsite.citygame.com\/shop\/\"},{\"@type\":\"ListItem\",\"position\":3,\"name\":\"The Wiesbaden Syndicate\"}]},{\"@type\":\"WebSite\",\"@id\":\"https:\/\/testwebsite.upevents.nl\/#website\",\"url\":\"https:\/\/testwebsite.upevents.nl\/\",\"name\":\"City Game\",\"description\":\"\",\"publisher\":{\"@id\":\"https:\/\/testwebsite.upevents.nl\/#organization\"},\"alternateName\":\"citygame.com\",\"potentialAction\":[{\"@type\":\"SearchAction\",\"target\":{\"@type\":\"EntryPoint\",\"urlTemplate\":\"https:\/\/testwebsite.upevents.nl\/?s={search_term_string}\"},\"query-input\":{\"@type\":\"PropertyValueSpecification\",\"valueRequired\":true,\"valueName\":\"search_term_string\"}}],\"inLanguage\":\"it-IT\"},{\"@type\":[\"Organization\",\"Place\"],\"@id\":\"https:\/\/testwebsite.upevents.nl\/#organization\",\"name\":\"City Game\",\"alternateName\":\"citygame.com\",\"url\":\"https:\/\/testwebsite.upevents.nl\/\",\"logo\":{\"@id\":\"https:\/\/testwebsite.citygame.com\/it\/games\/wiesbaden\/the-wiesbaden-syndicate\/#local-main-organization-logo\"},\"image\":{\"@id\":\"https:\/\/testwebsite.citygame.com\/it\/games\/wiesbaden\/the-wiesbaden-syndicate\/#local-main-organization-logo\"},\"sameAs\":[\"https:\/\/www.facebook.com\/profile.php?id=100086426226253\",\"https:\/\/www.instagram.com\/citygame_com\",\"https:\/\/www.tiktok.com\/@citygamecom\/\",\"https:\/\/www.linkedin.com\/company\/citygame-com\"],\"description\":\"Turn any city into a playground with our interactive City Games and self-guided tours. Fun, flexible, and ideal for groups and team building.\",\"telephone\":[],\"openingHoursSpecification\":[{\"@type\":\"OpeningHoursSpecification\",\"dayOfWeek\":[\"Monday\",\"Tuesday\",\"Wednesday\",\"Thursday\",\"Friday\",\"Saturday\",\"Sunday\"],\"opens\":\"09:00\",\"closes\":\"17:00\"}]},{\"@type\":\"ImageObject\",\"inLanguage\":\"it-IT\",\"@id\":\"https:\/\/testwebsite.citygame.com\/it\/games\/wiesbaden\/the-wiesbaden-syndicate\/#local-main-organization-logo\",\"url\":\"https:\/\/testwebsite.citygame.com\/wp-content\/blogs.dir\/1\/files\/sites\/62\/2025\/10\/CG_LOGO-City-Game.png\",\"contentUrl\":\"https:\/\/testwebsite.citygame.com\/wp-content\/blogs.dir\/1\/files\/sites\/62\/2025\/10\/CG_LOGO-City-Game.png\",\"width\":351,\"height\":377,\"caption\":\"City Game\"}]}<\/script>\n<!-- \/ Yoast SEO Premium plugin. -->","yoast_head_json":{"title":"The Wiesbaden Syndicate - City Game","description":"The Wiesbaden Syndicate. Gioca a un City Escape Game autoguidato, risolvi enigmi, completa missioni e recupera le formule rubate al tuo ritmo!","robots":{"index":"noindex","follow":"follow","max-snippet":"max-snippet:-1","max-image-preview":"max-image-preview:large","max-video-preview":"max-video-preview:-1"},"og_locale":"it_IT","og_type":"article","og_title":"The Wiesbaden Syndicate","og_description":"The Wiesbaden Syndicate. Gioca a un City Escape Game autoguidato, risolvi enigmi, completa missioni e recupera le formule rubate al tuo ritmo!","og_url":"https:\/\/testwebsite.citygame.com\/it\/games\/wiesbaden\/the-wiesbaden-syndicate\/","og_site_name":"City Game","article_publisher":"https:\/\/www.facebook.com\/profile.php?id=100086426226253","article_modified_time":"2026-04-08T02:45:28+00:00","og_image":[{"width":1024,"height":1024,"url":"https:\/\/testwebsite.citygame.com\/wp-content\/blogs.dir\/1\/files\/sites\/62\/2026\/02\/wiesbaden-ringkirche-city-game-player.jpg","type":"image\/jpeg"}],"twitter_card":"summary_large_image","schema":{"@context":"https:\/\/schema.org","@graph":[{"@type":"WebPage","@id":"https:\/\/testwebsite.citygame.com\/it\/games\/wiesbaden\/the-wiesbaden-syndicate\/","url":"https:\/\/testwebsite.citygame.com\/it\/games\/wiesbaden\/the-wiesbaden-syndicate\/","name":"The Wiesbaden Syndicate - City Game","isPartOf":{"@id":"https:\/\/testwebsite.upevents.nl\/#website"},"primaryImageOfPage":{"@id":"https:\/\/testwebsite.citygame.com\/it\/games\/wiesbaden\/the-wiesbaden-syndicate\/#primaryimage"},"image":{"@id":"https:\/\/testwebsite.citygame.com\/it\/games\/wiesbaden\/the-wiesbaden-syndicate\/#primaryimage"},"thumbnailUrl":"https:\/\/testwebsite.citygame.com\/wp-content\/blogs.dir\/1\/files\/sites\/62\/2026\/02\/wiesbaden-ringkirche-city-game-player.jpg","datePublished":"2026-02-16T01:27:40+00:00","dateModified":"2026-04-08T02:45:28+00:00","description":"The Wiesbaden Syndicate. Gioca a un City Escape Game autoguidato, risolvi enigmi, completa missioni e recupera le formule rubate al tuo ritmo!","breadcrumb":{"@id":"https:\/\/testwebsite.citygame.com\/it\/games\/wiesbaden\/the-wiesbaden-syndicate\/#breadcrumb"},"inLanguage":"it-IT","potentialAction":[{"@type":"ReadAction","target":["https:\/\/testwebsite.citygame.com\/it\/games\/wiesbaden\/the-wiesbaden-syndicate\/"]}]},{"@type":"ImageObject","inLanguage":"it-IT","@id":"https:\/\/testwebsite.citygame.com\/it\/games\/wiesbaden\/the-wiesbaden-syndicate\/#primaryimage","url":"https:\/\/testwebsite.citygame.com\/wp-content\/blogs.dir\/1\/files\/sites\/62\/2026\/02\/wiesbaden-ringkirche-city-game-player.jpg","contentUrl":"https:\/\/testwebsite.citygame.com\/wp-content\/blogs.dir\/1\/files\/sites\/62\/2026\/02\/wiesbaden-ringkirche-city-game-player.jpg","width":1024,"height":1024,"caption":"A person uses a tablet to explore the area around the Ringkirche in Wiesbaden on a sunny day."},{"@type":"BreadcrumbList","@id":"https:\/\/testwebsite.citygame.com\/it\/games\/wiesbaden\/the-wiesbaden-syndicate\/#breadcrumb","itemListElement":[{"@type":"ListItem","position":1,"name":"Home","item":"https:\/\/testwebsite.citygame.com\/it\/"},{"@type":"ListItem","position":2,"name":"Shop","item":"https:\/\/testwebsite.citygame.com\/shop\/"},{"@type":"ListItem","position":3,"name":"The Wiesbaden Syndicate"}]},{"@type":"WebSite","@id":"https:\/\/testwebsite.upevents.nl\/#website","url":"https:\/\/testwebsite.upevents.nl\/","name":"City Game","description":"","publisher":{"@id":"https:\/\/testwebsite.upevents.nl\/#organization"},"alternateName":"citygame.com","potentialAction":[{"@type":"SearchAction","target":{"@type":"EntryPoint","urlTemplate":"https:\/\/testwebsite.upevents.nl\/?s={search_term_string}"},"query-input":{"@type":"PropertyValueSpecification","valueRequired":true,"valueName":"search_term_string"}}],"inLanguage":"it-IT"},{"@type":["Organization","Place"],"@id":"https:\/\/testwebsite.upevents.nl\/#organization","name":"City Game","alternateName":"citygame.com","url":"https:\/\/testwebsite.upevents.nl\/","logo":{"@id":"https:\/\/testwebsite.citygame.com\/it\/games\/wiesbaden\/the-wiesbaden-syndicate\/#local-main-organization-logo"},"image":{"@id":"https:\/\/testwebsite.citygame.com\/it\/games\/wiesbaden\/the-wiesbaden-syndicate\/#local-main-organization-logo"},"sameAs":["https:\/\/www.facebook.com\/profile.php?id=100086426226253","https:\/\/www.instagram.com\/citygame_com","https:\/\/www.tiktok.com\/@citygamecom\/","https:\/\/www.linkedin.com\/company\/citygame-com"],"description":"Turn any city into a playground with our interactive City Games and self-guided tours. Fun, flexible, and ideal for groups and team building.","telephone":[],"openingHoursSpecification":[{"@type":"OpeningHoursSpecification","dayOfWeek":["Monday","Tuesday","Wednesday","Thursday","Friday","Saturday","Sunday"],"opens":"09:00","closes":"17:00"}]},{"@type":"ImageObject","inLanguage":"it-IT","@id":"https:\/\/testwebsite.citygame.com\/it\/games\/wiesbaden\/the-wiesbaden-syndicate\/#local-main-organization-logo","url":"https:\/\/testwebsite.citygame.com\/wp-content\/blogs.dir\/1\/files\/sites\/62\/2025\/10\/CG_LOGO-City-Game.png","contentUrl":"https:\/\/testwebsite.citygame.com\/wp-content\/blogs.dir\/1\/files\/sites\/62\/2025\/10\/CG_LOGO-City-Game.png","width":351,"height":377,"caption":"City Game"}]}},"taxonomy_info":{"game-concept":[{"value":748,"label":"Syndicate"}],"location":[{"value":426,"label":"Wiesbaden"}],"product_cat":[{"value":665,"label":"Senza categoria"}]},"featured_image_src_large":["https:\/\/testwebsite.citygame.com\/wp-content\/blogs.dir\/1\/files\/sites\/62\/2026\/02\/wiesbaden-ringkirche-city-game-player.jpg",1024,1024,false],"author_info":[],"comment_info":"","_links":{"self":[{"href":"https:\/\/testwebsite.citygame.com\/it\/wp-json\/wp\/v2\/product\/58736","targetHints":{"allow":["GET"]}}],"collection":[{"href":"https:\/\/testwebsite.citygame.com\/it\/wp-json\/wp\/v2\/product"}],"about":[{"href":"https:\/\/testwebsite.citygame.com\/it\/wp-json\/wp\/v2\/types\/product"}],"acf:post":[{"embeddable":true,"href":"https:\/\/testwebsite.citygame.com\/it\/wp-json\/wp\/v2\/pages\/4692"}],"wp:featuredmedia":[{"embeddable":true,"href":"https:\/\/testwebsite.citygame.com\/it\/wp-json\/wp\/v2\/media\/13928"}],"wp:attachment":[{"href":"https:\/\/testwebsite.citygame.com\/it\/wp-json\/wp\/v2\/media?parent=58736"}],"wp:term":[{"taxonomy":"game-concept","embeddable":true,"href":"https:\/\/testwebsite.citygame.com\/it\/wp-json\/wp\/v2\/game-concept?post=58736"},{"taxonomy":"location","embeddable":true,"href":"https:\/\/testwebsite.citygame.com\/it\/wp-json\/wp\/v2\/location?post=58736"},{"taxonomy":"product_brand","embeddable":true,"href":"https:\/\/testwebsite.citygame.com\/it\/wp-json\/wp\/v2\/product_brand?post=58736"},{"taxonomy":"product_cat","embeddable":true,"href":"https:\/\/testwebsite.citygame.com\/it\/wp-json\/wp\/v2\/product_cat?post=58736"},{"taxonomy":"product_tag","embeddable":true,"href":"https:\/\/testwebsite.citygame.com\/it\/wp-json\/wp\/v2\/product_tag?post=58736"}],"curies":[{"name":"wp","href":"https:\/\/api.w.org\/{rel}","templated":true}]}}