{"id":50543,"date":"2026-01-13T11:47:40","date_gmt":"2026-01-13T11:47:40","guid":{"rendered":"https:\/\/testwebsite.citygame.com\/games\/unknown-location\/prodotto-482\/"},"modified":"2026-04-04T01:54:43","modified_gmt":"2026-04-04T01:54:43","slug":"prodotto-482","status":"publish","type":"product","link":"https:\/\/testwebsite.citygame.com\/it\/games\/unknown-location\/prodotto-482\/","title":{"rendered":"Prodotto"},"content":{"rendered":"","protected":false},"excerpt":{"rendered":"","protected":false},"featured_media":3667,"template":"","meta":{"_acf_changed":false,"_yoast_wpseo_focuskw":"Secrets of Gothenburg","_yoast_wpseo_metadesc":"Secrets of Gothenburg. Gioca a un City Game autoguidato ed esplora la citt\u00e0 attraverso enigmi, indovinelli e sfide. Gioca al tuo ritmo e scopri come un abitante del posto!","_kad_blocks_custom_css":"","_kad_blocks_head_custom_js":"","_kad_blocks_body_custom_js":"","_kad_blocks_footer_custom_js":"","ghostkit_customizer_options":"","ghostkit_custom_css":"","ghostkit_custom_js_head":"","ghostkit_custom_js_foot":"","ghostkit_typography":"","_kad_post_transparent":"default","_kad_post_title":"","_kad_post_layout":"default","_kad_post_sidebar_id":"","_kad_post_content_style":"default","_kad_post_vertical_padding":"default","_kad_post_feature":"","_kad_post_feature_position":"","_kad_post_header":false,"_kad_post_footer":false,"_kad_post_classname":"","_links_to":"","_links_to_target":""},"game-concept":[36],"location":[],"product_brand":[],"product_cat":[665],"product_tag":[],"class_list":{"0":"post-50543","1":"product","2":"type-product","3":"status-publish","4":"has-post-thumbnail","6":"game-concept-secrets","7":"product_cat-senza-categoria","9":"first","10":"instock","11":"shipping-taxable","12":"purchasable","13":"product-type-simple","14":"entry","15":"content-bg","16":"loop-entry"},"acf":{"full_bokun_product_name":"Self-Guided Secrets of Gothenburg Exploration Game","location_name":"Gothenburg","bokun_calendar_widget_code":"<script type=\"text\/javascript\" src=\"https:\/\/widgets.bokun.io\/assets\/javascripts\/apps\/build\/BokunWidgetsLoader.js?bookingChannelUUID=a1e93e96-5232-4734-a595-28405f4b5a31\" async><\/script>\n     \n    <div class=\"bokunWidget\" data-src=\"https:\/\/widgets.bokun.io\/online-sales\/a1e93e96-5232-4734-a595-28405f4b5a31\/experience-calendar\/881911\"><\/div>\n    <noscript>Please enable javascript in your browser to book<\/noscript>","bokun_button_widget_code":"<script type=\"text\/javascript\" src=\"https:\/\/widgets.bokun.io\/assets\/javascripts\/apps\/build\/BokunWidgetsLoader.js?bookingChannelUUID=a1e93e96-5232-4734-a595-28405f4b5a31\" async><\/script>\n      <style> #bokun_ed001e45_5927_4f62_b470_ca766338d083 { display: inline-block; padding: .4em 1em; background: #47b82e; border-radius: 999999px; box-shadow: none; font-weight: 600; font-size: 24px; text-decoration: none; text-align: center; color: #FFFFFF; border:none; cursor: pointer; transition: background .2s ease; } #bokun_ed001e45_5927_4f62_b470_ca766338d083:hover{ background: #2f7b1f; } #bokun_ed001e45_5927_4f62_b470_ca766338d083:active{ background: #378f24; } <\/style> <button class=\"bokunButton\" disabled id=bokun_ed001e45_5927_4f62_b470_ca766338d083 data-src=\"https:\/\/widgets.bokun.io\/online-sales\/a1e93e96-5232-4734-a595-28405f4b5a31\/experience-calendar\/881911?partialView=1\" data-testid=\"widget-book-button\" > Book now <\/button> ","what_you\u2019ll_experience_during_the_game":"Durante il City Game 'Secrets of Gothenburg', esplorerai la citt\u00e0 attraverso una trama coinvolgente che fonde il turismo con la scoperta interattiva. Seguendo gli indizi, passerai sia per luoghi iconici che per angoli nascosti, imparando a conoscere la citt\u00e0 al tuo ritmo. Tra i punti salienti figurano lo storico Canale della Citt\u00e0, la sorprendente Gustav Adolfs Torg e l'imponente nave Barken Viking ormeggiata lungo il fiume. Lungo il percorso, potresti ritrovarti a fare una pausa al Kronhuset o a riflettere nel tranquillo Giardino della Citt\u00e0, il tutto mentre vivi Gothenburg da una nuova prospettiva.\r\n\r\nDurante il gioco, risolverai enigmi, risponderai a indovinelli e completerai sfide fotografiche creative che daranno vita a ogni luogo. Ogni compito ti aiuta a raccogliere punti, scoprire suggerimenti utili e avvicinarti al mistero finale che lega la storia. Il gioco \u00e8 progettato per essere flessibile, permettendoti di mettere in pausa in qualsiasi momento e continuare quando ti \u00e8 pi\u00f9 comodo. Coloro che cercano un vantaggio competitivo possono cercare di raggiungere una posizione di vertice nella classifica mentre esplorano Gothenburg attraverso questa coinvolgente sfida cittadina.","how_to_play":"Dopo la prenotazione, riceverai un'e-mail con il link diretto per giocare. Recati semplicemente al punto di partenza a Gustav Adolfs Torg, apri il link sul tuo smartphone e inizia la tua avventura. Il gioco \u00e8 completamente flessibile, quindi puoi mettere in pausa e riprendere quando vuoi, rendendolo il modo perfetto per esplorare Gothenburg al tuo ritmo.","start_location":"Gothenburg, Gustav Adolfs Torg","available_languages":"","players_per_group":"1-4","duration":"1.5-2 hours","image_overlay_color_image":"https:\/\/testwebsite.citygame.com\/wp-content\/blogs.dir\/1\/files\/sites\/62\/2026\/01\/SecretsColor.svg","image_overlay_game_logo":"https:\/\/testwebsite.citygame.com\/wp-content\/blogs.dir\/1\/files\/sites\/62\/2026\/01\/SecretsLogo.png","city_page":10913,"woocommerce_general_content":null,"the_story":"<strong>Due guerrieri. Una lotta. Nessun coltello.<\/strong><br><br>Johan the Swift ed Erik the Bear erano impegnati in un duello leggendario quando qualcosa and\u00f2 storto. Uno scontro, una caduta, e quando si svegliarono, senza armi, ancora legati alla cintura. Ora queste due anime testarde hanno bisogno del tuo aiuto per recuperare le loro lame sacre e finalmente regolare i conti.<br><br>Sfreccia per le strade tortuose di Gothenburg, salta sui ponti, cerca indizi e aiuta due rivali a scoprire cosa rende veramente un guerriero. Velocit\u00e0? Forza? O qualcosa di pi\u00f9 profondo?<br><br><strong>Sei venuto per esplorare. Sei rimasto per salvare la storia.<\/strong>","name_main_character":"Johan and Erik","photo_main_character":50544,"loquiz_or_kokimoki":"Kokimoki"},"yoast_head":"<!-- This site is optimized with the Yoast SEO Premium plugin v26.2 (Yoast SEO v26.3) - https:\/\/yoast.com\/wordpress\/plugins\/seo\/ -->\n<title>Prodotto - City Game<\/title>\n<meta name=\"description\" content=\"Secrets of Gothenburg. Gioca a un City Game autoguidato ed esplora la citt\u00e0 attraverso enigmi, indovinelli e sfide. Gioca al tuo ritmo e scopri come un abitante del posto!\" \/>\n<meta name=\"robots\" content=\"noindex, follow, max-snippet:-1, max-image-preview:large, max-video-preview:-1\" \/>\n<meta property=\"og:locale\" content=\"it_IT\" \/>\n<meta property=\"og:type\" content=\"article\" \/>\n<meta property=\"og:title\" content=\"Prodotto\" \/>\n<meta property=\"og:description\" content=\"Secrets of Gothenburg. Gioca a un City Game autoguidato ed esplora la citt\u00e0 attraverso enigmi, indovinelli e sfide. Gioca al tuo ritmo e scopri come un abitante del posto!\" \/>\n<meta property=\"og:url\" content=\"https:\/\/testwebsite.citygame.com\/it\/games\/unknown-location\/prodotto-482\/\" \/>\n<meta property=\"og:site_name\" content=\"City Game\" \/>\n<meta property=\"article:publisher\" content=\"https:\/\/www.facebook.com\/profile.php?id=100086426226253\" \/>\n<meta property=\"article:modified_time\" content=\"2026-04-04T01:54:43+00:00\" \/>\n<meta property=\"og:image\" content=\"https:\/\/testwebsite.citygame.com\/wp-content\/blogs.dir\/1\/files\/sites\/62\/2026\/01\/group-of-friends-playing-city-game-gothenburg.jpg\" \/>\n\t<meta property=\"og:image:width\" content=\"1248\" \/>\n\t<meta property=\"og:image:height\" content=\"832\" \/>\n\t<meta property=\"og:image:type\" content=\"image\/jpeg\" \/>\n<meta name=\"twitter:card\" content=\"summary_large_image\" \/>\n<script type=\"application\/ld+json\" class=\"yoast-schema-graph\">{\"@context\":\"https:\/\/schema.org\",\"@graph\":[{\"@type\":\"WebPage\",\"@id\":\"https:\/\/testwebsite.citygame.com\/it\/games\/unknown-location\/prodotto-482\/\",\"url\":\"https:\/\/testwebsite.citygame.com\/it\/games\/unknown-location\/prodotto-482\/\",\"name\":\"Prodotto - City Game\",\"isPartOf\":{\"@id\":\"https:\/\/testwebsite.upevents.nl\/#website\"},\"primaryImageOfPage\":{\"@id\":\"https:\/\/testwebsite.citygame.com\/it\/games\/unknown-location\/prodotto-482\/#primaryimage\"},\"image\":{\"@id\":\"https:\/\/testwebsite.citygame.com\/it\/games\/unknown-location\/prodotto-482\/#primaryimage\"},\"thumbnailUrl\":\"https:\/\/testwebsite.citygame.com\/wp-content\/blogs.dir\/1\/files\/sites\/62\/2026\/01\/group-of-friends-playing-city-game-gothenburg.jpg\",\"datePublished\":\"2026-01-13T11:47:40+00:00\",\"dateModified\":\"2026-04-04T01:54:43+00:00\",\"description\":\"Secrets of Gothenburg. Gioca a un City Game autoguidato ed esplora la citt\u00e0 attraverso enigmi, indovinelli e sfide. Gioca al tuo ritmo e scopri come un abitante del posto!\",\"breadcrumb\":{\"@id\":\"https:\/\/testwebsite.citygame.com\/it\/games\/unknown-location\/prodotto-482\/#breadcrumb\"},\"inLanguage\":\"it-IT\",\"potentialAction\":[{\"@type\":\"ReadAction\",\"target\":[\"https:\/\/testwebsite.citygame.com\/it\/games\/unknown-location\/prodotto-482\/\"]}]},{\"@type\":\"ImageObject\",\"inLanguage\":\"it-IT\",\"@id\":\"https:\/\/testwebsite.citygame.com\/it\/games\/unknown-location\/prodotto-482\/#primaryimage\",\"url\":\"https:\/\/testwebsite.citygame.com\/wp-content\/blogs.dir\/1\/files\/sites\/62\/2026\/01\/group-of-friends-playing-city-game-gothenburg.jpg\",\"contentUrl\":\"https:\/\/testwebsite.citygame.com\/wp-content\/blogs.dir\/1\/files\/sites\/62\/2026\/01\/group-of-friends-playing-city-game-gothenburg.jpg\",\"width\":1248,\"height\":832,\"caption\":\"A group of four friends enjoying a city game together on a street in Gothenburg.\"},{\"@type\":\"BreadcrumbList\",\"@id\":\"https:\/\/testwebsite.citygame.com\/it\/games\/unknown-location\/prodotto-482\/#breadcrumb\",\"itemListElement\":[{\"@type\":\"ListItem\",\"position\":1,\"name\":\"Home\",\"item\":\"https:\/\/testwebsite.citygame.com\/it\/\"},{\"@type\":\"ListItem\",\"position\":2,\"name\":\"Shop\",\"item\":\"https:\/\/testwebsite.citygame.com\/shop\/\"},{\"@type\":\"ListItem\",\"position\":3,\"name\":\"Prodotto\"}]},{\"@type\":\"WebSite\",\"@id\":\"https:\/\/testwebsite.upevents.nl\/#website\",\"url\":\"https:\/\/testwebsite.upevents.nl\/\",\"name\":\"City Game\",\"description\":\"\",\"publisher\":{\"@id\":\"https:\/\/testwebsite.upevents.nl\/#organization\"},\"alternateName\":\"citygame.com\",\"potentialAction\":[{\"@type\":\"SearchAction\",\"target\":{\"@type\":\"EntryPoint\",\"urlTemplate\":\"https:\/\/testwebsite.upevents.nl\/?s={search_term_string}\"},\"query-input\":{\"@type\":\"PropertyValueSpecification\",\"valueRequired\":true,\"valueName\":\"search_term_string\"}}],\"inLanguage\":\"it-IT\"},{\"@type\":[\"Organization\",\"Place\"],\"@id\":\"https:\/\/testwebsite.upevents.nl\/#organization\",\"name\":\"City Game\",\"alternateName\":\"citygame.com\",\"url\":\"https:\/\/testwebsite.upevents.nl\/\",\"logo\":{\"@id\":\"https:\/\/testwebsite.citygame.com\/it\/games\/unknown-location\/prodotto-482\/#local-main-organization-logo\"},\"image\":{\"@id\":\"https:\/\/testwebsite.citygame.com\/it\/games\/unknown-location\/prodotto-482\/#local-main-organization-logo\"},\"sameAs\":[\"https:\/\/www.facebook.com\/profile.php?id=100086426226253\",\"https:\/\/www.instagram.com\/citygame_com\",\"https:\/\/www.tiktok.com\/@citygamecom\/\",\"https:\/\/www.linkedin.com\/company\/citygame-com\"],\"description\":\"Turn any city into a playground with our interactive City Games and self-guided tours. Fun, flexible, and ideal for groups and team building.\",\"telephone\":[],\"openingHoursSpecification\":[{\"@type\":\"OpeningHoursSpecification\",\"dayOfWeek\":[\"Monday\",\"Tuesday\",\"Wednesday\",\"Thursday\",\"Friday\",\"Saturday\",\"Sunday\"],\"opens\":\"09:00\",\"closes\":\"17:00\"}]},{\"@type\":\"ImageObject\",\"inLanguage\":\"it-IT\",\"@id\":\"https:\/\/testwebsite.citygame.com\/it\/games\/unknown-location\/prodotto-482\/#local-main-organization-logo\",\"url\":\"https:\/\/testwebsite.citygame.com\/wp-content\/blogs.dir\/1\/files\/sites\/62\/2025\/10\/CG_LOGO-City-Game.png\",\"contentUrl\":\"https:\/\/testwebsite.citygame.com\/wp-content\/blogs.dir\/1\/files\/sites\/62\/2025\/10\/CG_LOGO-City-Game.png\",\"width\":351,\"height\":377,\"caption\":\"City Game\"}]}<\/script>\n<!-- \/ Yoast SEO Premium plugin. -->","yoast_head_json":{"title":"Prodotto - City Game","description":"Secrets of Gothenburg. Gioca a un City Game autoguidato ed esplora la citt\u00e0 attraverso enigmi, indovinelli e sfide. Gioca al tuo ritmo e scopri come un abitante del posto!","robots":{"index":"noindex","follow":"follow","max-snippet":"max-snippet:-1","max-image-preview":"max-image-preview:large","max-video-preview":"max-video-preview:-1"},"og_locale":"it_IT","og_type":"article","og_title":"Prodotto","og_description":"Secrets of Gothenburg. Gioca a un City Game autoguidato ed esplora la citt\u00e0 attraverso enigmi, indovinelli e sfide. Gioca al tuo ritmo e scopri come un abitante del posto!","og_url":"https:\/\/testwebsite.citygame.com\/it\/games\/unknown-location\/prodotto-482\/","og_site_name":"City Game","article_publisher":"https:\/\/www.facebook.com\/profile.php?id=100086426226253","article_modified_time":"2026-04-04T01:54:43+00:00","og_image":[{"width":1248,"height":832,"url":"https:\/\/testwebsite.citygame.com\/wp-content\/blogs.dir\/1\/files\/sites\/62\/2026\/01\/group-of-friends-playing-city-game-gothenburg.jpg","type":"image\/jpeg"}],"twitter_card":"summary_large_image","schema":{"@context":"https:\/\/schema.org","@graph":[{"@type":"WebPage","@id":"https:\/\/testwebsite.citygame.com\/it\/games\/unknown-location\/prodotto-482\/","url":"https:\/\/testwebsite.citygame.com\/it\/games\/unknown-location\/prodotto-482\/","name":"Prodotto - City Game","isPartOf":{"@id":"https:\/\/testwebsite.upevents.nl\/#website"},"primaryImageOfPage":{"@id":"https:\/\/testwebsite.citygame.com\/it\/games\/unknown-location\/prodotto-482\/#primaryimage"},"image":{"@id":"https:\/\/testwebsite.citygame.com\/it\/games\/unknown-location\/prodotto-482\/#primaryimage"},"thumbnailUrl":"https:\/\/testwebsite.citygame.com\/wp-content\/blogs.dir\/1\/files\/sites\/62\/2026\/01\/group-of-friends-playing-city-game-gothenburg.jpg","datePublished":"2026-01-13T11:47:40+00:00","dateModified":"2026-04-04T01:54:43+00:00","description":"Secrets of Gothenburg. Gioca a un City Game autoguidato ed esplora la citt\u00e0 attraverso enigmi, indovinelli e sfide. Gioca al tuo ritmo e scopri come un abitante del posto!","breadcrumb":{"@id":"https:\/\/testwebsite.citygame.com\/it\/games\/unknown-location\/prodotto-482\/#breadcrumb"},"inLanguage":"it-IT","potentialAction":[{"@type":"ReadAction","target":["https:\/\/testwebsite.citygame.com\/it\/games\/unknown-location\/prodotto-482\/"]}]},{"@type":"ImageObject","inLanguage":"it-IT","@id":"https:\/\/testwebsite.citygame.com\/it\/games\/unknown-location\/prodotto-482\/#primaryimage","url":"https:\/\/testwebsite.citygame.com\/wp-content\/blogs.dir\/1\/files\/sites\/62\/2026\/01\/group-of-friends-playing-city-game-gothenburg.jpg","contentUrl":"https:\/\/testwebsite.citygame.com\/wp-content\/blogs.dir\/1\/files\/sites\/62\/2026\/01\/group-of-friends-playing-city-game-gothenburg.jpg","width":1248,"height":832,"caption":"A group of four friends enjoying a city game together on a street in Gothenburg."},{"@type":"BreadcrumbList","@id":"https:\/\/testwebsite.citygame.com\/it\/games\/unknown-location\/prodotto-482\/#breadcrumb","itemListElement":[{"@type":"ListItem","position":1,"name":"Home","item":"https:\/\/testwebsite.citygame.com\/it\/"},{"@type":"ListItem","position":2,"name":"Shop","item":"https:\/\/testwebsite.citygame.com\/shop\/"},{"@type":"ListItem","position":3,"name":"Prodotto"}]},{"@type":"WebSite","@id":"https:\/\/testwebsite.upevents.nl\/#website","url":"https:\/\/testwebsite.upevents.nl\/","name":"City Game","description":"","publisher":{"@id":"https:\/\/testwebsite.upevents.nl\/#organization"},"alternateName":"citygame.com","potentialAction":[{"@type":"SearchAction","target":{"@type":"EntryPoint","urlTemplate":"https:\/\/testwebsite.upevents.nl\/?s={search_term_string}"},"query-input":{"@type":"PropertyValueSpecification","valueRequired":true,"valueName":"search_term_string"}}],"inLanguage":"it-IT"},{"@type":["Organization","Place"],"@id":"https:\/\/testwebsite.upevents.nl\/#organization","name":"City Game","alternateName":"citygame.com","url":"https:\/\/testwebsite.upevents.nl\/","logo":{"@id":"https:\/\/testwebsite.citygame.com\/it\/games\/unknown-location\/prodotto-482\/#local-main-organization-logo"},"image":{"@id":"https:\/\/testwebsite.citygame.com\/it\/games\/unknown-location\/prodotto-482\/#local-main-organization-logo"},"sameAs":["https:\/\/www.facebook.com\/profile.php?id=100086426226253","https:\/\/www.instagram.com\/citygame_com","https:\/\/www.tiktok.com\/@citygamecom\/","https:\/\/www.linkedin.com\/company\/citygame-com"],"description":"Turn any city into a playground with our interactive City Games and self-guided tours. Fun, flexible, and ideal for groups and team building.","telephone":[],"openingHoursSpecification":[{"@type":"OpeningHoursSpecification","dayOfWeek":["Monday","Tuesday","Wednesday","Thursday","Friday","Saturday","Sunday"],"opens":"09:00","closes":"17:00"}]},{"@type":"ImageObject","inLanguage":"it-IT","@id":"https:\/\/testwebsite.citygame.com\/it\/games\/unknown-location\/prodotto-482\/#local-main-organization-logo","url":"https:\/\/testwebsite.citygame.com\/wp-content\/blogs.dir\/1\/files\/sites\/62\/2025\/10\/CG_LOGO-City-Game.png","contentUrl":"https:\/\/testwebsite.citygame.com\/wp-content\/blogs.dir\/1\/files\/sites\/62\/2025\/10\/CG_LOGO-City-Game.png","width":351,"height":377,"caption":"City Game"}]}},"taxonomy_info":{"game-concept":[{"value":36,"label":"Secrets"}],"product_cat":[{"value":665,"label":"Senza categoria"}]},"featured_image_src_large":["https:\/\/testwebsite.citygame.com\/wp-content\/blogs.dir\/1\/files\/sites\/62\/2026\/01\/group-of-friends-playing-city-game-gothenburg-1024x683.jpg",1024,683,true],"author_info":[],"comment_info":"","_links":{"self":[{"href":"https:\/\/testwebsite.citygame.com\/it\/wp-json\/wp\/v2\/product\/50543","targetHints":{"allow":["GET"]}}],"collection":[{"href":"https:\/\/testwebsite.citygame.com\/it\/wp-json\/wp\/v2\/product"}],"about":[{"href":"https:\/\/testwebsite.citygame.com\/it\/wp-json\/wp\/v2\/types\/product"}],"acf:post":[{"embeddable":true,"href":"https:\/\/testwebsite.citygame.com\/it\/wp-json\/wp\/v2\/pages\/10913"}],"wp:featuredmedia":[{"embeddable":true,"href":"https:\/\/testwebsite.citygame.com\/it\/wp-json\/wp\/v2\/media\/3667"}],"wp:attachment":[{"href":"https:\/\/testwebsite.citygame.com\/it\/wp-json\/wp\/v2\/media?parent=50543"}],"wp:term":[{"taxonomy":"game-concept","embeddable":true,"href":"https:\/\/testwebsite.citygame.com\/it\/wp-json\/wp\/v2\/game-concept?post=50543"},{"taxonomy":"location","embeddable":true,"href":"https:\/\/testwebsite.citygame.com\/it\/wp-json\/wp\/v2\/location?post=50543"},{"taxonomy":"product_brand","embeddable":true,"href":"https:\/\/testwebsite.citygame.com\/it\/wp-json\/wp\/v2\/product_brand?post=50543"},{"taxonomy":"product_cat","embeddable":true,"href":"https:\/\/testwebsite.citygame.com\/it\/wp-json\/wp\/v2\/product_cat?post=50543"},{"taxonomy":"product_tag","embeddable":true,"href":"https:\/\/testwebsite.citygame.com\/it\/wp-json\/wp\/v2\/product_tag?post=50543"}],"curies":[{"name":"wp","href":"https:\/\/api.w.org\/{rel}","templated":true}]}}