{"id":42161,"date":"2026-01-15T12:56:16","date_gmt":"2026-01-15T12:56:16","guid":{"rendered":"https:\/\/testwebsite.citygame.com\/games\/unknown-location\/prodotto-365\/"},"modified":"2026-04-02T17:52:16","modified_gmt":"2026-04-02T17:52:16","slug":"prodotto-365","status":"publish","type":"product","link":"https:\/\/testwebsite.citygame.com\/it\/games\/unknown-location\/prodotto-365\/","title":{"rendered":"Prodotto"},"content":{"rendered":"","protected":false},"excerpt":{"rendered":"","protected":false},"featured_media":4076,"template":"","meta":{"_acf_changed":false,"_yoast_wpseo_focuskw":"Secrets of Lublin","_yoast_wpseo_metadesc":"Secrets of Lublin. Gioca a un City Game autoguidato ed esplora la citt\u00e0 attraverso enigmi, indovinelli e sfide. Gioca al tuo ritmo e scopri come un abitante del posto!","_kad_blocks_custom_css":"","_kad_blocks_head_custom_js":"","_kad_blocks_body_custom_js":"","_kad_blocks_footer_custom_js":"","ghostkit_customizer_options":"","ghostkit_custom_css":"","ghostkit_custom_js_head":"","ghostkit_custom_js_foot":"","ghostkit_typography":"","_kad_post_transparent":"default","_kad_post_title":"","_kad_post_layout":"default","_kad_post_sidebar_id":"","_kad_post_content_style":"default","_kad_post_vertical_padding":"default","_kad_post_feature":"","_kad_post_feature_position":"","_kad_post_header":false,"_kad_post_footer":false,"_kad_post_classname":"","_links_to":"","_links_to_target":""},"game-concept":[36],"location":[],"product_brand":[],"product_cat":[665],"product_tag":[],"class_list":{"0":"post-42161","1":"product","2":"type-product","3":"status-publish","4":"has-post-thumbnail","6":"game-concept-secrets","7":"product_cat-senza-categoria","9":"first","10":"instock","11":"shipping-taxable","12":"purchasable","13":"product-type-simple","14":"entry","15":"content-bg","16":"loop-entry"},"acf":{"full_bokun_product_name":"Self-Guided Secrets of Lublin Exploration Game","location_name":"Lublin","bokun_calendar_widget_code":"<script type=\"text\/javascript\" src=\"https:\/\/widgets.bokun.io\/assets\/javascripts\/apps\/build\/BokunWidgetsLoader.js?bookingChannelUUID=a1e93e96-5232-4734-a595-28405f4b5a31\" async><\/script>\n     \n    <div class=\"bokunWidget\" data-src=\"https:\/\/widgets.bokun.io\/online-sales\/a1e93e96-5232-4734-a595-28405f4b5a31\/experience-calendar\/1108017\"><\/div>\n    <noscript>Please enable javascript in your browser to book<\/noscript>","bokun_button_widget_code":"<script type=\"text\/javascript\" src=\"https:\/\/widgets.bokun.io\/assets\/javascripts\/apps\/build\/BokunWidgetsLoader.js?bookingChannelUUID=a1e93e96-5232-4734-a595-28405f4b5a31\" async><\/script>\n      <style> #bokun_ed001e45_5927_4f62_b470_ca766338d083 { display: inline-block; padding: .4em 1em; background: #47b82e; border-radius: 999999px; box-shadow: none; font-weight: 600; font-size: 24px; text-decoration: none; text-align: center; color: #FFFFFF; border:none; cursor: pointer; transition: background .2s ease; } #bokun_ed001e45_5927_4f62_b470_ca766338d083:hover{ background: #2f7b1f; } #bokun_ed001e45_5927_4f62_b470_ca766338d083:active{ background: #378f24; } <\/style> <button class=\"bokunButton\" disabled id=bokun_ed001e45_5927_4f62_b470_ca766338d083 data-src=\"https:\/\/widgets.bokun.io\/online-sales\/a1e93e96-5232-4734-a595-28405f4b5a31\/experience-calendar\/1108017?partialView=1\" data-testid=\"widget-book-button\" > Book now <\/button> ","what_you\u2019ll_experience_during_the_game":"Durante il City Game Secrets of Lublin, scoprirete la citt\u00e0 attraverso un mix di esplorazione e storytelling. Il gioco vi guida oltre monumenti storici come la Krak\u00f3w Gate e il Crown Tribunal, attirando anche l'attenzione su angoli pi\u00f9 curiosi come l'Acrobat Statue e la misteriosa Stone of Misfortune. Passeggiate lungo Ku Farze Street, alzate lo sguardo verso la Trinitarian Tower o contemplate la solenne bellezza della Grodzka Gate. Questa esperienza immersiva collega luoghi noti con gemme nascoste, rivelando la storia stratificata e l'atmosfera unica della Citt\u00e0 Vecchia di Lublin.\r\n\r\nNavigando per la citt\u00e0, risolverete enigmi interattivi, indovinelli e sfide fotografiche che rivelano nuovi strati della storia e vi aiutano a guadagnare punti. Ogni compito risolto vi avvicina al mistero finale, offrendo indizi e suggerimenti per farvi andare avanti. Il gioco pu\u00f2 essere messo in pausa e ripreso in qualsiasi momento, permettendovi di godervi Lublin al vostro ritmo. Se vi sentite competitivi, potete puntare a un posto in cima alla classifica completando le sfide in squadra o come giocatore singolo.","how_to_play":"Dopo la prenotazione, riceverete un'email con un link diretto per iniziare il vostro gioco. Recatevi semplicemente al Crown Tribunal (Trybuna\u0142 Koronny), aprite il link sul vostro smartphone e iniziate subito a esplorare. Potete mettere in pausa e continuare il gioco quando volete, rendendola l'avventura flessibile perfetta per il vostro tempo a Lublin.","start_location":"Lublin, Crown Tribunal (Trybuna\u0142 Koronny)","available_languages":"","players_per_group":"1-4","duration":"1.5-2 hours","image_overlay_color_image":"https:\/\/testwebsite.citygame.com\/wp-content\/blogs.dir\/1\/files\/sites\/62\/2026\/01\/SecretsColor.svg","image_overlay_game_logo":"https:\/\/testwebsite.citygame.com\/wp-content\/blogs.dir\/1\/files\/sites\/62\/2026\/01\/SecretsLogo.png","city_page":15942,"woocommerce_general_content":null,"the_story":"<strong>Lublin indossa la storia come una seconda pelle, le piazze acciottolate custodiscono la memoria, i vicoli nascosti risuonano di versi inauditi. E nel silenzio tra gli edifici, una voce chiama. Julia Hartwig, poetessa e figlia di questa citt\u00e0, ha perso il suo quaderno. Le sue pagine sono sparse per le strade che un tempo percorreva con meraviglia. Ognuna custodisce un pezzo di lei, un pensiero, un ritmo, un soffio della vecchia Lublin.<\/strong><br><br>Con Julia come guida, inseguirete poesie attraverso cappelle dimenticate, cancelli fatiscenti e angoli dove arte e dolore si incontrano. Questo non \u00e8 un quaderno qualsiasi, custodisce l'anima della citt\u00e0 nell'inchiostro. Recuperatelo, e non riporterete indietro solo le sue parole. Aiuterete Lublin a ricordare come parlare.<br><br><strong>Siete venuti per esplorare. Siete rimasti per salvare la storia.<\/strong>","name_main_character":"Julia Hartwig","photo_main_character":42162,"loquiz_or_kokimoki":"Kokimoki"},"yoast_head":"<!-- This site is optimized with the Yoast SEO Premium plugin v26.2 (Yoast SEO v26.3) - https:\/\/yoast.com\/wordpress\/plugins\/seo\/ -->\n<title>Prodotto - City Game<\/title>\n<meta name=\"description\" content=\"Secrets of Lublin. Gioca a un City Game autoguidato ed esplora la citt\u00e0 attraverso enigmi, indovinelli e sfide. Gioca al tuo ritmo e scopri come un abitante del posto!\" \/>\n<meta name=\"robots\" content=\"noindex, follow, max-snippet:-1, max-image-preview:large, max-video-preview:-1\" \/>\n<meta property=\"og:locale\" content=\"it_IT\" \/>\n<meta property=\"og:type\" content=\"article\" \/>\n<meta property=\"og:title\" content=\"Prodotto\" \/>\n<meta property=\"og:description\" content=\"Secrets of Lublin. Gioca a un City Game autoguidato ed esplora la citt\u00e0 attraverso enigmi, indovinelli e sfide. Gioca al tuo ritmo e scopri come un abitante del posto!\" \/>\n<meta property=\"og:url\" content=\"https:\/\/testwebsite.citygame.com\/it\/games\/unknown-location\/prodotto-365\/\" \/>\n<meta property=\"og:site_name\" content=\"City Game\" \/>\n<meta property=\"article:publisher\" content=\"https:\/\/www.facebook.com\/profile.php?id=100086426226253\" \/>\n<meta property=\"article:modified_time\" content=\"2026-04-02T17:52:16+00:00\" \/>\n<meta property=\"og:image\" content=\"https:\/\/testwebsite.citygame.com\/wp-content\/blogs.dir\/1\/files\/sites\/62\/2026\/01\/player-with-city-game-app-at-monument-to-the-victims-of-the-ghetto-lublin.jpg\" \/>\n\t<meta property=\"og:image:width\" content=\"864\" \/>\n\t<meta property=\"og:image:height\" content=\"1184\" \/>\n\t<meta property=\"og:image:type\" content=\"image\/jpeg\" \/>\n<meta name=\"twitter:card\" content=\"summary_large_image\" \/>\n<script type=\"application\/ld+json\" class=\"yoast-schema-graph\">{\"@context\":\"https:\/\/schema.org\",\"@graph\":[{\"@type\":\"WebPage\",\"@id\":\"https:\/\/testwebsite.citygame.com\/it\/games\/unknown-location\/prodotto-365\/\",\"url\":\"https:\/\/testwebsite.citygame.com\/it\/games\/unknown-location\/prodotto-365\/\",\"name\":\"Prodotto - City Game\",\"isPartOf\":{\"@id\":\"https:\/\/testwebsite.upevents.nl\/#website\"},\"primaryImageOfPage\":{\"@id\":\"https:\/\/testwebsite.citygame.com\/it\/games\/unknown-location\/prodotto-365\/#primaryimage\"},\"image\":{\"@id\":\"https:\/\/testwebsite.citygame.com\/it\/games\/unknown-location\/prodotto-365\/#primaryimage\"},\"thumbnailUrl\":\"https:\/\/testwebsite.citygame.com\/wp-content\/blogs.dir\/1\/files\/sites\/62\/2026\/01\/player-with-city-game-app-at-monument-to-the-victims-of-the-ghetto-lublin.jpg\",\"datePublished\":\"2026-01-15T12:56:16+00:00\",\"dateModified\":\"2026-04-02T17:52:16+00:00\",\"description\":\"Secrets of Lublin. Gioca a un City Game autoguidato ed esplora la citt\u00e0 attraverso enigmi, indovinelli e sfide. Gioca al tuo ritmo e scopri come un abitante del posto!\",\"breadcrumb\":{\"@id\":\"https:\/\/testwebsite.citygame.com\/it\/games\/unknown-location\/prodotto-365\/#breadcrumb\"},\"inLanguage\":\"it-IT\",\"potentialAction\":[{\"@type\":\"ReadAction\",\"target\":[\"https:\/\/testwebsite.citygame.com\/it\/games\/unknown-location\/prodotto-365\/\"]}]},{\"@type\":\"ImageObject\",\"inLanguage\":\"it-IT\",\"@id\":\"https:\/\/testwebsite.citygame.com\/it\/games\/unknown-location\/prodotto-365\/#primaryimage\",\"url\":\"https:\/\/testwebsite.citygame.com\/wp-content\/blogs.dir\/1\/files\/sites\/62\/2026\/01\/player-with-city-game-app-at-monument-to-the-victims-of-the-ghetto-lublin.jpg\",\"contentUrl\":\"https:\/\/testwebsite.citygame.com\/wp-content\/blogs.dir\/1\/files\/sites\/62\/2026\/01\/player-with-city-game-app-at-monument-to-the-victims-of-the-ghetto-lublin.jpg\",\"width\":864,\"height\":1184,\"caption\":\"A visitor uses a smartphone app to learn more about the history of the Monument to the Victims of the Ghetto.\"},{\"@type\":\"BreadcrumbList\",\"@id\":\"https:\/\/testwebsite.citygame.com\/it\/games\/unknown-location\/prodotto-365\/#breadcrumb\",\"itemListElement\":[{\"@type\":\"ListItem\",\"position\":1,\"name\":\"Home\",\"item\":\"https:\/\/testwebsite.citygame.com\/it\/\"},{\"@type\":\"ListItem\",\"position\":2,\"name\":\"Shop\",\"item\":\"https:\/\/testwebsite.citygame.com\/shop\/\"},{\"@type\":\"ListItem\",\"position\":3,\"name\":\"Prodotto\"}]},{\"@type\":\"WebSite\",\"@id\":\"https:\/\/testwebsite.upevents.nl\/#website\",\"url\":\"https:\/\/testwebsite.upevents.nl\/\",\"name\":\"City Game\",\"description\":\"\",\"publisher\":{\"@id\":\"https:\/\/testwebsite.upevents.nl\/#organization\"},\"alternateName\":\"citygame.com\",\"potentialAction\":[{\"@type\":\"SearchAction\",\"target\":{\"@type\":\"EntryPoint\",\"urlTemplate\":\"https:\/\/testwebsite.upevents.nl\/?s={search_term_string}\"},\"query-input\":{\"@type\":\"PropertyValueSpecification\",\"valueRequired\":true,\"valueName\":\"search_term_string\"}}],\"inLanguage\":\"it-IT\"},{\"@type\":[\"Organization\",\"Place\"],\"@id\":\"https:\/\/testwebsite.upevents.nl\/#organization\",\"name\":\"City Game\",\"alternateName\":\"citygame.com\",\"url\":\"https:\/\/testwebsite.upevents.nl\/\",\"logo\":{\"@id\":\"https:\/\/testwebsite.citygame.com\/it\/games\/unknown-location\/prodotto-365\/#local-main-organization-logo\"},\"image\":{\"@id\":\"https:\/\/testwebsite.citygame.com\/it\/games\/unknown-location\/prodotto-365\/#local-main-organization-logo\"},\"sameAs\":[\"https:\/\/www.facebook.com\/profile.php?id=100086426226253\",\"https:\/\/www.instagram.com\/citygame_com\",\"https:\/\/www.tiktok.com\/@citygamecom\/\",\"https:\/\/www.linkedin.com\/company\/citygame-com\"],\"description\":\"Turn any city into a playground with our interactive City Games and self-guided tours. Fun, flexible, and ideal for groups and team building.\",\"telephone\":[],\"openingHoursSpecification\":[{\"@type\":\"OpeningHoursSpecification\",\"dayOfWeek\":[\"Monday\",\"Tuesday\",\"Wednesday\",\"Thursday\",\"Friday\",\"Saturday\",\"Sunday\"],\"opens\":\"09:00\",\"closes\":\"17:00\"}]},{\"@type\":\"ImageObject\",\"inLanguage\":\"it-IT\",\"@id\":\"https:\/\/testwebsite.citygame.com\/it\/games\/unknown-location\/prodotto-365\/#local-main-organization-logo\",\"url\":\"https:\/\/testwebsite.citygame.com\/wp-content\/blogs.dir\/1\/files\/sites\/62\/2025\/10\/CG_LOGO-City-Game.png\",\"contentUrl\":\"https:\/\/testwebsite.citygame.com\/wp-content\/blogs.dir\/1\/files\/sites\/62\/2025\/10\/CG_LOGO-City-Game.png\",\"width\":351,\"height\":377,\"caption\":\"City Game\"}]}<\/script>\n<!-- \/ Yoast SEO Premium plugin. -->","yoast_head_json":{"title":"Prodotto - City Game","description":"Secrets of Lublin. Gioca a un City Game autoguidato ed esplora la citt\u00e0 attraverso enigmi, indovinelli e sfide. Gioca al tuo ritmo e scopri come un abitante del posto!","robots":{"index":"noindex","follow":"follow","max-snippet":"max-snippet:-1","max-image-preview":"max-image-preview:large","max-video-preview":"max-video-preview:-1"},"og_locale":"it_IT","og_type":"article","og_title":"Prodotto","og_description":"Secrets of Lublin. Gioca a un City Game autoguidato ed esplora la citt\u00e0 attraverso enigmi, indovinelli e sfide. Gioca al tuo ritmo e scopri come un abitante del posto!","og_url":"https:\/\/testwebsite.citygame.com\/it\/games\/unknown-location\/prodotto-365\/","og_site_name":"City Game","article_publisher":"https:\/\/www.facebook.com\/profile.php?id=100086426226253","article_modified_time":"2026-04-02T17:52:16+00:00","og_image":[{"width":864,"height":1184,"url":"https:\/\/testwebsite.citygame.com\/wp-content\/blogs.dir\/1\/files\/sites\/62\/2026\/01\/player-with-city-game-app-at-monument-to-the-victims-of-the-ghetto-lublin.jpg","type":"image\/jpeg"}],"twitter_card":"summary_large_image","schema":{"@context":"https:\/\/schema.org","@graph":[{"@type":"WebPage","@id":"https:\/\/testwebsite.citygame.com\/it\/games\/unknown-location\/prodotto-365\/","url":"https:\/\/testwebsite.citygame.com\/it\/games\/unknown-location\/prodotto-365\/","name":"Prodotto - City Game","isPartOf":{"@id":"https:\/\/testwebsite.upevents.nl\/#website"},"primaryImageOfPage":{"@id":"https:\/\/testwebsite.citygame.com\/it\/games\/unknown-location\/prodotto-365\/#primaryimage"},"image":{"@id":"https:\/\/testwebsite.citygame.com\/it\/games\/unknown-location\/prodotto-365\/#primaryimage"},"thumbnailUrl":"https:\/\/testwebsite.citygame.com\/wp-content\/blogs.dir\/1\/files\/sites\/62\/2026\/01\/player-with-city-game-app-at-monument-to-the-victims-of-the-ghetto-lublin.jpg","datePublished":"2026-01-15T12:56:16+00:00","dateModified":"2026-04-02T17:52:16+00:00","description":"Secrets of Lublin. Gioca a un City Game autoguidato ed esplora la citt\u00e0 attraverso enigmi, indovinelli e sfide. Gioca al tuo ritmo e scopri come un abitante del posto!","breadcrumb":{"@id":"https:\/\/testwebsite.citygame.com\/it\/games\/unknown-location\/prodotto-365\/#breadcrumb"},"inLanguage":"it-IT","potentialAction":[{"@type":"ReadAction","target":["https:\/\/testwebsite.citygame.com\/it\/games\/unknown-location\/prodotto-365\/"]}]},{"@type":"ImageObject","inLanguage":"it-IT","@id":"https:\/\/testwebsite.citygame.com\/it\/games\/unknown-location\/prodotto-365\/#primaryimage","url":"https:\/\/testwebsite.citygame.com\/wp-content\/blogs.dir\/1\/files\/sites\/62\/2026\/01\/player-with-city-game-app-at-monument-to-the-victims-of-the-ghetto-lublin.jpg","contentUrl":"https:\/\/testwebsite.citygame.com\/wp-content\/blogs.dir\/1\/files\/sites\/62\/2026\/01\/player-with-city-game-app-at-monument-to-the-victims-of-the-ghetto-lublin.jpg","width":864,"height":1184,"caption":"A visitor uses a smartphone app to learn more about the history of the Monument to the Victims of the Ghetto."},{"@type":"BreadcrumbList","@id":"https:\/\/testwebsite.citygame.com\/it\/games\/unknown-location\/prodotto-365\/#breadcrumb","itemListElement":[{"@type":"ListItem","position":1,"name":"Home","item":"https:\/\/testwebsite.citygame.com\/it\/"},{"@type":"ListItem","position":2,"name":"Shop","item":"https:\/\/testwebsite.citygame.com\/shop\/"},{"@type":"ListItem","position":3,"name":"Prodotto"}]},{"@type":"WebSite","@id":"https:\/\/testwebsite.upevents.nl\/#website","url":"https:\/\/testwebsite.upevents.nl\/","name":"City Game","description":"","publisher":{"@id":"https:\/\/testwebsite.upevents.nl\/#organization"},"alternateName":"citygame.com","potentialAction":[{"@type":"SearchAction","target":{"@type":"EntryPoint","urlTemplate":"https:\/\/testwebsite.upevents.nl\/?s={search_term_string}"},"query-input":{"@type":"PropertyValueSpecification","valueRequired":true,"valueName":"search_term_string"}}],"inLanguage":"it-IT"},{"@type":["Organization","Place"],"@id":"https:\/\/testwebsite.upevents.nl\/#organization","name":"City Game","alternateName":"citygame.com","url":"https:\/\/testwebsite.upevents.nl\/","logo":{"@id":"https:\/\/testwebsite.citygame.com\/it\/games\/unknown-location\/prodotto-365\/#local-main-organization-logo"},"image":{"@id":"https:\/\/testwebsite.citygame.com\/it\/games\/unknown-location\/prodotto-365\/#local-main-organization-logo"},"sameAs":["https:\/\/www.facebook.com\/profile.php?id=100086426226253","https:\/\/www.instagram.com\/citygame_com","https:\/\/www.tiktok.com\/@citygamecom\/","https:\/\/www.linkedin.com\/company\/citygame-com"],"description":"Turn any city into a playground with our interactive City Games and self-guided tours. Fun, flexible, and ideal for groups and team building.","telephone":[],"openingHoursSpecification":[{"@type":"OpeningHoursSpecification","dayOfWeek":["Monday","Tuesday","Wednesday","Thursday","Friday","Saturday","Sunday"],"opens":"09:00","closes":"17:00"}]},{"@type":"ImageObject","inLanguage":"it-IT","@id":"https:\/\/testwebsite.citygame.com\/it\/games\/unknown-location\/prodotto-365\/#local-main-organization-logo","url":"https:\/\/testwebsite.citygame.com\/wp-content\/blogs.dir\/1\/files\/sites\/62\/2025\/10\/CG_LOGO-City-Game.png","contentUrl":"https:\/\/testwebsite.citygame.com\/wp-content\/blogs.dir\/1\/files\/sites\/62\/2025\/10\/CG_LOGO-City-Game.png","width":351,"height":377,"caption":"City Game"}]}},"taxonomy_info":{"game-concept":[{"value":36,"label":"Secrets"}],"product_cat":[{"value":665,"label":"Senza categoria"}]},"featured_image_src_large":["https:\/\/testwebsite.citygame.com\/wp-content\/blogs.dir\/1\/files\/sites\/62\/2026\/01\/player-with-city-game-app-at-monument-to-the-victims-of-the-ghetto-lublin-747x1024.jpg",747,1024,true],"author_info":[],"comment_info":"","_links":{"self":[{"href":"https:\/\/testwebsite.citygame.com\/it\/wp-json\/wp\/v2\/product\/42161","targetHints":{"allow":["GET"]}}],"collection":[{"href":"https:\/\/testwebsite.citygame.com\/it\/wp-json\/wp\/v2\/product"}],"about":[{"href":"https:\/\/testwebsite.citygame.com\/it\/wp-json\/wp\/v2\/types\/product"}],"acf:post":[{"embeddable":true,"href":"https:\/\/testwebsite.citygame.com\/it\/wp-json\/wp\/v2\/pages\/15942"}],"wp:featuredmedia":[{"embeddable":true,"href":"https:\/\/testwebsite.citygame.com\/it\/wp-json\/wp\/v2\/media\/4076"}],"wp:attachment":[{"href":"https:\/\/testwebsite.citygame.com\/it\/wp-json\/wp\/v2\/media?parent=42161"}],"wp:term":[{"taxonomy":"game-concept","embeddable":true,"href":"https:\/\/testwebsite.citygame.com\/it\/wp-json\/wp\/v2\/game-concept?post=42161"},{"taxonomy":"location","embeddable":true,"href":"https:\/\/testwebsite.citygame.com\/it\/wp-json\/wp\/v2\/location?post=42161"},{"taxonomy":"product_brand","embeddable":true,"href":"https:\/\/testwebsite.citygame.com\/it\/wp-json\/wp\/v2\/product_brand?post=42161"},{"taxonomy":"product_cat","embeddable":true,"href":"https:\/\/testwebsite.citygame.com\/it\/wp-json\/wp\/v2\/product_cat?post=42161"},{"taxonomy":"product_tag","embeddable":true,"href":"https:\/\/testwebsite.citygame.com\/it\/wp-json\/wp\/v2\/product_tag?post=42161"}],"curies":[{"name":"wp","href":"https:\/\/api.w.org\/{rel}","templated":true}]}}