{"id":66602,"date":"2026-03-13T18:56:28","date_gmt":"2026-03-13T18:56:28","guid":{"rendered":"https:\/\/testwebsite.citygame.com\/games\/unknown-location\/secrets-of-middelburg\/"},"modified":"2026-04-08T21:37:52","modified_gmt":"2026-04-08T21:37:52","slug":"secrets-of-middelburg","status":"publish","type":"product","link":"https:\/\/testwebsite.citygame.com\/is\/games\/middelburg\/secrets-of-middelburg\/","title":{"rendered":"Secrets of Middelburg"},"content":{"rendered":"<p>Legg\u00f0u af sta\u00f0 \u00ed spennandi \u00e6vint\u00fdri me\u00f0 sj\u00e1lfslei\u00f0s\u00f6gninni, GPS-undirsta\u00f0a borgarleiknum &#8216;Secrets of Middelburg&#8217;. \u00deessi k\u00f6nnunarleikur gerir \u00fe\u00e9r kleift a\u00f0 kafa ofan \u00ed mi\u00f0borg Middelburg og nota snjalls\u00edmann \u00feinn sem greindan lei\u00f0s\u00f6gumann. Me\u00f0 \u00fev\u00ed a\u00f0 leysa \u00fdmsar \u00ferautir og lj\u00f3smynda\u00e1skoranir muntu s\u00f6kkva \u00fe\u00e9r ofan \u00ed r\u00edka s\u00f6gu borgarinnar, afhj\u00fapa menningu hennar og l\u00e6ra um falin sm\u00e1atri\u00f0i sem jafnvel langt\u00edma \u00edb\u00faar vita kannski ekki. \u00deessi inns\u00e6i leikur hentar b\u00e6\u00f0i heimam\u00f6nnum og gestum og er gr\u00edpandi lei\u00f0 til a\u00f0 sko\u00f0a borgina. Hvort sem \u00fe\u00fa ert einstaklingur, par, fj\u00f6lskylda e\u00f0a vinah\u00f3pur, \u00fe\u00e1 b\u00fd\u00f0ur \u00feessi Middelburg borgarleikur upp \u00e1 einstaka lei\u00f0 til a\u00f0 uppg\u00f6tva borgina og tryggir skemmtilegan k\u00f6nnunardag.<\/p>\n","protected":false},"excerpt":{"rendered":"<p>Uppg\u00f6tva\u00f0u dul\u00fa\u00f0 og tign Middelburg! St\u00edg\u00f0u inn \u00ed borg \u00fear sem sagan seytlar \u00far hverri s\u00edki og menning br\u00fdst fram \u00e1 hverjum marka\u00f0storgi. Afhj\u00fapa\u00f0u leyndarm\u00e1l sem leynast \u00ed mi\u00f0aldars\u00e1l hennar, Middelburg lofar spennu vi\u00f0 hvert gangst\u00e9ttarskref!<\/p>\n","protected":false},"featured_media":18861,"template":"","meta":{"_acf_changed":false,"_yoast_wpseo_focuskw":"Secrets of Middelburg","_yoast_wpseo_metadesc":"Secrets of Middelburg. Spila\u00f0u sj\u00e1lfslei\u00f0sagnarborgarleik og sko\u00f0a\u00f0u borgina \u00ed gegnum \u00ferautir, g\u00e1tur og \u00e1skoranir. Spila\u00f0u \u00e1 \u00fe\u00ednum eigin hra\u00f0a og uppg\u00f6tva\u00f0u eins og heimama\u00f0ur!","_kad_blocks_custom_css":"","_kad_blocks_head_custom_js":"","_kad_blocks_body_custom_js":"","_kad_blocks_footer_custom_js":"","ghostkit_customizer_options":"","ghostkit_custom_css":"","ghostkit_custom_js_head":"","ghostkit_custom_js_foot":"","ghostkit_typography":"","_kad_post_transparent":"","_kad_post_title":"","_kad_post_layout":"","_kad_post_sidebar_id":"","_kad_post_content_style":"","_kad_post_vertical_padding":"","_kad_post_feature":"","_kad_post_feature_position":"","_kad_post_header":false,"_kad_post_footer":false,"_kad_post_classname":"","_links_to":"","_links_to_target":""},"game-concept":[717],"location":[276],"product_brand":[],"product_cat":[27],"product_tag":[],"class_list":{"0":"post-66602","1":"product","2":"type-product","3":"status-publish","4":"has-post-thumbnail","6":"game-concept-secrets","7":"location-middelburg","8":"product_cat-geen-categorie","10":"first","11":"instock","12":"shipping-taxable","13":"purchasable","14":"product-type-simple","15":"entry","16":"content-bg","17":"loop-entry"},"acf":{"full_bokun_product_name":"Self-Guided Secrets of Middelburg Exploration Game","location_name":"Middelburg","bokun_calendar_widget_code":"<script type=\"text\/javascript\" src=\"https:\/\/widgets.bokun.io\/assets\/javascripts\/apps\/build\/BokunWidgetsLoader.js?bookingChannelUUID=a1e93e96-5232-4734-a595-28405f4b5a31\" async><\/script>\n     \n    <div class=\"bokunWidget\" data-src=\"https:\/\/widgets.bokun.io\/online-sales\/a1e93e96-5232-4734-a595-28405f4b5a31\/experience-calendar\/895762\"><\/div>\n    <noscript>Please enable javascript in your browser to book<\/noscript>","bokun_button_widget_code":"<script type=\"text\/javascript\" src=\"https:\/\/widgets.bokun.io\/assets\/javascripts\/apps\/build\/BokunWidgetsLoader.js?bookingChannelUUID=a1e93e96-5232-4734-a595-28405f4b5a31\" async><\/script>\n      <style> #bokun_ed001e45_5927_4f62_b470_ca766338d083 { display: inline-block; padding: .4em 1em; background: #47b82e; border-radius: 999999px; box-shadow: none; font-weight: 600; font-size: 24px; text-decoration: none; text-align: center; color: #FFFFFF; border:none; cursor: pointer; transition: background .2s ease; } #bokun_ed001e45_5927_4f62_b470_ca766338d083:hover{ background: #2f7b1f; } #bokun_ed001e45_5927_4f62_b470_ca766338d083:active{ background: #378f24; } <\/style> <button class=\"bokunButton\" disabled id=bokun_ed001e45_5927_4f62_b470_ca766338d083 data-src=\"https:\/\/widgets.bokun.io\/online-sales\/a1e93e96-5232-4734-a595-28405f4b5a31\/experience-calendar\/895762?partialView=1\" data-testid=\"widget-book-button\" > Book now <\/button> ","what_you\u2019ll_experience_during_the_game":"Upplif\u00f0u \u00e6vint\u00fdri sem er \u00f3l\u00edkt \u00f6\u00f0rum \u00feegar \u00fe\u00fa sko\u00f0ar hina fallegu borg Middelburg \u00ed borgarleiknum Secrets of Middelburg. \u00deessi leikur sam\u00fe\u00e6ttir \u00f3a\u00f0finnanlega sko\u00f0unarfer\u00f0ir me\u00f0 gr\u00edpandi fr\u00e1s\u00f6gn og gagnvirkum pr\u00f3funum, h\u00f6nnu\u00f0um til a\u00f0 \u00f6gra og skemmta. \u00deegar \u00fe\u00fa fer\u00f0 um borgina, vertu vi\u00f0b\u00fainn a\u00f0 afhj\u00fapa b\u00e6\u00f0i helgimynda og afskekktar gersemar, \u00fear sem borgin opinberar sig \u00fe\u00e9r \u00e1 n\u00fdjan og \u00f3v\u00e6ntan h\u00e1tt. Sumir sta\u00f0irnir sem \u00fe\u00fa munt rekast \u00e1 eru s\u00f6guleg d\u00f3mkirkja, kyrrl\u00e1t vindmylla og i\u00f0andi marka\u00f0storg, sem gefur mismunandi inns\u00fdn \u00ed r\u00edka menningu og s\u00f6gu Middelburg.\n\n\u00deegar \u00fe\u00fa sko\u00f0ar Middelburg fer\u00f0u ekki bara \u00ed sko\u00f0unarfer\u00f0ir, \u00fe\u00fa spilar. Leystu heillandi \u00ferautir, svara\u00f0u erfi\u00f0um spurningum og taktu \u00fe\u00e1tt \u00ed skapandi lj\u00f3smynda\u00e1skorunum til a\u00f0 komast \u00e1fram \u00ed leiknum. Hver loki\u00f0 \u00e1skorun gefur \u00fe\u00e9r stig, gerir \u00fe\u00e9r kleift a\u00f0 opna gagnlegar v\u00edsbendingar og f\u00e6rir \u00feig skrefi n\u00e6r \u00fev\u00ed a\u00f0 afhj\u00fapa lokamystery. Fyrir \u00fe\u00e1 sem leita a\u00f0 sm\u00e1 samkeppni, eltu h\u00e1a st\u00f6\u00f0u \u00e1 stigat\u00f6flunni e\u00f0a nj\u00f3ttu einfaldlega leiksins \u00e1 \u00fe\u00ednum eigin hra\u00f0a, og nj\u00f3ttu fallegs umhverfis. Ef \u00fe\u00fa \u00fearft a\u00f0 gera hl\u00e9 \u00e1 leiknum getur\u00f0u gert \u00fea\u00f0 \u00fe\u00e6gilega og haldi\u00f0 \u00e1fram hven\u00e6r sem \u00fe\u00fa ert tilb\u00fainn a\u00f0 halda \u00e1fram \u00e6vint\u00fdrinu. Secrets of Middelburg City Game er ekki bara k\u00f6nnunarleikur, hann er lykillinn a\u00f0 borg sem b\u00ed\u00f0ur eftir a\u00f0 ver\u00f0a uppg\u00f6tvu\u00f0.","how_to_play":"B\u00f3ka\u00f0u k\u00f6nnunarleikinn, athuga\u00f0u t\u00f6lvup\u00f3stinn sem vi\u00f0 sendum \u00fe\u00e9r me\u00f0 einf\u00f6ldum lei\u00f0beiningum, hala\u00f0u ni\u00f0ur Loquiz Appinu, opna\u00f0u k\u00f6nnunarleikinn og \u00fe\u00fa ert tilb\u00fainn a\u00f0 hefja leikreynslu \u00fe\u00edna!","start_location":"Middelburg, Markt","available_languages":["en"],"players_per_group":"1-4","duration":"1.5-2 hours","image_overlay_color_image":"https:\/\/testwebsite.citygame.com\/wp-content\/blogs.dir\/1\/files\/sites\/62\/2026\/01\/SecretsColor.svg","image_overlay_game_logo":"https:\/\/testwebsite.citygame.com\/wp-content\/blogs.dir\/1\/files\/sites\/62\/2026\/01\/SecretsLogo.png","city_page":15845,"woocommerce_general_content":null},"yoast_head":"<!-- This site is optimized with the Yoast SEO Premium plugin v26.2 (Yoast SEO v26.3) - https:\/\/yoast.com\/wordpress\/plugins\/seo\/ -->\n<title>Secrets of Middelburg - City Game<\/title>\n<meta name=\"description\" content=\"Secrets of Middelburg. Spila\u00f0u sj\u00e1lfslei\u00f0sagnarborgarleik og sko\u00f0a\u00f0u borgina \u00ed gegnum \u00ferautir, g\u00e1tur og \u00e1skoranir. Spila\u00f0u \u00e1 \u00fe\u00ednum eigin hra\u00f0a og uppg\u00f6tva\u00f0u eins og heimama\u00f0ur!\" \/>\n<meta name=\"robots\" content=\"noindex, follow, max-snippet:-1, max-image-preview:large, max-video-preview:-1\" \/>\n<meta property=\"og:locale\" content=\"is_IS\" \/>\n<meta property=\"og:type\" content=\"article\" \/>\n<meta property=\"og:title\" content=\"Secrets of Middelburg\" \/>\n<meta property=\"og:description\" content=\"Secrets of Middelburg. Spila\u00f0u sj\u00e1lfslei\u00f0sagnarborgarleik og sko\u00f0a\u00f0u borgina \u00ed gegnum \u00ferautir, g\u00e1tur og \u00e1skoranir. Spila\u00f0u \u00e1 \u00fe\u00ednum eigin hra\u00f0a og uppg\u00f6tva\u00f0u eins og heimama\u00f0ur!\" \/>\n<meta property=\"og:url\" content=\"https:\/\/testwebsite.citygame.com\/is\/games\/middelburg\/secrets-of-middelburg\/\" \/>\n<meta property=\"og:site_name\" content=\"City Game\" \/>\n<meta property=\"article:publisher\" content=\"https:\/\/www.facebook.com\/profile.php?id=100086426226253\" \/>\n<meta property=\"article:modified_time\" content=\"2026-04-08T21:37:52+00:00\" \/>\n<meta property=\"og:image\" content=\"https:\/\/testwebsite.citygame.com\/wp-content\/blogs.dir\/1\/files\/sites\/62\/2026\/03\/woman-looking-at-phone-windmill-de-hoop-middelburg.jpg\" \/>\n\t<meta property=\"og:image:width\" content=\"1024\" \/>\n\t<meta property=\"og:image:height\" content=\"1024\" \/>\n\t<meta property=\"og:image:type\" content=\"image\/jpeg\" \/>\n<meta name=\"twitter:card\" content=\"summary_large_image\" \/>\n<meta name=\"twitter:label1\" content=\"Est. reading time\" \/>\n\t<meta name=\"twitter:data1\" content=\"1 minute\" \/>\n<script type=\"application\/ld+json\" class=\"yoast-schema-graph\">{\"@context\":\"https:\/\/schema.org\",\"@graph\":[{\"@type\":\"WebPage\",\"@id\":\"https:\/\/testwebsite.citygame.com\/is\/games\/middelburg\/secrets-of-middelburg\/\",\"url\":\"https:\/\/testwebsite.citygame.com\/is\/games\/middelburg\/secrets-of-middelburg\/\",\"name\":\"Secrets of Middelburg - City Game\",\"isPartOf\":{\"@id\":\"https:\/\/testwebsite.upevents.nl\/#website\"},\"primaryImageOfPage\":{\"@id\":\"https:\/\/testwebsite.citygame.com\/is\/games\/middelburg\/secrets-of-middelburg\/#primaryimage\"},\"image\":{\"@id\":\"https:\/\/testwebsite.citygame.com\/is\/games\/middelburg\/secrets-of-middelburg\/#primaryimage\"},\"thumbnailUrl\":\"https:\/\/testwebsite.citygame.com\/wp-content\/blogs.dir\/1\/files\/sites\/62\/2026\/03\/woman-looking-at-phone-windmill-de-hoop-middelburg.jpg\",\"datePublished\":\"2026-03-13T18:56:28+00:00\",\"dateModified\":\"2026-04-08T21:37:52+00:00\",\"description\":\"Secrets of Middelburg. Spila\u00f0u sj\u00e1lfslei\u00f0sagnarborgarleik og sko\u00f0a\u00f0u borgina \u00ed gegnum \u00ferautir, g\u00e1tur og \u00e1skoranir. Spila\u00f0u \u00e1 \u00fe\u00ednum eigin hra\u00f0a og uppg\u00f6tva\u00f0u eins og heimama\u00f0ur!\",\"breadcrumb\":{\"@id\":\"https:\/\/testwebsite.citygame.com\/is\/games\/middelburg\/secrets-of-middelburg\/#breadcrumb\"},\"inLanguage\":\"is\",\"potentialAction\":[{\"@type\":\"ReadAction\",\"target\":[\"https:\/\/testwebsite.citygame.com\/is\/games\/middelburg\/secrets-of-middelburg\/\"]}]},{\"@type\":\"ImageObject\",\"inLanguage\":\"is\",\"@id\":\"https:\/\/testwebsite.citygame.com\/is\/games\/middelburg\/secrets-of-middelburg\/#primaryimage\",\"url\":\"https:\/\/testwebsite.citygame.com\/wp-content\/blogs.dir\/1\/files\/sites\/62\/2026\/03\/woman-looking-at-phone-windmill-de-hoop-middelburg.jpg\",\"contentUrl\":\"https:\/\/testwebsite.citygame.com\/wp-content\/blogs.dir\/1\/files\/sites\/62\/2026\/03\/woman-looking-at-phone-windmill-de-hoop-middelburg.jpg\",\"width\":1024,\"height\":1024,\"caption\":\"A scenic view of the De Hoop windmill along the canal in Middelburg, Netherlands.\"},{\"@type\":\"BreadcrumbList\",\"@id\":\"https:\/\/testwebsite.citygame.com\/is\/games\/middelburg\/secrets-of-middelburg\/#breadcrumb\",\"itemListElement\":[{\"@type\":\"ListItem\",\"position\":1,\"name\":\"Home\",\"item\":\"https:\/\/testwebsite.citygame.com\/is\/\"},{\"@type\":\"ListItem\",\"position\":2,\"name\":\"Shop\",\"item\":\"https:\/\/testwebsite.citygame.com\/shop\/\"},{\"@type\":\"ListItem\",\"position\":3,\"name\":\"Secrets of Middelburg\"}]},{\"@type\":\"WebSite\",\"@id\":\"https:\/\/testwebsite.upevents.nl\/#website\",\"url\":\"https:\/\/testwebsite.upevents.nl\/\",\"name\":\"City Game\",\"description\":\"\",\"publisher\":{\"@id\":\"https:\/\/testwebsite.upevents.nl\/#organization\"},\"alternateName\":\"citygame.com\",\"potentialAction\":[{\"@type\":\"SearchAction\",\"target\":{\"@type\":\"EntryPoint\",\"urlTemplate\":\"https:\/\/testwebsite.upevents.nl\/?s={search_term_string}\"},\"query-input\":{\"@type\":\"PropertyValueSpecification\",\"valueRequired\":true,\"valueName\":\"search_term_string\"}}],\"inLanguage\":\"is\"},{\"@type\":[\"Organization\",\"Place\"],\"@id\":\"https:\/\/testwebsite.upevents.nl\/#organization\",\"name\":\"City Game\",\"alternateName\":\"citygame.com\",\"url\":\"https:\/\/testwebsite.upevents.nl\/\",\"logo\":{\"@id\":\"https:\/\/testwebsite.citygame.com\/is\/games\/middelburg\/secrets-of-middelburg\/#local-main-organization-logo\"},\"image\":{\"@id\":\"https:\/\/testwebsite.citygame.com\/is\/games\/middelburg\/secrets-of-middelburg\/#local-main-organization-logo\"},\"sameAs\":[\"https:\/\/www.facebook.com\/profile.php?id=100086426226253\",\"https:\/\/www.instagram.com\/citygame_com\",\"https:\/\/www.tiktok.com\/@citygamecom\/\",\"https:\/\/www.linkedin.com\/company\/citygame-com\"],\"description\":\"Turn any city into a playground with our interactive City Games and self-guided tours. Fun, flexible, and ideal for groups and team building.\",\"telephone\":[],\"openingHoursSpecification\":[{\"@type\":\"OpeningHoursSpecification\",\"dayOfWeek\":[\"Monday\",\"Tuesday\",\"Wednesday\",\"Thursday\",\"Friday\",\"Saturday\",\"Sunday\"],\"opens\":\"09:00\",\"closes\":\"17:00\"}]},{\"@type\":\"ImageObject\",\"inLanguage\":\"is\",\"@id\":\"https:\/\/testwebsite.citygame.com\/is\/games\/middelburg\/secrets-of-middelburg\/#local-main-organization-logo\",\"url\":\"https:\/\/testwebsite.citygame.com\/wp-content\/blogs.dir\/1\/files\/sites\/62\/2025\/10\/CG_LOGO-City-Game.png\",\"contentUrl\":\"https:\/\/testwebsite.citygame.com\/wp-content\/blogs.dir\/1\/files\/sites\/62\/2025\/10\/CG_LOGO-City-Game.png\",\"width\":351,\"height\":377,\"caption\":\"City Game\"}]}<\/script>\n<!-- \/ Yoast SEO Premium plugin. -->","yoast_head_json":{"title":"Secrets of Middelburg - City Game","description":"Secrets of Middelburg. Spila\u00f0u sj\u00e1lfslei\u00f0sagnarborgarleik og sko\u00f0a\u00f0u borgina \u00ed gegnum \u00ferautir, g\u00e1tur og \u00e1skoranir. Spila\u00f0u \u00e1 \u00fe\u00ednum eigin hra\u00f0a og uppg\u00f6tva\u00f0u eins og heimama\u00f0ur!","robots":{"index":"noindex","follow":"follow","max-snippet":"max-snippet:-1","max-image-preview":"max-image-preview:large","max-video-preview":"max-video-preview:-1"},"og_locale":"is_IS","og_type":"article","og_title":"Secrets of Middelburg","og_description":"Secrets of Middelburg. Spila\u00f0u sj\u00e1lfslei\u00f0sagnarborgarleik og sko\u00f0a\u00f0u borgina \u00ed gegnum \u00ferautir, g\u00e1tur og \u00e1skoranir. Spila\u00f0u \u00e1 \u00fe\u00ednum eigin hra\u00f0a og uppg\u00f6tva\u00f0u eins og heimama\u00f0ur!","og_url":"https:\/\/testwebsite.citygame.com\/is\/games\/middelburg\/secrets-of-middelburg\/","og_site_name":"City Game","article_publisher":"https:\/\/www.facebook.com\/profile.php?id=100086426226253","article_modified_time":"2026-04-08T21:37:52+00:00","og_image":[{"width":1024,"height":1024,"url":"https:\/\/testwebsite.citygame.com\/wp-content\/blogs.dir\/1\/files\/sites\/62\/2026\/03\/woman-looking-at-phone-windmill-de-hoop-middelburg.jpg","type":"image\/jpeg"}],"twitter_card":"summary_large_image","twitter_misc":{"Est. reading time":"1 minute"},"schema":{"@context":"https:\/\/schema.org","@graph":[{"@type":"WebPage","@id":"https:\/\/testwebsite.citygame.com\/is\/games\/middelburg\/secrets-of-middelburg\/","url":"https:\/\/testwebsite.citygame.com\/is\/games\/middelburg\/secrets-of-middelburg\/","name":"Secrets of Middelburg - City Game","isPartOf":{"@id":"https:\/\/testwebsite.upevents.nl\/#website"},"primaryImageOfPage":{"@id":"https:\/\/testwebsite.citygame.com\/is\/games\/middelburg\/secrets-of-middelburg\/#primaryimage"},"image":{"@id":"https:\/\/testwebsite.citygame.com\/is\/games\/middelburg\/secrets-of-middelburg\/#primaryimage"},"thumbnailUrl":"https:\/\/testwebsite.citygame.com\/wp-content\/blogs.dir\/1\/files\/sites\/62\/2026\/03\/woman-looking-at-phone-windmill-de-hoop-middelburg.jpg","datePublished":"2026-03-13T18:56:28+00:00","dateModified":"2026-04-08T21:37:52+00:00","description":"Secrets of Middelburg. Spila\u00f0u sj\u00e1lfslei\u00f0sagnarborgarleik og sko\u00f0a\u00f0u borgina \u00ed gegnum \u00ferautir, g\u00e1tur og \u00e1skoranir. Spila\u00f0u \u00e1 \u00fe\u00ednum eigin hra\u00f0a og uppg\u00f6tva\u00f0u eins og heimama\u00f0ur!","breadcrumb":{"@id":"https:\/\/testwebsite.citygame.com\/is\/games\/middelburg\/secrets-of-middelburg\/#breadcrumb"},"inLanguage":"is","potentialAction":[{"@type":"ReadAction","target":["https:\/\/testwebsite.citygame.com\/is\/games\/middelburg\/secrets-of-middelburg\/"]}]},{"@type":"ImageObject","inLanguage":"is","@id":"https:\/\/testwebsite.citygame.com\/is\/games\/middelburg\/secrets-of-middelburg\/#primaryimage","url":"https:\/\/testwebsite.citygame.com\/wp-content\/blogs.dir\/1\/files\/sites\/62\/2026\/03\/woman-looking-at-phone-windmill-de-hoop-middelburg.jpg","contentUrl":"https:\/\/testwebsite.citygame.com\/wp-content\/blogs.dir\/1\/files\/sites\/62\/2026\/03\/woman-looking-at-phone-windmill-de-hoop-middelburg.jpg","width":1024,"height":1024,"caption":"A scenic view of the De Hoop windmill along the canal in Middelburg, Netherlands."},{"@type":"BreadcrumbList","@id":"https:\/\/testwebsite.citygame.com\/is\/games\/middelburg\/secrets-of-middelburg\/#breadcrumb","itemListElement":[{"@type":"ListItem","position":1,"name":"Home","item":"https:\/\/testwebsite.citygame.com\/is\/"},{"@type":"ListItem","position":2,"name":"Shop","item":"https:\/\/testwebsite.citygame.com\/shop\/"},{"@type":"ListItem","position":3,"name":"Secrets of Middelburg"}]},{"@type":"WebSite","@id":"https:\/\/testwebsite.upevents.nl\/#website","url":"https:\/\/testwebsite.upevents.nl\/","name":"City Game","description":"","publisher":{"@id":"https:\/\/testwebsite.upevents.nl\/#organization"},"alternateName":"citygame.com","potentialAction":[{"@type":"SearchAction","target":{"@type":"EntryPoint","urlTemplate":"https:\/\/testwebsite.upevents.nl\/?s={search_term_string}"},"query-input":{"@type":"PropertyValueSpecification","valueRequired":true,"valueName":"search_term_string"}}],"inLanguage":"is"},{"@type":["Organization","Place"],"@id":"https:\/\/testwebsite.upevents.nl\/#organization","name":"City Game","alternateName":"citygame.com","url":"https:\/\/testwebsite.upevents.nl\/","logo":{"@id":"https:\/\/testwebsite.citygame.com\/is\/games\/middelburg\/secrets-of-middelburg\/#local-main-organization-logo"},"image":{"@id":"https:\/\/testwebsite.citygame.com\/is\/games\/middelburg\/secrets-of-middelburg\/#local-main-organization-logo"},"sameAs":["https:\/\/www.facebook.com\/profile.php?id=100086426226253","https:\/\/www.instagram.com\/citygame_com","https:\/\/www.tiktok.com\/@citygamecom\/","https:\/\/www.linkedin.com\/company\/citygame-com"],"description":"Turn any city into a playground with our interactive City Games and self-guided tours. Fun, flexible, and ideal for groups and team building.","telephone":[],"openingHoursSpecification":[{"@type":"OpeningHoursSpecification","dayOfWeek":["Monday","Tuesday","Wednesday","Thursday","Friday","Saturday","Sunday"],"opens":"09:00","closes":"17:00"}]},{"@type":"ImageObject","inLanguage":"is","@id":"https:\/\/testwebsite.citygame.com\/is\/games\/middelburg\/secrets-of-middelburg\/#local-main-organization-logo","url":"https:\/\/testwebsite.citygame.com\/wp-content\/blogs.dir\/1\/files\/sites\/62\/2025\/10\/CG_LOGO-City-Game.png","contentUrl":"https:\/\/testwebsite.citygame.com\/wp-content\/blogs.dir\/1\/files\/sites\/62\/2025\/10\/CG_LOGO-City-Game.png","width":351,"height":377,"caption":"City Game"}]}},"taxonomy_info":{"game-concept":[{"value":717,"label":"Secrets"}],"location":[{"value":276,"label":"Middelburg"}],"product_cat":[{"value":27,"label":"Geen categorie"}]},"featured_image_src_large":["https:\/\/testwebsite.citygame.com\/wp-content\/blogs.dir\/1\/files\/sites\/62\/2026\/03\/woman-looking-at-phone-windmill-de-hoop-middelburg.jpg",1024,1024,false],"author_info":[],"comment_info":"","_links":{"self":[{"href":"https:\/\/testwebsite.citygame.com\/is\/wp-json\/wp\/v2\/product\/66602","targetHints":{"allow":["GET"]}}],"collection":[{"href":"https:\/\/testwebsite.citygame.com\/is\/wp-json\/wp\/v2\/product"}],"about":[{"href":"https:\/\/testwebsite.citygame.com\/is\/wp-json\/wp\/v2\/types\/product"}],"acf:post":[{"embeddable":true,"href":"https:\/\/testwebsite.citygame.com\/is\/wp-json\/wp\/v2\/pages\/15845"}],"wp:featuredmedia":[{"embeddable":true,"href":"https:\/\/testwebsite.citygame.com\/is\/wp-json\/wp\/v2\/media\/18861"}],"wp:attachment":[{"href":"https:\/\/testwebsite.citygame.com\/is\/wp-json\/wp\/v2\/media?parent=66602"}],"wp:term":[{"taxonomy":"game-concept","embeddable":true,"href":"https:\/\/testwebsite.citygame.com\/is\/wp-json\/wp\/v2\/game-concept?post=66602"},{"taxonomy":"location","embeddable":true,"href":"https:\/\/testwebsite.citygame.com\/is\/wp-json\/wp\/v2\/location?post=66602"},{"taxonomy":"product_brand","embeddable":true,"href":"https:\/\/testwebsite.citygame.com\/is\/wp-json\/wp\/v2\/product_brand?post=66602"},{"taxonomy":"product_cat","embeddable":true,"href":"https:\/\/testwebsite.citygame.com\/is\/wp-json\/wp\/v2\/product_cat?post=66602"},{"taxonomy":"product_tag","embeddable":true,"href":"https:\/\/testwebsite.citygame.com\/is\/wp-json\/wp\/v2\/product_tag?post=66602"}],"curies":[{"name":"wp","href":"https:\/\/api.w.org\/{rel}","templated":true}]}}