{"id":66447,"date":"2026-03-13T17:13:40","date_gmt":"2026-03-13T17:13:40","guid":{"rendered":"https:\/\/testwebsite.citygame.com\/games\/unknown-location\/secrets-of-hellevoetsluis\/"},"modified":"2026-04-08T20:13:36","modified_gmt":"2026-04-08T20:13:36","slug":"secrets-of-hellevoetsluis","status":"publish","type":"product","link":"https:\/\/testwebsite.citygame.com\/is\/games\/hellevoetsluis\/secrets-of-hellevoetsluis\/","title":{"rendered":"Secrets of Hellevoetsluis"},"content":{"rendered":"<p>Uppg\u00f6tva\u00f0u sjarma Hellevoetsluis me\u00f0 sj\u00e1lfst\u00fdr\u00f0a &#8216;Secrets of Hellevoetsluis City Game&#8217; leiknum okkar. \u00deessi GPS-kn\u00fani k\u00f6nnunarleikur b\u00fd\u00f0ur \u00fe\u00e9r a\u00f0 kanna mi\u00f0b\u00e6 Hellevoetsluis, nota\u00f0u snjalls\u00edmann \u00feinn til a\u00f0 kafa ofan \u00ed fj\u00f6lda \u00ferauta, g\u00e1tur og myndat\u00f6ku\u00e1skorana. Leikurinn veitir ekki a\u00f0eins gagnvirkan vettvang til a\u00f0 uppg\u00f6tva Hellevoetsluis heldur gerir leikm\u00f6nnum einnig kleift a\u00f0 grafa upp heillandi s\u00f6gu, menningu og falin sm\u00e1atri\u00f0i borgarinnar. Sem gr\u00edpandi lei\u00f0 til a\u00f0 fer\u00f0ast um Hellevoetsluis er \u00feessi borgark\u00f6nnunarleikur fullkomin af\u00fereying fyrir b\u00e6\u00f0i gesti og heimamenn. Hvort sem \u00fe\u00fa ert einleiksk\u00f6nnu\u00f0ur e\u00f0a hluti af pari, fj\u00f6lskyldu e\u00f0a h\u00f3pi vina, \u00fe\u00e1 b\u00fd\u00f0ur &#8216;Secrets of Hellevoetsluis City Game&#8217; upp \u00e1 eftirminnilega fer\u00f0 inn \u00ed hjarta \u00feessarar heillandi borgar.<\/p>\n","protected":false},"excerpt":{"rendered":"<p>Upplif\u00f0u falda fj\u00e1rsj\u00f3\u00f0i Hellevoetsluis! Kafa\u00f0u ofan \u00ed borg \u00fear sem bergm\u00e1l s\u00f6gulegra str\u00ed\u00f0a m\u00e6tir st\u00f3rfengleika sj\u00e1var\u00fatvegs, og hver einasti hellulag\u00f0i st\u00edgur er brau\u00f0moli sem lei\u00f0ir \u00feig \u00ed gegnum s\u00f6gu t\u00edmans. Far\u00f0u um h\u00f6fnina og gl\u00e6silegar virki; Hellevoetsluis er full af marglaga leyndard\u00f3mum sem b\u00ed\u00f0a \u00feess a\u00f0 ver\u00f0a afhj\u00fapa\u00f0ir!<\/p>\n","protected":false},"featured_media":18808,"template":"","meta":{"_acf_changed":false,"_yoast_wpseo_focuskw":"Secrets of Hellevoetsluis","_yoast_wpseo_metadesc":"Secrets of Hellevoetsluis. Spila\u00f0u sj\u00e1lfst\u00fdr\u00f0an borgarleik og sko\u00f0a\u00f0u borgina me\u00f0 \u00ferautum, g\u00e1tum og \u00e1skorunum. Spila\u00f0u \u00e1 \u00fe\u00ednum eigin hra\u00f0a og uppg\u00f6tva\u00f0u eins og heimama\u00f0ur!","_kad_blocks_custom_css":"","_kad_blocks_head_custom_js":"","_kad_blocks_body_custom_js":"","_kad_blocks_footer_custom_js":"","ghostkit_customizer_options":"","ghostkit_custom_css":"","ghostkit_custom_js_head":"","ghostkit_custom_js_foot":"","ghostkit_typography":"","_kad_post_transparent":"","_kad_post_title":"","_kad_post_layout":"","_kad_post_sidebar_id":"","_kad_post_content_style":"","_kad_post_vertical_padding":"","_kad_post_feature":"","_kad_post_feature_position":"","_kad_post_header":false,"_kad_post_footer":false,"_kad_post_classname":"","_links_to":"","_links_to_target":""},"game-concept":[717],"location":[196],"product_brand":[],"product_cat":[27],"product_tag":[],"class_list":{"0":"post-66447","1":"product","2":"type-product","3":"status-publish","4":"has-post-thumbnail","6":"game-concept-secrets","7":"location-hellevoetsluis","8":"product_cat-geen-categorie","10":"first","11":"instock","12":"shipping-taxable","13":"purchasable","14":"product-type-simple","15":"entry","16":"content-bg","17":"loop-entry"},"acf":{"full_bokun_product_name":"Self-Guided Secrets of Hellevoetsluis Exploration Game","location_name":"Hellevoetsluis","bokun_calendar_widget_code":"<script type=\"text\/javascript\" src=\"https:\/\/widgets.bokun.io\/assets\/javascripts\/apps\/build\/BokunWidgetsLoader.js?bookingChannelUUID=a1e93e96-5232-4734-a595-28405f4b5a31\" async><\/script>\n     \n    <div class=\"bokunWidget\" data-src=\"https:\/\/widgets.bokun.io\/online-sales\/a1e93e96-5232-4734-a595-28405f4b5a31\/experience-calendar\/885152\"><\/div>\n    <noscript>Please enable javascript in your browser to book<\/noscript>","bokun_button_widget_code":"<script type=\"text\/javascript\" src=\"https:\/\/widgets.bokun.io\/assets\/javascripts\/apps\/build\/BokunWidgetsLoader.js?bookingChannelUUID=a1e93e96-5232-4734-a595-28405f4b5a31\" async><\/script>\n      <style> #bokun_ed001e45_5927_4f62_b470_ca766338d083 { display: inline-block; padding: .4em 1em; background: #47b82e; border-radius: 999999px; box-shadow: none; font-weight: 600; font-size: 24px; text-decoration: none; text-align: center; color: #FFFFFF; border:none; cursor: pointer; transition: background .2s ease; } #bokun_ed001e45_5927_4f62_b470_ca766338d083:hover{ background: #2f7b1f; } #bokun_ed001e45_5927_4f62_b470_ca766338d083:active{ background: #378f24; } <\/style> <button class=\"bokunButton\" disabled id=bokun_ed001e45_5927_4f62_b470_ca766338d083 data-src=\"https:\/\/widgets.bokun.io\/online-sales\/a1e93e96-5232-4734-a595-28405f4b5a31\/experience-calendar\/885152?partialView=1\" data-testid=\"widget-book-button\" > Book now <\/button> ","what_you\u2019ll_experience_during_the_game":"\u00deegar \u00fe\u00fa tekur \u00fe\u00e1tt \u00ed 'Secrets of Hellevoetsluis City Game,' muntu uppg\u00f6tva borgina \u00e1 einstakan h\u00e1tt. Sem blanda af lifandi s\u00f6gus\u00f6gn og sko\u00f0unarfer\u00f0um lei\u00f0ir leikurinn \u00feig \u00ed gegnum b\u00e6\u00f0i \u00feekkta og falda sta\u00f0i \u00ed Hellevoetsluis. \u00c1 fer\u00f0alagi \u00fe\u00ednu muntu koma \u00e1 sta\u00f0i sem munu \u00e1n efa heilla \u00feig, svo sem \u00e1kve\u00f0na heillandi sta\u00f0i me\u00f0fram hnitunum 51.82490672535633,4.129899920624808 og 51.82531990000001,4.1279202999999995. \u00de\u00fa munt afhj\u00fapa s\u00f6gur sem eru felldar inn \u00ed sta\u00f0i sem \u00fe\u00fa hef\u00f0ir kannski aldrei teki\u00f0 eftir \u00e1 venjulegum g\u00f6ngufer\u00f0um \u00fe\u00ednum um borgina. Verkefni \u00feitt: a\u00f0 d\u00fdfa \u00fe\u00e9r \u00ed einstakt andr\u00famsloft og takt Hellevoetsluis, og ver\u00f0a eitt me\u00f0 landslagi borgarinnar.\n\nTil a\u00f0 komast \u00e1fram \u00ed leiknum muntu kafa ofan \u00ed \u00fdmsar krefjandi \u00ferautir og g\u00e1tur, \u00fear sem hvert r\u00e9tt svar gefur \u00fe\u00e9r stig og f\u00e6rir \u00feig skrefi n\u00e6r \u00fev\u00ed a\u00f0 leysa heildarmynd leyndard\u00f3ms leiksins. Skapandi myndat\u00f6ku\u00e1skoranir munu \u00fdta \u00fe\u00e9r til a\u00f0 ekki a\u00f0eins sj\u00e1 heldur virkilega fylgjast me\u00f0 Hellevoetsluis; spurningar munu pr\u00f3fa athygli \u00fe\u00edna \u00e1 sm\u00e1atri\u00f0um. Fyrir \u00fe\u00e1 sem nj\u00f3ta sm\u00e1 samkeppni er t\u00e6kif\u00e6ri til a\u00f0 n\u00e1 aukastigum fyrir efsta s\u00e6ti \u00e1 stigat\u00f6flunni. Sveigjanleiki borgarleiksins gerir \u00fe\u00e9r kleift a\u00f0 gera hl\u00e9 hven\u00e6r sem \u00fe\u00fa vilt og halda \u00e1fram n\u00e1kv\u00e6mlega \u00fear sem \u00fe\u00fa h\u00e6ttir. Vertu tilb\u00fainn til a\u00f0 leggja af sta\u00f0 \u00ed \u00f3hef\u00f0bundna uppg\u00f6tvun Hellevoetsluis me\u00f0 \u00feessum n\u00fdst\u00e1rlega k\u00f6nnunarleik.","how_to_play":"B\u00f3ka\u00f0u k\u00f6nnunarleikinn, athuga\u00f0u t\u00f6lvup\u00f3stinn sem vi\u00f0 sendum \u00fe\u00e9r me\u00f0 einf\u00f6ldum lei\u00f0beiningum, hala\u00f0u ni\u00f0ur Loquiz Appinu, f\u00e1\u00f0u a\u00f0gang a\u00f0 k\u00f6nnunarleiknum og \u00fe\u00fa ert tilb\u00fainn til a\u00f0 hefja leikreynslu \u00fe\u00edna!","start_location":"Hellevoetsluis, Plein Fort Haerlem","available_languages":["en"],"players_per_group":"1-4","duration":"1.5-2 hours","image_overlay_color_image":"https:\/\/testwebsite.citygame.com\/wp-content\/blogs.dir\/1\/files\/sites\/62\/2026\/01\/SecretsColor.svg","image_overlay_game_logo":"https:\/\/testwebsite.citygame.com\/wp-content\/blogs.dir\/1\/files\/sites\/62\/2026\/01\/SecretsLogo.png","city_page":15815,"woocommerce_general_content":null},"yoast_head":"<!-- This site is optimized with the Yoast SEO Premium plugin v26.2 (Yoast SEO v26.3) - https:\/\/yoast.com\/wordpress\/plugins\/seo\/ -->\n<title>Secrets of Hellevoetsluis - City Game<\/title>\n<meta name=\"description\" content=\"Secrets of Hellevoetsluis. Spila\u00f0u sj\u00e1lfst\u00fdr\u00f0an borgarleik og sko\u00f0a\u00f0u borgina me\u00f0 \u00ferautum, g\u00e1tum og \u00e1skorunum. Spila\u00f0u \u00e1 \u00fe\u00ednum eigin hra\u00f0a og uppg\u00f6tva\u00f0u eins og heimama\u00f0ur!\" \/>\n<meta name=\"robots\" content=\"noindex, follow, max-snippet:-1, max-image-preview:large, max-video-preview:-1\" \/>\n<meta property=\"og:locale\" content=\"is_IS\" \/>\n<meta property=\"og:type\" content=\"article\" \/>\n<meta property=\"og:title\" content=\"Secrets of Hellevoetsluis\" \/>\n<meta property=\"og:description\" content=\"Secrets of Hellevoetsluis. Spila\u00f0u sj\u00e1lfst\u00fdr\u00f0an borgarleik og sko\u00f0a\u00f0u borgina me\u00f0 \u00ferautum, g\u00e1tum og \u00e1skorunum. Spila\u00f0u \u00e1 \u00fe\u00ednum eigin hra\u00f0a og uppg\u00f6tva\u00f0u eins og heimama\u00f0ur!\" \/>\n<meta property=\"og:url\" content=\"https:\/\/testwebsite.citygame.com\/is\/games\/hellevoetsluis\/secrets-of-hellevoetsluis\/\" \/>\n<meta property=\"og:site_name\" content=\"City Game\" \/>\n<meta property=\"article:publisher\" content=\"https:\/\/www.facebook.com\/profile.php?id=100086426226253\" \/>\n<meta property=\"article:modified_time\" content=\"2026-04-08T20:13:36+00:00\" \/>\n<meta property=\"og:image\" content=\"https:\/\/testwebsite.citygame.com\/wp-content\/blogs.dir\/1\/files\/sites\/62\/2026\/03\/group-of-players-de-hoop-windmill-hellevoetsluis.jpg\" \/>\n\t<meta property=\"og:image:width\" content=\"1024\" \/>\n\t<meta property=\"og:image:height\" content=\"1024\" \/>\n\t<meta property=\"og:image:type\" content=\"image\/jpeg\" \/>\n<meta name=\"twitter:card\" content=\"summary_large_image\" \/>\n<meta name=\"twitter:label1\" content=\"Est. reading time\" \/>\n\t<meta name=\"twitter:data1\" content=\"1 minute\" \/>\n<script type=\"application\/ld+json\" class=\"yoast-schema-graph\">{\"@context\":\"https:\/\/schema.org\",\"@graph\":[{\"@type\":\"WebPage\",\"@id\":\"https:\/\/testwebsite.citygame.com\/is\/games\/hellevoetsluis\/secrets-of-hellevoetsluis\/\",\"url\":\"https:\/\/testwebsite.citygame.com\/is\/games\/hellevoetsluis\/secrets-of-hellevoetsluis\/\",\"name\":\"Secrets of Hellevoetsluis - City Game\",\"isPartOf\":{\"@id\":\"https:\/\/testwebsite.upevents.nl\/#website\"},\"primaryImageOfPage\":{\"@id\":\"https:\/\/testwebsite.citygame.com\/is\/games\/hellevoetsluis\/secrets-of-hellevoetsluis\/#primaryimage\"},\"image\":{\"@id\":\"https:\/\/testwebsite.citygame.com\/is\/games\/hellevoetsluis\/secrets-of-hellevoetsluis\/#primaryimage\"},\"thumbnailUrl\":\"https:\/\/testwebsite.citygame.com\/wp-content\/blogs.dir\/1\/files\/sites\/62\/2026\/03\/group-of-players-de-hoop-windmill-hellevoetsluis.jpg\",\"datePublished\":\"2026-03-13T17:13:40+00:00\",\"dateModified\":\"2026-04-08T20:13:36+00:00\",\"description\":\"Secrets of Hellevoetsluis. Spila\u00f0u sj\u00e1lfst\u00fdr\u00f0an borgarleik og sko\u00f0a\u00f0u borgina me\u00f0 \u00ferautum, g\u00e1tum og \u00e1skorunum. Spila\u00f0u \u00e1 \u00fe\u00ednum eigin hra\u00f0a og uppg\u00f6tva\u00f0u eins og heimama\u00f0ur!\",\"breadcrumb\":{\"@id\":\"https:\/\/testwebsite.citygame.com\/is\/games\/hellevoetsluis\/secrets-of-hellevoetsluis\/#breadcrumb\"},\"inLanguage\":\"is\",\"potentialAction\":[{\"@type\":\"ReadAction\",\"target\":[\"https:\/\/testwebsite.citygame.com\/is\/games\/hellevoetsluis\/secrets-of-hellevoetsluis\/\"]}]},{\"@type\":\"ImageObject\",\"inLanguage\":\"is\",\"@id\":\"https:\/\/testwebsite.citygame.com\/is\/games\/hellevoetsluis\/secrets-of-hellevoetsluis\/#primaryimage\",\"url\":\"https:\/\/testwebsite.citygame.com\/wp-content\/blogs.dir\/1\/files\/sites\/62\/2026\/03\/group-of-players-de-hoop-windmill-hellevoetsluis.jpg\",\"contentUrl\":\"https:\/\/testwebsite.citygame.com\/wp-content\/blogs.dir\/1\/files\/sites\/62\/2026\/03\/group-of-players-de-hoop-windmill-hellevoetsluis.jpg\",\"width\":1024,\"height\":1024,\"caption\":\"A group of friends gathers around a smartphone near the historic De Hoop windmill in Hellevoetsluis.\"},{\"@type\":\"BreadcrumbList\",\"@id\":\"https:\/\/testwebsite.citygame.com\/is\/games\/hellevoetsluis\/secrets-of-hellevoetsluis\/#breadcrumb\",\"itemListElement\":[{\"@type\":\"ListItem\",\"position\":1,\"name\":\"Home\",\"item\":\"https:\/\/testwebsite.citygame.com\/is\/\"},{\"@type\":\"ListItem\",\"position\":2,\"name\":\"Shop\",\"item\":\"https:\/\/testwebsite.citygame.com\/shop\/\"},{\"@type\":\"ListItem\",\"position\":3,\"name\":\"Secrets of Hellevoetsluis\"}]},{\"@type\":\"WebSite\",\"@id\":\"https:\/\/testwebsite.upevents.nl\/#website\",\"url\":\"https:\/\/testwebsite.upevents.nl\/\",\"name\":\"City Game\",\"description\":\"\",\"publisher\":{\"@id\":\"https:\/\/testwebsite.upevents.nl\/#organization\"},\"alternateName\":\"citygame.com\",\"potentialAction\":[{\"@type\":\"SearchAction\",\"target\":{\"@type\":\"EntryPoint\",\"urlTemplate\":\"https:\/\/testwebsite.upevents.nl\/?s={search_term_string}\"},\"query-input\":{\"@type\":\"PropertyValueSpecification\",\"valueRequired\":true,\"valueName\":\"search_term_string\"}}],\"inLanguage\":\"is\"},{\"@type\":[\"Organization\",\"Place\"],\"@id\":\"https:\/\/testwebsite.upevents.nl\/#organization\",\"name\":\"City Game\",\"alternateName\":\"citygame.com\",\"url\":\"https:\/\/testwebsite.upevents.nl\/\",\"logo\":{\"@id\":\"https:\/\/testwebsite.citygame.com\/is\/games\/hellevoetsluis\/secrets-of-hellevoetsluis\/#local-main-organization-logo\"},\"image\":{\"@id\":\"https:\/\/testwebsite.citygame.com\/is\/games\/hellevoetsluis\/secrets-of-hellevoetsluis\/#local-main-organization-logo\"},\"sameAs\":[\"https:\/\/www.facebook.com\/profile.php?id=100086426226253\",\"https:\/\/www.instagram.com\/citygame_com\",\"https:\/\/www.tiktok.com\/@citygamecom\/\",\"https:\/\/www.linkedin.com\/company\/citygame-com\"],\"description\":\"Turn any city into a playground with our interactive City Games and self-guided tours. Fun, flexible, and ideal for groups and team building.\",\"telephone\":[],\"openingHoursSpecification\":[{\"@type\":\"OpeningHoursSpecification\",\"dayOfWeek\":[\"Monday\",\"Tuesday\",\"Wednesday\",\"Thursday\",\"Friday\",\"Saturday\",\"Sunday\"],\"opens\":\"09:00\",\"closes\":\"17:00\"}]},{\"@type\":\"ImageObject\",\"inLanguage\":\"is\",\"@id\":\"https:\/\/testwebsite.citygame.com\/is\/games\/hellevoetsluis\/secrets-of-hellevoetsluis\/#local-main-organization-logo\",\"url\":\"https:\/\/testwebsite.citygame.com\/wp-content\/blogs.dir\/1\/files\/sites\/62\/2025\/10\/CG_LOGO-City-Game.png\",\"contentUrl\":\"https:\/\/testwebsite.citygame.com\/wp-content\/blogs.dir\/1\/files\/sites\/62\/2025\/10\/CG_LOGO-City-Game.png\",\"width\":351,\"height\":377,\"caption\":\"City Game\"}]}<\/script>\n<!-- \/ Yoast SEO Premium plugin. -->","yoast_head_json":{"title":"Secrets of Hellevoetsluis - City Game","description":"Secrets of Hellevoetsluis. Spila\u00f0u sj\u00e1lfst\u00fdr\u00f0an borgarleik og sko\u00f0a\u00f0u borgina me\u00f0 \u00ferautum, g\u00e1tum og \u00e1skorunum. Spila\u00f0u \u00e1 \u00fe\u00ednum eigin hra\u00f0a og uppg\u00f6tva\u00f0u eins og heimama\u00f0ur!","robots":{"index":"noindex","follow":"follow","max-snippet":"max-snippet:-1","max-image-preview":"max-image-preview:large","max-video-preview":"max-video-preview:-1"},"og_locale":"is_IS","og_type":"article","og_title":"Secrets of Hellevoetsluis","og_description":"Secrets of Hellevoetsluis. Spila\u00f0u sj\u00e1lfst\u00fdr\u00f0an borgarleik og sko\u00f0a\u00f0u borgina me\u00f0 \u00ferautum, g\u00e1tum og \u00e1skorunum. Spila\u00f0u \u00e1 \u00fe\u00ednum eigin hra\u00f0a og uppg\u00f6tva\u00f0u eins og heimama\u00f0ur!","og_url":"https:\/\/testwebsite.citygame.com\/is\/games\/hellevoetsluis\/secrets-of-hellevoetsluis\/","og_site_name":"City Game","article_publisher":"https:\/\/www.facebook.com\/profile.php?id=100086426226253","article_modified_time":"2026-04-08T20:13:36+00:00","og_image":[{"width":1024,"height":1024,"url":"https:\/\/testwebsite.citygame.com\/wp-content\/blogs.dir\/1\/files\/sites\/62\/2026\/03\/group-of-players-de-hoop-windmill-hellevoetsluis.jpg","type":"image\/jpeg"}],"twitter_card":"summary_large_image","twitter_misc":{"Est. reading time":"1 minute"},"schema":{"@context":"https:\/\/schema.org","@graph":[{"@type":"WebPage","@id":"https:\/\/testwebsite.citygame.com\/is\/games\/hellevoetsluis\/secrets-of-hellevoetsluis\/","url":"https:\/\/testwebsite.citygame.com\/is\/games\/hellevoetsluis\/secrets-of-hellevoetsluis\/","name":"Secrets of Hellevoetsluis - City Game","isPartOf":{"@id":"https:\/\/testwebsite.upevents.nl\/#website"},"primaryImageOfPage":{"@id":"https:\/\/testwebsite.citygame.com\/is\/games\/hellevoetsluis\/secrets-of-hellevoetsluis\/#primaryimage"},"image":{"@id":"https:\/\/testwebsite.citygame.com\/is\/games\/hellevoetsluis\/secrets-of-hellevoetsluis\/#primaryimage"},"thumbnailUrl":"https:\/\/testwebsite.citygame.com\/wp-content\/blogs.dir\/1\/files\/sites\/62\/2026\/03\/group-of-players-de-hoop-windmill-hellevoetsluis.jpg","datePublished":"2026-03-13T17:13:40+00:00","dateModified":"2026-04-08T20:13:36+00:00","description":"Secrets of Hellevoetsluis. Spila\u00f0u sj\u00e1lfst\u00fdr\u00f0an borgarleik og sko\u00f0a\u00f0u borgina me\u00f0 \u00ferautum, g\u00e1tum og \u00e1skorunum. Spila\u00f0u \u00e1 \u00fe\u00ednum eigin hra\u00f0a og uppg\u00f6tva\u00f0u eins og heimama\u00f0ur!","breadcrumb":{"@id":"https:\/\/testwebsite.citygame.com\/is\/games\/hellevoetsluis\/secrets-of-hellevoetsluis\/#breadcrumb"},"inLanguage":"is","potentialAction":[{"@type":"ReadAction","target":["https:\/\/testwebsite.citygame.com\/is\/games\/hellevoetsluis\/secrets-of-hellevoetsluis\/"]}]},{"@type":"ImageObject","inLanguage":"is","@id":"https:\/\/testwebsite.citygame.com\/is\/games\/hellevoetsluis\/secrets-of-hellevoetsluis\/#primaryimage","url":"https:\/\/testwebsite.citygame.com\/wp-content\/blogs.dir\/1\/files\/sites\/62\/2026\/03\/group-of-players-de-hoop-windmill-hellevoetsluis.jpg","contentUrl":"https:\/\/testwebsite.citygame.com\/wp-content\/blogs.dir\/1\/files\/sites\/62\/2026\/03\/group-of-players-de-hoop-windmill-hellevoetsluis.jpg","width":1024,"height":1024,"caption":"A group of friends gathers around a smartphone near the historic De Hoop windmill in Hellevoetsluis."},{"@type":"BreadcrumbList","@id":"https:\/\/testwebsite.citygame.com\/is\/games\/hellevoetsluis\/secrets-of-hellevoetsluis\/#breadcrumb","itemListElement":[{"@type":"ListItem","position":1,"name":"Home","item":"https:\/\/testwebsite.citygame.com\/is\/"},{"@type":"ListItem","position":2,"name":"Shop","item":"https:\/\/testwebsite.citygame.com\/shop\/"},{"@type":"ListItem","position":3,"name":"Secrets of Hellevoetsluis"}]},{"@type":"WebSite","@id":"https:\/\/testwebsite.upevents.nl\/#website","url":"https:\/\/testwebsite.upevents.nl\/","name":"City Game","description":"","publisher":{"@id":"https:\/\/testwebsite.upevents.nl\/#organization"},"alternateName":"citygame.com","potentialAction":[{"@type":"SearchAction","target":{"@type":"EntryPoint","urlTemplate":"https:\/\/testwebsite.upevents.nl\/?s={search_term_string}"},"query-input":{"@type":"PropertyValueSpecification","valueRequired":true,"valueName":"search_term_string"}}],"inLanguage":"is"},{"@type":["Organization","Place"],"@id":"https:\/\/testwebsite.upevents.nl\/#organization","name":"City Game","alternateName":"citygame.com","url":"https:\/\/testwebsite.upevents.nl\/","logo":{"@id":"https:\/\/testwebsite.citygame.com\/is\/games\/hellevoetsluis\/secrets-of-hellevoetsluis\/#local-main-organization-logo"},"image":{"@id":"https:\/\/testwebsite.citygame.com\/is\/games\/hellevoetsluis\/secrets-of-hellevoetsluis\/#local-main-organization-logo"},"sameAs":["https:\/\/www.facebook.com\/profile.php?id=100086426226253","https:\/\/www.instagram.com\/citygame_com","https:\/\/www.tiktok.com\/@citygamecom\/","https:\/\/www.linkedin.com\/company\/citygame-com"],"description":"Turn any city into a playground with our interactive City Games and self-guided tours. Fun, flexible, and ideal for groups and team building.","telephone":[],"openingHoursSpecification":[{"@type":"OpeningHoursSpecification","dayOfWeek":["Monday","Tuesday","Wednesday","Thursday","Friday","Saturday","Sunday"],"opens":"09:00","closes":"17:00"}]},{"@type":"ImageObject","inLanguage":"is","@id":"https:\/\/testwebsite.citygame.com\/is\/games\/hellevoetsluis\/secrets-of-hellevoetsluis\/#local-main-organization-logo","url":"https:\/\/testwebsite.citygame.com\/wp-content\/blogs.dir\/1\/files\/sites\/62\/2025\/10\/CG_LOGO-City-Game.png","contentUrl":"https:\/\/testwebsite.citygame.com\/wp-content\/blogs.dir\/1\/files\/sites\/62\/2025\/10\/CG_LOGO-City-Game.png","width":351,"height":377,"caption":"City Game"}]}},"taxonomy_info":{"game-concept":[{"value":717,"label":"Secrets"}],"location":[{"value":196,"label":"Hellevoetsluis"}],"product_cat":[{"value":27,"label":"Geen categorie"}]},"featured_image_src_large":["https:\/\/testwebsite.citygame.com\/wp-content\/blogs.dir\/1\/files\/sites\/62\/2026\/03\/group-of-players-de-hoop-windmill-hellevoetsluis.jpg",1024,1024,false],"author_info":[],"comment_info":"","_links":{"self":[{"href":"https:\/\/testwebsite.citygame.com\/is\/wp-json\/wp\/v2\/product\/66447","targetHints":{"allow":["GET"]}}],"collection":[{"href":"https:\/\/testwebsite.citygame.com\/is\/wp-json\/wp\/v2\/product"}],"about":[{"href":"https:\/\/testwebsite.citygame.com\/is\/wp-json\/wp\/v2\/types\/product"}],"acf:post":[{"embeddable":true,"href":"https:\/\/testwebsite.citygame.com\/is\/wp-json\/wp\/v2\/pages\/15815"}],"wp:featuredmedia":[{"embeddable":true,"href":"https:\/\/testwebsite.citygame.com\/is\/wp-json\/wp\/v2\/media\/18808"}],"wp:attachment":[{"href":"https:\/\/testwebsite.citygame.com\/is\/wp-json\/wp\/v2\/media?parent=66447"}],"wp:term":[{"taxonomy":"game-concept","embeddable":true,"href":"https:\/\/testwebsite.citygame.com\/is\/wp-json\/wp\/v2\/game-concept?post=66447"},{"taxonomy":"location","embeddable":true,"href":"https:\/\/testwebsite.citygame.com\/is\/wp-json\/wp\/v2\/location?post=66447"},{"taxonomy":"product_brand","embeddable":true,"href":"https:\/\/testwebsite.citygame.com\/is\/wp-json\/wp\/v2\/product_brand?post=66447"},{"taxonomy":"product_cat","embeddable":true,"href":"https:\/\/testwebsite.citygame.com\/is\/wp-json\/wp\/v2\/product_cat?post=66447"},{"taxonomy":"product_tag","embeddable":true,"href":"https:\/\/testwebsite.citygame.com\/is\/wp-json\/wp\/v2\/product_tag?post=66447"}],"curies":[{"name":"wp","href":"https:\/\/api.w.org\/{rel}","templated":true}]}}