{"id":66337,"date":"2026-03-13T16:13:39","date_gmt":"2026-03-13T16:13:39","guid":{"rendered":"https:\/\/testwebsite.citygame.com\/games\/unknown-location\/secrets-of-ede\/"},"modified":"2026-04-08T19:07:21","modified_gmt":"2026-04-08T19:07:21","slug":"secrets-of-ede","status":"publish","type":"product","link":"https:\/\/testwebsite.citygame.com\/is\/games\/ede\/secrets-of-ede\/","title":{"rendered":"Secrets of Ede"},"content":{"rendered":"<p>S\u00f6kktu \u00fe\u00e9r ni\u00f0ur \u00ed heillandi heim mi\u00f0b\u00e6jar Ede me\u00f0 &#8220;Secrets of Ede&#8221; borgarleiknum okkar. \u00deessi sj\u00e1lflei\u00f0sagnarleikur um borgina gerir \u00fe\u00e9r kleift a\u00f0 rata um \u00feessa l\u00edflegu borg me\u00f0 gagnvirkum, GPS-kn\u00fanum leik \u00e1 snjalls\u00edmanum \u00fe\u00ednum. \u00c1 lei\u00f0inni muntu leysa g\u00e1tur, einstakar \u00ferautir og taka \u00fe\u00e1tt \u00ed myndat\u00f6ku\u00e1skorunum, allt \u00e1 me\u00f0an \u00fe\u00fa uppg\u00f6tvar \u00f3\u00feekkta \u00fe\u00e6tti \u00ed menningu, s\u00f6gu og borgarlandslagi Ede. Leikurinn er tilvalinn fyrir gesti sem eru f\u00fasir til a\u00f0 uppg\u00f6tva n\u00fdja upplifun, e\u00f0a heimamenn sem vilja sj\u00e1 borg s\u00edna \u00ed n\u00fdju lj\u00f3si, og hentar b\u00e6\u00f0i einstaklingsspilurum og fj\u00f6lbreyttum h\u00f3pum, \u00fear \u00e1 me\u00f0al p\u00f6rum, fj\u00f6lskyldum e\u00f0a vinum. Svo pakka\u00f0u \u00ed \u00feig \u00fe\u00e6gilegum sk\u00f3m, hla\u00f0i\u00f0 s\u00edmann \u00feinn og taktu \u00fe\u00e1tt \u00ed \u00feessum einstaka, sj\u00e1lflei\u00f0sagnarleik \u00ed Ede.<\/p>\n","protected":false},"excerpt":{"rendered":"<p>Upplif\u00f0u dul\u00fa\u00f0uga gl\u00e6sileika Ede! \u00cd b\u00e6 \u00fear sem saga fl\u00e9ttast saman vi\u00f0 r\u00edkan menningararf skaltu kanna hr\u00edfandi t\u00f3na hans fr\u00e1 aldarg\u00f6mlum vindmyllum til i\u00f0andi marka\u00f0a. Settu \u00e1 \u00feig ranns\u00f3knarl\u00f6gregluhattinn, \u00feessi fer\u00f0 um heillandi umhverfi Ede er full af leyndum v\u00edsbendingum og skemmtilegum \u00f3v\u00e6ntum \u00e1 hverju horni!<\/p>\n","protected":false},"featured_media":18762,"template":"","meta":{"_acf_changed":false,"_yoast_wpseo_focuskw":"Secrets of Ede","_yoast_wpseo_metadesc":"Secrets of Ede. Spila\u00f0u sj\u00e1lflei\u00f0sagnarleik \u00ed borginni og sko\u00f0a\u00f0u hana \u00ed gegnum \u00ferautir, g\u00e1tur og \u00e1skoranir. Spila\u00f0u \u00e1 \u00fe\u00ednum eigin hra\u00f0a og uppg\u00f6tva\u00f0u eins og heimama\u00f0ur!","_kad_blocks_custom_css":"","_kad_blocks_head_custom_js":"","_kad_blocks_body_custom_js":"","_kad_blocks_footer_custom_js":"","ghostkit_customizer_options":"","ghostkit_custom_css":"","ghostkit_custom_js_head":"","ghostkit_custom_js_foot":"","ghostkit_typography":"","_kad_post_transparent":"default","_kad_post_title":"","_kad_post_layout":"default","_kad_post_sidebar_id":"","_kad_post_content_style":"default","_kad_post_vertical_padding":"default","_kad_post_feature":"","_kad_post_feature_position":"","_kad_post_header":false,"_kad_post_footer":false,"_kad_post_classname":"","_links_to":"","_links_to_target":""},"game-concept":[717],"location":[151],"product_brand":[],"product_cat":[27],"product_tag":[],"class_list":{"0":"post-66337","1":"product","2":"type-product","3":"status-publish","4":"has-post-thumbnail","6":"game-concept-secrets","7":"location-ede","8":"product_cat-geen-categorie","10":"first","11":"instock","12":"shipping-taxable","13":"purchasable","14":"product-type-simple","15":"entry","16":"content-bg","17":"loop-entry"},"acf":{"full_bokun_product_name":"Self-Guided Secrets of Ede Exploration Game","location_name":"Ede","bokun_calendar_widget_code":"<script type=\"text\/javascript\" src=\"https:\/\/widgets.bokun.io\/assets\/javascripts\/apps\/build\/BokunWidgetsLoader.js?bookingChannelUUID=a1e93e96-5232-4734-a595-28405f4b5a31\" async><\/script>\n     \n    <div class=\"bokunWidget\" data-src=\"https:\/\/widgets.bokun.io\/online-sales\/a1e93e96-5232-4734-a595-28405f4b5a31\/experience-calendar\/885160\"><\/div>\n    <noscript>Please enable javascript in your browser to book<\/noscript>","bokun_button_widget_code":"<script type=\"text\/javascript\" src=\"https:\/\/widgets.bokun.io\/assets\/javascripts\/apps\/build\/BokunWidgetsLoader.js?bookingChannelUUID=a1e93e96-5232-4734-a595-28405f4b5a31\" async><\/script>\n      <style> #bokun_ed001e45_5927_4f62_b470_ca766338d083 { display: inline-block; padding: .4em 1em; background: #47b82e; border-radius: 999999px; box-shadow: none; font-weight: 600; font-size: 24px; text-decoration: none; text-align: center; color: #FFFFFF; border:none; cursor: pointer; transition: background .2s ease; } #bokun_ed001e45_5927_4f62_b470_ca766338d083:hover{ background: #2f7b1f; } #bokun_ed001e45_5927_4f62_b470_ca766338d083:active{ background: #378f24; } <\/style> <button class=\"bokunButton\" disabled id=bokun_ed001e45_5927_4f62_b470_ca766338d083 data-src=\"https:\/\/widgets.bokun.io\/online-sales\/a1e93e96-5232-4734-a595-28405f4b5a31\/experience-calendar\/885160?partialView=1\" data-testid=\"widget-book-button\" > Book now <\/button> ","what_you\u2019ll_experience_during_the_game":"\u00c1 me\u00f0an \u00fe\u00fa spilar Secrets of Ede City Game muntu s\u00f6kkva \u00fe\u00e9r dj\u00fapt \u00ed r\u00edkan menningararf Ede. \u00deetta er ekki venjuleg sko\u00f0unarfer\u00f0; leikurinn okkar sameinar gr\u00edpandi fr\u00e1sagnarlist og gagnvirkar \u00e1skoranir me\u00f0 fer\u00f0alagi um \u00f3v\u00e6ntar upp\u00e1komur borgarinnar. \u00deegar \u00fe\u00fa reikar fr\u00e1 einni g\u00e1tu til annarrar, ver\u00f0ur \u00fe\u00e9r lei\u00f0beint um b\u00e6\u00f0i helgimynda og leyndar horn Ede. \u00de\u00fa f\u00e6r\u00f0 a\u00f0 upplifa \u00e1hugaver\u00f0ar sta\u00f0ir, hvort sem \u00fea\u00f0 er \u00fear sem hnitin 52.04663473750492,5.669747293238146 lei\u00f0a \u00feig, e\u00f0a leyndarm\u00e1lin sem b\u00ed\u00f0a vi\u00f0 hnitin 52.04289449999999,5.678477499999985 og 52.043980799999986,5.677580699999993 \u00ed borginni Ede.\r\n\r\n\u00cd \u00f6\u00f0ru lagi er City Game okkar meira en bara k\u00f6nnun; \u00fea\u00f0 er vitsmunaleg \u00e1skorun sem reynir \u00e1 getu \u00fe\u00edna til a\u00f0 leysa \u00ferautir, svara spurningum og takast \u00e1 vi\u00f0 skapandi myndat\u00f6ku\u00e1skoranir. \u00deessar \u00e1skoranir eru ekki bara skemmtileg af\u00fereying; \u00fe\u00e6r eru nau\u00f0synleg skref \u00ed framgangi \u00fe\u00ednum til a\u00f0 leysa lokar\u00e1\u00f0g\u00e1tu Ede. \u00cd gegnum leikinn eru stig fengin, v\u00edsbendingar opna\u00f0ar, og \u00fear a\u00f0 auki er h\u00e6gt a\u00f0 gera hl\u00e9 \u00e1 leiknum hven\u00e6r sem er og halda \u00e1fram \u00feegar \u00fe\u00e9r hentar. Fyrir \u00fe\u00e6r samkeppnish\u00e6fu s\u00e1lir \u00fearna \u00fati, klifra\u00f0u upp stigat\u00f6fluna og sanna\u00f0u styrk \u00feinn \u00ed \u00feessari k\u00f6nnun um Ede.","how_to_play":"B\u00f3ka\u00f0u Exploration Game, athuga\u00f0u t\u00f6lvup\u00f3stinn sem vi\u00f0 sendum \u00fe\u00e9r me\u00f0 einf\u00f6ldum lei\u00f0beiningum, hala\u00f0u ni\u00f0ur Loquiz App, f\u00e1\u00f0u a\u00f0gang a\u00f0 Exploration Game og \u00fe\u00fa ert tilb\u00fainn til a\u00f0 byrja \u00e1 leikupplifun \u00feinni!","start_location":"Ede, Bevrijdingsplein","available_languages":["en"],"players_per_group":"1-4","duration":"1.5-2 hours","image_overlay_color_image":"https:\/\/testwebsite.citygame.com\/wp-content\/blogs.dir\/1\/files\/sites\/62\/2026\/01\/SecretsColor.svg","image_overlay_game_logo":"https:\/\/testwebsite.citygame.com\/wp-content\/blogs.dir\/1\/files\/sites\/62\/2026\/01\/SecretsLogo.png","city_page":15794,"woocommerce_general_content":null},"yoast_head":"<!-- This site is optimized with the Yoast SEO Premium plugin v26.2 (Yoast SEO v26.3) - https:\/\/yoast.com\/wordpress\/plugins\/seo\/ -->\n<title>Secrets of Ede - City Game<\/title>\n<meta name=\"description\" content=\"Secrets of Ede. Spila\u00f0u sj\u00e1lflei\u00f0sagnarleik \u00ed borginni og sko\u00f0a\u00f0u hana \u00ed gegnum \u00ferautir, g\u00e1tur og \u00e1skoranir. Spila\u00f0u \u00e1 \u00fe\u00ednum eigin hra\u00f0a og uppg\u00f6tva\u00f0u eins og heimama\u00f0ur!\" \/>\n<meta name=\"robots\" content=\"noindex, follow, max-snippet:-1, max-image-preview:large, max-video-preview:-1\" \/>\n<meta property=\"og:locale\" content=\"is_IS\" \/>\n<meta property=\"og:type\" content=\"article\" \/>\n<meta property=\"og:title\" content=\"Secrets of Ede\" \/>\n<meta property=\"og:description\" content=\"Secrets of Ede. Spila\u00f0u sj\u00e1lflei\u00f0sagnarleik \u00ed borginni og sko\u00f0a\u00f0u hana \u00ed gegnum \u00ferautir, g\u00e1tur og \u00e1skoranir. Spila\u00f0u \u00e1 \u00fe\u00ednum eigin hra\u00f0a og uppg\u00f6tva\u00f0u eins og heimama\u00f0ur!\" \/>\n<meta property=\"og:url\" content=\"https:\/\/testwebsite.citygame.com\/is\/games\/ede\/secrets-of-ede\/\" \/>\n<meta property=\"og:site_name\" content=\"City Game\" \/>\n<meta property=\"article:publisher\" content=\"https:\/\/www.facebook.com\/profile.php?id=100086426226253\" \/>\n<meta property=\"article:modified_time\" content=\"2026-04-08T19:07:21+00:00\" \/>\n<meta property=\"og:image\" content=\"https:\/\/testwebsite.citygame.com\/wp-content\/blogs.dir\/1\/files\/sites\/62\/2026\/03\/city-game-players-marktplein-ede.jpg\" \/>\n\t<meta property=\"og:image:width\" content=\"1024\" \/>\n\t<meta property=\"og:image:height\" content=\"1024\" \/>\n\t<meta property=\"og:image:type\" content=\"image\/jpeg\" \/>\n<meta name=\"twitter:card\" content=\"summary_large_image\" \/>\n<meta name=\"twitter:label1\" content=\"Est. reading time\" \/>\n\t<meta name=\"twitter:data1\" content=\"1 minute\" \/>\n<script type=\"application\/ld+json\" class=\"yoast-schema-graph\">{\"@context\":\"https:\/\/schema.org\",\"@graph\":[{\"@type\":\"WebPage\",\"@id\":\"https:\/\/testwebsite.citygame.com\/is\/games\/ede\/secrets-of-ede\/\",\"url\":\"https:\/\/testwebsite.citygame.com\/is\/games\/ede\/secrets-of-ede\/\",\"name\":\"Secrets of Ede - City Game\",\"isPartOf\":{\"@id\":\"https:\/\/testwebsite.upevents.nl\/#website\"},\"primaryImageOfPage\":{\"@id\":\"https:\/\/testwebsite.citygame.com\/is\/games\/ede\/secrets-of-ede\/#primaryimage\"},\"image\":{\"@id\":\"https:\/\/testwebsite.citygame.com\/is\/games\/ede\/secrets-of-ede\/#primaryimage\"},\"thumbnailUrl\":\"https:\/\/testwebsite.citygame.com\/wp-content\/blogs.dir\/1\/files\/sites\/62\/2026\/03\/city-game-players-marktplein-ede.jpg\",\"datePublished\":\"2026-03-13T16:13:39+00:00\",\"dateModified\":\"2026-04-08T19:07:21+00:00\",\"description\":\"Secrets of Ede. Spila\u00f0u sj\u00e1lflei\u00f0sagnarleik \u00ed borginni og sko\u00f0a\u00f0u hana \u00ed gegnum \u00ferautir, g\u00e1tur og \u00e1skoranir. Spila\u00f0u \u00e1 \u00fe\u00ednum eigin hra\u00f0a og uppg\u00f6tva\u00f0u eins og heimama\u00f0ur!\",\"breadcrumb\":{\"@id\":\"https:\/\/testwebsite.citygame.com\/is\/games\/ede\/secrets-of-ede\/#breadcrumb\"},\"inLanguage\":\"is\",\"potentialAction\":[{\"@type\":\"ReadAction\",\"target\":[\"https:\/\/testwebsite.citygame.com\/is\/games\/ede\/secrets-of-ede\/\"]}]},{\"@type\":\"ImageObject\",\"inLanguage\":\"is\",\"@id\":\"https:\/\/testwebsite.citygame.com\/is\/games\/ede\/secrets-of-ede\/#primaryimage\",\"url\":\"https:\/\/testwebsite.citygame.com\/wp-content\/blogs.dir\/1\/files\/sites\/62\/2026\/03\/city-game-players-marktplein-ede.jpg\",\"contentUrl\":\"https:\/\/testwebsite.citygame.com\/wp-content\/blogs.dir\/1\/files\/sites\/62\/2026\/03\/city-game-players-marktplein-ede.jpg\",\"width\":1024,\"height\":1024,\"caption\":\"A group of friends collaborates on their smartphone while playing a game in Ede's city center.\"},{\"@type\":\"BreadcrumbList\",\"@id\":\"https:\/\/testwebsite.citygame.com\/is\/games\/ede\/secrets-of-ede\/#breadcrumb\",\"itemListElement\":[{\"@type\":\"ListItem\",\"position\":1,\"name\":\"Home\",\"item\":\"https:\/\/testwebsite.citygame.com\/is\/\"},{\"@type\":\"ListItem\",\"position\":2,\"name\":\"Shop\",\"item\":\"https:\/\/testwebsite.citygame.com\/shop\/\"},{\"@type\":\"ListItem\",\"position\":3,\"name\":\"Secrets of Ede\"}]},{\"@type\":\"WebSite\",\"@id\":\"https:\/\/testwebsite.upevents.nl\/#website\",\"url\":\"https:\/\/testwebsite.upevents.nl\/\",\"name\":\"City Game\",\"description\":\"\",\"publisher\":{\"@id\":\"https:\/\/testwebsite.upevents.nl\/#organization\"},\"alternateName\":\"citygame.com\",\"potentialAction\":[{\"@type\":\"SearchAction\",\"target\":{\"@type\":\"EntryPoint\",\"urlTemplate\":\"https:\/\/testwebsite.upevents.nl\/?s={search_term_string}\"},\"query-input\":{\"@type\":\"PropertyValueSpecification\",\"valueRequired\":true,\"valueName\":\"search_term_string\"}}],\"inLanguage\":\"is\"},{\"@type\":[\"Organization\",\"Place\"],\"@id\":\"https:\/\/testwebsite.upevents.nl\/#organization\",\"name\":\"City Game\",\"alternateName\":\"citygame.com\",\"url\":\"https:\/\/testwebsite.upevents.nl\/\",\"logo\":{\"@id\":\"https:\/\/testwebsite.citygame.com\/is\/games\/ede\/secrets-of-ede\/#local-main-organization-logo\"},\"image\":{\"@id\":\"https:\/\/testwebsite.citygame.com\/is\/games\/ede\/secrets-of-ede\/#local-main-organization-logo\"},\"sameAs\":[\"https:\/\/www.facebook.com\/profile.php?id=100086426226253\",\"https:\/\/www.instagram.com\/citygame_com\",\"https:\/\/www.tiktok.com\/@citygamecom\/\",\"https:\/\/www.linkedin.com\/company\/citygame-com\"],\"description\":\"Turn any city into a playground with our interactive City Games and self-guided tours. Fun, flexible, and ideal for groups and team building.\",\"telephone\":[],\"openingHoursSpecification\":[{\"@type\":\"OpeningHoursSpecification\",\"dayOfWeek\":[\"Monday\",\"Tuesday\",\"Wednesday\",\"Thursday\",\"Friday\",\"Saturday\",\"Sunday\"],\"opens\":\"09:00\",\"closes\":\"17:00\"}]},{\"@type\":\"ImageObject\",\"inLanguage\":\"is\",\"@id\":\"https:\/\/testwebsite.citygame.com\/is\/games\/ede\/secrets-of-ede\/#local-main-organization-logo\",\"url\":\"https:\/\/testwebsite.citygame.com\/wp-content\/blogs.dir\/1\/files\/sites\/62\/2025\/10\/CG_LOGO-City-Game.png\",\"contentUrl\":\"https:\/\/testwebsite.citygame.com\/wp-content\/blogs.dir\/1\/files\/sites\/62\/2025\/10\/CG_LOGO-City-Game.png\",\"width\":351,\"height\":377,\"caption\":\"City Game\"}]}<\/script>\n<!-- \/ Yoast SEO Premium plugin. -->","yoast_head_json":{"title":"Secrets of Ede - City Game","description":"Secrets of Ede. Spila\u00f0u sj\u00e1lflei\u00f0sagnarleik \u00ed borginni og sko\u00f0a\u00f0u hana \u00ed gegnum \u00ferautir, g\u00e1tur og \u00e1skoranir. Spila\u00f0u \u00e1 \u00fe\u00ednum eigin hra\u00f0a og uppg\u00f6tva\u00f0u eins og heimama\u00f0ur!","robots":{"index":"noindex","follow":"follow","max-snippet":"max-snippet:-1","max-image-preview":"max-image-preview:large","max-video-preview":"max-video-preview:-1"},"og_locale":"is_IS","og_type":"article","og_title":"Secrets of Ede","og_description":"Secrets of Ede. Spila\u00f0u sj\u00e1lflei\u00f0sagnarleik \u00ed borginni og sko\u00f0a\u00f0u hana \u00ed gegnum \u00ferautir, g\u00e1tur og \u00e1skoranir. Spila\u00f0u \u00e1 \u00fe\u00ednum eigin hra\u00f0a og uppg\u00f6tva\u00f0u eins og heimama\u00f0ur!","og_url":"https:\/\/testwebsite.citygame.com\/is\/games\/ede\/secrets-of-ede\/","og_site_name":"City Game","article_publisher":"https:\/\/www.facebook.com\/profile.php?id=100086426226253","article_modified_time":"2026-04-08T19:07:21+00:00","og_image":[{"width":1024,"height":1024,"url":"https:\/\/testwebsite.citygame.com\/wp-content\/blogs.dir\/1\/files\/sites\/62\/2026\/03\/city-game-players-marktplein-ede.jpg","type":"image\/jpeg"}],"twitter_card":"summary_large_image","twitter_misc":{"Est. reading time":"1 minute"},"schema":{"@context":"https:\/\/schema.org","@graph":[{"@type":"WebPage","@id":"https:\/\/testwebsite.citygame.com\/is\/games\/ede\/secrets-of-ede\/","url":"https:\/\/testwebsite.citygame.com\/is\/games\/ede\/secrets-of-ede\/","name":"Secrets of Ede - City Game","isPartOf":{"@id":"https:\/\/testwebsite.upevents.nl\/#website"},"primaryImageOfPage":{"@id":"https:\/\/testwebsite.citygame.com\/is\/games\/ede\/secrets-of-ede\/#primaryimage"},"image":{"@id":"https:\/\/testwebsite.citygame.com\/is\/games\/ede\/secrets-of-ede\/#primaryimage"},"thumbnailUrl":"https:\/\/testwebsite.citygame.com\/wp-content\/blogs.dir\/1\/files\/sites\/62\/2026\/03\/city-game-players-marktplein-ede.jpg","datePublished":"2026-03-13T16:13:39+00:00","dateModified":"2026-04-08T19:07:21+00:00","description":"Secrets of Ede. Spila\u00f0u sj\u00e1lflei\u00f0sagnarleik \u00ed borginni og sko\u00f0a\u00f0u hana \u00ed gegnum \u00ferautir, g\u00e1tur og \u00e1skoranir. Spila\u00f0u \u00e1 \u00fe\u00ednum eigin hra\u00f0a og uppg\u00f6tva\u00f0u eins og heimama\u00f0ur!","breadcrumb":{"@id":"https:\/\/testwebsite.citygame.com\/is\/games\/ede\/secrets-of-ede\/#breadcrumb"},"inLanguage":"is","potentialAction":[{"@type":"ReadAction","target":["https:\/\/testwebsite.citygame.com\/is\/games\/ede\/secrets-of-ede\/"]}]},{"@type":"ImageObject","inLanguage":"is","@id":"https:\/\/testwebsite.citygame.com\/is\/games\/ede\/secrets-of-ede\/#primaryimage","url":"https:\/\/testwebsite.citygame.com\/wp-content\/blogs.dir\/1\/files\/sites\/62\/2026\/03\/city-game-players-marktplein-ede.jpg","contentUrl":"https:\/\/testwebsite.citygame.com\/wp-content\/blogs.dir\/1\/files\/sites\/62\/2026\/03\/city-game-players-marktplein-ede.jpg","width":1024,"height":1024,"caption":"A group of friends collaborates on their smartphone while playing a game in Ede's city center."},{"@type":"BreadcrumbList","@id":"https:\/\/testwebsite.citygame.com\/is\/games\/ede\/secrets-of-ede\/#breadcrumb","itemListElement":[{"@type":"ListItem","position":1,"name":"Home","item":"https:\/\/testwebsite.citygame.com\/is\/"},{"@type":"ListItem","position":2,"name":"Shop","item":"https:\/\/testwebsite.citygame.com\/shop\/"},{"@type":"ListItem","position":3,"name":"Secrets of Ede"}]},{"@type":"WebSite","@id":"https:\/\/testwebsite.upevents.nl\/#website","url":"https:\/\/testwebsite.upevents.nl\/","name":"City Game","description":"","publisher":{"@id":"https:\/\/testwebsite.upevents.nl\/#organization"},"alternateName":"citygame.com","potentialAction":[{"@type":"SearchAction","target":{"@type":"EntryPoint","urlTemplate":"https:\/\/testwebsite.upevents.nl\/?s={search_term_string}"},"query-input":{"@type":"PropertyValueSpecification","valueRequired":true,"valueName":"search_term_string"}}],"inLanguage":"is"},{"@type":["Organization","Place"],"@id":"https:\/\/testwebsite.upevents.nl\/#organization","name":"City Game","alternateName":"citygame.com","url":"https:\/\/testwebsite.upevents.nl\/","logo":{"@id":"https:\/\/testwebsite.citygame.com\/is\/games\/ede\/secrets-of-ede\/#local-main-organization-logo"},"image":{"@id":"https:\/\/testwebsite.citygame.com\/is\/games\/ede\/secrets-of-ede\/#local-main-organization-logo"},"sameAs":["https:\/\/www.facebook.com\/profile.php?id=100086426226253","https:\/\/www.instagram.com\/citygame_com","https:\/\/www.tiktok.com\/@citygamecom\/","https:\/\/www.linkedin.com\/company\/citygame-com"],"description":"Turn any city into a playground with our interactive City Games and self-guided tours. Fun, flexible, and ideal for groups and team building.","telephone":[],"openingHoursSpecification":[{"@type":"OpeningHoursSpecification","dayOfWeek":["Monday","Tuesday","Wednesday","Thursday","Friday","Saturday","Sunday"],"opens":"09:00","closes":"17:00"}]},{"@type":"ImageObject","inLanguage":"is","@id":"https:\/\/testwebsite.citygame.com\/is\/games\/ede\/secrets-of-ede\/#local-main-organization-logo","url":"https:\/\/testwebsite.citygame.com\/wp-content\/blogs.dir\/1\/files\/sites\/62\/2025\/10\/CG_LOGO-City-Game.png","contentUrl":"https:\/\/testwebsite.citygame.com\/wp-content\/blogs.dir\/1\/files\/sites\/62\/2025\/10\/CG_LOGO-City-Game.png","width":351,"height":377,"caption":"City Game"}]}},"taxonomy_info":{"game-concept":[{"value":717,"label":"Secrets"}],"location":[{"value":151,"label":"Ede"}],"product_cat":[{"value":27,"label":"Geen categorie"}]},"featured_image_src_large":["https:\/\/testwebsite.citygame.com\/wp-content\/blogs.dir\/1\/files\/sites\/62\/2026\/03\/city-game-players-marktplein-ede.jpg",1024,1024,false],"author_info":[],"comment_info":"","_links":{"self":[{"href":"https:\/\/testwebsite.citygame.com\/is\/wp-json\/wp\/v2\/product\/66337","targetHints":{"allow":["GET"]}}],"collection":[{"href":"https:\/\/testwebsite.citygame.com\/is\/wp-json\/wp\/v2\/product"}],"about":[{"href":"https:\/\/testwebsite.citygame.com\/is\/wp-json\/wp\/v2\/types\/product"}],"acf:post":[{"embeddable":true,"href":"https:\/\/testwebsite.citygame.com\/is\/wp-json\/wp\/v2\/pages\/15794"}],"wp:featuredmedia":[{"embeddable":true,"href":"https:\/\/testwebsite.citygame.com\/is\/wp-json\/wp\/v2\/media\/18762"}],"wp:attachment":[{"href":"https:\/\/testwebsite.citygame.com\/is\/wp-json\/wp\/v2\/media?parent=66337"}],"wp:term":[{"taxonomy":"game-concept","embeddable":true,"href":"https:\/\/testwebsite.citygame.com\/is\/wp-json\/wp\/v2\/game-concept?post=66337"},{"taxonomy":"location","embeddable":true,"href":"https:\/\/testwebsite.citygame.com\/is\/wp-json\/wp\/v2\/location?post=66337"},{"taxonomy":"product_brand","embeddable":true,"href":"https:\/\/testwebsite.citygame.com\/is\/wp-json\/wp\/v2\/product_brand?post=66337"},{"taxonomy":"product_cat","embeddable":true,"href":"https:\/\/testwebsite.citygame.com\/is\/wp-json\/wp\/v2\/product_cat?post=66337"},{"taxonomy":"product_tag","embeddable":true,"href":"https:\/\/testwebsite.citygame.com\/is\/wp-json\/wp\/v2\/product_tag?post=66337"}],"curies":[{"name":"wp","href":"https:\/\/api.w.org\/{rel}","templated":true}]}}