{"id":65993,"date":"2026-01-13T09:43:34","date_gmt":"2026-01-13T09:43:34","guid":{"rendered":"https:\/\/testwebsite.citygame.com\/games\/unknown-location\/secrets-of-porec\/"},"modified":"2026-04-08T17:12:59","modified_gmt":"2026-04-08T17:12:59","slug":"secrets-of-porec","status":"publish","type":"product","link":"https:\/\/testwebsite.citygame.com\/is\/games\/porec\/secrets-of-porec\/","title":{"rendered":"Secrets of Pore\u010d"},"content":{"rendered":"<p>Borgarleikurinn Pore\u010d er sj\u00e1lfst\u00fdr\u00f0ur, GPS-kn\u00fainn borgarleikur sem fer fram \u00ed s\u00f6gulegum mi\u00f0b\u00e6 Pore\u010d. Me\u00f0 snjalls\u00edma kanna leikmenn borgina \u00e1 me\u00f0an \u00feeir leysa gagnvirkar \u00ferautir, sta\u00f0bundnar g\u00e1tur og skapandi lj\u00f3smynda\u00e1skoranir. \u00c1 lei\u00f0inni uppg\u00f6tva \u00feeir r\u00edka s\u00f6gu, menningararfleif\u00f0 og falin sm\u00e1atri\u00f0i sem gera Pore\u010d einstaka. \u00deessi k\u00f6nnunarleikur hentar b\u00e6\u00f0i gestum og heimam\u00f6nnum og b\u00fd\u00f0ur upp \u00e1 skemmtilega og gr\u00edpandi upplifun. Hvort sem leiki\u00f0 er einir, sem par, me\u00f0 fj\u00f6lskyldu e\u00f0a vinah\u00f3pi, b\u00fd\u00f0ur Borgarleikurinn Pore\u010d upp \u00e1 sveigjanlega lei\u00f0 til a\u00f0 tengjast borginni \u00e1 eigin hra\u00f0a.<\/p>\n","protected":false},"excerpt":{"rendered":"<p>Uppg\u00f6tva\u00f0u falin leyndarm\u00e1l Pore\u010d! St\u00edg\u00f0u inn \u00ed s\u00f3lbjartan v\u00f6lundarh\u00fas forngr\u00edskra m\u00f3sa\u00edkmynda, r\u00f3mverskra r\u00fastir og sj\u00e1varblautra gata \u00e1 me\u00f0an \u00fe\u00fa hj\u00e1lpar biskupi Euphrasiusi a\u00f0 endurheimta t\u00fdnda halann sinn. Leystu v\u00edsbendingar, afhj\u00fapa\u00f0u leyndard\u00f3ma og finndu hvernig sagan lifnar vi\u00f0 \u00ed \u00feessu gu\u00f0d\u00f3mlega \u00e6vint\u00fdri!<\/p>\n","protected":false},"featured_media":3538,"template":"","meta":{"_acf_changed":false,"_yoast_wpseo_focuskw":"Secrets of Pore\u010d","_yoast_wpseo_metadesc":"Secrets of Pore\u010d. Spila\u00f0u sj\u00e1lfst\u00fdr\u00f0an borgarleik og kanna\u00f0u borgina me\u00f0 \u00ferautum, g\u00e1tum og \u00e1skorunum. Spila\u00f0u \u00e1 eigin hra\u00f0a og uppg\u00f6tva\u00f0u eins og heimama\u00f0ur!","_kad_blocks_custom_css":"","_kad_blocks_head_custom_js":"","_kad_blocks_body_custom_js":"","_kad_blocks_footer_custom_js":"","ghostkit_customizer_options":"","ghostkit_custom_css":"","ghostkit_custom_js_head":"","ghostkit_custom_js_foot":"","ghostkit_typography":"","_kad_post_transparent":"default","_kad_post_title":"","_kad_post_layout":"default","_kad_post_sidebar_id":"","_kad_post_content_style":"default","_kad_post_vertical_padding":"default","_kad_post_feature":"","_kad_post_feature_position":"","_kad_post_header":false,"_kad_post_footer":false,"_kad_post_classname":"","_links_to":"","_links_to_target":""},"game-concept":[717],"location":[327],"product_brand":[],"product_cat":[27],"product_tag":[],"class_list":{"0":"post-65993","1":"product","2":"type-product","3":"status-publish","4":"has-post-thumbnail","6":"game-concept-secrets","7":"location-porec","8":"product_cat-geen-categorie","10":"first","11":"instock","12":"shipping-taxable","13":"purchasable","14":"product-type-simple","15":"entry","16":"content-bg","17":"loop-entry"},"acf":{"full_bokun_product_name":"Self-Guided Secrets of Pore\u010d Exploration Game","location_name":"Pore\u010d","bokun_calendar_widget_code":"<script type=\"text\/javascript\" src=\"https:\/\/widgets.bokun.io\/assets\/javascripts\/apps\/build\/BokunWidgetsLoader.js?bookingChannelUUID=a1e93e96-5232-4734-a595-28405f4b5a31\" async><\/script>\n     \n    <div class=\"bokunWidget\" data-src=\"https:\/\/widgets.bokun.io\/online-sales\/a1e93e96-5232-4734-a595-28405f4b5a31\/experience-calendar\/1102446\"><\/div>\n    <noscript>Please enable javascript in your browser to book<\/noscript>","bokun_button_widget_code":"<script type=\"text\/javascript\" src=\"https:\/\/widgets.bokun.io\/assets\/javascripts\/apps\/build\/BokunWidgetsLoader.js?bookingChannelUUID=a1e93e96-5232-4734-a595-28405f4b5a31\" async><\/script>\n      <style> #bokun_ed001e45_5927_4f62_b470_ca766338d083 { display: inline-block; padding: .4em 1em; background: #47b82e; border-radius: 999999px; box-shadow: none; font-weight: 600; font-size: 24px; text-decoration: none; text-align: center; color: #FFFFFF; border:none; cursor: pointer; transition: background .2s ease; } #bokun_ed001e45_5927_4f62_b470_ca766338d083:hover{ background: #2f7b1f; } #bokun_ed001e45_5927_4f62_b470_ca766338d083:active{ background: #378f24; } <\/style> <button class=\"bokunButton\" disabled id=bokun_ed001e45_5927_4f62_b470_ca766338d083 data-src=\"https:\/\/widgets.bokun.io\/online-sales\/a1e93e96-5232-4734-a595-28405f4b5a31\/experience-calendar\/1102446?partialView=1\" data-testid=\"widget-book-button\" > Book now <\/button> ","what_you\u2019ll_experience_during_the_game":"Leyndarm\u00e1l Pore\u010d borgarleiksins blandar saman k\u00f6nnun og r\u00edkri, \u00f3rofa s\u00f6gu \u00feegar \u00fe\u00fa afhj\u00fapar einkenni borgarinnar, einn sta\u00f0 \u00ed einu. \u00de\u00fa munt ganga um b\u00e6\u00f0i i\u00f0andi og r\u00f3legri horn Pore\u010d, lei\u00f0beint ekki a\u00f0eins af \u00e1ttum heldur af v\u00edsbendingum sem eru hanna\u00f0ar til a\u00f0 s\u00f6kkva \u00fe\u00e9r ni\u00f0ur \u00ed fort\u00ed\u00f0 hennar og n\u00fat\u00ed\u00f0. \u00c1 lei\u00f0inni g\u00e6tir\u00f0u fari\u00f0 \u00ed gegnum Romanesque House, d\u00e1\u00f0st a\u00f0 s\u00f6gulegum sm\u00e1atri\u00f0um Zuccato Palace, e\u00f0a teki\u00f0 p\u00e1su vi\u00f0 Temple of Mars og Roman Grid Streets \u00fear sem fornar f\u00f3tspor hlj\u00f3ma. Hvort sem \u00fe\u00fa stendur undir gotneskum bogum g\u00f6fugs heimilis e\u00f0a slakar \u00e1 \u00ed Bishop Dobrila Park, b\u00e6tir hver sta\u00f0setning d\u00fdpt vi\u00f0 borgar\u00e6vint\u00fdri\u00f0 \u00feitt.\r\n\r\n\u00deegar \u00fe\u00fa fer\u00f0 um g\u00f6tur Pore\u010d muntu leysa \u00fdmsar \u00ferautir, g\u00e1tur og lj\u00f3smyndatengdar \u00e1skoranir sem l\u00edfga upp \u00e1 s\u00f6guna. Hver \u00e1skorun sem \u00fe\u00fa kl\u00e1rar gefur \u00fe\u00e9r stig, opnar gagnlegar v\u00edsbendingar og f\u00e6rir \u00feig n\u00e6r \u00fev\u00ed a\u00f0 leysa a\u00f0al r\u00e1\u00f0g\u00e1tu sem tengir fer\u00f0ina saman. H\u00e6gt er a\u00f0 spila borgarleikinn \u00e1 eigin hra\u00f0a, me\u00f0 m\u00f6guleika \u00e1 a\u00f0 gera hl\u00e9 og sn\u00faa aftur hven\u00e6r sem \u00fe\u00fa ert tilb\u00fainn til a\u00f0 halda \u00e1fram. Fyrir \u00fe\u00e1 sem hafa keppnisanda, b\u00e6tir \u00fea\u00f0 a\u00f0 n\u00e1 efsta s\u00e6ti \u00e1 stigat\u00f6flunni aukalagi af spennu vi\u00f0 k\u00f6nnun \u00fe\u00edna.","how_to_play":"Eftir b\u00f3kun f\u00e6r\u00f0u t\u00f6lvup\u00f3st me\u00f0 pers\u00f3nulegum leiktengli. Far\u00f0u einfaldlega a\u00f0 Temple of Mars, upphafspunkti fer\u00f0ar \u00feinnar, opna\u00f0u tengilinn \u00e1 snjalls\u00edmanum \u00fe\u00ednum og byrja\u00f0u \u00e6vint\u00fdri\u00f0 \u00feitt. H\u00e6gt er a\u00f0 gera hl\u00e9 \u00e1 leiknum hven\u00e6r sem er, sem gerir \u00fe\u00e9r kleift a\u00f0 taka p\u00e1sur, f\u00e1 \u00fe\u00e9r drykk e\u00f0a kanna frj\u00e1lslega \u00e1\u00f0ur en \u00fe\u00fa heldur \u00e1fram leit \u00feinni a\u00f0 \u00fev\u00ed a\u00f0 hj\u00e1lpa biskupi Euphrasiusi a\u00f0 endurheimta t\u00fdnda halann sinn.","start_location":"Pore\u010d, Temple of Mars","available_languages":"","players_per_group":"1-4","duration":"1.5-2 hours","image_overlay_color_image":"https:\/\/testwebsite.citygame.com\/wp-content\/blogs.dir\/1\/files\/sites\/62\/2026\/01\/SecretsColor.svg","image_overlay_game_logo":"https:\/\/testwebsite.citygame.com\/wp-content\/blogs.dir\/1\/files\/sites\/62\/2026\/01\/SecretsLogo.png","city_page":15715,"woocommerce_general_content":null},"yoast_head":"<!-- This site is optimized with the Yoast SEO Premium plugin v26.2 (Yoast SEO v26.3) - https:\/\/yoast.com\/wordpress\/plugins\/seo\/ -->\n<title>Secrets of Pore\u010d - City Game<\/title>\n<meta name=\"description\" content=\"Secrets of Pore\u010d. Spila\u00f0u sj\u00e1lfst\u00fdr\u00f0an borgarleik og kanna\u00f0u borgina me\u00f0 \u00ferautum, g\u00e1tum og \u00e1skorunum. Spila\u00f0u \u00e1 eigin hra\u00f0a og uppg\u00f6tva\u00f0u eins og heimama\u00f0ur!\" \/>\n<meta name=\"robots\" content=\"noindex, follow, max-snippet:-1, max-image-preview:large, max-video-preview:-1\" \/>\n<meta property=\"og:locale\" content=\"is_IS\" \/>\n<meta property=\"og:type\" content=\"article\" \/>\n<meta property=\"og:title\" content=\"Secrets of Pore\u010d\" \/>\n<meta property=\"og:description\" content=\"Secrets of Pore\u010d. Spila\u00f0u sj\u00e1lfst\u00fdr\u00f0an borgarleik og kanna\u00f0u borgina me\u00f0 \u00ferautum, g\u00e1tum og \u00e1skorunum. Spila\u00f0u \u00e1 eigin hra\u00f0a og uppg\u00f6tva\u00f0u eins og heimama\u00f0ur!\" \/>\n<meta property=\"og:url\" content=\"https:\/\/testwebsite.citygame.com\/is\/games\/porec\/secrets-of-porec\/\" \/>\n<meta property=\"og:site_name\" content=\"City Game\" \/>\n<meta property=\"article:publisher\" content=\"https:\/\/www.facebook.com\/profile.php?id=100086426226253\" \/>\n<meta property=\"article:modified_time\" content=\"2026-04-08T17:12:59+00:00\" \/>\n<meta property=\"og:image\" content=\"https:\/\/testwebsite.citygame.com\/wp-content\/blogs.dir\/1\/files\/sites\/62\/2026\/01\/porec-friends-playing-city-game-gothic-palace.jpg\" \/>\n\t<meta property=\"og:image:width\" content=\"1248\" \/>\n\t<meta property=\"og:image:height\" content=\"832\" \/>\n\t<meta property=\"og:image:type\" content=\"image\/jpeg\" \/>\n<meta name=\"twitter:card\" content=\"summary_large_image\" \/>\n<meta name=\"twitter:label1\" content=\"Est. reading time\" \/>\n\t<meta name=\"twitter:data1\" content=\"1 minute\" \/>\n<script type=\"application\/ld+json\" class=\"yoast-schema-graph\">{\"@context\":\"https:\/\/schema.org\",\"@graph\":[{\"@type\":\"WebPage\",\"@id\":\"https:\/\/testwebsite.citygame.com\/is\/games\/porec\/secrets-of-porec\/\",\"url\":\"https:\/\/testwebsite.citygame.com\/is\/games\/porec\/secrets-of-porec\/\",\"name\":\"Secrets of Pore\u010d - City Game\",\"isPartOf\":{\"@id\":\"https:\/\/testwebsite.upevents.nl\/#website\"},\"primaryImageOfPage\":{\"@id\":\"https:\/\/testwebsite.citygame.com\/is\/games\/porec\/secrets-of-porec\/#primaryimage\"},\"image\":{\"@id\":\"https:\/\/testwebsite.citygame.com\/is\/games\/porec\/secrets-of-porec\/#primaryimage\"},\"thumbnailUrl\":\"https:\/\/testwebsite.citygame.com\/wp-content\/blogs.dir\/1\/files\/sites\/62\/2026\/01\/porec-friends-playing-city-game-gothic-palace.jpg\",\"datePublished\":\"2026-01-13T09:43:34+00:00\",\"dateModified\":\"2026-04-08T17:12:59+00:00\",\"description\":\"Secrets of Pore\u010d. Spila\u00f0u sj\u00e1lfst\u00fdr\u00f0an borgarleik og kanna\u00f0u borgina me\u00f0 \u00ferautum, g\u00e1tum og \u00e1skorunum. Spila\u00f0u \u00e1 eigin hra\u00f0a og uppg\u00f6tva\u00f0u eins og heimama\u00f0ur!\",\"breadcrumb\":{\"@id\":\"https:\/\/testwebsite.citygame.com\/is\/games\/porec\/secrets-of-porec\/#breadcrumb\"},\"inLanguage\":\"is\",\"potentialAction\":[{\"@type\":\"ReadAction\",\"target\":[\"https:\/\/testwebsite.citygame.com\/is\/games\/porec\/secrets-of-porec\/\"]}]},{\"@type\":\"ImageObject\",\"inLanguage\":\"is\",\"@id\":\"https:\/\/testwebsite.citygame.com\/is\/games\/porec\/secrets-of-porec\/#primaryimage\",\"url\":\"https:\/\/testwebsite.citygame.com\/wp-content\/blogs.dir\/1\/files\/sites\/62\/2026\/01\/porec-friends-playing-city-game-gothic-palace.jpg\",\"contentUrl\":\"https:\/\/testwebsite.citygame.com\/wp-content\/blogs.dir\/1\/files\/sites\/62\/2026\/01\/porec-friends-playing-city-game-gothic-palace.jpg\",\"width\":1248,\"height\":832,\"caption\":\"A group of young tourists uses a smartphone app to explore the historic streets of Pore\u010d.\"},{\"@type\":\"BreadcrumbList\",\"@id\":\"https:\/\/testwebsite.citygame.com\/is\/games\/porec\/secrets-of-porec\/#breadcrumb\",\"itemListElement\":[{\"@type\":\"ListItem\",\"position\":1,\"name\":\"Home\",\"item\":\"https:\/\/testwebsite.citygame.com\/is\/\"},{\"@type\":\"ListItem\",\"position\":2,\"name\":\"Shop\",\"item\":\"https:\/\/testwebsite.citygame.com\/shop\/\"},{\"@type\":\"ListItem\",\"position\":3,\"name\":\"Secrets of Pore\u010d\"}]},{\"@type\":\"WebSite\",\"@id\":\"https:\/\/testwebsite.upevents.nl\/#website\",\"url\":\"https:\/\/testwebsite.upevents.nl\/\",\"name\":\"City Game\",\"description\":\"\",\"publisher\":{\"@id\":\"https:\/\/testwebsite.upevents.nl\/#organization\"},\"alternateName\":\"citygame.com\",\"potentialAction\":[{\"@type\":\"SearchAction\",\"target\":{\"@type\":\"EntryPoint\",\"urlTemplate\":\"https:\/\/testwebsite.upevents.nl\/?s={search_term_string}\"},\"query-input\":{\"@type\":\"PropertyValueSpecification\",\"valueRequired\":true,\"valueName\":\"search_term_string\"}}],\"inLanguage\":\"is\"},{\"@type\":[\"Organization\",\"Place\"],\"@id\":\"https:\/\/testwebsite.upevents.nl\/#organization\",\"name\":\"City Game\",\"alternateName\":\"citygame.com\",\"url\":\"https:\/\/testwebsite.upevents.nl\/\",\"logo\":{\"@id\":\"https:\/\/testwebsite.citygame.com\/is\/games\/porec\/secrets-of-porec\/#local-main-organization-logo\"},\"image\":{\"@id\":\"https:\/\/testwebsite.citygame.com\/is\/games\/porec\/secrets-of-porec\/#local-main-organization-logo\"},\"sameAs\":[\"https:\/\/www.facebook.com\/profile.php?id=100086426226253\",\"https:\/\/www.instagram.com\/citygame_com\",\"https:\/\/www.tiktok.com\/@citygamecom\/\",\"https:\/\/www.linkedin.com\/company\/citygame-com\"],\"description\":\"Turn any city into a playground with our interactive City Games and self-guided tours. Fun, flexible, and ideal for groups and team building.\",\"telephone\":[],\"openingHoursSpecification\":[{\"@type\":\"OpeningHoursSpecification\",\"dayOfWeek\":[\"Monday\",\"Tuesday\",\"Wednesday\",\"Thursday\",\"Friday\",\"Saturday\",\"Sunday\"],\"opens\":\"09:00\",\"closes\":\"17:00\"}]},{\"@type\":\"ImageObject\",\"inLanguage\":\"is\",\"@id\":\"https:\/\/testwebsite.citygame.com\/is\/games\/porec\/secrets-of-porec\/#local-main-organization-logo\",\"url\":\"https:\/\/testwebsite.citygame.com\/wp-content\/blogs.dir\/1\/files\/sites\/62\/2025\/10\/CG_LOGO-City-Game.png\",\"contentUrl\":\"https:\/\/testwebsite.citygame.com\/wp-content\/blogs.dir\/1\/files\/sites\/62\/2025\/10\/CG_LOGO-City-Game.png\",\"width\":351,\"height\":377,\"caption\":\"City Game\"}]}<\/script>\n<!-- \/ Yoast SEO Premium plugin. -->","yoast_head_json":{"title":"Secrets of Pore\u010d - City Game","description":"Secrets of Pore\u010d. Spila\u00f0u sj\u00e1lfst\u00fdr\u00f0an borgarleik og kanna\u00f0u borgina me\u00f0 \u00ferautum, g\u00e1tum og \u00e1skorunum. Spila\u00f0u \u00e1 eigin hra\u00f0a og uppg\u00f6tva\u00f0u eins og heimama\u00f0ur!","robots":{"index":"noindex","follow":"follow","max-snippet":"max-snippet:-1","max-image-preview":"max-image-preview:large","max-video-preview":"max-video-preview:-1"},"og_locale":"is_IS","og_type":"article","og_title":"Secrets of Pore\u010d","og_description":"Secrets of Pore\u010d. Spila\u00f0u sj\u00e1lfst\u00fdr\u00f0an borgarleik og kanna\u00f0u borgina me\u00f0 \u00ferautum, g\u00e1tum og \u00e1skorunum. Spila\u00f0u \u00e1 eigin hra\u00f0a og uppg\u00f6tva\u00f0u eins og heimama\u00f0ur!","og_url":"https:\/\/testwebsite.citygame.com\/is\/games\/porec\/secrets-of-porec\/","og_site_name":"City Game","article_publisher":"https:\/\/www.facebook.com\/profile.php?id=100086426226253","article_modified_time":"2026-04-08T17:12:59+00:00","og_image":[{"width":1248,"height":832,"url":"https:\/\/testwebsite.citygame.com\/wp-content\/blogs.dir\/1\/files\/sites\/62\/2026\/01\/porec-friends-playing-city-game-gothic-palace.jpg","type":"image\/jpeg"}],"twitter_card":"summary_large_image","twitter_misc":{"Est. reading time":"1 minute"},"schema":{"@context":"https:\/\/schema.org","@graph":[{"@type":"WebPage","@id":"https:\/\/testwebsite.citygame.com\/is\/games\/porec\/secrets-of-porec\/","url":"https:\/\/testwebsite.citygame.com\/is\/games\/porec\/secrets-of-porec\/","name":"Secrets of Pore\u010d - City Game","isPartOf":{"@id":"https:\/\/testwebsite.upevents.nl\/#website"},"primaryImageOfPage":{"@id":"https:\/\/testwebsite.citygame.com\/is\/games\/porec\/secrets-of-porec\/#primaryimage"},"image":{"@id":"https:\/\/testwebsite.citygame.com\/is\/games\/porec\/secrets-of-porec\/#primaryimage"},"thumbnailUrl":"https:\/\/testwebsite.citygame.com\/wp-content\/blogs.dir\/1\/files\/sites\/62\/2026\/01\/porec-friends-playing-city-game-gothic-palace.jpg","datePublished":"2026-01-13T09:43:34+00:00","dateModified":"2026-04-08T17:12:59+00:00","description":"Secrets of Pore\u010d. Spila\u00f0u sj\u00e1lfst\u00fdr\u00f0an borgarleik og kanna\u00f0u borgina me\u00f0 \u00ferautum, g\u00e1tum og \u00e1skorunum. Spila\u00f0u \u00e1 eigin hra\u00f0a og uppg\u00f6tva\u00f0u eins og heimama\u00f0ur!","breadcrumb":{"@id":"https:\/\/testwebsite.citygame.com\/is\/games\/porec\/secrets-of-porec\/#breadcrumb"},"inLanguage":"is","potentialAction":[{"@type":"ReadAction","target":["https:\/\/testwebsite.citygame.com\/is\/games\/porec\/secrets-of-porec\/"]}]},{"@type":"ImageObject","inLanguage":"is","@id":"https:\/\/testwebsite.citygame.com\/is\/games\/porec\/secrets-of-porec\/#primaryimage","url":"https:\/\/testwebsite.citygame.com\/wp-content\/blogs.dir\/1\/files\/sites\/62\/2026\/01\/porec-friends-playing-city-game-gothic-palace.jpg","contentUrl":"https:\/\/testwebsite.citygame.com\/wp-content\/blogs.dir\/1\/files\/sites\/62\/2026\/01\/porec-friends-playing-city-game-gothic-palace.jpg","width":1248,"height":832,"caption":"A group of young tourists uses a smartphone app to explore the historic streets of Pore\u010d."},{"@type":"BreadcrumbList","@id":"https:\/\/testwebsite.citygame.com\/is\/games\/porec\/secrets-of-porec\/#breadcrumb","itemListElement":[{"@type":"ListItem","position":1,"name":"Home","item":"https:\/\/testwebsite.citygame.com\/is\/"},{"@type":"ListItem","position":2,"name":"Shop","item":"https:\/\/testwebsite.citygame.com\/shop\/"},{"@type":"ListItem","position":3,"name":"Secrets of Pore\u010d"}]},{"@type":"WebSite","@id":"https:\/\/testwebsite.upevents.nl\/#website","url":"https:\/\/testwebsite.upevents.nl\/","name":"City Game","description":"","publisher":{"@id":"https:\/\/testwebsite.upevents.nl\/#organization"},"alternateName":"citygame.com","potentialAction":[{"@type":"SearchAction","target":{"@type":"EntryPoint","urlTemplate":"https:\/\/testwebsite.upevents.nl\/?s={search_term_string}"},"query-input":{"@type":"PropertyValueSpecification","valueRequired":true,"valueName":"search_term_string"}}],"inLanguage":"is"},{"@type":["Organization","Place"],"@id":"https:\/\/testwebsite.upevents.nl\/#organization","name":"City Game","alternateName":"citygame.com","url":"https:\/\/testwebsite.upevents.nl\/","logo":{"@id":"https:\/\/testwebsite.citygame.com\/is\/games\/porec\/secrets-of-porec\/#local-main-organization-logo"},"image":{"@id":"https:\/\/testwebsite.citygame.com\/is\/games\/porec\/secrets-of-porec\/#local-main-organization-logo"},"sameAs":["https:\/\/www.facebook.com\/profile.php?id=100086426226253","https:\/\/www.instagram.com\/citygame_com","https:\/\/www.tiktok.com\/@citygamecom\/","https:\/\/www.linkedin.com\/company\/citygame-com"],"description":"Turn any city into a playground with our interactive City Games and self-guided tours. Fun, flexible, and ideal for groups and team building.","telephone":[],"openingHoursSpecification":[{"@type":"OpeningHoursSpecification","dayOfWeek":["Monday","Tuesday","Wednesday","Thursday","Friday","Saturday","Sunday"],"opens":"09:00","closes":"17:00"}]},{"@type":"ImageObject","inLanguage":"is","@id":"https:\/\/testwebsite.citygame.com\/is\/games\/porec\/secrets-of-porec\/#local-main-organization-logo","url":"https:\/\/testwebsite.citygame.com\/wp-content\/blogs.dir\/1\/files\/sites\/62\/2025\/10\/CG_LOGO-City-Game.png","contentUrl":"https:\/\/testwebsite.citygame.com\/wp-content\/blogs.dir\/1\/files\/sites\/62\/2025\/10\/CG_LOGO-City-Game.png","width":351,"height":377,"caption":"City Game"}]}},"taxonomy_info":{"game-concept":[{"value":717,"label":"Secrets"}],"location":[{"value":327,"label":"Pore\u010d"}],"product_cat":[{"value":27,"label":"Geen categorie"}]},"featured_image_src_large":["https:\/\/testwebsite.citygame.com\/wp-content\/blogs.dir\/1\/files\/sites\/62\/2026\/01\/porec-friends-playing-city-game-gothic-palace-1024x683.jpg",1024,683,true],"author_info":[],"comment_info":"","_links":{"self":[{"href":"https:\/\/testwebsite.citygame.com\/is\/wp-json\/wp\/v2\/product\/65993","targetHints":{"allow":["GET"]}}],"collection":[{"href":"https:\/\/testwebsite.citygame.com\/is\/wp-json\/wp\/v2\/product"}],"about":[{"href":"https:\/\/testwebsite.citygame.com\/is\/wp-json\/wp\/v2\/types\/product"}],"acf:post":[{"embeddable":true,"href":"https:\/\/testwebsite.citygame.com\/is\/wp-json\/wp\/v2\/pages\/15715"}],"wp:featuredmedia":[{"embeddable":true,"href":"https:\/\/testwebsite.citygame.com\/is\/wp-json\/wp\/v2\/media\/3538"}],"wp:attachment":[{"href":"https:\/\/testwebsite.citygame.com\/is\/wp-json\/wp\/v2\/media?parent=65993"}],"wp:term":[{"taxonomy":"game-concept","embeddable":true,"href":"https:\/\/testwebsite.citygame.com\/is\/wp-json\/wp\/v2\/game-concept?post=65993"},{"taxonomy":"location","embeddable":true,"href":"https:\/\/testwebsite.citygame.com\/is\/wp-json\/wp\/v2\/location?post=65993"},{"taxonomy":"product_brand","embeddable":true,"href":"https:\/\/testwebsite.citygame.com\/is\/wp-json\/wp\/v2\/product_brand?post=65993"},{"taxonomy":"product_cat","embeddable":true,"href":"https:\/\/testwebsite.citygame.com\/is\/wp-json\/wp\/v2\/product_cat?post=65993"},{"taxonomy":"product_tag","embeddable":true,"href":"https:\/\/testwebsite.citygame.com\/is\/wp-json\/wp\/v2\/product_tag?post=65993"}],"curies":[{"name":"wp","href":"https:\/\/api.w.org\/{rel}","templated":true}]}}