{"id":65104,"date":"2026-01-14T08:55:44","date_gmt":"2026-01-14T08:55:44","guid":{"rendered":"https:\/\/testwebsite.citygame.com\/games\/unknown-location\/secrets-of-paris-notre-dame\/"},"modified":"2026-04-08T15:19:10","modified_gmt":"2026-04-08T15:19:10","slug":"secrets-of-paris-notre-dame","status":"publish","type":"product","link":"https:\/\/testwebsite.citygame.com\/is\/games\/paris\/secrets-of-paris-notre-dame\/","title":{"rendered":"Secrets of Paris Notre Dame"},"content":{"rendered":"<p>City Game Paris Notre Dame er sj\u00e1lfst\u00fdr\u00f0ur, GPS-kn\u00fainn leikur sem fer fram \u00ed s\u00f6gulegu mi\u00f0borg Par\u00edsar. Me\u00f0 snjalls\u00edmum s\u00ednum kanna leikmenn sv\u00e6\u00f0i\u00f0 \u00e1 me\u00f0an \u00feeir leysa \u00ferautir, svara g\u00e1tum og takast \u00e1 vi\u00f0 myndat\u00f6ku\u00e1skoranir sem afhj\u00fapa falin sm\u00e1atri\u00f0i um s\u00f6gu og menningu borgarinnar. \u00deessi sj\u00e1lfst\u00fdr\u00f0i borgarleikur b\u00fd\u00f0ur upp \u00e1 gr\u00edpandi lei\u00f0 til a\u00f0 uppg\u00f6tva sjarma Par\u00edsar \u00e1 \u00fe\u00ednum eigin hra\u00f0a, og afhj\u00fapa b\u00e6\u00f0i vel \u00feekkt kennileiti og minna \u00feekkta kr\u00f3ka. Hanna\u00f0ur fyrir b\u00e6\u00f0i gesti og heimamenn, er k\u00f6nnunarleikurinn hentugur fyrir \u00e6vint\u00fdramenn einir \u00e1 fer\u00f0, p\u00f6r, fj\u00f6lskyldur og vinah\u00f3pa. Hvort sem \u00fe\u00fa ert n\u00fd\/n\u00fdr \u00ed borginni e\u00f0a enduruppg\u00f6tvar hana, b\u00fd\u00f0ur City Game Paris upp \u00e1 einstakt sj\u00f3narhorn \u00ed gegnum skemmtilega og gagnvirka upplifun.<\/p>\n","protected":false},"excerpt":{"rendered":"<p>R\u00e1f\u00f0u fr\u00e1 hlj\u00f3mandi kirkjuklukkum a\u00f0 kaffiilmu\u00f0um brei\u00f0g\u00f6tum \u00e1 me\u00f0an \u00fe\u00fa leitar v\u00edsbendinga \u00ed s\u00f6gufr\u00e6gu hjarta borgarinnar, og hj\u00e1lpa\u00f0u Victor Hugo a\u00f0 endurheimta t\u00fdnda lokakafla Hringjarans \u00ed Notre-Dame \u00e1\u00f0ur en hann lendir \u00ed r\u00f6ngum h\u00f6ndum.<\/p>\n","protected":false},"featured_media":3999,"template":"","meta":{"_acf_changed":false,"_yoast_wpseo_focuskw":"Secrets of Paris Notre Dame","_yoast_wpseo_metadesc":"Secrets of Paris Notre Dame. Spila\u00f0u sj\u00e1lfst\u00fdr\u00f0an borgarleik og kanna\u00f0u borgina me\u00f0 \u00ferautum, g\u00e1tum og \u00e1skorunum. Spila\u00f0u \u00e1 \u00fe\u00ednum eigin hra\u00f0a og uppg\u00f6tva\u00f0u eins og heimama\u00f0ur!","_kad_blocks_custom_css":"","_kad_blocks_head_custom_js":"","_kad_blocks_body_custom_js":"","_kad_blocks_footer_custom_js":"","ghostkit_customizer_options":"","ghostkit_custom_css":"","ghostkit_custom_js_head":"","ghostkit_custom_js_foot":"","ghostkit_typography":"","_kad_post_transparent":"default","_kad_post_title":"","_kad_post_layout":"default","_kad_post_sidebar_id":"","_kad_post_content_style":"default","_kad_post_vertical_padding":"default","_kad_post_feature":"","_kad_post_feature_position":"","_kad_post_header":false,"_kad_post_footer":false,"_kad_post_classname":"","_links_to":"","_links_to_target":""},"game-concept":[717],"location":[317],"product_brand":[],"product_cat":[27],"product_tag":[],"class_list":{"0":"post-65104","1":"product","2":"type-product","3":"status-publish","4":"has-post-thumbnail","6":"game-concept-secrets","7":"location-paris","8":"product_cat-geen-categorie","10":"first","11":"instock","12":"shipping-taxable","13":"purchasable","14":"product-type-simple","15":"entry","16":"content-bg","17":"loop-entry"},"acf":{"full_bokun_product_name":"Self-Guided Secrets of Paris: Notre-Dame Area Exploration Game","location_name":"Paris Notre Dame","bokun_calendar_widget_code":"<script type=\"text\/javascript\" src=\"https:\/\/widgets.bokun.io\/assets\/javascripts\/apps\/build\/BokunWidgetsLoader.js?bookingChannelUUID=a1e93e96-5232-4734-a595-28405f4b5a31\" async><\/script>\n     \n    <div class=\"bokunWidget\" data-src=\"https:\/\/widgets.bokun.io\/online-sales\/a1e93e96-5232-4734-a595-28405f4b5a31\/experience-calendar\/1002128\"><\/div>\n    <noscript>Please enable javascript in your browser to book<\/noscript>","bokun_button_widget_code":"<script type=\"text\/javascript\" src=\"https:\/\/widgets.bokun.io\/assets\/javascripts\/apps\/build\/BokunWidgetsLoader.js?bookingChannelUUID=a1e93e96-5232-4734-a595-28405f4b5a31\" async><\/script>\n      <style> #bokun_ed001e45_5927_4f62_b470_ca766338d083 { display: inline-block; padding: .4em 1em; background: #47b82e; border-radius: 999999px; box-shadow: none; font-weight: 600; font-size: 24px; text-decoration: none; text-align: center; color: #FFFFFF; border:none; cursor: pointer; transition: background .2s ease; } #bokun_ed001e45_5927_4f62_b470_ca766338d083:hover{ background: #2f7b1f; } #bokun_ed001e45_5927_4f62_b470_ca766338d083:active{ background: #378f24; } <\/style> <button class=\"bokunButton\" disabled id=bokun_ed001e45_5927_4f62_b470_ca766338d083 data-src=\"https:\/\/widgets.bokun.io\/online-sales\/a1e93e96-5232-4734-a595-28405f4b5a31\/experience-calendar\/1002128?partialView=1\" data-testid=\"widget-book-button\" > Book now <\/button> ","what_you\u2019ll_experience_during_the_game":"Secrets of Paris Notre Dame City Game blandar saman borgark\u00f6nnun og s\u00f6gum, og lei\u00f0ir \u00feig \u00ed gegnum hjarta borgarinnar \u00e1 me\u00f0an spennandi v\u00edsbendingar afhj\u00fapast. \u00c1 me\u00f0an \u00fe\u00fa sko\u00f0ar, munt \u00fe\u00fa fara framhj\u00e1 b\u00e6\u00f0i fr\u00e6gum st\u00f6\u00f0um og r\u00f3legri hornum, fr\u00e1 gotneskum turnum Notre-Dame d\u00f3mkirkjunnar til laufgr\u00e6ns fri\u00f0s\u00e6ldar Square Ren\u00e9 Viviani. \u00c1 lei\u00f0inni muntu rekast \u00e1 kennileiti eins og Conciergerie, v\u00ed\u00f0\u00e1ttumikinn odda Square du Vert-Galant og l\u00edflegu Rue de Rivoli n\u00e1l\u00e6gt Ch\u00e2telet. Hver stoppusta\u00f0ur b\u00fd\u00f0ur \u00fe\u00e9r a\u00f0 sj\u00e1 Par\u00eds me\u00f0 n\u00fdjum augum, og afhj\u00fapar marglaga s\u00f6gur undir kunnuglegum framhli\u00f0um hennar.\r\n\r\n\u00cd gegnum City Game muntu takast \u00e1 vi\u00f0 bl\u00f6ndu af g\u00e1tum, v\u00edsbendingum og myndat\u00f6ku\u00e1skorunum sem l\u00edfga upp \u00e1 umhverfi\u00f0. A\u00f0 leysa \u00feessar gefur \u00fe\u00e9r stig, opnar gagnlegar v\u00edsbendingar og f\u00e6rir \u00feig n\u00e6r \u00fev\u00ed a\u00f0 afhj\u00fapa lokamystery \u00ed Par\u00eds. Leikurinn er sveigjanlegur og h\u00e6gt er a\u00f0 gera hl\u00e9 \u00e1 honum hven\u00e6r sem er \u2013 fullkomi\u00f0 til a\u00f0 taka p\u00e1su e\u00f0a sko\u00f0a \u00e1 \u00fe\u00ednum eigin hra\u00f0a. Fyrir \u00fe\u00e1 sem hafa gaman af samkeppni er einnig til sta\u00f0ar lifandi stigatafla til a\u00f0 sj\u00e1 hvernig li\u00f0i\u00f0 \u00feitt stendur sig \u00ed borginni.","how_to_play":"Eftir b\u00f3kun f\u00e6r\u00f0u t\u00f6lvup\u00f3st me\u00f0 beinum hlekk til a\u00f0 hefja leikinn. Far\u00f0u einfaldlega \u00e1 upphafsta\u00f0inn vi\u00f0 Notre-Dame d\u00f3mkirkjuna og r\u00e6stu \u00e6vint\u00fdri\u00f0 \u00far s\u00edmanum \u00fe\u00ednum. Leikurinn er sveigjanlegur, svo \u00fe\u00fa getur gert hl\u00e9 \u00e1 honum hven\u00e6r sem er og haldi\u00f0 \u00e1fram s\u00ed\u00f0ar. Fer\u00f0 \u00fe\u00edn um Par\u00eds hefst um lei\u00f0 og \u00fe\u00fa ert tilb\u00fain\/n, \u00fdttu bara \u00e1 spila og l\u00e1ttu borgina lei\u00f0a \u00feig \u00ed gegnum leyndarm\u00e1l s\u00edn.","start_location":"Notre-Dame Cathedral","available_languages":"","players_per_group":"1-4","duration":"1.5-2 hours","image_overlay_color_image":"https:\/\/testwebsite.citygame.com\/wp-content\/blogs.dir\/1\/files\/sites\/62\/2026\/01\/SecretsColor.svg","image_overlay_game_logo":"https:\/\/testwebsite.citygame.com\/wp-content\/blogs.dir\/1\/files\/sites\/62\/2026\/01\/SecretsLogo.png","city_page":7295,"woocommerce_general_content":null},"yoast_head":"<!-- This site is optimized with the Yoast SEO Premium plugin v26.2 (Yoast SEO v26.3) - https:\/\/yoast.com\/wordpress\/plugins\/seo\/ -->\n<title>Secrets of Paris Notre Dame - City Game<\/title>\n<meta name=\"description\" content=\"Secrets of Paris Notre Dame. Spila\u00f0u sj\u00e1lfst\u00fdr\u00f0an borgarleik og kanna\u00f0u borgina me\u00f0 \u00ferautum, g\u00e1tum og \u00e1skorunum. Spila\u00f0u \u00e1 \u00fe\u00ednum eigin hra\u00f0a og uppg\u00f6tva\u00f0u eins og heimama\u00f0ur!\" \/>\n<meta name=\"robots\" content=\"noindex, follow, max-snippet:-1, max-image-preview:large, max-video-preview:-1\" \/>\n<meta property=\"og:locale\" content=\"is_IS\" \/>\n<meta property=\"og:type\" content=\"article\" \/>\n<meta property=\"og:title\" content=\"Secrets of Paris Notre Dame\" \/>\n<meta property=\"og:description\" content=\"Secrets of Paris Notre Dame. Spila\u00f0u sj\u00e1lfst\u00fdr\u00f0an borgarleik og kanna\u00f0u borgina me\u00f0 \u00ferautum, g\u00e1tum og \u00e1skorunum. Spila\u00f0u \u00e1 \u00fe\u00ednum eigin hra\u00f0a og uppg\u00f6tva\u00f0u eins og heimama\u00f0ur!\" \/>\n<meta property=\"og:url\" content=\"https:\/\/testwebsite.citygame.com\/is\/games\/paris\/secrets-of-paris-notre-dame\/\" \/>\n<meta property=\"og:site_name\" content=\"City Game\" \/>\n<meta property=\"article:publisher\" content=\"https:\/\/www.facebook.com\/profile.php?id=100086426226253\" \/>\n<meta property=\"article:modified_time\" content=\"2026-04-08T15:19:10+00:00\" \/>\n<meta property=\"og:image\" content=\"https:\/\/testwebsite.citygame.com\/wp-content\/blogs.dir\/1\/files\/sites\/62\/2026\/01\/players-collaborating-on-a-mobile-game-in-a-paris-park.jpg\" \/>\n\t<meta property=\"og:image:width\" content=\"1024\" \/>\n\t<meta property=\"og:image:height\" content=\"1024\" \/>\n\t<meta property=\"og:image:type\" content=\"image\/jpeg\" \/>\n<meta name=\"twitter:card\" content=\"summary_large_image\" \/>\n<meta name=\"twitter:label1\" content=\"Est. reading time\" \/>\n\t<meta name=\"twitter:data1\" content=\"1 minute\" \/>\n<script type=\"application\/ld+json\" class=\"yoast-schema-graph\">{\"@context\":\"https:\/\/schema.org\",\"@graph\":[{\"@type\":\"WebPage\",\"@id\":\"https:\/\/testwebsite.citygame.com\/is\/games\/paris\/secrets-of-paris-notre-dame\/\",\"url\":\"https:\/\/testwebsite.citygame.com\/is\/games\/paris\/secrets-of-paris-notre-dame\/\",\"name\":\"Secrets of Paris Notre Dame - City Game\",\"isPartOf\":{\"@id\":\"https:\/\/testwebsite.upevents.nl\/#website\"},\"primaryImageOfPage\":{\"@id\":\"https:\/\/testwebsite.citygame.com\/is\/games\/paris\/secrets-of-paris-notre-dame\/#primaryimage\"},\"image\":{\"@id\":\"https:\/\/testwebsite.citygame.com\/is\/games\/paris\/secrets-of-paris-notre-dame\/#primaryimage\"},\"thumbnailUrl\":\"https:\/\/testwebsite.citygame.com\/wp-content\/blogs.dir\/1\/files\/sites\/62\/2026\/01\/players-collaborating-on-a-mobile-game-in-a-paris-park.jpg\",\"datePublished\":\"2026-01-14T08:55:44+00:00\",\"dateModified\":\"2026-04-08T15:19:10+00:00\",\"description\":\"Secrets of Paris Notre Dame. Spila\u00f0u sj\u00e1lfst\u00fdr\u00f0an borgarleik og kanna\u00f0u borgina me\u00f0 \u00ferautum, g\u00e1tum og \u00e1skorunum. Spila\u00f0u \u00e1 \u00fe\u00ednum eigin hra\u00f0a og uppg\u00f6tva\u00f0u eins og heimama\u00f0ur!\",\"breadcrumb\":{\"@id\":\"https:\/\/testwebsite.citygame.com\/is\/games\/paris\/secrets-of-paris-notre-dame\/#breadcrumb\"},\"inLanguage\":\"is\",\"potentialAction\":[{\"@type\":\"ReadAction\",\"target\":[\"https:\/\/testwebsite.citygame.com\/is\/games\/paris\/secrets-of-paris-notre-dame\/\"]}]},{\"@type\":\"ImageObject\",\"inLanguage\":\"is\",\"@id\":\"https:\/\/testwebsite.citygame.com\/is\/games\/paris\/secrets-of-paris-notre-dame\/#primaryimage\",\"url\":\"https:\/\/testwebsite.citygame.com\/wp-content\/blogs.dir\/1\/files\/sites\/62\/2026\/01\/players-collaborating-on-a-mobile-game-in-a-paris-park.jpg\",\"contentUrl\":\"https:\/\/testwebsite.citygame.com\/wp-content\/blogs.dir\/1\/files\/sites\/62\/2026\/01\/players-collaborating-on-a-mobile-game-in-a-paris-park.jpg\",\"width\":1024,\"height\":1024,\"caption\":\"A group of friends gather around a smartphone while playing an outdoor discovery game in Paris.\"},{\"@type\":\"BreadcrumbList\",\"@id\":\"https:\/\/testwebsite.citygame.com\/is\/games\/paris\/secrets-of-paris-notre-dame\/#breadcrumb\",\"itemListElement\":[{\"@type\":\"ListItem\",\"position\":1,\"name\":\"Home\",\"item\":\"https:\/\/testwebsite.citygame.com\/is\/\"},{\"@type\":\"ListItem\",\"position\":2,\"name\":\"Shop\",\"item\":\"https:\/\/testwebsite.citygame.com\/shop\/\"},{\"@type\":\"ListItem\",\"position\":3,\"name\":\"Secrets of Paris Notre Dame\"}]},{\"@type\":\"WebSite\",\"@id\":\"https:\/\/testwebsite.upevents.nl\/#website\",\"url\":\"https:\/\/testwebsite.upevents.nl\/\",\"name\":\"City Game\",\"description\":\"\",\"publisher\":{\"@id\":\"https:\/\/testwebsite.upevents.nl\/#organization\"},\"alternateName\":\"citygame.com\",\"potentialAction\":[{\"@type\":\"SearchAction\",\"target\":{\"@type\":\"EntryPoint\",\"urlTemplate\":\"https:\/\/testwebsite.upevents.nl\/?s={search_term_string}\"},\"query-input\":{\"@type\":\"PropertyValueSpecification\",\"valueRequired\":true,\"valueName\":\"search_term_string\"}}],\"inLanguage\":\"is\"},{\"@type\":[\"Organization\",\"Place\"],\"@id\":\"https:\/\/testwebsite.upevents.nl\/#organization\",\"name\":\"City Game\",\"alternateName\":\"citygame.com\",\"url\":\"https:\/\/testwebsite.upevents.nl\/\",\"logo\":{\"@id\":\"https:\/\/testwebsite.citygame.com\/is\/games\/paris\/secrets-of-paris-notre-dame\/#local-main-organization-logo\"},\"image\":{\"@id\":\"https:\/\/testwebsite.citygame.com\/is\/games\/paris\/secrets-of-paris-notre-dame\/#local-main-organization-logo\"},\"sameAs\":[\"https:\/\/www.facebook.com\/profile.php?id=100086426226253\",\"https:\/\/www.instagram.com\/citygame_com\",\"https:\/\/www.tiktok.com\/@citygamecom\/\",\"https:\/\/www.linkedin.com\/company\/citygame-com\"],\"description\":\"Turn any city into a playground with our interactive City Games and self-guided tours. Fun, flexible, and ideal for groups and team building.\",\"telephone\":[],\"openingHoursSpecification\":[{\"@type\":\"OpeningHoursSpecification\",\"dayOfWeek\":[\"Monday\",\"Tuesday\",\"Wednesday\",\"Thursday\",\"Friday\",\"Saturday\",\"Sunday\"],\"opens\":\"09:00\",\"closes\":\"17:00\"}]},{\"@type\":\"ImageObject\",\"inLanguage\":\"is\",\"@id\":\"https:\/\/testwebsite.citygame.com\/is\/games\/paris\/secrets-of-paris-notre-dame\/#local-main-organization-logo\",\"url\":\"https:\/\/testwebsite.citygame.com\/wp-content\/blogs.dir\/1\/files\/sites\/62\/2025\/10\/CG_LOGO-City-Game.png\",\"contentUrl\":\"https:\/\/testwebsite.citygame.com\/wp-content\/blogs.dir\/1\/files\/sites\/62\/2025\/10\/CG_LOGO-City-Game.png\",\"width\":351,\"height\":377,\"caption\":\"City Game\"}]}<\/script>\n<!-- \/ Yoast SEO Premium plugin. -->","yoast_head_json":{"title":"Secrets of Paris Notre Dame - City Game","description":"Secrets of Paris Notre Dame. Spila\u00f0u sj\u00e1lfst\u00fdr\u00f0an borgarleik og kanna\u00f0u borgina me\u00f0 \u00ferautum, g\u00e1tum og \u00e1skorunum. Spila\u00f0u \u00e1 \u00fe\u00ednum eigin hra\u00f0a og uppg\u00f6tva\u00f0u eins og heimama\u00f0ur!","robots":{"index":"noindex","follow":"follow","max-snippet":"max-snippet:-1","max-image-preview":"max-image-preview:large","max-video-preview":"max-video-preview:-1"},"og_locale":"is_IS","og_type":"article","og_title":"Secrets of Paris Notre Dame","og_description":"Secrets of Paris Notre Dame. Spila\u00f0u sj\u00e1lfst\u00fdr\u00f0an borgarleik og kanna\u00f0u borgina me\u00f0 \u00ferautum, g\u00e1tum og \u00e1skorunum. Spila\u00f0u \u00e1 \u00fe\u00ednum eigin hra\u00f0a og uppg\u00f6tva\u00f0u eins og heimama\u00f0ur!","og_url":"https:\/\/testwebsite.citygame.com\/is\/games\/paris\/secrets-of-paris-notre-dame\/","og_site_name":"City Game","article_publisher":"https:\/\/www.facebook.com\/profile.php?id=100086426226253","article_modified_time":"2026-04-08T15:19:10+00:00","og_image":[{"width":1024,"height":1024,"url":"https:\/\/testwebsite.citygame.com\/wp-content\/blogs.dir\/1\/files\/sites\/62\/2026\/01\/players-collaborating-on-a-mobile-game-in-a-paris-park.jpg","type":"image\/jpeg"}],"twitter_card":"summary_large_image","twitter_misc":{"Est. reading time":"1 minute"},"schema":{"@context":"https:\/\/schema.org","@graph":[{"@type":"WebPage","@id":"https:\/\/testwebsite.citygame.com\/is\/games\/paris\/secrets-of-paris-notre-dame\/","url":"https:\/\/testwebsite.citygame.com\/is\/games\/paris\/secrets-of-paris-notre-dame\/","name":"Secrets of Paris Notre Dame - City Game","isPartOf":{"@id":"https:\/\/testwebsite.upevents.nl\/#website"},"primaryImageOfPage":{"@id":"https:\/\/testwebsite.citygame.com\/is\/games\/paris\/secrets-of-paris-notre-dame\/#primaryimage"},"image":{"@id":"https:\/\/testwebsite.citygame.com\/is\/games\/paris\/secrets-of-paris-notre-dame\/#primaryimage"},"thumbnailUrl":"https:\/\/testwebsite.citygame.com\/wp-content\/blogs.dir\/1\/files\/sites\/62\/2026\/01\/players-collaborating-on-a-mobile-game-in-a-paris-park.jpg","datePublished":"2026-01-14T08:55:44+00:00","dateModified":"2026-04-08T15:19:10+00:00","description":"Secrets of Paris Notre Dame. Spila\u00f0u sj\u00e1lfst\u00fdr\u00f0an borgarleik og kanna\u00f0u borgina me\u00f0 \u00ferautum, g\u00e1tum og \u00e1skorunum. Spila\u00f0u \u00e1 \u00fe\u00ednum eigin hra\u00f0a og uppg\u00f6tva\u00f0u eins og heimama\u00f0ur!","breadcrumb":{"@id":"https:\/\/testwebsite.citygame.com\/is\/games\/paris\/secrets-of-paris-notre-dame\/#breadcrumb"},"inLanguage":"is","potentialAction":[{"@type":"ReadAction","target":["https:\/\/testwebsite.citygame.com\/is\/games\/paris\/secrets-of-paris-notre-dame\/"]}]},{"@type":"ImageObject","inLanguage":"is","@id":"https:\/\/testwebsite.citygame.com\/is\/games\/paris\/secrets-of-paris-notre-dame\/#primaryimage","url":"https:\/\/testwebsite.citygame.com\/wp-content\/blogs.dir\/1\/files\/sites\/62\/2026\/01\/players-collaborating-on-a-mobile-game-in-a-paris-park.jpg","contentUrl":"https:\/\/testwebsite.citygame.com\/wp-content\/blogs.dir\/1\/files\/sites\/62\/2026\/01\/players-collaborating-on-a-mobile-game-in-a-paris-park.jpg","width":1024,"height":1024,"caption":"A group of friends gather around a smartphone while playing an outdoor discovery game in Paris."},{"@type":"BreadcrumbList","@id":"https:\/\/testwebsite.citygame.com\/is\/games\/paris\/secrets-of-paris-notre-dame\/#breadcrumb","itemListElement":[{"@type":"ListItem","position":1,"name":"Home","item":"https:\/\/testwebsite.citygame.com\/is\/"},{"@type":"ListItem","position":2,"name":"Shop","item":"https:\/\/testwebsite.citygame.com\/shop\/"},{"@type":"ListItem","position":3,"name":"Secrets of Paris Notre Dame"}]},{"@type":"WebSite","@id":"https:\/\/testwebsite.upevents.nl\/#website","url":"https:\/\/testwebsite.upevents.nl\/","name":"City Game","description":"","publisher":{"@id":"https:\/\/testwebsite.upevents.nl\/#organization"},"alternateName":"citygame.com","potentialAction":[{"@type":"SearchAction","target":{"@type":"EntryPoint","urlTemplate":"https:\/\/testwebsite.upevents.nl\/?s={search_term_string}"},"query-input":{"@type":"PropertyValueSpecification","valueRequired":true,"valueName":"search_term_string"}}],"inLanguage":"is"},{"@type":["Organization","Place"],"@id":"https:\/\/testwebsite.upevents.nl\/#organization","name":"City Game","alternateName":"citygame.com","url":"https:\/\/testwebsite.upevents.nl\/","logo":{"@id":"https:\/\/testwebsite.citygame.com\/is\/games\/paris\/secrets-of-paris-notre-dame\/#local-main-organization-logo"},"image":{"@id":"https:\/\/testwebsite.citygame.com\/is\/games\/paris\/secrets-of-paris-notre-dame\/#local-main-organization-logo"},"sameAs":["https:\/\/www.facebook.com\/profile.php?id=100086426226253","https:\/\/www.instagram.com\/citygame_com","https:\/\/www.tiktok.com\/@citygamecom\/","https:\/\/www.linkedin.com\/company\/citygame-com"],"description":"Turn any city into a playground with our interactive City Games and self-guided tours. Fun, flexible, and ideal for groups and team building.","telephone":[],"openingHoursSpecification":[{"@type":"OpeningHoursSpecification","dayOfWeek":["Monday","Tuesday","Wednesday","Thursday","Friday","Saturday","Sunday"],"opens":"09:00","closes":"17:00"}]},{"@type":"ImageObject","inLanguage":"is","@id":"https:\/\/testwebsite.citygame.com\/is\/games\/paris\/secrets-of-paris-notre-dame\/#local-main-organization-logo","url":"https:\/\/testwebsite.citygame.com\/wp-content\/blogs.dir\/1\/files\/sites\/62\/2025\/10\/CG_LOGO-City-Game.png","contentUrl":"https:\/\/testwebsite.citygame.com\/wp-content\/blogs.dir\/1\/files\/sites\/62\/2025\/10\/CG_LOGO-City-Game.png","width":351,"height":377,"caption":"City Game"}]}},"taxonomy_info":{"game-concept":[{"value":717,"label":"Secrets"}],"location":[{"value":317,"label":"Paris"}],"product_cat":[{"value":27,"label":"Geen categorie"}]},"featured_image_src_large":["https:\/\/testwebsite.citygame.com\/wp-content\/blogs.dir\/1\/files\/sites\/62\/2026\/01\/players-collaborating-on-a-mobile-game-in-a-paris-park.jpg",1024,1024,false],"author_info":[],"comment_info":"","_links":{"self":[{"href":"https:\/\/testwebsite.citygame.com\/is\/wp-json\/wp\/v2\/product\/65104","targetHints":{"allow":["GET"]}}],"collection":[{"href":"https:\/\/testwebsite.citygame.com\/is\/wp-json\/wp\/v2\/product"}],"about":[{"href":"https:\/\/testwebsite.citygame.com\/is\/wp-json\/wp\/v2\/types\/product"}],"acf:post":[{"embeddable":true,"href":"https:\/\/testwebsite.citygame.com\/is\/wp-json\/wp\/v2\/pages\/7295"}],"wp:featuredmedia":[{"embeddable":true,"href":"https:\/\/testwebsite.citygame.com\/is\/wp-json\/wp\/v2\/media\/3999"}],"wp:attachment":[{"href":"https:\/\/testwebsite.citygame.com\/is\/wp-json\/wp\/v2\/media?parent=65104"}],"wp:term":[{"taxonomy":"game-concept","embeddable":true,"href":"https:\/\/testwebsite.citygame.com\/is\/wp-json\/wp\/v2\/game-concept?post=65104"},{"taxonomy":"location","embeddable":true,"href":"https:\/\/testwebsite.citygame.com\/is\/wp-json\/wp\/v2\/location?post=65104"},{"taxonomy":"product_brand","embeddable":true,"href":"https:\/\/testwebsite.citygame.com\/is\/wp-json\/wp\/v2\/product_brand?post=65104"},{"taxonomy":"product_cat","embeddable":true,"href":"https:\/\/testwebsite.citygame.com\/is\/wp-json\/wp\/v2\/product_cat?post=65104"},{"taxonomy":"product_tag","embeddable":true,"href":"https:\/\/testwebsite.citygame.com\/is\/wp-json\/wp\/v2\/product_tag?post=65104"}],"curies":[{"name":"wp","href":"https:\/\/api.w.org\/{rel}","templated":true}]}}