{"id":64781,"date":"2026-03-16T08:12:50","date_gmt":"2026-03-16T08:12:50","guid":{"rendered":"https:\/\/testwebsite.citygame.com\/games\/unknown-location\/secrets-of-cairns\/"},"modified":"2026-04-08T14:39:43","modified_gmt":"2026-04-08T14:39:43","slug":"secrets-of-cairns","status":"publish","type":"product","link":"https:\/\/testwebsite.citygame.com\/is\/games\/cairns\/secrets-of-cairns\/","title":{"rendered":"Secrets of Cairns"},"content":{"rendered":"<p>Legg\u00f0u af sta\u00f0 \u00ed sj\u00e1lfst\u00fdr\u00f0an, GPS-undirsta\u00f0a k\u00f6nnunarleik \u00ed mi\u00f0borg Cairns me\u00f0 okkar &#8220;Secrets of Cairns&#8221; borgarleik. Spilarar f\u00e1 a\u00f0 uppg\u00f6tva borgina \u00e1 einstakan og gr\u00edpandi h\u00e1tt, me\u00f0 \u00fev\u00ed a\u00f0 nota snjalls\u00edmana s\u00edna til a\u00f0 leysa \u00ferautir, g\u00e1tur og myndat\u00f6ku\u00e1skoranir, sem \u00fej\u00f3na sem forvitnilegar v\u00edsbendingar til a\u00f0 rata um borgina. \u00c1 \u00feessari fer\u00f0 munu \u00feeir kafa ofan \u00ed s\u00f6gu Cairns, menningu og afhj\u00fapa falin sm\u00e1atri\u00f0i, sem b\u00e6tir d\u00fdpt vi\u00f0 \u00e6vint\u00fdri \u00feeirra. \u00deessi leikur hentar b\u00e6\u00f0i heimam\u00f6nnum \u00ed skemmtilegum dagsfer\u00f0um og forvitnum gestum sem sko\u00f0a Cairns. Hann hentar \u00f6llum, fr\u00e1 einleikurum til para, fj\u00f6lskyldna og vinah\u00f3pa, og veitir \u00e1n\u00e6gjulega og gagnvirka upplifun \u00ed Cairns.<\/p>\n","protected":false},"excerpt":{"rendered":"<p>Kafa\u00f0u ofan \u00ed su\u00f0r\u00e6na r\u00f3 Cairns! S\u00f6kkva \u00fe\u00e9r ni\u00f0ur \u00ed borg \u00fear sem regnsk\u00f3gur m\u00e6tir k\u00f3ralrifi, \u00fear sem saga dansar vi\u00f0 blaktandi p\u00e1lma og st\u00f3rkostlegt sj\u00e1varl\u00edf. Afhj\u00fapa\u00f0u leyndard\u00f3mana \u00feegar \u00fe\u00fa fer\u00f0 um lifandi su\u00f0r\u00e6nt hjarta borgarinnar, Cairns er fj\u00e1rsj\u00f3\u00f0skista leyndarm\u00e1la sem b\u00ed\u00f0a \u00feess a\u00f0 ver\u00f0a uppg\u00f6tvu\u00f0!<\/p>\n","protected":false},"featured_media":18918,"template":"","meta":{"_acf_changed":false,"_yoast_wpseo_focuskw":"Secrets of Cairns","_yoast_wpseo_metadesc":"Secrets of Cairns. Spila\u00f0u sj\u00e1lfst\u00fdr\u00f0an borgarleik og sko\u00f0a\u00f0u borgina me\u00f0 \u00ferautum, g\u00e1tum og \u00e1skorunum. Spila\u00f0u \u00e1 \u00fe\u00ednum eigin hra\u00f0a og uppg\u00f6tva\u00f0u eins og heimama\u00f0ur!","_kad_blocks_custom_css":"","_kad_blocks_head_custom_js":"","_kad_blocks_body_custom_js":"","_kad_blocks_footer_custom_js":"","ghostkit_customizer_options":"","ghostkit_custom_css":"","ghostkit_custom_js_head":"","ghostkit_custom_js_foot":"","ghostkit_typography":"","_kad_post_transparent":"","_kad_post_title":"","_kad_post_layout":"","_kad_post_sidebar_id":"","_kad_post_content_style":"","_kad_post_vertical_padding":"","_kad_post_feature":"","_kad_post_feature_position":"","_kad_post_header":false,"_kad_post_footer":false,"_kad_post_classname":"","_links_to":"","_links_to_target":""},"game-concept":[717],"location":[112],"product_brand":[],"product_cat":[27],"product_tag":[],"class_list":{"0":"post-64781","1":"product","2":"type-product","3":"status-publish","4":"has-post-thumbnail","6":"game-concept-secrets","7":"location-cairns","8":"product_cat-geen-categorie","10":"first","11":"instock","12":"shipping-taxable","13":"purchasable","14":"product-type-simple","15":"entry","16":"content-bg","17":"loop-entry"},"acf":{"full_bokun_product_name":"Self-Guided Secrets of Cairns Exploration Game","location_name":"Cairns","bokun_calendar_widget_code":"<script type=\"text\/javascript\" src=\"https:\/\/widgets.bokun.io\/assets\/javascripts\/apps\/build\/BokunWidgetsLoader.js?bookingChannelUUID=a1e93e96-5232-4734-a595-28405f4b5a31\" async><\/script>\n     \n    <div class=\"bokunWidget\" data-src=\"https:\/\/widgets.bokun.io\/online-sales\/a1e93e96-5232-4734-a595-28405f4b5a31\/experience-calendar\/887843\"><\/div>\n    <noscript>Please enable javascript in your browser to book<\/noscript>","bokun_button_widget_code":"<script type=\"text\/javascript\" src=\"https:\/\/widgets.bokun.io\/assets\/javascripts\/apps\/build\/BokunWidgetsLoader.js?bookingChannelUUID=a1e93e96-5232-4734-a595-28405f4b5a31\" async><\/script>\n      <style> #bokun_ed001e45_5927_4f62_b470_ca766338d083 { display: inline-block; padding: .4em 1em; background: #47b82e; border-radius: 999999px; box-shadow: none; font-weight: 600; font-size: 24px; text-decoration: none; text-align: center; color: #FFFFFF; border:none; cursor: pointer; transition: background .2s ease; } #bokun_ed001e45_5927_4f62_b470_ca766338d083:hover{ background: #2f7b1f; } #bokun_ed001e45_5927_4f62_b470_ca766338d083:active{ background: #378f24; } <\/style> <button class=\"bokunButton\" disabled id=bokun_ed001e45_5927_4f62_b470_ca766338d083 data-src=\"https:\/\/widgets.bokun.io\/online-sales\/a1e93e96-5232-4734-a595-28405f4b5a31\/experience-calendar\/887843?partialView=1\" data-testid=\"widget-book-button\" > Book now <\/button> ","what_you\u2019ll_experience_during_the_game":"S\u00f6kkva \u00fe\u00e9r ni\u00f0ur \u00ed lifandi andr\u00famsloft Cairns \u00feegar \u00fe\u00fa kannar heillandi horn borgarinnar \u00ed borgarleiknum okkar. Me\u00f0 \u00fev\u00ed a\u00f0 blanda saman sko\u00f0unarfer\u00f0um vi\u00f0 gr\u00edpandi fr\u00e1sagnir og gagnvirkar \u00e1skoranir fer k\u00f6nnunarleikurinn okkar um b\u00e6\u00f0i helgimynda og a\u00f0 \u00fev\u00ed er vir\u00f0ist \u00f3uppg\u00f6tva\u00f0a hluta borgarinnar. Nj\u00f3ttu \u00f3v\u00e6ntrar fer\u00f0ar, fr\u00e1 \u00fev\u00ed a\u00f0 anda a\u00f0 \u00fe\u00e9r v\u00ed\u00f0\u00e1ttumiklu \u00fats\u00fdni vi\u00f0 h\u00f6fnina til \u00feess a\u00f0 afhj\u00fapa s\u00f6gur\u00edka mi\u00f0b\u00e6 borgarinnar, og yfir \u00ed \u00f3v\u00e6ntu menningarlegu hornin sem leynast \u00ed g\u00f6tum hennar. \u00c1 allri fer\u00f0 \u00feinni eru \u00feessir h\u00e1punktar ekki sta\u00f0ir; \u00feeir ver\u00f0a \u00f3gleymanleg upplifun sem afhj\u00fapa dularfullan sjarma Cairns. \n\nMe\u00f0 \u00ferautum til a\u00f0 r\u00e1\u00f0a, g\u00e1tum til a\u00f0 leysa, spurningum til a\u00f0 svara og skapandi myndat\u00f6ku\u00e1skorunum, b\u00e6tir borgarleikurinn okkar spennu og undrun vi\u00f0 k\u00f6nnun \u00fe\u00edna \u00e1 Cairns. \u00deessar \u00e1skoranir veita spilurum einst\u00f6k t\u00e6kif\u00e6ri til a\u00f0 vinna s\u00e9r inn stig, nota v\u00edsbendingar og halda \u00e1fram a\u00f0 afhj\u00fapa lokaleyndarm\u00e1l, sem tryggir a\u00f0 fer\u00f0in \u00fe\u00edn s\u00e9 langt fr\u00e1 \u00fev\u00ed a\u00f0 vera lei\u00f0inleg, en \u00fe\u00f3 \u00e1n \u00feess a\u00f0 afhj\u00fapa neinar mikilv\u00e6gar s\u00f6guuppl\u00fdsingar. Ef \u00fe\u00fa k\u00fdst \u00fea\u00f0, b\u00fd\u00f0ur leikurinn upp \u00e1 sveigjanleika til a\u00f0 gera hl\u00e9 hven\u00e6r sem er og halda \u00e1fram hven\u00e6r sem \u00fe\u00fa vilt. Samkeppnish\u00e6fir spilarar e\u00f0a li\u00f0, til a\u00f0 b\u00e6ta vi\u00f0 spennu, geta keppt um efstu s\u00e6tin \u00e1 stigat\u00f6flu borgarleiksins. Kafa\u00f0u ofan \u00ed \u00f3\u00feekkt Cairns, fa\u00f0ma\u00f0u r\u00e1\u00f0g\u00e1tuna og skapa\u00f0u \u00feitt eigi\u00f0 borgar\u00e6vint\u00fdri.","how_to_play":"B\u00f3ka\u00f0u k\u00f6nnunarleikinn, sko\u00f0a\u00f0u t\u00f6lvup\u00f3stinn sem vi\u00f0 sendum \u00fe\u00e9r me\u00f0 einf\u00f6ldum lei\u00f0beiningum, hala\u00f0u ni\u00f0ur Loquiz Appinu, opna\u00f0u k\u00f6nnunarleikinn og \u00fe\u00fa ert tilb\u00fainn til a\u00f0 hefja leikupplifun \u00fe\u00edna!","start_location":"Cairns, Shields Street","available_languages":["en"],"players_per_group":"1-4","duration":"1.5-2 hours","image_overlay_color_image":"https:\/\/testwebsite.citygame.com\/wp-content\/blogs.dir\/1\/files\/sites\/62\/2026\/01\/SecretsColor.svg","image_overlay_game_logo":"https:\/\/testwebsite.citygame.com\/wp-content\/blogs.dir\/1\/files\/sites\/62\/2026\/01\/SecretsLogo.png","city_page":15185,"woocommerce_general_content":null},"yoast_head":"<!-- This site is optimized with the Yoast SEO Premium plugin v26.2 (Yoast SEO v26.3) - https:\/\/yoast.com\/wordpress\/plugins\/seo\/ -->\n<title>Secrets of Cairns - City Game<\/title>\n<meta name=\"description\" content=\"Secrets of Cairns. Spila\u00f0u sj\u00e1lfst\u00fdr\u00f0an borgarleik og sko\u00f0a\u00f0u borgina me\u00f0 \u00ferautum, g\u00e1tum og \u00e1skorunum. Spila\u00f0u \u00e1 \u00fe\u00ednum eigin hra\u00f0a og uppg\u00f6tva\u00f0u eins og heimama\u00f0ur!\" \/>\n<meta name=\"robots\" content=\"noindex, follow, max-snippet:-1, max-image-preview:large, max-video-preview:-1\" \/>\n<meta property=\"og:locale\" content=\"is_IS\" \/>\n<meta property=\"og:type\" content=\"article\" \/>\n<meta property=\"og:title\" content=\"Secrets of Cairns\" \/>\n<meta property=\"og:description\" content=\"Secrets of Cairns. Spila\u00f0u sj\u00e1lfst\u00fdr\u00f0an borgarleik og sko\u00f0a\u00f0u borgina me\u00f0 \u00ferautum, g\u00e1tum og \u00e1skorunum. Spila\u00f0u \u00e1 \u00fe\u00ednum eigin hra\u00f0a og uppg\u00f6tva\u00f0u eins og heimama\u00f0ur!\" \/>\n<meta property=\"og:url\" content=\"https:\/\/testwebsite.citygame.com\/is\/games\/cairns\/secrets-of-cairns\/\" \/>\n<meta property=\"og:site_name\" content=\"City Game\" \/>\n<meta property=\"article:publisher\" content=\"https:\/\/www.facebook.com\/profile.php?id=100086426226253\" \/>\n<meta property=\"article:modified_time\" content=\"2026-04-08T14:39:43+00:00\" \/>\n<meta property=\"og:image\" content=\"https:\/\/testwebsite.citygame.com\/wp-content\/blogs.dir\/1\/files\/sites\/62\/2026\/03\/man-playing-city-game-st-john-church-cairns.jpg\" \/>\n\t<meta property=\"og:image:width\" content=\"1024\" \/>\n\t<meta property=\"og:image:height\" content=\"1024\" \/>\n\t<meta property=\"og:image:type\" content=\"image\/jpeg\" \/>\n<meta name=\"twitter:card\" content=\"summary_large_image\" \/>\n<meta name=\"twitter:label1\" content=\"Est. reading time\" \/>\n\t<meta name=\"twitter:data1\" content=\"1 minute\" \/>\n<script type=\"application\/ld+json\" class=\"yoast-schema-graph\">{\"@context\":\"https:\/\/schema.org\",\"@graph\":[{\"@type\":\"WebPage\",\"@id\":\"https:\/\/testwebsite.citygame.com\/is\/games\/cairns\/secrets-of-cairns\/\",\"url\":\"https:\/\/testwebsite.citygame.com\/is\/games\/cairns\/secrets-of-cairns\/\",\"name\":\"Secrets of Cairns - City Game\",\"isPartOf\":{\"@id\":\"https:\/\/testwebsite.upevents.nl\/#website\"},\"primaryImageOfPage\":{\"@id\":\"https:\/\/testwebsite.citygame.com\/is\/games\/cairns\/secrets-of-cairns\/#primaryimage\"},\"image\":{\"@id\":\"https:\/\/testwebsite.citygame.com\/is\/games\/cairns\/secrets-of-cairns\/#primaryimage\"},\"thumbnailUrl\":\"https:\/\/testwebsite.citygame.com\/wp-content\/blogs.dir\/1\/files\/sites\/62\/2026\/03\/man-playing-city-game-st-john-church-cairns.jpg\",\"datePublished\":\"2026-03-16T08:12:50+00:00\",\"dateModified\":\"2026-04-08T14:39:43+00:00\",\"description\":\"Secrets of Cairns. Spila\u00f0u sj\u00e1lfst\u00fdr\u00f0an borgarleik og sko\u00f0a\u00f0u borgina me\u00f0 \u00ferautum, g\u00e1tum og \u00e1skorunum. Spila\u00f0u \u00e1 \u00fe\u00ednum eigin hra\u00f0a og uppg\u00f6tva\u00f0u eins og heimama\u00f0ur!\",\"breadcrumb\":{\"@id\":\"https:\/\/testwebsite.citygame.com\/is\/games\/cairns\/secrets-of-cairns\/#breadcrumb\"},\"inLanguage\":\"is\",\"potentialAction\":[{\"@type\":\"ReadAction\",\"target\":[\"https:\/\/testwebsite.citygame.com\/is\/games\/cairns\/secrets-of-cairns\/\"]}]},{\"@type\":\"ImageObject\",\"inLanguage\":\"is\",\"@id\":\"https:\/\/testwebsite.citygame.com\/is\/games\/cairns\/secrets-of-cairns\/#primaryimage\",\"url\":\"https:\/\/testwebsite.citygame.com\/wp-content\/blogs.dir\/1\/files\/sites\/62\/2026\/03\/man-playing-city-game-st-john-church-cairns.jpg\",\"contentUrl\":\"https:\/\/testwebsite.citygame.com\/wp-content\/blogs.dir\/1\/files\/sites\/62\/2026\/03\/man-playing-city-game-st-john-church-cairns.jpg\",\"width\":1024,\"height\":1024,\"caption\":\"A player stands across the street from the St. John the Baptist Greek Orthodox Church in Cairns.\"},{\"@type\":\"BreadcrumbList\",\"@id\":\"https:\/\/testwebsite.citygame.com\/is\/games\/cairns\/secrets-of-cairns\/#breadcrumb\",\"itemListElement\":[{\"@type\":\"ListItem\",\"position\":1,\"name\":\"Home\",\"item\":\"https:\/\/testwebsite.citygame.com\/is\/\"},{\"@type\":\"ListItem\",\"position\":2,\"name\":\"Shop\",\"item\":\"https:\/\/testwebsite.citygame.com\/shop\/\"},{\"@type\":\"ListItem\",\"position\":3,\"name\":\"Secrets of Cairns\"}]},{\"@type\":\"WebSite\",\"@id\":\"https:\/\/testwebsite.upevents.nl\/#website\",\"url\":\"https:\/\/testwebsite.upevents.nl\/\",\"name\":\"City Game\",\"description\":\"\",\"publisher\":{\"@id\":\"https:\/\/testwebsite.upevents.nl\/#organization\"},\"alternateName\":\"citygame.com\",\"potentialAction\":[{\"@type\":\"SearchAction\",\"target\":{\"@type\":\"EntryPoint\",\"urlTemplate\":\"https:\/\/testwebsite.upevents.nl\/?s={search_term_string}\"},\"query-input\":{\"@type\":\"PropertyValueSpecification\",\"valueRequired\":true,\"valueName\":\"search_term_string\"}}],\"inLanguage\":\"is\"},{\"@type\":[\"Organization\",\"Place\"],\"@id\":\"https:\/\/testwebsite.upevents.nl\/#organization\",\"name\":\"City Game\",\"alternateName\":\"citygame.com\",\"url\":\"https:\/\/testwebsite.upevents.nl\/\",\"logo\":{\"@id\":\"https:\/\/testwebsite.citygame.com\/is\/games\/cairns\/secrets-of-cairns\/#local-main-organization-logo\"},\"image\":{\"@id\":\"https:\/\/testwebsite.citygame.com\/is\/games\/cairns\/secrets-of-cairns\/#local-main-organization-logo\"},\"sameAs\":[\"https:\/\/www.facebook.com\/profile.php?id=100086426226253\",\"https:\/\/www.instagram.com\/citygame_com\",\"https:\/\/www.tiktok.com\/@citygamecom\/\",\"https:\/\/www.linkedin.com\/company\/citygame-com\"],\"description\":\"Turn any city into a playground with our interactive City Games and self-guided tours. Fun, flexible, and ideal for groups and team building.\",\"telephone\":[],\"openingHoursSpecification\":[{\"@type\":\"OpeningHoursSpecification\",\"dayOfWeek\":[\"Monday\",\"Tuesday\",\"Wednesday\",\"Thursday\",\"Friday\",\"Saturday\",\"Sunday\"],\"opens\":\"09:00\",\"closes\":\"17:00\"}]},{\"@type\":\"ImageObject\",\"inLanguage\":\"is\",\"@id\":\"https:\/\/testwebsite.citygame.com\/is\/games\/cairns\/secrets-of-cairns\/#local-main-organization-logo\",\"url\":\"https:\/\/testwebsite.citygame.com\/wp-content\/blogs.dir\/1\/files\/sites\/62\/2025\/10\/CG_LOGO-City-Game.png\",\"contentUrl\":\"https:\/\/testwebsite.citygame.com\/wp-content\/blogs.dir\/1\/files\/sites\/62\/2025\/10\/CG_LOGO-City-Game.png\",\"width\":351,\"height\":377,\"caption\":\"City Game\"}]}<\/script>\n<!-- \/ Yoast SEO Premium plugin. -->","yoast_head_json":{"title":"Secrets of Cairns - City Game","description":"Secrets of Cairns. Spila\u00f0u sj\u00e1lfst\u00fdr\u00f0an borgarleik og sko\u00f0a\u00f0u borgina me\u00f0 \u00ferautum, g\u00e1tum og \u00e1skorunum. Spila\u00f0u \u00e1 \u00fe\u00ednum eigin hra\u00f0a og uppg\u00f6tva\u00f0u eins og heimama\u00f0ur!","robots":{"index":"noindex","follow":"follow","max-snippet":"max-snippet:-1","max-image-preview":"max-image-preview:large","max-video-preview":"max-video-preview:-1"},"og_locale":"is_IS","og_type":"article","og_title":"Secrets of Cairns","og_description":"Secrets of Cairns. Spila\u00f0u sj\u00e1lfst\u00fdr\u00f0an borgarleik og sko\u00f0a\u00f0u borgina me\u00f0 \u00ferautum, g\u00e1tum og \u00e1skorunum. Spila\u00f0u \u00e1 \u00fe\u00ednum eigin hra\u00f0a og uppg\u00f6tva\u00f0u eins og heimama\u00f0ur!","og_url":"https:\/\/testwebsite.citygame.com\/is\/games\/cairns\/secrets-of-cairns\/","og_site_name":"City Game","article_publisher":"https:\/\/www.facebook.com\/profile.php?id=100086426226253","article_modified_time":"2026-04-08T14:39:43+00:00","og_image":[{"width":1024,"height":1024,"url":"https:\/\/testwebsite.citygame.com\/wp-content\/blogs.dir\/1\/files\/sites\/62\/2026\/03\/man-playing-city-game-st-john-church-cairns.jpg","type":"image\/jpeg"}],"twitter_card":"summary_large_image","twitter_misc":{"Est. reading time":"1 minute"},"schema":{"@context":"https:\/\/schema.org","@graph":[{"@type":"WebPage","@id":"https:\/\/testwebsite.citygame.com\/is\/games\/cairns\/secrets-of-cairns\/","url":"https:\/\/testwebsite.citygame.com\/is\/games\/cairns\/secrets-of-cairns\/","name":"Secrets of Cairns - City Game","isPartOf":{"@id":"https:\/\/testwebsite.upevents.nl\/#website"},"primaryImageOfPage":{"@id":"https:\/\/testwebsite.citygame.com\/is\/games\/cairns\/secrets-of-cairns\/#primaryimage"},"image":{"@id":"https:\/\/testwebsite.citygame.com\/is\/games\/cairns\/secrets-of-cairns\/#primaryimage"},"thumbnailUrl":"https:\/\/testwebsite.citygame.com\/wp-content\/blogs.dir\/1\/files\/sites\/62\/2026\/03\/man-playing-city-game-st-john-church-cairns.jpg","datePublished":"2026-03-16T08:12:50+00:00","dateModified":"2026-04-08T14:39:43+00:00","description":"Secrets of Cairns. Spila\u00f0u sj\u00e1lfst\u00fdr\u00f0an borgarleik og sko\u00f0a\u00f0u borgina me\u00f0 \u00ferautum, g\u00e1tum og \u00e1skorunum. Spila\u00f0u \u00e1 \u00fe\u00ednum eigin hra\u00f0a og uppg\u00f6tva\u00f0u eins og heimama\u00f0ur!","breadcrumb":{"@id":"https:\/\/testwebsite.citygame.com\/is\/games\/cairns\/secrets-of-cairns\/#breadcrumb"},"inLanguage":"is","potentialAction":[{"@type":"ReadAction","target":["https:\/\/testwebsite.citygame.com\/is\/games\/cairns\/secrets-of-cairns\/"]}]},{"@type":"ImageObject","inLanguage":"is","@id":"https:\/\/testwebsite.citygame.com\/is\/games\/cairns\/secrets-of-cairns\/#primaryimage","url":"https:\/\/testwebsite.citygame.com\/wp-content\/blogs.dir\/1\/files\/sites\/62\/2026\/03\/man-playing-city-game-st-john-church-cairns.jpg","contentUrl":"https:\/\/testwebsite.citygame.com\/wp-content\/blogs.dir\/1\/files\/sites\/62\/2026\/03\/man-playing-city-game-st-john-church-cairns.jpg","width":1024,"height":1024,"caption":"A player stands across the street from the St. John the Baptist Greek Orthodox Church in Cairns."},{"@type":"BreadcrumbList","@id":"https:\/\/testwebsite.citygame.com\/is\/games\/cairns\/secrets-of-cairns\/#breadcrumb","itemListElement":[{"@type":"ListItem","position":1,"name":"Home","item":"https:\/\/testwebsite.citygame.com\/is\/"},{"@type":"ListItem","position":2,"name":"Shop","item":"https:\/\/testwebsite.citygame.com\/shop\/"},{"@type":"ListItem","position":3,"name":"Secrets of Cairns"}]},{"@type":"WebSite","@id":"https:\/\/testwebsite.upevents.nl\/#website","url":"https:\/\/testwebsite.upevents.nl\/","name":"City Game","description":"","publisher":{"@id":"https:\/\/testwebsite.upevents.nl\/#organization"},"alternateName":"citygame.com","potentialAction":[{"@type":"SearchAction","target":{"@type":"EntryPoint","urlTemplate":"https:\/\/testwebsite.upevents.nl\/?s={search_term_string}"},"query-input":{"@type":"PropertyValueSpecification","valueRequired":true,"valueName":"search_term_string"}}],"inLanguage":"is"},{"@type":["Organization","Place"],"@id":"https:\/\/testwebsite.upevents.nl\/#organization","name":"City Game","alternateName":"citygame.com","url":"https:\/\/testwebsite.upevents.nl\/","logo":{"@id":"https:\/\/testwebsite.citygame.com\/is\/games\/cairns\/secrets-of-cairns\/#local-main-organization-logo"},"image":{"@id":"https:\/\/testwebsite.citygame.com\/is\/games\/cairns\/secrets-of-cairns\/#local-main-organization-logo"},"sameAs":["https:\/\/www.facebook.com\/profile.php?id=100086426226253","https:\/\/www.instagram.com\/citygame_com","https:\/\/www.tiktok.com\/@citygamecom\/","https:\/\/www.linkedin.com\/company\/citygame-com"],"description":"Turn any city into a playground with our interactive City Games and self-guided tours. Fun, flexible, and ideal for groups and team building.","telephone":[],"openingHoursSpecification":[{"@type":"OpeningHoursSpecification","dayOfWeek":["Monday","Tuesday","Wednesday","Thursday","Friday","Saturday","Sunday"],"opens":"09:00","closes":"17:00"}]},{"@type":"ImageObject","inLanguage":"is","@id":"https:\/\/testwebsite.citygame.com\/is\/games\/cairns\/secrets-of-cairns\/#local-main-organization-logo","url":"https:\/\/testwebsite.citygame.com\/wp-content\/blogs.dir\/1\/files\/sites\/62\/2025\/10\/CG_LOGO-City-Game.png","contentUrl":"https:\/\/testwebsite.citygame.com\/wp-content\/blogs.dir\/1\/files\/sites\/62\/2025\/10\/CG_LOGO-City-Game.png","width":351,"height":377,"caption":"City Game"}]}},"taxonomy_info":{"game-concept":[{"value":717,"label":"Secrets"}],"location":[{"value":112,"label":"Cairns"}],"product_cat":[{"value":27,"label":"Geen categorie"}]},"featured_image_src_large":["https:\/\/testwebsite.citygame.com\/wp-content\/blogs.dir\/1\/files\/sites\/62\/2026\/03\/man-playing-city-game-st-john-church-cairns.jpg",1024,1024,false],"author_info":[],"comment_info":"","_links":{"self":[{"href":"https:\/\/testwebsite.citygame.com\/is\/wp-json\/wp\/v2\/product\/64781","targetHints":{"allow":["GET"]}}],"collection":[{"href":"https:\/\/testwebsite.citygame.com\/is\/wp-json\/wp\/v2\/product"}],"about":[{"href":"https:\/\/testwebsite.citygame.com\/is\/wp-json\/wp\/v2\/types\/product"}],"acf:post":[{"embeddable":true,"href":"https:\/\/testwebsite.citygame.com\/is\/wp-json\/wp\/v2\/pages\/15185"}],"wp:featuredmedia":[{"embeddable":true,"href":"https:\/\/testwebsite.citygame.com\/is\/wp-json\/wp\/v2\/media\/18918"}],"wp:attachment":[{"href":"https:\/\/testwebsite.citygame.com\/is\/wp-json\/wp\/v2\/media?parent=64781"}],"wp:term":[{"taxonomy":"game-concept","embeddable":true,"href":"https:\/\/testwebsite.citygame.com\/is\/wp-json\/wp\/v2\/game-concept?post=64781"},{"taxonomy":"location","embeddable":true,"href":"https:\/\/testwebsite.citygame.com\/is\/wp-json\/wp\/v2\/location?post=64781"},{"taxonomy":"product_brand","embeddable":true,"href":"https:\/\/testwebsite.citygame.com\/is\/wp-json\/wp\/v2\/product_brand?post=64781"},{"taxonomy":"product_cat","embeddable":true,"href":"https:\/\/testwebsite.citygame.com\/is\/wp-json\/wp\/v2\/product_cat?post=64781"},{"taxonomy":"product_tag","embeddable":true,"href":"https:\/\/testwebsite.citygame.com\/is\/wp-json\/wp\/v2\/product_tag?post=64781"}],"curies":[{"name":"wp","href":"https:\/\/api.w.org\/{rel}","templated":true}]}}