{"id":64074,"date":"2026-02-06T08:24:46","date_gmt":"2026-02-06T08:24:46","guid":{"rendered":"https:\/\/testwebsite.citygame.com\/games\/unknown-location\/sherlock-holmes-osaka\/"},"modified":"2026-04-08T13:05:35","modified_gmt":"2026-04-08T13:05:35","slug":"sherlock-holmes-osaka","status":"publish","type":"product","link":"https:\/\/testwebsite.citygame.com\/is\/games\/osaka\/sherlock-holmes-osaka\/","title":{"rendered":"Sherlock Holmes Osaka"},"content":{"rendered":"<p>Sherlock Holmes borgarleikurinn \u00ed mi\u00f0b\u00e6 \u00d3saka er sj\u00e1lfst\u00fdr\u00f0, sagnami\u00f0u\u00f0 mor\u00f0g\u00e1ta sem dregur \u00feig inn \u00ed heim Sherlock Holmes. \u00deegar Frelsish\u00e1t\u00ed\u00f0in (Liberty Festival) sekkur \u00ed ringulrei\u00f0 vegna hrottalegs mor\u00f0s, muntu fer\u00f0ast um borgina, afhj\u00fapa v\u00edsbendingar, leysa krefjandi \u00ferautir og yfirheyra stafr\u00e6na gruna\u00f0a \u00ed leit \u00feinni a\u00f0 sannleikanum. Me\u00f0 frelsi til a\u00f0 spila \u00e1 \u00fe\u00ednum eigin hra\u00f0a, \u00fer\u00f3ast ranns\u00f3knin skref fyrir skref og dregur \u00feig inn \u00ed spennandi ranns\u00f3knarl\u00f6gregluupplifun sem gerist \u00ed bakgrunni borgarinnar.<\/p>\n","protected":false},"excerpt":{"rendered":"<p>St\u00edg\u00f0u \u00ed spor Sherlock Holmes og far\u00f0u \u00ed gegnum fl\u00f3kna, sj\u00e1lfst\u00fdr\u00f0a mor\u00f0g\u00e1tu sem gerist \u00ed \u00d3saka. \u00deegar \u00fe\u00fa eltir v\u00edsbendingar, leysir \u00f3tr\u00falega erfi\u00f0ar \u00ferautir og sameinar krafta \u00fe\u00edna me\u00f0 li\u00f0inu \u00fe\u00ednu, b\u00ed\u00f0ur spennan vi\u00f0 a\u00f0 afhj\u00fapa sannleikann \u00fe\u00edn, en mundu, t\u00edminn er ekki \u00feinn bandama\u00f0ur!<\/p>\n","protected":false},"featured_media":11120,"template":"","meta":{"_acf_changed":false,"_yoast_wpseo_focuskw":"Sherlock Holmes Osaka","_yoast_wpseo_metadesc":"Sherlock Holmes Osaka. Spila\u00f0u sj\u00e1lfst\u00fdr\u00f0an mor\u00f0g\u00e1tu borgarleik, leystu \u00ferautir, fylgdu v\u00edsbendingum og afhj\u00fapa\u00f0u mor\u00f0ingjann \u00e1 \u00fe\u00ednum eigin hra\u00f0a!","_kad_blocks_custom_css":"","_kad_blocks_head_custom_js":"","_kad_blocks_body_custom_js":"","_kad_blocks_footer_custom_js":"","ghostkit_customizer_options":"","ghostkit_custom_css":"","ghostkit_custom_js_head":"","ghostkit_custom_js_foot":"","ghostkit_typography":"","_kad_post_transparent":"","_kad_post_title":"","_kad_post_layout":"","_kad_post_sidebar_id":"","_kad_post_content_style":"","_kad_post_vertical_padding":"","_kad_post_feature":"","_kad_post_feature_position":"","_kad_post_header":false,"_kad_post_footer":false,"_kad_post_classname":"","_links_to":"","_links_to_target":""},"game-concept":[778],"location":[309],"product_brand":[],"product_cat":[27],"product_tag":[],"class_list":{"0":"post-64074","1":"product","2":"type-product","3":"status-publish","4":"has-post-thumbnail","6":"game-concept-sherlock","7":"location-osaka","8":"product_cat-geen-categorie","10":"first","11":"instock","12":"shipping-taxable","13":"purchasable","14":"product-type-simple","15":"entry","16":"content-bg","17":"loop-entry"},"acf":{"full_bokun_product_name":"Osaka Self-Guided Sherlock Holmes Murder Mystery Game","location_name":"Osaka","bokun_calendar_widget_code":"<script type=\"text\/javascript\" src=\"https:\/\/widgets.bokun.io\/assets\/javascripts\/apps\/build\/BokunWidgetsLoader.js?bookingChannelUUID=a1e93e96-5232-4734-a595-28405f4b5a31\" async><\/script>\n     \n    <div class=\"bokunWidget\" data-src=\"https:\/\/widgets.bokun.io\/online-sales\/a1e93e96-5232-4734-a595-28405f4b5a31\/experience-calendar\/734091\"><\/div>\n    <noscript>Please enable javascript in your browser to book<\/noscript>","bokun_button_widget_code":"<script type=\"text\/javascript\" src=\"https:\/\/widgets.bokun.io\/assets\/javascripts\/apps\/build\/BokunWidgetsLoader.js?bookingChannelUUID=a1e93e96-5232-4734-a595-28405f4b5a31\" async><\/script>\n      <style> #bokun_ed001e45_5927_4f62_b470_ca766338d083 { display: inline-block; padding: .4em 1em; background: #47b82e; border-radius: 999999px; box-shadow: none; font-weight: 600; font-size: 24px; text-decoration: none; text-align: center; color: #FFFFFF; border:none; cursor: pointer; transition: background .2s ease; } #bokun_ed001e45_5927_4f62_b470_ca766338d083:hover{ background: #2f7b1f; } #bokun_ed001e45_5927_4f62_b470_ca766338d083:active{ background: #378f24; } <\/style> <button class=\"bokunButton\" disabled id=bokun_ed001e45_5927_4f62_b470_ca766338d083 data-src=\"https:\/\/widgets.bokun.io\/online-sales\/a1e93e96-5232-4734-a595-28405f4b5a31\/experience-calendar\/734091?partialView=1\" data-testid=\"widget-book-button\" > Book now <\/button> ","what_you\u2019ll_experience_during_the_game":"St\u00edg\u00f0u inn \u00ed spennandi ranns\u00f3knarl\u00f6greglus\u00f6gu sem gerist \u00ed hjarta \u00d3saka. \u00deegar \u00fe\u00fa fer\u00f0 um g\u00f6tur borgarinnar, \u00fer\u00f3ast r\u00e1\u00f0g\u00e1ta mor\u00f0sins \u00e1 Frelsish\u00e1t\u00ed\u00f0inni (Liberty Festival) \u00ed kringum \u00feig. Hvert horn b\u00fd\u00f0ur upp \u00e1 n\u00fdjar uppg\u00f6tvanir, fr\u00e1 f\u00f6ldum v\u00edsbendingum til krefjandi \u00ferauta, sem hver um sig lei\u00f0ir \u00feig d\u00fdpra inn \u00ed ranns\u00f3knina. \u00de\u00fa munt yfirheyra stafr\u00e6na gruna\u00f0a, sko\u00f0a fjarvistarsannanir \u00feeirra og finna m\u00f3tsagnir sem breyta m\u00e1linu \u00ed \u00f3v\u00e6ntar \u00e1ttir.\n\nFer\u00f0 \u00fe\u00edn er algj\u00f6rlega sagnami\u00f0u\u00f0 og b\u00fd\u00f0ur \u00fe\u00e9r a\u00f0 hugsa gagnr\u00fdnt og fylgjast vel me\u00f0 \u00feegar \u00fe\u00fa afhj\u00fapar sannleikann bit fyrir bit. Hvort sem \u00fe\u00fa eltir sl\u00f3\u00f0 grunsemda einn e\u00f0a vinnur sem li\u00f0 til a\u00f0 keppa vi\u00f0 t\u00edmann, getur \u00fe\u00fa teki\u00f0 \u00fe\u00e9r t\u00edma, gert hl\u00e9 \u00feegar \u00fe\u00f6rf er \u00e1 og haldi\u00f0 \u00e1fram upplifuninni hven\u00e6r sem \u00fe\u00fa ert tilb\u00fainn. \u00c1lyktun og athygli \u00e1 sm\u00e1atri\u00f0i ver\u00f0a \u00fe\u00ednir sterkustu bandamenn \u00ed lausn \u00feessa m\u00e1ls sem \u00fer\u00f3ast \u00ed gegnum lifandi umhverfi \u00d3saka.","how_to_play":"Spila\u00f0u einn e\u00f0a me\u00f0 vinum, fj\u00f6lskyldu e\u00f0a samstarfsf\u00f3lki \u00ed teymum me\u00f0 allt a\u00f0 fj\u00f3rum \u00e1 hvert t\u00e6ki. Eftir b\u00f3kun f\u00e6r\u00f0u t\u00f6lvup\u00f3st me\u00f0 lei\u00f0beiningum og \u00f6llu sem \u00fe\u00fa \u00fearft.","start_location":"Osaka, Triangle Park (Sankaku Park)","available_languages":["en","es","fr","de","it","nl"],"players_per_group":"1-4","duration":"1.5-2 hours","image_overlay_color_image":"https:\/\/testwebsite.citygame.com\/wp-content\/blogs.dir\/1\/files\/sites\/62\/2026\/01\/SherlockColor.svg","image_overlay_game_logo":"https:\/\/testwebsite.citygame.com\/wp-content\/blogs.dir\/1\/files\/sites\/62\/2026\/01\/SherlockLogo.png","city_page":7762,"woocommerce_general_content":null},"yoast_head":"<!-- This site is optimized with the Yoast SEO Premium plugin v26.2 (Yoast SEO v26.3) - https:\/\/yoast.com\/wordpress\/plugins\/seo\/ -->\n<title>Sherlock Holmes Osaka - City Game<\/title>\n<meta name=\"description\" content=\"Sherlock Holmes Osaka. Spila\u00f0u sj\u00e1lfst\u00fdr\u00f0an mor\u00f0g\u00e1tu borgarleik, leystu \u00ferautir, fylgdu v\u00edsbendingum og afhj\u00fapa\u00f0u mor\u00f0ingjann \u00e1 \u00fe\u00ednum eigin hra\u00f0a!\" \/>\n<meta name=\"robots\" content=\"noindex, follow, max-snippet:-1, max-image-preview:large, max-video-preview:-1\" \/>\n<meta property=\"og:locale\" content=\"is_IS\" \/>\n<meta property=\"og:type\" content=\"article\" \/>\n<meta property=\"og:title\" content=\"Sherlock Holmes Osaka\" \/>\n<meta property=\"og:description\" content=\"Sherlock Holmes Osaka. Spila\u00f0u sj\u00e1lfst\u00fdr\u00f0an mor\u00f0g\u00e1tu borgarleik, leystu \u00ferautir, fylgdu v\u00edsbendingum og afhj\u00fapa\u00f0u mor\u00f0ingjann \u00e1 \u00fe\u00ednum eigin hra\u00f0a!\" \/>\n<meta property=\"og:url\" content=\"https:\/\/testwebsite.citygame.com\/is\/games\/osaka\/sherlock-holmes-osaka\/\" \/>\n<meta property=\"og:site_name\" content=\"City Game\" \/>\n<meta property=\"article:publisher\" content=\"https:\/\/www.facebook.com\/profile.php?id=100086426226253\" \/>\n<meta property=\"article:modified_time\" content=\"2026-04-08T13:05:35+00:00\" \/>\n<meta property=\"og:image\" content=\"https:\/\/testwebsite.citygame.com\/wp-content\/blogs.dir\/1\/files\/sites\/62\/2026\/02\/player-sherlock-city-game-osaka.jpg\" \/>\n\t<meta property=\"og:image:width\" content=\"1344\" \/>\n\t<meta property=\"og:image:height\" content=\"768\" \/>\n\t<meta property=\"og:image:type\" content=\"image\/jpeg\" \/>\n<meta name=\"twitter:card\" content=\"summary_large_image\" \/>\n<script type=\"application\/ld+json\" class=\"yoast-schema-graph\">{\"@context\":\"https:\/\/schema.org\",\"@graph\":[{\"@type\":\"WebPage\",\"@id\":\"https:\/\/testwebsite.citygame.com\/is\/games\/osaka\/sherlock-holmes-osaka\/\",\"url\":\"https:\/\/testwebsite.citygame.com\/is\/games\/osaka\/sherlock-holmes-osaka\/\",\"name\":\"Sherlock Holmes Osaka - City Game\",\"isPartOf\":{\"@id\":\"https:\/\/testwebsite.upevents.nl\/#website\"},\"primaryImageOfPage\":{\"@id\":\"https:\/\/testwebsite.citygame.com\/is\/games\/osaka\/sherlock-holmes-osaka\/#primaryimage\"},\"image\":{\"@id\":\"https:\/\/testwebsite.citygame.com\/is\/games\/osaka\/sherlock-holmes-osaka\/#primaryimage\"},\"thumbnailUrl\":\"https:\/\/testwebsite.citygame.com\/wp-content\/blogs.dir\/1\/files\/sites\/62\/2026\/02\/player-sherlock-city-game-osaka.jpg\",\"datePublished\":\"2026-02-06T08:24:46+00:00\",\"dateModified\":\"2026-04-08T13:05:35+00:00\",\"description\":\"Sherlock Holmes Osaka. Spila\u00f0u sj\u00e1lfst\u00fdr\u00f0an mor\u00f0g\u00e1tu borgarleik, leystu \u00ferautir, fylgdu v\u00edsbendingum og afhj\u00fapa\u00f0u mor\u00f0ingjann \u00e1 \u00fe\u00ednum eigin hra\u00f0a!\",\"breadcrumb\":{\"@id\":\"https:\/\/testwebsite.citygame.com\/is\/games\/osaka\/sherlock-holmes-osaka\/#breadcrumb\"},\"inLanguage\":\"is\",\"potentialAction\":[{\"@type\":\"ReadAction\",\"target\":[\"https:\/\/testwebsite.citygame.com\/is\/games\/osaka\/sherlock-holmes-osaka\/\"]}]},{\"@type\":\"ImageObject\",\"inLanguage\":\"is\",\"@id\":\"https:\/\/testwebsite.citygame.com\/is\/games\/osaka\/sherlock-holmes-osaka\/#primaryimage\",\"url\":\"https:\/\/testwebsite.citygame.com\/wp-content\/blogs.dir\/1\/files\/sites\/62\/2026\/02\/player-sherlock-city-game-osaka.jpg\",\"contentUrl\":\"https:\/\/testwebsite.citygame.com\/wp-content\/blogs.dir\/1\/files\/sites\/62\/2026\/02\/player-sherlock-city-game-osaka.jpg\",\"width\":1344,\"height\":768,\"caption\":\"A player explores the city of Osaka by following clues on a smartphone game.\"},{\"@type\":\"BreadcrumbList\",\"@id\":\"https:\/\/testwebsite.citygame.com\/is\/games\/osaka\/sherlock-holmes-osaka\/#breadcrumb\",\"itemListElement\":[{\"@type\":\"ListItem\",\"position\":1,\"name\":\"Home\",\"item\":\"https:\/\/testwebsite.citygame.com\/is\/\"},{\"@type\":\"ListItem\",\"position\":2,\"name\":\"Shop\",\"item\":\"https:\/\/testwebsite.citygame.com\/shop\/\"},{\"@type\":\"ListItem\",\"position\":3,\"name\":\"Sherlock Holmes Osaka\"}]},{\"@type\":\"WebSite\",\"@id\":\"https:\/\/testwebsite.upevents.nl\/#website\",\"url\":\"https:\/\/testwebsite.upevents.nl\/\",\"name\":\"City Game\",\"description\":\"\",\"publisher\":{\"@id\":\"https:\/\/testwebsite.upevents.nl\/#organization\"},\"alternateName\":\"citygame.com\",\"potentialAction\":[{\"@type\":\"SearchAction\",\"target\":{\"@type\":\"EntryPoint\",\"urlTemplate\":\"https:\/\/testwebsite.upevents.nl\/?s={search_term_string}\"},\"query-input\":{\"@type\":\"PropertyValueSpecification\",\"valueRequired\":true,\"valueName\":\"search_term_string\"}}],\"inLanguage\":\"is\"},{\"@type\":[\"Organization\",\"Place\"],\"@id\":\"https:\/\/testwebsite.upevents.nl\/#organization\",\"name\":\"City Game\",\"alternateName\":\"citygame.com\",\"url\":\"https:\/\/testwebsite.upevents.nl\/\",\"logo\":{\"@id\":\"https:\/\/testwebsite.citygame.com\/is\/games\/osaka\/sherlock-holmes-osaka\/#local-main-organization-logo\"},\"image\":{\"@id\":\"https:\/\/testwebsite.citygame.com\/is\/games\/osaka\/sherlock-holmes-osaka\/#local-main-organization-logo\"},\"sameAs\":[\"https:\/\/www.facebook.com\/profile.php?id=100086426226253\",\"https:\/\/www.instagram.com\/citygame_com\",\"https:\/\/www.tiktok.com\/@citygamecom\/\",\"https:\/\/www.linkedin.com\/company\/citygame-com\"],\"description\":\"Turn any city into a playground with our interactive City Games and self-guided tours. Fun, flexible, and ideal for groups and team building.\",\"telephone\":[],\"openingHoursSpecification\":[{\"@type\":\"OpeningHoursSpecification\",\"dayOfWeek\":[\"Monday\",\"Tuesday\",\"Wednesday\",\"Thursday\",\"Friday\",\"Saturday\",\"Sunday\"],\"opens\":\"09:00\",\"closes\":\"17:00\"}]},{\"@type\":\"ImageObject\",\"inLanguage\":\"is\",\"@id\":\"https:\/\/testwebsite.citygame.com\/is\/games\/osaka\/sherlock-holmes-osaka\/#local-main-organization-logo\",\"url\":\"https:\/\/testwebsite.citygame.com\/wp-content\/blogs.dir\/1\/files\/sites\/62\/2025\/10\/CG_LOGO-City-Game.png\",\"contentUrl\":\"https:\/\/testwebsite.citygame.com\/wp-content\/blogs.dir\/1\/files\/sites\/62\/2025\/10\/CG_LOGO-City-Game.png\",\"width\":351,\"height\":377,\"caption\":\"City Game\"}]}<\/script>\n<!-- \/ Yoast SEO Premium plugin. -->","yoast_head_json":{"title":"Sherlock Holmes Osaka - City Game","description":"Sherlock Holmes Osaka. Spila\u00f0u sj\u00e1lfst\u00fdr\u00f0an mor\u00f0g\u00e1tu borgarleik, leystu \u00ferautir, fylgdu v\u00edsbendingum og afhj\u00fapa\u00f0u mor\u00f0ingjann \u00e1 \u00fe\u00ednum eigin hra\u00f0a!","robots":{"index":"noindex","follow":"follow","max-snippet":"max-snippet:-1","max-image-preview":"max-image-preview:large","max-video-preview":"max-video-preview:-1"},"og_locale":"is_IS","og_type":"article","og_title":"Sherlock Holmes Osaka","og_description":"Sherlock Holmes Osaka. Spila\u00f0u sj\u00e1lfst\u00fdr\u00f0an mor\u00f0g\u00e1tu borgarleik, leystu \u00ferautir, fylgdu v\u00edsbendingum og afhj\u00fapa\u00f0u mor\u00f0ingjann \u00e1 \u00fe\u00ednum eigin hra\u00f0a!","og_url":"https:\/\/testwebsite.citygame.com\/is\/games\/osaka\/sherlock-holmes-osaka\/","og_site_name":"City Game","article_publisher":"https:\/\/www.facebook.com\/profile.php?id=100086426226253","article_modified_time":"2026-04-08T13:05:35+00:00","og_image":[{"width":1344,"height":768,"url":"https:\/\/testwebsite.citygame.com\/wp-content\/blogs.dir\/1\/files\/sites\/62\/2026\/02\/player-sherlock-city-game-osaka.jpg","type":"image\/jpeg"}],"twitter_card":"summary_large_image","schema":{"@context":"https:\/\/schema.org","@graph":[{"@type":"WebPage","@id":"https:\/\/testwebsite.citygame.com\/is\/games\/osaka\/sherlock-holmes-osaka\/","url":"https:\/\/testwebsite.citygame.com\/is\/games\/osaka\/sherlock-holmes-osaka\/","name":"Sherlock Holmes Osaka - City Game","isPartOf":{"@id":"https:\/\/testwebsite.upevents.nl\/#website"},"primaryImageOfPage":{"@id":"https:\/\/testwebsite.citygame.com\/is\/games\/osaka\/sherlock-holmes-osaka\/#primaryimage"},"image":{"@id":"https:\/\/testwebsite.citygame.com\/is\/games\/osaka\/sherlock-holmes-osaka\/#primaryimage"},"thumbnailUrl":"https:\/\/testwebsite.citygame.com\/wp-content\/blogs.dir\/1\/files\/sites\/62\/2026\/02\/player-sherlock-city-game-osaka.jpg","datePublished":"2026-02-06T08:24:46+00:00","dateModified":"2026-04-08T13:05:35+00:00","description":"Sherlock Holmes Osaka. Spila\u00f0u sj\u00e1lfst\u00fdr\u00f0an mor\u00f0g\u00e1tu borgarleik, leystu \u00ferautir, fylgdu v\u00edsbendingum og afhj\u00fapa\u00f0u mor\u00f0ingjann \u00e1 \u00fe\u00ednum eigin hra\u00f0a!","breadcrumb":{"@id":"https:\/\/testwebsite.citygame.com\/is\/games\/osaka\/sherlock-holmes-osaka\/#breadcrumb"},"inLanguage":"is","potentialAction":[{"@type":"ReadAction","target":["https:\/\/testwebsite.citygame.com\/is\/games\/osaka\/sherlock-holmes-osaka\/"]}]},{"@type":"ImageObject","inLanguage":"is","@id":"https:\/\/testwebsite.citygame.com\/is\/games\/osaka\/sherlock-holmes-osaka\/#primaryimage","url":"https:\/\/testwebsite.citygame.com\/wp-content\/blogs.dir\/1\/files\/sites\/62\/2026\/02\/player-sherlock-city-game-osaka.jpg","contentUrl":"https:\/\/testwebsite.citygame.com\/wp-content\/blogs.dir\/1\/files\/sites\/62\/2026\/02\/player-sherlock-city-game-osaka.jpg","width":1344,"height":768,"caption":"A player explores the city of Osaka by following clues on a smartphone game."},{"@type":"BreadcrumbList","@id":"https:\/\/testwebsite.citygame.com\/is\/games\/osaka\/sherlock-holmes-osaka\/#breadcrumb","itemListElement":[{"@type":"ListItem","position":1,"name":"Home","item":"https:\/\/testwebsite.citygame.com\/is\/"},{"@type":"ListItem","position":2,"name":"Shop","item":"https:\/\/testwebsite.citygame.com\/shop\/"},{"@type":"ListItem","position":3,"name":"Sherlock Holmes Osaka"}]},{"@type":"WebSite","@id":"https:\/\/testwebsite.upevents.nl\/#website","url":"https:\/\/testwebsite.upevents.nl\/","name":"City Game","description":"","publisher":{"@id":"https:\/\/testwebsite.upevents.nl\/#organization"},"alternateName":"citygame.com","potentialAction":[{"@type":"SearchAction","target":{"@type":"EntryPoint","urlTemplate":"https:\/\/testwebsite.upevents.nl\/?s={search_term_string}"},"query-input":{"@type":"PropertyValueSpecification","valueRequired":true,"valueName":"search_term_string"}}],"inLanguage":"is"},{"@type":["Organization","Place"],"@id":"https:\/\/testwebsite.upevents.nl\/#organization","name":"City Game","alternateName":"citygame.com","url":"https:\/\/testwebsite.upevents.nl\/","logo":{"@id":"https:\/\/testwebsite.citygame.com\/is\/games\/osaka\/sherlock-holmes-osaka\/#local-main-organization-logo"},"image":{"@id":"https:\/\/testwebsite.citygame.com\/is\/games\/osaka\/sherlock-holmes-osaka\/#local-main-organization-logo"},"sameAs":["https:\/\/www.facebook.com\/profile.php?id=100086426226253","https:\/\/www.instagram.com\/citygame_com","https:\/\/www.tiktok.com\/@citygamecom\/","https:\/\/www.linkedin.com\/company\/citygame-com"],"description":"Turn any city into a playground with our interactive City Games and self-guided tours. Fun, flexible, and ideal for groups and team building.","telephone":[],"openingHoursSpecification":[{"@type":"OpeningHoursSpecification","dayOfWeek":["Monday","Tuesday","Wednesday","Thursday","Friday","Saturday","Sunday"],"opens":"09:00","closes":"17:00"}]},{"@type":"ImageObject","inLanguage":"is","@id":"https:\/\/testwebsite.citygame.com\/is\/games\/osaka\/sherlock-holmes-osaka\/#local-main-organization-logo","url":"https:\/\/testwebsite.citygame.com\/wp-content\/blogs.dir\/1\/files\/sites\/62\/2025\/10\/CG_LOGO-City-Game.png","contentUrl":"https:\/\/testwebsite.citygame.com\/wp-content\/blogs.dir\/1\/files\/sites\/62\/2025\/10\/CG_LOGO-City-Game.png","width":351,"height":377,"caption":"City Game"}]}},"taxonomy_info":{"game-concept":[{"value":778,"label":"Sherlock"}],"location":[{"value":309,"label":"Osaka"}],"product_cat":[{"value":27,"label":"Geen categorie"}]},"featured_image_src_large":["https:\/\/testwebsite.citygame.com\/wp-content\/blogs.dir\/1\/files\/sites\/62\/2026\/02\/player-sherlock-city-game-osaka-1024x585.jpg",1024,585,true],"author_info":[],"comment_info":"","_links":{"self":[{"href":"https:\/\/testwebsite.citygame.com\/is\/wp-json\/wp\/v2\/product\/64074","targetHints":{"allow":["GET"]}}],"collection":[{"href":"https:\/\/testwebsite.citygame.com\/is\/wp-json\/wp\/v2\/product"}],"about":[{"href":"https:\/\/testwebsite.citygame.com\/is\/wp-json\/wp\/v2\/types\/product"}],"acf:post":[{"embeddable":true,"href":"https:\/\/testwebsite.citygame.com\/is\/wp-json\/wp\/v2\/pages\/7762"}],"wp:featuredmedia":[{"embeddable":true,"href":"https:\/\/testwebsite.citygame.com\/is\/wp-json\/wp\/v2\/media\/11120"}],"wp:attachment":[{"href":"https:\/\/testwebsite.citygame.com\/is\/wp-json\/wp\/v2\/media?parent=64074"}],"wp:term":[{"taxonomy":"game-concept","embeddable":true,"href":"https:\/\/testwebsite.citygame.com\/is\/wp-json\/wp\/v2\/game-concept?post=64074"},{"taxonomy":"location","embeddable":true,"href":"https:\/\/testwebsite.citygame.com\/is\/wp-json\/wp\/v2\/location?post=64074"},{"taxonomy":"product_brand","embeddable":true,"href":"https:\/\/testwebsite.citygame.com\/is\/wp-json\/wp\/v2\/product_brand?post=64074"},{"taxonomy":"product_cat","embeddable":true,"href":"https:\/\/testwebsite.citygame.com\/is\/wp-json\/wp\/v2\/product_cat?post=64074"},{"taxonomy":"product_tag","embeddable":true,"href":"https:\/\/testwebsite.citygame.com\/is\/wp-json\/wp\/v2\/product_tag?post=64074"}],"curies":[{"name":"wp","href":"https:\/\/api.w.org\/{rel}","templated":true}]}}