{"id":63735,"date":"2026-02-05T20:55:47","date_gmt":"2026-02-05T20:55:47","guid":{"rendered":"https:\/\/testwebsite.citygame.com\/games\/unknown-location\/sherlock-holmes-copenhagen\/"},"modified":"2026-04-08T12:25:25","modified_gmt":"2026-04-08T12:25:25","slug":"sherlock-holmes-copenhagen","status":"publish","type":"product","link":"https:\/\/testwebsite.citygame.com\/is\/games\/copenhagen\/sherlock-holmes-copenhagen\/","title":{"rendered":"Sherlock Holmes Copenhagen"},"content":{"rendered":"<p>St\u00edg\u00f0u inn \u00ed heim Sherlock Holmes me\u00f0 \u00feessum sj\u00e1lfsst\u00fdr\u00f0a, sagnfr\u00e6\u00f0ilega mor\u00f0g\u00e1tu City Game, sem gerist \u00ed s\u00f6gulegum mi\u00f0b\u00e6 Kaupmannahafnar. \u00deegar borgin ver\u00f0ur bakgrunnur ranns\u00f3knarl\u00f6greglu \u00feinnar, munt \u00fe\u00fa fylgja gr\u00edpandi fr\u00e1s\u00f6gn sem \u00fer\u00f3ast eftir \u00fev\u00ed sem \u00fe\u00fa fer\u00f0 um g\u00f6turnar, safnar v\u00edsbendingum, leysir \u00ferautir og yfirheyrir stafr\u00e6na gruna\u00f0a. \u00cd kj\u00f6lfar hrollvekjandi mor\u00f0s \u00e1 Liberty Festival, ert \u00fe\u00fa frj\u00e1ls til a\u00f0 rannsaka \u00e1 \u00fe\u00ednum eigin hra\u00f0a, s\u00f6kkva \u00fe\u00e9r a\u00f0 fullu inn \u00ed hlutverk ranns\u00f3knarl\u00f6greglumanns \u00e1 sl\u00f3\u00f0 sannleikans.<\/p>\n","protected":false},"excerpt":{"rendered":"<p>Kafa\u00f0u inn \u00ed spennandi heim The Sherlock Holmes City Game \u00ed Kaupmannah\u00f6fn, \u00fear sem \u00fe\u00fa leikur eftirs\u00f3tta hlutverk hins go\u00f0sagnakennda ranns\u00f3knarl\u00f6greglumanns \u00ed heillandi, sj\u00e1lfsst\u00fdr\u00f0ri mor\u00f0g\u00e1tu. Sigra\u00f0u andst\u00e6\u00f0inga \u00fe\u00edna me\u00f0 \u00fev\u00ed a\u00f0 r\u00e1\u00f0a v\u00edsbendingar, leysa \u00ferautir og afhj\u00fapa sannleikann me\u00f0 snjallri teymisvinnu, \u00ed \u00e6sispennandi kapphlaupi vi\u00f0 t\u00edmann!<\/p>\n","protected":false},"featured_media":11081,"template":"","meta":{"_acf_changed":false,"_yoast_wpseo_focuskw":"Sherlock Holmes Copenhagen","_yoast_wpseo_metadesc":"Sherlock Holmes Copenhagen. Spila\u00f0u sj\u00e1lfst\u00e6tt mor\u00f0g\u00e1tuleik \u00ed borginni, leystu \u00ferautir, fylgdu v\u00edsbendingum og afhj\u00fapa\u00f0u mor\u00f0ingjann \u00e1 \u00fe\u00ednum eigin hra\u00f0a!","_kad_blocks_custom_css":"","_kad_blocks_head_custom_js":"","_kad_blocks_body_custom_js":"","_kad_blocks_footer_custom_js":"","ghostkit_customizer_options":"","ghostkit_custom_css":"","ghostkit_custom_js_head":"","ghostkit_custom_js_foot":"","ghostkit_typography":"","_kad_post_transparent":"","_kad_post_title":"","_kad_post_layout":"","_kad_post_sidebar_id":"","_kad_post_content_style":"","_kad_post_vertical_padding":"","_kad_post_feature":"","_kad_post_feature_position":"","_kad_post_header":false,"_kad_post_footer":false,"_kad_post_classname":"","_links_to":"","_links_to_target":""},"game-concept":[778],"location":[128],"product_brand":[],"product_cat":[27],"product_tag":[],"class_list":{"0":"post-63735","1":"product","2":"type-product","3":"status-publish","4":"has-post-thumbnail","6":"game-concept-sherlock","7":"location-copenhagen","8":"product_cat-geen-categorie","10":"first","11":"instock","12":"shipping-taxable","13":"purchasable","14":"product-type-simple","15":"entry","16":"content-bg","17":"loop-entry"},"acf":{"full_bokun_product_name":"Copenhagen Self-Guided Sherlock Holmes Murder Mystery Game","location_name":"Copenhagen","bokun_calendar_widget_code":"<script type=\"text\/javascript\" src=\"https:\/\/widgets.bokun.io\/assets\/javascripts\/apps\/build\/BokunWidgetsLoader.js?bookingChannelUUID=a1e93e96-5232-4734-a595-28405f4b5a31\" async><\/script>\n     \n    <div class=\"bokunWidget\" data-src=\"https:\/\/widgets.bokun.io\/online-sales\/a1e93e96-5232-4734-a595-28405f4b5a31\/experience-calendar\/734064\"><\/div>\n    <noscript>Please enable javascript in your browser to book<\/noscript>","bokun_button_widget_code":"<script type=\"text\/javascript\" src=\"https:\/\/widgets.bokun.io\/assets\/javascripts\/apps\/build\/BokunWidgetsLoader.js?bookingChannelUUID=a1e93e96-5232-4734-a595-28405f4b5a31\" async><\/script>\n      <style> #bokun_ed001e45_5927_4f62_b470_ca766338d083 { display: inline-block; padding: .4em 1em; background: #47b82e; border-radius: 999999px; box-shadow: none; font-weight: 600; font-size: 24px; text-decoration: none; text-align: center; color: #FFFFFF; border:none; cursor: pointer; transition: background .2s ease; } #bokun_ed001e45_5927_4f62_b470_ca766338d083:hover{ background: #2f7b1f; } #bokun_ed001e45_5927_4f62_b470_ca766338d083:active{ background: #378f24; } <\/style> <button class=\"bokunButton\" disabled id=bokun_ed001e45_5927_4f62_b470_ca766338d083 data-src=\"https:\/\/widgets.bokun.io\/online-sales\/a1e93e96-5232-4734-a595-28405f4b5a31\/experience-calendar\/734064?partialView=1\" data-testid=\"widget-book-button\" > Book now <\/button> ","what_you\u2019ll_experience_during_the_game":"\u00de\u00fa st\u00edgur inn \u00ed gr\u00edpandi sakam\u00e1las\u00f6gu sem gerist \u00ed hjarta Kaupmannahafnar, \u00fear sem hver gata lei\u00f0ir \u00feig d\u00fdpra inn \u00ed r\u00e1\u00f0g\u00e1tu um mor\u00f0 \u00e1 Liberty Festival. \u00deegar \u00fe\u00fa fer\u00f0 um borgina \u00fer\u00f3ast sagan sm\u00e1tt og sm\u00e1tt og lei\u00f0ir \u00feig a\u00f0 falnum v\u00edsbendingum og \u00f3v\u00e6ntum upplj\u00f3strunum. Fer\u00f0 \u00fe\u00edn er algj\u00f6rlega s\u00f6gudrifin, \u00fear sem hver sta\u00f0ur b\u00fd\u00f0ur upp \u00e1 n\u00fdjar sannanir og krefjandi \u00ferautir sem krefjast athygli \u00feinnar \u00e1 sm\u00e1atri\u00f0um. Hver \u00e1kv\u00f6r\u00f0un m\u00f3tar hvernig ranns\u00f3knin gengur og hvert horn g\u00e6ti fali\u00f0 n\u00e6sta byltingu.\n\n\u00de\u00fa munt yfirheyra stafr\u00e6na gruna\u00f0a, yfirfara fjarvistarvottor\u00f0 og koma auga \u00e1 m\u00f3tsagnir sem a\u00f0rir g\u00e6tu misst af. Gagnr\u00fdnin hugsun er \u00feitt mesta verkf\u00e6ri og athugunar- og fr\u00e1dr\u00e1ttarh\u00e6fileikar \u00fe\u00ednir eru st\u00f6\u00f0ugt pr\u00f3fa\u00f0ir. Undarlegar vendingar koma fram \u00feegar \u00fe\u00fa s\u00edst b\u00fdst vi\u00f0 \u00feeim, sem hvetur \u00feig til a\u00f0 vera vakandi \u00fear til sannleikurinn loksins kemur \u00ed lj\u00f3s. Spila\u00f0u alveg \u00e1 \u00fe\u00ednum eigin hra\u00f0a, taktu p\u00e1sur e\u00f0a haltu \u00e1fram hven\u00e6r sem \u00fe\u00e9r hentar. Ef \u00fe\u00fa ert a\u00f0 vinna \u00ed teymi, getur \u00fe\u00fa einnig pr\u00f3fa\u00f0 f\u00e6rni \u00fe\u00edna gegn \u00f6\u00f0rum \u00ed vinalegri keppni. \u00cd \u00feessari r\u00e1\u00f0g\u00e1tu ver\u00f0ur Kaupmannah\u00f6fn gl\u00e6pavettvangur \u00feinn og \u00fe\u00fa ert ranns\u00f3knarl\u00f6gregluma\u00f0urinn.","how_to_play":"Spila\u00f0u einn e\u00f0a me\u00f0 vinum, fj\u00f6lskyldu e\u00f0a samstarfsf\u00f3lki \u00ed teymum, allt a\u00f0 fj\u00f3rir \u00e1 hvert t\u00e6ki. Eftir b\u00f3kun f\u00e6r\u00f0u t\u00f6lvup\u00f3st me\u00f0 lei\u00f0beiningum og \u00f6llu sem \u00fe\u00fa \u00fearft.","start_location":"Copenhagen, Radhuspladsen","available_languages":["en","de","nl","es","fr","it"],"players_per_group":"1-4","duration":"1.5-2 hours","image_overlay_color_image":"https:\/\/testwebsite.citygame.com\/wp-content\/blogs.dir\/1\/files\/sites\/62\/2026\/01\/SherlockColor.svg","image_overlay_game_logo":"https:\/\/testwebsite.citygame.com\/wp-content\/blogs.dir\/1\/files\/sites\/62\/2026\/01\/SherlockLogo.png","city_page":7710,"woocommerce_general_content":null},"yoast_head":"<!-- This site is optimized with the Yoast SEO Premium plugin v26.2 (Yoast SEO v26.3) - https:\/\/yoast.com\/wordpress\/plugins\/seo\/ -->\n<title>Sherlock Holmes Copenhagen - City Game<\/title>\n<meta name=\"description\" content=\"Sherlock Holmes Copenhagen. Spila\u00f0u sj\u00e1lfst\u00e6tt mor\u00f0g\u00e1tuleik \u00ed borginni, leystu \u00ferautir, fylgdu v\u00edsbendingum og afhj\u00fapa\u00f0u mor\u00f0ingjann \u00e1 \u00fe\u00ednum eigin hra\u00f0a!\" \/>\n<meta name=\"robots\" content=\"noindex, follow, max-snippet:-1, max-image-preview:large, max-video-preview:-1\" \/>\n<meta property=\"og:locale\" content=\"is_IS\" \/>\n<meta property=\"og:type\" content=\"article\" \/>\n<meta property=\"og:title\" content=\"Sherlock Holmes Copenhagen\" \/>\n<meta property=\"og:description\" content=\"Sherlock Holmes Copenhagen. Spila\u00f0u sj\u00e1lfst\u00e6tt mor\u00f0g\u00e1tuleik \u00ed borginni, leystu \u00ferautir, fylgdu v\u00edsbendingum og afhj\u00fapa\u00f0u mor\u00f0ingjann \u00e1 \u00fe\u00ednum eigin hra\u00f0a!\" \/>\n<meta property=\"og:url\" content=\"https:\/\/testwebsite.citygame.com\/is\/games\/copenhagen\/sherlock-holmes-copenhagen\/\" \/>\n<meta property=\"og:site_name\" content=\"City Game\" \/>\n<meta property=\"article:publisher\" content=\"https:\/\/www.facebook.com\/profile.php?id=100086426226253\" \/>\n<meta property=\"article:modified_time\" content=\"2026-04-08T12:25:25+00:00\" \/>\n<meta property=\"og:image\" content=\"https:\/\/testwebsite.citygame.com\/wp-content\/blogs.dir\/1\/files\/sites\/62\/2026\/02\/copenhagen-woman-phone-narrow-street.jpg\" \/>\n\t<meta property=\"og:image:width\" content=\"1344\" \/>\n\t<meta property=\"og:image:height\" content=\"768\" \/>\n\t<meta property=\"og:image:type\" content=\"image\/jpeg\" \/>\n<meta name=\"twitter:card\" content=\"summary_large_image\" \/>\n<script type=\"application\/ld+json\" class=\"yoast-schema-graph\">{\"@context\":\"https:\/\/schema.org\",\"@graph\":[{\"@type\":\"WebPage\",\"@id\":\"https:\/\/testwebsite.citygame.com\/is\/games\/copenhagen\/sherlock-holmes-copenhagen\/\",\"url\":\"https:\/\/testwebsite.citygame.com\/is\/games\/copenhagen\/sherlock-holmes-copenhagen\/\",\"name\":\"Sherlock Holmes Copenhagen - City Game\",\"isPartOf\":{\"@id\":\"https:\/\/testwebsite.upevents.nl\/#website\"},\"primaryImageOfPage\":{\"@id\":\"https:\/\/testwebsite.citygame.com\/is\/games\/copenhagen\/sherlock-holmes-copenhagen\/#primaryimage\"},\"image\":{\"@id\":\"https:\/\/testwebsite.citygame.com\/is\/games\/copenhagen\/sherlock-holmes-copenhagen\/#primaryimage\"},\"thumbnailUrl\":\"https:\/\/testwebsite.citygame.com\/wp-content\/blogs.dir\/1\/files\/sites\/62\/2026\/02\/copenhagen-woman-phone-narrow-street.jpg\",\"datePublished\":\"2026-02-05T20:55:47+00:00\",\"dateModified\":\"2026-04-08T12:25:25+00:00\",\"description\":\"Sherlock Holmes Copenhagen. Spila\u00f0u sj\u00e1lfst\u00e6tt mor\u00f0g\u00e1tuleik \u00ed borginni, leystu \u00ferautir, fylgdu v\u00edsbendingum og afhj\u00fapa\u00f0u mor\u00f0ingjann \u00e1 \u00fe\u00ednum eigin hra\u00f0a!\",\"breadcrumb\":{\"@id\":\"https:\/\/testwebsite.citygame.com\/is\/games\/copenhagen\/sherlock-holmes-copenhagen\/#breadcrumb\"},\"inLanguage\":\"is\",\"potentialAction\":[{\"@type\":\"ReadAction\",\"target\":[\"https:\/\/testwebsite.citygame.com\/is\/games\/copenhagen\/sherlock-holmes-copenhagen\/\"]}]},{\"@type\":\"ImageObject\",\"inLanguage\":\"is\",\"@id\":\"https:\/\/testwebsite.citygame.com\/is\/games\/copenhagen\/sherlock-holmes-copenhagen\/#primaryimage\",\"url\":\"https:\/\/testwebsite.citygame.com\/wp-content\/blogs.dir\/1\/files\/sites\/62\/2026\/02\/copenhagen-woman-phone-narrow-street.jpg\",\"contentUrl\":\"https:\/\/testwebsite.citygame.com\/wp-content\/blogs.dir\/1\/files\/sites\/62\/2026\/02\/copenhagen-woman-phone-narrow-street.jpg\",\"width\":1344,\"height\":768,\"caption\":\"A woman stands on a narrow cobblestone street, looking at an interactive game on her smartphone.\"},{\"@type\":\"BreadcrumbList\",\"@id\":\"https:\/\/testwebsite.citygame.com\/is\/games\/copenhagen\/sherlock-holmes-copenhagen\/#breadcrumb\",\"itemListElement\":[{\"@type\":\"ListItem\",\"position\":1,\"name\":\"Home\",\"item\":\"https:\/\/testwebsite.citygame.com\/is\/\"},{\"@type\":\"ListItem\",\"position\":2,\"name\":\"Shop\",\"item\":\"https:\/\/testwebsite.citygame.com\/shop\/\"},{\"@type\":\"ListItem\",\"position\":3,\"name\":\"Sherlock Holmes Copenhagen\"}]},{\"@type\":\"WebSite\",\"@id\":\"https:\/\/testwebsite.upevents.nl\/#website\",\"url\":\"https:\/\/testwebsite.upevents.nl\/\",\"name\":\"City Game\",\"description\":\"\",\"publisher\":{\"@id\":\"https:\/\/testwebsite.upevents.nl\/#organization\"},\"alternateName\":\"citygame.com\",\"potentialAction\":[{\"@type\":\"SearchAction\",\"target\":{\"@type\":\"EntryPoint\",\"urlTemplate\":\"https:\/\/testwebsite.upevents.nl\/?s={search_term_string}\"},\"query-input\":{\"@type\":\"PropertyValueSpecification\",\"valueRequired\":true,\"valueName\":\"search_term_string\"}}],\"inLanguage\":\"is\"},{\"@type\":[\"Organization\",\"Place\"],\"@id\":\"https:\/\/testwebsite.upevents.nl\/#organization\",\"name\":\"City Game\",\"alternateName\":\"citygame.com\",\"url\":\"https:\/\/testwebsite.upevents.nl\/\",\"logo\":{\"@id\":\"https:\/\/testwebsite.citygame.com\/is\/games\/copenhagen\/sherlock-holmes-copenhagen\/#local-main-organization-logo\"},\"image\":{\"@id\":\"https:\/\/testwebsite.citygame.com\/is\/games\/copenhagen\/sherlock-holmes-copenhagen\/#local-main-organization-logo\"},\"sameAs\":[\"https:\/\/www.facebook.com\/profile.php?id=100086426226253\",\"https:\/\/www.instagram.com\/citygame_com\",\"https:\/\/www.tiktok.com\/@citygamecom\/\",\"https:\/\/www.linkedin.com\/company\/citygame-com\"],\"description\":\"Turn any city into a playground with our interactive City Games and self-guided tours. Fun, flexible, and ideal for groups and team building.\",\"telephone\":[],\"openingHoursSpecification\":[{\"@type\":\"OpeningHoursSpecification\",\"dayOfWeek\":[\"Monday\",\"Tuesday\",\"Wednesday\",\"Thursday\",\"Friday\",\"Saturday\",\"Sunday\"],\"opens\":\"09:00\",\"closes\":\"17:00\"}]},{\"@type\":\"ImageObject\",\"inLanguage\":\"is\",\"@id\":\"https:\/\/testwebsite.citygame.com\/is\/games\/copenhagen\/sherlock-holmes-copenhagen\/#local-main-organization-logo\",\"url\":\"https:\/\/testwebsite.citygame.com\/wp-content\/blogs.dir\/1\/files\/sites\/62\/2025\/10\/CG_LOGO-City-Game.png\",\"contentUrl\":\"https:\/\/testwebsite.citygame.com\/wp-content\/blogs.dir\/1\/files\/sites\/62\/2025\/10\/CG_LOGO-City-Game.png\",\"width\":351,\"height\":377,\"caption\":\"City Game\"}]}<\/script>\n<!-- \/ Yoast SEO Premium plugin. -->","yoast_head_json":{"title":"Sherlock Holmes Copenhagen - City Game","description":"Sherlock Holmes Copenhagen. Spila\u00f0u sj\u00e1lfst\u00e6tt mor\u00f0g\u00e1tuleik \u00ed borginni, leystu \u00ferautir, fylgdu v\u00edsbendingum og afhj\u00fapa\u00f0u mor\u00f0ingjann \u00e1 \u00fe\u00ednum eigin hra\u00f0a!","robots":{"index":"noindex","follow":"follow","max-snippet":"max-snippet:-1","max-image-preview":"max-image-preview:large","max-video-preview":"max-video-preview:-1"},"og_locale":"is_IS","og_type":"article","og_title":"Sherlock Holmes Copenhagen","og_description":"Sherlock Holmes Copenhagen. Spila\u00f0u sj\u00e1lfst\u00e6tt mor\u00f0g\u00e1tuleik \u00ed borginni, leystu \u00ferautir, fylgdu v\u00edsbendingum og afhj\u00fapa\u00f0u mor\u00f0ingjann \u00e1 \u00fe\u00ednum eigin hra\u00f0a!","og_url":"https:\/\/testwebsite.citygame.com\/is\/games\/copenhagen\/sherlock-holmes-copenhagen\/","og_site_name":"City Game","article_publisher":"https:\/\/www.facebook.com\/profile.php?id=100086426226253","article_modified_time":"2026-04-08T12:25:25+00:00","og_image":[{"width":1344,"height":768,"url":"https:\/\/testwebsite.citygame.com\/wp-content\/blogs.dir\/1\/files\/sites\/62\/2026\/02\/copenhagen-woman-phone-narrow-street.jpg","type":"image\/jpeg"}],"twitter_card":"summary_large_image","schema":{"@context":"https:\/\/schema.org","@graph":[{"@type":"WebPage","@id":"https:\/\/testwebsite.citygame.com\/is\/games\/copenhagen\/sherlock-holmes-copenhagen\/","url":"https:\/\/testwebsite.citygame.com\/is\/games\/copenhagen\/sherlock-holmes-copenhagen\/","name":"Sherlock Holmes Copenhagen - City Game","isPartOf":{"@id":"https:\/\/testwebsite.upevents.nl\/#website"},"primaryImageOfPage":{"@id":"https:\/\/testwebsite.citygame.com\/is\/games\/copenhagen\/sherlock-holmes-copenhagen\/#primaryimage"},"image":{"@id":"https:\/\/testwebsite.citygame.com\/is\/games\/copenhagen\/sherlock-holmes-copenhagen\/#primaryimage"},"thumbnailUrl":"https:\/\/testwebsite.citygame.com\/wp-content\/blogs.dir\/1\/files\/sites\/62\/2026\/02\/copenhagen-woman-phone-narrow-street.jpg","datePublished":"2026-02-05T20:55:47+00:00","dateModified":"2026-04-08T12:25:25+00:00","description":"Sherlock Holmes Copenhagen. Spila\u00f0u sj\u00e1lfst\u00e6tt mor\u00f0g\u00e1tuleik \u00ed borginni, leystu \u00ferautir, fylgdu v\u00edsbendingum og afhj\u00fapa\u00f0u mor\u00f0ingjann \u00e1 \u00fe\u00ednum eigin hra\u00f0a!","breadcrumb":{"@id":"https:\/\/testwebsite.citygame.com\/is\/games\/copenhagen\/sherlock-holmes-copenhagen\/#breadcrumb"},"inLanguage":"is","potentialAction":[{"@type":"ReadAction","target":["https:\/\/testwebsite.citygame.com\/is\/games\/copenhagen\/sherlock-holmes-copenhagen\/"]}]},{"@type":"ImageObject","inLanguage":"is","@id":"https:\/\/testwebsite.citygame.com\/is\/games\/copenhagen\/sherlock-holmes-copenhagen\/#primaryimage","url":"https:\/\/testwebsite.citygame.com\/wp-content\/blogs.dir\/1\/files\/sites\/62\/2026\/02\/copenhagen-woman-phone-narrow-street.jpg","contentUrl":"https:\/\/testwebsite.citygame.com\/wp-content\/blogs.dir\/1\/files\/sites\/62\/2026\/02\/copenhagen-woman-phone-narrow-street.jpg","width":1344,"height":768,"caption":"A woman stands on a narrow cobblestone street, looking at an interactive game on her smartphone."},{"@type":"BreadcrumbList","@id":"https:\/\/testwebsite.citygame.com\/is\/games\/copenhagen\/sherlock-holmes-copenhagen\/#breadcrumb","itemListElement":[{"@type":"ListItem","position":1,"name":"Home","item":"https:\/\/testwebsite.citygame.com\/is\/"},{"@type":"ListItem","position":2,"name":"Shop","item":"https:\/\/testwebsite.citygame.com\/shop\/"},{"@type":"ListItem","position":3,"name":"Sherlock Holmes Copenhagen"}]},{"@type":"WebSite","@id":"https:\/\/testwebsite.upevents.nl\/#website","url":"https:\/\/testwebsite.upevents.nl\/","name":"City Game","description":"","publisher":{"@id":"https:\/\/testwebsite.upevents.nl\/#organization"},"alternateName":"citygame.com","potentialAction":[{"@type":"SearchAction","target":{"@type":"EntryPoint","urlTemplate":"https:\/\/testwebsite.upevents.nl\/?s={search_term_string}"},"query-input":{"@type":"PropertyValueSpecification","valueRequired":true,"valueName":"search_term_string"}}],"inLanguage":"is"},{"@type":["Organization","Place"],"@id":"https:\/\/testwebsite.upevents.nl\/#organization","name":"City Game","alternateName":"citygame.com","url":"https:\/\/testwebsite.upevents.nl\/","logo":{"@id":"https:\/\/testwebsite.citygame.com\/is\/games\/copenhagen\/sherlock-holmes-copenhagen\/#local-main-organization-logo"},"image":{"@id":"https:\/\/testwebsite.citygame.com\/is\/games\/copenhagen\/sherlock-holmes-copenhagen\/#local-main-organization-logo"},"sameAs":["https:\/\/www.facebook.com\/profile.php?id=100086426226253","https:\/\/www.instagram.com\/citygame_com","https:\/\/www.tiktok.com\/@citygamecom\/","https:\/\/www.linkedin.com\/company\/citygame-com"],"description":"Turn any city into a playground with our interactive City Games and self-guided tours. Fun, flexible, and ideal for groups and team building.","telephone":[],"openingHoursSpecification":[{"@type":"OpeningHoursSpecification","dayOfWeek":["Monday","Tuesday","Wednesday","Thursday","Friday","Saturday","Sunday"],"opens":"09:00","closes":"17:00"}]},{"@type":"ImageObject","inLanguage":"is","@id":"https:\/\/testwebsite.citygame.com\/is\/games\/copenhagen\/sherlock-holmes-copenhagen\/#local-main-organization-logo","url":"https:\/\/testwebsite.citygame.com\/wp-content\/blogs.dir\/1\/files\/sites\/62\/2025\/10\/CG_LOGO-City-Game.png","contentUrl":"https:\/\/testwebsite.citygame.com\/wp-content\/blogs.dir\/1\/files\/sites\/62\/2025\/10\/CG_LOGO-City-Game.png","width":351,"height":377,"caption":"City Game"}]}},"taxonomy_info":{"game-concept":[{"value":778,"label":"Sherlock"}],"location":[{"value":128,"label":"Copenhagen"}],"product_cat":[{"value":27,"label":"Geen categorie"}]},"featured_image_src_large":["https:\/\/testwebsite.citygame.com\/wp-content\/blogs.dir\/1\/files\/sites\/62\/2026\/02\/copenhagen-woman-phone-narrow-street-1024x585.jpg",1024,585,true],"author_info":[],"comment_info":"","_links":{"self":[{"href":"https:\/\/testwebsite.citygame.com\/is\/wp-json\/wp\/v2\/product\/63735","targetHints":{"allow":["GET"]}}],"collection":[{"href":"https:\/\/testwebsite.citygame.com\/is\/wp-json\/wp\/v2\/product"}],"about":[{"href":"https:\/\/testwebsite.citygame.com\/is\/wp-json\/wp\/v2\/types\/product"}],"acf:post":[{"embeddable":true,"href":"https:\/\/testwebsite.citygame.com\/is\/wp-json\/wp\/v2\/pages\/7710"}],"wp:featuredmedia":[{"embeddable":true,"href":"https:\/\/testwebsite.citygame.com\/is\/wp-json\/wp\/v2\/media\/11081"}],"wp:attachment":[{"href":"https:\/\/testwebsite.citygame.com\/is\/wp-json\/wp\/v2\/media?parent=63735"}],"wp:term":[{"taxonomy":"game-concept","embeddable":true,"href":"https:\/\/testwebsite.citygame.com\/is\/wp-json\/wp\/v2\/game-concept?post=63735"},{"taxonomy":"location","embeddable":true,"href":"https:\/\/testwebsite.citygame.com\/is\/wp-json\/wp\/v2\/location?post=63735"},{"taxonomy":"product_brand","embeddable":true,"href":"https:\/\/testwebsite.citygame.com\/is\/wp-json\/wp\/v2\/product_brand?post=63735"},{"taxonomy":"product_cat","embeddable":true,"href":"https:\/\/testwebsite.citygame.com\/is\/wp-json\/wp\/v2\/product_cat?post=63735"},{"taxonomy":"product_tag","embeddable":true,"href":"https:\/\/testwebsite.citygame.com\/is\/wp-json\/wp\/v2\/product_tag?post=63735"}],"curies":[{"name":"wp","href":"https:\/\/api.w.org\/{rel}","templated":true}]}}