{"id":63632,"date":"2026-02-12T11:49:40","date_gmt":"2026-02-12T11:49:40","guid":{"rendered":"https:\/\/testwebsite.citygame.com\/games\/unknown-location\/sherlock-holmes-freiburg-im-breisgau\/"},"modified":"2026-04-08T12:13:28","modified_gmt":"2026-04-08T12:13:28","slug":"sherlock-holmes-freiburg-im-breisgau","status":"publish","type":"product","link":"https:\/\/testwebsite.citygame.com\/is\/games\/freiburg-im-breisgau\/sherlock-holmes-freiburg-im-breisgau\/","title":{"rendered":"Sherlock Holmes Freiburg im Breisgau"},"content":{"rendered":"<p>St\u00edg\u00f0u inn \u00ed heim Sherlock Holmes \u00ed s\u00f6gulegum mi\u00f0b\u00e6 Freiburg im Breisgau, \u00fear sem sj\u00e1lfst\u00fdr\u00f0ur, s\u00f6gu-drifinn mor\u00f0g\u00e1tuleikur b\u00ed\u00f0ur \u00fe\u00edn. Sem ranns\u00f3knarl\u00f6greglumenn sigla leikmenn um steinl\u00f6g\u00f0u g\u00f6turnar og fylgja \u00f3rofa s\u00f6gu um kuldalegt mor\u00f0 sem \u00e1tti s\u00e9r sta\u00f0 \u00e1 Frelsish\u00e1t\u00ed\u00f0inni. \u00c1 lei\u00f0inni muntu safna v\u00edsbendingum, leysa fl\u00f3knar \u00ferautir og yfirheyra stafr\u00e6na gruna\u00f0a\u2014s\u00f6kkva \u00fe\u00e9r a\u00f0 fullu inn \u00ed ranns\u00f3knina \u00e1 me\u00f0an \u00fe\u00fa n\u00fdtur frelsisins til a\u00f0 spila \u00e1 \u00fe\u00ednum eigin hra\u00f0a.<\/p>\n","protected":false},"excerpt":{"rendered":"<p>St\u00edg\u00f0u \u00ed karismat\u00edska spor Sherlock Holmes \u00ed Freiburg im Breisgau, s\u00f6kkvandi \u00fe\u00e9r ofan \u00ed heillandi, sj\u00e1lfst\u00fdr\u00f0a mor\u00f0g\u00e1tu. Reyndu \u00e1 vitsmuni \u00fe\u00edna gegn fl\u00f3knum v\u00edsbendingum, leystu hugsanlega \u00ferautir, uppg\u00f6tva\u00f0u sannleikann me\u00f0 li\u00f0inu \u00fe\u00ednu og kepptu vi\u00f0 t\u00edmann til a\u00f0 lei\u00f0a r\u00e9ttl\u00e6ti \u00ed lj\u00f3s!<\/p>\n","protected":false},"featured_media":12902,"template":"","meta":{"_acf_changed":false,"_yoast_wpseo_focuskw":"Sherlock Holmes Freiburg im Breisgau","_yoast_wpseo_metadesc":"Sherlock Holmes Freiburg im Breisgau. Spila\u00f0u sj\u00e1lfst\u00fdr\u00f0an mor\u00f0g\u00e1tuleik, leystu \u00ferautir, fylgdu v\u00edsbendingum og uppg\u00f6tva\u00f0u mor\u00f0ingjann \u00e1 \u00fe\u00ednum eigin hra\u00f0a!","_kad_blocks_custom_css":"","_kad_blocks_head_custom_js":"","_kad_blocks_body_custom_js":"","_kad_blocks_footer_custom_js":"","ghostkit_customizer_options":"","ghostkit_custom_css":"","ghostkit_custom_js_head":"","ghostkit_custom_js_foot":"","ghostkit_typography":"","_kad_post_transparent":"","_kad_post_title":"","_kad_post_layout":"","_kad_post_sidebar_id":"","_kad_post_content_style":"","_kad_post_vertical_padding":"","_kad_post_feature":"","_kad_post_feature_position":"","_kad_post_header":false,"_kad_post_footer":false,"_kad_post_classname":"","_links_to":"","_links_to_target":""},"game-concept":[778],"location":[539],"product_brand":[],"product_cat":[27],"product_tag":[],"class_list":{"0":"post-63632","1":"product","2":"type-product","3":"status-publish","4":"has-post-thumbnail","6":"game-concept-sherlock","7":"location-freiburg-im-breisgau","8":"product_cat-geen-categorie","10":"first","11":"instock","12":"shipping-taxable","13":"purchasable","14":"product-type-simple","15":"entry","16":"content-bg","17":"loop-entry"},"acf":{"full_bokun_product_name":"Freiburg Self-Guided Sherlock Holmes Murder Mystery Game","location_name":"Freiburg im Breisgau","bokun_calendar_widget_code":"<script type=\"text\/javascript\" src=\"https:\/\/widgets.bokun.io\/assets\/javascripts\/apps\/build\/BokunWidgetsLoader.js?bookingChannelUUID=a1e93e96-5232-4734-a595-28405f4b5a31\" async><\/script>\n     \n    <div class=\"bokunWidget\" data-src=\"https:\/\/widgets.bokun.io\/online-sales\/a1e93e96-5232-4734-a595-28405f4b5a31\/experience-calendar\/781501\"><\/div>\n    <noscript>Please enable javascript in your browser to book<\/noscript>","bokun_button_widget_code":"<script type=\"text\/javascript\" src=\"https:\/\/widgets.bokun.io\/assets\/javascripts\/apps\/build\/BokunWidgetsLoader.js?bookingChannelUUID=a1e93e96-5232-4734-a595-28405f4b5a31\" async><\/script>\n      <style> #bokun_ed001e45_5927_4f62_b470_ca766338d083 { display: inline-block; padding: .4em 1em; background: #47b82e; border-radius: 999999px; box-shadow: none; font-weight: 600; font-size: 24px; text-decoration: none; text-align: center; color: #FFFFFF; border:none; cursor: pointer; transition: background .2s ease; } #bokun_ed001e45_5927_4f62_b470_ca766338d083:hover{ background: #2f7b1f; } #bokun_ed001e45_5927_4f62_b470_ca766338d083:active{ background: #378f24; } <\/style> <button class=\"bokunButton\" disabled id=bokun_ed001e45_5927_4f62_b470_ca766338d083 data-src=\"https:\/\/widgets.bokun.io\/online-sales\/a1e93e96-5232-4734-a595-28405f4b5a31\/experience-calendar\/781501?partialView=1\" data-testid=\"widget-book-button\" > Book now <\/button> ","what_you\u2019ll_experience_during_the_game":"\u00de\u00fa st\u00edgur inn \u00ed gr\u00edpandi l\u00f6greglus\u00f6gu sem gerist \u00ed hjarta Freiburg im Breisgau, \u00fear sem hver gata og h\u00fasasund dregur \u00feig d\u00fdpra inn \u00ed g\u00e1tuna. \u00deegar \u00fe\u00fa fer\u00f0 um borgina \u00fer\u00f3ast sagan \u00ed kringum \u00feig og dregur \u00feig inn \u00ed ranns\u00f3kn \u00e1 mor\u00f0i sem \u00e1tti s\u00e9r sta\u00f0 \u00e1 Frelsish\u00e1t\u00ed\u00f0inni. V\u00edsbendingar og \u00ferautir reyna \u00e1 r\u00f6khugsun \u00fe\u00edna, \u00e1 me\u00f0an l\u00famskar vendingar f\u00e1 \u00feig til a\u00f0 efast um allt sem \u00fe\u00fa heldur a\u00f0 \u00fe\u00fa vitir. Hvert einasta sm\u00e1atri\u00f0i krefst athygli \u00feinnar, allt fr\u00e1 sta\u00f0setningu s\u00f6nnunargagna til \u00f3samr\u00e6mi \u00ed vitnisbur\u00f0um sem \u00fe\u00fa munt afhj\u00fapa.\n\n\u00de\u00fa yfirheyrir stafr\u00e6na gruna\u00f0a, sko\u00f0ar fjarvistarsannanir og leitar a\u00f0 m\u00f3ts\u00f6gnum sem afhj\u00fapa falin hv\u00f6t. Gagnr\u00fdnin hugsun, n\u00e1kv\u00e6m athugun og sk\u00f6rp \u00e1lyktun eru sterkustu verkf\u00e6ri \u00fe\u00edn vi\u00f0 a\u00f0 afhj\u00fapa sannleikann. \u00d6ll upplifunin er algj\u00f6rlega s\u00f6gudrifin og s\u00f6kkvar \u00fe\u00e9r inn \u00ed marglaga g\u00e1tu sem a\u00f0lagast \u00fe\u00ednum hra\u00f0a. \u00de\u00fa getur gert hl\u00e9 \u00feegar \u00fe\u00f6rf krefur og haldi\u00f0 \u00e1fram hven\u00e6r sem \u00fe\u00fa ert tilb\u00fain(n). Ef \u00fe\u00fa spilar \u00ed li\u00f0i g\u00e6tir\u00f0u jafnvel keppt um a\u00f0 vera fyrst(ur) til a\u00f0 leysa m\u00e1li\u00f0. Sannleikurinn er \u00fearna \u00fati \u00ed Freiburg im Breisgau. \u00dea\u00f0 er \u00feitt hlutverk a\u00f0 finna hann.","how_to_play":"Spila\u00f0u ein(n) e\u00f0a me\u00f0 vinum, fj\u00f6lskyldu e\u00f0a samstarfsf\u00f3lki \u00ed allt a\u00f0 fj\u00f6gurra manna li\u00f0um \u00e1 hvert t\u00e6ki. Eftir b\u00f3kun f\u00e6r\u00f0u t\u00f6lvup\u00f3st me\u00f0 lei\u00f0beiningum og \u00f6llu sem \u00fe\u00fa \u00fearft.","start_location":"Freiburg, M\u00fcnstermarkt","available_languages":["en","fr","de","es","nl","it"],"players_per_group":"1-4","duration":"1.5-2 hours","image_overlay_color_image":"https:\/\/testwebsite.citygame.com\/wp-content\/blogs.dir\/1\/files\/sites\/62\/2026\/01\/SherlockColor.svg","image_overlay_game_logo":"https:\/\/testwebsite.citygame.com\/wp-content\/blogs.dir\/1\/files\/sites\/62\/2026\/01\/SherlockLogo.png","city_page":12900,"woocommerce_general_content":null},"yoast_head":"<!-- This site is optimized with the Yoast SEO Premium plugin v26.2 (Yoast SEO v26.3) - https:\/\/yoast.com\/wordpress\/plugins\/seo\/ -->\n<title>Sherlock Holmes Freiburg im Breisgau - City Game<\/title>\n<meta name=\"description\" content=\"Sherlock Holmes Freiburg im Breisgau. Spila\u00f0u sj\u00e1lfst\u00fdr\u00f0an mor\u00f0g\u00e1tuleik, leystu \u00ferautir, fylgdu v\u00edsbendingum og uppg\u00f6tva\u00f0u mor\u00f0ingjann \u00e1 \u00fe\u00ednum eigin hra\u00f0a!\" \/>\n<meta name=\"robots\" content=\"noindex, follow, max-snippet:-1, max-image-preview:large, max-video-preview:-1\" \/>\n<meta property=\"og:locale\" content=\"is_IS\" \/>\n<meta property=\"og:type\" content=\"article\" \/>\n<meta property=\"og:title\" content=\"Sherlock Holmes Freiburg im Breisgau\" \/>\n<meta property=\"og:description\" content=\"Sherlock Holmes Freiburg im Breisgau. Spila\u00f0u sj\u00e1lfst\u00fdr\u00f0an mor\u00f0g\u00e1tuleik, leystu \u00ferautir, fylgdu v\u00edsbendingum og uppg\u00f6tva\u00f0u mor\u00f0ingjann \u00e1 \u00fe\u00ednum eigin hra\u00f0a!\" \/>\n<meta property=\"og:url\" content=\"https:\/\/testwebsite.citygame.com\/is\/games\/freiburg-im-breisgau\/sherlock-holmes-freiburg-im-breisgau\/\" \/>\n<meta property=\"og:site_name\" content=\"City Game\" \/>\n<meta property=\"article:publisher\" content=\"https:\/\/www.facebook.com\/profile.php?id=100086426226253\" \/>\n<meta property=\"article:modified_time\" content=\"2026-04-08T12:13:28+00:00\" \/>\n<meta property=\"og:image\" content=\"https:\/\/testwebsite.citygame.com\/wp-content\/blogs.dir\/1\/files\/sites\/62\/2026\/02\/freiburg-woman-playing-city-game-on-phone.jpg\" \/>\n\t<meta property=\"og:image:width\" content=\"1024\" \/>\n\t<meta property=\"og:image:height\" content=\"1024\" \/>\n\t<meta property=\"og:image:type\" content=\"image\/jpeg\" \/>\n<meta name=\"twitter:card\" content=\"summary_large_image\" \/>\n<script type=\"application\/ld+json\" class=\"yoast-schema-graph\">{\"@context\":\"https:\/\/schema.org\",\"@graph\":[{\"@type\":\"WebPage\",\"@id\":\"https:\/\/testwebsite.citygame.com\/is\/games\/freiburg-im-breisgau\/sherlock-holmes-freiburg-im-breisgau\/\",\"url\":\"https:\/\/testwebsite.citygame.com\/is\/games\/freiburg-im-breisgau\/sherlock-holmes-freiburg-im-breisgau\/\",\"name\":\"Sherlock Holmes Freiburg im Breisgau - City Game\",\"isPartOf\":{\"@id\":\"https:\/\/testwebsite.upevents.nl\/#website\"},\"primaryImageOfPage\":{\"@id\":\"https:\/\/testwebsite.citygame.com\/is\/games\/freiburg-im-breisgau\/sherlock-holmes-freiburg-im-breisgau\/#primaryimage\"},\"image\":{\"@id\":\"https:\/\/testwebsite.citygame.com\/is\/games\/freiburg-im-breisgau\/sherlock-holmes-freiburg-im-breisgau\/#primaryimage\"},\"thumbnailUrl\":\"https:\/\/testwebsite.citygame.com\/wp-content\/blogs.dir\/1\/files\/sites\/62\/2026\/02\/freiburg-woman-playing-city-game-on-phone.jpg\",\"datePublished\":\"2026-02-12T11:49:40+00:00\",\"dateModified\":\"2026-04-08T12:13:28+00:00\",\"description\":\"Sherlock Holmes Freiburg im Breisgau. Spila\u00f0u sj\u00e1lfst\u00fdr\u00f0an mor\u00f0g\u00e1tuleik, leystu \u00ferautir, fylgdu v\u00edsbendingum og uppg\u00f6tva\u00f0u mor\u00f0ingjann \u00e1 \u00fe\u00ednum eigin hra\u00f0a!\",\"breadcrumb\":{\"@id\":\"https:\/\/testwebsite.citygame.com\/is\/games\/freiburg-im-breisgau\/sherlock-holmes-freiburg-im-breisgau\/#breadcrumb\"},\"inLanguage\":\"is\",\"potentialAction\":[{\"@type\":\"ReadAction\",\"target\":[\"https:\/\/testwebsite.citygame.com\/is\/games\/freiburg-im-breisgau\/sherlock-holmes-freiburg-im-breisgau\/\"]}]},{\"@type\":\"ImageObject\",\"inLanguage\":\"is\",\"@id\":\"https:\/\/testwebsite.citygame.com\/is\/games\/freiburg-im-breisgau\/sherlock-holmes-freiburg-im-breisgau\/#primaryimage\",\"url\":\"https:\/\/testwebsite.citygame.com\/wp-content\/blogs.dir\/1\/files\/sites\/62\/2026\/02\/freiburg-woman-playing-city-game-on-phone.jpg\",\"contentUrl\":\"https:\/\/testwebsite.citygame.com\/wp-content\/blogs.dir\/1\/files\/sites\/62\/2026\/02\/freiburg-woman-playing-city-game-on-phone.jpg\",\"width\":1024,\"height\":1024,\"caption\":\"A player uses her smartphone to solve challenges during a city game in a historic Freiburg alley.\"},{\"@type\":\"BreadcrumbList\",\"@id\":\"https:\/\/testwebsite.citygame.com\/is\/games\/freiburg-im-breisgau\/sherlock-holmes-freiburg-im-breisgau\/#breadcrumb\",\"itemListElement\":[{\"@type\":\"ListItem\",\"position\":1,\"name\":\"Home\",\"item\":\"https:\/\/testwebsite.citygame.com\/is\/\"},{\"@type\":\"ListItem\",\"position\":2,\"name\":\"Shop\",\"item\":\"https:\/\/testwebsite.citygame.com\/shop\/\"},{\"@type\":\"ListItem\",\"position\":3,\"name\":\"Sherlock Holmes Freiburg im Breisgau\"}]},{\"@type\":\"WebSite\",\"@id\":\"https:\/\/testwebsite.upevents.nl\/#website\",\"url\":\"https:\/\/testwebsite.upevents.nl\/\",\"name\":\"City Game\",\"description\":\"\",\"publisher\":{\"@id\":\"https:\/\/testwebsite.upevents.nl\/#organization\"},\"alternateName\":\"citygame.com\",\"potentialAction\":[{\"@type\":\"SearchAction\",\"target\":{\"@type\":\"EntryPoint\",\"urlTemplate\":\"https:\/\/testwebsite.upevents.nl\/?s={search_term_string}\"},\"query-input\":{\"@type\":\"PropertyValueSpecification\",\"valueRequired\":true,\"valueName\":\"search_term_string\"}}],\"inLanguage\":\"is\"},{\"@type\":[\"Organization\",\"Place\"],\"@id\":\"https:\/\/testwebsite.upevents.nl\/#organization\",\"name\":\"City Game\",\"alternateName\":\"citygame.com\",\"url\":\"https:\/\/testwebsite.upevents.nl\/\",\"logo\":{\"@id\":\"https:\/\/testwebsite.citygame.com\/is\/games\/freiburg-im-breisgau\/sherlock-holmes-freiburg-im-breisgau\/#local-main-organization-logo\"},\"image\":{\"@id\":\"https:\/\/testwebsite.citygame.com\/is\/games\/freiburg-im-breisgau\/sherlock-holmes-freiburg-im-breisgau\/#local-main-organization-logo\"},\"sameAs\":[\"https:\/\/www.facebook.com\/profile.php?id=100086426226253\",\"https:\/\/www.instagram.com\/citygame_com\",\"https:\/\/www.tiktok.com\/@citygamecom\/\",\"https:\/\/www.linkedin.com\/company\/citygame-com\"],\"description\":\"Turn any city into a playground with our interactive City Games and self-guided tours. Fun, flexible, and ideal for groups and team building.\",\"telephone\":[],\"openingHoursSpecification\":[{\"@type\":\"OpeningHoursSpecification\",\"dayOfWeek\":[\"Monday\",\"Tuesday\",\"Wednesday\",\"Thursday\",\"Friday\",\"Saturday\",\"Sunday\"],\"opens\":\"09:00\",\"closes\":\"17:00\"}]},{\"@type\":\"ImageObject\",\"inLanguage\":\"is\",\"@id\":\"https:\/\/testwebsite.citygame.com\/is\/games\/freiburg-im-breisgau\/sherlock-holmes-freiburg-im-breisgau\/#local-main-organization-logo\",\"url\":\"https:\/\/testwebsite.citygame.com\/wp-content\/blogs.dir\/1\/files\/sites\/62\/2025\/10\/CG_LOGO-City-Game.png\",\"contentUrl\":\"https:\/\/testwebsite.citygame.com\/wp-content\/blogs.dir\/1\/files\/sites\/62\/2025\/10\/CG_LOGO-City-Game.png\",\"width\":351,\"height\":377,\"caption\":\"City Game\"}]}<\/script>\n<!-- \/ Yoast SEO Premium plugin. -->","yoast_head_json":{"title":"Sherlock Holmes Freiburg im Breisgau - City Game","description":"Sherlock Holmes Freiburg im Breisgau. Spila\u00f0u sj\u00e1lfst\u00fdr\u00f0an mor\u00f0g\u00e1tuleik, leystu \u00ferautir, fylgdu v\u00edsbendingum og uppg\u00f6tva\u00f0u mor\u00f0ingjann \u00e1 \u00fe\u00ednum eigin hra\u00f0a!","robots":{"index":"noindex","follow":"follow","max-snippet":"max-snippet:-1","max-image-preview":"max-image-preview:large","max-video-preview":"max-video-preview:-1"},"og_locale":"is_IS","og_type":"article","og_title":"Sherlock Holmes Freiburg im Breisgau","og_description":"Sherlock Holmes Freiburg im Breisgau. Spila\u00f0u sj\u00e1lfst\u00fdr\u00f0an mor\u00f0g\u00e1tuleik, leystu \u00ferautir, fylgdu v\u00edsbendingum og uppg\u00f6tva\u00f0u mor\u00f0ingjann \u00e1 \u00fe\u00ednum eigin hra\u00f0a!","og_url":"https:\/\/testwebsite.citygame.com\/is\/games\/freiburg-im-breisgau\/sherlock-holmes-freiburg-im-breisgau\/","og_site_name":"City Game","article_publisher":"https:\/\/www.facebook.com\/profile.php?id=100086426226253","article_modified_time":"2026-04-08T12:13:28+00:00","og_image":[{"width":1024,"height":1024,"url":"https:\/\/testwebsite.citygame.com\/wp-content\/blogs.dir\/1\/files\/sites\/62\/2026\/02\/freiburg-woman-playing-city-game-on-phone.jpg","type":"image\/jpeg"}],"twitter_card":"summary_large_image","schema":{"@context":"https:\/\/schema.org","@graph":[{"@type":"WebPage","@id":"https:\/\/testwebsite.citygame.com\/is\/games\/freiburg-im-breisgau\/sherlock-holmes-freiburg-im-breisgau\/","url":"https:\/\/testwebsite.citygame.com\/is\/games\/freiburg-im-breisgau\/sherlock-holmes-freiburg-im-breisgau\/","name":"Sherlock Holmes Freiburg im Breisgau - City Game","isPartOf":{"@id":"https:\/\/testwebsite.upevents.nl\/#website"},"primaryImageOfPage":{"@id":"https:\/\/testwebsite.citygame.com\/is\/games\/freiburg-im-breisgau\/sherlock-holmes-freiburg-im-breisgau\/#primaryimage"},"image":{"@id":"https:\/\/testwebsite.citygame.com\/is\/games\/freiburg-im-breisgau\/sherlock-holmes-freiburg-im-breisgau\/#primaryimage"},"thumbnailUrl":"https:\/\/testwebsite.citygame.com\/wp-content\/blogs.dir\/1\/files\/sites\/62\/2026\/02\/freiburg-woman-playing-city-game-on-phone.jpg","datePublished":"2026-02-12T11:49:40+00:00","dateModified":"2026-04-08T12:13:28+00:00","description":"Sherlock Holmes Freiburg im Breisgau. Spila\u00f0u sj\u00e1lfst\u00fdr\u00f0an mor\u00f0g\u00e1tuleik, leystu \u00ferautir, fylgdu v\u00edsbendingum og uppg\u00f6tva\u00f0u mor\u00f0ingjann \u00e1 \u00fe\u00ednum eigin hra\u00f0a!","breadcrumb":{"@id":"https:\/\/testwebsite.citygame.com\/is\/games\/freiburg-im-breisgau\/sherlock-holmes-freiburg-im-breisgau\/#breadcrumb"},"inLanguage":"is","potentialAction":[{"@type":"ReadAction","target":["https:\/\/testwebsite.citygame.com\/is\/games\/freiburg-im-breisgau\/sherlock-holmes-freiburg-im-breisgau\/"]}]},{"@type":"ImageObject","inLanguage":"is","@id":"https:\/\/testwebsite.citygame.com\/is\/games\/freiburg-im-breisgau\/sherlock-holmes-freiburg-im-breisgau\/#primaryimage","url":"https:\/\/testwebsite.citygame.com\/wp-content\/blogs.dir\/1\/files\/sites\/62\/2026\/02\/freiburg-woman-playing-city-game-on-phone.jpg","contentUrl":"https:\/\/testwebsite.citygame.com\/wp-content\/blogs.dir\/1\/files\/sites\/62\/2026\/02\/freiburg-woman-playing-city-game-on-phone.jpg","width":1024,"height":1024,"caption":"A player uses her smartphone to solve challenges during a city game in a historic Freiburg alley."},{"@type":"BreadcrumbList","@id":"https:\/\/testwebsite.citygame.com\/is\/games\/freiburg-im-breisgau\/sherlock-holmes-freiburg-im-breisgau\/#breadcrumb","itemListElement":[{"@type":"ListItem","position":1,"name":"Home","item":"https:\/\/testwebsite.citygame.com\/is\/"},{"@type":"ListItem","position":2,"name":"Shop","item":"https:\/\/testwebsite.citygame.com\/shop\/"},{"@type":"ListItem","position":3,"name":"Sherlock Holmes Freiburg im Breisgau"}]},{"@type":"WebSite","@id":"https:\/\/testwebsite.upevents.nl\/#website","url":"https:\/\/testwebsite.upevents.nl\/","name":"City Game","description":"","publisher":{"@id":"https:\/\/testwebsite.upevents.nl\/#organization"},"alternateName":"citygame.com","potentialAction":[{"@type":"SearchAction","target":{"@type":"EntryPoint","urlTemplate":"https:\/\/testwebsite.upevents.nl\/?s={search_term_string}"},"query-input":{"@type":"PropertyValueSpecification","valueRequired":true,"valueName":"search_term_string"}}],"inLanguage":"is"},{"@type":["Organization","Place"],"@id":"https:\/\/testwebsite.upevents.nl\/#organization","name":"City Game","alternateName":"citygame.com","url":"https:\/\/testwebsite.upevents.nl\/","logo":{"@id":"https:\/\/testwebsite.citygame.com\/is\/games\/freiburg-im-breisgau\/sherlock-holmes-freiburg-im-breisgau\/#local-main-organization-logo"},"image":{"@id":"https:\/\/testwebsite.citygame.com\/is\/games\/freiburg-im-breisgau\/sherlock-holmes-freiburg-im-breisgau\/#local-main-organization-logo"},"sameAs":["https:\/\/www.facebook.com\/profile.php?id=100086426226253","https:\/\/www.instagram.com\/citygame_com","https:\/\/www.tiktok.com\/@citygamecom\/","https:\/\/www.linkedin.com\/company\/citygame-com"],"description":"Turn any city into a playground with our interactive City Games and self-guided tours. Fun, flexible, and ideal for groups and team building.","telephone":[],"openingHoursSpecification":[{"@type":"OpeningHoursSpecification","dayOfWeek":["Monday","Tuesday","Wednesday","Thursday","Friday","Saturday","Sunday"],"opens":"09:00","closes":"17:00"}]},{"@type":"ImageObject","inLanguage":"is","@id":"https:\/\/testwebsite.citygame.com\/is\/games\/freiburg-im-breisgau\/sherlock-holmes-freiburg-im-breisgau\/#local-main-organization-logo","url":"https:\/\/testwebsite.citygame.com\/wp-content\/blogs.dir\/1\/files\/sites\/62\/2025\/10\/CG_LOGO-City-Game.png","contentUrl":"https:\/\/testwebsite.citygame.com\/wp-content\/blogs.dir\/1\/files\/sites\/62\/2025\/10\/CG_LOGO-City-Game.png","width":351,"height":377,"caption":"City Game"}]}},"taxonomy_info":{"game-concept":[{"value":778,"label":"Sherlock"}],"location":[{"value":539,"label":"Freiburg im Breisgau"}],"product_cat":[{"value":27,"label":"Geen categorie"}]},"featured_image_src_large":["https:\/\/testwebsite.citygame.com\/wp-content\/blogs.dir\/1\/files\/sites\/62\/2026\/02\/freiburg-woman-playing-city-game-on-phone.jpg",1024,1024,false],"author_info":[],"comment_info":"","_links":{"self":[{"href":"https:\/\/testwebsite.citygame.com\/is\/wp-json\/wp\/v2\/product\/63632","targetHints":{"allow":["GET"]}}],"collection":[{"href":"https:\/\/testwebsite.citygame.com\/is\/wp-json\/wp\/v2\/product"}],"about":[{"href":"https:\/\/testwebsite.citygame.com\/is\/wp-json\/wp\/v2\/types\/product"}],"acf:post":[{"embeddable":true,"href":"https:\/\/testwebsite.citygame.com\/is\/wp-json\/wp\/v2\/pages\/12900"}],"wp:featuredmedia":[{"embeddable":true,"href":"https:\/\/testwebsite.citygame.com\/is\/wp-json\/wp\/v2\/media\/12902"}],"wp:attachment":[{"href":"https:\/\/testwebsite.citygame.com\/is\/wp-json\/wp\/v2\/media?parent=63632"}],"wp:term":[{"taxonomy":"game-concept","embeddable":true,"href":"https:\/\/testwebsite.citygame.com\/is\/wp-json\/wp\/v2\/game-concept?post=63632"},{"taxonomy":"location","embeddable":true,"href":"https:\/\/testwebsite.citygame.com\/is\/wp-json\/wp\/v2\/location?post=63632"},{"taxonomy":"product_brand","embeddable":true,"href":"https:\/\/testwebsite.citygame.com\/is\/wp-json\/wp\/v2\/product_brand?post=63632"},{"taxonomy":"product_cat","embeddable":true,"href":"https:\/\/testwebsite.citygame.com\/is\/wp-json\/wp\/v2\/product_cat?post=63632"},{"taxonomy":"product_tag","embeddable":true,"href":"https:\/\/testwebsite.citygame.com\/is\/wp-json\/wp\/v2\/product_tag?post=63632"}],"curies":[{"name":"wp","href":"https:\/\/api.w.org\/{rel}","templated":true}]}}