{"id":63310,"date":"2026-02-12T10:08:23","date_gmt":"2026-02-12T10:08:23","guid":{"rendered":"https:\/\/testwebsite.citygame.com\/games\/unknown-location\/sherlock-holmes-heraklion\/"},"modified":"2026-04-08T11:24:56","modified_gmt":"2026-04-08T11:24:56","slug":"sherlock-holmes-heraklion","status":"publish","type":"product","link":"https:\/\/testwebsite.citygame.com\/is\/games\/heraklion\/sherlock-holmes-heraklion\/","title":{"rendered":"Sherlock Holmes Heraklion"},"content":{"rendered":"<p>St\u00edg\u00f0u inn \u00ed heim Sherlock Holmes me\u00f0 \u00feessum sj\u00e1lfsst\u00fdr\u00f0a, s\u00f6gudrifna mor\u00f0g\u00e1tu borgarleik sem gerist \u00ed s\u00f6gulegum mi\u00f0b\u00e6 Heraklion. \u00deegar borgin ver\u00f0ur svi\u00f0 gr\u00edpandi ranns\u00f3knar, fylgja leikmenn framvindu s\u00f6gu og taka a\u00f0 s\u00e9r hlutverk ranns\u00f3knarl\u00f6greglumanna eftir a\u00f0 \u00e1takanlegt mor\u00f0 raskar \u00e1 Liberty Festival. Me\u00f0 \u00fev\u00ed a\u00f0 nota hugvit sitt til a\u00f0 safna v\u00edsbendingum, leysa fl\u00f3knar g\u00e1tur og yfirheyra stafr\u00e6na gruna\u00f0a, geta leikmenn sko\u00f0a\u00f0 \u00e1 s\u00ednum eigin hra\u00f0a \u00e1 me\u00f0an \u00feeir s\u00f6kkva s\u00e9r a\u00f0 fullu \u00ed r\u00e1\u00f0g\u00e1tuna.<\/p>\n","protected":false},"excerpt":{"rendered":"<p>St\u00edg\u00f0u \u00ed spor hins go\u00f0sagnakennda Sherlock Holmes \u00ed gr\u00edpandi, sj\u00e1lfsst\u00fdr\u00f0ri mor\u00f0g\u00e1tu sem gerist \u00ed Heraklion. A\u00f0 leita a\u00f0 v\u00edsbendingum, leysa samtvinnu\u00f0 g\u00e1tur og afhj\u00fapa hi\u00f0 \u00e1takanlega sannleikann me\u00f0 teyminu \u00fe\u00ednu er kjarninn \u00ed \u00feessari spennandi \u00e6vint\u00fdri \u2013 t\u00edminn er naumur, svo dr\u00edf\u00f0u \u00feig!<\/p>\n","protected":false},"featured_media":12837,"template":"","meta":{"_acf_changed":false,"_yoast_wpseo_focuskw":"Sherlock Holmes Heraklion","_yoast_wpseo_metadesc":"Sherlock Holmes Heraklion. Spila\u00f0u sj\u00e1lfsst\u00fdr\u00f0an mor\u00f0g\u00e1tu borgarleik, leystu g\u00e1tur, fylgdu v\u00edsbendingum og afhj\u00fapa\u00f0u mor\u00f0ingjann \u00e1 \u00fe\u00ednum eigin hra\u00f0a!","_kad_blocks_custom_css":"","_kad_blocks_head_custom_js":"","_kad_blocks_body_custom_js":"","_kad_blocks_footer_custom_js":"","ghostkit_customizer_options":"","ghostkit_custom_css":"","ghostkit_custom_js_head":"","ghostkit_custom_js_foot":"","ghostkit_typography":"","_kad_post_transparent":"default","_kad_post_title":"","_kad_post_layout":"default","_kad_post_sidebar_id":"","_kad_post_content_style":"default","_kad_post_vertical_padding":"default","_kad_post_feature":"","_kad_post_feature_position":"","_kad_post_header":false,"_kad_post_footer":false,"_kad_post_classname":"","_links_to":"","_links_to_target":""},"game-concept":[778],"location":[198],"product_brand":[],"product_cat":[27],"product_tag":[],"class_list":{"0":"post-63310","1":"product","2":"type-product","3":"status-publish","4":"has-post-thumbnail","6":"game-concept-sherlock","7":"location-heraklion","8":"product_cat-geen-categorie","10":"first","11":"instock","12":"shipping-taxable","13":"purchasable","14":"product-type-simple","15":"entry","16":"content-bg","17":"loop-entry"},"acf":{"full_bokun_product_name":"Heraklion Self-Guided Sherlock Holmes Murder Mystery Game","location_name":"Heraklion","bokun_calendar_widget_code":"<script type=\"text\/javascript\" src=\"https:\/\/widgets.bokun.io\/assets\/javascripts\/apps\/build\/BokunWidgetsLoader.js?bookingChannelUUID=a1e93e96-5232-4734-a595-28405f4b5a31\" async><\/script>\n     \n    <div class=\"bokunWidget\" data-src=\"https:\/\/widgets.bokun.io\/online-sales\/a1e93e96-5232-4734-a595-28405f4b5a31\/experience-calendar\/772366\"><\/div>\n    <noscript>Please enable javascript in your browser to book<\/noscript>","bokun_button_widget_code":"<script type=\"text\/javascript\" src=\"https:\/\/widgets.bokun.io\/assets\/javascripts\/apps\/build\/BokunWidgetsLoader.js?bookingChannelUUID=a1e93e96-5232-4734-a595-28405f4b5a31\" async><\/script>\n      <style> #bokun_ed001e45_5927_4f62_b470_ca766338d083 { display: inline-block; padding: .4em 1em; background: #47b82e; border-radius: 999999px; box-shadow: none; font-weight: 600; font-size: 24px; text-decoration: none; text-align: center; color: #FFFFFF; border:none; cursor: pointer; transition: background .2s ease; } #bokun_ed001e45_5927_4f62_b470_ca766338d083:hover{ background: #2f7b1f; } #bokun_ed001e45_5927_4f62_b470_ca766338d083:active{ background: #378f24; } <\/style> <button class=\"bokunButton\" disabled id=bokun_ed001e45_5927_4f62_b470_ca766338d083 data-src=\"https:\/\/widgets.bokun.io\/online-sales\/a1e93e96-5232-4734-a595-28405f4b5a31\/experience-calendar\/772366?partialView=1\" data-testid=\"widget-book-button\" > Book now <\/button> ","what_you\u2019ll_experience_during_the_game":"\u00de\u00fa st\u00edgur inn \u00ed gr\u00edpandi l\u00f6greglus\u00f6gu sem gerist \u00ed Heraklion, \u00fear sem hvert horn felur v\u00edsbendingu og hver \u00e1kv\u00f6r\u00f0un m\u00f3tar ranns\u00f3knina. \u00deegar \u00fe\u00fa fer\u00f0 um g\u00f6tur borgarinnar \u00fer\u00f3ast s\u00f6gu\u00fer\u00e1\u00f0urinn \u00ed kringum \u00feig og dregur \u00feig d\u00fdpra inn \u00ed r\u00e1\u00f0g\u00e1tuna \u00e1 bak vi\u00f0 mor\u00f0 sem hristi Liberty Festival. Me\u00f0 hverri n\u00fdrri sta\u00f0setningu uppg\u00f6tvar\u00f0u falnar v\u00edsbendingar, leysir krefjandi g\u00e1tur og lendir \u00ed \u00f3v\u00e6ntum sn\u00faningum sem reyna \u00e1 e\u00f0lishv\u00f6t \u00fe\u00edna sem n\u00fat\u00edma Holmes.\r\n\r\nRanns\u00f3kn \u00fe\u00edn er algj\u00f6rlega s\u00f6gudrifin og krefst skarprar athugunar, r\u00f6kr\u00e9ttra \u00e1lyktana og gagnr\u00fdnnar hugsunar. \u00de\u00fa munt yfirheyra stafr\u00e6na gruna\u00f0a, setja saman sundurleita vitnisbur\u00f0i og greina \u00f3samr\u00e6mi \u00ed fjarvistars\u00f6nnunum. Frelsi\u00f0 til a\u00f0 spila \u00e1 \u00fe\u00ednum eigin hra\u00f0a gerir \u00fe\u00e9r kleift a\u00f0 gera hl\u00e9 og halda m\u00e1linu \u00e1fram hven\u00e6r sem \u00fe\u00fa vilt. Hvort sem \u00fe\u00fa vinnur einn e\u00f0a keppir \u00ed teymum, er lykilatri\u00f0i a\u00f0 halda einbeitingu til a\u00f0 afhj\u00fapa sannleikann. B\u00fa\u00f0u \u00feig undir a\u00f0 efast um allt og treysta engu fyrr en m\u00e1linu er loki\u00f0.","how_to_play":"Spila\u00f0u einn e\u00f0a me\u00f0 vinum, fj\u00f6lskyldu e\u00f0a samstarfsf\u00f3lki \u00ed teymum, allt a\u00f0 fj\u00f3rir \u00e1 hvert t\u00e6ki. Eftir b\u00f3kun f\u00e6r\u00f0u t\u00f6lvup\u00f3st me\u00f0 lei\u00f0beiningum og \u00f6llu sem \u00fe\u00fa \u00fearft.","start_location":"Heraklion, Plateia Eleftherias","available_languages":["nl","en","fr","de","it","es"],"players_per_group":"1-4","duration":"1.5-2 hours","image_overlay_color_image":"https:\/\/testwebsite.citygame.com\/wp-content\/blogs.dir\/1\/files\/sites\/62\/2026\/01\/SherlockColor.svg","image_overlay_game_logo":"https:\/\/testwebsite.citygame.com\/wp-content\/blogs.dir\/1\/files\/sites\/62\/2026\/01\/SherlockLogo.png","city_page":12826,"woocommerce_general_content":null},"yoast_head":"<!-- This site is optimized with the Yoast SEO Premium plugin v26.2 (Yoast SEO v26.3) - https:\/\/yoast.com\/wordpress\/plugins\/seo\/ -->\n<title>Sherlock Holmes Heraklion - City Game<\/title>\n<meta name=\"description\" content=\"Sherlock Holmes Heraklion. Spila\u00f0u sj\u00e1lfsst\u00fdr\u00f0an mor\u00f0g\u00e1tu borgarleik, leystu g\u00e1tur, fylgdu v\u00edsbendingum og afhj\u00fapa\u00f0u mor\u00f0ingjann \u00e1 \u00fe\u00ednum eigin hra\u00f0a!\" \/>\n<meta name=\"robots\" content=\"noindex, follow, max-snippet:-1, max-image-preview:large, max-video-preview:-1\" \/>\n<meta property=\"og:locale\" content=\"is_IS\" \/>\n<meta property=\"og:type\" content=\"article\" \/>\n<meta property=\"og:title\" content=\"Sherlock Holmes Heraklion\" \/>\n<meta property=\"og:description\" content=\"Sherlock Holmes Heraklion. Spila\u00f0u sj\u00e1lfsst\u00fdr\u00f0an mor\u00f0g\u00e1tu borgarleik, leystu g\u00e1tur, fylgdu v\u00edsbendingum og afhj\u00fapa\u00f0u mor\u00f0ingjann \u00e1 \u00fe\u00ednum eigin hra\u00f0a!\" \/>\n<meta property=\"og:url\" content=\"https:\/\/testwebsite.citygame.com\/is\/games\/heraklion\/sherlock-holmes-heraklion\/\" \/>\n<meta property=\"og:site_name\" content=\"City Game\" \/>\n<meta property=\"article:publisher\" content=\"https:\/\/www.facebook.com\/profile.php?id=100086426226253\" \/>\n<meta property=\"article:modified_time\" content=\"2026-04-08T11:24:56+00:00\" \/>\n<meta property=\"og:image\" content=\"https:\/\/testwebsite.citygame.com\/wp-content\/blogs.dir\/1\/files\/sites\/62\/2026\/02\/player-using-sherlock-city-game-app-heraklion.jpg\" \/>\n\t<meta property=\"og:image:width\" content=\"1024\" \/>\n\t<meta property=\"og:image:height\" content=\"1024\" \/>\n\t<meta property=\"og:image:type\" content=\"image\/jpeg\" \/>\n<meta name=\"twitter:card\" content=\"summary_large_image\" \/>\n<script type=\"application\/ld+json\" class=\"yoast-schema-graph\">{\"@context\":\"https:\/\/schema.org\",\"@graph\":[{\"@type\":\"WebPage\",\"@id\":\"https:\/\/testwebsite.citygame.com\/is\/games\/heraklion\/sherlock-holmes-heraklion\/\",\"url\":\"https:\/\/testwebsite.citygame.com\/is\/games\/heraklion\/sherlock-holmes-heraklion\/\",\"name\":\"Sherlock Holmes Heraklion - City Game\",\"isPartOf\":{\"@id\":\"https:\/\/testwebsite.upevents.nl\/#website\"},\"primaryImageOfPage\":{\"@id\":\"https:\/\/testwebsite.citygame.com\/is\/games\/heraklion\/sherlock-holmes-heraklion\/#primaryimage\"},\"image\":{\"@id\":\"https:\/\/testwebsite.citygame.com\/is\/games\/heraklion\/sherlock-holmes-heraklion\/#primaryimage\"},\"thumbnailUrl\":\"https:\/\/testwebsite.citygame.com\/wp-content\/blogs.dir\/1\/files\/sites\/62\/2026\/02\/player-using-sherlock-city-game-app-heraklion.jpg\",\"datePublished\":\"2026-02-12T10:08:23+00:00\",\"dateModified\":\"2026-04-08T11:24:56+00:00\",\"description\":\"Sherlock Holmes Heraklion. Spila\u00f0u sj\u00e1lfsst\u00fdr\u00f0an mor\u00f0g\u00e1tu borgarleik, leystu g\u00e1tur, fylgdu v\u00edsbendingum og afhj\u00fapa\u00f0u mor\u00f0ingjann \u00e1 \u00fe\u00ednum eigin hra\u00f0a!\",\"breadcrumb\":{\"@id\":\"https:\/\/testwebsite.citygame.com\/is\/games\/heraklion\/sherlock-holmes-heraklion\/#breadcrumb\"},\"inLanguage\":\"is\",\"potentialAction\":[{\"@type\":\"ReadAction\",\"target\":[\"https:\/\/testwebsite.citygame.com\/is\/games\/heraklion\/sherlock-holmes-heraklion\/\"]}]},{\"@type\":\"ImageObject\",\"inLanguage\":\"is\",\"@id\":\"https:\/\/testwebsite.citygame.com\/is\/games\/heraklion\/sherlock-holmes-heraklion\/#primaryimage\",\"url\":\"https:\/\/testwebsite.citygame.com\/wp-content\/blogs.dir\/1\/files\/sites\/62\/2026\/02\/player-using-sherlock-city-game-app-heraklion.jpg\",\"contentUrl\":\"https:\/\/testwebsite.citygame.com\/wp-content\/blogs.dir\/1\/files\/sites\/62\/2026\/02\/player-using-sherlock-city-game-app-heraklion.jpg\",\"width\":1024,\"height\":1024,\"caption\":\"A person holds a smartphone displaying the Sherlock city game in front of a street in Heraklion.\"},{\"@type\":\"BreadcrumbList\",\"@id\":\"https:\/\/testwebsite.citygame.com\/is\/games\/heraklion\/sherlock-holmes-heraklion\/#breadcrumb\",\"itemListElement\":[{\"@type\":\"ListItem\",\"position\":1,\"name\":\"Home\",\"item\":\"https:\/\/testwebsite.citygame.com\/is\/\"},{\"@type\":\"ListItem\",\"position\":2,\"name\":\"Shop\",\"item\":\"https:\/\/testwebsite.citygame.com\/shop\/\"},{\"@type\":\"ListItem\",\"position\":3,\"name\":\"Sherlock Holmes Heraklion\"}]},{\"@type\":\"WebSite\",\"@id\":\"https:\/\/testwebsite.upevents.nl\/#website\",\"url\":\"https:\/\/testwebsite.upevents.nl\/\",\"name\":\"City Game\",\"description\":\"\",\"publisher\":{\"@id\":\"https:\/\/testwebsite.upevents.nl\/#organization\"},\"alternateName\":\"citygame.com\",\"potentialAction\":[{\"@type\":\"SearchAction\",\"target\":{\"@type\":\"EntryPoint\",\"urlTemplate\":\"https:\/\/testwebsite.upevents.nl\/?s={search_term_string}\"},\"query-input\":{\"@type\":\"PropertyValueSpecification\",\"valueRequired\":true,\"valueName\":\"search_term_string\"}}],\"inLanguage\":\"is\"},{\"@type\":[\"Organization\",\"Place\"],\"@id\":\"https:\/\/testwebsite.upevents.nl\/#organization\",\"name\":\"City Game\",\"alternateName\":\"citygame.com\",\"url\":\"https:\/\/testwebsite.upevents.nl\/\",\"logo\":{\"@id\":\"https:\/\/testwebsite.citygame.com\/is\/games\/heraklion\/sherlock-holmes-heraklion\/#local-main-organization-logo\"},\"image\":{\"@id\":\"https:\/\/testwebsite.citygame.com\/is\/games\/heraklion\/sherlock-holmes-heraklion\/#local-main-organization-logo\"},\"sameAs\":[\"https:\/\/www.facebook.com\/profile.php?id=100086426226253\",\"https:\/\/www.instagram.com\/citygame_com\",\"https:\/\/www.tiktok.com\/@citygamecom\/\",\"https:\/\/www.linkedin.com\/company\/citygame-com\"],\"description\":\"Turn any city into a playground with our interactive City Games and self-guided tours. Fun, flexible, and ideal for groups and team building.\",\"telephone\":[],\"openingHoursSpecification\":[{\"@type\":\"OpeningHoursSpecification\",\"dayOfWeek\":[\"Monday\",\"Tuesday\",\"Wednesday\",\"Thursday\",\"Friday\",\"Saturday\",\"Sunday\"],\"opens\":\"09:00\",\"closes\":\"17:00\"}]},{\"@type\":\"ImageObject\",\"inLanguage\":\"is\",\"@id\":\"https:\/\/testwebsite.citygame.com\/is\/games\/heraklion\/sherlock-holmes-heraklion\/#local-main-organization-logo\",\"url\":\"https:\/\/testwebsite.citygame.com\/wp-content\/blogs.dir\/1\/files\/sites\/62\/2025\/10\/CG_LOGO-City-Game.png\",\"contentUrl\":\"https:\/\/testwebsite.citygame.com\/wp-content\/blogs.dir\/1\/files\/sites\/62\/2025\/10\/CG_LOGO-City-Game.png\",\"width\":351,\"height\":377,\"caption\":\"City Game\"}]}<\/script>\n<!-- \/ Yoast SEO Premium plugin. -->","yoast_head_json":{"title":"Sherlock Holmes Heraklion - City Game","description":"Sherlock Holmes Heraklion. Spila\u00f0u sj\u00e1lfsst\u00fdr\u00f0an mor\u00f0g\u00e1tu borgarleik, leystu g\u00e1tur, fylgdu v\u00edsbendingum og afhj\u00fapa\u00f0u mor\u00f0ingjann \u00e1 \u00fe\u00ednum eigin hra\u00f0a!","robots":{"index":"noindex","follow":"follow","max-snippet":"max-snippet:-1","max-image-preview":"max-image-preview:large","max-video-preview":"max-video-preview:-1"},"og_locale":"is_IS","og_type":"article","og_title":"Sherlock Holmes Heraklion","og_description":"Sherlock Holmes Heraklion. Spila\u00f0u sj\u00e1lfsst\u00fdr\u00f0an mor\u00f0g\u00e1tu borgarleik, leystu g\u00e1tur, fylgdu v\u00edsbendingum og afhj\u00fapa\u00f0u mor\u00f0ingjann \u00e1 \u00fe\u00ednum eigin hra\u00f0a!","og_url":"https:\/\/testwebsite.citygame.com\/is\/games\/heraklion\/sherlock-holmes-heraklion\/","og_site_name":"City Game","article_publisher":"https:\/\/www.facebook.com\/profile.php?id=100086426226253","article_modified_time":"2026-04-08T11:24:56+00:00","og_image":[{"width":1024,"height":1024,"url":"https:\/\/testwebsite.citygame.com\/wp-content\/blogs.dir\/1\/files\/sites\/62\/2026\/02\/player-using-sherlock-city-game-app-heraklion.jpg","type":"image\/jpeg"}],"twitter_card":"summary_large_image","schema":{"@context":"https:\/\/schema.org","@graph":[{"@type":"WebPage","@id":"https:\/\/testwebsite.citygame.com\/is\/games\/heraklion\/sherlock-holmes-heraklion\/","url":"https:\/\/testwebsite.citygame.com\/is\/games\/heraklion\/sherlock-holmes-heraklion\/","name":"Sherlock Holmes Heraklion - City Game","isPartOf":{"@id":"https:\/\/testwebsite.upevents.nl\/#website"},"primaryImageOfPage":{"@id":"https:\/\/testwebsite.citygame.com\/is\/games\/heraklion\/sherlock-holmes-heraklion\/#primaryimage"},"image":{"@id":"https:\/\/testwebsite.citygame.com\/is\/games\/heraklion\/sherlock-holmes-heraklion\/#primaryimage"},"thumbnailUrl":"https:\/\/testwebsite.citygame.com\/wp-content\/blogs.dir\/1\/files\/sites\/62\/2026\/02\/player-using-sherlock-city-game-app-heraklion.jpg","datePublished":"2026-02-12T10:08:23+00:00","dateModified":"2026-04-08T11:24:56+00:00","description":"Sherlock Holmes Heraklion. Spila\u00f0u sj\u00e1lfsst\u00fdr\u00f0an mor\u00f0g\u00e1tu borgarleik, leystu g\u00e1tur, fylgdu v\u00edsbendingum og afhj\u00fapa\u00f0u mor\u00f0ingjann \u00e1 \u00fe\u00ednum eigin hra\u00f0a!","breadcrumb":{"@id":"https:\/\/testwebsite.citygame.com\/is\/games\/heraklion\/sherlock-holmes-heraklion\/#breadcrumb"},"inLanguage":"is","potentialAction":[{"@type":"ReadAction","target":["https:\/\/testwebsite.citygame.com\/is\/games\/heraklion\/sherlock-holmes-heraklion\/"]}]},{"@type":"ImageObject","inLanguage":"is","@id":"https:\/\/testwebsite.citygame.com\/is\/games\/heraklion\/sherlock-holmes-heraklion\/#primaryimage","url":"https:\/\/testwebsite.citygame.com\/wp-content\/blogs.dir\/1\/files\/sites\/62\/2026\/02\/player-using-sherlock-city-game-app-heraklion.jpg","contentUrl":"https:\/\/testwebsite.citygame.com\/wp-content\/blogs.dir\/1\/files\/sites\/62\/2026\/02\/player-using-sherlock-city-game-app-heraklion.jpg","width":1024,"height":1024,"caption":"A person holds a smartphone displaying the Sherlock city game in front of a street in Heraklion."},{"@type":"BreadcrumbList","@id":"https:\/\/testwebsite.citygame.com\/is\/games\/heraklion\/sherlock-holmes-heraklion\/#breadcrumb","itemListElement":[{"@type":"ListItem","position":1,"name":"Home","item":"https:\/\/testwebsite.citygame.com\/is\/"},{"@type":"ListItem","position":2,"name":"Shop","item":"https:\/\/testwebsite.citygame.com\/shop\/"},{"@type":"ListItem","position":3,"name":"Sherlock Holmes Heraklion"}]},{"@type":"WebSite","@id":"https:\/\/testwebsite.upevents.nl\/#website","url":"https:\/\/testwebsite.upevents.nl\/","name":"City Game","description":"","publisher":{"@id":"https:\/\/testwebsite.upevents.nl\/#organization"},"alternateName":"citygame.com","potentialAction":[{"@type":"SearchAction","target":{"@type":"EntryPoint","urlTemplate":"https:\/\/testwebsite.upevents.nl\/?s={search_term_string}"},"query-input":{"@type":"PropertyValueSpecification","valueRequired":true,"valueName":"search_term_string"}}],"inLanguage":"is"},{"@type":["Organization","Place"],"@id":"https:\/\/testwebsite.upevents.nl\/#organization","name":"City Game","alternateName":"citygame.com","url":"https:\/\/testwebsite.upevents.nl\/","logo":{"@id":"https:\/\/testwebsite.citygame.com\/is\/games\/heraklion\/sherlock-holmes-heraklion\/#local-main-organization-logo"},"image":{"@id":"https:\/\/testwebsite.citygame.com\/is\/games\/heraklion\/sherlock-holmes-heraklion\/#local-main-organization-logo"},"sameAs":["https:\/\/www.facebook.com\/profile.php?id=100086426226253","https:\/\/www.instagram.com\/citygame_com","https:\/\/www.tiktok.com\/@citygamecom\/","https:\/\/www.linkedin.com\/company\/citygame-com"],"description":"Turn any city into a playground with our interactive City Games and self-guided tours. Fun, flexible, and ideal for groups and team building.","telephone":[],"openingHoursSpecification":[{"@type":"OpeningHoursSpecification","dayOfWeek":["Monday","Tuesday","Wednesday","Thursday","Friday","Saturday","Sunday"],"opens":"09:00","closes":"17:00"}]},{"@type":"ImageObject","inLanguage":"is","@id":"https:\/\/testwebsite.citygame.com\/is\/games\/heraklion\/sherlock-holmes-heraklion\/#local-main-organization-logo","url":"https:\/\/testwebsite.citygame.com\/wp-content\/blogs.dir\/1\/files\/sites\/62\/2025\/10\/CG_LOGO-City-Game.png","contentUrl":"https:\/\/testwebsite.citygame.com\/wp-content\/blogs.dir\/1\/files\/sites\/62\/2025\/10\/CG_LOGO-City-Game.png","width":351,"height":377,"caption":"City Game"}]}},"taxonomy_info":{"game-concept":[{"value":778,"label":"Sherlock"}],"location":[{"value":198,"label":"Heraklion"}],"product_cat":[{"value":27,"label":"Geen categorie"}]},"featured_image_src_large":["https:\/\/testwebsite.citygame.com\/wp-content\/blogs.dir\/1\/files\/sites\/62\/2026\/02\/player-using-sherlock-city-game-app-heraklion.jpg",1024,1024,false],"author_info":[],"comment_info":"","_links":{"self":[{"href":"https:\/\/testwebsite.citygame.com\/is\/wp-json\/wp\/v2\/product\/63310","targetHints":{"allow":["GET"]}}],"collection":[{"href":"https:\/\/testwebsite.citygame.com\/is\/wp-json\/wp\/v2\/product"}],"about":[{"href":"https:\/\/testwebsite.citygame.com\/is\/wp-json\/wp\/v2\/types\/product"}],"acf:post":[{"embeddable":true,"href":"https:\/\/testwebsite.citygame.com\/is\/wp-json\/wp\/v2\/pages\/12826"}],"wp:featuredmedia":[{"embeddable":true,"href":"https:\/\/testwebsite.citygame.com\/is\/wp-json\/wp\/v2\/media\/12837"}],"wp:attachment":[{"href":"https:\/\/testwebsite.citygame.com\/is\/wp-json\/wp\/v2\/media?parent=63310"}],"wp:term":[{"taxonomy":"game-concept","embeddable":true,"href":"https:\/\/testwebsite.citygame.com\/is\/wp-json\/wp\/v2\/game-concept?post=63310"},{"taxonomy":"location","embeddable":true,"href":"https:\/\/testwebsite.citygame.com\/is\/wp-json\/wp\/v2\/location?post=63310"},{"taxonomy":"product_brand","embeddable":true,"href":"https:\/\/testwebsite.citygame.com\/is\/wp-json\/wp\/v2\/product_brand?post=63310"},{"taxonomy":"product_cat","embeddable":true,"href":"https:\/\/testwebsite.citygame.com\/is\/wp-json\/wp\/v2\/product_cat?post=63310"},{"taxonomy":"product_tag","embeddable":true,"href":"https:\/\/testwebsite.citygame.com\/is\/wp-json\/wp\/v2\/product_tag?post=63310"}],"curies":[{"name":"wp","href":"https:\/\/api.w.org\/{rel}","templated":true}]}}