{"id":63115,"date":"2026-03-13T10:07:49","date_gmt":"2026-03-13T10:07:49","guid":{"rendered":"https:\/\/testwebsite.citygame.com\/games\/unknown-location\/secrets-of-copenhagen\/"},"modified":"2026-04-08T11:00:16","modified_gmt":"2026-04-08T11:00:16","slug":"secrets-of-copenhagen","status":"publish","type":"product","link":"https:\/\/testwebsite.citygame.com\/is\/games\/copenhagen\/secrets-of-copenhagen\/","title":{"rendered":"Secrets of Copenhagen"},"content":{"rendered":"<p>Kafa\u00f0u ofan \u00ed r\u00edkulega bl\u00f6ndu n\u00fat\u00edma l\u00edfs og klass\u00edskrar byggingarlistar me\u00f0 &#8220;Secrets of Copenhagen City Game&#8221;, sj\u00e1lfst\u00fdr\u00f0um, GPS-kn\u00fanum k\u00f6nnunarleik. \u00deessi gr\u00edpandi af\u00fereying fer fram \u00ed s\u00f6gulegum mi\u00f0b\u00e6 Kaupmannahafnar og dregur leikmenn ofan \u00ed dj\u00fapi borgarinnar, \u00fear sem \u00feeir nota snjalls\u00edmana s\u00edna til a\u00f0 rata, leysa dularfullar \u00ferautir, t\u00falka dulr\u00e6n g\u00e1tur og kl\u00e1ra l\u00edflegar lj\u00f3smynda\u00e1skoranir. Grafi\u00f0 upp heillandi s\u00f6gu, lifandi menningu og vel falin einkenni h\u00f6fu\u00f0borgar Danmerkur, \u00feegar \u00fei\u00f0 taki\u00f0 \u00fe\u00e1tt \u00ed \u00feessum spennandi borgarleik. Leyndarm\u00e1l Kaupmannahafnar b\u00ed\u00f0a \u00feess a\u00f0 ver\u00f0a uppg\u00f6tvu\u00f0 af \u00f6llum, sem gerir \u00feetta a\u00f0 fullkomnum valkosti fyrir heimamenn sem leita a\u00f0 n\u00fdrri s\u00fdn, e\u00f0a gesti sem vilja kafa undir yfirbor\u00f0i\u00f0. Hvort sem \u00fe\u00fa n\u00fdtur spennunnar vi\u00f0 einleikskannanir, e\u00f0a k\u00fdst a\u00f0 deila \u00feessu \u00e6vint\u00fdri sem par, fj\u00f6lskylda e\u00f0a hress h\u00f3pur vina, \u00fe\u00e1 b\u00fd\u00f0ur &#8220;Secrets of Copenhagen City Game&#8221; upp \u00e1 einstaka bl\u00f6ndu af skemmtun, n\u00e1mi og uppg\u00f6tvun.<\/p>\n","protected":false},"excerpt":{"rendered":"<p>Uppg\u00f6tva\u00f0u sjarma og einkenni Kaupmannahafnar! Fer\u00f0astu um borg \u00fear sem st\u00f3rbrotin saga blandast vi\u00f0 n\u00fat\u00edmalega kanta, fr\u00e1 gl\u00e6silegum h\u00f6llum til veggjakrotspr\u00fdddra gatna. Leystu \u00far l\u00e6\u00f0ingi leyndard\u00f3ma \u00feegar \u00fe\u00fa fer\u00f0 um heillandi kjarna hennar, Kaupmannah\u00f6fn er fj\u00e1rsj\u00f3\u00f0skista falinna gersema \u00e1 hverju horni!<\/p>\n","protected":false},"featured_media":18448,"template":"","meta":{"_acf_changed":false,"_yoast_wpseo_focuskw":"Secrets of Copenhagen","_yoast_wpseo_metadesc":"Secrets of Copenhagen. Spila\u00f0u sj\u00e1lfst\u00fdr\u00f0an borgarleik og sko\u00f0a\u00f0u borgina me\u00f0 \u00ferautum, g\u00e1tum og \u00e1skorunum. Spila\u00f0u \u00e1 \u00fe\u00ednum eigin hra\u00f0a og uppg\u00f6tva\u00f0u eins og heimama\u00f0ur!","_kad_blocks_custom_css":"","_kad_blocks_head_custom_js":"","_kad_blocks_body_custom_js":"","_kad_blocks_footer_custom_js":"","ghostkit_customizer_options":"","ghostkit_custom_css":"","ghostkit_custom_js_head":"","ghostkit_custom_js_foot":"","ghostkit_typography":"","_kad_post_transparent":"","_kad_post_title":"","_kad_post_layout":"","_kad_post_sidebar_id":"","_kad_post_content_style":"","_kad_post_vertical_padding":"","_kad_post_feature":"","_kad_post_feature_position":"","_kad_post_header":false,"_kad_post_footer":false,"_kad_post_classname":"","_links_to":"","_links_to_target":""},"game-concept":[717],"location":[128],"product_brand":[],"product_cat":[27],"product_tag":[],"class_list":{"0":"post-63115","1":"product","2":"type-product","3":"status-publish","4":"has-post-thumbnail","6":"game-concept-secrets","7":"location-copenhagen","8":"product_cat-geen-categorie","10":"first","11":"instock","12":"shipping-taxable","13":"purchasable","14":"product-type-simple","15":"entry","16":"content-bg","17":"loop-entry"},"acf":{"full_bokun_product_name":"Self-Guided Secrets of Copenhagen Exploration Game","location_name":"Copenhagen","bokun_calendar_widget_code":"<script type=\"text\/javascript\" src=\"https:\/\/widgets.bokun.io\/assets\/javascripts\/apps\/build\/BokunWidgetsLoader.js?bookingChannelUUID=a1e93e96-5232-4734-a595-28405f4b5a31\" async><\/script>\n     \n    <div class=\"bokunWidget\" data-src=\"https:\/\/widgets.bokun.io\/online-sales\/a1e93e96-5232-4734-a595-28405f4b5a31\/experience-calendar\/872761\"><\/div>\n    <noscript>Please enable javascript in your browser to book<\/noscript>","bokun_button_widget_code":"<script type=\"text\/javascript\" src=\"https:\/\/widgets.bokun.io\/assets\/javascripts\/apps\/build\/BokunWidgetsLoader.js?bookingChannelUUID=a1e93e96-5232-4734-a595-28405f4b5a31\" async><\/script>\n      <style> #bokun_ed001e45_5927_4f62_b470_ca766338d083 { display: inline-block; padding: .4em 1em; background: #47b82e; border-radius: 999999px; box-shadow: none; font-weight: 600; font-size: 24px; text-decoration: none; text-align: center; color: #FFFFFF; border:none; cursor: pointer; transition: background .2s ease; } #bokun_ed001e45_5927_4f62_b470_ca766338d083:hover{ background: #2f7b1f; } #bokun_ed001e45_5927_4f62_b470_ca766338d083:active{ background: #378f24; } <\/style> <button class=\"bokunButton\" disabled id=bokun_ed001e45_5927_4f62_b470_ca766338d083 data-src=\"https:\/\/widgets.bokun.io\/online-sales\/a1e93e96-5232-4734-a595-28405f4b5a31\/experience-calendar\/872761?partialView=1\" data-testid=\"widget-book-button\" > Book now <\/button> ","what_you\u2019ll_experience_during_the_game":"Secrets of Copenhagen City Game b\u00fd\u00f0ur \u00fe\u00e9r a\u00f0 kafa ofan \u00ed hr\u00edfandi bl\u00f6ndu af sko\u00f0unarfer\u00f0um, gagnvirkum \u00e1skorunum og heillandi s\u00f6gus\u00f6gnum. Fer\u00f0astu um s\u00f6gulegar g\u00f6tur hennar, hittu b\u00e6\u00f0i fr\u00e6ga og falda fj\u00e1rsj\u00f3\u00f0i borgarinnar, og kafa\u00f0u d\u00fdpra \u00ed freistandi s\u00f6gur borgarinnar. Leyf\u00f0u forvitni \u00feinni a\u00f0 lei\u00f0a \u00feig fr\u00e1 h\u00e1um sp\u00edrum Vorrar Fr\u00faarkirkju til litr\u00edkra h\u00fasa Nyhavn, og sko\u00f0a\u00f0u hverja kr\u00f3k og kima hinna v\u00f6lundarh\u00faskenndu skipaskur\u00f0a Kristj\u00e1nshafnar. Hvort sem \u00fe\u00fa ert heimama\u00f0ur sem leitar a\u00f0 n\u00fdrri s\u00fdn \u00e1 heimili \u00feitt, e\u00f0a fer\u00f0alangur sem er \u00e1hugasamur um a\u00f0 grafa upp marga leyndard\u00f3ma Kaupmannahafnar, mun \u00feessi borgarleikur bj\u00f3\u00f0a upp \u00e1 k\u00f6nnunarupplifun sem engin \u00f6nnur er.\n\n\u00c1 me\u00f0an \u00fe\u00fa ert dreginn inn \u00ed heim \u00fear sem forvitni mun kn\u00fdja framfarir \u00fe\u00ednar, muntu einnig standa frammi fyrir \u00e1hugaver\u00f0um g\u00e1tum, gr\u00edpandi \u00ferautum og fj\u00f6lda hugr\u00e6nna bardaga sem \u00e6tla\u00f0ir eru til a\u00f0 pr\u00f3fa greiningar- og skapandi h\u00e6fileika \u00fe\u00edna. Verkefni \u00feitt innan \u00feessarar lei\u00f0angurs um Kaupmannah\u00f6fn er a\u00f0 safna stigum sem munu opna v\u00edsbendingar, allt sem f\u00e6rir \u00feig n\u00e6r \u00fev\u00ed a\u00f0 leysa dularfulla lokap\u00fasluspili\u00f0. Fyrir \u00fe\u00e1 sem eru me\u00f0 mj\u00f6g samkeppnish\u00e6fan anda, kallar spennan vi\u00f0 a\u00f0 tryggja s\u00e9r h\u00e1a st\u00f6\u00f0u \u00e1 stigat\u00f6flunni. Samt sem \u00e1\u00f0ur r\u00famar leikurinn \u00fe\u00e1 sem \u00f3ska eftir r\u00f3legri hra\u00f0a; h\u00e6gt er a\u00f0 st\u00f6\u00f0va hann hven\u00e6r sem er, til a\u00f0 halda \u00e1fram hven\u00e6r sem \u00fe\u00fa vilt. Sama hva\u00f0a st\u00edl \u00fe\u00fa hefur, lofar Secrets of Copenhagen City Game gr\u00edpandi samruna uppg\u00f6tvunar og hugr\u00e6nnar \u00e1skorunar.","how_to_play":"B\u00f3ka\u00f0u k\u00f6nnunarleikinn, sko\u00f0a\u00f0u t\u00f6lvup\u00f3stinn sem vi\u00f0 sendum \u00fe\u00e9r me\u00f0 einf\u00f6ldum lei\u00f0beiningum, hala\u00f0u ni\u00f0ur Loquiz Appinu, opna\u00f0u k\u00f6nnunarleikinn og \u00fe\u00fa ert tilb\u00fainn til a\u00f0 hefja leikreynslu \u00fe\u00edna!","start_location":"Copenhagen, Radhuspladsen","available_languages":["en"],"players_per_group":"1-4","duration":"1.5-2 hours","image_overlay_color_image":"https:\/\/testwebsite.citygame.com\/wp-content\/blogs.dir\/1\/files\/sites\/62\/2026\/01\/SecretsColor.svg","image_overlay_game_logo":"https:\/\/testwebsite.citygame.com\/wp-content\/blogs.dir\/1\/files\/sites\/62\/2026\/01\/SecretsLogo.png","city_page":7710,"woocommerce_general_content":null},"yoast_head":"<!-- This site is optimized with the Yoast SEO Premium plugin v26.2 (Yoast SEO v26.3) - https:\/\/yoast.com\/wordpress\/plugins\/seo\/ -->\n<title>Secrets of Copenhagen - City Game<\/title>\n<meta name=\"description\" content=\"Secrets of Copenhagen. Spila\u00f0u sj\u00e1lfst\u00fdr\u00f0an borgarleik og sko\u00f0a\u00f0u borgina me\u00f0 \u00ferautum, g\u00e1tum og \u00e1skorunum. Spila\u00f0u \u00e1 \u00fe\u00ednum eigin hra\u00f0a og uppg\u00f6tva\u00f0u eins og heimama\u00f0ur!\" \/>\n<meta name=\"robots\" content=\"noindex, follow, max-snippet:-1, max-image-preview:large, max-video-preview:-1\" \/>\n<meta property=\"og:locale\" content=\"is_IS\" \/>\n<meta property=\"og:type\" content=\"article\" \/>\n<meta property=\"og:title\" content=\"Secrets of Copenhagen\" \/>\n<meta property=\"og:description\" content=\"Secrets of Copenhagen. Spila\u00f0u sj\u00e1lfst\u00fdr\u00f0an borgarleik og sko\u00f0a\u00f0u borgina me\u00f0 \u00ferautum, g\u00e1tum og \u00e1skorunum. Spila\u00f0u \u00e1 \u00fe\u00ednum eigin hra\u00f0a og uppg\u00f6tva\u00f0u eins og heimama\u00f0ur!\" \/>\n<meta property=\"og:url\" content=\"https:\/\/testwebsite.citygame.com\/is\/games\/copenhagen\/secrets-of-copenhagen\/\" \/>\n<meta property=\"og:site_name\" content=\"City Game\" \/>\n<meta property=\"article:publisher\" content=\"https:\/\/www.facebook.com\/profile.php?id=100086426226253\" \/>\n<meta property=\"article:modified_time\" content=\"2026-04-08T11:00:16+00:00\" \/>\n<meta property=\"og:image\" content=\"https:\/\/testwebsite.citygame.com\/wp-content\/blogs.dir\/1\/files\/sites\/62\/2026\/03\/copenhagen-player-christiansborg-palace-view.jpg\" \/>\n\t<meta property=\"og:image:width\" content=\"1024\" \/>\n\t<meta property=\"og:image:height\" content=\"1024\" \/>\n\t<meta property=\"og:image:type\" content=\"image\/jpeg\" \/>\n<meta name=\"twitter:card\" content=\"summary_large_image\" \/>\n<meta name=\"twitter:label1\" content=\"Est. reading time\" \/>\n\t<meta name=\"twitter:data1\" content=\"1 minute\" \/>\n<script type=\"application\/ld+json\" class=\"yoast-schema-graph\">{\"@context\":\"https:\/\/schema.org\",\"@graph\":[{\"@type\":\"WebPage\",\"@id\":\"https:\/\/testwebsite.citygame.com\/is\/games\/copenhagen\/secrets-of-copenhagen\/\",\"url\":\"https:\/\/testwebsite.citygame.com\/is\/games\/copenhagen\/secrets-of-copenhagen\/\",\"name\":\"Secrets of Copenhagen - City Game\",\"isPartOf\":{\"@id\":\"https:\/\/testwebsite.upevents.nl\/#website\"},\"primaryImageOfPage\":{\"@id\":\"https:\/\/testwebsite.citygame.com\/is\/games\/copenhagen\/secrets-of-copenhagen\/#primaryimage\"},\"image\":{\"@id\":\"https:\/\/testwebsite.citygame.com\/is\/games\/copenhagen\/secrets-of-copenhagen\/#primaryimage\"},\"thumbnailUrl\":\"https:\/\/testwebsite.citygame.com\/wp-content\/blogs.dir\/1\/files\/sites\/62\/2026\/03\/copenhagen-player-christiansborg-palace-view.jpg\",\"datePublished\":\"2026-03-13T10:07:49+00:00\",\"dateModified\":\"2026-04-08T11:00:16+00:00\",\"description\":\"Secrets of Copenhagen. Spila\u00f0u sj\u00e1lfst\u00fdr\u00f0an borgarleik og sko\u00f0a\u00f0u borgina me\u00f0 \u00ferautum, g\u00e1tum og \u00e1skorunum. Spila\u00f0u \u00e1 \u00fe\u00ednum eigin hra\u00f0a og uppg\u00f6tva\u00f0u eins og heimama\u00f0ur!\",\"breadcrumb\":{\"@id\":\"https:\/\/testwebsite.citygame.com\/is\/games\/copenhagen\/secrets-of-copenhagen\/#breadcrumb\"},\"inLanguage\":\"is\",\"potentialAction\":[{\"@type\":\"ReadAction\",\"target\":[\"https:\/\/testwebsite.citygame.com\/is\/games\/copenhagen\/secrets-of-copenhagen\/\"]}]},{\"@type\":\"ImageObject\",\"inLanguage\":\"is\",\"@id\":\"https:\/\/testwebsite.citygame.com\/is\/games\/copenhagen\/secrets-of-copenhagen\/#primaryimage\",\"url\":\"https:\/\/testwebsite.citygame.com\/wp-content\/blogs.dir\/1\/files\/sites\/62\/2026\/03\/copenhagen-player-christiansborg-palace-view.jpg\",\"contentUrl\":\"https:\/\/testwebsite.citygame.com\/wp-content\/blogs.dir\/1\/files\/sites\/62\/2026\/03\/copenhagen-player-christiansborg-palace-view.jpg\",\"width\":1024,\"height\":1024,\"caption\":\"A player stands on a cobblestone path looking towards Christiansborg Palace in Copenhagen.\"},{\"@type\":\"BreadcrumbList\",\"@id\":\"https:\/\/testwebsite.citygame.com\/is\/games\/copenhagen\/secrets-of-copenhagen\/#breadcrumb\",\"itemListElement\":[{\"@type\":\"ListItem\",\"position\":1,\"name\":\"Home\",\"item\":\"https:\/\/testwebsite.citygame.com\/is\/\"},{\"@type\":\"ListItem\",\"position\":2,\"name\":\"Shop\",\"item\":\"https:\/\/testwebsite.citygame.com\/shop\/\"},{\"@type\":\"ListItem\",\"position\":3,\"name\":\"Secrets of Copenhagen\"}]},{\"@type\":\"WebSite\",\"@id\":\"https:\/\/testwebsite.upevents.nl\/#website\",\"url\":\"https:\/\/testwebsite.upevents.nl\/\",\"name\":\"City Game\",\"description\":\"\",\"publisher\":{\"@id\":\"https:\/\/testwebsite.upevents.nl\/#organization\"},\"alternateName\":\"citygame.com\",\"potentialAction\":[{\"@type\":\"SearchAction\",\"target\":{\"@type\":\"EntryPoint\",\"urlTemplate\":\"https:\/\/testwebsite.upevents.nl\/?s={search_term_string}\"},\"query-input\":{\"@type\":\"PropertyValueSpecification\",\"valueRequired\":true,\"valueName\":\"search_term_string\"}}],\"inLanguage\":\"is\"},{\"@type\":[\"Organization\",\"Place\"],\"@id\":\"https:\/\/testwebsite.upevents.nl\/#organization\",\"name\":\"City Game\",\"alternateName\":\"citygame.com\",\"url\":\"https:\/\/testwebsite.upevents.nl\/\",\"logo\":{\"@id\":\"https:\/\/testwebsite.citygame.com\/is\/games\/copenhagen\/secrets-of-copenhagen\/#local-main-organization-logo\"},\"image\":{\"@id\":\"https:\/\/testwebsite.citygame.com\/is\/games\/copenhagen\/secrets-of-copenhagen\/#local-main-organization-logo\"},\"sameAs\":[\"https:\/\/www.facebook.com\/profile.php?id=100086426226253\",\"https:\/\/www.instagram.com\/citygame_com\",\"https:\/\/www.tiktok.com\/@citygamecom\/\",\"https:\/\/www.linkedin.com\/company\/citygame-com\"],\"description\":\"Turn any city into a playground with our interactive City Games and self-guided tours. Fun, flexible, and ideal for groups and team building.\",\"telephone\":[],\"openingHoursSpecification\":[{\"@type\":\"OpeningHoursSpecification\",\"dayOfWeek\":[\"Monday\",\"Tuesday\",\"Wednesday\",\"Thursday\",\"Friday\",\"Saturday\",\"Sunday\"],\"opens\":\"09:00\",\"closes\":\"17:00\"}]},{\"@type\":\"ImageObject\",\"inLanguage\":\"is\",\"@id\":\"https:\/\/testwebsite.citygame.com\/is\/games\/copenhagen\/secrets-of-copenhagen\/#local-main-organization-logo\",\"url\":\"https:\/\/testwebsite.citygame.com\/wp-content\/blogs.dir\/1\/files\/sites\/62\/2025\/10\/CG_LOGO-City-Game.png\",\"contentUrl\":\"https:\/\/testwebsite.citygame.com\/wp-content\/blogs.dir\/1\/files\/sites\/62\/2025\/10\/CG_LOGO-City-Game.png\",\"width\":351,\"height\":377,\"caption\":\"City Game\"}]}<\/script>\n<!-- \/ Yoast SEO Premium plugin. -->","yoast_head_json":{"title":"Secrets of Copenhagen - City Game","description":"Secrets of Copenhagen. Spila\u00f0u sj\u00e1lfst\u00fdr\u00f0an borgarleik og sko\u00f0a\u00f0u borgina me\u00f0 \u00ferautum, g\u00e1tum og \u00e1skorunum. Spila\u00f0u \u00e1 \u00fe\u00ednum eigin hra\u00f0a og uppg\u00f6tva\u00f0u eins og heimama\u00f0ur!","robots":{"index":"noindex","follow":"follow","max-snippet":"max-snippet:-1","max-image-preview":"max-image-preview:large","max-video-preview":"max-video-preview:-1"},"og_locale":"is_IS","og_type":"article","og_title":"Secrets of Copenhagen","og_description":"Secrets of Copenhagen. Spila\u00f0u sj\u00e1lfst\u00fdr\u00f0an borgarleik og sko\u00f0a\u00f0u borgina me\u00f0 \u00ferautum, g\u00e1tum og \u00e1skorunum. Spila\u00f0u \u00e1 \u00fe\u00ednum eigin hra\u00f0a og uppg\u00f6tva\u00f0u eins og heimama\u00f0ur!","og_url":"https:\/\/testwebsite.citygame.com\/is\/games\/copenhagen\/secrets-of-copenhagen\/","og_site_name":"City Game","article_publisher":"https:\/\/www.facebook.com\/profile.php?id=100086426226253","article_modified_time":"2026-04-08T11:00:16+00:00","og_image":[{"width":1024,"height":1024,"url":"https:\/\/testwebsite.citygame.com\/wp-content\/blogs.dir\/1\/files\/sites\/62\/2026\/03\/copenhagen-player-christiansborg-palace-view.jpg","type":"image\/jpeg"}],"twitter_card":"summary_large_image","twitter_misc":{"Est. reading time":"1 minute"},"schema":{"@context":"https:\/\/schema.org","@graph":[{"@type":"WebPage","@id":"https:\/\/testwebsite.citygame.com\/is\/games\/copenhagen\/secrets-of-copenhagen\/","url":"https:\/\/testwebsite.citygame.com\/is\/games\/copenhagen\/secrets-of-copenhagen\/","name":"Secrets of Copenhagen - City Game","isPartOf":{"@id":"https:\/\/testwebsite.upevents.nl\/#website"},"primaryImageOfPage":{"@id":"https:\/\/testwebsite.citygame.com\/is\/games\/copenhagen\/secrets-of-copenhagen\/#primaryimage"},"image":{"@id":"https:\/\/testwebsite.citygame.com\/is\/games\/copenhagen\/secrets-of-copenhagen\/#primaryimage"},"thumbnailUrl":"https:\/\/testwebsite.citygame.com\/wp-content\/blogs.dir\/1\/files\/sites\/62\/2026\/03\/copenhagen-player-christiansborg-palace-view.jpg","datePublished":"2026-03-13T10:07:49+00:00","dateModified":"2026-04-08T11:00:16+00:00","description":"Secrets of Copenhagen. Spila\u00f0u sj\u00e1lfst\u00fdr\u00f0an borgarleik og sko\u00f0a\u00f0u borgina me\u00f0 \u00ferautum, g\u00e1tum og \u00e1skorunum. Spila\u00f0u \u00e1 \u00fe\u00ednum eigin hra\u00f0a og uppg\u00f6tva\u00f0u eins og heimama\u00f0ur!","breadcrumb":{"@id":"https:\/\/testwebsite.citygame.com\/is\/games\/copenhagen\/secrets-of-copenhagen\/#breadcrumb"},"inLanguage":"is","potentialAction":[{"@type":"ReadAction","target":["https:\/\/testwebsite.citygame.com\/is\/games\/copenhagen\/secrets-of-copenhagen\/"]}]},{"@type":"ImageObject","inLanguage":"is","@id":"https:\/\/testwebsite.citygame.com\/is\/games\/copenhagen\/secrets-of-copenhagen\/#primaryimage","url":"https:\/\/testwebsite.citygame.com\/wp-content\/blogs.dir\/1\/files\/sites\/62\/2026\/03\/copenhagen-player-christiansborg-palace-view.jpg","contentUrl":"https:\/\/testwebsite.citygame.com\/wp-content\/blogs.dir\/1\/files\/sites\/62\/2026\/03\/copenhagen-player-christiansborg-palace-view.jpg","width":1024,"height":1024,"caption":"A player stands on a cobblestone path looking towards Christiansborg Palace in Copenhagen."},{"@type":"BreadcrumbList","@id":"https:\/\/testwebsite.citygame.com\/is\/games\/copenhagen\/secrets-of-copenhagen\/#breadcrumb","itemListElement":[{"@type":"ListItem","position":1,"name":"Home","item":"https:\/\/testwebsite.citygame.com\/is\/"},{"@type":"ListItem","position":2,"name":"Shop","item":"https:\/\/testwebsite.citygame.com\/shop\/"},{"@type":"ListItem","position":3,"name":"Secrets of Copenhagen"}]},{"@type":"WebSite","@id":"https:\/\/testwebsite.upevents.nl\/#website","url":"https:\/\/testwebsite.upevents.nl\/","name":"City Game","description":"","publisher":{"@id":"https:\/\/testwebsite.upevents.nl\/#organization"},"alternateName":"citygame.com","potentialAction":[{"@type":"SearchAction","target":{"@type":"EntryPoint","urlTemplate":"https:\/\/testwebsite.upevents.nl\/?s={search_term_string}"},"query-input":{"@type":"PropertyValueSpecification","valueRequired":true,"valueName":"search_term_string"}}],"inLanguage":"is"},{"@type":["Organization","Place"],"@id":"https:\/\/testwebsite.upevents.nl\/#organization","name":"City Game","alternateName":"citygame.com","url":"https:\/\/testwebsite.upevents.nl\/","logo":{"@id":"https:\/\/testwebsite.citygame.com\/is\/games\/copenhagen\/secrets-of-copenhagen\/#local-main-organization-logo"},"image":{"@id":"https:\/\/testwebsite.citygame.com\/is\/games\/copenhagen\/secrets-of-copenhagen\/#local-main-organization-logo"},"sameAs":["https:\/\/www.facebook.com\/profile.php?id=100086426226253","https:\/\/www.instagram.com\/citygame_com","https:\/\/www.tiktok.com\/@citygamecom\/","https:\/\/www.linkedin.com\/company\/citygame-com"],"description":"Turn any city into a playground with our interactive City Games and self-guided tours. Fun, flexible, and ideal for groups and team building.","telephone":[],"openingHoursSpecification":[{"@type":"OpeningHoursSpecification","dayOfWeek":["Monday","Tuesday","Wednesday","Thursday","Friday","Saturday","Sunday"],"opens":"09:00","closes":"17:00"}]},{"@type":"ImageObject","inLanguage":"is","@id":"https:\/\/testwebsite.citygame.com\/is\/games\/copenhagen\/secrets-of-copenhagen\/#local-main-organization-logo","url":"https:\/\/testwebsite.citygame.com\/wp-content\/blogs.dir\/1\/files\/sites\/62\/2025\/10\/CG_LOGO-City-Game.png","contentUrl":"https:\/\/testwebsite.citygame.com\/wp-content\/blogs.dir\/1\/files\/sites\/62\/2025\/10\/CG_LOGO-City-Game.png","width":351,"height":377,"caption":"City Game"}]}},"taxonomy_info":{"game-concept":[{"value":717,"label":"Secrets"}],"location":[{"value":128,"label":"Copenhagen"}],"product_cat":[{"value":27,"label":"Geen categorie"}]},"featured_image_src_large":["https:\/\/testwebsite.citygame.com\/wp-content\/blogs.dir\/1\/files\/sites\/62\/2026\/03\/copenhagen-player-christiansborg-palace-view.jpg",1024,1024,false],"author_info":[],"comment_info":"","_links":{"self":[{"href":"https:\/\/testwebsite.citygame.com\/is\/wp-json\/wp\/v2\/product\/63115","targetHints":{"allow":["GET"]}}],"collection":[{"href":"https:\/\/testwebsite.citygame.com\/is\/wp-json\/wp\/v2\/product"}],"about":[{"href":"https:\/\/testwebsite.citygame.com\/is\/wp-json\/wp\/v2\/types\/product"}],"acf:post":[{"embeddable":true,"href":"https:\/\/testwebsite.citygame.com\/is\/wp-json\/wp\/v2\/pages\/7710"}],"wp:featuredmedia":[{"embeddable":true,"href":"https:\/\/testwebsite.citygame.com\/is\/wp-json\/wp\/v2\/media\/18448"}],"wp:attachment":[{"href":"https:\/\/testwebsite.citygame.com\/is\/wp-json\/wp\/v2\/media?parent=63115"}],"wp:term":[{"taxonomy":"game-concept","embeddable":true,"href":"https:\/\/testwebsite.citygame.com\/is\/wp-json\/wp\/v2\/game-concept?post=63115"},{"taxonomy":"location","embeddable":true,"href":"https:\/\/testwebsite.citygame.com\/is\/wp-json\/wp\/v2\/location?post=63115"},{"taxonomy":"product_brand","embeddable":true,"href":"https:\/\/testwebsite.citygame.com\/is\/wp-json\/wp\/v2\/product_brand?post=63115"},{"taxonomy":"product_cat","embeddable":true,"href":"https:\/\/testwebsite.citygame.com\/is\/wp-json\/wp\/v2\/product_cat?post=63115"},{"taxonomy":"product_tag","embeddable":true,"href":"https:\/\/testwebsite.citygame.com\/is\/wp-json\/wp\/v2\/product_tag?post=63115"}],"curies":[{"name":"wp","href":"https:\/\/api.w.org\/{rel}","templated":true}]}}