{"id":61857,"date":"2026-02-19T15:21:46","date_gmt":"2026-02-19T15:21:46","guid":{"rendered":"https:\/\/testwebsite.citygame.com\/games\/unknown-location\/sherlock-holmes-sarajevo\/"},"modified":"2026-04-08T08:30:36","modified_gmt":"2026-04-08T08:30:36","slug":"sherlock-holmes-sarajevo","status":"publish","type":"product","link":"https:\/\/testwebsite.citygame.com\/is\/games\/sarajevo\/sherlock-holmes-sarajevo\/","title":{"rendered":"Sherlock Holmes Sarajevo"},"content":{"rendered":"<p>S\u00f6kkva\u00f0u \u00fe\u00e9r ni\u00f0ur \u00ed gr\u00edpandi, sj\u00e1lfst\u00fdr\u00f0a mor\u00f0g\u00e1tu City Game \u00ed s\u00f6gulegum mi\u00f0b\u00e6 Sarajevo, sta\u00f0settur \u00ed spennandi heimi Sherlock Holmes. \u00de\u00fa munt kafa ofan \u00ed gr\u00edpandi fr\u00e1s\u00f6gn, sigla um borgarg\u00f6tur, safna mikilv\u00e6gum v\u00edsbendingum, leysa dularfullar g\u00e1tur og yfirheyra stafr\u00e6na gruna\u00f0a til a\u00f0 leysa mor\u00f0 sem \u00e1tti s\u00e9r sta\u00f0 \u00e1 Liberty Festival. \u00deessi gagnvirka ranns\u00f3kn einkasp\u00e6jara lofar heillandi upplifun sem spilu\u00f0 er \u00e1 \u00fe\u00ednum eigin hra\u00f0a, og gerir Sarajevo a\u00f0 \u00fe\u00ednum pers\u00f3nulega leikvelli fyrir dul\u00fa\u00f0 og spennu.<\/p>\n","protected":false},"excerpt":{"rendered":"<p>St\u00edg\u00f0u \u00ed spor Sherlock Holmes \u00ed \u00feessari hvetjandi, sj\u00e1lfst\u00fdr\u00f0u mor\u00f0g\u00e1tu sem gerist \u00ed Sarajevo. Me\u00f0 teyminu \u00fe\u00ednu, fylgdu dulr\u00e6num v\u00edsbendingum, leystu krefjandi g\u00e1tur og afhj\u00fapa\u00f0u sannleikann \u00e1\u00f0ur en t\u00edminn rennur \u00fat!<\/p>\n","protected":false},"featured_media":14979,"template":"","meta":{"_acf_changed":false,"_yoast_wpseo_focuskw":"Sherlock Holmes Sarajevo","_yoast_wpseo_metadesc":"Sherlock Holmes Sarajevo. Spila\u00f0u sj\u00e1lfst\u00fdr\u00f0an mor\u00f0g\u00e1tu City Game, leystu g\u00e1tur, fylgdu v\u00edsbendingum og afhj\u00fapa\u00f0u mor\u00f0ingjann \u00e1 \u00fe\u00ednum eigin hra\u00f0a!","_kad_blocks_custom_css":"","_kad_blocks_head_custom_js":"","_kad_blocks_body_custom_js":"","_kad_blocks_footer_custom_js":"","ghostkit_customizer_options":"","ghostkit_custom_css":"","ghostkit_custom_js_head":"","ghostkit_custom_js_foot":"","ghostkit_typography":"","_kad_post_transparent":"","_kad_post_title":"","_kad_post_layout":"","_kad_post_sidebar_id":"","_kad_post_content_style":"","_kad_post_vertical_padding":"","_kad_post_feature":"","_kad_post_feature_position":"","_kad_post_header":false,"_kad_post_footer":false,"_kad_post_classname":"","_links_to":"","_links_to_target":""},"game-concept":[778],"location":[361],"product_brand":[],"product_cat":[27],"product_tag":[],"class_list":{"0":"post-61857","1":"product","2":"type-product","3":"status-publish","4":"has-post-thumbnail","6":"game-concept-sherlock","7":"location-sarajevo","8":"product_cat-geen-categorie","10":"first","11":"instock","12":"shipping-taxable","13":"purchasable","14":"product-type-simple","15":"entry","16":"content-bg","17":"loop-entry"},"acf":{"full_bokun_product_name":"Sarajevo Self-Guided Sherlock Holmes Murder Mystery Game","location_name":"Sarajevo","bokun_calendar_widget_code":"<script type=\"text\/javascript\" src=\"https:\/\/widgets.bokun.io\/assets\/javascripts\/apps\/build\/BokunWidgetsLoader.js?bookingChannelUUID=a1e93e96-5232-4734-a595-28405f4b5a31\" async><\/script>\n     \n    <div class=\"bokunWidget\" data-src=\"https:\/\/widgets.bokun.io\/online-sales\/a1e93e96-5232-4734-a595-28405f4b5a31\/experience-calendar\/771933\"><\/div>\n    <noscript>Please enable javascript in your browser to book<\/noscript>","bokun_button_widget_code":"<script type=\"text\/javascript\" src=\"https:\/\/widgets.bokun.io\/assets\/javascripts\/apps\/build\/BokunWidgetsLoader.js?bookingChannelUUID=a1e93e96-5232-4734-a595-28405f4b5a31\" async><\/script>\n      <style> #bokun_ed001e45_5927_4f62_b470_ca766338d083 { display: inline-block; padding: .4em 1em; background: #47b82e; border-radius: 999999px; box-shadow: none; font-weight: 600; font-size: 24px; text-decoration: none; text-align: center; color: #FFFFFF; border:none; cursor: pointer; transition: background .2s ease; } #bokun_ed001e45_5927_4f62_b470_ca766338d083:hover{ background: #2f7b1f; } #bokun_ed001e45_5927_4f62_b470_ca766338d083:active{ background: #378f24; } <\/style> <button class=\"bokunButton\" disabled id=bokun_ed001e45_5927_4f62_b470_ca766338d083 data-src=\"https:\/\/widgets.bokun.io\/online-sales\/a1e93e96-5232-4734-a595-28405f4b5a31\/experience-calendar\/771933?partialView=1\" data-testid=\"widget-book-button\" > Book now <\/button> ","what_you\u2019ll_experience_during_the_game":"Um lei\u00f0 og \u00fe\u00fa byrjar finnur \u00fe\u00fa \u00feig \u00ed hjarta gr\u00edpandi sp\u00e6jaras\u00f6gu sem gerist \u00ed Sarajevo. Sagan fl\u00e9ttast \u00e1 me\u00f0an \u00fe\u00fa fer\u00f0ast um borgina og s\u00f6kkvir \u00fe\u00e9r inn \u00ed heim spennu og dul\u00fa\u00f0ar sem lifnar vi\u00f0 \u00e1 g\u00f6tum sem \u00fe\u00fa gengur um. Vi\u00f0 hvert sn\u00faning og vendingu munt \u00fe\u00fa leysa n\u00fdjar g\u00e1tur og uppg\u00f6tva v\u00edsbendingar, hver og einn mikilv\u00e6gur p\u00faslb\u00fatur sem kn\u00fdr \u00feig \u00e1fram og varpar lj\u00f3si \u00e1 mismunandi stig ranns\u00f3knarinnar \u00feinnar.\n\nSem meistarasp\u00e6jari muntu yfirheyra stafr\u00e6na gruna\u00f0a, greina alibi \u00feeirra og m\u00f3tsagnir til a\u00f0 koma \u00feeim \u00e1 \u00f3vart. Me\u00f0 \u00fev\u00ed a\u00f0 nota h\u00e6fileika \u00fe\u00edna \u00ed r\u00f6kfr\u00e6\u00f0i og skarpri athugun muntu komast n\u00e6r sannleikanum um hi\u00f0 forvitnilega mor\u00f0 sem \u00e1tti s\u00e9r sta\u00f0 \u00e1 Liberty Festival. Spennan vi\u00f0 eltingarleikinn, fullkomlega s\u00f6gudrifin eftirf\u00f6r, felst ekki a\u00f0eins \u00ed lausninni heldur \u00ed \u00feeirri vitsmunalegu fer\u00f0 sem \u00fe\u00fa tekur til a\u00f0 afhj\u00fapa s\u00f6kud\u00f3lginn. \u00de\u00fa getur vali\u00f0 a\u00f0 spila \u00e1 \u00fe\u00ednum eigin hra\u00f0a, gert hl\u00e9 \u00feegar \u00fe\u00fa \u00fearft a\u00f0 taka p\u00e1su, e\u00f0a keppt vi\u00f0 a\u00f0ra \u00ed li\u00f0um, sem b\u00e6tir keppnisanda vi\u00f0 g\u00e1tuna.","how_to_play":"Spila\u00f0u einn e\u00f0a me\u00f0 vinum, fj\u00f6lskyldu e\u00f0a samstarfsf\u00f3lki \u00ed li\u00f0um, allt a\u00f0 fj\u00f3rum \u00e1 hvert t\u00e6ki. Eftir b\u00f3kun f\u00e6r\u00f0u t\u00f6lvup\u00f3st me\u00f0 lei\u00f0beiningum og \u00f6llu sem \u00fe\u00fa \u00fearft.","start_location":"Sarajevo, Vije\u0107nica","available_languages":["en","es","fr","de","it","nl"],"players_per_group":"1-4","duration":"1.5-2 hours","image_overlay_color_image":"https:\/\/testwebsite.citygame.com\/wp-content\/blogs.dir\/1\/files\/sites\/62\/2026\/01\/SherlockColor.svg","image_overlay_game_logo":"https:\/\/testwebsite.citygame.com\/wp-content\/blogs.dir\/1\/files\/sites\/62\/2026\/01\/SherlockLogo.png","city_page":9282,"woocommerce_general_content":null},"yoast_head":"<!-- This site is optimized with the Yoast SEO Premium plugin v26.2 (Yoast SEO v26.3) - https:\/\/yoast.com\/wordpress\/plugins\/seo\/ -->\n<title>Sherlock Holmes Sarajevo - City Game<\/title>\n<meta name=\"description\" content=\"Sherlock Holmes Sarajevo. Spila\u00f0u sj\u00e1lfst\u00fdr\u00f0an mor\u00f0g\u00e1tu City Game, leystu g\u00e1tur, fylgdu v\u00edsbendingum og afhj\u00fapa\u00f0u mor\u00f0ingjann \u00e1 \u00fe\u00ednum eigin hra\u00f0a!\" \/>\n<meta name=\"robots\" content=\"noindex, follow, max-snippet:-1, max-image-preview:large, max-video-preview:-1\" \/>\n<meta property=\"og:locale\" content=\"is_IS\" \/>\n<meta property=\"og:type\" content=\"article\" \/>\n<meta property=\"og:title\" content=\"Sherlock Holmes Sarajevo\" \/>\n<meta property=\"og:description\" content=\"Sherlock Holmes Sarajevo. Spila\u00f0u sj\u00e1lfst\u00fdr\u00f0an mor\u00f0g\u00e1tu City Game, leystu g\u00e1tur, fylgdu v\u00edsbendingum og afhj\u00fapa\u00f0u mor\u00f0ingjann \u00e1 \u00fe\u00ednum eigin hra\u00f0a!\" \/>\n<meta property=\"og:url\" content=\"https:\/\/testwebsite.citygame.com\/is\/games\/sarajevo\/sherlock-holmes-sarajevo\/\" \/>\n<meta property=\"og:site_name\" content=\"City Game\" \/>\n<meta property=\"article:publisher\" content=\"https:\/\/www.facebook.com\/profile.php?id=100086426226253\" \/>\n<meta property=\"article:modified_time\" content=\"2026-04-08T08:30:36+00:00\" \/>\n<meta property=\"og:image\" content=\"https:\/\/testwebsite.citygame.com\/wp-content\/blogs.dir\/1\/files\/sites\/62\/2026\/02\/sarajevo-gazi-husrev-beg-mosque-courtyard-man-playing-game.jpg\" \/>\n\t<meta property=\"og:image:width\" content=\"1024\" \/>\n\t<meta property=\"og:image:height\" content=\"1024\" \/>\n\t<meta property=\"og:image:type\" content=\"image\/jpeg\" \/>\n<meta name=\"twitter:card\" content=\"summary_large_image\" \/>\n<script type=\"application\/ld+json\" class=\"yoast-schema-graph\">{\"@context\":\"https:\/\/schema.org\",\"@graph\":[{\"@type\":\"WebPage\",\"@id\":\"https:\/\/testwebsite.citygame.com\/is\/games\/sarajevo\/sherlock-holmes-sarajevo\/\",\"url\":\"https:\/\/testwebsite.citygame.com\/is\/games\/sarajevo\/sherlock-holmes-sarajevo\/\",\"name\":\"Sherlock Holmes Sarajevo - City Game\",\"isPartOf\":{\"@id\":\"https:\/\/testwebsite.upevents.nl\/#website\"},\"primaryImageOfPage\":{\"@id\":\"https:\/\/testwebsite.citygame.com\/is\/games\/sarajevo\/sherlock-holmes-sarajevo\/#primaryimage\"},\"image\":{\"@id\":\"https:\/\/testwebsite.citygame.com\/is\/games\/sarajevo\/sherlock-holmes-sarajevo\/#primaryimage\"},\"thumbnailUrl\":\"https:\/\/testwebsite.citygame.com\/wp-content\/blogs.dir\/1\/files\/sites\/62\/2026\/02\/sarajevo-gazi-husrev-beg-mosque-courtyard-man-playing-game.jpg\",\"datePublished\":\"2026-02-19T15:21:46+00:00\",\"dateModified\":\"2026-04-08T08:30:36+00:00\",\"description\":\"Sherlock Holmes Sarajevo. Spila\u00f0u sj\u00e1lfst\u00fdr\u00f0an mor\u00f0g\u00e1tu City Game, leystu g\u00e1tur, fylgdu v\u00edsbendingum og afhj\u00fapa\u00f0u mor\u00f0ingjann \u00e1 \u00fe\u00ednum eigin hra\u00f0a!\",\"breadcrumb\":{\"@id\":\"https:\/\/testwebsite.citygame.com\/is\/games\/sarajevo\/sherlock-holmes-sarajevo\/#breadcrumb\"},\"inLanguage\":\"is\",\"potentialAction\":[{\"@type\":\"ReadAction\",\"target\":[\"https:\/\/testwebsite.citygame.com\/is\/games\/sarajevo\/sherlock-holmes-sarajevo\/\"]}]},{\"@type\":\"ImageObject\",\"inLanguage\":\"is\",\"@id\":\"https:\/\/testwebsite.citygame.com\/is\/games\/sarajevo\/sherlock-holmes-sarajevo\/#primaryimage\",\"url\":\"https:\/\/testwebsite.citygame.com\/wp-content\/blogs.dir\/1\/files\/sites\/62\/2026\/02\/sarajevo-gazi-husrev-beg-mosque-courtyard-man-playing-game.jpg\",\"contentUrl\":\"https:\/\/testwebsite.citygame.com\/wp-content\/blogs.dir\/1\/files\/sites\/62\/2026\/02\/sarajevo-gazi-husrev-beg-mosque-courtyard-man-playing-game.jpg\",\"width\":1024,\"height\":1024,\"caption\":\"A visitor relaxes in the historic courtyard of the Gazi Husrev-beg Mosque in Sarajevo.\"},{\"@type\":\"BreadcrumbList\",\"@id\":\"https:\/\/testwebsite.citygame.com\/is\/games\/sarajevo\/sherlock-holmes-sarajevo\/#breadcrumb\",\"itemListElement\":[{\"@type\":\"ListItem\",\"position\":1,\"name\":\"Home\",\"item\":\"https:\/\/testwebsite.citygame.com\/is\/\"},{\"@type\":\"ListItem\",\"position\":2,\"name\":\"Shop\",\"item\":\"https:\/\/testwebsite.citygame.com\/shop\/\"},{\"@type\":\"ListItem\",\"position\":3,\"name\":\"Sherlock Holmes Sarajevo\"}]},{\"@type\":\"WebSite\",\"@id\":\"https:\/\/testwebsite.upevents.nl\/#website\",\"url\":\"https:\/\/testwebsite.upevents.nl\/\",\"name\":\"City Game\",\"description\":\"\",\"publisher\":{\"@id\":\"https:\/\/testwebsite.upevents.nl\/#organization\"},\"alternateName\":\"citygame.com\",\"potentialAction\":[{\"@type\":\"SearchAction\",\"target\":{\"@type\":\"EntryPoint\",\"urlTemplate\":\"https:\/\/testwebsite.upevents.nl\/?s={search_term_string}\"},\"query-input\":{\"@type\":\"PropertyValueSpecification\",\"valueRequired\":true,\"valueName\":\"search_term_string\"}}],\"inLanguage\":\"is\"},{\"@type\":[\"Organization\",\"Place\"],\"@id\":\"https:\/\/testwebsite.upevents.nl\/#organization\",\"name\":\"City Game\",\"alternateName\":\"citygame.com\",\"url\":\"https:\/\/testwebsite.upevents.nl\/\",\"logo\":{\"@id\":\"https:\/\/testwebsite.citygame.com\/is\/games\/sarajevo\/sherlock-holmes-sarajevo\/#local-main-organization-logo\"},\"image\":{\"@id\":\"https:\/\/testwebsite.citygame.com\/is\/games\/sarajevo\/sherlock-holmes-sarajevo\/#local-main-organization-logo\"},\"sameAs\":[\"https:\/\/www.facebook.com\/profile.php?id=100086426226253\",\"https:\/\/www.instagram.com\/citygame_com\",\"https:\/\/www.tiktok.com\/@citygamecom\/\",\"https:\/\/www.linkedin.com\/company\/citygame-com\"],\"description\":\"Turn any city into a playground with our interactive City Games and self-guided tours. Fun, flexible, and ideal for groups and team building.\",\"telephone\":[],\"openingHoursSpecification\":[{\"@type\":\"OpeningHoursSpecification\",\"dayOfWeek\":[\"Monday\",\"Tuesday\",\"Wednesday\",\"Thursday\",\"Friday\",\"Saturday\",\"Sunday\"],\"opens\":\"09:00\",\"closes\":\"17:00\"}]},{\"@type\":\"ImageObject\",\"inLanguage\":\"is\",\"@id\":\"https:\/\/testwebsite.citygame.com\/is\/games\/sarajevo\/sherlock-holmes-sarajevo\/#local-main-organization-logo\",\"url\":\"https:\/\/testwebsite.citygame.com\/wp-content\/blogs.dir\/1\/files\/sites\/62\/2025\/10\/CG_LOGO-City-Game.png\",\"contentUrl\":\"https:\/\/testwebsite.citygame.com\/wp-content\/blogs.dir\/1\/files\/sites\/62\/2025\/10\/CG_LOGO-City-Game.png\",\"width\":351,\"height\":377,\"caption\":\"City Game\"}]}<\/script>\n<!-- \/ Yoast SEO Premium plugin. -->","yoast_head_json":{"title":"Sherlock Holmes Sarajevo - City Game","description":"Sherlock Holmes Sarajevo. Spila\u00f0u sj\u00e1lfst\u00fdr\u00f0an mor\u00f0g\u00e1tu City Game, leystu g\u00e1tur, fylgdu v\u00edsbendingum og afhj\u00fapa\u00f0u mor\u00f0ingjann \u00e1 \u00fe\u00ednum eigin hra\u00f0a!","robots":{"index":"noindex","follow":"follow","max-snippet":"max-snippet:-1","max-image-preview":"max-image-preview:large","max-video-preview":"max-video-preview:-1"},"og_locale":"is_IS","og_type":"article","og_title":"Sherlock Holmes Sarajevo","og_description":"Sherlock Holmes Sarajevo. Spila\u00f0u sj\u00e1lfst\u00fdr\u00f0an mor\u00f0g\u00e1tu City Game, leystu g\u00e1tur, fylgdu v\u00edsbendingum og afhj\u00fapa\u00f0u mor\u00f0ingjann \u00e1 \u00fe\u00ednum eigin hra\u00f0a!","og_url":"https:\/\/testwebsite.citygame.com\/is\/games\/sarajevo\/sherlock-holmes-sarajevo\/","og_site_name":"City Game","article_publisher":"https:\/\/www.facebook.com\/profile.php?id=100086426226253","article_modified_time":"2026-04-08T08:30:36+00:00","og_image":[{"width":1024,"height":1024,"url":"https:\/\/testwebsite.citygame.com\/wp-content\/blogs.dir\/1\/files\/sites\/62\/2026\/02\/sarajevo-gazi-husrev-beg-mosque-courtyard-man-playing-game.jpg","type":"image\/jpeg"}],"twitter_card":"summary_large_image","schema":{"@context":"https:\/\/schema.org","@graph":[{"@type":"WebPage","@id":"https:\/\/testwebsite.citygame.com\/is\/games\/sarajevo\/sherlock-holmes-sarajevo\/","url":"https:\/\/testwebsite.citygame.com\/is\/games\/sarajevo\/sherlock-holmes-sarajevo\/","name":"Sherlock Holmes Sarajevo - City Game","isPartOf":{"@id":"https:\/\/testwebsite.upevents.nl\/#website"},"primaryImageOfPage":{"@id":"https:\/\/testwebsite.citygame.com\/is\/games\/sarajevo\/sherlock-holmes-sarajevo\/#primaryimage"},"image":{"@id":"https:\/\/testwebsite.citygame.com\/is\/games\/sarajevo\/sherlock-holmes-sarajevo\/#primaryimage"},"thumbnailUrl":"https:\/\/testwebsite.citygame.com\/wp-content\/blogs.dir\/1\/files\/sites\/62\/2026\/02\/sarajevo-gazi-husrev-beg-mosque-courtyard-man-playing-game.jpg","datePublished":"2026-02-19T15:21:46+00:00","dateModified":"2026-04-08T08:30:36+00:00","description":"Sherlock Holmes Sarajevo. Spila\u00f0u sj\u00e1lfst\u00fdr\u00f0an mor\u00f0g\u00e1tu City Game, leystu g\u00e1tur, fylgdu v\u00edsbendingum og afhj\u00fapa\u00f0u mor\u00f0ingjann \u00e1 \u00fe\u00ednum eigin hra\u00f0a!","breadcrumb":{"@id":"https:\/\/testwebsite.citygame.com\/is\/games\/sarajevo\/sherlock-holmes-sarajevo\/#breadcrumb"},"inLanguage":"is","potentialAction":[{"@type":"ReadAction","target":["https:\/\/testwebsite.citygame.com\/is\/games\/sarajevo\/sherlock-holmes-sarajevo\/"]}]},{"@type":"ImageObject","inLanguage":"is","@id":"https:\/\/testwebsite.citygame.com\/is\/games\/sarajevo\/sherlock-holmes-sarajevo\/#primaryimage","url":"https:\/\/testwebsite.citygame.com\/wp-content\/blogs.dir\/1\/files\/sites\/62\/2026\/02\/sarajevo-gazi-husrev-beg-mosque-courtyard-man-playing-game.jpg","contentUrl":"https:\/\/testwebsite.citygame.com\/wp-content\/blogs.dir\/1\/files\/sites\/62\/2026\/02\/sarajevo-gazi-husrev-beg-mosque-courtyard-man-playing-game.jpg","width":1024,"height":1024,"caption":"A visitor relaxes in the historic courtyard of the Gazi Husrev-beg Mosque in Sarajevo."},{"@type":"BreadcrumbList","@id":"https:\/\/testwebsite.citygame.com\/is\/games\/sarajevo\/sherlock-holmes-sarajevo\/#breadcrumb","itemListElement":[{"@type":"ListItem","position":1,"name":"Home","item":"https:\/\/testwebsite.citygame.com\/is\/"},{"@type":"ListItem","position":2,"name":"Shop","item":"https:\/\/testwebsite.citygame.com\/shop\/"},{"@type":"ListItem","position":3,"name":"Sherlock Holmes Sarajevo"}]},{"@type":"WebSite","@id":"https:\/\/testwebsite.upevents.nl\/#website","url":"https:\/\/testwebsite.upevents.nl\/","name":"City Game","description":"","publisher":{"@id":"https:\/\/testwebsite.upevents.nl\/#organization"},"alternateName":"citygame.com","potentialAction":[{"@type":"SearchAction","target":{"@type":"EntryPoint","urlTemplate":"https:\/\/testwebsite.upevents.nl\/?s={search_term_string}"},"query-input":{"@type":"PropertyValueSpecification","valueRequired":true,"valueName":"search_term_string"}}],"inLanguage":"is"},{"@type":["Organization","Place"],"@id":"https:\/\/testwebsite.upevents.nl\/#organization","name":"City Game","alternateName":"citygame.com","url":"https:\/\/testwebsite.upevents.nl\/","logo":{"@id":"https:\/\/testwebsite.citygame.com\/is\/games\/sarajevo\/sherlock-holmes-sarajevo\/#local-main-organization-logo"},"image":{"@id":"https:\/\/testwebsite.citygame.com\/is\/games\/sarajevo\/sherlock-holmes-sarajevo\/#local-main-organization-logo"},"sameAs":["https:\/\/www.facebook.com\/profile.php?id=100086426226253","https:\/\/www.instagram.com\/citygame_com","https:\/\/www.tiktok.com\/@citygamecom\/","https:\/\/www.linkedin.com\/company\/citygame-com"],"description":"Turn any city into a playground with our interactive City Games and self-guided tours. Fun, flexible, and ideal for groups and team building.","telephone":[],"openingHoursSpecification":[{"@type":"OpeningHoursSpecification","dayOfWeek":["Monday","Tuesday","Wednesday","Thursday","Friday","Saturday","Sunday"],"opens":"09:00","closes":"17:00"}]},{"@type":"ImageObject","inLanguage":"is","@id":"https:\/\/testwebsite.citygame.com\/is\/games\/sarajevo\/sherlock-holmes-sarajevo\/#local-main-organization-logo","url":"https:\/\/testwebsite.citygame.com\/wp-content\/blogs.dir\/1\/files\/sites\/62\/2025\/10\/CG_LOGO-City-Game.png","contentUrl":"https:\/\/testwebsite.citygame.com\/wp-content\/blogs.dir\/1\/files\/sites\/62\/2025\/10\/CG_LOGO-City-Game.png","width":351,"height":377,"caption":"City Game"}]}},"taxonomy_info":{"game-concept":[{"value":778,"label":"Sherlock"}],"location":[{"value":361,"label":"Sarajevo"}],"product_cat":[{"value":27,"label":"Geen categorie"}]},"featured_image_src_large":["https:\/\/testwebsite.citygame.com\/wp-content\/blogs.dir\/1\/files\/sites\/62\/2026\/02\/sarajevo-gazi-husrev-beg-mosque-courtyard-man-playing-game.jpg",1024,1024,false],"author_info":[],"comment_info":"","_links":{"self":[{"href":"https:\/\/testwebsite.citygame.com\/is\/wp-json\/wp\/v2\/product\/61857","targetHints":{"allow":["GET"]}}],"collection":[{"href":"https:\/\/testwebsite.citygame.com\/is\/wp-json\/wp\/v2\/product"}],"about":[{"href":"https:\/\/testwebsite.citygame.com\/is\/wp-json\/wp\/v2\/types\/product"}],"acf:post":[{"embeddable":true,"href":"https:\/\/testwebsite.citygame.com\/is\/wp-json\/wp\/v2\/pages\/9282"}],"wp:featuredmedia":[{"embeddable":true,"href":"https:\/\/testwebsite.citygame.com\/is\/wp-json\/wp\/v2\/media\/14979"}],"wp:attachment":[{"href":"https:\/\/testwebsite.citygame.com\/is\/wp-json\/wp\/v2\/media?parent=61857"}],"wp:term":[{"taxonomy":"game-concept","embeddable":true,"href":"https:\/\/testwebsite.citygame.com\/is\/wp-json\/wp\/v2\/game-concept?post=61857"},{"taxonomy":"location","embeddable":true,"href":"https:\/\/testwebsite.citygame.com\/is\/wp-json\/wp\/v2\/location?post=61857"},{"taxonomy":"product_brand","embeddable":true,"href":"https:\/\/testwebsite.citygame.com\/is\/wp-json\/wp\/v2\/product_brand?post=61857"},{"taxonomy":"product_cat","embeddable":true,"href":"https:\/\/testwebsite.citygame.com\/is\/wp-json\/wp\/v2\/product_cat?post=61857"},{"taxonomy":"product_tag","embeddable":true,"href":"https:\/\/testwebsite.citygame.com\/is\/wp-json\/wp\/v2\/product_tag?post=61857"}],"curies":[{"name":"wp","href":"https:\/\/api.w.org\/{rel}","templated":true}]}}