{"id":60755,"date":"2026-03-12T16:41:44","date_gmt":"2026-03-12T16:41:44","guid":{"rendered":"https:\/\/testwebsite.citygame.com\/games\/unknown-location\/secrets-of-hoorn\/"},"modified":"2026-04-08T06:21:14","modified_gmt":"2026-04-08T06:21:14","slug":"secrets-of-hoorn","status":"publish","type":"product","link":"https:\/\/testwebsite.citygame.com\/is\/games\/hoorn\/secrets-of-hoorn\/","title":{"rendered":"Secrets of Hoorn"},"content":{"rendered":"<p>Uppg\u00f6tva\u00f0u sjarma og fegur\u00f0 Hoorn me\u00f0 sj\u00e1lfslei\u00f0s\u00f6gninni, GPS-undirsta\u00f0a &#8216;Secrets of Hoorn City Game&#8217;. \u00deessi k\u00f6nnunarleikur dregur leikmenn inn \u00ed mi\u00f0b\u00e6 Hoorn, og \u00f6grar \u00feeim me\u00f0 \u00ferautum, g\u00e1tum og myndverkefnum \u00feegar \u00feeir fara um borgina \u00ed gegnum snjalls\u00edmann sinn. \u00deegar leikmenn rata um borgina munu \u00feeir afhj\u00fapa s\u00f6gu, menningu og falin sm\u00e1atri\u00f0i Hoorn, og \u00fer\u00f3a d\u00fdpri skilning og \u00feakkl\u00e6ti fyrir borgina. Me\u00f0 a\u00f0l\u00f6gunarh\u00e6fri h\u00f6nnun sinni hentar borgarleikurinn b\u00e6\u00f0i heimam\u00f6nnum sem vilja enduruppg\u00f6tva heimili sitt og gestum sem vilja kanna Hoorn \u00e1 einstakan, gr\u00edpandi h\u00e1tt. Hann skapar gr\u00edpandi upplifun fyrir einstaka leikmenn og stu\u00f0lar a\u00f0 skemmtilegri, gagnvirkri upplifun fyrir p\u00f6r, fj\u00f6lskyldur og vinah\u00f3pa. Upplif\u00f0u Hoorn \u00e1 n\u00fdst\u00e1rlegan, yfirgripsmikinn h\u00e1tt me\u00f0 &#8216;Secrets of Hoorn City Game&#8217;.<\/p>\n","protected":false},"excerpt":{"rendered":"<p>Uppg\u00f6tva\u00f0u arfleif\u00f0 og i\u00f0andi l\u00edf Hoorn! Kafa\u00f0u inn \u00ed borg \u00fear sem velmegun geislar fr\u00e1 fornum sj\u00e1varh\u00f6fnum og i\u00f0andi m\u00f6rku\u00f0um. Me\u00f0 hverju skrefi b\u00fd\u00f0ur Hoorn upp \u00e1 \u00f3v\u00e6ntar \u00e1n\u00e6gjur, svo legg\u00f0u af sta\u00f0 \u00ed spennandi leit a\u00f0 v\u00edsbendingum \u00ed gegnum heillandi kjarna hennar!<\/p>\n","protected":false},"featured_media":18315,"template":"","meta":{"_acf_changed":false,"_yoast_wpseo_focuskw":"Secrets of Hoorn","_yoast_wpseo_metadesc":"Secrets of Hoorn. Spila\u00f0u sj\u00e1lfslei\u00f0s\u00f6gn borgarleik og kanna\u00f0u borgina me\u00f0 \u00ferautum, g\u00e1tum og \u00e1skorunum. Spila\u00f0u \u00e1 \u00fe\u00ednum eigin hra\u00f0a og uppg\u00f6tva\u00f0u eins og heimama\u00f0ur!","_kad_blocks_custom_css":"","_kad_blocks_head_custom_js":"","_kad_blocks_body_custom_js":"","_kad_blocks_footer_custom_js":"","ghostkit_customizer_options":"","ghostkit_custom_css":"","ghostkit_custom_js_head":"","ghostkit_custom_js_foot":"","ghostkit_typography":"","_kad_post_transparent":"","_kad_post_title":"","_kad_post_layout":"","_kad_post_sidebar_id":"","_kad_post_content_style":"","_kad_post_vertical_padding":"","_kad_post_feature":"","_kad_post_feature_position":"","_kad_post_header":false,"_kad_post_footer":false,"_kad_post_classname":"","_links_to":"","_links_to_target":""},"game-concept":[717],"location":[201],"product_brand":[],"product_cat":[27],"product_tag":[],"class_list":{"0":"post-60755","1":"product","2":"type-product","3":"status-publish","4":"has-post-thumbnail","6":"game-concept-secrets","7":"location-hoorn","8":"product_cat-geen-categorie","10":"first","11":"instock","12":"shipping-taxable","13":"purchasable","14":"product-type-simple","15":"entry","16":"content-bg","17":"loop-entry"},"acf":{"full_bokun_product_name":"Self-Guided Secrets of Hoorn Exploration Game","location_name":"Hoorn","bokun_calendar_widget_code":"<script type=\"text\/javascript\" src=\"https:\/\/widgets.bokun.io\/assets\/javascripts\/apps\/build\/BokunWidgetsLoader.js?bookingChannelUUID=a1e93e96-5232-4734-a595-28405f4b5a31\" async><\/script>\n     \n    <div class=\"bokunWidget\" data-src=\"https:\/\/widgets.bokun.io\/online-sales\/a1e93e96-5232-4734-a595-28405f4b5a31\/experience-calendar\/844617\"><\/div>\n    <noscript>Please enable javascript in your browser to book<\/noscript>","bokun_button_widget_code":"<script type=\"text\/javascript\" src=\"https:\/\/widgets.bokun.io\/assets\/javascripts\/apps\/build\/BokunWidgetsLoader.js?bookingChannelUUID=a1e93e96-5232-4734-a595-28405f4b5a31\" async><\/script>\n      <style> #bokun_ed001e45_5927_4f62_b470_ca766338d083 { display: inline-block; padding: .4em 1em; background: #47b82e; border-radius: 999999px; box-shadow: none; font-weight: 600; font-size: 24px; text-decoration: none; text-align: center; color: #FFFFFF; border:none; cursor: pointer; transition: background .2s ease; } #bokun_ed001e45_5927_4f62_b470_ca766338d083:hover{ background: #2f7b1f; } #bokun_ed001e45_5927_4f62_b470_ca766338d083:active{ background: #378f24; } <\/style> <button class=\"bokunButton\" disabled id=bokun_ed001e45_5927_4f62_b470_ca766338d083 data-src=\"https:\/\/widgets.bokun.io\/online-sales\/a1e93e96-5232-4734-a595-28405f4b5a31\/experience-calendar\/844617?partialView=1\" data-testid=\"widget-book-button\" > Book now <\/button> ","what_you\u2019ll_experience_during_the_game":"Borgarleikurinn \u00ed Hoorn skoppar m\u00fdkilega \u00ed gegnum gl\u00e6silegt jafnv\u00e6gi sko\u00f0unarfer\u00f0a og gr\u00edpandi, yfirgripsmikillar s\u00f6gu, sem er kryddu\u00f0 me\u00f0 gagnvirkum \u00e1skorunum. \u00deegar \u00fe\u00fa vefur \u00feig \u00ed gegnum borgina lei\u00f0ir leikurinn \u00feig tryggilega yfir b\u00e6\u00f0i helgimynda og oft yfirs\u00e9\u00f0 sv\u00e6\u00f0i Hoorn, og b\u00fd\u00f0ur upp \u00e1 ferskt sj\u00f3narhorn \u00ed gegnum k\u00f6nnunargluggann. Sta\u00f0ir eins og i\u00f0andi marka\u00f0storgi\u00f0, st\u00f3rbroti\u00f0 hafnarsv\u00e6\u00f0i og faldir h\u00fasasundir munu koma n\u00e1tt\u00farulega fram \u00feegar \u00fe\u00fa n\u00fdtur einstaks andr\u00famslofts og sjarma borgarinnar.\n\n\u00deegar \u00fe\u00fa gengur fram \u00ed leiknum m\u00e6tast k\u00f6nnunaruppg\u00f6tvanir \u00fe\u00ednar \u00f3a\u00f0finnanlega heimi \u00ferauta, g\u00e1ta og skapandi mynd\u00e1skorana. \u00deessar leitir gera ekki a\u00f0eins k\u00f6nnun \u00fe\u00edna \u00e1 Hoorn a\u00f0 samkeppnish\u00e6fri og spennandi upplifun heldur \u00fej\u00f3na \u00fe\u00e6r sem skref \u00ed \u00e1tt a\u00f0 loka leyndard\u00f3mnum, og hj\u00e1lpa \u00fe\u00e9r a\u00f0 safna stigum og opna gagnlegar v\u00edsbendingar. Leikurinn b\u00fd\u00f0ur upp \u00e1 sveigjanleika, sem gerir kleift a\u00f0 gera hl\u00e9 \u00e1 honum og halda \u00e1fram hven\u00e6r sem \u00fe\u00e9r hentar, fullkomi\u00f0 til a\u00f0 s\u00f6kkva s\u00e9r \u00ed notalegt andr\u00famsloft Hoorn. \u00deeir sem hafa keppnisskap geta stefnt a\u00f0 h\u00e1um sta\u00f0 \u00e1 stigat\u00f6flunni, og b\u00e6tt skemmtilegum \u00fe\u00e6tti vi\u00f0 \u00feennan Borgarleik mitt \u00ed fegur\u00f0 Hoorn.","how_to_play":"B\u00f3ka\u00f0u k\u00f6nnunarleikinn, sko\u00f0a\u00f0u t\u00f6lvup\u00f3stinn sem vi\u00f0 sendum \u00fe\u00e9r me\u00f0 einf\u00f6ldum lei\u00f0beiningum, hala\u00f0u ni\u00f0ur Loquiz appinu, opna\u00f0u k\u00f6nnunarleikinn og \u00fe\u00fa ert tilb\u00fainn til a\u00f0 hefja leikjaupplifun \u00fe\u00edna!","start_location":"Hoorn, Kerkplein","available_languages":["en","nl"],"players_per_group":"1-4","duration":"1.5-2 hours","image_overlay_color_image":"https:\/\/testwebsite.citygame.com\/wp-content\/blogs.dir\/1\/files\/sites\/62\/2026\/01\/SecretsColor.svg","image_overlay_game_logo":"https:\/\/testwebsite.citygame.com\/wp-content\/blogs.dir\/1\/files\/sites\/62\/2026\/01\/SecretsLogo.png","city_page":13332,"woocommerce_general_content":null},"yoast_head":"<!-- This site is optimized with the Yoast SEO Premium plugin v26.2 (Yoast SEO v26.3) - https:\/\/yoast.com\/wordpress\/plugins\/seo\/ -->\n<title>Secrets of Hoorn - City Game<\/title>\n<meta name=\"description\" content=\"Secrets of Hoorn. Spila\u00f0u sj\u00e1lfslei\u00f0s\u00f6gn borgarleik og kanna\u00f0u borgina me\u00f0 \u00ferautum, g\u00e1tum og \u00e1skorunum. Spila\u00f0u \u00e1 \u00fe\u00ednum eigin hra\u00f0a og uppg\u00f6tva\u00f0u eins og heimama\u00f0ur!\" \/>\n<meta name=\"robots\" content=\"noindex, follow, max-snippet:-1, max-image-preview:large, max-video-preview:-1\" \/>\n<meta property=\"og:locale\" content=\"is_IS\" \/>\n<meta property=\"og:type\" content=\"article\" \/>\n<meta property=\"og:title\" content=\"Secrets of Hoorn\" \/>\n<meta property=\"og:description\" content=\"Secrets of Hoorn. Spila\u00f0u sj\u00e1lfslei\u00f0s\u00f6gn borgarleik og kanna\u00f0u borgina me\u00f0 \u00ferautum, g\u00e1tum og \u00e1skorunum. Spila\u00f0u \u00e1 \u00fe\u00ednum eigin hra\u00f0a og uppg\u00f6tva\u00f0u eins og heimama\u00f0ur!\" \/>\n<meta property=\"og:url\" content=\"https:\/\/testwebsite.citygame.com\/is\/games\/hoorn\/secrets-of-hoorn\/\" \/>\n<meta property=\"og:site_name\" content=\"City Game\" \/>\n<meta property=\"article:publisher\" content=\"https:\/\/www.facebook.com\/profile.php?id=100086426226253\" \/>\n<meta property=\"article:modified_time\" content=\"2026-04-08T06:21:14+00:00\" \/>\n<meta property=\"og:image\" content=\"https:\/\/testwebsite.citygame.com\/wp-content\/blogs.dir\/1\/files\/sites\/62\/2026\/03\/hoorn-player-smartphone-harbor-boat.jpg\" \/>\n\t<meta property=\"og:image:width\" content=\"1024\" \/>\n\t<meta property=\"og:image:height\" content=\"1024\" \/>\n\t<meta property=\"og:image:type\" content=\"image\/jpeg\" \/>\n<meta name=\"twitter:card\" content=\"summary_large_image\" \/>\n<meta name=\"twitter:label1\" content=\"Est. reading time\" \/>\n\t<meta name=\"twitter:data1\" content=\"1 minute\" \/>\n<script type=\"application\/ld+json\" class=\"yoast-schema-graph\">{\"@context\":\"https:\/\/schema.org\",\"@graph\":[{\"@type\":\"WebPage\",\"@id\":\"https:\/\/testwebsite.citygame.com\/is\/games\/hoorn\/secrets-of-hoorn\/\",\"url\":\"https:\/\/testwebsite.citygame.com\/is\/games\/hoorn\/secrets-of-hoorn\/\",\"name\":\"Secrets of Hoorn - City Game\",\"isPartOf\":{\"@id\":\"https:\/\/testwebsite.upevents.nl\/#website\"},\"primaryImageOfPage\":{\"@id\":\"https:\/\/testwebsite.citygame.com\/is\/games\/hoorn\/secrets-of-hoorn\/#primaryimage\"},\"image\":{\"@id\":\"https:\/\/testwebsite.citygame.com\/is\/games\/hoorn\/secrets-of-hoorn\/#primaryimage\"},\"thumbnailUrl\":\"https:\/\/testwebsite.citygame.com\/wp-content\/blogs.dir\/1\/files\/sites\/62\/2026\/03\/hoorn-player-smartphone-harbor-boat.jpg\",\"datePublished\":\"2026-03-12T16:41:44+00:00\",\"dateModified\":\"2026-04-08T06:21:14+00:00\",\"description\":\"Secrets of Hoorn. Spila\u00f0u sj\u00e1lfslei\u00f0s\u00f6gn borgarleik og kanna\u00f0u borgina me\u00f0 \u00ferautum, g\u00e1tum og \u00e1skorunum. Spila\u00f0u \u00e1 \u00fe\u00ednum eigin hra\u00f0a og uppg\u00f6tva\u00f0u eins og heimama\u00f0ur!\",\"breadcrumb\":{\"@id\":\"https:\/\/testwebsite.citygame.com\/is\/games\/hoorn\/secrets-of-hoorn\/#breadcrumb\"},\"inLanguage\":\"is\",\"potentialAction\":[{\"@type\":\"ReadAction\",\"target\":[\"https:\/\/testwebsite.citygame.com\/is\/games\/hoorn\/secrets-of-hoorn\/\"]}]},{\"@type\":\"ImageObject\",\"inLanguage\":\"is\",\"@id\":\"https:\/\/testwebsite.citygame.com\/is\/games\/hoorn\/secrets-of-hoorn\/#primaryimage\",\"url\":\"https:\/\/testwebsite.citygame.com\/wp-content\/blogs.dir\/1\/files\/sites\/62\/2026\/03\/hoorn-player-smartphone-harbor-boat.jpg\",\"contentUrl\":\"https:\/\/testwebsite.citygame.com\/wp-content\/blogs.dir\/1\/files\/sites\/62\/2026\/03\/hoorn-player-smartphone-harbor-boat.jpg\",\"width\":1024,\"height\":1024,\"caption\":\"A player sits on a wooden pier next to traditional boats in the Hoorn harbor.\"},{\"@type\":\"BreadcrumbList\",\"@id\":\"https:\/\/testwebsite.citygame.com\/is\/games\/hoorn\/secrets-of-hoorn\/#breadcrumb\",\"itemListElement\":[{\"@type\":\"ListItem\",\"position\":1,\"name\":\"Home\",\"item\":\"https:\/\/testwebsite.citygame.com\/is\/\"},{\"@type\":\"ListItem\",\"position\":2,\"name\":\"Shop\",\"item\":\"https:\/\/testwebsite.citygame.com\/shop\/\"},{\"@type\":\"ListItem\",\"position\":3,\"name\":\"Secrets of Hoorn\"}]},{\"@type\":\"WebSite\",\"@id\":\"https:\/\/testwebsite.upevents.nl\/#website\",\"url\":\"https:\/\/testwebsite.upevents.nl\/\",\"name\":\"City Game\",\"description\":\"\",\"publisher\":{\"@id\":\"https:\/\/testwebsite.upevents.nl\/#organization\"},\"alternateName\":\"citygame.com\",\"potentialAction\":[{\"@type\":\"SearchAction\",\"target\":{\"@type\":\"EntryPoint\",\"urlTemplate\":\"https:\/\/testwebsite.upevents.nl\/?s={search_term_string}\"},\"query-input\":{\"@type\":\"PropertyValueSpecification\",\"valueRequired\":true,\"valueName\":\"search_term_string\"}}],\"inLanguage\":\"is\"},{\"@type\":[\"Organization\",\"Place\"],\"@id\":\"https:\/\/testwebsite.upevents.nl\/#organization\",\"name\":\"City Game\",\"alternateName\":\"citygame.com\",\"url\":\"https:\/\/testwebsite.upevents.nl\/\",\"logo\":{\"@id\":\"https:\/\/testwebsite.citygame.com\/is\/games\/hoorn\/secrets-of-hoorn\/#local-main-organization-logo\"},\"image\":{\"@id\":\"https:\/\/testwebsite.citygame.com\/is\/games\/hoorn\/secrets-of-hoorn\/#local-main-organization-logo\"},\"sameAs\":[\"https:\/\/www.facebook.com\/profile.php?id=100086426226253\",\"https:\/\/www.instagram.com\/citygame_com\",\"https:\/\/www.tiktok.com\/@citygamecom\/\",\"https:\/\/www.linkedin.com\/company\/citygame-com\"],\"description\":\"Turn any city into a playground with our interactive City Games and self-guided tours. Fun, flexible, and ideal for groups and team building.\",\"telephone\":[],\"openingHoursSpecification\":[{\"@type\":\"OpeningHoursSpecification\",\"dayOfWeek\":[\"Monday\",\"Tuesday\",\"Wednesday\",\"Thursday\",\"Friday\",\"Saturday\",\"Sunday\"],\"opens\":\"09:00\",\"closes\":\"17:00\"}]},{\"@type\":\"ImageObject\",\"inLanguage\":\"is\",\"@id\":\"https:\/\/testwebsite.citygame.com\/is\/games\/hoorn\/secrets-of-hoorn\/#local-main-organization-logo\",\"url\":\"https:\/\/testwebsite.citygame.com\/wp-content\/blogs.dir\/1\/files\/sites\/62\/2025\/10\/CG_LOGO-City-Game.png\",\"contentUrl\":\"https:\/\/testwebsite.citygame.com\/wp-content\/blogs.dir\/1\/files\/sites\/62\/2025\/10\/CG_LOGO-City-Game.png\",\"width\":351,\"height\":377,\"caption\":\"City Game\"}]}<\/script>\n<!-- \/ Yoast SEO Premium plugin. -->","yoast_head_json":{"title":"Secrets of Hoorn - City Game","description":"Secrets of Hoorn. Spila\u00f0u sj\u00e1lfslei\u00f0s\u00f6gn borgarleik og kanna\u00f0u borgina me\u00f0 \u00ferautum, g\u00e1tum og \u00e1skorunum. Spila\u00f0u \u00e1 \u00fe\u00ednum eigin hra\u00f0a og uppg\u00f6tva\u00f0u eins og heimama\u00f0ur!","robots":{"index":"noindex","follow":"follow","max-snippet":"max-snippet:-1","max-image-preview":"max-image-preview:large","max-video-preview":"max-video-preview:-1"},"og_locale":"is_IS","og_type":"article","og_title":"Secrets of Hoorn","og_description":"Secrets of Hoorn. Spila\u00f0u sj\u00e1lfslei\u00f0s\u00f6gn borgarleik og kanna\u00f0u borgina me\u00f0 \u00ferautum, g\u00e1tum og \u00e1skorunum. Spila\u00f0u \u00e1 \u00fe\u00ednum eigin hra\u00f0a og uppg\u00f6tva\u00f0u eins og heimama\u00f0ur!","og_url":"https:\/\/testwebsite.citygame.com\/is\/games\/hoorn\/secrets-of-hoorn\/","og_site_name":"City Game","article_publisher":"https:\/\/www.facebook.com\/profile.php?id=100086426226253","article_modified_time":"2026-04-08T06:21:14+00:00","og_image":[{"width":1024,"height":1024,"url":"https:\/\/testwebsite.citygame.com\/wp-content\/blogs.dir\/1\/files\/sites\/62\/2026\/03\/hoorn-player-smartphone-harbor-boat.jpg","type":"image\/jpeg"}],"twitter_card":"summary_large_image","twitter_misc":{"Est. reading time":"1 minute"},"schema":{"@context":"https:\/\/schema.org","@graph":[{"@type":"WebPage","@id":"https:\/\/testwebsite.citygame.com\/is\/games\/hoorn\/secrets-of-hoorn\/","url":"https:\/\/testwebsite.citygame.com\/is\/games\/hoorn\/secrets-of-hoorn\/","name":"Secrets of Hoorn - City Game","isPartOf":{"@id":"https:\/\/testwebsite.upevents.nl\/#website"},"primaryImageOfPage":{"@id":"https:\/\/testwebsite.citygame.com\/is\/games\/hoorn\/secrets-of-hoorn\/#primaryimage"},"image":{"@id":"https:\/\/testwebsite.citygame.com\/is\/games\/hoorn\/secrets-of-hoorn\/#primaryimage"},"thumbnailUrl":"https:\/\/testwebsite.citygame.com\/wp-content\/blogs.dir\/1\/files\/sites\/62\/2026\/03\/hoorn-player-smartphone-harbor-boat.jpg","datePublished":"2026-03-12T16:41:44+00:00","dateModified":"2026-04-08T06:21:14+00:00","description":"Secrets of Hoorn. Spila\u00f0u sj\u00e1lfslei\u00f0s\u00f6gn borgarleik og kanna\u00f0u borgina me\u00f0 \u00ferautum, g\u00e1tum og \u00e1skorunum. Spila\u00f0u \u00e1 \u00fe\u00ednum eigin hra\u00f0a og uppg\u00f6tva\u00f0u eins og heimama\u00f0ur!","breadcrumb":{"@id":"https:\/\/testwebsite.citygame.com\/is\/games\/hoorn\/secrets-of-hoorn\/#breadcrumb"},"inLanguage":"is","potentialAction":[{"@type":"ReadAction","target":["https:\/\/testwebsite.citygame.com\/is\/games\/hoorn\/secrets-of-hoorn\/"]}]},{"@type":"ImageObject","inLanguage":"is","@id":"https:\/\/testwebsite.citygame.com\/is\/games\/hoorn\/secrets-of-hoorn\/#primaryimage","url":"https:\/\/testwebsite.citygame.com\/wp-content\/blogs.dir\/1\/files\/sites\/62\/2026\/03\/hoorn-player-smartphone-harbor-boat.jpg","contentUrl":"https:\/\/testwebsite.citygame.com\/wp-content\/blogs.dir\/1\/files\/sites\/62\/2026\/03\/hoorn-player-smartphone-harbor-boat.jpg","width":1024,"height":1024,"caption":"A player sits on a wooden pier next to traditional boats in the Hoorn harbor."},{"@type":"BreadcrumbList","@id":"https:\/\/testwebsite.citygame.com\/is\/games\/hoorn\/secrets-of-hoorn\/#breadcrumb","itemListElement":[{"@type":"ListItem","position":1,"name":"Home","item":"https:\/\/testwebsite.citygame.com\/is\/"},{"@type":"ListItem","position":2,"name":"Shop","item":"https:\/\/testwebsite.citygame.com\/shop\/"},{"@type":"ListItem","position":3,"name":"Secrets of Hoorn"}]},{"@type":"WebSite","@id":"https:\/\/testwebsite.upevents.nl\/#website","url":"https:\/\/testwebsite.upevents.nl\/","name":"City Game","description":"","publisher":{"@id":"https:\/\/testwebsite.upevents.nl\/#organization"},"alternateName":"citygame.com","potentialAction":[{"@type":"SearchAction","target":{"@type":"EntryPoint","urlTemplate":"https:\/\/testwebsite.upevents.nl\/?s={search_term_string}"},"query-input":{"@type":"PropertyValueSpecification","valueRequired":true,"valueName":"search_term_string"}}],"inLanguage":"is"},{"@type":["Organization","Place"],"@id":"https:\/\/testwebsite.upevents.nl\/#organization","name":"City Game","alternateName":"citygame.com","url":"https:\/\/testwebsite.upevents.nl\/","logo":{"@id":"https:\/\/testwebsite.citygame.com\/is\/games\/hoorn\/secrets-of-hoorn\/#local-main-organization-logo"},"image":{"@id":"https:\/\/testwebsite.citygame.com\/is\/games\/hoorn\/secrets-of-hoorn\/#local-main-organization-logo"},"sameAs":["https:\/\/www.facebook.com\/profile.php?id=100086426226253","https:\/\/www.instagram.com\/citygame_com","https:\/\/www.tiktok.com\/@citygamecom\/","https:\/\/www.linkedin.com\/company\/citygame-com"],"description":"Turn any city into a playground with our interactive City Games and self-guided tours. Fun, flexible, and ideal for groups and team building.","telephone":[],"openingHoursSpecification":[{"@type":"OpeningHoursSpecification","dayOfWeek":["Monday","Tuesday","Wednesday","Thursday","Friday","Saturday","Sunday"],"opens":"09:00","closes":"17:00"}]},{"@type":"ImageObject","inLanguage":"is","@id":"https:\/\/testwebsite.citygame.com\/is\/games\/hoorn\/secrets-of-hoorn\/#local-main-organization-logo","url":"https:\/\/testwebsite.citygame.com\/wp-content\/blogs.dir\/1\/files\/sites\/62\/2025\/10\/CG_LOGO-City-Game.png","contentUrl":"https:\/\/testwebsite.citygame.com\/wp-content\/blogs.dir\/1\/files\/sites\/62\/2025\/10\/CG_LOGO-City-Game.png","width":351,"height":377,"caption":"City Game"}]}},"taxonomy_info":{"game-concept":[{"value":717,"label":"Secrets"}],"location":[{"value":201,"label":"Hoorn"}],"product_cat":[{"value":27,"label":"Geen categorie"}]},"featured_image_src_large":["https:\/\/testwebsite.citygame.com\/wp-content\/blogs.dir\/1\/files\/sites\/62\/2026\/03\/hoorn-player-smartphone-harbor-boat.jpg",1024,1024,false],"author_info":[],"comment_info":"","_links":{"self":[{"href":"https:\/\/testwebsite.citygame.com\/is\/wp-json\/wp\/v2\/product\/60755","targetHints":{"allow":["GET"]}}],"collection":[{"href":"https:\/\/testwebsite.citygame.com\/is\/wp-json\/wp\/v2\/product"}],"about":[{"href":"https:\/\/testwebsite.citygame.com\/is\/wp-json\/wp\/v2\/types\/product"}],"acf:post":[{"embeddable":true,"href":"https:\/\/testwebsite.citygame.com\/is\/wp-json\/wp\/v2\/pages\/13332"}],"wp:featuredmedia":[{"embeddable":true,"href":"https:\/\/testwebsite.citygame.com\/is\/wp-json\/wp\/v2\/media\/18315"}],"wp:attachment":[{"href":"https:\/\/testwebsite.citygame.com\/is\/wp-json\/wp\/v2\/media?parent=60755"}],"wp:term":[{"taxonomy":"game-concept","embeddable":true,"href":"https:\/\/testwebsite.citygame.com\/is\/wp-json\/wp\/v2\/game-concept?post=60755"},{"taxonomy":"location","embeddable":true,"href":"https:\/\/testwebsite.citygame.com\/is\/wp-json\/wp\/v2\/location?post=60755"},{"taxonomy":"product_brand","embeddable":true,"href":"https:\/\/testwebsite.citygame.com\/is\/wp-json\/wp\/v2\/product_brand?post=60755"},{"taxonomy":"product_cat","embeddable":true,"href":"https:\/\/testwebsite.citygame.com\/is\/wp-json\/wp\/v2\/product_cat?post=60755"},{"taxonomy":"product_tag","embeddable":true,"href":"https:\/\/testwebsite.citygame.com\/is\/wp-json\/wp\/v2\/product_tag?post=60755"}],"curies":[{"name":"wp","href":"https:\/\/api.w.org\/{rel}","templated":true}]}}