{"id":60068,"date":"2026-03-12T14:14:36","date_gmt":"2026-03-12T14:14:36","guid":{"rendered":"https:\/\/testwebsite.citygame.com\/games\/unknown-location\/secrets-of-cadiz\/"},"modified":"2026-04-08T05:07:34","modified_gmt":"2026-04-08T05:07:34","slug":"secrets-of-cadiz","status":"publish","type":"product","link":"https:\/\/testwebsite.citygame.com\/is\/games\/cadiz\/secrets-of-cadiz\/","title":{"rendered":"Secrets of Cadiz"},"content":{"rendered":"<p>&#8216;Secrets of Cadiz&#8217; borgarleikurinn er heillandi, sj\u00e1lfst\u00fdr\u00f0ur borgarleikur sem sta\u00f0setur leikmenn \u00ed s\u00f6gulega mi\u00f0b\u00e6 Cadiz. \u00deessi gr\u00edpandi k\u00f6nnunarleikur n\u00fdtir GPS-t\u00e6kni til fulls, sem gerir \u00fe\u00e1tttakendum kleift a\u00f0 afhj\u00fapa fl\u00f3kna v\u00f6lundarh\u00fas \u00feessarar sp\u00e6nsku borgar eing\u00f6ngu \u00ed gegnum snjalls\u00edma s\u00edna. \u00deegar \u00feeir rata \u00ed gegnum r\u00f6\u00f0 \u00ferauta, g\u00e1tna og lj\u00f3smynda\u00e1skorana, munu leikmenn \u00f6\u00f0last d\u00fdpri skilning \u00e1 r\u00edkri s\u00f6gu Cadiz, lifandi menningu og falnum gimsteinum sem ekki eru alltaf auglj\u00f3sir. Hentar b\u00e6\u00f0i heimam\u00f6nnum og fer\u00f0am\u00f6nnum sem vilja sj\u00e1 Cadiz fr\u00e1 einst\u00e6\u00f0u sj\u00f3narhorni, \u00feessi leikur h\u00f6f\u00f0ar til b\u00e6\u00f0i einstaklings\u00e6vint\u00fdramanna og h\u00f3pa, allt fr\u00e1 p\u00f6rum og fj\u00f6lskyldum til n\u00e1inna vina. Kafa\u00f0u \u00fe\u00e9r \u00ed yfirgripsmikinn heim \u00feessa GPS-leiks og sko\u00f0a\u00f0u Cadiz eins og aldrei fyrr!<\/p>\n","protected":false},"excerpt":{"rendered":"<p>Kafa\u00f0u \u00fe\u00e9r \u00ed s\u00f3lb\u00f6\u00f0u\u00f0u d\u00fdr\u00f0 Cadiz! Reiktu um borg \u00fear sem hef\u00f0in dansar me\u00f0fram steinil\u00f6g\u00f0um g\u00f6tum og s\u00f6gur af fornum d\u00fdr\u00f0 hv\u00edsla fr\u00e1 sj\u00e1varblautum varnarm\u00farum. Safna\u00f0u leyndarm\u00e1lum \u00feegar \u00fe\u00fa vindur \u00fe\u00e9r \u00ed gegnum bjarta s\u00e1l hennar, Cadiz er full af opinberunum \u00e1 hverju horni!<\/p>\n","protected":false},"featured_media":18273,"template":"","meta":{"_acf_changed":false,"_yoast_wpseo_focuskw":"Secrets of Cadiz","_yoast_wpseo_metadesc":"Secrets of Cadiz. Spila\u00f0u sj\u00e1lfst\u00fdr\u00f0an borgarleik og sko\u00f0a\u00f0u borgina me\u00f0 \u00ferautum, g\u00e1tum og \u00e1skorunum. Spila\u00f0u \u00e1 \u00fe\u00ednum eigin hra\u00f0a og uppg\u00f6tva\u00f0u eins og heimama\u00f0ur!","_kad_blocks_custom_css":"","_kad_blocks_head_custom_js":"","_kad_blocks_body_custom_js":"","_kad_blocks_footer_custom_js":"","ghostkit_customizer_options":"","ghostkit_custom_css":"","ghostkit_custom_js_head":"","ghostkit_custom_js_foot":"","ghostkit_typography":"","_kad_post_transparent":"","_kad_post_title":"","_kad_post_layout":"","_kad_post_sidebar_id":"","_kad_post_content_style":"","_kad_post_vertical_padding":"","_kad_post_feature":"","_kad_post_feature_position":"","_kad_post_header":false,"_kad_post_footer":false,"_kad_post_classname":"","_links_to":"","_links_to_target":""},"game-concept":[717],"location":[110],"product_brand":[],"product_cat":[27],"product_tag":[],"class_list":{"0":"post-60068","1":"product","2":"type-product","3":"status-publish","4":"has-post-thumbnail","6":"game-concept-secrets","7":"location-cadiz","8":"product_cat-geen-categorie","10":"first","11":"instock","12":"shipping-taxable","13":"purchasable","14":"product-type-simple","15":"entry","16":"content-bg","17":"loop-entry"},"acf":{"full_bokun_product_name":"Self-Guided Secrets of C\u00e1diz Exploration Game","location_name":"Cadiz","bokun_calendar_widget_code":"<script type=\"text\/javascript\" src=\"https:\/\/widgets.bokun.io\/assets\/javascripts\/apps\/build\/BokunWidgetsLoader.js?bookingChannelUUID=a1e93e96-5232-4734-a595-28405f4b5a31\" async><\/script>\n     \n    <div class=\"bokunWidget\" data-src=\"https:\/\/widgets.bokun.io\/online-sales\/a1e93e96-5232-4734-a595-28405f4b5a31\/experience-calendar\/828179\"><\/div>\n    <noscript>Please enable javascript in your browser to book<\/noscript>","bokun_button_widget_code":"<script type=\"text\/javascript\" src=\"https:\/\/widgets.bokun.io\/assets\/javascripts\/apps\/build\/BokunWidgetsLoader.js?bookingChannelUUID=a1e93e96-5232-4734-a595-28405f4b5a31\" async><\/script>\n      <style> #bokun_ed001e45_5927_4f62_b470_ca766338d083 { display: inline-block; padding: .4em 1em; background: #47b82e; border-radius: 999999px; box-shadow: none; font-weight: 600; font-size: 24px; text-decoration: none; text-align: center; color: #FFFFFF; border:none; cursor: pointer; transition: background .2s ease; } #bokun_ed001e45_5927_4f62_b470_ca766338d083:hover{ background: #2f7b1f; } #bokun_ed001e45_5927_4f62_b470_ca766338d083:active{ background: #378f24; } <\/style> <button class=\"bokunButton\" disabled id=bokun_ed001e45_5927_4f62_b470_ca766338d083 data-src=\"https:\/\/widgets.bokun.io\/online-sales\/a1e93e96-5232-4734-a595-28405f4b5a31\/experience-calendar\/828179?partialView=1\" data-testid=\"widget-book-button\" > Book now <\/button> ","what_you\u2019ll_experience_during_the_game":"Kanna\u00f0u hina heillandi borg Cadiz \u00ed gegnum skemmtilegan og gr\u00edpandi borgarleik, sem er \u00f3a\u00f0finnanleg blanda af sko\u00f0unarfer\u00f0um og gagnvirkum s\u00f6gum. Leikurinn kynnir \u00fe\u00e9r b\u00e6\u00f0i helgimynda og falin horn borgarinnar, hvert um sig \u00e1samt \u00f6rvandi \u00ferautum og \u00e1skorunum sem vekja s\u00f6gu borgarinnar til l\u00edfsins. \u00cd gegnum \u00feessa yfirgripsmiklu fer\u00f0 muntu undrast heillandi byggingarlistina, r\u00e1fa um \u00fer\u00f6ngar, steinilag\u00f0ar g\u00f6tur og rekast \u00e1 \u00e1hrifamikil torg sem endurspegla r\u00edka menningu Cadiz. \u00c1n efa gefur \u00feessi k\u00f6nnunarleikur \u00fe\u00e9r einstakt sj\u00f3narhorn \u00e1 borgina.\n\n\u00deegar leikmenn kafa d\u00fdpra inn \u00ed \u00e6vint\u00fdri\u00f0 sitt munu \u00feeir rekast \u00e1 r\u00f6\u00f0 af \u00ferautum, g\u00e1tum og skapandi lj\u00f3smynda\u00e1skorunum. Hver leyst g\u00e1ta gefur \u00fe\u00e9r ekki a\u00f0eins ver\u00f0m\u00e6t stig heldur opnar einnig v\u00edsbendingar sem lei\u00f0a \u00feig a\u00f0 \u00fev\u00ed a\u00f0 leysa st\u00f3ra leyndard\u00f3minn. \u00de\u00fa velur \u00feinn hra\u00f0a, gerir hl\u00e9 \u00feegar \u00fe\u00fa vilt sko\u00f0a lengur og heldur \u00e1fram \u00feegar \u00fe\u00fa vilt halda \u00e1fram leiknum. Fyrir \u00fe\u00e1 sem eru me\u00f0 samkeppnish\u00e6fni, stefni\u00f0 h\u00e1tt og reyni\u00f0 a\u00f0 tryggja ykkur \u00e1berandi st\u00f6\u00f0u \u00e1 stigat\u00f6flunni. Uppg\u00f6tva\u00f0u heillandi takta og leyndarm\u00e1l Cadiz \u00ed gegnum \u00feennan heillandi borgarleik. Hvort sem \u00fe\u00fa ert \u00edb\u00fai e\u00f0a gestur, \u00fe\u00e1 mun \u00feessi yfirgripsmikla upplifun \u00e1n efa veita r\u00edka og gr\u00edpandi inns\u00fdn \u00ed s\u00f6gu og l\u00edf borgarinnar.","how_to_play":"B\u00f3ka\u00f0u k\u00f6nnunarleikinn, athuga\u00f0u t\u00f6lvup\u00f3stinn sem vi\u00f0 sendum \u00fe\u00e9r me\u00f0 einf\u00f6ldum lei\u00f0beiningum, hala\u00f0u ni\u00f0ur Loquiz appinu, opna\u00f0u k\u00f6nnunarleikinn og \u00fe\u00fa ert tilb\u00fainn til a\u00f0 hefja leikreynslu \u00fe\u00edna!","start_location":"Cadiz, Plaza de la Catedral","available_languages":["en"],"players_per_group":"1-4","duration":"1.5-2 hours","image_overlay_color_image":"https:\/\/testwebsite.citygame.com\/wp-content\/blogs.dir\/1\/files\/sites\/62\/2026\/01\/SecretsColor.svg","image_overlay_game_logo":"https:\/\/testwebsite.citygame.com\/wp-content\/blogs.dir\/1\/files\/sites\/62\/2026\/01\/SecretsLogo.png","city_page":13251,"woocommerce_general_content":null},"yoast_head":"<!-- This site is optimized with the Yoast SEO Premium plugin v26.2 (Yoast SEO v26.3) - https:\/\/yoast.com\/wordpress\/plugins\/seo\/ -->\n<title>Secrets of Cadiz - City Game<\/title>\n<meta name=\"description\" content=\"Secrets of Cadiz. Spila\u00f0u sj\u00e1lfst\u00fdr\u00f0an borgarleik og sko\u00f0a\u00f0u borgina me\u00f0 \u00ferautum, g\u00e1tum og \u00e1skorunum. Spila\u00f0u \u00e1 \u00fe\u00ednum eigin hra\u00f0a og uppg\u00f6tva\u00f0u eins og heimama\u00f0ur!\" \/>\n<meta name=\"robots\" content=\"noindex, follow, max-snippet:-1, max-image-preview:large, max-video-preview:-1\" \/>\n<meta property=\"og:locale\" content=\"is_IS\" \/>\n<meta property=\"og:type\" content=\"article\" \/>\n<meta property=\"og:title\" content=\"Secrets of Cadiz\" \/>\n<meta property=\"og:description\" content=\"Secrets of Cadiz. Spila\u00f0u sj\u00e1lfst\u00fdr\u00f0an borgarleik og sko\u00f0a\u00f0u borgina me\u00f0 \u00ferautum, g\u00e1tum og \u00e1skorunum. Spila\u00f0u \u00e1 \u00fe\u00ednum eigin hra\u00f0a og uppg\u00f6tva\u00f0u eins og heimama\u00f0ur!\" \/>\n<meta property=\"og:url\" content=\"https:\/\/testwebsite.citygame.com\/is\/games\/cadiz\/secrets-of-cadiz\/\" \/>\n<meta property=\"og:site_name\" content=\"City Game\" \/>\n<meta property=\"article:publisher\" content=\"https:\/\/www.facebook.com\/profile.php?id=100086426226253\" \/>\n<meta property=\"article:modified_time\" content=\"2026-04-08T05:07:34+00:00\" \/>\n<meta property=\"og:image\" content=\"https:\/\/testwebsite.citygame.com\/wp-content\/blogs.dir\/1\/files\/sites\/62\/2026\/03\/citygame-players-cadiz-cathedral-spain.jpg\" \/>\n\t<meta property=\"og:image:width\" content=\"1024\" \/>\n\t<meta property=\"og:image:height\" content=\"1024\" \/>\n\t<meta property=\"og:image:type\" content=\"image\/jpeg\" \/>\n<meta name=\"twitter:card\" content=\"summary_large_image\" \/>\n<meta name=\"twitter:label1\" content=\"Est. reading time\" \/>\n\t<meta name=\"twitter:data1\" content=\"1 minute\" \/>\n<script type=\"application\/ld+json\" class=\"yoast-schema-graph\">{\"@context\":\"https:\/\/schema.org\",\"@graph\":[{\"@type\":\"WebPage\",\"@id\":\"https:\/\/testwebsite.citygame.com\/is\/games\/cadiz\/secrets-of-cadiz\/\",\"url\":\"https:\/\/testwebsite.citygame.com\/is\/games\/cadiz\/secrets-of-cadiz\/\",\"name\":\"Secrets of Cadiz - City Game\",\"isPartOf\":{\"@id\":\"https:\/\/testwebsite.upevents.nl\/#website\"},\"primaryImageOfPage\":{\"@id\":\"https:\/\/testwebsite.citygame.com\/is\/games\/cadiz\/secrets-of-cadiz\/#primaryimage\"},\"image\":{\"@id\":\"https:\/\/testwebsite.citygame.com\/is\/games\/cadiz\/secrets-of-cadiz\/#primaryimage\"},\"thumbnailUrl\":\"https:\/\/testwebsite.citygame.com\/wp-content\/blogs.dir\/1\/files\/sites\/62\/2026\/03\/citygame-players-cadiz-cathedral-spain.jpg\",\"datePublished\":\"2026-03-12T14:14:36+00:00\",\"dateModified\":\"2026-04-08T05:07:34+00:00\",\"description\":\"Secrets of Cadiz. Spila\u00f0u sj\u00e1lfst\u00fdr\u00f0an borgarleik og sko\u00f0a\u00f0u borgina me\u00f0 \u00ferautum, g\u00e1tum og \u00e1skorunum. Spila\u00f0u \u00e1 \u00fe\u00ednum eigin hra\u00f0a og uppg\u00f6tva\u00f0u eins og heimama\u00f0ur!\",\"breadcrumb\":{\"@id\":\"https:\/\/testwebsite.citygame.com\/is\/games\/cadiz\/secrets-of-cadiz\/#breadcrumb\"},\"inLanguage\":\"is\",\"potentialAction\":[{\"@type\":\"ReadAction\",\"target\":[\"https:\/\/testwebsite.citygame.com\/is\/games\/cadiz\/secrets-of-cadiz\/\"]}]},{\"@type\":\"ImageObject\",\"inLanguage\":\"is\",\"@id\":\"https:\/\/testwebsite.citygame.com\/is\/games\/cadiz\/secrets-of-cadiz\/#primaryimage\",\"url\":\"https:\/\/testwebsite.citygame.com\/wp-content\/blogs.dir\/1\/files\/sites\/62\/2026\/03\/citygame-players-cadiz-cathedral-spain.jpg\",\"contentUrl\":\"https:\/\/testwebsite.citygame.com\/wp-content\/blogs.dir\/1\/files\/sites\/62\/2026\/03\/citygame-players-cadiz-cathedral-spain.jpg\",\"width\":1024,\"height\":1024,\"caption\":\"A group of young adults explore the city of Cadiz using a smartphone app.\"},{\"@type\":\"BreadcrumbList\",\"@id\":\"https:\/\/testwebsite.citygame.com\/is\/games\/cadiz\/secrets-of-cadiz\/#breadcrumb\",\"itemListElement\":[{\"@type\":\"ListItem\",\"position\":1,\"name\":\"Home\",\"item\":\"https:\/\/testwebsite.citygame.com\/is\/\"},{\"@type\":\"ListItem\",\"position\":2,\"name\":\"Shop\",\"item\":\"https:\/\/testwebsite.citygame.com\/shop\/\"},{\"@type\":\"ListItem\",\"position\":3,\"name\":\"Secrets of Cadiz\"}]},{\"@type\":\"WebSite\",\"@id\":\"https:\/\/testwebsite.upevents.nl\/#website\",\"url\":\"https:\/\/testwebsite.upevents.nl\/\",\"name\":\"City Game\",\"description\":\"\",\"publisher\":{\"@id\":\"https:\/\/testwebsite.upevents.nl\/#organization\"},\"alternateName\":\"citygame.com\",\"potentialAction\":[{\"@type\":\"SearchAction\",\"target\":{\"@type\":\"EntryPoint\",\"urlTemplate\":\"https:\/\/testwebsite.upevents.nl\/?s={search_term_string}\"},\"query-input\":{\"@type\":\"PropertyValueSpecification\",\"valueRequired\":true,\"valueName\":\"search_term_string\"}}],\"inLanguage\":\"is\"},{\"@type\":[\"Organization\",\"Place\"],\"@id\":\"https:\/\/testwebsite.upevents.nl\/#organization\",\"name\":\"City Game\",\"alternateName\":\"citygame.com\",\"url\":\"https:\/\/testwebsite.upevents.nl\/\",\"logo\":{\"@id\":\"https:\/\/testwebsite.citygame.com\/is\/games\/cadiz\/secrets-of-cadiz\/#local-main-organization-logo\"},\"image\":{\"@id\":\"https:\/\/testwebsite.citygame.com\/is\/games\/cadiz\/secrets-of-cadiz\/#local-main-organization-logo\"},\"sameAs\":[\"https:\/\/www.facebook.com\/profile.php?id=100086426226253\",\"https:\/\/www.instagram.com\/citygame_com\",\"https:\/\/www.tiktok.com\/@citygamecom\/\",\"https:\/\/www.linkedin.com\/company\/citygame-com\"],\"description\":\"Turn any city into a playground with our interactive City Games and self-guided tours. Fun, flexible, and ideal for groups and team building.\",\"telephone\":[],\"openingHoursSpecification\":[{\"@type\":\"OpeningHoursSpecification\",\"dayOfWeek\":[\"Monday\",\"Tuesday\",\"Wednesday\",\"Thursday\",\"Friday\",\"Saturday\",\"Sunday\"],\"opens\":\"09:00\",\"closes\":\"17:00\"}]},{\"@type\":\"ImageObject\",\"inLanguage\":\"is\",\"@id\":\"https:\/\/testwebsite.citygame.com\/is\/games\/cadiz\/secrets-of-cadiz\/#local-main-organization-logo\",\"url\":\"https:\/\/testwebsite.citygame.com\/wp-content\/blogs.dir\/1\/files\/sites\/62\/2025\/10\/CG_LOGO-City-Game.png\",\"contentUrl\":\"https:\/\/testwebsite.citygame.com\/wp-content\/blogs.dir\/1\/files\/sites\/62\/2025\/10\/CG_LOGO-City-Game.png\",\"width\":351,\"height\":377,\"caption\":\"City Game\"}]}<\/script>\n<!-- \/ Yoast SEO Premium plugin. -->","yoast_head_json":{"title":"Secrets of Cadiz - City Game","description":"Secrets of Cadiz. Spila\u00f0u sj\u00e1lfst\u00fdr\u00f0an borgarleik og sko\u00f0a\u00f0u borgina me\u00f0 \u00ferautum, g\u00e1tum og \u00e1skorunum. Spila\u00f0u \u00e1 \u00fe\u00ednum eigin hra\u00f0a og uppg\u00f6tva\u00f0u eins og heimama\u00f0ur!","robots":{"index":"noindex","follow":"follow","max-snippet":"max-snippet:-1","max-image-preview":"max-image-preview:large","max-video-preview":"max-video-preview:-1"},"og_locale":"is_IS","og_type":"article","og_title":"Secrets of Cadiz","og_description":"Secrets of Cadiz. Spila\u00f0u sj\u00e1lfst\u00fdr\u00f0an borgarleik og sko\u00f0a\u00f0u borgina me\u00f0 \u00ferautum, g\u00e1tum og \u00e1skorunum. Spila\u00f0u \u00e1 \u00fe\u00ednum eigin hra\u00f0a og uppg\u00f6tva\u00f0u eins og heimama\u00f0ur!","og_url":"https:\/\/testwebsite.citygame.com\/is\/games\/cadiz\/secrets-of-cadiz\/","og_site_name":"City Game","article_publisher":"https:\/\/www.facebook.com\/profile.php?id=100086426226253","article_modified_time":"2026-04-08T05:07:34+00:00","og_image":[{"width":1024,"height":1024,"url":"https:\/\/testwebsite.citygame.com\/wp-content\/blogs.dir\/1\/files\/sites\/62\/2026\/03\/citygame-players-cadiz-cathedral-spain.jpg","type":"image\/jpeg"}],"twitter_card":"summary_large_image","twitter_misc":{"Est. reading time":"1 minute"},"schema":{"@context":"https:\/\/schema.org","@graph":[{"@type":"WebPage","@id":"https:\/\/testwebsite.citygame.com\/is\/games\/cadiz\/secrets-of-cadiz\/","url":"https:\/\/testwebsite.citygame.com\/is\/games\/cadiz\/secrets-of-cadiz\/","name":"Secrets of Cadiz - City Game","isPartOf":{"@id":"https:\/\/testwebsite.upevents.nl\/#website"},"primaryImageOfPage":{"@id":"https:\/\/testwebsite.citygame.com\/is\/games\/cadiz\/secrets-of-cadiz\/#primaryimage"},"image":{"@id":"https:\/\/testwebsite.citygame.com\/is\/games\/cadiz\/secrets-of-cadiz\/#primaryimage"},"thumbnailUrl":"https:\/\/testwebsite.citygame.com\/wp-content\/blogs.dir\/1\/files\/sites\/62\/2026\/03\/citygame-players-cadiz-cathedral-spain.jpg","datePublished":"2026-03-12T14:14:36+00:00","dateModified":"2026-04-08T05:07:34+00:00","description":"Secrets of Cadiz. Spila\u00f0u sj\u00e1lfst\u00fdr\u00f0an borgarleik og sko\u00f0a\u00f0u borgina me\u00f0 \u00ferautum, g\u00e1tum og \u00e1skorunum. Spila\u00f0u \u00e1 \u00fe\u00ednum eigin hra\u00f0a og uppg\u00f6tva\u00f0u eins og heimama\u00f0ur!","breadcrumb":{"@id":"https:\/\/testwebsite.citygame.com\/is\/games\/cadiz\/secrets-of-cadiz\/#breadcrumb"},"inLanguage":"is","potentialAction":[{"@type":"ReadAction","target":["https:\/\/testwebsite.citygame.com\/is\/games\/cadiz\/secrets-of-cadiz\/"]}]},{"@type":"ImageObject","inLanguage":"is","@id":"https:\/\/testwebsite.citygame.com\/is\/games\/cadiz\/secrets-of-cadiz\/#primaryimage","url":"https:\/\/testwebsite.citygame.com\/wp-content\/blogs.dir\/1\/files\/sites\/62\/2026\/03\/citygame-players-cadiz-cathedral-spain.jpg","contentUrl":"https:\/\/testwebsite.citygame.com\/wp-content\/blogs.dir\/1\/files\/sites\/62\/2026\/03\/citygame-players-cadiz-cathedral-spain.jpg","width":1024,"height":1024,"caption":"A group of young adults explore the city of Cadiz using a smartphone app."},{"@type":"BreadcrumbList","@id":"https:\/\/testwebsite.citygame.com\/is\/games\/cadiz\/secrets-of-cadiz\/#breadcrumb","itemListElement":[{"@type":"ListItem","position":1,"name":"Home","item":"https:\/\/testwebsite.citygame.com\/is\/"},{"@type":"ListItem","position":2,"name":"Shop","item":"https:\/\/testwebsite.citygame.com\/shop\/"},{"@type":"ListItem","position":3,"name":"Secrets of Cadiz"}]},{"@type":"WebSite","@id":"https:\/\/testwebsite.upevents.nl\/#website","url":"https:\/\/testwebsite.upevents.nl\/","name":"City Game","description":"","publisher":{"@id":"https:\/\/testwebsite.upevents.nl\/#organization"},"alternateName":"citygame.com","potentialAction":[{"@type":"SearchAction","target":{"@type":"EntryPoint","urlTemplate":"https:\/\/testwebsite.upevents.nl\/?s={search_term_string}"},"query-input":{"@type":"PropertyValueSpecification","valueRequired":true,"valueName":"search_term_string"}}],"inLanguage":"is"},{"@type":["Organization","Place"],"@id":"https:\/\/testwebsite.upevents.nl\/#organization","name":"City Game","alternateName":"citygame.com","url":"https:\/\/testwebsite.upevents.nl\/","logo":{"@id":"https:\/\/testwebsite.citygame.com\/is\/games\/cadiz\/secrets-of-cadiz\/#local-main-organization-logo"},"image":{"@id":"https:\/\/testwebsite.citygame.com\/is\/games\/cadiz\/secrets-of-cadiz\/#local-main-organization-logo"},"sameAs":["https:\/\/www.facebook.com\/profile.php?id=100086426226253","https:\/\/www.instagram.com\/citygame_com","https:\/\/www.tiktok.com\/@citygamecom\/","https:\/\/www.linkedin.com\/company\/citygame-com"],"description":"Turn any city into a playground with our interactive City Games and self-guided tours. Fun, flexible, and ideal for groups and team building.","telephone":[],"openingHoursSpecification":[{"@type":"OpeningHoursSpecification","dayOfWeek":["Monday","Tuesday","Wednesday","Thursday","Friday","Saturday","Sunday"],"opens":"09:00","closes":"17:00"}]},{"@type":"ImageObject","inLanguage":"is","@id":"https:\/\/testwebsite.citygame.com\/is\/games\/cadiz\/secrets-of-cadiz\/#local-main-organization-logo","url":"https:\/\/testwebsite.citygame.com\/wp-content\/blogs.dir\/1\/files\/sites\/62\/2025\/10\/CG_LOGO-City-Game.png","contentUrl":"https:\/\/testwebsite.citygame.com\/wp-content\/blogs.dir\/1\/files\/sites\/62\/2025\/10\/CG_LOGO-City-Game.png","width":351,"height":377,"caption":"City Game"}]}},"taxonomy_info":{"game-concept":[{"value":717,"label":"Secrets"}],"location":[{"value":110,"label":"C\u00e1diz"}],"product_cat":[{"value":27,"label":"Geen categorie"}]},"featured_image_src_large":["https:\/\/testwebsite.citygame.com\/wp-content\/blogs.dir\/1\/files\/sites\/62\/2026\/03\/citygame-players-cadiz-cathedral-spain.jpg",1024,1024,false],"author_info":[],"comment_info":"","_links":{"self":[{"href":"https:\/\/testwebsite.citygame.com\/is\/wp-json\/wp\/v2\/product\/60068","targetHints":{"allow":["GET"]}}],"collection":[{"href":"https:\/\/testwebsite.citygame.com\/is\/wp-json\/wp\/v2\/product"}],"about":[{"href":"https:\/\/testwebsite.citygame.com\/is\/wp-json\/wp\/v2\/types\/product"}],"acf:post":[{"embeddable":true,"href":"https:\/\/testwebsite.citygame.com\/is\/wp-json\/wp\/v2\/pages\/13251"}],"wp:featuredmedia":[{"embeddable":true,"href":"https:\/\/testwebsite.citygame.com\/is\/wp-json\/wp\/v2\/media\/18273"}],"wp:attachment":[{"href":"https:\/\/testwebsite.citygame.com\/is\/wp-json\/wp\/v2\/media?parent=60068"}],"wp:term":[{"taxonomy":"game-concept","embeddable":true,"href":"https:\/\/testwebsite.citygame.com\/is\/wp-json\/wp\/v2\/game-concept?post=60068"},{"taxonomy":"location","embeddable":true,"href":"https:\/\/testwebsite.citygame.com\/is\/wp-json\/wp\/v2\/location?post=60068"},{"taxonomy":"product_brand","embeddable":true,"href":"https:\/\/testwebsite.citygame.com\/is\/wp-json\/wp\/v2\/product_brand?post=60068"},{"taxonomy":"product_cat","embeddable":true,"href":"https:\/\/testwebsite.citygame.com\/is\/wp-json\/wp\/v2\/product_cat?post=60068"},{"taxonomy":"product_tag","embeddable":true,"href":"https:\/\/testwebsite.citygame.com\/is\/wp-json\/wp\/v2\/product_tag?post=60068"}],"curies":[{"name":"wp","href":"https:\/\/api.w.org\/{rel}","templated":true}]}}