{"id":58388,"date":"2026-02-15T21:22:00","date_gmt":"2026-02-15T21:22:00","guid":{"rendered":"https:\/\/testwebsite.citygame.com\/games\/unknown-location\/the-heidelberg-syndicate\/"},"modified":"2026-04-08T02:08:48","modified_gmt":"2026-04-08T02:08:48","slug":"the-heidelberg-syndicate","status":"publish","type":"product","link":"https:\/\/testwebsite.citygame.com\/is\/games\/heidelberg\/the-heidelberg-syndicate\/","title":{"rendered":"The Heidelberg Syndicate"},"content":{"rendered":"<p>\u00deessi sj\u00e1lflei\u00f0sagnarleikur \u00ed Heidelberg gerist \u00ed s\u00f6gufr\u00e6ga mi\u00f0b\u00e6 Heidelberg. Eftir \u00fev\u00ed sem leikmenn komast d\u00fdpra inn \u00ed verkefni\u00f0 ver\u00f0a \u00feeir a\u00f0 vinna saman a\u00f0 \u00fev\u00ed a\u00f0 hafa uppi \u00e1 hinum dularfulla Magn\u00fasi og endurheimta sex stolnar form\u00falur, me\u00f0 \u00fev\u00ed a\u00f0 nota teymisvinnu og vanda\u00f0a \u00e1kvar\u00f0anat\u00f6ku til a\u00f0 komast skref fyrir skref \u00ed gegnum s\u00f6guna. Borgarleikurinn \u00ed Heidelberg b\u00fd\u00f0ur upp \u00e1 r\u00f6\u00f0 \u00ferauta, \u00e1skorana og gagnvirkra verkefna sem krefjast samvinnu og stefnum\u00f3tunar til a\u00f0 lj\u00faka.<\/p>\n","protected":false},"excerpt":{"rendered":"<p>Legg\u00f0u af sta\u00f0 \u00ed spennandi fer\u00f0alag me\u00f0 Heidelberg Syndicate borgarfl\u00f3ttaleiknum, sj\u00e1lflei\u00f0sagnarleik sem gerist \u00ed d\u00e1lei\u00f0andi umhverfi Heidelberg. Vertu me\u00f0 li\u00f0inu \u00fe\u00ednu, fylgdu dularfullum v\u00edsbendingum, takist \u00e1 vi\u00f0 gr\u00edpandi \u00ferautir og afhj\u00fapa\u00f0u gr\u00edpandi s\u00f6guna sem b\u00ed\u00f0ur \u00fe\u00edn!<\/p>\n","protected":false},"featured_media":13898,"template":"","meta":{"_acf_changed":false,"_yoast_wpseo_focuskw":"The Heidelberg Syndicate","_yoast_wpseo_metadesc":"The Heidelberg Syndicate. Spila\u00f0u sj\u00e1lflei\u00f0sagnarleik \u00ed borginni, leystu \u00ferautir, kl\u00e1ra\u00f0u verkefni og endurheimtu stolnar form\u00falur \u00e1 \u00fe\u00ednum eigin hra\u00f0a!","_kad_blocks_custom_css":"","_kad_blocks_head_custom_js":"","_kad_blocks_body_custom_js":"","_kad_blocks_footer_custom_js":"","ghostkit_customizer_options":"","ghostkit_custom_css":"","ghostkit_custom_js_head":"","ghostkit_custom_js_foot":"","ghostkit_typography":"","_kad_post_transparent":"","_kad_post_title":"","_kad_post_layout":"","_kad_post_sidebar_id":"","_kad_post_content_style":"","_kad_post_vertical_padding":"","_kad_post_feature":"","_kad_post_feature_position":"","_kad_post_header":false,"_kad_post_footer":false,"_kad_post_classname":"","_links_to":"","_links_to_target":""},"game-concept":[747],"location":[195],"product_brand":[],"product_cat":[27],"product_tag":[],"class_list":{"0":"post-58388","1":"product","2":"type-product","3":"status-publish","4":"has-post-thumbnail","6":"game-concept-syndicate","7":"location-heidelberg","8":"product_cat-geen-categorie","10":"first","11":"instock","12":"shipping-taxable","13":"purchasable","14":"product-type-simple","15":"entry","16":"content-bg","17":"loop-entry"},"acf":{"full_bokun_product_name":"Self-Guided The Heidelberg Syndicate City Escape Game","location_name":"Heidelberg","bokun_calendar_widget_code":"<script type=\"text\/javascript\" src=\"https:\/\/widgets.bokun.io\/assets\/javascripts\/apps\/build\/BokunWidgetsLoader.js?bookingChannelUUID=a1e93e96-5232-4734-a595-28405f4b5a31\" async><\/script>\n     \n    <div class=\"bokunWidget\" data-src=\"https:\/\/widgets.bokun.io\/online-sales\/a1e93e96-5232-4734-a595-28405f4b5a31\/experience-calendar\/827840\"><\/div>\n    <noscript>Please enable javascript in your browser to book<\/noscript>","bokun_button_widget_code":"<script type=\"text\/javascript\" src=\"https:\/\/widgets.bokun.io\/assets\/javascripts\/apps\/build\/BokunWidgetsLoader.js?bookingChannelUUID=a1e93e96-5232-4734-a595-28405f4b5a31\" async><\/script>\n      <style> #bokun_ed001e45_5927_4f62_b470_ca766338d083 { display: inline-block; padding: .4em 1em; background: #47b82e; border-radius: 999999px; box-shadow: none; font-weight: 600; font-size: 24px; text-decoration: none; text-align: center; color: #FFFFFF; border:none; cursor: pointer; transition: background .2s ease; } #bokun_ed001e45_5927_4f62_b470_ca766338d083:hover{ background: #2f7b1f; } #bokun_ed001e45_5927_4f62_b470_ca766338d083:active{ background: #378f24; } <\/style> <button class=\"bokunButton\" disabled id=bokun_ed001e45_5927_4f62_b470_ca766338d083 data-src=\"https:\/\/widgets.bokun.io\/online-sales\/a1e93e96-5232-4734-a595-28405f4b5a31\/experience-calendar\/827840?partialView=1\" data-testid=\"widget-book-button\" > Book now <\/button> ","what_you\u2019ll_experience_during_the_game":"\u00de\u00e9r og li\u00f0i \u00fe\u00ednu er kasta\u00f0 inn \u00ed h\u00e1leita fl\u00f3ttaleit \u00ed Heidelberg, \u00fei\u00f0 st\u00edgi\u00f0 inn \u00ed heim The Heidelberg Syndicate. Markmi\u00f0 ykkar er sk\u00fdrt: a\u00f0 hafa uppi \u00e1 hinum dularfulla Magn\u00fasi v\u00ed\u00f0svegar um borgina og endurheimta sex stolnar form\u00falur \u00e1\u00f0ur en \u00fe\u00e6r hverfa fyrir fullt og allt. Eftir \u00fev\u00ed sem sagan \u00fer\u00f3ast afhj\u00fapar hver sta\u00f0setning n\u00fd l\u00f6g af verkefninu, kemur s\u00f6gunni \u00e1fram og \u00f6grar \u00fe\u00e9r a\u00f0 hugsa hratt.\n\nAllt fr\u00e1 \u00fev\u00ed a\u00f0 r\u00e1\u00f0a fl\u00f3kin k\u00f3\u00f0a til a\u00f0 lj\u00faka verkefnum undir \u00e1lagi, krefst hvert skref skarpra \u00e1kvar\u00f0ana, teymisvinnu og sk\u00fdrra samskipta. Leikurinn er algj\u00f6rlega sagnadrifinn, s\u00f6kkti \u00fe\u00e9r ni\u00f0ur \u00ed heim spennu \u00feegar \u00fe\u00fa fer\u00f0 um hjarta Heidelberg. \u00de\u00fa stj\u00f3rnar hra\u00f0a a\u00f0ger\u00f0arinnar, me\u00f0 getu til a\u00f0 gera hl\u00e9 og halda \u00e1fram \u00feegar \u00fe\u00f6rf krefur \u00e1n \u00feess a\u00f0 missa m\u00f3\u00f0inn.","how_to_play":"B\u00f3ka\u00f0u Borgarleikinn, athuga\u00f0u t\u00f6lvup\u00f3stinn sem vi\u00f0 sendum \u00fe\u00e9r me\u00f0 lei\u00f0beiningunum, hala\u00f0u ni\u00f0ur Loquiz appinu og byrja\u00f0u leikupplifun \u00fe\u00edna!","start_location":"Heidelberg, Universit\u00e4tsplatz","available_languages":["en"],"players_per_group":"1-4","duration":"1.5-2 hours","image_overlay_color_image":"https:\/\/testwebsite.citygame.com\/wp-content\/blogs.dir\/1\/files\/sites\/62\/2026\/01\/SyndicateColor.svg","image_overlay_game_logo":"https:\/\/testwebsite.citygame.com\/wp-content\/blogs.dir\/1\/files\/sites\/62\/2026\/01\/SyndicateLogo.png","city_page":4690,"woocommerce_general_content":null},"yoast_head":"<!-- This site is optimized with the Yoast SEO Premium plugin v26.2 (Yoast SEO v26.3) - https:\/\/yoast.com\/wordpress\/plugins\/seo\/ -->\n<title>The Heidelberg Syndicate - City Game<\/title>\n<meta name=\"description\" content=\"The Heidelberg Syndicate. Spila\u00f0u sj\u00e1lflei\u00f0sagnarleik \u00ed borginni, leystu \u00ferautir, kl\u00e1ra\u00f0u verkefni og endurheimtu stolnar form\u00falur \u00e1 \u00fe\u00ednum eigin hra\u00f0a!\" \/>\n<meta name=\"robots\" content=\"noindex, follow, max-snippet:-1, max-image-preview:large, max-video-preview:-1\" \/>\n<meta property=\"og:locale\" content=\"is_IS\" \/>\n<meta property=\"og:type\" content=\"article\" \/>\n<meta property=\"og:title\" content=\"The Heidelberg Syndicate\" \/>\n<meta property=\"og:description\" content=\"The Heidelberg Syndicate. Spila\u00f0u sj\u00e1lflei\u00f0sagnarleik \u00ed borginni, leystu \u00ferautir, kl\u00e1ra\u00f0u verkefni og endurheimtu stolnar form\u00falur \u00e1 \u00fe\u00ednum eigin hra\u00f0a!\" \/>\n<meta property=\"og:url\" content=\"https:\/\/testwebsite.citygame.com\/is\/games\/heidelberg\/the-heidelberg-syndicate\/\" \/>\n<meta property=\"og:site_name\" content=\"City Game\" \/>\n<meta property=\"article:publisher\" content=\"https:\/\/www.facebook.com\/profile.php?id=100086426226253\" \/>\n<meta property=\"article:modified_time\" content=\"2026-04-08T02:08:48+00:00\" \/>\n<meta property=\"og:image\" content=\"https:\/\/testwebsite.citygame.com\/wp-content\/blogs.dir\/1\/files\/sites\/62\/2026\/02\/heidelberg-player-marktplatz-heiliggeistkirche.jpg\" \/>\n\t<meta property=\"og:image:width\" content=\"1024\" \/>\n\t<meta property=\"og:image:height\" content=\"1024\" \/>\n\t<meta property=\"og:image:type\" content=\"image\/jpeg\" \/>\n<meta name=\"twitter:card\" content=\"summary_large_image\" \/>\n<script type=\"application\/ld+json\" class=\"yoast-schema-graph\">{\"@context\":\"https:\/\/schema.org\",\"@graph\":[{\"@type\":\"WebPage\",\"@id\":\"https:\/\/testwebsite.citygame.com\/is\/games\/heidelberg\/the-heidelberg-syndicate\/\",\"url\":\"https:\/\/testwebsite.citygame.com\/is\/games\/heidelberg\/the-heidelberg-syndicate\/\",\"name\":\"The Heidelberg Syndicate - City Game\",\"isPartOf\":{\"@id\":\"https:\/\/testwebsite.upevents.nl\/#website\"},\"primaryImageOfPage\":{\"@id\":\"https:\/\/testwebsite.citygame.com\/is\/games\/heidelberg\/the-heidelberg-syndicate\/#primaryimage\"},\"image\":{\"@id\":\"https:\/\/testwebsite.citygame.com\/is\/games\/heidelberg\/the-heidelberg-syndicate\/#primaryimage\"},\"thumbnailUrl\":\"https:\/\/testwebsite.citygame.com\/wp-content\/blogs.dir\/1\/files\/sites\/62\/2026\/02\/heidelberg-player-marktplatz-heiliggeistkirche.jpg\",\"datePublished\":\"2026-02-15T21:22:00+00:00\",\"dateModified\":\"2026-04-08T02:08:48+00:00\",\"description\":\"The Heidelberg Syndicate. Spila\u00f0u sj\u00e1lflei\u00f0sagnarleik \u00ed borginni, leystu \u00ferautir, kl\u00e1ra\u00f0u verkefni og endurheimtu stolnar form\u00falur \u00e1 \u00fe\u00ednum eigin hra\u00f0a!\",\"breadcrumb\":{\"@id\":\"https:\/\/testwebsite.citygame.com\/is\/games\/heidelberg\/the-heidelberg-syndicate\/#breadcrumb\"},\"inLanguage\":\"is\",\"potentialAction\":[{\"@type\":\"ReadAction\",\"target\":[\"https:\/\/testwebsite.citygame.com\/is\/games\/heidelberg\/the-heidelberg-syndicate\/\"]}]},{\"@type\":\"ImageObject\",\"inLanguage\":\"is\",\"@id\":\"https:\/\/testwebsite.citygame.com\/is\/games\/heidelberg\/the-heidelberg-syndicate\/#primaryimage\",\"url\":\"https:\/\/testwebsite.citygame.com\/wp-content\/blogs.dir\/1\/files\/sites\/62\/2026\/02\/heidelberg-player-marktplatz-heiliggeistkirche.jpg\",\"contentUrl\":\"https:\/\/testwebsite.citygame.com\/wp-content\/blogs.dir\/1\/files\/sites\/62\/2026\/02\/heidelberg-player-marktplatz-heiliggeistkirche.jpg\",\"width\":1024,\"height\":1024,\"caption\":\"A person holding a smartphone while standing in the historic Marktplatz in Heidelberg.\"},{\"@type\":\"BreadcrumbList\",\"@id\":\"https:\/\/testwebsite.citygame.com\/is\/games\/heidelberg\/the-heidelberg-syndicate\/#breadcrumb\",\"itemListElement\":[{\"@type\":\"ListItem\",\"position\":1,\"name\":\"Home\",\"item\":\"https:\/\/testwebsite.citygame.com\/is\/\"},{\"@type\":\"ListItem\",\"position\":2,\"name\":\"Shop\",\"item\":\"https:\/\/testwebsite.citygame.com\/shop\/\"},{\"@type\":\"ListItem\",\"position\":3,\"name\":\"The Heidelberg Syndicate\"}]},{\"@type\":\"WebSite\",\"@id\":\"https:\/\/testwebsite.upevents.nl\/#website\",\"url\":\"https:\/\/testwebsite.upevents.nl\/\",\"name\":\"City Game\",\"description\":\"\",\"publisher\":{\"@id\":\"https:\/\/testwebsite.upevents.nl\/#organization\"},\"alternateName\":\"citygame.com\",\"potentialAction\":[{\"@type\":\"SearchAction\",\"target\":{\"@type\":\"EntryPoint\",\"urlTemplate\":\"https:\/\/testwebsite.upevents.nl\/?s={search_term_string}\"},\"query-input\":{\"@type\":\"PropertyValueSpecification\",\"valueRequired\":true,\"valueName\":\"search_term_string\"}}],\"inLanguage\":\"is\"},{\"@type\":[\"Organization\",\"Place\"],\"@id\":\"https:\/\/testwebsite.upevents.nl\/#organization\",\"name\":\"City Game\",\"alternateName\":\"citygame.com\",\"url\":\"https:\/\/testwebsite.upevents.nl\/\",\"logo\":{\"@id\":\"https:\/\/testwebsite.citygame.com\/is\/games\/heidelberg\/the-heidelberg-syndicate\/#local-main-organization-logo\"},\"image\":{\"@id\":\"https:\/\/testwebsite.citygame.com\/is\/games\/heidelberg\/the-heidelberg-syndicate\/#local-main-organization-logo\"},\"sameAs\":[\"https:\/\/www.facebook.com\/profile.php?id=100086426226253\",\"https:\/\/www.instagram.com\/citygame_com\",\"https:\/\/www.tiktok.com\/@citygamecom\/\",\"https:\/\/www.linkedin.com\/company\/citygame-com\"],\"description\":\"Turn any city into a playground with our interactive City Games and self-guided tours. Fun, flexible, and ideal for groups and team building.\",\"telephone\":[],\"openingHoursSpecification\":[{\"@type\":\"OpeningHoursSpecification\",\"dayOfWeek\":[\"Monday\",\"Tuesday\",\"Wednesday\",\"Thursday\",\"Friday\",\"Saturday\",\"Sunday\"],\"opens\":\"09:00\",\"closes\":\"17:00\"}]},{\"@type\":\"ImageObject\",\"inLanguage\":\"is\",\"@id\":\"https:\/\/testwebsite.citygame.com\/is\/games\/heidelberg\/the-heidelberg-syndicate\/#local-main-organization-logo\",\"url\":\"https:\/\/testwebsite.citygame.com\/wp-content\/blogs.dir\/1\/files\/sites\/62\/2025\/10\/CG_LOGO-City-Game.png\",\"contentUrl\":\"https:\/\/testwebsite.citygame.com\/wp-content\/blogs.dir\/1\/files\/sites\/62\/2025\/10\/CG_LOGO-City-Game.png\",\"width\":351,\"height\":377,\"caption\":\"City Game\"}]}<\/script>\n<!-- \/ Yoast SEO Premium plugin. -->","yoast_head_json":{"title":"The Heidelberg Syndicate - City Game","description":"The Heidelberg Syndicate. Spila\u00f0u sj\u00e1lflei\u00f0sagnarleik \u00ed borginni, leystu \u00ferautir, kl\u00e1ra\u00f0u verkefni og endurheimtu stolnar form\u00falur \u00e1 \u00fe\u00ednum eigin hra\u00f0a!","robots":{"index":"noindex","follow":"follow","max-snippet":"max-snippet:-1","max-image-preview":"max-image-preview:large","max-video-preview":"max-video-preview:-1"},"og_locale":"is_IS","og_type":"article","og_title":"The Heidelberg Syndicate","og_description":"The Heidelberg Syndicate. Spila\u00f0u sj\u00e1lflei\u00f0sagnarleik \u00ed borginni, leystu \u00ferautir, kl\u00e1ra\u00f0u verkefni og endurheimtu stolnar form\u00falur \u00e1 \u00fe\u00ednum eigin hra\u00f0a!","og_url":"https:\/\/testwebsite.citygame.com\/is\/games\/heidelberg\/the-heidelberg-syndicate\/","og_site_name":"City Game","article_publisher":"https:\/\/www.facebook.com\/profile.php?id=100086426226253","article_modified_time":"2026-04-08T02:08:48+00:00","og_image":[{"width":1024,"height":1024,"url":"https:\/\/testwebsite.citygame.com\/wp-content\/blogs.dir\/1\/files\/sites\/62\/2026\/02\/heidelberg-player-marktplatz-heiliggeistkirche.jpg","type":"image\/jpeg"}],"twitter_card":"summary_large_image","schema":{"@context":"https:\/\/schema.org","@graph":[{"@type":"WebPage","@id":"https:\/\/testwebsite.citygame.com\/is\/games\/heidelberg\/the-heidelberg-syndicate\/","url":"https:\/\/testwebsite.citygame.com\/is\/games\/heidelberg\/the-heidelberg-syndicate\/","name":"The Heidelberg Syndicate - City Game","isPartOf":{"@id":"https:\/\/testwebsite.upevents.nl\/#website"},"primaryImageOfPage":{"@id":"https:\/\/testwebsite.citygame.com\/is\/games\/heidelberg\/the-heidelberg-syndicate\/#primaryimage"},"image":{"@id":"https:\/\/testwebsite.citygame.com\/is\/games\/heidelberg\/the-heidelberg-syndicate\/#primaryimage"},"thumbnailUrl":"https:\/\/testwebsite.citygame.com\/wp-content\/blogs.dir\/1\/files\/sites\/62\/2026\/02\/heidelberg-player-marktplatz-heiliggeistkirche.jpg","datePublished":"2026-02-15T21:22:00+00:00","dateModified":"2026-04-08T02:08:48+00:00","description":"The Heidelberg Syndicate. Spila\u00f0u sj\u00e1lflei\u00f0sagnarleik \u00ed borginni, leystu \u00ferautir, kl\u00e1ra\u00f0u verkefni og endurheimtu stolnar form\u00falur \u00e1 \u00fe\u00ednum eigin hra\u00f0a!","breadcrumb":{"@id":"https:\/\/testwebsite.citygame.com\/is\/games\/heidelberg\/the-heidelberg-syndicate\/#breadcrumb"},"inLanguage":"is","potentialAction":[{"@type":"ReadAction","target":["https:\/\/testwebsite.citygame.com\/is\/games\/heidelberg\/the-heidelberg-syndicate\/"]}]},{"@type":"ImageObject","inLanguage":"is","@id":"https:\/\/testwebsite.citygame.com\/is\/games\/heidelberg\/the-heidelberg-syndicate\/#primaryimage","url":"https:\/\/testwebsite.citygame.com\/wp-content\/blogs.dir\/1\/files\/sites\/62\/2026\/02\/heidelberg-player-marktplatz-heiliggeistkirche.jpg","contentUrl":"https:\/\/testwebsite.citygame.com\/wp-content\/blogs.dir\/1\/files\/sites\/62\/2026\/02\/heidelberg-player-marktplatz-heiliggeistkirche.jpg","width":1024,"height":1024,"caption":"A person holding a smartphone while standing in the historic Marktplatz in Heidelberg."},{"@type":"BreadcrumbList","@id":"https:\/\/testwebsite.citygame.com\/is\/games\/heidelberg\/the-heidelberg-syndicate\/#breadcrumb","itemListElement":[{"@type":"ListItem","position":1,"name":"Home","item":"https:\/\/testwebsite.citygame.com\/is\/"},{"@type":"ListItem","position":2,"name":"Shop","item":"https:\/\/testwebsite.citygame.com\/shop\/"},{"@type":"ListItem","position":3,"name":"The Heidelberg Syndicate"}]},{"@type":"WebSite","@id":"https:\/\/testwebsite.upevents.nl\/#website","url":"https:\/\/testwebsite.upevents.nl\/","name":"City Game","description":"","publisher":{"@id":"https:\/\/testwebsite.upevents.nl\/#organization"},"alternateName":"citygame.com","potentialAction":[{"@type":"SearchAction","target":{"@type":"EntryPoint","urlTemplate":"https:\/\/testwebsite.upevents.nl\/?s={search_term_string}"},"query-input":{"@type":"PropertyValueSpecification","valueRequired":true,"valueName":"search_term_string"}}],"inLanguage":"is"},{"@type":["Organization","Place"],"@id":"https:\/\/testwebsite.upevents.nl\/#organization","name":"City Game","alternateName":"citygame.com","url":"https:\/\/testwebsite.upevents.nl\/","logo":{"@id":"https:\/\/testwebsite.citygame.com\/is\/games\/heidelberg\/the-heidelberg-syndicate\/#local-main-organization-logo"},"image":{"@id":"https:\/\/testwebsite.citygame.com\/is\/games\/heidelberg\/the-heidelberg-syndicate\/#local-main-organization-logo"},"sameAs":["https:\/\/www.facebook.com\/profile.php?id=100086426226253","https:\/\/www.instagram.com\/citygame_com","https:\/\/www.tiktok.com\/@citygamecom\/","https:\/\/www.linkedin.com\/company\/citygame-com"],"description":"Turn any city into a playground with our interactive City Games and self-guided tours. Fun, flexible, and ideal for groups and team building.","telephone":[],"openingHoursSpecification":[{"@type":"OpeningHoursSpecification","dayOfWeek":["Monday","Tuesday","Wednesday","Thursday","Friday","Saturday","Sunday"],"opens":"09:00","closes":"17:00"}]},{"@type":"ImageObject","inLanguage":"is","@id":"https:\/\/testwebsite.citygame.com\/is\/games\/heidelberg\/the-heidelberg-syndicate\/#local-main-organization-logo","url":"https:\/\/testwebsite.citygame.com\/wp-content\/blogs.dir\/1\/files\/sites\/62\/2025\/10\/CG_LOGO-City-Game.png","contentUrl":"https:\/\/testwebsite.citygame.com\/wp-content\/blogs.dir\/1\/files\/sites\/62\/2025\/10\/CG_LOGO-City-Game.png","width":351,"height":377,"caption":"City Game"}]}},"taxonomy_info":{"game-concept":[{"value":747,"label":"Syndicate"}],"location":[{"value":195,"label":"Heidelberg"}],"product_cat":[{"value":27,"label":"Geen categorie"}]},"featured_image_src_large":["https:\/\/testwebsite.citygame.com\/wp-content\/blogs.dir\/1\/files\/sites\/62\/2026\/02\/heidelberg-player-marktplatz-heiliggeistkirche.jpg",1024,1024,false],"author_info":[],"comment_info":"","_links":{"self":[{"href":"https:\/\/testwebsite.citygame.com\/is\/wp-json\/wp\/v2\/product\/58388","targetHints":{"allow":["GET"]}}],"collection":[{"href":"https:\/\/testwebsite.citygame.com\/is\/wp-json\/wp\/v2\/product"}],"about":[{"href":"https:\/\/testwebsite.citygame.com\/is\/wp-json\/wp\/v2\/types\/product"}],"acf:post":[{"embeddable":true,"href":"https:\/\/testwebsite.citygame.com\/is\/wp-json\/wp\/v2\/pages\/4690"}],"wp:featuredmedia":[{"embeddable":true,"href":"https:\/\/testwebsite.citygame.com\/is\/wp-json\/wp\/v2\/media\/13898"}],"wp:attachment":[{"href":"https:\/\/testwebsite.citygame.com\/is\/wp-json\/wp\/v2\/media?parent=58388"}],"wp:term":[{"taxonomy":"game-concept","embeddable":true,"href":"https:\/\/testwebsite.citygame.com\/is\/wp-json\/wp\/v2\/game-concept?post=58388"},{"taxonomy":"location","embeddable":true,"href":"https:\/\/testwebsite.citygame.com\/is\/wp-json\/wp\/v2\/location?post=58388"},{"taxonomy":"product_brand","embeddable":true,"href":"https:\/\/testwebsite.citygame.com\/is\/wp-json\/wp\/v2\/product_brand?post=58388"},{"taxonomy":"product_cat","embeddable":true,"href":"https:\/\/testwebsite.citygame.com\/is\/wp-json\/wp\/v2\/product_cat?post=58388"},{"taxonomy":"product_tag","embeddable":true,"href":"https:\/\/testwebsite.citygame.com\/is\/wp-json\/wp\/v2\/product_tag?post=58388"}],"curies":[{"name":"wp","href":"https:\/\/api.w.org\/{rel}","templated":true}]}}