{"id":58239,"date":"2026-03-19T11:05:34","date_gmt":"2026-03-19T11:05:34","guid":{"rendered":"https:\/\/testwebsite.citygame.com\/games\/unknown-location\/secrets-of-singapore-city\/"},"modified":"2026-04-08T01:53:47","modified_gmt":"2026-04-08T01:53:47","slug":"secrets-of-singapore-city","status":"publish","type":"product","link":"https:\/\/testwebsite.citygame.com\/is\/games\/singapore-city\/secrets-of-singapore-city\/","title":{"rendered":"Secrets of Singapore City"},"content":{"rendered":"<p>St\u00edg\u00f0u inn \u00ed heillandi &#8220;Secrets of Singapore City Game&#8221;, sj\u00e1lfsst\u00fdr\u00f0a, GPS-bygg\u00f0a k\u00f6nnun sem lei\u00f0ir \u00feig beint inn \u00ed mi\u00f0borg Singapore. \u00deessi yfirgripsmikli borgarleikur mun l\u00e1ta leikmenn rata um i\u00f0andi g\u00f6tur Singapore me\u00f0 snjalls\u00edmum s\u00ednum, leysa \u00e1hugaver\u00f0ar \u00ferautir, g\u00e1tur og taka \u00fe\u00e1tt \u00ed einst\u00f6kum lj\u00f3smynda\u00e1skorunum. \u00deegar \u00fe\u00fa kafar d\u00fdpra \u00ed leikinn muntu afhj\u00fapa r\u00edka s\u00f6gu, lifandi menningu og uppg\u00f6tva falda \u00fe\u00e6tti Singapore City. Leikurinn er fullkominn fyrir b\u00e6\u00f0i heimamenn og gesti, og stendur sem gagnvirk lei\u00f0 til a\u00f0 skilja og tengjast borginni \u00e1 alveg n\u00fdju stigi. Leikurinn hentar \u00f6llum \u2013 fr\u00e1 einstaklingsleikurum til para, skipulag\u00f0ra h\u00f3pa og jafnvel fj\u00f6lsky\u00f0na. \u00dea\u00f0 er engin betri lei\u00f0 til a\u00f0 upplifa Singapore City \u00e1 einstakan, skemmtilegan og fr\u00e6\u00f0andi h\u00e1tt.<\/p>\n","protected":false},"excerpt":{"rendered":"<p>Upplif\u00f0u su\u00f0 og r\u00f3 Singapore City! Flakka\u00f0u um st\u00f3rborg \u00fear sem n\u00fat\u00edma sk\u00fdjaklj\u00fafar snerta forna musteri og hef\u00f0ir blandast framt\u00ed\u00f0ars\u00fdnum. Vertu tilb\u00fainn a\u00f0 leysa g\u00e1tur og kafa ofan \u00ed samspil menningarheima, \u00fear sem Singapore City afhj\u00fapar falda gimsteina \u00ed hverjum kr\u00f3k og kima!<\/p>\n","protected":false},"featured_media":19280,"template":"","meta":{"_acf_changed":false,"_yoast_wpseo_focuskw":"Secrets of Singapore City","_yoast_wpseo_metadesc":"Secrets of Singapore City. Spila\u00f0u sj\u00e1lfsst\u00fdr\u00f0an borgarleik og sko\u00f0a\u00f0u borgina me\u00f0 \u00ferautum, g\u00e1tum og \u00e1skorunum. Spila\u00f0u \u00e1 \u00fe\u00ednum eigin hra\u00f0a og uppg\u00f6tva\u00f0u eins og heimama\u00f0ur!","_kad_blocks_custom_css":"","_kad_blocks_head_custom_js":"","_kad_blocks_body_custom_js":"","_kad_blocks_footer_custom_js":"","ghostkit_customizer_options":"","ghostkit_custom_css":"","ghostkit_custom_js_head":"","ghostkit_custom_js_foot":"","ghostkit_typography":"","_kad_post_transparent":"","_kad_post_title":"","_kad_post_layout":"","_kad_post_sidebar_id":"","_kad_post_content_style":"","_kad_post_vertical_padding":"","_kad_post_feature":"","_kad_post_feature_position":"","_kad_post_header":false,"_kad_post_footer":false,"_kad_post_classname":"","_links_to":"","_links_to_target":""},"game-concept":[717],"location":[588],"product_brand":[],"product_cat":[27],"product_tag":[],"class_list":{"0":"post-58239","1":"product","2":"type-product","3":"status-publish","4":"has-post-thumbnail","6":"game-concept-secrets","7":"location-singapore-city","8":"product_cat-geen-categorie","10":"first","11":"instock","12":"shipping-taxable","13":"purchasable","14":"product-type-simple","15":"entry","16":"content-bg","17":"loop-entry"},"acf":{"full_bokun_product_name":"Self-Guided Secrets of Singapore Exploration Game","location_name":"Singapore City","bokun_calendar_widget_code":"<script type=\"text\/javascript\" src=\"https:\/\/widgets.bokun.io\/assets\/javascripts\/apps\/build\/BokunWidgetsLoader.js?bookingChannelUUID=a1e93e96-5232-4734-a595-28405f4b5a31\" async><\/script>\n     \n    <div class=\"bokunWidget\" data-src=\"https:\/\/widgets.bokun.io\/online-sales\/a1e93e96-5232-4734-a595-28405f4b5a31\/experience-calendar\/796264\"><\/div>\n    <noscript>Please enable javascript in your browser to book<\/noscript>","bokun_button_widget_code":"<script type=\"text\/javascript\" src=\"https:\/\/widgets.bokun.io\/assets\/javascripts\/apps\/build\/BokunWidgetsLoader.js?bookingChannelUUID=a1e93e96-5232-4734-a595-28405f4b5a31\" async><\/script>\n      <style> #bokun_ed001e45_5927_4f62_b470_ca766338d083 { display: inline-block; padding: .4em 1em; background: #47b82e; border-radius: 999999px; box-shadow: none; font-weight: 600; font-size: 24px; text-decoration: none; text-align: center; color: #FFFFFF; border:none; cursor: pointer; transition: background .2s ease; } #bokun_ed001e45_5927_4f62_b470_ca766338d083:hover{ background: #2f7b1f; } #bokun_ed001e45_5927_4f62_b470_ca766338d083:active{ background: #378f24; } <\/style> <button class=\"bokunButton\" disabled id=bokun_ed001e45_5927_4f62_b470_ca766338d083 data-src=\"https:\/\/widgets.bokun.io\/online-sales\/a1e93e96-5232-4734-a595-28405f4b5a31\/experience-calendar\/796264?partialView=1\" data-testid=\"widget-book-button\" > Book now <\/button> ","what_you\u2019ll_experience_during_the_game":"\u00cd 'Secrets of Singapore City' leiknum muntu ekki a\u00f0eins sko\u00f0a \u00feessa kraftmiklu borg, heldur einnig taka \u00fe\u00e1tt \u00ed gagnvirkri upplifun fullri af yfirgripsmikilli s\u00f6gus\u00f6gn og \u00e1hugaver\u00f0um \u00e1skorunum. Leikurinn mun lei\u00f0a \u00feig \u00ed gegnum bl\u00f6ndu af \u00feekktum kennileitum og f\u00f6ldum perlum innan Singapore, sem gefur einstaka og v\u00ed\u00f0t\u00e6ka inns\u00fdn \u00ed heilla borgarinnar. Allt fr\u00e1 s\u00e9rst\u00f6kum matarst\u00f6\u00f0um sem eru faldir \u00ed l\u00edflegum hverfum til byggingarlistarundra eins og ArtScience Museum, muntu afhj\u00fapa minna tro\u00f0na st\u00edga \u00ed gegnum r\u00edkt landslag Singapore. \u00deessi k\u00f6nnunarleikur b\u00fd\u00f0ur upp \u00e1 n\u00fdst\u00e1rlega lei\u00f0 til a\u00f0 upplifa, meta og skilja Singapore City. \n\nA\u00f0 spila \u00feennan borgarleik mun l\u00e1ta \u00feig leysa g\u00e1tur, svara spurningum og taka \u00fe\u00e1tt \u00ed skemmtilegum lj\u00f3smynda\u00e1skorunum, allt \u00e1 me\u00f0an \u00fe\u00fa s\u00f6kkvar \u00fe\u00e9r ni\u00f0ur \u00ed heillandi hjarta Singapore. Hver leyst \u00feraut mun ekki a\u00f0eins veita spennu sem gefur stig, heldur einnig lei\u00f0a \u00feig einu skrefi n\u00e6r \u00fev\u00ed a\u00f0 r\u00e1\u00f0a fram \u00far sannf\u00e6randi lokamystery. \u00de\u00f3 a\u00f0 \u00feessi leikur spilist \u00e1 \u00fe\u00ednum hra\u00f0a og h\u00e6gt s\u00e9 a\u00f0 gera hl\u00e9 \u00e1 honum og halda \u00e1fram samkv\u00e6mt t\u00edma\u00e1\u00e6tlun \u00feinni, b\u00fd\u00f0ur hann upp \u00e1 spennandi t\u00e6kif\u00e6ri fyrir keppnisleikmenn til a\u00f0 n\u00e1 efsta s\u00e6tinu \u00e1 stigat\u00f6flunni. Svo, ef \u00fe\u00fa ert tilb\u00fainn a\u00f0 b\u00e6ta sm\u00e1 auka spennu vi\u00f0 sko\u00f0unarfer\u00f0ina \u00fe\u00edna \u00ed Singapore, \u00fe\u00e1 er borgarleikurinn okkar h\u00e9r til a\u00f0 b\u00e6ta \u00feeim \u00e6vint\u00fdralega bl\u00e6 vi\u00f0!","how_to_play":"B\u00f3ka\u00f0u k\u00f6nnunarleikinn, athuga\u00f0u t\u00f6lvup\u00f3stinn sem vi\u00f0 sendum \u00fe\u00e9r me\u00f0 einf\u00f6ldum lei\u00f0beiningum, hala\u00f0u ni\u00f0ur Loquiz Appinu, f\u00e1\u00f0u a\u00f0gang a\u00f0 k\u00f6nnunarleiknum og \u00fe\u00fa ert tilb\u00fainn a\u00f0 hefja leikreynslu \u00fe\u00edna!","start_location":"Buddha Tooth Relic Temple, Singapore","available_languages":["en"],"players_per_group":"1-4","duration":"1.5-2 hours","image_overlay_color_image":"https:\/\/testwebsite.citygame.com\/wp-content\/blogs.dir\/1\/files\/sites\/62\/2026\/01\/SecretsColor.svg","image_overlay_game_logo":"https:\/\/testwebsite.citygame.com\/wp-content\/blogs.dir\/1\/files\/sites\/62\/2026\/01\/SecretsLogo.png","city_page":13161,"woocommerce_general_content":null},"yoast_head":"<!-- This site is optimized with the Yoast SEO Premium plugin v26.2 (Yoast SEO v26.3) - https:\/\/yoast.com\/wordpress\/plugins\/seo\/ -->\n<title>Secrets of Singapore City - City Game<\/title>\n<meta name=\"description\" content=\"Secrets of Singapore City. Spila\u00f0u sj\u00e1lfsst\u00fdr\u00f0an borgarleik og sko\u00f0a\u00f0u borgina me\u00f0 \u00ferautum, g\u00e1tum og \u00e1skorunum. Spila\u00f0u \u00e1 \u00fe\u00ednum eigin hra\u00f0a og uppg\u00f6tva\u00f0u eins og heimama\u00f0ur!\" \/>\n<meta name=\"robots\" content=\"noindex, follow, max-snippet:-1, max-image-preview:large, max-video-preview:-1\" \/>\n<meta property=\"og:locale\" content=\"is_IS\" \/>\n<meta property=\"og:type\" content=\"article\" \/>\n<meta property=\"og:title\" content=\"Secrets of Singapore City\" \/>\n<meta property=\"og:description\" content=\"Secrets of Singapore City. Spila\u00f0u sj\u00e1lfsst\u00fdr\u00f0an borgarleik og sko\u00f0a\u00f0u borgina me\u00f0 \u00ferautum, g\u00e1tum og \u00e1skorunum. Spila\u00f0u \u00e1 \u00fe\u00ednum eigin hra\u00f0a og uppg\u00f6tva\u00f0u eins og heimama\u00f0ur!\" \/>\n<meta property=\"og:url\" content=\"https:\/\/testwebsite.citygame.com\/is\/games\/singapore-city\/secrets-of-singapore-city\/\" \/>\n<meta property=\"og:site_name\" content=\"City Game\" \/>\n<meta property=\"article:publisher\" content=\"https:\/\/www.facebook.com\/profile.php?id=100086426226253\" \/>\n<meta property=\"article:modified_time\" content=\"2026-04-08T01:53:47+00:00\" \/>\n<meta property=\"og:image\" content=\"https:\/\/testwebsite.citygame.com\/wp-content\/blogs.dir\/1\/files\/sites\/62\/2026\/03\/singapore-city-secrets-of-game-player-at-hindu-temple.jpg\" \/>\n\t<meta property=\"og:image:width\" content=\"1024\" \/>\n\t<meta property=\"og:image:height\" content=\"1024\" \/>\n\t<meta property=\"og:image:type\" content=\"image\/jpeg\" \/>\n<meta name=\"twitter:card\" content=\"summary_large_image\" \/>\n<meta name=\"twitter:label1\" content=\"Est. reading time\" \/>\n\t<meta name=\"twitter:data1\" content=\"1 minute\" \/>\n<script type=\"application\/ld+json\" class=\"yoast-schema-graph\">{\"@context\":\"https:\/\/schema.org\",\"@graph\":[{\"@type\":\"WebPage\",\"@id\":\"https:\/\/testwebsite.citygame.com\/is\/games\/singapore-city\/secrets-of-singapore-city\/\",\"url\":\"https:\/\/testwebsite.citygame.com\/is\/games\/singapore-city\/secrets-of-singapore-city\/\",\"name\":\"Secrets of Singapore City - City Game\",\"isPartOf\":{\"@id\":\"https:\/\/testwebsite.upevents.nl\/#website\"},\"primaryImageOfPage\":{\"@id\":\"https:\/\/testwebsite.citygame.com\/is\/games\/singapore-city\/secrets-of-singapore-city\/#primaryimage\"},\"image\":{\"@id\":\"https:\/\/testwebsite.citygame.com\/is\/games\/singapore-city\/secrets-of-singapore-city\/#primaryimage\"},\"thumbnailUrl\":\"https:\/\/testwebsite.citygame.com\/wp-content\/blogs.dir\/1\/files\/sites\/62\/2026\/03\/singapore-city-secrets-of-game-player-at-hindu-temple.jpg\",\"datePublished\":\"2026-03-19T11:05:34+00:00\",\"dateModified\":\"2026-04-08T01:53:47+00:00\",\"description\":\"Secrets of Singapore City. Spila\u00f0u sj\u00e1lfsst\u00fdr\u00f0an borgarleik og sko\u00f0a\u00f0u borgina me\u00f0 \u00ferautum, g\u00e1tum og \u00e1skorunum. Spila\u00f0u \u00e1 \u00fe\u00ednum eigin hra\u00f0a og uppg\u00f6tva\u00f0u eins og heimama\u00f0ur!\",\"breadcrumb\":{\"@id\":\"https:\/\/testwebsite.citygame.com\/is\/games\/singapore-city\/secrets-of-singapore-city\/#breadcrumb\"},\"inLanguage\":\"is\",\"potentialAction\":[{\"@type\":\"ReadAction\",\"target\":[\"https:\/\/testwebsite.citygame.com\/is\/games\/singapore-city\/secrets-of-singapore-city\/\"]}]},{\"@type\":\"ImageObject\",\"inLanguage\":\"is\",\"@id\":\"https:\/\/testwebsite.citygame.com\/is\/games\/singapore-city\/secrets-of-singapore-city\/#primaryimage\",\"url\":\"https:\/\/testwebsite.citygame.com\/wp-content\/blogs.dir\/1\/files\/sites\/62\/2026\/03\/singapore-city-secrets-of-game-player-at-hindu-temple.jpg\",\"contentUrl\":\"https:\/\/testwebsite.citygame.com\/wp-content\/blogs.dir\/1\/files\/sites\/62\/2026\/03\/singapore-city-secrets-of-game-player-at-hindu-temple.jpg\",\"width\":1024,\"height\":1024,\"caption\":\"A traveler explores a temple in Singapore City while playing an interactive mobile game.\"},{\"@type\":\"BreadcrumbList\",\"@id\":\"https:\/\/testwebsite.citygame.com\/is\/games\/singapore-city\/secrets-of-singapore-city\/#breadcrumb\",\"itemListElement\":[{\"@type\":\"ListItem\",\"position\":1,\"name\":\"Home\",\"item\":\"https:\/\/testwebsite.citygame.com\/is\/\"},{\"@type\":\"ListItem\",\"position\":2,\"name\":\"Shop\",\"item\":\"https:\/\/testwebsite.citygame.com\/shop\/\"},{\"@type\":\"ListItem\",\"position\":3,\"name\":\"Secrets of Singapore City\"}]},{\"@type\":\"WebSite\",\"@id\":\"https:\/\/testwebsite.upevents.nl\/#website\",\"url\":\"https:\/\/testwebsite.upevents.nl\/\",\"name\":\"City Game\",\"description\":\"\",\"publisher\":{\"@id\":\"https:\/\/testwebsite.upevents.nl\/#organization\"},\"alternateName\":\"citygame.com\",\"potentialAction\":[{\"@type\":\"SearchAction\",\"target\":{\"@type\":\"EntryPoint\",\"urlTemplate\":\"https:\/\/testwebsite.upevents.nl\/?s={search_term_string}\"},\"query-input\":{\"@type\":\"PropertyValueSpecification\",\"valueRequired\":true,\"valueName\":\"search_term_string\"}}],\"inLanguage\":\"is\"},{\"@type\":[\"Organization\",\"Place\"],\"@id\":\"https:\/\/testwebsite.upevents.nl\/#organization\",\"name\":\"City Game\",\"alternateName\":\"citygame.com\",\"url\":\"https:\/\/testwebsite.upevents.nl\/\",\"logo\":{\"@id\":\"https:\/\/testwebsite.citygame.com\/is\/games\/singapore-city\/secrets-of-singapore-city\/#local-main-organization-logo\"},\"image\":{\"@id\":\"https:\/\/testwebsite.citygame.com\/is\/games\/singapore-city\/secrets-of-singapore-city\/#local-main-organization-logo\"},\"sameAs\":[\"https:\/\/www.facebook.com\/profile.php?id=100086426226253\",\"https:\/\/www.instagram.com\/citygame_com\",\"https:\/\/www.tiktok.com\/@citygamecom\/\",\"https:\/\/www.linkedin.com\/company\/citygame-com\"],\"description\":\"Turn any city into a playground with our interactive City Games and self-guided tours. Fun, flexible, and ideal for groups and team building.\",\"telephone\":[],\"openingHoursSpecification\":[{\"@type\":\"OpeningHoursSpecification\",\"dayOfWeek\":[\"Monday\",\"Tuesday\",\"Wednesday\",\"Thursday\",\"Friday\",\"Saturday\",\"Sunday\"],\"opens\":\"09:00\",\"closes\":\"17:00\"}]},{\"@type\":\"ImageObject\",\"inLanguage\":\"is\",\"@id\":\"https:\/\/testwebsite.citygame.com\/is\/games\/singapore-city\/secrets-of-singapore-city\/#local-main-organization-logo\",\"url\":\"https:\/\/testwebsite.citygame.com\/wp-content\/blogs.dir\/1\/files\/sites\/62\/2025\/10\/CG_LOGO-City-Game.png\",\"contentUrl\":\"https:\/\/testwebsite.citygame.com\/wp-content\/blogs.dir\/1\/files\/sites\/62\/2025\/10\/CG_LOGO-City-Game.png\",\"width\":351,\"height\":377,\"caption\":\"City Game\"}]}<\/script>\n<!-- \/ Yoast SEO Premium plugin. -->","yoast_head_json":{"title":"Secrets of Singapore City - City Game","description":"Secrets of Singapore City. Spila\u00f0u sj\u00e1lfsst\u00fdr\u00f0an borgarleik og sko\u00f0a\u00f0u borgina me\u00f0 \u00ferautum, g\u00e1tum og \u00e1skorunum. Spila\u00f0u \u00e1 \u00fe\u00ednum eigin hra\u00f0a og uppg\u00f6tva\u00f0u eins og heimama\u00f0ur!","robots":{"index":"noindex","follow":"follow","max-snippet":"max-snippet:-1","max-image-preview":"max-image-preview:large","max-video-preview":"max-video-preview:-1"},"og_locale":"is_IS","og_type":"article","og_title":"Secrets of Singapore City","og_description":"Secrets of Singapore City. Spila\u00f0u sj\u00e1lfsst\u00fdr\u00f0an borgarleik og sko\u00f0a\u00f0u borgina me\u00f0 \u00ferautum, g\u00e1tum og \u00e1skorunum. Spila\u00f0u \u00e1 \u00fe\u00ednum eigin hra\u00f0a og uppg\u00f6tva\u00f0u eins og heimama\u00f0ur!","og_url":"https:\/\/testwebsite.citygame.com\/is\/games\/singapore-city\/secrets-of-singapore-city\/","og_site_name":"City Game","article_publisher":"https:\/\/www.facebook.com\/profile.php?id=100086426226253","article_modified_time":"2026-04-08T01:53:47+00:00","og_image":[{"width":1024,"height":1024,"url":"https:\/\/testwebsite.citygame.com\/wp-content\/blogs.dir\/1\/files\/sites\/62\/2026\/03\/singapore-city-secrets-of-game-player-at-hindu-temple.jpg","type":"image\/jpeg"}],"twitter_card":"summary_large_image","twitter_misc":{"Est. reading time":"1 minute"},"schema":{"@context":"https:\/\/schema.org","@graph":[{"@type":"WebPage","@id":"https:\/\/testwebsite.citygame.com\/is\/games\/singapore-city\/secrets-of-singapore-city\/","url":"https:\/\/testwebsite.citygame.com\/is\/games\/singapore-city\/secrets-of-singapore-city\/","name":"Secrets of Singapore City - City Game","isPartOf":{"@id":"https:\/\/testwebsite.upevents.nl\/#website"},"primaryImageOfPage":{"@id":"https:\/\/testwebsite.citygame.com\/is\/games\/singapore-city\/secrets-of-singapore-city\/#primaryimage"},"image":{"@id":"https:\/\/testwebsite.citygame.com\/is\/games\/singapore-city\/secrets-of-singapore-city\/#primaryimage"},"thumbnailUrl":"https:\/\/testwebsite.citygame.com\/wp-content\/blogs.dir\/1\/files\/sites\/62\/2026\/03\/singapore-city-secrets-of-game-player-at-hindu-temple.jpg","datePublished":"2026-03-19T11:05:34+00:00","dateModified":"2026-04-08T01:53:47+00:00","description":"Secrets of Singapore City. Spila\u00f0u sj\u00e1lfsst\u00fdr\u00f0an borgarleik og sko\u00f0a\u00f0u borgina me\u00f0 \u00ferautum, g\u00e1tum og \u00e1skorunum. Spila\u00f0u \u00e1 \u00fe\u00ednum eigin hra\u00f0a og uppg\u00f6tva\u00f0u eins og heimama\u00f0ur!","breadcrumb":{"@id":"https:\/\/testwebsite.citygame.com\/is\/games\/singapore-city\/secrets-of-singapore-city\/#breadcrumb"},"inLanguage":"is","potentialAction":[{"@type":"ReadAction","target":["https:\/\/testwebsite.citygame.com\/is\/games\/singapore-city\/secrets-of-singapore-city\/"]}]},{"@type":"ImageObject","inLanguage":"is","@id":"https:\/\/testwebsite.citygame.com\/is\/games\/singapore-city\/secrets-of-singapore-city\/#primaryimage","url":"https:\/\/testwebsite.citygame.com\/wp-content\/blogs.dir\/1\/files\/sites\/62\/2026\/03\/singapore-city-secrets-of-game-player-at-hindu-temple.jpg","contentUrl":"https:\/\/testwebsite.citygame.com\/wp-content\/blogs.dir\/1\/files\/sites\/62\/2026\/03\/singapore-city-secrets-of-game-player-at-hindu-temple.jpg","width":1024,"height":1024,"caption":"A traveler explores a temple in Singapore City while playing an interactive mobile game."},{"@type":"BreadcrumbList","@id":"https:\/\/testwebsite.citygame.com\/is\/games\/singapore-city\/secrets-of-singapore-city\/#breadcrumb","itemListElement":[{"@type":"ListItem","position":1,"name":"Home","item":"https:\/\/testwebsite.citygame.com\/is\/"},{"@type":"ListItem","position":2,"name":"Shop","item":"https:\/\/testwebsite.citygame.com\/shop\/"},{"@type":"ListItem","position":3,"name":"Secrets of Singapore City"}]},{"@type":"WebSite","@id":"https:\/\/testwebsite.upevents.nl\/#website","url":"https:\/\/testwebsite.upevents.nl\/","name":"City Game","description":"","publisher":{"@id":"https:\/\/testwebsite.upevents.nl\/#organization"},"alternateName":"citygame.com","potentialAction":[{"@type":"SearchAction","target":{"@type":"EntryPoint","urlTemplate":"https:\/\/testwebsite.upevents.nl\/?s={search_term_string}"},"query-input":{"@type":"PropertyValueSpecification","valueRequired":true,"valueName":"search_term_string"}}],"inLanguage":"is"},{"@type":["Organization","Place"],"@id":"https:\/\/testwebsite.upevents.nl\/#organization","name":"City Game","alternateName":"citygame.com","url":"https:\/\/testwebsite.upevents.nl\/","logo":{"@id":"https:\/\/testwebsite.citygame.com\/is\/games\/singapore-city\/secrets-of-singapore-city\/#local-main-organization-logo"},"image":{"@id":"https:\/\/testwebsite.citygame.com\/is\/games\/singapore-city\/secrets-of-singapore-city\/#local-main-organization-logo"},"sameAs":["https:\/\/www.facebook.com\/profile.php?id=100086426226253","https:\/\/www.instagram.com\/citygame_com","https:\/\/www.tiktok.com\/@citygamecom\/","https:\/\/www.linkedin.com\/company\/citygame-com"],"description":"Turn any city into a playground with our interactive City Games and self-guided tours. Fun, flexible, and ideal for groups and team building.","telephone":[],"openingHoursSpecification":[{"@type":"OpeningHoursSpecification","dayOfWeek":["Monday","Tuesday","Wednesday","Thursday","Friday","Saturday","Sunday"],"opens":"09:00","closes":"17:00"}]},{"@type":"ImageObject","inLanguage":"is","@id":"https:\/\/testwebsite.citygame.com\/is\/games\/singapore-city\/secrets-of-singapore-city\/#local-main-organization-logo","url":"https:\/\/testwebsite.citygame.com\/wp-content\/blogs.dir\/1\/files\/sites\/62\/2025\/10\/CG_LOGO-City-Game.png","contentUrl":"https:\/\/testwebsite.citygame.com\/wp-content\/blogs.dir\/1\/files\/sites\/62\/2025\/10\/CG_LOGO-City-Game.png","width":351,"height":377,"caption":"City Game"}]}},"taxonomy_info":{"game-concept":[{"value":717,"label":"Secrets"}],"location":[{"value":588,"label":"Singapore City"}],"product_cat":[{"value":27,"label":"Geen categorie"}]},"featured_image_src_large":["https:\/\/testwebsite.citygame.com\/wp-content\/blogs.dir\/1\/files\/sites\/62\/2026\/03\/singapore-city-secrets-of-game-player-at-hindu-temple.jpg",1024,1024,false],"author_info":[],"comment_info":"","_links":{"self":[{"href":"https:\/\/testwebsite.citygame.com\/is\/wp-json\/wp\/v2\/product\/58239","targetHints":{"allow":["GET"]}}],"collection":[{"href":"https:\/\/testwebsite.citygame.com\/is\/wp-json\/wp\/v2\/product"}],"about":[{"href":"https:\/\/testwebsite.citygame.com\/is\/wp-json\/wp\/v2\/types\/product"}],"acf:post":[{"embeddable":true,"href":"https:\/\/testwebsite.citygame.com\/is\/wp-json\/wp\/v2\/pages\/13161"}],"wp:featuredmedia":[{"embeddable":true,"href":"https:\/\/testwebsite.citygame.com\/is\/wp-json\/wp\/v2\/media\/19280"}],"wp:attachment":[{"href":"https:\/\/testwebsite.citygame.com\/is\/wp-json\/wp\/v2\/media?parent=58239"}],"wp:term":[{"taxonomy":"game-concept","embeddable":true,"href":"https:\/\/testwebsite.citygame.com\/is\/wp-json\/wp\/v2\/game-concept?post=58239"},{"taxonomy":"location","embeddable":true,"href":"https:\/\/testwebsite.citygame.com\/is\/wp-json\/wp\/v2\/location?post=58239"},{"taxonomy":"product_brand","embeddable":true,"href":"https:\/\/testwebsite.citygame.com\/is\/wp-json\/wp\/v2\/product_brand?post=58239"},{"taxonomy":"product_cat","embeddable":true,"href":"https:\/\/testwebsite.citygame.com\/is\/wp-json\/wp\/v2\/product_cat?post=58239"},{"taxonomy":"product_tag","embeddable":true,"href":"https:\/\/testwebsite.citygame.com\/is\/wp-json\/wp\/v2\/product_tag?post=58239"}],"curies":[{"name":"wp","href":"https:\/\/api.w.org\/{rel}","templated":true}]}}