{"id":56688,"date":"2026-02-10T17:19:33","date_gmt":"2026-02-10T17:19:33","guid":{"rendered":"https:\/\/testwebsite.citygame.com\/games\/unknown-location\/sherlock-holmes-sharm-el-sheikh\/"},"modified":"2026-04-07T23:07:01","modified_gmt":"2026-04-07T23:07:01","slug":"sherlock-holmes-sharm-el-sheikh","status":"publish","type":"product","link":"https:\/\/testwebsite.citygame.com\/is\/games\/sharm-el-sheikh\/sherlock-holmes-sharm-el-sheikh\/","title":{"rendered":"Sherlock Holmes Sharm El Sheikh"},"content":{"rendered":"<p>St\u00edg\u00f0u inn \u00ed heim Sherlock Holmes me\u00f0 \u00feessum sj\u00e1lfsst\u00fdr\u00f0a, sagnfr\u00e6\u00f0ilega mor\u00f0g\u00e1tuleik, City Game, sem gerist \u00ed mi\u00f0b\u00e6 Sharm El Sheikh. \u00deegar \u00e1takanlegt mor\u00f0 r\u00fdfur fri\u00f0 Liberty h\u00e1t\u00ed\u00f0arinnar, ver\u00f0i\u00f0 \u00fe\u00fa og f\u00e9lagar \u00fe\u00ednir a\u00f0 hreyfa ykkur um borgarg\u00f6turnar, fylgja \u00f3rofinni fr\u00e1s\u00f6gn sem dregur ykkur inn \u00ed hjarta ranns\u00f3knarinnar. \u00c1 ykkar eigin hra\u00f0a, safni\u00f0 v\u00edsbendingum, leysi\u00f0 fl\u00f3knar \u00ferautir og yfirheyri\u00f0 stafr\u00e6na gruna\u00f0a til a\u00f0 afhj\u00fapa sannleikann \u00e1 bak vi\u00f0 gl\u00e6pinn.<\/p>\n","protected":false},"excerpt":{"rendered":"<p>St\u00edg\u00f0u \u00ed spor heims\u00feekkta ranns\u00f3knarl\u00f6greglumannsins, Sherlock Holmes, \u00ed spennandi, sj\u00e1lfsst\u00fdr\u00f0ri mor\u00f0g\u00e1tu sem gerist \u00ed Sharm El Sheikh. \u00deegar li\u00f0i\u00f0 \u00feitt fylgir \u00f3lj\u00f3sum v\u00edsbendingum, leysir fl\u00f3knar \u00ferautir og n\u00e1lgast sannleikann, mundu &#8211; t\u00edminn skiptir \u00f6llu m\u00e1li!<\/p>\n","protected":false},"featured_media":11966,"template":"","meta":{"_acf_changed":false,"_yoast_wpseo_focuskw":"Sherlock Holmes Sharm El Sheikh","_yoast_wpseo_metadesc":"Sherlock Holmes Sharm El Sheikh. Spila\u00f0u sj\u00e1lfsst\u00fdr\u00f0an mor\u00f0g\u00e1tuleik, City Game, leystu \u00ferautir, fylgdu v\u00edsbendingum og afhj\u00fapa\u00f0u mor\u00f0ingjann \u00e1 \u00fe\u00ednum eigin hra\u00f0a!","_kad_blocks_custom_css":"","_kad_blocks_head_custom_js":"","_kad_blocks_body_custom_js":"","_kad_blocks_footer_custom_js":"","ghostkit_customizer_options":"","ghostkit_custom_css":"","ghostkit_custom_js_head":"","ghostkit_custom_js_foot":"","ghostkit_typography":"","_kad_post_transparent":"","_kad_post_title":"","_kad_post_layout":"","_kad_post_sidebar_id":"","_kad_post_content_style":"","_kad_post_vertical_padding":"","_kad_post_feature":"","_kad_post_feature_position":"","_kad_post_header":false,"_kad_post_footer":false,"_kad_post_classname":"","_links_to":"","_links_to_target":""},"game-concept":[778],"location":[369],"product_brand":[],"product_cat":[27],"product_tag":[],"class_list":{"0":"post-56688","1":"product","2":"type-product","3":"status-publish","4":"has-post-thumbnail","6":"game-concept-sherlock","7":"location-sharm-el-sheikh","8":"product_cat-geen-categorie","10":"first","11":"instock","12":"shipping-taxable","13":"purchasable","14":"product-type-simple","15":"entry","16":"content-bg","17":"loop-entry"},"acf":{"full_bokun_product_name":"Sharm El Sheikh Self-Guided Sherlock Holmes Murder Mystery Game","location_name":"Sharm El Sheikh","bokun_calendar_widget_code":"<script type=\"text\/javascript\" src=\"https:\/\/widgets.bokun.io\/assets\/javascripts\/apps\/build\/BokunWidgetsLoader.js?bookingChannelUUID=a1e93e96-5232-4734-a595-28405f4b5a31\" async><\/script>\n     \n    <div class=\"bokunWidget\" data-src=\"https:\/\/widgets.bokun.io\/online-sales\/a1e93e96-5232-4734-a595-28405f4b5a31\/experience-calendar\/771588\"><\/div>\n    <noscript>Please enable javascript in your browser to book<\/noscript>","bokun_button_widget_code":"<script type=\"text\/javascript\" src=\"https:\/\/widgets.bokun.io\/assets\/javascripts\/apps\/build\/BokunWidgetsLoader.js?bookingChannelUUID=a1e93e96-5232-4734-a595-28405f4b5a31\" async><\/script>\n      <style> #bokun_ed001e45_5927_4f62_b470_ca766338d083 { display: inline-block; padding: .4em 1em; background: #47b82e; border-radius: 999999px; box-shadow: none; font-weight: 600; font-size: 24px; text-decoration: none; text-align: center; color: #FFFFFF; border:none; cursor: pointer; transition: background .2s ease; } #bokun_ed001e45_5927_4f62_b470_ca766338d083:hover{ background: #2f7b1f; } #bokun_ed001e45_5927_4f62_b470_ca766338d083:active{ background: #378f24; } <\/style> <button class=\"bokunButton\" disabled id=bokun_ed001e45_5927_4f62_b470_ca766338d083 data-src=\"https:\/\/widgets.bokun.io\/online-sales\/a1e93e96-5232-4734-a595-28405f4b5a31\/experience-calendar\/771588?partialView=1\" data-testid=\"widget-book-button\" > Book now <\/button> ","what_you\u2019ll_experience_during_the_game":"\u00de\u00fa st\u00edgur inn \u00ed gr\u00edpandi ranns\u00f3knars\u00f6gu sem gerist \u00ed Sharm El Sheikh, \u00fear sem dularfullt mor\u00f0 hefur varpa\u00f0 skugga \u00e1 Liberty Festival. \u00deegar m\u00e1li\u00f0 \u00fer\u00f3ast \u00ed kringum \u00feig ver\u00f0a g\u00f6turnar vettvangur gl\u00e6psins. \u00de\u00fa fylgir v\u00edsbendingum, leysir fl\u00f3knar \u00ferautir og afhj\u00fapar falin myndefni, hvert skref dregur \u00feig d\u00fdpra inn \u00ed ranns\u00f3knina. Hvert horn g\u00e6ti leitt \u00ed lj\u00f3s mikilv\u00e6gan s\u00f6nnunargagn e\u00f0a \u00f3v\u00e6nta vendingu.\n\nYfirheyrslur me\u00f0 stafr\u00e6num grunu\u00f0um \u00f6gra \u00fe\u00e9r til a\u00f0 sj\u00e1 m\u00f3tsagnir og pr\u00f3fa fjarvistarsannanir. Inns\u00e6i \u00feitt, r\u00f6kr\u00e9tt hugsun og sk\u00f6rp athugunargeta eru nau\u00f0synleg til a\u00f0 setja saman hva\u00f0 raunverulega ger\u00f0ist. \u00d6ll upplifunin er algj\u00f6rlega sagnfr\u00e6\u00f0ileg, h\u00f6nnu\u00f0 til a\u00f0 draga \u00feig inn \u00ed g\u00e1tuna \u00e1 \u00fe\u00ednum eigin hra\u00f0a. \u00de\u00fa getur gert hl\u00e9 og haldi\u00f0 \u00e1fram hven\u00e6r sem \u00fe\u00fa vilt, sem gerir hana tilvalna fyrir b\u00e6\u00f0i markvissar ranns\u00f3knir og afslappa\u00f0a li\u00f0svinnu. Keppnisli\u00f0 geta einnig s\u00e9\u00f0 hvernig ranns\u00f3knarh\u00e6fileikar \u00feeirra standast samanbur\u00f0, en raunverulegu ver\u00f0launin liggja \u00ed \u00fev\u00ed a\u00f0 afhj\u00fapa sannleikann.","how_to_play":"Spila\u00f0u einn e\u00f0a me\u00f0 vinum, fj\u00f6lskyldu e\u00f0a samstarfsf\u00f3lki \u00ed li\u00f0um me\u00f0 allt a\u00f0 fj\u00f3rum \u00fe\u00e1tttakendum \u00e1 hvert t\u00e6ki. Eftir b\u00f3kun f\u00e6r\u00f0u t\u00f6lvup\u00f3st me\u00f0 lei\u00f0beiningum og \u00f6llu sem \u00fe\u00fa \u00fearft.","start_location":"Sharm El Sheikh, Maritim Jolie Ville Resort & Casino Sharm El Sheikh","available_languages":["en","es","fr","de","it","nl"],"players_per_group":"1-4","duration":"1.5-2 hours","image_overlay_color_image":"https:\/\/testwebsite.citygame.com\/wp-content\/blogs.dir\/1\/files\/sites\/62\/2026\/01\/SherlockColor.svg","image_overlay_game_logo":"https:\/\/testwebsite.citygame.com\/wp-content\/blogs.dir\/1\/files\/sites\/62\/2026\/01\/SherlockLogo.png","city_page":11964,"woocommerce_general_content":null},"yoast_head":"<!-- This site is optimized with the Yoast SEO Premium plugin v26.2 (Yoast SEO v26.3) - https:\/\/yoast.com\/wordpress\/plugins\/seo\/ -->\n<title>Sherlock Holmes Sharm El Sheikh - City Game<\/title>\n<meta name=\"description\" content=\"Sherlock Holmes Sharm El Sheikh. Spila\u00f0u sj\u00e1lfsst\u00fdr\u00f0an mor\u00f0g\u00e1tuleik, City Game, leystu \u00ferautir, fylgdu v\u00edsbendingum og afhj\u00fapa\u00f0u mor\u00f0ingjann \u00e1 \u00fe\u00ednum eigin hra\u00f0a!\" \/>\n<meta name=\"robots\" content=\"noindex, follow, max-snippet:-1, max-image-preview:large, max-video-preview:-1\" \/>\n<meta property=\"og:locale\" content=\"is_IS\" \/>\n<meta property=\"og:type\" content=\"article\" \/>\n<meta property=\"og:title\" content=\"Sherlock Holmes Sharm El Sheikh\" \/>\n<meta property=\"og:description\" content=\"Sherlock Holmes Sharm El Sheikh. Spila\u00f0u sj\u00e1lfsst\u00fdr\u00f0an mor\u00f0g\u00e1tuleik, City Game, leystu \u00ferautir, fylgdu v\u00edsbendingum og afhj\u00fapa\u00f0u mor\u00f0ingjann \u00e1 \u00fe\u00ednum eigin hra\u00f0a!\" \/>\n<meta property=\"og:url\" content=\"https:\/\/testwebsite.citygame.com\/is\/games\/sharm-el-sheikh\/sherlock-holmes-sharm-el-sheikh\/\" \/>\n<meta property=\"og:site_name\" content=\"City Game\" \/>\n<meta property=\"article:publisher\" content=\"https:\/\/www.facebook.com\/profile.php?id=100086426226253\" \/>\n<meta property=\"article:modified_time\" content=\"2026-04-07T23:07:01+00:00\" \/>\n<meta property=\"og:image\" content=\"https:\/\/testwebsite.citygame.com\/wp-content\/blogs.dir\/1\/files\/sites\/62\/2026\/02\/woman-playing-sherlock-city-game-on-european-street-2.jpg\" \/>\n\t<meta property=\"og:image:width\" content=\"1344\" \/>\n\t<meta property=\"og:image:height\" content=\"768\" \/>\n\t<meta property=\"og:image:type\" content=\"image\/jpeg\" \/>\n<meta name=\"twitter:card\" content=\"summary_large_image\" \/>\n<script type=\"application\/ld+json\" class=\"yoast-schema-graph\">{\"@context\":\"https:\/\/schema.org\",\"@graph\":[{\"@type\":\"WebPage\",\"@id\":\"https:\/\/testwebsite.citygame.com\/is\/games\/sharm-el-sheikh\/sherlock-holmes-sharm-el-sheikh\/\",\"url\":\"https:\/\/testwebsite.citygame.com\/is\/games\/sharm-el-sheikh\/sherlock-holmes-sharm-el-sheikh\/\",\"name\":\"Sherlock Holmes Sharm El Sheikh - City Game\",\"isPartOf\":{\"@id\":\"https:\/\/testwebsite.upevents.nl\/#website\"},\"primaryImageOfPage\":{\"@id\":\"https:\/\/testwebsite.citygame.com\/is\/games\/sharm-el-sheikh\/sherlock-holmes-sharm-el-sheikh\/#primaryimage\"},\"image\":{\"@id\":\"https:\/\/testwebsite.citygame.com\/is\/games\/sharm-el-sheikh\/sherlock-holmes-sharm-el-sheikh\/#primaryimage\"},\"thumbnailUrl\":\"https:\/\/testwebsite.citygame.com\/wp-content\/blogs.dir\/1\/files\/sites\/62\/2026\/02\/woman-playing-sherlock-city-game-on-european-street-2.jpg\",\"datePublished\":\"2026-02-10T17:19:33+00:00\",\"dateModified\":\"2026-04-07T23:07:01+00:00\",\"description\":\"Sherlock Holmes Sharm El Sheikh. Spila\u00f0u sj\u00e1lfsst\u00fdr\u00f0an mor\u00f0g\u00e1tuleik, City Game, leystu \u00ferautir, fylgdu v\u00edsbendingum og afhj\u00fapa\u00f0u mor\u00f0ingjann \u00e1 \u00fe\u00ednum eigin hra\u00f0a!\",\"breadcrumb\":{\"@id\":\"https:\/\/testwebsite.citygame.com\/is\/games\/sharm-el-sheikh\/sherlock-holmes-sharm-el-sheikh\/#breadcrumb\"},\"inLanguage\":\"is\",\"potentialAction\":[{\"@type\":\"ReadAction\",\"target\":[\"https:\/\/testwebsite.citygame.com\/is\/games\/sharm-el-sheikh\/sherlock-holmes-sharm-el-sheikh\/\"]}]},{\"@type\":\"ImageObject\",\"inLanguage\":\"is\",\"@id\":\"https:\/\/testwebsite.citygame.com\/is\/games\/sharm-el-sheikh\/sherlock-holmes-sharm-el-sheikh\/#primaryimage\",\"url\":\"https:\/\/testwebsite.citygame.com\/wp-content\/blogs.dir\/1\/files\/sites\/62\/2026\/02\/woman-playing-sherlock-city-game-on-european-street-2.jpg\",\"contentUrl\":\"https:\/\/testwebsite.citygame.com\/wp-content\/blogs.dir\/1\/files\/sites\/62\/2026\/02\/woman-playing-sherlock-city-game-on-european-street-2.jpg\",\"width\":1344,\"height\":768,\"caption\":\"A player uses her smartphone to solve a mystery while exploring a historic European city street.\"},{\"@type\":\"BreadcrumbList\",\"@id\":\"https:\/\/testwebsite.citygame.com\/is\/games\/sharm-el-sheikh\/sherlock-holmes-sharm-el-sheikh\/#breadcrumb\",\"itemListElement\":[{\"@type\":\"ListItem\",\"position\":1,\"name\":\"Home\",\"item\":\"https:\/\/testwebsite.citygame.com\/is\/\"},{\"@type\":\"ListItem\",\"position\":2,\"name\":\"Shop\",\"item\":\"https:\/\/testwebsite.citygame.com\/shop\/\"},{\"@type\":\"ListItem\",\"position\":3,\"name\":\"Sherlock Holmes Sharm El Sheikh\"}]},{\"@type\":\"WebSite\",\"@id\":\"https:\/\/testwebsite.upevents.nl\/#website\",\"url\":\"https:\/\/testwebsite.upevents.nl\/\",\"name\":\"City Game\",\"description\":\"\",\"publisher\":{\"@id\":\"https:\/\/testwebsite.upevents.nl\/#organization\"},\"alternateName\":\"citygame.com\",\"potentialAction\":[{\"@type\":\"SearchAction\",\"target\":{\"@type\":\"EntryPoint\",\"urlTemplate\":\"https:\/\/testwebsite.upevents.nl\/?s={search_term_string}\"},\"query-input\":{\"@type\":\"PropertyValueSpecification\",\"valueRequired\":true,\"valueName\":\"search_term_string\"}}],\"inLanguage\":\"is\"},{\"@type\":[\"Organization\",\"Place\"],\"@id\":\"https:\/\/testwebsite.upevents.nl\/#organization\",\"name\":\"City Game\",\"alternateName\":\"citygame.com\",\"url\":\"https:\/\/testwebsite.upevents.nl\/\",\"logo\":{\"@id\":\"https:\/\/testwebsite.citygame.com\/is\/games\/sharm-el-sheikh\/sherlock-holmes-sharm-el-sheikh\/#local-main-organization-logo\"},\"image\":{\"@id\":\"https:\/\/testwebsite.citygame.com\/is\/games\/sharm-el-sheikh\/sherlock-holmes-sharm-el-sheikh\/#local-main-organization-logo\"},\"sameAs\":[\"https:\/\/www.facebook.com\/profile.php?id=100086426226253\",\"https:\/\/www.instagram.com\/citygame_com\",\"https:\/\/www.tiktok.com\/@citygamecom\/\",\"https:\/\/www.linkedin.com\/company\/citygame-com\"],\"description\":\"Turn any city into a playground with our interactive City Games and self-guided tours. Fun, flexible, and ideal for groups and team building.\",\"telephone\":[],\"openingHoursSpecification\":[{\"@type\":\"OpeningHoursSpecification\",\"dayOfWeek\":[\"Monday\",\"Tuesday\",\"Wednesday\",\"Thursday\",\"Friday\",\"Saturday\",\"Sunday\"],\"opens\":\"09:00\",\"closes\":\"17:00\"}]},{\"@type\":\"ImageObject\",\"inLanguage\":\"is\",\"@id\":\"https:\/\/testwebsite.citygame.com\/is\/games\/sharm-el-sheikh\/sherlock-holmes-sharm-el-sheikh\/#local-main-organization-logo\",\"url\":\"https:\/\/testwebsite.citygame.com\/wp-content\/blogs.dir\/1\/files\/sites\/62\/2025\/10\/CG_LOGO-City-Game.png\",\"contentUrl\":\"https:\/\/testwebsite.citygame.com\/wp-content\/blogs.dir\/1\/files\/sites\/62\/2025\/10\/CG_LOGO-City-Game.png\",\"width\":351,\"height\":377,\"caption\":\"City Game\"}]}<\/script>\n<!-- \/ Yoast SEO Premium plugin. -->","yoast_head_json":{"title":"Sherlock Holmes Sharm El Sheikh - City Game","description":"Sherlock Holmes Sharm El Sheikh. Spila\u00f0u sj\u00e1lfsst\u00fdr\u00f0an mor\u00f0g\u00e1tuleik, City Game, leystu \u00ferautir, fylgdu v\u00edsbendingum og afhj\u00fapa\u00f0u mor\u00f0ingjann \u00e1 \u00fe\u00ednum eigin hra\u00f0a!","robots":{"index":"noindex","follow":"follow","max-snippet":"max-snippet:-1","max-image-preview":"max-image-preview:large","max-video-preview":"max-video-preview:-1"},"og_locale":"is_IS","og_type":"article","og_title":"Sherlock Holmes Sharm El Sheikh","og_description":"Sherlock Holmes Sharm El Sheikh. Spila\u00f0u sj\u00e1lfsst\u00fdr\u00f0an mor\u00f0g\u00e1tuleik, City Game, leystu \u00ferautir, fylgdu v\u00edsbendingum og afhj\u00fapa\u00f0u mor\u00f0ingjann \u00e1 \u00fe\u00ednum eigin hra\u00f0a!","og_url":"https:\/\/testwebsite.citygame.com\/is\/games\/sharm-el-sheikh\/sherlock-holmes-sharm-el-sheikh\/","og_site_name":"City Game","article_publisher":"https:\/\/www.facebook.com\/profile.php?id=100086426226253","article_modified_time":"2026-04-07T23:07:01+00:00","og_image":[{"width":1344,"height":768,"url":"https:\/\/testwebsite.citygame.com\/wp-content\/blogs.dir\/1\/files\/sites\/62\/2026\/02\/woman-playing-sherlock-city-game-on-european-street-2.jpg","type":"image\/jpeg"}],"twitter_card":"summary_large_image","schema":{"@context":"https:\/\/schema.org","@graph":[{"@type":"WebPage","@id":"https:\/\/testwebsite.citygame.com\/is\/games\/sharm-el-sheikh\/sherlock-holmes-sharm-el-sheikh\/","url":"https:\/\/testwebsite.citygame.com\/is\/games\/sharm-el-sheikh\/sherlock-holmes-sharm-el-sheikh\/","name":"Sherlock Holmes Sharm El Sheikh - City Game","isPartOf":{"@id":"https:\/\/testwebsite.upevents.nl\/#website"},"primaryImageOfPage":{"@id":"https:\/\/testwebsite.citygame.com\/is\/games\/sharm-el-sheikh\/sherlock-holmes-sharm-el-sheikh\/#primaryimage"},"image":{"@id":"https:\/\/testwebsite.citygame.com\/is\/games\/sharm-el-sheikh\/sherlock-holmes-sharm-el-sheikh\/#primaryimage"},"thumbnailUrl":"https:\/\/testwebsite.citygame.com\/wp-content\/blogs.dir\/1\/files\/sites\/62\/2026\/02\/woman-playing-sherlock-city-game-on-european-street-2.jpg","datePublished":"2026-02-10T17:19:33+00:00","dateModified":"2026-04-07T23:07:01+00:00","description":"Sherlock Holmes Sharm El Sheikh. Spila\u00f0u sj\u00e1lfsst\u00fdr\u00f0an mor\u00f0g\u00e1tuleik, City Game, leystu \u00ferautir, fylgdu v\u00edsbendingum og afhj\u00fapa\u00f0u mor\u00f0ingjann \u00e1 \u00fe\u00ednum eigin hra\u00f0a!","breadcrumb":{"@id":"https:\/\/testwebsite.citygame.com\/is\/games\/sharm-el-sheikh\/sherlock-holmes-sharm-el-sheikh\/#breadcrumb"},"inLanguage":"is","potentialAction":[{"@type":"ReadAction","target":["https:\/\/testwebsite.citygame.com\/is\/games\/sharm-el-sheikh\/sherlock-holmes-sharm-el-sheikh\/"]}]},{"@type":"ImageObject","inLanguage":"is","@id":"https:\/\/testwebsite.citygame.com\/is\/games\/sharm-el-sheikh\/sherlock-holmes-sharm-el-sheikh\/#primaryimage","url":"https:\/\/testwebsite.citygame.com\/wp-content\/blogs.dir\/1\/files\/sites\/62\/2026\/02\/woman-playing-sherlock-city-game-on-european-street-2.jpg","contentUrl":"https:\/\/testwebsite.citygame.com\/wp-content\/blogs.dir\/1\/files\/sites\/62\/2026\/02\/woman-playing-sherlock-city-game-on-european-street-2.jpg","width":1344,"height":768,"caption":"A player uses her smartphone to solve a mystery while exploring a historic European city street."},{"@type":"BreadcrumbList","@id":"https:\/\/testwebsite.citygame.com\/is\/games\/sharm-el-sheikh\/sherlock-holmes-sharm-el-sheikh\/#breadcrumb","itemListElement":[{"@type":"ListItem","position":1,"name":"Home","item":"https:\/\/testwebsite.citygame.com\/is\/"},{"@type":"ListItem","position":2,"name":"Shop","item":"https:\/\/testwebsite.citygame.com\/shop\/"},{"@type":"ListItem","position":3,"name":"Sherlock Holmes Sharm El Sheikh"}]},{"@type":"WebSite","@id":"https:\/\/testwebsite.upevents.nl\/#website","url":"https:\/\/testwebsite.upevents.nl\/","name":"City Game","description":"","publisher":{"@id":"https:\/\/testwebsite.upevents.nl\/#organization"},"alternateName":"citygame.com","potentialAction":[{"@type":"SearchAction","target":{"@type":"EntryPoint","urlTemplate":"https:\/\/testwebsite.upevents.nl\/?s={search_term_string}"},"query-input":{"@type":"PropertyValueSpecification","valueRequired":true,"valueName":"search_term_string"}}],"inLanguage":"is"},{"@type":["Organization","Place"],"@id":"https:\/\/testwebsite.upevents.nl\/#organization","name":"City Game","alternateName":"citygame.com","url":"https:\/\/testwebsite.upevents.nl\/","logo":{"@id":"https:\/\/testwebsite.citygame.com\/is\/games\/sharm-el-sheikh\/sherlock-holmes-sharm-el-sheikh\/#local-main-organization-logo"},"image":{"@id":"https:\/\/testwebsite.citygame.com\/is\/games\/sharm-el-sheikh\/sherlock-holmes-sharm-el-sheikh\/#local-main-organization-logo"},"sameAs":["https:\/\/www.facebook.com\/profile.php?id=100086426226253","https:\/\/www.instagram.com\/citygame_com","https:\/\/www.tiktok.com\/@citygamecom\/","https:\/\/www.linkedin.com\/company\/citygame-com"],"description":"Turn any city into a playground with our interactive City Games and self-guided tours. Fun, flexible, and ideal for groups and team building.","telephone":[],"openingHoursSpecification":[{"@type":"OpeningHoursSpecification","dayOfWeek":["Monday","Tuesday","Wednesday","Thursday","Friday","Saturday","Sunday"],"opens":"09:00","closes":"17:00"}]},{"@type":"ImageObject","inLanguage":"is","@id":"https:\/\/testwebsite.citygame.com\/is\/games\/sharm-el-sheikh\/sherlock-holmes-sharm-el-sheikh\/#local-main-organization-logo","url":"https:\/\/testwebsite.citygame.com\/wp-content\/blogs.dir\/1\/files\/sites\/62\/2025\/10\/CG_LOGO-City-Game.png","contentUrl":"https:\/\/testwebsite.citygame.com\/wp-content\/blogs.dir\/1\/files\/sites\/62\/2025\/10\/CG_LOGO-City-Game.png","width":351,"height":377,"caption":"City Game"}]}},"taxonomy_info":{"game-concept":[{"value":778,"label":"Sherlock"}],"location":[{"value":369,"label":"Sharm el Sheikh"}],"product_cat":[{"value":27,"label":"Geen categorie"}]},"featured_image_src_large":["https:\/\/testwebsite.citygame.com\/wp-content\/blogs.dir\/1\/files\/sites\/62\/2026\/02\/woman-playing-sherlock-city-game-on-european-street-2-1024x585.jpg",1024,585,true],"author_info":[],"comment_info":"","_links":{"self":[{"href":"https:\/\/testwebsite.citygame.com\/is\/wp-json\/wp\/v2\/product\/56688","targetHints":{"allow":["GET"]}}],"collection":[{"href":"https:\/\/testwebsite.citygame.com\/is\/wp-json\/wp\/v2\/product"}],"about":[{"href":"https:\/\/testwebsite.citygame.com\/is\/wp-json\/wp\/v2\/types\/product"}],"acf:post":[{"embeddable":true,"href":"https:\/\/testwebsite.citygame.com\/is\/wp-json\/wp\/v2\/pages\/11964"}],"wp:featuredmedia":[{"embeddable":true,"href":"https:\/\/testwebsite.citygame.com\/is\/wp-json\/wp\/v2\/media\/11966"}],"wp:attachment":[{"href":"https:\/\/testwebsite.citygame.com\/is\/wp-json\/wp\/v2\/media?parent=56688"}],"wp:term":[{"taxonomy":"game-concept","embeddable":true,"href":"https:\/\/testwebsite.citygame.com\/is\/wp-json\/wp\/v2\/game-concept?post=56688"},{"taxonomy":"location","embeddable":true,"href":"https:\/\/testwebsite.citygame.com\/is\/wp-json\/wp\/v2\/location?post=56688"},{"taxonomy":"product_brand","embeddable":true,"href":"https:\/\/testwebsite.citygame.com\/is\/wp-json\/wp\/v2\/product_brand?post=56688"},{"taxonomy":"product_cat","embeddable":true,"href":"https:\/\/testwebsite.citygame.com\/is\/wp-json\/wp\/v2\/product_cat?post=56688"},{"taxonomy":"product_tag","embeddable":true,"href":"https:\/\/testwebsite.citygame.com\/is\/wp-json\/wp\/v2\/product_tag?post=56688"}],"curies":[{"name":"wp","href":"https:\/\/api.w.org\/{rel}","templated":true}]}}