{"id":56580,"date":"2026-02-13T17:14:26","date_gmt":"2026-02-13T17:14:26","guid":{"rendered":"https:\/\/testwebsite.citygame.com\/games\/unknown-location\/the-groningen-syndicate\/"},"modified":"2026-04-07T22:56:16","modified_gmt":"2026-04-07T22:56:16","slug":"the-groningen-syndicate","status":"publish","type":"product","link":"https:\/\/testwebsite.citygame.com\/is\/games\/groningen\/the-groningen-syndicate\/","title":{"rendered":"The Groningen Syndicate"},"content":{"rendered":"<p>\u00deessi sj\u00e1lfsst\u00fdr\u00f0i borgarfl\u00f3ttaleikur \u00ed Groningen fer fram \u00ed mi\u00f0borg Groningen, \u00fear sem leikmenn mynda li\u00f0 til a\u00f0 elta hinn \u00f3f\u00e1anlega Magnus og endurheimta sex stolnar form\u00falur. \u00cd gegnum r\u00f6\u00f0 \u00ferauta, verkefna og \u00e1skorana ver\u00f0a \u00fe\u00e1tttakendur a\u00f0 vinna n\u00e1i\u00f0 saman, ganga skref fyrir skref \u00ed gegnum s\u00f6gudrifi\u00f0 verkefni. \u00deessi borgarleikur \u00ed Groningen leggur \u00e1herslu \u00e1 li\u00f0svinnu, yfirgripsmikla s\u00f6gus\u00f6gn og vandam\u00e1lalausnir sem lykilatri\u00f0i upplifunarinnar.<\/p>\n","protected":false},"excerpt":{"rendered":"<p>S\u00f6kkva\u00f0u \u00fe\u00e9r ni\u00f0ur \u00ed spennandi a\u00f0ger\u00f0 sj\u00e1lfsst\u00fdr\u00f0a borgarfl\u00f3ttaleiks Groningen. Vinni\u00f0 \u00ed samr\u00e6mi vi\u00f0 li\u00f0i\u00f0 ykkar, leysi\u00f0 fl\u00f3knar \u00ferautir, fylgi\u00f0 sannf\u00e6randi v\u00edsbendingum, takist \u00e1 vi\u00f0 fl\u00f3kin verkefni og afhj\u00fapi\u00f0 hr\u00edfandi sannleikann \u00e1 bak vi\u00f0 falin leyndarm\u00e1l borgarinnar \u2013 \u00feetta er h\u00e1hra\u00f0a verkefni sem krefst ykkar fyllstu skuldbindingar!<\/p>\n","protected":false},"featured_media":13712,"template":"","meta":{"_acf_changed":false,"_yoast_wpseo_focuskw":"The Groningen Syndicate","_yoast_wpseo_metadesc":"The Groningen Syndicate. Spila\u00f0u sj\u00e1lfsst\u00fdr\u00f0an borgarfl\u00f3ttaleik, leystu \u00ferautir, kl\u00e1ra\u00f0u verkefni og endurheimtu stolnu form\u00falurnar \u00e1 \u00fe\u00ednum eigin hra\u00f0a!","_kad_blocks_custom_css":"","_kad_blocks_head_custom_js":"","_kad_blocks_body_custom_js":"","_kad_blocks_footer_custom_js":"","ghostkit_customizer_options":"","ghostkit_custom_css":"","ghostkit_custom_js_head":"","ghostkit_custom_js_foot":"","ghostkit_typography":"","_kad_post_transparent":"","_kad_post_title":"","_kad_post_layout":"","_kad_post_sidebar_id":"","_kad_post_content_style":"","_kad_post_vertical_padding":"","_kad_post_feature":"","_kad_post_feature_position":"","_kad_post_header":false,"_kad_post_footer":false,"_kad_post_classname":"","_links_to":"","_links_to_target":""},"game-concept":[747],"location":[188],"product_brand":[],"product_cat":[27],"product_tag":[],"class_list":{"0":"post-56580","1":"product","2":"type-product","3":"status-publish","4":"has-post-thumbnail","6":"game-concept-syndicate","7":"location-groningen","8":"product_cat-geen-categorie","10":"first","11":"instock","12":"shipping-taxable","13":"purchasable","14":"product-type-simple","15":"entry","16":"content-bg","17":"loop-entry"},"acf":{"full_bokun_product_name":"Self-Guided The Groningen Syndicate City Escape Game","location_name":"Groningen","bokun_calendar_widget_code":"<script type=\"text\/javascript\" src=\"https:\/\/widgets.bokun.io\/assets\/javascripts\/apps\/build\/BokunWidgetsLoader.js?bookingChannelUUID=a1e93e96-5232-4734-a595-28405f4b5a31\" async><\/script>\n     \n    <div class=\"bokunWidget\" data-src=\"https:\/\/widgets.bokun.io\/online-sales\/a1e93e96-5232-4734-a595-28405f4b5a31\/experience-calendar\/785413\"><\/div>\n    <noscript>Please enable javascript in your browser to book<\/noscript>","bokun_button_widget_code":"<script type=\"text\/javascript\" src=\"https:\/\/widgets.bokun.io\/assets\/javascripts\/apps\/build\/BokunWidgetsLoader.js?bookingChannelUUID=a1e93e96-5232-4734-a595-28405f4b5a31\" async><\/script>\n      <style> #bokun_ed001e45_5927_4f62_b470_ca766338d083 { display: inline-block; padding: .4em 1em; background: #47b82e; border-radius: 999999px; box-shadow: none; font-weight: 600; font-size: 24px; text-decoration: none; text-align: center; color: #FFFFFF; border:none; cursor: pointer; transition: background .2s ease; } #bokun_ed001e45_5927_4f62_b470_ca766338d083:hover{ background: #2f7b1f; } #bokun_ed001e45_5927_4f62_b470_ca766338d083:active{ background: #378f24; } <\/style> <button class=\"bokunButton\" disabled id=bokun_ed001e45_5927_4f62_b470_ca766338d083 data-src=\"https:\/\/widgets.bokun.io\/online-sales\/a1e93e96-5232-4734-a595-28405f4b5a31\/experience-calendar\/785413?partialView=1\" data-testid=\"widget-book-button\" > Book now <\/button> ","what_you\u2019ll_experience_during_the_game":"St\u00edg\u00f0u inn \u00ed spennandi fl\u00f3ttaverkefni \u00ed hjarta Groningen, \u00fear sem li\u00f0inu \u00fe\u00ednu er \u00e6tla\u00f0 a\u00f0 elta uppi hinn \u00f3f\u00e1anlega Magnus og endurheimta sex stolnar v\u00edsindaform\u00falur \u00e1\u00f0ur en \u00fe\u00e6r hverfa fyrir fullt og allt. Eftir \u00fev\u00ed sem verkefni\u00f0 \u00fer\u00f3ast skref fyrir skref muntu rata um l\u00edflegar g\u00f6tur borgarinnar, afk\u00f3\u00f0a dulk\u00f3\u00f0u\u00f0 skilabo\u00f0, takast \u00e1 vi\u00f0 fl\u00f3knar \u00ferautir og framkv\u00e6ma mikilv\u00e6g verkefni sem reyna \u00e1 samh\u00e6fingu li\u00f0sins til hins \u00fdtrasta.\n\nS\u00e9rhver hluti upplifunarinnar er \u00fe\u00e9tt samofinn samfelldri, s\u00f6gudrifinni fr\u00e1s\u00f6gn sem krefst samvinnu, gagnr\u00fdnnar hugsunar og sk\u00fdrra samskipta. Stefnumarkandi val m\u00f3ta hra\u00f0a og lei\u00f0 verkefnisins, me\u00f0 frelsi til a\u00f0 gera hl\u00e9 og halda \u00e1fram hven\u00e6r sem \u00fe\u00fa ert tilb\u00fainn. Groningen sj\u00e1lf ver\u00f0ur hinn s\u00edfelldi bakgrunnur, full af \u00e1skorunum og br\u00fdnum \u00fe\u00f6rfum, \u00fear sem \u00e1kvar\u00f0anir \u00fe\u00ednar r\u00e1\u00f0a \u00fev\u00ed hvort \u00e1h\u00f6fnin \u00fe\u00edn getur blekkt Magnus og loki\u00f0 verkefninu.","how_to_play":"B\u00f3ka\u00f0u borgarleikinn, athuga\u00f0u t\u00f6lvup\u00f3stinn sem vi\u00f0 sendum \u00fe\u00e9r me\u00f0 lei\u00f0beiningunum, s\u00e6ktu Loquiz Appi\u00f0 og byrja\u00f0u leikupplifunina \u00fe\u00edna!","start_location":"Groningen, Grote Markt","available_languages":["en","nl"],"players_per_group":"1-4","duration":"1.5-2 hours","image_overlay_color_image":"https:\/\/testwebsite.citygame.com\/wp-content\/blogs.dir\/1\/files\/sites\/62\/2026\/01\/SyndicateColor.svg","image_overlay_game_logo":"https:\/\/testwebsite.citygame.com\/wp-content\/blogs.dir\/1\/files\/sites\/62\/2026\/01\/SyndicateLogo.png","city_page":4484,"woocommerce_general_content":null},"yoast_head":"<!-- This site is optimized with the Yoast SEO Premium plugin v26.2 (Yoast SEO v26.3) - https:\/\/yoast.com\/wordpress\/plugins\/seo\/ -->\n<title>The Groningen Syndicate - City Game<\/title>\n<meta name=\"description\" content=\"The Groningen Syndicate. Spila\u00f0u sj\u00e1lfsst\u00fdr\u00f0an borgarfl\u00f3ttaleik, leystu \u00ferautir, kl\u00e1ra\u00f0u verkefni og endurheimtu stolnu form\u00falurnar \u00e1 \u00fe\u00ednum eigin hra\u00f0a!\" \/>\n<meta name=\"robots\" content=\"noindex, follow, max-snippet:-1, max-image-preview:large, max-video-preview:-1\" \/>\n<meta property=\"og:locale\" content=\"is_IS\" \/>\n<meta property=\"og:type\" content=\"article\" \/>\n<meta property=\"og:title\" content=\"The Groningen Syndicate\" \/>\n<meta property=\"og:description\" content=\"The Groningen Syndicate. Spila\u00f0u sj\u00e1lfsst\u00fdr\u00f0an borgarfl\u00f3ttaleik, leystu \u00ferautir, kl\u00e1ra\u00f0u verkefni og endurheimtu stolnu form\u00falurnar \u00e1 \u00fe\u00ednum eigin hra\u00f0a!\" \/>\n<meta property=\"og:url\" content=\"https:\/\/testwebsite.citygame.com\/is\/games\/groningen\/the-groningen-syndicate\/\" \/>\n<meta property=\"og:site_name\" content=\"City Game\" \/>\n<meta property=\"article:publisher\" content=\"https:\/\/www.facebook.com\/profile.php?id=100086426226253\" \/>\n<meta property=\"article:modified_time\" content=\"2026-04-07T22:56:16+00:00\" \/>\n<meta property=\"og:image\" content=\"https:\/\/testwebsite.citygame.com\/wp-content\/blogs.dir\/1\/files\/sites\/62\/2026\/02\/players-city-game-groningen-martinikerk.jpg\" \/>\n\t<meta property=\"og:image:width\" content=\"1024\" \/>\n\t<meta property=\"og:image:height\" content=\"1024\" \/>\n\t<meta property=\"og:image:type\" content=\"image\/jpeg\" \/>\n<meta name=\"twitter:card\" content=\"summary_large_image\" \/>\n<script type=\"application\/ld+json\" class=\"yoast-schema-graph\">{\"@context\":\"https:\/\/schema.org\",\"@graph\":[{\"@type\":\"WebPage\",\"@id\":\"https:\/\/testwebsite.citygame.com\/is\/games\/groningen\/the-groningen-syndicate\/\",\"url\":\"https:\/\/testwebsite.citygame.com\/is\/games\/groningen\/the-groningen-syndicate\/\",\"name\":\"The Groningen Syndicate - City Game\",\"isPartOf\":{\"@id\":\"https:\/\/testwebsite.upevents.nl\/#website\"},\"primaryImageOfPage\":{\"@id\":\"https:\/\/testwebsite.citygame.com\/is\/games\/groningen\/the-groningen-syndicate\/#primaryimage\"},\"image\":{\"@id\":\"https:\/\/testwebsite.citygame.com\/is\/games\/groningen\/the-groningen-syndicate\/#primaryimage\"},\"thumbnailUrl\":\"https:\/\/testwebsite.citygame.com\/wp-content\/blogs.dir\/1\/files\/sites\/62\/2026\/02\/players-city-game-groningen-martinikerk.jpg\",\"datePublished\":\"2026-02-13T17:14:26+00:00\",\"dateModified\":\"2026-04-07T22:56:16+00:00\",\"description\":\"The Groningen Syndicate. Spila\u00f0u sj\u00e1lfsst\u00fdr\u00f0an borgarfl\u00f3ttaleik, leystu \u00ferautir, kl\u00e1ra\u00f0u verkefni og endurheimtu stolnu form\u00falurnar \u00e1 \u00fe\u00ednum eigin hra\u00f0a!\",\"breadcrumb\":{\"@id\":\"https:\/\/testwebsite.citygame.com\/is\/games\/groningen\/the-groningen-syndicate\/#breadcrumb\"},\"inLanguage\":\"is\",\"potentialAction\":[{\"@type\":\"ReadAction\",\"target\":[\"https:\/\/testwebsite.citygame.com\/is\/games\/groningen\/the-groningen-syndicate\/\"]}]},{\"@type\":\"ImageObject\",\"inLanguage\":\"is\",\"@id\":\"https:\/\/testwebsite.citygame.com\/is\/games\/groningen\/the-groningen-syndicate\/#primaryimage\",\"url\":\"https:\/\/testwebsite.citygame.com\/wp-content\/blogs.dir\/1\/files\/sites\/62\/2026\/02\/players-city-game-groningen-martinikerk.jpg\",\"contentUrl\":\"https:\/\/testwebsite.citygame.com\/wp-content\/blogs.dir\/1\/files\/sites\/62\/2026\/02\/players-city-game-groningen-martinikerk.jpg\",\"width\":1024,\"height\":1024,\"caption\":\"A group of young people explore the historic center of Groningen using a smartphone.\"},{\"@type\":\"BreadcrumbList\",\"@id\":\"https:\/\/testwebsite.citygame.com\/is\/games\/groningen\/the-groningen-syndicate\/#breadcrumb\",\"itemListElement\":[{\"@type\":\"ListItem\",\"position\":1,\"name\":\"Home\",\"item\":\"https:\/\/testwebsite.citygame.com\/is\/\"},{\"@type\":\"ListItem\",\"position\":2,\"name\":\"Shop\",\"item\":\"https:\/\/testwebsite.citygame.com\/shop\/\"},{\"@type\":\"ListItem\",\"position\":3,\"name\":\"The Groningen Syndicate\"}]},{\"@type\":\"WebSite\",\"@id\":\"https:\/\/testwebsite.upevents.nl\/#website\",\"url\":\"https:\/\/testwebsite.upevents.nl\/\",\"name\":\"City Game\",\"description\":\"\",\"publisher\":{\"@id\":\"https:\/\/testwebsite.upevents.nl\/#organization\"},\"alternateName\":\"citygame.com\",\"potentialAction\":[{\"@type\":\"SearchAction\",\"target\":{\"@type\":\"EntryPoint\",\"urlTemplate\":\"https:\/\/testwebsite.upevents.nl\/?s={search_term_string}\"},\"query-input\":{\"@type\":\"PropertyValueSpecification\",\"valueRequired\":true,\"valueName\":\"search_term_string\"}}],\"inLanguage\":\"is\"},{\"@type\":[\"Organization\",\"Place\"],\"@id\":\"https:\/\/testwebsite.upevents.nl\/#organization\",\"name\":\"City Game\",\"alternateName\":\"citygame.com\",\"url\":\"https:\/\/testwebsite.upevents.nl\/\",\"logo\":{\"@id\":\"https:\/\/testwebsite.citygame.com\/is\/games\/groningen\/the-groningen-syndicate\/#local-main-organization-logo\"},\"image\":{\"@id\":\"https:\/\/testwebsite.citygame.com\/is\/games\/groningen\/the-groningen-syndicate\/#local-main-organization-logo\"},\"sameAs\":[\"https:\/\/www.facebook.com\/profile.php?id=100086426226253\",\"https:\/\/www.instagram.com\/citygame_com\",\"https:\/\/www.tiktok.com\/@citygamecom\/\",\"https:\/\/www.linkedin.com\/company\/citygame-com\"],\"description\":\"Turn any city into a playground with our interactive City Games and self-guided tours. Fun, flexible, and ideal for groups and team building.\",\"telephone\":[],\"openingHoursSpecification\":[{\"@type\":\"OpeningHoursSpecification\",\"dayOfWeek\":[\"Monday\",\"Tuesday\",\"Wednesday\",\"Thursday\",\"Friday\",\"Saturday\",\"Sunday\"],\"opens\":\"09:00\",\"closes\":\"17:00\"}]},{\"@type\":\"ImageObject\",\"inLanguage\":\"is\",\"@id\":\"https:\/\/testwebsite.citygame.com\/is\/games\/groningen\/the-groningen-syndicate\/#local-main-organization-logo\",\"url\":\"https:\/\/testwebsite.citygame.com\/wp-content\/blogs.dir\/1\/files\/sites\/62\/2025\/10\/CG_LOGO-City-Game.png\",\"contentUrl\":\"https:\/\/testwebsite.citygame.com\/wp-content\/blogs.dir\/1\/files\/sites\/62\/2025\/10\/CG_LOGO-City-Game.png\",\"width\":351,\"height\":377,\"caption\":\"City Game\"}]}<\/script>\n<!-- \/ Yoast SEO Premium plugin. -->","yoast_head_json":{"title":"The Groningen Syndicate - City Game","description":"The Groningen Syndicate. Spila\u00f0u sj\u00e1lfsst\u00fdr\u00f0an borgarfl\u00f3ttaleik, leystu \u00ferautir, kl\u00e1ra\u00f0u verkefni og endurheimtu stolnu form\u00falurnar \u00e1 \u00fe\u00ednum eigin hra\u00f0a!","robots":{"index":"noindex","follow":"follow","max-snippet":"max-snippet:-1","max-image-preview":"max-image-preview:large","max-video-preview":"max-video-preview:-1"},"og_locale":"is_IS","og_type":"article","og_title":"The Groningen Syndicate","og_description":"The Groningen Syndicate. Spila\u00f0u sj\u00e1lfsst\u00fdr\u00f0an borgarfl\u00f3ttaleik, leystu \u00ferautir, kl\u00e1ra\u00f0u verkefni og endurheimtu stolnu form\u00falurnar \u00e1 \u00fe\u00ednum eigin hra\u00f0a!","og_url":"https:\/\/testwebsite.citygame.com\/is\/games\/groningen\/the-groningen-syndicate\/","og_site_name":"City Game","article_publisher":"https:\/\/www.facebook.com\/profile.php?id=100086426226253","article_modified_time":"2026-04-07T22:56:16+00:00","og_image":[{"width":1024,"height":1024,"url":"https:\/\/testwebsite.citygame.com\/wp-content\/blogs.dir\/1\/files\/sites\/62\/2026\/02\/players-city-game-groningen-martinikerk.jpg","type":"image\/jpeg"}],"twitter_card":"summary_large_image","schema":{"@context":"https:\/\/schema.org","@graph":[{"@type":"WebPage","@id":"https:\/\/testwebsite.citygame.com\/is\/games\/groningen\/the-groningen-syndicate\/","url":"https:\/\/testwebsite.citygame.com\/is\/games\/groningen\/the-groningen-syndicate\/","name":"The Groningen Syndicate - City Game","isPartOf":{"@id":"https:\/\/testwebsite.upevents.nl\/#website"},"primaryImageOfPage":{"@id":"https:\/\/testwebsite.citygame.com\/is\/games\/groningen\/the-groningen-syndicate\/#primaryimage"},"image":{"@id":"https:\/\/testwebsite.citygame.com\/is\/games\/groningen\/the-groningen-syndicate\/#primaryimage"},"thumbnailUrl":"https:\/\/testwebsite.citygame.com\/wp-content\/blogs.dir\/1\/files\/sites\/62\/2026\/02\/players-city-game-groningen-martinikerk.jpg","datePublished":"2026-02-13T17:14:26+00:00","dateModified":"2026-04-07T22:56:16+00:00","description":"The Groningen Syndicate. Spila\u00f0u sj\u00e1lfsst\u00fdr\u00f0an borgarfl\u00f3ttaleik, leystu \u00ferautir, kl\u00e1ra\u00f0u verkefni og endurheimtu stolnu form\u00falurnar \u00e1 \u00fe\u00ednum eigin hra\u00f0a!","breadcrumb":{"@id":"https:\/\/testwebsite.citygame.com\/is\/games\/groningen\/the-groningen-syndicate\/#breadcrumb"},"inLanguage":"is","potentialAction":[{"@type":"ReadAction","target":["https:\/\/testwebsite.citygame.com\/is\/games\/groningen\/the-groningen-syndicate\/"]}]},{"@type":"ImageObject","inLanguage":"is","@id":"https:\/\/testwebsite.citygame.com\/is\/games\/groningen\/the-groningen-syndicate\/#primaryimage","url":"https:\/\/testwebsite.citygame.com\/wp-content\/blogs.dir\/1\/files\/sites\/62\/2026\/02\/players-city-game-groningen-martinikerk.jpg","contentUrl":"https:\/\/testwebsite.citygame.com\/wp-content\/blogs.dir\/1\/files\/sites\/62\/2026\/02\/players-city-game-groningen-martinikerk.jpg","width":1024,"height":1024,"caption":"A group of young people explore the historic center of Groningen using a smartphone."},{"@type":"BreadcrumbList","@id":"https:\/\/testwebsite.citygame.com\/is\/games\/groningen\/the-groningen-syndicate\/#breadcrumb","itemListElement":[{"@type":"ListItem","position":1,"name":"Home","item":"https:\/\/testwebsite.citygame.com\/is\/"},{"@type":"ListItem","position":2,"name":"Shop","item":"https:\/\/testwebsite.citygame.com\/shop\/"},{"@type":"ListItem","position":3,"name":"The Groningen Syndicate"}]},{"@type":"WebSite","@id":"https:\/\/testwebsite.upevents.nl\/#website","url":"https:\/\/testwebsite.upevents.nl\/","name":"City Game","description":"","publisher":{"@id":"https:\/\/testwebsite.upevents.nl\/#organization"},"alternateName":"citygame.com","potentialAction":[{"@type":"SearchAction","target":{"@type":"EntryPoint","urlTemplate":"https:\/\/testwebsite.upevents.nl\/?s={search_term_string}"},"query-input":{"@type":"PropertyValueSpecification","valueRequired":true,"valueName":"search_term_string"}}],"inLanguage":"is"},{"@type":["Organization","Place"],"@id":"https:\/\/testwebsite.upevents.nl\/#organization","name":"City Game","alternateName":"citygame.com","url":"https:\/\/testwebsite.upevents.nl\/","logo":{"@id":"https:\/\/testwebsite.citygame.com\/is\/games\/groningen\/the-groningen-syndicate\/#local-main-organization-logo"},"image":{"@id":"https:\/\/testwebsite.citygame.com\/is\/games\/groningen\/the-groningen-syndicate\/#local-main-organization-logo"},"sameAs":["https:\/\/www.facebook.com\/profile.php?id=100086426226253","https:\/\/www.instagram.com\/citygame_com","https:\/\/www.tiktok.com\/@citygamecom\/","https:\/\/www.linkedin.com\/company\/citygame-com"],"description":"Turn any city into a playground with our interactive City Games and self-guided tours. Fun, flexible, and ideal for groups and team building.","telephone":[],"openingHoursSpecification":[{"@type":"OpeningHoursSpecification","dayOfWeek":["Monday","Tuesday","Wednesday","Thursday","Friday","Saturday","Sunday"],"opens":"09:00","closes":"17:00"}]},{"@type":"ImageObject","inLanguage":"is","@id":"https:\/\/testwebsite.citygame.com\/is\/games\/groningen\/the-groningen-syndicate\/#local-main-organization-logo","url":"https:\/\/testwebsite.citygame.com\/wp-content\/blogs.dir\/1\/files\/sites\/62\/2025\/10\/CG_LOGO-City-Game.png","contentUrl":"https:\/\/testwebsite.citygame.com\/wp-content\/blogs.dir\/1\/files\/sites\/62\/2025\/10\/CG_LOGO-City-Game.png","width":351,"height":377,"caption":"City Game"}]}},"taxonomy_info":{"game-concept":[{"value":747,"label":"Syndicate"}],"location":[{"value":188,"label":"Groningen"}],"product_cat":[{"value":27,"label":"Geen categorie"}]},"featured_image_src_large":["https:\/\/testwebsite.citygame.com\/wp-content\/blogs.dir\/1\/files\/sites\/62\/2026\/02\/players-city-game-groningen-martinikerk.jpg",1024,1024,false],"author_info":[],"comment_info":"","_links":{"self":[{"href":"https:\/\/testwebsite.citygame.com\/is\/wp-json\/wp\/v2\/product\/56580","targetHints":{"allow":["GET"]}}],"collection":[{"href":"https:\/\/testwebsite.citygame.com\/is\/wp-json\/wp\/v2\/product"}],"about":[{"href":"https:\/\/testwebsite.citygame.com\/is\/wp-json\/wp\/v2\/types\/product"}],"acf:post":[{"embeddable":true,"href":"https:\/\/testwebsite.citygame.com\/is\/wp-json\/wp\/v2\/pages\/4484"}],"wp:featuredmedia":[{"embeddable":true,"href":"https:\/\/testwebsite.citygame.com\/is\/wp-json\/wp\/v2\/media\/13712"}],"wp:attachment":[{"href":"https:\/\/testwebsite.citygame.com\/is\/wp-json\/wp\/v2\/media?parent=56580"}],"wp:term":[{"taxonomy":"game-concept","embeddable":true,"href":"https:\/\/testwebsite.citygame.com\/is\/wp-json\/wp\/v2\/game-concept?post=56580"},{"taxonomy":"location","embeddable":true,"href":"https:\/\/testwebsite.citygame.com\/is\/wp-json\/wp\/v2\/location?post=56580"},{"taxonomy":"product_brand","embeddable":true,"href":"https:\/\/testwebsite.citygame.com\/is\/wp-json\/wp\/v2\/product_brand?post=56580"},{"taxonomy":"product_cat","embeddable":true,"href":"https:\/\/testwebsite.citygame.com\/is\/wp-json\/wp\/v2\/product_cat?post=56580"},{"taxonomy":"product_tag","embeddable":true,"href":"https:\/\/testwebsite.citygame.com\/is\/wp-json\/wp\/v2\/product_tag?post=56580"}],"curies":[{"name":"wp","href":"https:\/\/api.w.org\/{rel}","templated":true}]}}