{"id":56077,"date":"2026-01-13T09:42:40","date_gmt":"2026-01-13T09:42:40","guid":{"rendered":"https:\/\/testwebsite.citygame.com\/games\/unknown-location\/secrets-of-uppsala\/"},"modified":"2026-04-07T22:04:42","modified_gmt":"2026-04-07T22:04:42","slug":"secrets-of-uppsala","status":"publish","type":"product","link":"https:\/\/testwebsite.citygame.com\/is\/games\/uppsala\/secrets-of-uppsala\/","title":{"rendered":"Secrets of Uppsala"},"content":{"rendered":"<p>Borgarleikurinn Secrets of Uppsala er sj\u00e1lfst\u00fdr\u00f0ur, GPS-kn\u00fainn leikur sem fer fram \u00ed s\u00f6gulegum mi\u00f0b\u00e6 Uppsala. Me\u00f0 \u00fev\u00ed a\u00f0 nota snjalls\u00edma rata leikmenn um borgina \u00e1 me\u00f0an \u00feeir leysa \u00ferautir, g\u00e1tur og lj\u00f3smynda\u00e1skoranir sem afhj\u00fapa falin sm\u00e1atri\u00f0i um s\u00f6gu, menningu og sta\u00f0bundin kennileiti Uppsala. \u00deessi k\u00f6nnunarleikur b\u00fd\u00f0ur upp \u00e1 einstaka lei\u00f0 til a\u00f0 uppg\u00f6tva b\u00e6\u00f0i \u00feekktar og \u00f3\u00feekktari sta\u00f0i, sem gerir hann skemmtilegan fyrir gesti jafnt sem heimamenn. Leikurinn hentar einstaklingum, p\u00f6rum, fj\u00f6lskyldum og vinah\u00f3pum og b\u00fd\u00f0ur upp \u00e1 sveigjanlega og gr\u00edpandi upplifun. Sem Borgarleikur Uppsala sameinar hann gagnvirka skemmtun og fr\u00e6\u00f0andi uppg\u00f6tvun \u00ed s\u00f6gulegum kjarna borgarinnar.<\/p>\n","protected":false},"excerpt":{"rendered":"<p>Leita\u00f0u a\u00f0 t\u00fdndum l\u00e1rvi\u00f0arkransi Gustav Vasa konungs um hellulag\u00f0ar g\u00f6tur, st\u00f3ra kastala og l\u00edflega torg. Leystu v\u00edsbendingar, afhj\u00fapa\u00f0u falda gimsteina og uppg\u00f6tva\u00f0u konunglega arfleif\u00f0 Uppsala \u00e1 hverjum sta\u00f0.<\/p>\n","protected":false},"featured_media":3565,"template":"","meta":{"_acf_changed":false,"_yoast_wpseo_focuskw":"Secrets of Uppsala","_yoast_wpseo_metadesc":"Secrets of Uppsala. Spila\u00f0u sj\u00e1lfst\u00fdr\u00f0an Borgarleik og kanna\u00f0u borgina me\u00f0 \u00ferautum, g\u00e1tum og \u00e1skorunum. Spila\u00f0u \u00e1 \u00fe\u00ednum eigin hra\u00f0a og uppg\u00f6tva\u00f0u eins og heimama\u00f0ur!","_kad_blocks_custom_css":"","_kad_blocks_head_custom_js":"","_kad_blocks_body_custom_js":"","_kad_blocks_footer_custom_js":"","ghostkit_customizer_options":"","ghostkit_custom_css":"","ghostkit_custom_js_head":"","ghostkit_custom_js_foot":"","ghostkit_typography":"","_kad_post_transparent":"default","_kad_post_title":"","_kad_post_layout":"default","_kad_post_sidebar_id":"","_kad_post_content_style":"default","_kad_post_vertical_padding":"default","_kad_post_feature":"","_kad_post_feature_position":"","_kad_post_header":false,"_kad_post_footer":false,"_kad_post_classname":"","_links_to":"","_links_to_target":""},"game-concept":[717],"location":[408],"product_brand":[],"product_cat":[27],"product_tag":[],"class_list":{"0":"post-56077","1":"product","2":"type-product","3":"status-publish","4":"has-post-thumbnail","6":"game-concept-secrets","7":"location-uppsala","8":"product_cat-geen-categorie","10":"first","11":"instock","12":"shipping-taxable","13":"purchasable","14":"product-type-simple","15":"entry","16":"content-bg","17":"loop-entry"},"acf":{"full_bokun_product_name":"Self-Guided Secrets of Uppsala Exploration Game","location_name":"Uppsala","bokun_calendar_widget_code":"<script type=\"text\/javascript\" src=\"https:\/\/widgets.bokun.io\/assets\/javascripts\/apps\/build\/BokunWidgetsLoader.js?bookingChannelUUID=a1e93e96-5232-4734-a595-28405f4b5a31\" async><\/script>\n     \n    <div class=\"bokunWidget\" data-src=\"https:\/\/widgets.bokun.io\/online-sales\/a1e93e96-5232-4734-a595-28405f4b5a31\/experience-calendar\/1071771\"><\/div>\n    <noscript>Please enable javascript in your browser to book<\/noscript>","bokun_button_widget_code":"<script type=\"text\/javascript\" src=\"https:\/\/widgets.bokun.io\/assets\/javascripts\/apps\/build\/BokunWidgetsLoader.js?bookingChannelUUID=a1e93e96-5232-4734-a595-28405f4b5a31\" async><\/script>\n      <style> #bokun_ed001e45_5927_4f62_b470_ca766338d083 { display: inline-block; padding: .4em 1em; background: #47b82e; border-radius: 999999px; box-shadow: none; font-weight: 600; font-size: 24px; text-decoration: none; text-align: center; color: #FFFFFF; border:none; cursor: pointer; transition: background .2s ease; } #bokun_ed001e45_5927_4f62_b470_ca766338d083:hover{ background: #2f7b1f; } #bokun_ed001e45_5927_4f62_b470_ca766338d083:active{ background: #378f24; } <\/style> <button class=\"bokunButton\" disabled id=bokun_ed001e45_5927_4f62_b470_ca766338d083 data-src=\"https:\/\/widgets.bokun.io\/online-sales\/a1e93e96-5232-4734-a595-28405f4b5a31\/experience-calendar\/1071771?partialView=1\" data-testid=\"widget-book-button\" > Book now <\/button> ","what_you\u2019ll_experience_during_the_game":"\u00cd Secrets of Uppsala Borgarleiknum muntu kanna borgina me\u00f0 bl\u00f6ndu af s\u00f6gum, \u00ferautum og uppg\u00f6tvunum. \u00deegar \u00fe\u00fa fylgir s\u00f6gunni muntu heims\u00e6kja b\u00e6\u00f0i fr\u00e6g kennileiti og falin horn og uppg\u00f6tva forvitnileg sm\u00e1atri\u00f0i \u00e1 lei\u00f0inni. H\u00e1punktar eru me\u00f0al annars gl\u00e6silega Uppsala D\u00f3mkirkjan, s\u00f6gulega Gunilla bjallan me\u00f0 v\u00ed\u00f0\u00e1ttumiklu \u00fats\u00fdni s\u00ednu, og Carolina Rediviva, \u00fear sem Silfur bibl\u00edan er geymd. \u00de\u00fa munt einnig fara \u00ed gegnum menningarsta\u00f0i eins og Uppsala Borgarb\u00f3kasafni\u00f0 og l\u00edflega a\u00f0altorgi\u00f0 Stora Torget, sem hvert um sig b\u00e6tir vi\u00f0 s\u00ednu lagi vi\u00f0 s\u00f6guna sem er a\u00f0 \u00fer\u00f3ast.\r\n\r\n\u00cd gegnum fer\u00f0alag \u00feitt muntu leysa g\u00e1tur, svara sta\u00f0bundnum spurningum og kl\u00e1ra skapandi lj\u00f3smynda\u00e1skoranir sem hj\u00e1lpa til vi\u00f0 a\u00f0 opna v\u00edsbendingar og vinna s\u00e9r inn stig. Hvert verkefni f\u00e6rir \u00feig n\u00e6r \u00fev\u00ed a\u00f0 leysa lokam\u00e1lsg\u00e1tuna, en v\u00edsbendingar eru \u00ed bo\u00f0i ef \u00fe\u00fa festist. Borgarleikurinn er hanna\u00f0ur til a\u00f0 vera sveigjanlegur \u2013 \u00fe\u00fa getur gert hl\u00e9 og haldi\u00f0 \u00e1fram hven\u00e6r sem \u00fe\u00e9r hentar. Fyrir keppnisli\u00f0 e\u00f0a einstaka leikmenn felur upplifunin einnig \u00ed s\u00e9r stigat\u00f6flu til a\u00f0 fylgjast me\u00f0 frammist\u00f6\u00f0u \u00feinni innan Uppsala.","how_to_play":"Eftir b\u00f3kun f\u00e6r\u00f0u t\u00f6lvup\u00f3st me\u00f0 beinum leiktengli. Far\u00f0u einfaldlega \u00e1 upphafssta\u00f0inn \u00e1 Uppsala Kastalatr\u00f6ppunum og byrja\u00f0u \u00e6vint\u00fdri\u00f0 \u00feitt \u00feegar \u00fe\u00fa ert tilb\u00fainn. Spila\u00f0u \u00e1 \u00fe\u00ednum eigin hra\u00f0a, ger\u00f0u hl\u00e9 hven\u00e6r sem \u00fe\u00fa vilt og haltu \u00e1fram s\u00ed\u00f0ar til a\u00f0 halda s\u00f6gunni \u00e1fram.","start_location":"Uppsala, Uppsala Castle Terrace","available_languages":"","players_per_group":"1-4","duration":"1.5-2 hours","image_overlay_color_image":"https:\/\/testwebsite.citygame.com\/wp-content\/blogs.dir\/1\/files\/sites\/62\/2026\/01\/SecretsColor.svg","image_overlay_game_logo":"https:\/\/testwebsite.citygame.com\/wp-content\/blogs.dir\/1\/files\/sites\/62\/2026\/01\/SecretsLogo.png","city_page":7984,"woocommerce_general_content":null},"yoast_head":"<!-- This site is optimized with the Yoast SEO Premium plugin v26.2 (Yoast SEO v26.3) - https:\/\/yoast.com\/wordpress\/plugins\/seo\/ -->\n<title>Secrets of Uppsala - City Game<\/title>\n<meta name=\"description\" content=\"Secrets of Uppsala. Spila\u00f0u sj\u00e1lfst\u00fdr\u00f0an Borgarleik og kanna\u00f0u borgina me\u00f0 \u00ferautum, g\u00e1tum og \u00e1skorunum. Spila\u00f0u \u00e1 \u00fe\u00ednum eigin hra\u00f0a og uppg\u00f6tva\u00f0u eins og heimama\u00f0ur!\" \/>\n<meta name=\"robots\" content=\"noindex, follow, max-snippet:-1, max-image-preview:large, max-video-preview:-1\" \/>\n<meta property=\"og:locale\" content=\"is_IS\" \/>\n<meta property=\"og:type\" content=\"article\" \/>\n<meta property=\"og:title\" content=\"Secrets of Uppsala\" \/>\n<meta property=\"og:description\" content=\"Secrets of Uppsala. Spila\u00f0u sj\u00e1lfst\u00fdr\u00f0an Borgarleik og kanna\u00f0u borgina me\u00f0 \u00ferautum, g\u00e1tum og \u00e1skorunum. Spila\u00f0u \u00e1 \u00fe\u00ednum eigin hra\u00f0a og uppg\u00f6tva\u00f0u eins og heimama\u00f0ur!\" \/>\n<meta property=\"og:url\" content=\"https:\/\/testwebsite.citygame.com\/is\/games\/uppsala\/secrets-of-uppsala\/\" \/>\n<meta property=\"og:site_name\" content=\"City Game\" \/>\n<meta property=\"article:publisher\" content=\"https:\/\/www.facebook.com\/profile.php?id=100086426226253\" \/>\n<meta property=\"article:modified_time\" content=\"2026-04-07T22:04:42+00:00\" \/>\n<meta property=\"og:image\" content=\"https:\/\/testwebsite.citygame.com\/wp-content\/blogs.dir\/1\/files\/sites\/62\/2026\/01\/uppsala-city-game-players-fyrisan-river-cathedral.jpg\" \/>\n\t<meta property=\"og:image:width\" content=\"1024\" \/>\n\t<meta property=\"og:image:height\" content=\"1024\" \/>\n\t<meta property=\"og:image:type\" content=\"image\/jpeg\" \/>\n<meta name=\"twitter:card\" content=\"summary_large_image\" \/>\n<meta name=\"twitter:label1\" content=\"Est. reading time\" \/>\n\t<meta name=\"twitter:data1\" content=\"1 minute\" \/>\n<script type=\"application\/ld+json\" class=\"yoast-schema-graph\">{\"@context\":\"https:\/\/schema.org\",\"@graph\":[{\"@type\":\"WebPage\",\"@id\":\"https:\/\/testwebsite.citygame.com\/is\/games\/uppsala\/secrets-of-uppsala\/\",\"url\":\"https:\/\/testwebsite.citygame.com\/is\/games\/uppsala\/secrets-of-uppsala\/\",\"name\":\"Secrets of Uppsala - City Game\",\"isPartOf\":{\"@id\":\"https:\/\/testwebsite.upevents.nl\/#website\"},\"primaryImageOfPage\":{\"@id\":\"https:\/\/testwebsite.citygame.com\/is\/games\/uppsala\/secrets-of-uppsala\/#primaryimage\"},\"image\":{\"@id\":\"https:\/\/testwebsite.citygame.com\/is\/games\/uppsala\/secrets-of-uppsala\/#primaryimage\"},\"thumbnailUrl\":\"https:\/\/testwebsite.citygame.com\/wp-content\/blogs.dir\/1\/files\/sites\/62\/2026\/01\/uppsala-city-game-players-fyrisan-river-cathedral.jpg\",\"datePublished\":\"2026-01-13T09:42:40+00:00\",\"dateModified\":\"2026-04-07T22:04:42+00:00\",\"description\":\"Secrets of Uppsala. Spila\u00f0u sj\u00e1lfst\u00fdr\u00f0an Borgarleik og kanna\u00f0u borgina me\u00f0 \u00ferautum, g\u00e1tum og \u00e1skorunum. Spila\u00f0u \u00e1 \u00fe\u00ednum eigin hra\u00f0a og uppg\u00f6tva\u00f0u eins og heimama\u00f0ur!\",\"breadcrumb\":{\"@id\":\"https:\/\/testwebsite.citygame.com\/is\/games\/uppsala\/secrets-of-uppsala\/#breadcrumb\"},\"inLanguage\":\"is\",\"potentialAction\":[{\"@type\":\"ReadAction\",\"target\":[\"https:\/\/testwebsite.citygame.com\/is\/games\/uppsala\/secrets-of-uppsala\/\"]}]},{\"@type\":\"ImageObject\",\"inLanguage\":\"is\",\"@id\":\"https:\/\/testwebsite.citygame.com\/is\/games\/uppsala\/secrets-of-uppsala\/#primaryimage\",\"url\":\"https:\/\/testwebsite.citygame.com\/wp-content\/blogs.dir\/1\/files\/sites\/62\/2026\/01\/uppsala-city-game-players-fyrisan-river-cathedral.jpg\",\"contentUrl\":\"https:\/\/testwebsite.citygame.com\/wp-content\/blogs.dir\/1\/files\/sites\/62\/2026\/01\/uppsala-city-game-players-fyrisan-river-cathedral.jpg\",\"width\":1024,\"height\":1024,\"caption\":\"Friends gather around a phone while playing a city game along the Fyris\u00e5n river in Uppsala.\"},{\"@type\":\"BreadcrumbList\",\"@id\":\"https:\/\/testwebsite.citygame.com\/is\/games\/uppsala\/secrets-of-uppsala\/#breadcrumb\",\"itemListElement\":[{\"@type\":\"ListItem\",\"position\":1,\"name\":\"Home\",\"item\":\"https:\/\/testwebsite.citygame.com\/is\/\"},{\"@type\":\"ListItem\",\"position\":2,\"name\":\"Shop\",\"item\":\"https:\/\/testwebsite.citygame.com\/shop\/\"},{\"@type\":\"ListItem\",\"position\":3,\"name\":\"Secrets of Uppsala\"}]},{\"@type\":\"WebSite\",\"@id\":\"https:\/\/testwebsite.upevents.nl\/#website\",\"url\":\"https:\/\/testwebsite.upevents.nl\/\",\"name\":\"City Game\",\"description\":\"\",\"publisher\":{\"@id\":\"https:\/\/testwebsite.upevents.nl\/#organization\"},\"alternateName\":\"citygame.com\",\"potentialAction\":[{\"@type\":\"SearchAction\",\"target\":{\"@type\":\"EntryPoint\",\"urlTemplate\":\"https:\/\/testwebsite.upevents.nl\/?s={search_term_string}\"},\"query-input\":{\"@type\":\"PropertyValueSpecification\",\"valueRequired\":true,\"valueName\":\"search_term_string\"}}],\"inLanguage\":\"is\"},{\"@type\":[\"Organization\",\"Place\"],\"@id\":\"https:\/\/testwebsite.upevents.nl\/#organization\",\"name\":\"City Game\",\"alternateName\":\"citygame.com\",\"url\":\"https:\/\/testwebsite.upevents.nl\/\",\"logo\":{\"@id\":\"https:\/\/testwebsite.citygame.com\/is\/games\/uppsala\/secrets-of-uppsala\/#local-main-organization-logo\"},\"image\":{\"@id\":\"https:\/\/testwebsite.citygame.com\/is\/games\/uppsala\/secrets-of-uppsala\/#local-main-organization-logo\"},\"sameAs\":[\"https:\/\/www.facebook.com\/profile.php?id=100086426226253\",\"https:\/\/www.instagram.com\/citygame_com\",\"https:\/\/www.tiktok.com\/@citygamecom\/\",\"https:\/\/www.linkedin.com\/company\/citygame-com\"],\"description\":\"Turn any city into a playground with our interactive City Games and self-guided tours. Fun, flexible, and ideal for groups and team building.\",\"telephone\":[],\"openingHoursSpecification\":[{\"@type\":\"OpeningHoursSpecification\",\"dayOfWeek\":[\"Monday\",\"Tuesday\",\"Wednesday\",\"Thursday\",\"Friday\",\"Saturday\",\"Sunday\"],\"opens\":\"09:00\",\"closes\":\"17:00\"}]},{\"@type\":\"ImageObject\",\"inLanguage\":\"is\",\"@id\":\"https:\/\/testwebsite.citygame.com\/is\/games\/uppsala\/secrets-of-uppsala\/#local-main-organization-logo\",\"url\":\"https:\/\/testwebsite.citygame.com\/wp-content\/blogs.dir\/1\/files\/sites\/62\/2025\/10\/CG_LOGO-City-Game.png\",\"contentUrl\":\"https:\/\/testwebsite.citygame.com\/wp-content\/blogs.dir\/1\/files\/sites\/62\/2025\/10\/CG_LOGO-City-Game.png\",\"width\":351,\"height\":377,\"caption\":\"City Game\"}]}<\/script>\n<!-- \/ Yoast SEO Premium plugin. -->","yoast_head_json":{"title":"Secrets of Uppsala - City Game","description":"Secrets of Uppsala. Spila\u00f0u sj\u00e1lfst\u00fdr\u00f0an Borgarleik og kanna\u00f0u borgina me\u00f0 \u00ferautum, g\u00e1tum og \u00e1skorunum. Spila\u00f0u \u00e1 \u00fe\u00ednum eigin hra\u00f0a og uppg\u00f6tva\u00f0u eins og heimama\u00f0ur!","robots":{"index":"noindex","follow":"follow","max-snippet":"max-snippet:-1","max-image-preview":"max-image-preview:large","max-video-preview":"max-video-preview:-1"},"og_locale":"is_IS","og_type":"article","og_title":"Secrets of Uppsala","og_description":"Secrets of Uppsala. Spila\u00f0u sj\u00e1lfst\u00fdr\u00f0an Borgarleik og kanna\u00f0u borgina me\u00f0 \u00ferautum, g\u00e1tum og \u00e1skorunum. Spila\u00f0u \u00e1 \u00fe\u00ednum eigin hra\u00f0a og uppg\u00f6tva\u00f0u eins og heimama\u00f0ur!","og_url":"https:\/\/testwebsite.citygame.com\/is\/games\/uppsala\/secrets-of-uppsala\/","og_site_name":"City Game","article_publisher":"https:\/\/www.facebook.com\/profile.php?id=100086426226253","article_modified_time":"2026-04-07T22:04:42+00:00","og_image":[{"width":1024,"height":1024,"url":"https:\/\/testwebsite.citygame.com\/wp-content\/blogs.dir\/1\/files\/sites\/62\/2026\/01\/uppsala-city-game-players-fyrisan-river-cathedral.jpg","type":"image\/jpeg"}],"twitter_card":"summary_large_image","twitter_misc":{"Est. reading time":"1 minute"},"schema":{"@context":"https:\/\/schema.org","@graph":[{"@type":"WebPage","@id":"https:\/\/testwebsite.citygame.com\/is\/games\/uppsala\/secrets-of-uppsala\/","url":"https:\/\/testwebsite.citygame.com\/is\/games\/uppsala\/secrets-of-uppsala\/","name":"Secrets of Uppsala - City Game","isPartOf":{"@id":"https:\/\/testwebsite.upevents.nl\/#website"},"primaryImageOfPage":{"@id":"https:\/\/testwebsite.citygame.com\/is\/games\/uppsala\/secrets-of-uppsala\/#primaryimage"},"image":{"@id":"https:\/\/testwebsite.citygame.com\/is\/games\/uppsala\/secrets-of-uppsala\/#primaryimage"},"thumbnailUrl":"https:\/\/testwebsite.citygame.com\/wp-content\/blogs.dir\/1\/files\/sites\/62\/2026\/01\/uppsala-city-game-players-fyrisan-river-cathedral.jpg","datePublished":"2026-01-13T09:42:40+00:00","dateModified":"2026-04-07T22:04:42+00:00","description":"Secrets of Uppsala. Spila\u00f0u sj\u00e1lfst\u00fdr\u00f0an Borgarleik og kanna\u00f0u borgina me\u00f0 \u00ferautum, g\u00e1tum og \u00e1skorunum. Spila\u00f0u \u00e1 \u00fe\u00ednum eigin hra\u00f0a og uppg\u00f6tva\u00f0u eins og heimama\u00f0ur!","breadcrumb":{"@id":"https:\/\/testwebsite.citygame.com\/is\/games\/uppsala\/secrets-of-uppsala\/#breadcrumb"},"inLanguage":"is","potentialAction":[{"@type":"ReadAction","target":["https:\/\/testwebsite.citygame.com\/is\/games\/uppsala\/secrets-of-uppsala\/"]}]},{"@type":"ImageObject","inLanguage":"is","@id":"https:\/\/testwebsite.citygame.com\/is\/games\/uppsala\/secrets-of-uppsala\/#primaryimage","url":"https:\/\/testwebsite.citygame.com\/wp-content\/blogs.dir\/1\/files\/sites\/62\/2026\/01\/uppsala-city-game-players-fyrisan-river-cathedral.jpg","contentUrl":"https:\/\/testwebsite.citygame.com\/wp-content\/blogs.dir\/1\/files\/sites\/62\/2026\/01\/uppsala-city-game-players-fyrisan-river-cathedral.jpg","width":1024,"height":1024,"caption":"Friends gather around a phone while playing a city game along the Fyris\u00e5n river in Uppsala."},{"@type":"BreadcrumbList","@id":"https:\/\/testwebsite.citygame.com\/is\/games\/uppsala\/secrets-of-uppsala\/#breadcrumb","itemListElement":[{"@type":"ListItem","position":1,"name":"Home","item":"https:\/\/testwebsite.citygame.com\/is\/"},{"@type":"ListItem","position":2,"name":"Shop","item":"https:\/\/testwebsite.citygame.com\/shop\/"},{"@type":"ListItem","position":3,"name":"Secrets of Uppsala"}]},{"@type":"WebSite","@id":"https:\/\/testwebsite.upevents.nl\/#website","url":"https:\/\/testwebsite.upevents.nl\/","name":"City Game","description":"","publisher":{"@id":"https:\/\/testwebsite.upevents.nl\/#organization"},"alternateName":"citygame.com","potentialAction":[{"@type":"SearchAction","target":{"@type":"EntryPoint","urlTemplate":"https:\/\/testwebsite.upevents.nl\/?s={search_term_string}"},"query-input":{"@type":"PropertyValueSpecification","valueRequired":true,"valueName":"search_term_string"}}],"inLanguage":"is"},{"@type":["Organization","Place"],"@id":"https:\/\/testwebsite.upevents.nl\/#organization","name":"City Game","alternateName":"citygame.com","url":"https:\/\/testwebsite.upevents.nl\/","logo":{"@id":"https:\/\/testwebsite.citygame.com\/is\/games\/uppsala\/secrets-of-uppsala\/#local-main-organization-logo"},"image":{"@id":"https:\/\/testwebsite.citygame.com\/is\/games\/uppsala\/secrets-of-uppsala\/#local-main-organization-logo"},"sameAs":["https:\/\/www.facebook.com\/profile.php?id=100086426226253","https:\/\/www.instagram.com\/citygame_com","https:\/\/www.tiktok.com\/@citygamecom\/","https:\/\/www.linkedin.com\/company\/citygame-com"],"description":"Turn any city into a playground with our interactive City Games and self-guided tours. Fun, flexible, and ideal for groups and team building.","telephone":[],"openingHoursSpecification":[{"@type":"OpeningHoursSpecification","dayOfWeek":["Monday","Tuesday","Wednesday","Thursday","Friday","Saturday","Sunday"],"opens":"09:00","closes":"17:00"}]},{"@type":"ImageObject","inLanguage":"is","@id":"https:\/\/testwebsite.citygame.com\/is\/games\/uppsala\/secrets-of-uppsala\/#local-main-organization-logo","url":"https:\/\/testwebsite.citygame.com\/wp-content\/blogs.dir\/1\/files\/sites\/62\/2025\/10\/CG_LOGO-City-Game.png","contentUrl":"https:\/\/testwebsite.citygame.com\/wp-content\/blogs.dir\/1\/files\/sites\/62\/2025\/10\/CG_LOGO-City-Game.png","width":351,"height":377,"caption":"City Game"}]}},"taxonomy_info":{"game-concept":[{"value":717,"label":"Secrets"}],"location":[{"value":408,"label":"Uppsala"}],"product_cat":[{"value":27,"label":"Geen categorie"}]},"featured_image_src_large":["https:\/\/testwebsite.citygame.com\/wp-content\/blogs.dir\/1\/files\/sites\/62\/2026\/01\/uppsala-city-game-players-fyrisan-river-cathedral.jpg",1024,1024,false],"author_info":[],"comment_info":"","_links":{"self":[{"href":"https:\/\/testwebsite.citygame.com\/is\/wp-json\/wp\/v2\/product\/56077","targetHints":{"allow":["GET"]}}],"collection":[{"href":"https:\/\/testwebsite.citygame.com\/is\/wp-json\/wp\/v2\/product"}],"about":[{"href":"https:\/\/testwebsite.citygame.com\/is\/wp-json\/wp\/v2\/types\/product"}],"acf:post":[{"embeddable":true,"href":"https:\/\/testwebsite.citygame.com\/is\/wp-json\/wp\/v2\/pages\/7984"}],"wp:featuredmedia":[{"embeddable":true,"href":"https:\/\/testwebsite.citygame.com\/is\/wp-json\/wp\/v2\/media\/3565"}],"wp:attachment":[{"href":"https:\/\/testwebsite.citygame.com\/is\/wp-json\/wp\/v2\/media?parent=56077"}],"wp:term":[{"taxonomy":"game-concept","embeddable":true,"href":"https:\/\/testwebsite.citygame.com\/is\/wp-json\/wp\/v2\/game-concept?post=56077"},{"taxonomy":"location","embeddable":true,"href":"https:\/\/testwebsite.citygame.com\/is\/wp-json\/wp\/v2\/location?post=56077"},{"taxonomy":"product_brand","embeddable":true,"href":"https:\/\/testwebsite.citygame.com\/is\/wp-json\/wp\/v2\/product_brand?post=56077"},{"taxonomy":"product_cat","embeddable":true,"href":"https:\/\/testwebsite.citygame.com\/is\/wp-json\/wp\/v2\/product_cat?post=56077"},{"taxonomy":"product_tag","embeddable":true,"href":"https:\/\/testwebsite.citygame.com\/is\/wp-json\/wp\/v2\/product_tag?post=56077"}],"curies":[{"name":"wp","href":"https:\/\/api.w.org\/{rel}","templated":true}]}}