{"id":55968,"date":"2026-02-04T13:21:20","date_gmt":"2026-02-04T13:21:20","guid":{"rendered":"https:\/\/testwebsite.citygame.com\/games\/unknown-location\/sherlock-holmes-enschede\/"},"modified":"2026-04-07T21:51:51","modified_gmt":"2026-04-07T21:51:51","slug":"sherlock-holmes-enschede","status":"publish","type":"product","link":"https:\/\/testwebsite.citygame.com\/is\/games\/enschede\/sherlock-holmes-enschede\/","title":{"rendered":"Sherlock Holmes Enschede"},"content":{"rendered":"<p>St\u00edg\u00f0u inn \u00ed heim Sherlock Holmes me\u00f0 \u00feessum sj\u00e1lfst\u00fdr\u00f0a, s\u00f6gudrifna mor\u00f0g\u00e1tu Borgarleik sem gerist \u00ed mi\u00f0borg Enschede. \u00deegar borgin ver\u00f0ur svi\u00f0 fl\u00f3kinnar ranns\u00f3knar muntu fylgja hr\u00edfandi s\u00f6gu\u00fer\u00e6\u00f0i sem vindur ofan af s\u00e9r \u00e1 me\u00f0an \u00fe\u00fa fer\u00f0 um g\u00f6tur hennar, safnar v\u00edsbendingum, leysir fl\u00f3knar \u00ferautir og yfirheyrir stafr\u00e6na gruna\u00f0a. Mor\u00f0 \u00e1 me\u00f0an \u00e1 Liberty Festival stendur setur svi\u00f0i\u00f0 fyrir ranns\u00f3knarfer\u00f0 \u00fe\u00edna, \u00fear sem \u00fe\u00fa upplifir spennuna \u00ed m\u00e1linu \u00e1 \u00fe\u00ednum eigin hra\u00f0a \u00ed algj\u00f6rlega yfirgripsmiklu r\u00e1\u00f0g\u00e1fu\u00e6vint\u00fdri.<\/p>\n","protected":false},"excerpt":{"rendered":"<p>St\u00edg\u00f0u inn \u00ed hugarflugsheim Sherlock Holmes og s\u00f6kktu \u00fe\u00e9r ni\u00f0ur \u00ed sj\u00e1lfst\u00fdr\u00f0a mor\u00f0g\u00e1tu sem gerist \u00ed heillandi borgarlandslagi Enschede. Leita\u00f0u a\u00f0 f\u00f6ldum v\u00edsbendingum, leystu fl\u00f3knar \u00ferautir, vinn\u00f0u sameiginlega me\u00f0 li\u00f0inu \u00fe\u00ednu og afhj\u00fapa\u00f0u leyndan sannleika dj\u00faps og fl\u00f3kinnar s\u00f6gu\u00fer\u00e1\u00f0ar \u2013 allt \u00e1 me\u00f0an klukkan tifar. Leyf\u00f0u ranns\u00f3knarleiknum a\u00f0 hefjast!<\/p>\n","protected":false},"featured_media":10224,"template":"","meta":{"_acf_changed":false,"_yoast_wpseo_focuskw":"Sherlock Holmes Enschede","_yoast_wpseo_metadesc":"Sherlock Holmes Enschede. Spila\u00f0u sj\u00e1lfst\u00fdr\u00f0an mor\u00f0g\u00e1tu Borgarleik, leystu \u00ferautir, fylgdu v\u00edsbendingum og afhj\u00fapa\u00f0u mor\u00f0ingjann \u00e1 \u00fe\u00ednum eigin hra\u00f0a!","_kad_blocks_custom_css":"","_kad_blocks_head_custom_js":"","_kad_blocks_body_custom_js":"","_kad_blocks_footer_custom_js":"","ghostkit_customizer_options":"","ghostkit_custom_css":"","ghostkit_custom_js_head":"","ghostkit_custom_js_foot":"","ghostkit_typography":"","_kad_post_transparent":"","_kad_post_title":"","_kad_post_layout":"","_kad_post_sidebar_id":"","_kad_post_content_style":"","_kad_post_vertical_padding":"","_kad_post_feature":"","_kad_post_feature_position":"","_kad_post_header":false,"_kad_post_footer":false,"_kad_post_classname":"","_links_to":"","_links_to_target":""},"game-concept":[778],"location":[157],"product_brand":[],"product_cat":[27],"product_tag":[],"class_list":{"0":"post-55968","1":"product","2":"type-product","3":"status-publish","4":"has-post-thumbnail","6":"game-concept-sherlock","7":"location-enschede","8":"product_cat-geen-categorie","10":"first","11":"instock","12":"shipping-taxable","13":"purchasable","14":"product-type-simple","15":"entry","16":"content-bg","17":"loop-entry"},"acf":{"full_bokun_product_name":"Enschede Self Guided Sherlock Holmes Murder Mystery Game","location_name":"Enschede","bokun_calendar_widget_code":"<script type=\"text\/javascript\" src=\"https:\/\/widgets.bokun.io\/assets\/javascripts\/apps\/build\/BokunWidgetsLoader.js?bookingChannelUUID=a1e93e96-5232-4734-a595-28405f4b5a31\" async><\/script>\n     \n    <div class=\"bokunWidget\" data-src=\"https:\/\/widgets.bokun.io\/online-sales\/a1e93e96-5232-4734-a595-28405f4b5a31\/experience-calendar\/730910\"><\/div>\n    <noscript>Please enable javascript in your browser to book<\/noscript>","bokun_button_widget_code":"<script type=\"text\/javascript\" src=\"https:\/\/widgets.bokun.io\/assets\/javascripts\/apps\/build\/BokunWidgetsLoader.js?bookingChannelUUID=a1e93e96-5232-4734-a595-28405f4b5a31\" async><\/script>\n      <style> #bokun_ed001e45_5927_4f62_b470_ca766338d083 { display: inline-block; padding: .4em 1em; background: #47b82e; border-radius: 999999px; box-shadow: none; font-weight: 600; font-size: 24px; text-decoration: none; text-align: center; color: #FFFFFF; border:none; cursor: pointer; transition: background .2s ease; } #bokun_ed001e45_5927_4f62_b470_ca766338d083:hover{ background: #2f7b1f; } #bokun_ed001e45_5927_4f62_b470_ca766338d083:active{ background: #378f24; } <\/style> <button class=\"bokunButton\" disabled id=bokun_ed001e45_5927_4f62_b470_ca766338d083 data-src=\"https:\/\/widgets.bokun.io\/online-sales\/a1e93e96-5232-4734-a595-28405f4b5a31\/experience-calendar\/730910?partialView=1\" data-testid=\"widget-book-button\" > Book now <\/button> ","what_you\u2019ll_experience_during_the_game":"St\u00edg\u00f0u inn \u00ed hr\u00edfandi einkasp\u00e6jaras\u00f6gu sem gerist \u00ed hjarta Enschede. Eftir \u00fev\u00ed sem r\u00e1\u00f0g\u00e1tan d\u00fdpkar fer\u00f0astu um borgina og fylgir sl\u00f3\u00f0 mor\u00f0s sem kasta\u00f0i skugga \u00e1 Liberty Festival. Hver sta\u00f0setning afhj\u00fapar n\u00fd l\u00f6g \u00ed ranns\u00f3kninni. \u00de\u00fa leitar a\u00f0 f\u00f6ldum v\u00edsbendingum, leysir krefjandi \u00ferautir og lendir \u00ed \u00f3v\u00e6ntum sn\u00faningum sem draga \u00feig lengra inn \u00ed m\u00e1li\u00f0.\n\nAllan fer\u00f0ina yfirheyrir\u00f0u stafr\u00e6na gruna\u00f0a, greinir fjarvistarvottor\u00f0 og afhj\u00fapar m\u00f3tsagnir sem reyna \u00e1 inns\u00e6i \u00feitt og r\u00f6kr\u00e9tta hugsun. Sagan vindur ofan af s\u00e9r a\u00f0 fullu \u00ed gegnum a\u00f0ger\u00f0ir \u00fe\u00ednar og heldur \u00fe\u00e9r \u00e1 kafi fr\u00e1 upphafi til enda. Athugun, \u00e1lyktun og gagnr\u00fdnin hugsun eru lykilatri\u00f0i \u00feegar \u00fe\u00fa afhj\u00fapar sannleikann \u00e1 bak vi\u00f0 gl\u00e6pinn. \u00de\u00fa getur gert hl\u00e9 \u00e1 m\u00e1linu hven\u00e6r sem er og haldi\u00f0 \u00e1fram \u00feegar \u00fe\u00fa ert tilb\u00fainn, sem gerir \u00fea\u00f0 au\u00f0velt a\u00f0 spila \u00e1 \u00fe\u00ednum eigin hra\u00f0a. Fyrir li\u00f0 b\u00e6tir samkeppnisforskot auka spennu \u00e1n \u00feess a\u00f0 draga \u00far s\u00f6gudrifinni upplifun.","how_to_play":"Spila\u00f0u einn e\u00f0a me\u00f0 vinum, fj\u00f6lskyldu e\u00f0a samstarfsf\u00f3lki \u00ed li\u00f0um allt a\u00f0 fj\u00f3rum \u00e1 hvert t\u00e6ki. Eftir b\u00f3kun f\u00e6r\u00f0u t\u00f6lvup\u00f3st me\u00f0 lei\u00f0beiningum me\u00f0 \u00f6llu sem \u00fe\u00fa \u00fearft.","start_location":"Enschede, Oude Markt","available_languages":["en","es","fr","de","it","nl"],"players_per_group":"1-4","duration":"1.5-2 hours","image_overlay_color_image":"https:\/\/testwebsite.citygame.com\/wp-content\/blogs.dir\/1\/files\/sites\/62\/2026\/01\/SherlockColor.svg","image_overlay_game_logo":"https:\/\/testwebsite.citygame.com\/wp-content\/blogs.dir\/1\/files\/sites\/62\/2026\/01\/SherlockLogo.png","city_page":4798,"woocommerce_general_content":null},"yoast_head":"<!-- This site is optimized with the Yoast SEO Premium plugin v26.2 (Yoast SEO v26.3) - https:\/\/yoast.com\/wordpress\/plugins\/seo\/ -->\n<title>Sherlock Holmes Enschede - City Game<\/title>\n<meta name=\"description\" content=\"Sherlock Holmes Enschede. Spila\u00f0u sj\u00e1lfst\u00fdr\u00f0an mor\u00f0g\u00e1tu Borgarleik, leystu \u00ferautir, fylgdu v\u00edsbendingum og afhj\u00fapa\u00f0u mor\u00f0ingjann \u00e1 \u00fe\u00ednum eigin hra\u00f0a!\" \/>\n<meta name=\"robots\" content=\"noindex, follow, max-snippet:-1, max-image-preview:large, max-video-preview:-1\" \/>\n<meta property=\"og:locale\" content=\"is_IS\" \/>\n<meta property=\"og:type\" content=\"article\" \/>\n<meta property=\"og:title\" content=\"Sherlock Holmes Enschede\" \/>\n<meta property=\"og:description\" content=\"Sherlock Holmes Enschede. Spila\u00f0u sj\u00e1lfst\u00fdr\u00f0an mor\u00f0g\u00e1tu Borgarleik, leystu \u00ferautir, fylgdu v\u00edsbendingum og afhj\u00fapa\u00f0u mor\u00f0ingjann \u00e1 \u00fe\u00ednum eigin hra\u00f0a!\" \/>\n<meta property=\"og:url\" content=\"https:\/\/testwebsite.citygame.com\/is\/games\/enschede\/sherlock-holmes-enschede\/\" \/>\n<meta property=\"og:site_name\" content=\"City Game\" \/>\n<meta property=\"article:publisher\" content=\"https:\/\/www.facebook.com\/profile.php?id=100086426226253\" \/>\n<meta property=\"article:modified_time\" content=\"2026-04-07T21:51:51+00:00\" \/>\n<meta property=\"og:image\" content=\"https:\/\/testwebsite.citygame.com\/wp-content\/blogs.dir\/1\/files\/sites\/62\/2026\/02\/woman-playing-city-game-enschede-historic-street.jpg\" \/>\n\t<meta property=\"og:image:width\" content=\"1344\" \/>\n\t<meta property=\"og:image:height\" content=\"768\" \/>\n\t<meta property=\"og:image:type\" content=\"image\/jpeg\" \/>\n<meta name=\"twitter:card\" content=\"summary_large_image\" \/>\n<script type=\"application\/ld+json\" class=\"yoast-schema-graph\">{\"@context\":\"https:\/\/schema.org\",\"@graph\":[{\"@type\":\"WebPage\",\"@id\":\"https:\/\/testwebsite.citygame.com\/is\/games\/enschede\/sherlock-holmes-enschede\/\",\"url\":\"https:\/\/testwebsite.citygame.com\/is\/games\/enschede\/sherlock-holmes-enschede\/\",\"name\":\"Sherlock Holmes Enschede - City Game\",\"isPartOf\":{\"@id\":\"https:\/\/testwebsite.upevents.nl\/#website\"},\"primaryImageOfPage\":{\"@id\":\"https:\/\/testwebsite.citygame.com\/is\/games\/enschede\/sherlock-holmes-enschede\/#primaryimage\"},\"image\":{\"@id\":\"https:\/\/testwebsite.citygame.com\/is\/games\/enschede\/sherlock-holmes-enschede\/#primaryimage\"},\"thumbnailUrl\":\"https:\/\/testwebsite.citygame.com\/wp-content\/blogs.dir\/1\/files\/sites\/62\/2026\/02\/woman-playing-city-game-enschede-historic-street.jpg\",\"datePublished\":\"2026-02-04T13:21:20+00:00\",\"dateModified\":\"2026-04-07T21:51:51+00:00\",\"description\":\"Sherlock Holmes Enschede. Spila\u00f0u sj\u00e1lfst\u00fdr\u00f0an mor\u00f0g\u00e1tu Borgarleik, leystu \u00ferautir, fylgdu v\u00edsbendingum og afhj\u00fapa\u00f0u mor\u00f0ingjann \u00e1 \u00fe\u00ednum eigin hra\u00f0a!\",\"breadcrumb\":{\"@id\":\"https:\/\/testwebsite.citygame.com\/is\/games\/enschede\/sherlock-holmes-enschede\/#breadcrumb\"},\"inLanguage\":\"is\",\"potentialAction\":[{\"@type\":\"ReadAction\",\"target\":[\"https:\/\/testwebsite.citygame.com\/is\/games\/enschede\/sherlock-holmes-enschede\/\"]}]},{\"@type\":\"ImageObject\",\"inLanguage\":\"is\",\"@id\":\"https:\/\/testwebsite.citygame.com\/is\/games\/enschede\/sherlock-holmes-enschede\/#primaryimage\",\"url\":\"https:\/\/testwebsite.citygame.com\/wp-content\/blogs.dir\/1\/files\/sites\/62\/2026\/02\/woman-playing-city-game-enschede-historic-street.jpg\",\"contentUrl\":\"https:\/\/testwebsite.citygame.com\/wp-content\/blogs.dir\/1\/files\/sites\/62\/2026\/02\/woman-playing-city-game-enschede-historic-street.jpg\",\"width\":1344,\"height\":768,\"caption\":\"A player explores a historic street in Enschede while playing a city game on her phone.\"},{\"@type\":\"BreadcrumbList\",\"@id\":\"https:\/\/testwebsite.citygame.com\/is\/games\/enschede\/sherlock-holmes-enschede\/#breadcrumb\",\"itemListElement\":[{\"@type\":\"ListItem\",\"position\":1,\"name\":\"Home\",\"item\":\"https:\/\/testwebsite.citygame.com\/is\/\"},{\"@type\":\"ListItem\",\"position\":2,\"name\":\"Shop\",\"item\":\"https:\/\/testwebsite.citygame.com\/shop\/\"},{\"@type\":\"ListItem\",\"position\":3,\"name\":\"Sherlock Holmes Enschede\"}]},{\"@type\":\"WebSite\",\"@id\":\"https:\/\/testwebsite.upevents.nl\/#website\",\"url\":\"https:\/\/testwebsite.upevents.nl\/\",\"name\":\"City Game\",\"description\":\"\",\"publisher\":{\"@id\":\"https:\/\/testwebsite.upevents.nl\/#organization\"},\"alternateName\":\"citygame.com\",\"potentialAction\":[{\"@type\":\"SearchAction\",\"target\":{\"@type\":\"EntryPoint\",\"urlTemplate\":\"https:\/\/testwebsite.upevents.nl\/?s={search_term_string}\"},\"query-input\":{\"@type\":\"PropertyValueSpecification\",\"valueRequired\":true,\"valueName\":\"search_term_string\"}}],\"inLanguage\":\"is\"},{\"@type\":[\"Organization\",\"Place\"],\"@id\":\"https:\/\/testwebsite.upevents.nl\/#organization\",\"name\":\"City Game\",\"alternateName\":\"citygame.com\",\"url\":\"https:\/\/testwebsite.upevents.nl\/\",\"logo\":{\"@id\":\"https:\/\/testwebsite.citygame.com\/is\/games\/enschede\/sherlock-holmes-enschede\/#local-main-organization-logo\"},\"image\":{\"@id\":\"https:\/\/testwebsite.citygame.com\/is\/games\/enschede\/sherlock-holmes-enschede\/#local-main-organization-logo\"},\"sameAs\":[\"https:\/\/www.facebook.com\/profile.php?id=100086426226253\",\"https:\/\/www.instagram.com\/citygame_com\",\"https:\/\/www.tiktok.com\/@citygamecom\/\",\"https:\/\/www.linkedin.com\/company\/citygame-com\"],\"description\":\"Turn any city into a playground with our interactive City Games and self-guided tours. Fun, flexible, and ideal for groups and team building.\",\"telephone\":[],\"openingHoursSpecification\":[{\"@type\":\"OpeningHoursSpecification\",\"dayOfWeek\":[\"Monday\",\"Tuesday\",\"Wednesday\",\"Thursday\",\"Friday\",\"Saturday\",\"Sunday\"],\"opens\":\"09:00\",\"closes\":\"17:00\"}]},{\"@type\":\"ImageObject\",\"inLanguage\":\"is\",\"@id\":\"https:\/\/testwebsite.citygame.com\/is\/games\/enschede\/sherlock-holmes-enschede\/#local-main-organization-logo\",\"url\":\"https:\/\/testwebsite.citygame.com\/wp-content\/blogs.dir\/1\/files\/sites\/62\/2025\/10\/CG_LOGO-City-Game.png\",\"contentUrl\":\"https:\/\/testwebsite.citygame.com\/wp-content\/blogs.dir\/1\/files\/sites\/62\/2025\/10\/CG_LOGO-City-Game.png\",\"width\":351,\"height\":377,\"caption\":\"City Game\"}]}<\/script>\n<!-- \/ Yoast SEO Premium plugin. -->","yoast_head_json":{"title":"Sherlock Holmes Enschede - City Game","description":"Sherlock Holmes Enschede. Spila\u00f0u sj\u00e1lfst\u00fdr\u00f0an mor\u00f0g\u00e1tu Borgarleik, leystu \u00ferautir, fylgdu v\u00edsbendingum og afhj\u00fapa\u00f0u mor\u00f0ingjann \u00e1 \u00fe\u00ednum eigin hra\u00f0a!","robots":{"index":"noindex","follow":"follow","max-snippet":"max-snippet:-1","max-image-preview":"max-image-preview:large","max-video-preview":"max-video-preview:-1"},"og_locale":"is_IS","og_type":"article","og_title":"Sherlock Holmes Enschede","og_description":"Sherlock Holmes Enschede. Spila\u00f0u sj\u00e1lfst\u00fdr\u00f0an mor\u00f0g\u00e1tu Borgarleik, leystu \u00ferautir, fylgdu v\u00edsbendingum og afhj\u00fapa\u00f0u mor\u00f0ingjann \u00e1 \u00fe\u00ednum eigin hra\u00f0a!","og_url":"https:\/\/testwebsite.citygame.com\/is\/games\/enschede\/sherlock-holmes-enschede\/","og_site_name":"City Game","article_publisher":"https:\/\/www.facebook.com\/profile.php?id=100086426226253","article_modified_time":"2026-04-07T21:51:51+00:00","og_image":[{"width":1344,"height":768,"url":"https:\/\/testwebsite.citygame.com\/wp-content\/blogs.dir\/1\/files\/sites\/62\/2026\/02\/woman-playing-city-game-enschede-historic-street.jpg","type":"image\/jpeg"}],"twitter_card":"summary_large_image","schema":{"@context":"https:\/\/schema.org","@graph":[{"@type":"WebPage","@id":"https:\/\/testwebsite.citygame.com\/is\/games\/enschede\/sherlock-holmes-enschede\/","url":"https:\/\/testwebsite.citygame.com\/is\/games\/enschede\/sherlock-holmes-enschede\/","name":"Sherlock Holmes Enschede - City Game","isPartOf":{"@id":"https:\/\/testwebsite.upevents.nl\/#website"},"primaryImageOfPage":{"@id":"https:\/\/testwebsite.citygame.com\/is\/games\/enschede\/sherlock-holmes-enschede\/#primaryimage"},"image":{"@id":"https:\/\/testwebsite.citygame.com\/is\/games\/enschede\/sherlock-holmes-enschede\/#primaryimage"},"thumbnailUrl":"https:\/\/testwebsite.citygame.com\/wp-content\/blogs.dir\/1\/files\/sites\/62\/2026\/02\/woman-playing-city-game-enschede-historic-street.jpg","datePublished":"2026-02-04T13:21:20+00:00","dateModified":"2026-04-07T21:51:51+00:00","description":"Sherlock Holmes Enschede. Spila\u00f0u sj\u00e1lfst\u00fdr\u00f0an mor\u00f0g\u00e1tu Borgarleik, leystu \u00ferautir, fylgdu v\u00edsbendingum og afhj\u00fapa\u00f0u mor\u00f0ingjann \u00e1 \u00fe\u00ednum eigin hra\u00f0a!","breadcrumb":{"@id":"https:\/\/testwebsite.citygame.com\/is\/games\/enschede\/sherlock-holmes-enschede\/#breadcrumb"},"inLanguage":"is","potentialAction":[{"@type":"ReadAction","target":["https:\/\/testwebsite.citygame.com\/is\/games\/enschede\/sherlock-holmes-enschede\/"]}]},{"@type":"ImageObject","inLanguage":"is","@id":"https:\/\/testwebsite.citygame.com\/is\/games\/enschede\/sherlock-holmes-enschede\/#primaryimage","url":"https:\/\/testwebsite.citygame.com\/wp-content\/blogs.dir\/1\/files\/sites\/62\/2026\/02\/woman-playing-city-game-enschede-historic-street.jpg","contentUrl":"https:\/\/testwebsite.citygame.com\/wp-content\/blogs.dir\/1\/files\/sites\/62\/2026\/02\/woman-playing-city-game-enschede-historic-street.jpg","width":1344,"height":768,"caption":"A player explores a historic street in Enschede while playing a city game on her phone."},{"@type":"BreadcrumbList","@id":"https:\/\/testwebsite.citygame.com\/is\/games\/enschede\/sherlock-holmes-enschede\/#breadcrumb","itemListElement":[{"@type":"ListItem","position":1,"name":"Home","item":"https:\/\/testwebsite.citygame.com\/is\/"},{"@type":"ListItem","position":2,"name":"Shop","item":"https:\/\/testwebsite.citygame.com\/shop\/"},{"@type":"ListItem","position":3,"name":"Sherlock Holmes Enschede"}]},{"@type":"WebSite","@id":"https:\/\/testwebsite.upevents.nl\/#website","url":"https:\/\/testwebsite.upevents.nl\/","name":"City Game","description":"","publisher":{"@id":"https:\/\/testwebsite.upevents.nl\/#organization"},"alternateName":"citygame.com","potentialAction":[{"@type":"SearchAction","target":{"@type":"EntryPoint","urlTemplate":"https:\/\/testwebsite.upevents.nl\/?s={search_term_string}"},"query-input":{"@type":"PropertyValueSpecification","valueRequired":true,"valueName":"search_term_string"}}],"inLanguage":"is"},{"@type":["Organization","Place"],"@id":"https:\/\/testwebsite.upevents.nl\/#organization","name":"City Game","alternateName":"citygame.com","url":"https:\/\/testwebsite.upevents.nl\/","logo":{"@id":"https:\/\/testwebsite.citygame.com\/is\/games\/enschede\/sherlock-holmes-enschede\/#local-main-organization-logo"},"image":{"@id":"https:\/\/testwebsite.citygame.com\/is\/games\/enschede\/sherlock-holmes-enschede\/#local-main-organization-logo"},"sameAs":["https:\/\/www.facebook.com\/profile.php?id=100086426226253","https:\/\/www.instagram.com\/citygame_com","https:\/\/www.tiktok.com\/@citygamecom\/","https:\/\/www.linkedin.com\/company\/citygame-com"],"description":"Turn any city into a playground with our interactive City Games and self-guided tours. Fun, flexible, and ideal for groups and team building.","telephone":[],"openingHoursSpecification":[{"@type":"OpeningHoursSpecification","dayOfWeek":["Monday","Tuesday","Wednesday","Thursday","Friday","Saturday","Sunday"],"opens":"09:00","closes":"17:00"}]},{"@type":"ImageObject","inLanguage":"is","@id":"https:\/\/testwebsite.citygame.com\/is\/games\/enschede\/sherlock-holmes-enschede\/#local-main-organization-logo","url":"https:\/\/testwebsite.citygame.com\/wp-content\/blogs.dir\/1\/files\/sites\/62\/2025\/10\/CG_LOGO-City-Game.png","contentUrl":"https:\/\/testwebsite.citygame.com\/wp-content\/blogs.dir\/1\/files\/sites\/62\/2025\/10\/CG_LOGO-City-Game.png","width":351,"height":377,"caption":"City Game"}]}},"taxonomy_info":{"game-concept":[{"value":778,"label":"Sherlock"}],"location":[{"value":157,"label":"Enschede"}],"product_cat":[{"value":27,"label":"Geen categorie"}]},"featured_image_src_large":["https:\/\/testwebsite.citygame.com\/wp-content\/blogs.dir\/1\/files\/sites\/62\/2026\/02\/woman-playing-city-game-enschede-historic-street-1024x585.jpg",1024,585,true],"author_info":[],"comment_info":"","_links":{"self":[{"href":"https:\/\/testwebsite.citygame.com\/is\/wp-json\/wp\/v2\/product\/55968","targetHints":{"allow":["GET"]}}],"collection":[{"href":"https:\/\/testwebsite.citygame.com\/is\/wp-json\/wp\/v2\/product"}],"about":[{"href":"https:\/\/testwebsite.citygame.com\/is\/wp-json\/wp\/v2\/types\/product"}],"acf:post":[{"embeddable":true,"href":"https:\/\/testwebsite.citygame.com\/is\/wp-json\/wp\/v2\/pages\/4798"}],"wp:featuredmedia":[{"embeddable":true,"href":"https:\/\/testwebsite.citygame.com\/is\/wp-json\/wp\/v2\/media\/10224"}],"wp:attachment":[{"href":"https:\/\/testwebsite.citygame.com\/is\/wp-json\/wp\/v2\/media?parent=55968"}],"wp:term":[{"taxonomy":"game-concept","embeddable":true,"href":"https:\/\/testwebsite.citygame.com\/is\/wp-json\/wp\/v2\/game-concept?post=55968"},{"taxonomy":"location","embeddable":true,"href":"https:\/\/testwebsite.citygame.com\/is\/wp-json\/wp\/v2\/location?post=55968"},{"taxonomy":"product_brand","embeddable":true,"href":"https:\/\/testwebsite.citygame.com\/is\/wp-json\/wp\/v2\/product_brand?post=55968"},{"taxonomy":"product_cat","embeddable":true,"href":"https:\/\/testwebsite.citygame.com\/is\/wp-json\/wp\/v2\/product_cat?post=55968"},{"taxonomy":"product_tag","embeddable":true,"href":"https:\/\/testwebsite.citygame.com\/is\/wp-json\/wp\/v2\/product_tag?post=55968"}],"curies":[{"name":"wp","href":"https:\/\/api.w.org\/{rel}","templated":true}]}}